{"id":3668,"date":"2024-09-19T10:02:28","date_gmt":"2024-09-19T10:02:28","guid":{"rendered":"https:\/\/legitgrams.com\/?post_type=product&#038;p=3668"},"modified":"2025-01-13T09:45:44","modified_gmt":"2025-01-13T09:45:44","slug":"black-cherry-soda-marijuana-strain","status":"publish","type":"product","link":"https:\/\/legitgrams.com\/fr\/produit\/black-cherry-soda-marijuana-strain\/","title":{"rendered":"Souche de marijuana Black Cherry Soda"},"content":{"rendered":"<h2>Achetez la vari\u00e9t\u00e9 de cannabis Black Cherry Soda en ligne<\/h2>\n<p>D\u00e9couvrez la saveur d\u00e9licieusement sucr\u00e9e et fruit\u00e9e de la <a href=\"https:\/\/legitgrams.com\/fr\/produit\/black-cherry-soda-marijuana-strain\/\">Soda \u00e0 la cerise noire<\/a> Variation. Profitez des merveilleux parfums d'agrumes, de pin moulu et de terp\u00e8nes v\u00e9g\u00e9taux ardents \u00e0 chaque fois que vous fumez. Respect\u00e9 pour sa teneur en THC de 30 %, son look \u00e9poustouflant et sa g\u00e9n\u00e9tique sup\u00e9rieure. Les meilleurs aspects de l'Airborne G13, Cherry AK-47, Ortega et Blackberry ont \u00e9t\u00e9 conserv\u00e9s. Black Cherry Soda a des pousses vertes brillantes avec des nuances violettes et de fins poils d'amande. En raison de ses propri\u00e9t\u00e9s relaxantes, c'est un choix fantastique pour fumer de la marijuana pendant la journ\u00e9e ou pour sortir avec des amis. <a href=\"https:\/\/legitgrams.com\/fr\/\">LegitGrams<\/a><\/p>\n<p>Achetez la vari\u00e9t\u00e9 de cannabis Black Cherry Soda en ligne : Achetez du cannabis Cherry Soda, achetez la vari\u00e9t\u00e9 de cannabis Black Cherry Soda, achetez du cannabis Black Cherry Soda en ligne O\u00f9 trouver la vari\u00e9t\u00e9 de marijuana Black Cherry Soda ?<\/p>\n<p>Soda \u00e0 la cerise noire <a href=\"https:\/\/en.wikipedia.org\/wiki\/Cannabis_strain\">Vari\u00e9t\u00e9 de cannabis<\/a> est disponible \u00e0 l'achat, o\u00f9 l'acheter en ligne et o\u00f9 l'acheter aux \u00c9tats-Unis, au Canada et au Royaume-Uni. Il peut \u00eatre achet\u00e9 en ligne, aupr\u00e8s de fournisseurs, et il sera livr\u00e9 en toute s\u00e9curit\u00e9. La vari\u00e9t\u00e9 de marijuana Black Cherry Soda est toujours disponible. De plus, vous pouvez apprendre comment le commander en ligne, s'il est l\u00e9gal au Canada et s'il est l\u00e9gal aux \u00c9tats-Unis.<\/p>","protected":false},"excerpt":{"rendered":"<p>Purchase Black Cherry Soda Cannabis Strain Online Discover the deliciously sweet and fruity flavor of the Black Cherry Soda variation. Enjoy the wonderful scents of citrus fruits, ground pine, and fiery herbal terpenes each time you smoke. Respected for its 30% THC content, stunning look, and superior genetics. The best aspects of the Airborne G13, &hellip;<\/p>\n<p class=\"read-more\"> <a class=\"\" href=\"https:\/\/legitgrams.com\/fr\/produit\/black-cherry-soda-marijuana-strain\/\"> <span class=\"screen-reader-text\">Souche de marijuana Black Cherry Soda<\/span> Lire la suite \"<\/a><\/p>","protected":false},"featured_media":5397,"comment_status":"open","ping_status":"closed","template":"","meta":{"_uag_custom_page_level_css":"","site-sidebar-layout":"default","site-content-layout":"default","ast-global-header-display":"","ast-main-header-display":"","ast-hfb-above-header-display":"","ast-hfb-below-header-display":"","ast-hfb-mobile-header-display":"","site-post-title":"","ast-breadcrumbs-content":"","ast-featured-img":"","footer-sml-layout":"","theme-transparent-header-meta":"default","adv-header-id-meta":"","stick-header-meta":"default","header-above-stick-meta":"","header-main-stick-meta":"","header-below-stick-meta":"","_joinchat":[]},"product_brand":[],"product_cat":[607],"product_tag":[5591,5581,5572,5576,5575,5583,5574,5584,5586,5593,5594,5592,5589,617,5573,5588,5585,5580,5578,5590,5587,625,5579,5582,5577],"class_list":{"0":"post-3668","1":"product","2":"type-product","3":"status-publish","4":"has-post-thumbnail","6":"product_cat-marijuana-cannabis","7":"product_tag-best-cheap-price-black-cherry-soda-marijuana-strain","8":"product_tag-best-place-to-buy-black-cherry-soda-marijuana-strain","9":"product_tag-black-cherry-soda-marijuana-strain","10":"product_tag-black-cherry-soda-marijuana-strain-black-cherry-soda-marijuana-strain-supplier","11":"product_tag-black-cherry-soda-marijuana-strain-for-sale","12":"product_tag-black-cherry-soda-marijuana-strain-legally","13":"product_tag-black-cherry-soda-marijuana-strain-online","14":"product_tag-black-cherry-soda-marijuana-strain-price","15":"product_tag-black-cherry-soda-marijuana-strain-store","16":"product_tag-black-cherry-soda-marijuana-strain-use","17":"product_tag-black-cherry-soda-marijuana-strain-wiki","18":"product_tag-black-cherry-soda-marijuana-strain-worldwide","19":"product_tag-black-cherry-soda-marijuana-strains","20":"product_tag-bulk-online","21":"product_tag-buy-black-cherry-soda-marijuana-strain","22":"product_tag-cheap-black-cherry-soda-marijuana-strain","23":"product_tag-high-quality-black-cherry-soda-marijuana-strain","24":"product_tag-how-to-buy-black-cherry-soda-marijuana-strain","25":"product_tag-order-black-cherry-soda-marijuana-strain","26":"product_tag-purcharse-black-cherry-soda-marijuana-strain","27":"product_tag-shop-black-cherry-soda-marijuana-strain","28":"product_tag-top-quality","29":"product_tag-where-to-buy-black-cherry-soda-marijuana-strain","30":"product_tag-where-to-order-black-cherry-soda-marijuana-strain","31":"product_tag-wholesale-black-cherry-soda-marijuana-strain","32":"desktop-align-left","33":"tablet-align-left","34":"mobile-align-left","35":"ast-product-gallery-layout-horizontal","36":"ast-product-gallery-with-no-image","37":"ast-product-single-variable","38":"ast-product-tabs-layout-horizontal","39":"ast-qv-on-image","41":"first","42":"instock","43":"shipping-taxable","44":"purchasable","45":"product-type-variable"},"yoast_head":"<!-- This site is optimized with the Yoast SEO plugin v25.9 - https:\/\/yoast.com\/wordpress\/plugins\/seo\/ -->\n<title>Get Black Cherry Soda Marijuana Strain for Sale Online<\/title>\n<meta name=\"description\" content=\"If you wish to buy black cherry soda marijuana online, our online Legitgrams store can help. We have black cherry soda marijuana strain for sale at the best price here. Order Now!\" \/>\n<meta name=\"robots\" content=\"index, follow, max-snippet:-1, max-image-preview:large, max-video-preview:-1\" \/>\n<link rel=\"canonical\" href=\"https:\/\/legitgrams.com\/fr\/produit\/black-cherry-soda-marijuana-strain\/\" \/>\n<meta property=\"og:locale\" content=\"fr_FR\" \/>\n<meta property=\"og:type\" content=\"article\" \/>\n<meta property=\"og:title\" content=\"Get Black Cherry Soda Marijuana Strain for Sale Online\" \/>\n<meta property=\"og:description\" content=\"If you wish to buy black cherry soda marijuana online, our online Legitgrams store can help. We have black cherry soda marijuana strain for sale at the best price here. Order Now!\" \/>\n<meta property=\"og:url\" content=\"https:\/\/legitgrams.com\/fr\/produit\/black-cherry-soda-marijuana-strain\/\" \/>\n<meta property=\"og:site_name\" content=\"Legit Grams\" \/>\n<meta property=\"article:modified_time\" content=\"2025-01-13T09:45:44+00:00\" \/>\n<meta property=\"og:image\" content=\"https:\/\/legitgrams.com\/wp-content\/uploads\/2024\/09\/Buy-Black-Cherry-Soda-Marijuana-Strain-Online.jpg\" \/>\n\t<meta property=\"og:image:width\" content=\"600\" \/>\n\t<meta property=\"og:image:height\" content=\"600\" \/>\n\t<meta property=\"og:image:type\" content=\"image\/jpeg\" \/>\n<meta name=\"twitter:card\" content=\"summary_large_image\" \/>\n<meta name=\"twitter:label1\" content=\"Dur\u00e9e de lecture est.\" \/>\n\t<meta name=\"twitter:data1\" content=\"2 minutes\" \/>\n<script type=\"application\/ld+json\" class=\"yoast-schema-graph\">{\"@context\":\"https:\/\/schema.org\",\"@graph\":[{\"@type\":\"WebPage\",\"@id\":\"https:\/\/legitgrams.com\/product\/black-cherry-soda-marijuana-strain\/\",\"url\":\"https:\/\/legitgrams.com\/product\/black-cherry-soda-marijuana-strain\/\",\"name\":\"Get Black Cherry Soda Marijuana Strain for Sale Online\",\"isPartOf\":{\"@id\":\"https:\/\/legitgrams.com\/#website\"},\"primaryImageOfPage\":{\"@id\":\"https:\/\/legitgrams.com\/product\/black-cherry-soda-marijuana-strain\/#primaryimage\"},\"image\":{\"@id\":\"https:\/\/legitgrams.com\/product\/black-cherry-soda-marijuana-strain\/#primaryimage\"},\"thumbnailUrl\":\"https:\/\/legitgrams.com\/wp-content\/uploads\/2024\/09\/Buy-Black-Cherry-Soda-Marijuana-Strain-Online.jpg\",\"datePublished\":\"2024-09-19T10:02:28+00:00\",\"dateModified\":\"2025-01-13T09:45:44+00:00\",\"description\":\"If you wish to buy black cherry soda marijuana online, our online Legitgrams store can help. We have black cherry soda marijuana strain for sale at the best price here. Order Now!\",\"breadcrumb\":{\"@id\":\"https:\/\/legitgrams.com\/product\/black-cherry-soda-marijuana-strain\/#breadcrumb\"},\"inLanguage\":\"fr-BE\",\"potentialAction\":[{\"@type\":\"ReadAction\",\"target\":[\"https:\/\/legitgrams.com\/product\/black-cherry-soda-marijuana-strain\/\"]}]},{\"@type\":\"ImageObject\",\"inLanguage\":\"fr-BE\",\"@id\":\"https:\/\/legitgrams.com\/product\/black-cherry-soda-marijuana-strain\/#primaryimage\",\"url\":\"https:\/\/legitgrams.com\/wp-content\/uploads\/2024\/09\/Buy-Black-Cherry-Soda-Marijuana-Strain-Online.jpg\",\"contentUrl\":\"https:\/\/legitgrams.com\/wp-content\/uploads\/2024\/09\/Buy-Black-Cherry-Soda-Marijuana-Strain-Online.jpg\",\"width\":600,\"height\":600,\"caption\":\"Buy-Black-Cherry-Soda-Marijuana-Strain-Online\"},{\"@type\":\"BreadcrumbList\",\"@id\":\"https:\/\/legitgrams.com\/product\/black-cherry-soda-marijuana-strain\/#breadcrumb\",\"itemListElement\":[{\"@type\":\"ListItem\",\"position\":1,\"name\":\"Home\",\"item\":\"https:\/\/legitgrams.com\/\"},{\"@type\":\"ListItem\",\"position\":2,\"name\":\"Shop\",\"item\":\"https:\/\/legitgrams.com\/shop\/\"},{\"@type\":\"ListItem\",\"position\":3,\"name\":\"Black Cherry Soda Marijuana Strain\"}]},{\"@type\":\"WebSite\",\"@id\":\"https:\/\/legitgrams.com\/#website\",\"url\":\"https:\/\/legitgrams.com\/\",\"name\":\"Legit Grams\",\"description\":\"My WordPress Blog\",\"publisher\":{\"@id\":\"https:\/\/legitgrams.com\/#organization\"},\"potentialAction\":[{\"@type\":\"SearchAction\",\"target\":{\"@type\":\"EntryPoint\",\"urlTemplate\":\"https:\/\/legitgrams.com\/?s={search_term_string}\"},\"query-input\":{\"@type\":\"PropertyValueSpecification\",\"valueRequired\":true,\"valueName\":\"search_term_string\"}}],\"inLanguage\":\"fr-BE\"},{\"@type\":\"Organization\",\"@id\":\"https:\/\/legitgrams.com\/#organization\",\"name\":\"Legit Grams\",\"url\":\"https:\/\/legitgrams.com\/\",\"logo\":{\"@type\":\"ImageObject\",\"inLanguage\":\"fr-BE\",\"@id\":\"https:\/\/legitgrams.com\/#\/schema\/logo\/image\/\",\"url\":\"https:\/\/legitgrams.com\/wp-content\/uploads\/2024\/09\/main-logo.png\",\"contentUrl\":\"https:\/\/legitgrams.com\/wp-content\/uploads\/2024\/09\/main-logo.png\",\"width\":270,\"height\":75,\"caption\":\"Legit Grams\"},\"image\":{\"@id\":\"https:\/\/legitgrams.com\/#\/schema\/logo\/image\/\"}}]}<\/script>\n<!-- \/ Yoast SEO plugin. -->","yoast_head_json":{"title":"Get Black Cherry Soda Marijuana Strain for Sale Online","description":"Si vous souhaitez acheter de la marijuana black cherry soda en ligne, notre boutique en ligne Legitgrams peut vous aider. Nous avons la vari\u00e9t\u00e9 de marijuana black cherry soda \u00e0 vendre au meilleur prix ici. Commandez maintenant !","robots":{"index":"index","follow":"follow","max-snippet":"max-snippet:-1","max-image-preview":"max-image-preview:large","max-video-preview":"max-video-preview:-1"},"canonical":"https:\/\/legitgrams.com\/fr\/produit\/black-cherry-soda-marijuana-strain\/","og_locale":"fr_FR","og_type":"article","og_title":"Get Black Cherry Soda Marijuana Strain for Sale Online","og_description":"If you wish to buy black cherry soda marijuana online, our online Legitgrams store can help. We have black cherry soda marijuana strain for sale at the best price here. Order Now!","og_url":"https:\/\/legitgrams.com\/fr\/produit\/black-cherry-soda-marijuana-strain\/","og_site_name":"Legit Grams","article_modified_time":"2025-01-13T09:45:44+00:00","og_image":[{"width":600,"height":600,"url":"https:\/\/legitgrams.com\/wp-content\/uploads\/2024\/09\/Buy-Black-Cherry-Soda-Marijuana-Strain-Online.jpg","type":"image\/jpeg"}],"twitter_card":"summary_large_image","twitter_misc":{"Dur\u00e9e de lecture est.":"2 minutes"},"schema":{"@context":"https:\/\/schema.org","@graph":[{"@type":"WebPage","@id":"https:\/\/legitgrams.com\/product\/black-cherry-soda-marijuana-strain\/","url":"https:\/\/legitgrams.com\/product\/black-cherry-soda-marijuana-strain\/","name":"Get Black Cherry Soda Marijuana Strain for Sale Online","isPartOf":{"@id":"https:\/\/legitgrams.com\/#website"},"primaryImageOfPage":{"@id":"https:\/\/legitgrams.com\/product\/black-cherry-soda-marijuana-strain\/#primaryimage"},"image":{"@id":"https:\/\/legitgrams.com\/product\/black-cherry-soda-marijuana-strain\/#primaryimage"},"thumbnailUrl":"https:\/\/legitgrams.com\/wp-content\/uploads\/2024\/09\/Buy-Black-Cherry-Soda-Marijuana-Strain-Online.jpg","datePublished":"2024-09-19T10:02:28+00:00","dateModified":"2025-01-13T09:45:44+00:00","description":"Si vous souhaitez acheter de la marijuana black cherry soda en ligne, notre boutique en ligne Legitgrams peut vous aider. Nous avons la vari\u00e9t\u00e9 de marijuana black cherry soda \u00e0 vendre au meilleur prix ici. Commandez maintenant !","breadcrumb":{"@id":"https:\/\/legitgrams.com\/product\/black-cherry-soda-marijuana-strain\/#breadcrumb"},"inLanguage":"fr-BE","potentialAction":[{"@type":"ReadAction","target":["https:\/\/legitgrams.com\/product\/black-cherry-soda-marijuana-strain\/"]}]},{"@type":"ImageObject","inLanguage":"fr-BE","@id":"https:\/\/legitgrams.com\/product\/black-cherry-soda-marijuana-strain\/#primaryimage","url":"https:\/\/legitgrams.com\/wp-content\/uploads\/2024\/09\/Buy-Black-Cherry-Soda-Marijuana-Strain-Online.jpg","contentUrl":"https:\/\/legitgrams.com\/wp-content\/uploads\/2024\/09\/Buy-Black-Cherry-Soda-Marijuana-Strain-Online.jpg","width":600,"height":600,"caption":"Buy-Black-Cherry-Soda-Marijuana-Strain-Online"},{"@type":"BreadcrumbList","@id":"https:\/\/legitgrams.com\/product\/black-cherry-soda-marijuana-strain\/#breadcrumb","itemListElement":[{"@type":"ListItem","position":1,"name":"Home","item":"https:\/\/legitgrams.com\/"},{"@type":"ListItem","position":2,"name":"Shop","item":"https:\/\/legitgrams.com\/shop\/"},{"@type":"ListItem","position":3,"name":"Black Cherry Soda Marijuana Strain"}]},{"@type":"WebSite","@id":"https:\/\/legitgrams.com\/#website","url":"https:\/\/legitgrams.com\/","name":"Les grammes l\u00e9gitimes","description":"Mon blog WordPress","publisher":{"@id":"https:\/\/legitgrams.com\/#organization"},"potentialAction":[{"@type":"SearchAction","target":{"@type":"EntryPoint","urlTemplate":"https:\/\/legitgrams.com\/?s={search_term_string}"},"query-input":{"@type":"PropertyValueSpecification","valueRequired":true,"valueName":"search_term_string"}}],"inLanguage":"fr-BE"},{"@type":"Organization","@id":"https:\/\/legitgrams.com\/#organization","name":"Les grammes l\u00e9gitimes","url":"https:\/\/legitgrams.com\/","logo":{"@type":"ImageObject","inLanguage":"fr-BE","@id":"https:\/\/legitgrams.com\/#\/schema\/logo\/image\/","url":"https:\/\/legitgrams.com\/wp-content\/uploads\/2024\/09\/main-logo.png","contentUrl":"https:\/\/legitgrams.com\/wp-content\/uploads\/2024\/09\/main-logo.png","width":270,"height":75,"caption":"Legit Grams"},"image":{"@id":"https:\/\/legitgrams.com\/#\/schema\/logo\/image\/"}}]}},"uagb_featured_image_src":{"full":["https:\/\/legitgrams.com\/wp-content\/uploads\/2024\/09\/Buy-Black-Cherry-Soda-Marijuana-Strain-Online.jpg",600,600,false],"thumbnail":["https:\/\/legitgrams.com\/wp-content\/uploads\/2024\/09\/Buy-Black-Cherry-Soda-Marijuana-Strain-Online-150x150.jpg",150,150,true],"medium":["https:\/\/legitgrams.com\/wp-content\/uploads\/2024\/09\/Buy-Black-Cherry-Soda-Marijuana-Strain-Online-300x300.jpg",300,300,true],"medium_large":["https:\/\/legitgrams.com\/wp-content\/uploads\/2024\/09\/Buy-Black-Cherry-Soda-Marijuana-Strain-Online.jpg",600,600,false],"large":["https:\/\/legitgrams.com\/wp-content\/uploads\/2024\/09\/Buy-Black-Cherry-Soda-Marijuana-Strain-Online.jpg",600,600,false],"1536x1536":["https:\/\/legitgrams.com\/wp-content\/uploads\/2024\/09\/Buy-Black-Cherry-Soda-Marijuana-Strain-Online.jpg",600,600,false],"2048x2048":["https:\/\/legitgrams.com\/wp-content\/uploads\/2024\/09\/Buy-Black-Cherry-Soda-Marijuana-Strain-Online.jpg",600,600,false],"trp-custom-language-flag":["https:\/\/legitgrams.com\/wp-content\/uploads\/2024\/09\/Buy-Black-Cherry-Soda-Marijuana-Strain-Online-12x12.jpg",12,12,true],"woocommerce_thumbnail":["https:\/\/legitgrams.com\/wp-content\/uploads\/2024\/09\/Buy-Black-Cherry-Soda-Marijuana-Strain-Online-300x300.jpg",300,300,true],"woocommerce_single":["https:\/\/legitgrams.com\/wp-content\/uploads\/2024\/09\/Buy-Black-Cherry-Soda-Marijuana-Strain-Online.jpg",600,600,false],"woocommerce_gallery_thumbnail":["https:\/\/legitgrams.com\/wp-content\/uploads\/2024\/09\/Buy-Black-Cherry-Soda-Marijuana-Strain-Online-100x100.jpg",100,100,true]},"uagb_author_info":{"display_name":"cokeblog18","author_link":"https:\/\/legitgrams.com\/fr\/author\/"},"uagb_comment_info":0,"uagb_excerpt":"Purchase Black Cherry Soda Cannabis Strain Online Discover the deliciously sweet and fruity flavor of the Black Cherry Soda variation. Enjoy the wonderful scents of citrus fruits, ground pine, and fiery herbal terpenes each time you smoke. Respected for its 30% THC content, stunning look, and superior genetics. The best aspects of the Airborne G13,&hellip;","_links":{"self":[{"href":"https:\/\/legitgrams.com\/fr\/wp-json\/wp\/v2\/product\/3668","targetHints":{"allow":["GET"]}}],"collection":[{"href":"https:\/\/legitgrams.com\/fr\/wp-json\/wp\/v2\/product"}],"about":[{"href":"https:\/\/legitgrams.com\/fr\/wp-json\/wp\/v2\/types\/product"}],"replies":[{"embeddable":true,"href":"https:\/\/legitgrams.com\/fr\/wp-json\/wp\/v2\/comments?post=3668"}],"wp:featuredmedia":[{"embeddable":true,"href":"https:\/\/legitgrams.com\/fr\/wp-json\/wp\/v2\/media\/5397"}],"wp:attachment":[{"href":"https:\/\/legitgrams.com\/fr\/wp-json\/wp\/v2\/media?parent=3668"}],"wp:term":[{"taxonomy":"product_brand","embeddable":true,"href":"https:\/\/legitgrams.com\/fr\/wp-json\/wp\/v2\/product_brand?post=3668"},{"taxonomy":"product_cat","embeddable":true,"href":"https:\/\/legitgrams.com\/fr\/wp-json\/wp\/v2\/product_cat?post=3668"},{"taxonomy":"product_tag","embeddable":true,"href":"https:\/\/legitgrams.com\/fr\/wp-json\/wp\/v2\/product_tag?post=3668"}],"curies":[{"name":"wp","href":"https:\/\/api.w.org\/{rel}","templated":true}]}}