{"id":3748,"date":"2024-09-19T12:02:00","date_gmt":"2024-09-19T12:02:00","guid":{"rendered":"https:\/\/legitgrams.com\/?post_type=product&#038;p=3748"},"modified":"2025-01-14T07:45:40","modified_gmt":"2025-01-14T07:45:40","slug":"lherbe-de-moucheron-au-citron","status":"publish","type":"product","link":"https:\/\/legitgrams.com\/fr\/produit\/lherbe-de-moucheron-au-citron\/","title":{"rendered":"Lemon Skunk Weed"},"content":{"rendered":"<h2>Achats de Lemon Skunk Weed en ligne<\/h2>\n<p>L'\u00e9quipe renomm\u00e9e derri\u00e8re plus de 125 autres souches, DNA Genetics, OG et <a href=\"https:\/\/legitgrams.com\/fr\/produit\/lherbe-de-moucheron-au-citron\/\">Moufette au citron<\/a>, a d\u00e9velopp\u00e9 la vari\u00e9t\u00e9 sativa prim\u00e9e. M\u00eame si cette histoire g\u00e9n\u00e9tique peut sembler non sp\u00e9cifique, DNA Genetics est connue pour s\u00e9lectionner deux pi\u00e8ces ph\u00e9notypiques distinctes de Skunk pour leur saveur et leur go\u00fbt d'agrumes forts, puis croiser les deux pour cr\u00e9er cette ou ces deux s\u00e9quences. Elle a remport\u00e9 de nombreux prix, dont la premi\u00e8re place \u00e0 la Highlife Cup 2007 et \u00e0 la Cannabis Cannabis Champions Cup 2008, pour sa saveur de citron douce et revigorante. Comme de nombreuses autres vari\u00e9t\u00e9s \u00e0 succ\u00e8s dans le pass\u00e9, Lemon Skunk de DNA Genetics a d\u00e9velopp\u00e9 une client\u00e8le fid\u00e8le et est disponible dans de nombreuses pharmacies et caf\u00e9s. \u00catre le leader mondial devient vraiment difficile. Il est remarquable que la Lemon Skunk ait moins de 1 % de CBD en moyenne et un pourcentage remarquablement \u00e9lev\u00e9 de THC satival, allant d'environ 15 \u00e0 22 %. La hauteur de cette vari\u00e9t\u00e9 est fr\u00e9quemment compar\u00e9e \u00e0 celle du Laughing Buddha et de nombreuses autres vari\u00e9t\u00e9s sativa joyeuses et exaltantes par les consommateurs. Elle est g\u00e9n\u00e9ralement caract\u00e9ris\u00e9e comme tr\u00e8s intelligente et enivrante. Parce qu\u2019elle vous donne force, enthousiasme et motivation, la Lemon Skunk est une excellente vari\u00e9t\u00e9 \u00e0 consommer l\u2019apr\u00e8s-midi ou apr\u00e8s le travail. Comme d\u2019autres fleurs sativa, la Lemon Skunk est plus efficace lorsqu\u2019elle est utilis\u00e9e pour traiter la d\u00e9pression, le stress, l\u2019anxi\u00e9t\u00e9 et la fatigue. Le parfum unique de la Lemon Skunk provient du puissant diesel de son origine Skunk, mais sa d\u00e9licieuse saveur est d\u00e9finie par des notes d\u2019agrumes acidul\u00e9es et rafra\u00eechissantes. Lorsqu\u2019elles sont combin\u00e9es, ces deux saveurs cr\u00e9ent un caract\u00e8re unique de terp\u00e8nes. <a href=\"https:\/\/legitgrams.com\/fr\/\">LegitGrams<\/a><\/p>\n<h3>ar\u00f4me presque identique \u00e0 celui d'un v\u00e9ritable citron.<\/h3>\n<p>Acheter <a href=\"https:\/\/en.wikipedia.org\/wiki\/Skunk_weed\">Lemon Skunk Weed<\/a> En ligne En ligne \u2013 Acheter Lemon Skunk Weed, Acheter Lemon Skunk Weed, Acheter Skunk Weed en ligne, O\u00f9 acheter Lemon Skunk Weed, Acheter Lemon Skunk Weed, Acheter Lemon Skunk Weed aux \u00c9tats-Unis, au Canada, au Royaume-Uni, Acheter, En ligne, Fournisseurs, Livraison s\u00e9curis\u00e9e, Il est toujours possible d'acheter Lemon Skunk Weed en ligne, de savoir si c'est l\u00e9gal au Canada et de savoir si c'est l\u00e9gal aux \u00c9tats-Unis.<\/p>\n<h2><\/h2>\n<h2><\/h2>\n<h2><\/h2>\n<h2><\/h2>\n<h2><\/h2>\n<h2><\/h2>\n<h2><\/h2>\n<p>&nbsp;<\/p>","protected":false},"excerpt":{"rendered":"<p>Purchases of Lemon Skunk Weed Online The renowned team behind more than 125 other strains, DNA Genetics, OG, and Lemon Skunk, developed the award-winning sativa strain. Even though this genetic history may seem non-specific, DNA Genetics has been known to select two distinct Skunk phenotypic pieces for their strong citrus flavor and taste, then cross &hellip;<\/p>\n<p class=\"read-more\"> <a class=\"\" href=\"https:\/\/legitgrams.com\/fr\/produit\/lherbe-de-moucheron-au-citron\/\"> <span class=\"screen-reader-text\">Lemon Skunk Weed<\/span> Lire la suite \"<\/a><\/p>","protected":false},"featured_media":5411,"comment_status":"open","ping_status":"closed","template":"","meta":{"_uag_custom_page_level_css":"","site-sidebar-layout":"default","site-content-layout":"default","ast-global-header-display":"","ast-main-header-display":"","ast-hfb-above-header-display":"","ast-hfb-below-header-display":"","ast-hfb-mobile-header-display":"","site-post-title":"","ast-breadcrumbs-content":"","ast-featured-img":"","footer-sml-layout":"","theme-transparent-header-meta":"default","adv-header-id-meta":"","stick-header-meta":"default","header-above-stick-meta":"","header-main-stick-meta":"","header-below-stick-meta":"","_joinchat":[]},"product_brand":[],"product_cat":[607],"product_tag":[5361,5351,617,5343,5358,5355,5350,5342,5345,5353,5346,5344,5354,5356,5363,5364,5362,5359,5348,5360,5357,625,5349,5352,5347],"class_list":{"0":"post-3748","1":"product","2":"type-product","3":"status-publish","4":"has-post-thumbnail","6":"product_cat-marijuana-cannabis","7":"product_tag-best-cheap-price-lemon-skunk-weed","8":"product_tag-best-place-to-buy-lemon-skunk-weed","9":"product_tag-bulk-online","10":"product_tag-buy-lemon-skunk-weed","11":"product_tag-cheap-lemon-skunk-weed","12":"product_tag-high-quality-lemon-skunk-weed","13":"product_tag-how-to-buy-lemon-skunk-weed","14":"product_tag-lemon-skunk-weed","15":"product_tag-lemon-skunk-weed-for-sale","16":"product_tag-lemon-skunk-weed-legally","17":"product_tag-lemon-skunk-weed-lemon-skunk-weed-supplier","18":"product_tag-lemon-skunk-weed-online","19":"product_tag-lemon-skunk-weed-price","20":"product_tag-lemon-skunk-weed-store","21":"product_tag-lemon-skunk-weed-use","22":"product_tag-lemon-skunk-weed-wiki","23":"product_tag-lemon-skunk-weed-worldwide","24":"product_tag-lemon-skunk-weeds","25":"product_tag-order-lemon-skunk-weed","26":"product_tag-purcharse-lemon-skunk-weed","27":"product_tag-shop-lemon-skunk-weed","28":"product_tag-top-quality","29":"product_tag-where-to-buy-lemon-skunk-weed","30":"product_tag-where-to-order-lemon-skunk-weed","31":"product_tag-wholesale-lemon-skunk-weed","32":"desktop-align-left","33":"tablet-align-left","34":"mobile-align-left","35":"ast-product-gallery-layout-horizontal","36":"ast-product-gallery-with-no-image","37":"ast-product-single-variable","38":"ast-product-tabs-layout-horizontal","39":"ast-qv-on-image","41":"first","42":"instock","43":"shipping-taxable","44":"purchasable","45":"product-type-variable"},"yoast_head":"<!-- This site is optimized with the Yoast SEO plugin v25.9 - https:\/\/yoast.com\/wordpress\/plugins\/seo\/ -->\n<title>Lemon Skunk Weed for Sale - Order Lemon Skunk Weed Online<\/title>\n<meta name=\"description\" content=\"Find premium Lemon Skunk Weed for sale at our online store, providing a secure platform to buy Lemon Skunk Weed online with ease, catering to your research needs.\" \/>\n<meta name=\"robots\" content=\"index, follow, max-snippet:-1, max-image-preview:large, max-video-preview:-1\" \/>\n<link rel=\"canonical\" href=\"https:\/\/legitgrams.com\/fr\/produit\/lherbe-de-moucheron-au-citron\/\" \/>\n<meta property=\"og:locale\" content=\"fr_FR\" \/>\n<meta property=\"og:type\" content=\"article\" \/>\n<meta property=\"og:title\" content=\"Lemon Skunk Weed for Sale - Order Lemon Skunk Weed Online\" \/>\n<meta property=\"og:description\" content=\"Find premium Lemon Skunk Weed for sale at our online store, providing a secure platform to buy Lemon Skunk Weed online with ease, catering to your research needs.\" \/>\n<meta property=\"og:url\" content=\"https:\/\/legitgrams.com\/fr\/produit\/lherbe-de-moucheron-au-citron\/\" \/>\n<meta property=\"og:site_name\" content=\"Legit Grams\" \/>\n<meta property=\"article:modified_time\" content=\"2025-01-14T07:45:40+00:00\" \/>\n<meta property=\"og:image\" content=\"https:\/\/legitgrams.com\/wp-content\/uploads\/2024\/09\/Buy-Lemon-Skunk-Weed-online.jpg\" \/>\n\t<meta property=\"og:image:width\" content=\"600\" \/>\n\t<meta property=\"og:image:height\" content=\"600\" \/>\n\t<meta property=\"og:image:type\" content=\"image\/jpeg\" \/>\n<meta name=\"twitter:card\" content=\"summary_large_image\" \/>\n<meta name=\"twitter:label1\" content=\"Dur\u00e9e de lecture est.\" \/>\n\t<meta name=\"twitter:data1\" content=\"4 minutes\" \/>\n<script type=\"application\/ld+json\" class=\"yoast-schema-graph\">{\"@context\":\"https:\/\/schema.org\",\"@graph\":[{\"@type\":\"WebPage\",\"@id\":\"https:\/\/legitgrams.com\/product\/lemon-skunk-weed\/\",\"url\":\"https:\/\/legitgrams.com\/product\/lemon-skunk-weed\/\",\"name\":\"Lemon Skunk Weed for Sale - Order Lemon Skunk Weed Online\",\"isPartOf\":{\"@id\":\"https:\/\/legitgrams.com\/#website\"},\"primaryImageOfPage\":{\"@id\":\"https:\/\/legitgrams.com\/product\/lemon-skunk-weed\/#primaryimage\"},\"image\":{\"@id\":\"https:\/\/legitgrams.com\/product\/lemon-skunk-weed\/#primaryimage\"},\"thumbnailUrl\":\"https:\/\/legitgrams.com\/wp-content\/uploads\/2024\/09\/Buy-Lemon-Skunk-Weed-online.jpg\",\"datePublished\":\"2024-09-19T12:02:00+00:00\",\"dateModified\":\"2025-01-14T07:45:40+00:00\",\"description\":\"Find premium Lemon Skunk Weed for sale at our online store, providing a secure platform to buy Lemon Skunk Weed online with ease, catering to your research needs.\",\"breadcrumb\":{\"@id\":\"https:\/\/legitgrams.com\/product\/lemon-skunk-weed\/#breadcrumb\"},\"inLanguage\":\"fr-BE\",\"potentialAction\":[{\"@type\":\"ReadAction\",\"target\":[\"https:\/\/legitgrams.com\/product\/lemon-skunk-weed\/\"]}]},{\"@type\":\"ImageObject\",\"inLanguage\":\"fr-BE\",\"@id\":\"https:\/\/legitgrams.com\/product\/lemon-skunk-weed\/#primaryimage\",\"url\":\"https:\/\/legitgrams.com\/wp-content\/uploads\/2024\/09\/Buy-Lemon-Skunk-Weed-online.jpg\",\"contentUrl\":\"https:\/\/legitgrams.com\/wp-content\/uploads\/2024\/09\/Buy-Lemon-Skunk-Weed-online.jpg\",\"width\":600,\"height\":600,\"caption\":\"Lemon Skunk Weed for Sale\"},{\"@type\":\"BreadcrumbList\",\"@id\":\"https:\/\/legitgrams.com\/product\/lemon-skunk-weed\/#breadcrumb\",\"itemListElement\":[{\"@type\":\"ListItem\",\"position\":1,\"name\":\"Home\",\"item\":\"https:\/\/legitgrams.com\/\"},{\"@type\":\"ListItem\",\"position\":2,\"name\":\"Shop\",\"item\":\"https:\/\/legitgrams.com\/shop\/\"},{\"@type\":\"ListItem\",\"position\":3,\"name\":\"Lemon Skunk Weed\"}]},{\"@type\":\"WebSite\",\"@id\":\"https:\/\/legitgrams.com\/#website\",\"url\":\"https:\/\/legitgrams.com\/\",\"name\":\"Legit Grams\",\"description\":\"My WordPress Blog\",\"publisher\":{\"@id\":\"https:\/\/legitgrams.com\/#organization\"},\"potentialAction\":[{\"@type\":\"SearchAction\",\"target\":{\"@type\":\"EntryPoint\",\"urlTemplate\":\"https:\/\/legitgrams.com\/?s={search_term_string}\"},\"query-input\":{\"@type\":\"PropertyValueSpecification\",\"valueRequired\":true,\"valueName\":\"search_term_string\"}}],\"inLanguage\":\"fr-BE\"},{\"@type\":\"Organization\",\"@id\":\"https:\/\/legitgrams.com\/#organization\",\"name\":\"Legit Grams\",\"url\":\"https:\/\/legitgrams.com\/\",\"logo\":{\"@type\":\"ImageObject\",\"inLanguage\":\"fr-BE\",\"@id\":\"https:\/\/legitgrams.com\/#\/schema\/logo\/image\/\",\"url\":\"https:\/\/legitgrams.com\/wp-content\/uploads\/2024\/09\/main-logo.png\",\"contentUrl\":\"https:\/\/legitgrams.com\/wp-content\/uploads\/2024\/09\/main-logo.png\",\"width\":270,\"height\":75,\"caption\":\"Legit Grams\"},\"image\":{\"@id\":\"https:\/\/legitgrams.com\/#\/schema\/logo\/image\/\"}}]}<\/script>\n<!-- \/ Yoast SEO plugin. -->","yoast_head_json":{"title":"Lemon Skunk Weed for Sale - Commandez Lemon Skunk Weed en ligne","description":"Trouvez de la Lemon Skunk Weed de premi\u00e8re qualit\u00e9 en vente dans notre magasin en ligne, qui fournit une plateforme s\u00e9curis\u00e9e pour acheter de la Lemon Skunk Weed en ligne avec facilit\u00e9, en r\u00e9pondant \u00e0 vos besoins de recherche.","robots":{"index":"index","follow":"follow","max-snippet":"max-snippet:-1","max-image-preview":"max-image-preview:large","max-video-preview":"max-video-preview:-1"},"canonical":"https:\/\/legitgrams.com\/fr\/produit\/lherbe-de-moucheron-au-citron\/","og_locale":"fr_FR","og_type":"article","og_title":"Lemon Skunk Weed for Sale - Order Lemon Skunk Weed Online","og_description":"Find premium Lemon Skunk Weed for sale at our online store, providing a secure platform to buy Lemon Skunk Weed online with ease, catering to your research needs.","og_url":"https:\/\/legitgrams.com\/fr\/produit\/lherbe-de-moucheron-au-citron\/","og_site_name":"Legit Grams","article_modified_time":"2025-01-14T07:45:40+00:00","og_image":[{"width":600,"height":600,"url":"https:\/\/legitgrams.com\/wp-content\/uploads\/2024\/09\/Buy-Lemon-Skunk-Weed-online.jpg","type":"image\/jpeg"}],"twitter_card":"summary_large_image","twitter_misc":{"Dur\u00e9e de lecture est.":"4 minutes"},"schema":{"@context":"https:\/\/schema.org","@graph":[{"@type":"WebPage","@id":"https:\/\/legitgrams.com\/product\/lemon-skunk-weed\/","url":"https:\/\/legitgrams.com\/product\/lemon-skunk-weed\/","name":"Lemon Skunk Weed for Sale - Commandez Lemon Skunk Weed en ligne","isPartOf":{"@id":"https:\/\/legitgrams.com\/#website"},"primaryImageOfPage":{"@id":"https:\/\/legitgrams.com\/product\/lemon-skunk-weed\/#primaryimage"},"image":{"@id":"https:\/\/legitgrams.com\/product\/lemon-skunk-weed\/#primaryimage"},"thumbnailUrl":"https:\/\/legitgrams.com\/wp-content\/uploads\/2024\/09\/Buy-Lemon-Skunk-Weed-online.jpg","datePublished":"2024-09-19T12:02:00+00:00","dateModified":"2025-01-14T07:45:40+00:00","description":"Trouvez de la Lemon Skunk Weed de premi\u00e8re qualit\u00e9 en vente dans notre magasin en ligne, qui fournit une plateforme s\u00e9curis\u00e9e pour acheter de la Lemon Skunk Weed en ligne avec facilit\u00e9, en r\u00e9pondant \u00e0 vos besoins de recherche.","breadcrumb":{"@id":"https:\/\/legitgrams.com\/product\/lemon-skunk-weed\/#breadcrumb"},"inLanguage":"fr-BE","potentialAction":[{"@type":"ReadAction","target":["https:\/\/legitgrams.com\/product\/lemon-skunk-weed\/"]}]},{"@type":"ImageObject","inLanguage":"fr-BE","@id":"https:\/\/legitgrams.com\/product\/lemon-skunk-weed\/#primaryimage","url":"https:\/\/legitgrams.com\/wp-content\/uploads\/2024\/09\/Buy-Lemon-Skunk-Weed-online.jpg","contentUrl":"https:\/\/legitgrams.com\/wp-content\/uploads\/2024\/09\/Buy-Lemon-Skunk-Weed-online.jpg","width":600,"height":600,"caption":"Lemon Skunk Weed for Sale"},{"@type":"BreadcrumbList","@id":"https:\/\/legitgrams.com\/product\/lemon-skunk-weed\/#breadcrumb","itemListElement":[{"@type":"ListItem","position":1,"name":"Home","item":"https:\/\/legitgrams.com\/"},{"@type":"ListItem","position":2,"name":"Shop","item":"https:\/\/legitgrams.com\/shop\/"},{"@type":"ListItem","position":3,"name":"Lemon Skunk Weed"}]},{"@type":"WebSite","@id":"https:\/\/legitgrams.com\/#website","url":"https:\/\/legitgrams.com\/","name":"Les grammes l\u00e9gitimes","description":"Mon blog WordPress","publisher":{"@id":"https:\/\/legitgrams.com\/#organization"},"potentialAction":[{"@type":"SearchAction","target":{"@type":"EntryPoint","urlTemplate":"https:\/\/legitgrams.com\/?s={search_term_string}"},"query-input":{"@type":"PropertyValueSpecification","valueRequired":true,"valueName":"search_term_string"}}],"inLanguage":"fr-BE"},{"@type":"Organization","@id":"https:\/\/legitgrams.com\/#organization","name":"Les grammes l\u00e9gitimes","url":"https:\/\/legitgrams.com\/","logo":{"@type":"ImageObject","inLanguage":"fr-BE","@id":"https:\/\/legitgrams.com\/#\/schema\/logo\/image\/","url":"https:\/\/legitgrams.com\/wp-content\/uploads\/2024\/09\/main-logo.png","contentUrl":"https:\/\/legitgrams.com\/wp-content\/uploads\/2024\/09\/main-logo.png","width":270,"height":75,"caption":"Legit Grams"},"image":{"@id":"https:\/\/legitgrams.com\/#\/schema\/logo\/image\/"}}]}},"uagb_featured_image_src":{"full":["https:\/\/legitgrams.com\/wp-content\/uploads\/2024\/09\/Buy-Lemon-Skunk-Weed-online.jpg",600,600,false],"thumbnail":["https:\/\/legitgrams.com\/wp-content\/uploads\/2024\/09\/Buy-Lemon-Skunk-Weed-online-150x150.jpg",150,150,true],"medium":["https:\/\/legitgrams.com\/wp-content\/uploads\/2024\/09\/Buy-Lemon-Skunk-Weed-online-300x300.jpg",300,300,true],"medium_large":["https:\/\/legitgrams.com\/wp-content\/uploads\/2024\/09\/Buy-Lemon-Skunk-Weed-online.jpg",600,600,false],"large":["https:\/\/legitgrams.com\/wp-content\/uploads\/2024\/09\/Buy-Lemon-Skunk-Weed-online.jpg",600,600,false],"1536x1536":["https:\/\/legitgrams.com\/wp-content\/uploads\/2024\/09\/Buy-Lemon-Skunk-Weed-online.jpg",600,600,false],"2048x2048":["https:\/\/legitgrams.com\/wp-content\/uploads\/2024\/09\/Buy-Lemon-Skunk-Weed-online.jpg",600,600,false],"trp-custom-language-flag":["https:\/\/legitgrams.com\/wp-content\/uploads\/2024\/09\/Buy-Lemon-Skunk-Weed-online-12x12.jpg",12,12,true],"woocommerce_thumbnail":["https:\/\/legitgrams.com\/wp-content\/uploads\/2024\/09\/Buy-Lemon-Skunk-Weed-online-300x300.jpg",300,300,true],"woocommerce_single":["https:\/\/legitgrams.com\/wp-content\/uploads\/2024\/09\/Buy-Lemon-Skunk-Weed-online.jpg",600,600,false],"woocommerce_gallery_thumbnail":["https:\/\/legitgrams.com\/wp-content\/uploads\/2024\/09\/Buy-Lemon-Skunk-Weed-online-100x100.jpg",100,100,true]},"uagb_author_info":{"display_name":"cokeblog18","author_link":"https:\/\/legitgrams.com\/fr\/author\/"},"uagb_comment_info":0,"uagb_excerpt":"Purchases of Lemon Skunk Weed Online The renowned team behind more than 125 other strains, DNA Genetics, OG, and Lemon Skunk, developed the award-winning sativa strain. Even though this genetic history may seem non-specific, DNA Genetics has been known to select two distinct Skunk phenotypic pieces for their strong citrus flavor and taste, then cross&hellip;","_links":{"self":[{"href":"https:\/\/legitgrams.com\/fr\/wp-json\/wp\/v2\/product\/3748","targetHints":{"allow":["GET"]}}],"collection":[{"href":"https:\/\/legitgrams.com\/fr\/wp-json\/wp\/v2\/product"}],"about":[{"href":"https:\/\/legitgrams.com\/fr\/wp-json\/wp\/v2\/types\/product"}],"replies":[{"embeddable":true,"href":"https:\/\/legitgrams.com\/fr\/wp-json\/wp\/v2\/comments?post=3748"}],"wp:featuredmedia":[{"embeddable":true,"href":"https:\/\/legitgrams.com\/fr\/wp-json\/wp\/v2\/media\/5411"}],"wp:attachment":[{"href":"https:\/\/legitgrams.com\/fr\/wp-json\/wp\/v2\/media?parent=3748"}],"wp:term":[{"taxonomy":"product_brand","embeddable":true,"href":"https:\/\/legitgrams.com\/fr\/wp-json\/wp\/v2\/product_brand?post=3748"},{"taxonomy":"product_cat","embeddable":true,"href":"https:\/\/legitgrams.com\/fr\/wp-json\/wp\/v2\/product_cat?post=3748"},{"taxonomy":"product_tag","embeddable":true,"href":"https:\/\/legitgrams.com\/fr\/wp-json\/wp\/v2\/product_tag?post=3748"}],"curies":[{"name":"wp","href":"https:\/\/api.w.org\/{rel}","templated":true}]}}