{"id":3755,"date":"2024-09-19T12:24:27","date_gmt":"2024-09-19T12:24:27","guid":{"rendered":"https:\/\/legitgrams.com\/?post_type=product&#038;p=3755"},"modified":"2025-01-15T05:35:04","modified_gmt":"2025-01-15T05:35:04","slug":"space-monster-marijuana","status":"publish","type":"product","link":"https:\/\/legitgrams.com\/fr\/produit\/space-monster-marijuana\/","title":{"rendered":"Monstre de l'espace Marijuana"},"content":{"rendered":"<h2>Achetez de la marijuana Space Monster en ligne<\/h2>\n<p>Achat<a href=\"https:\/\/en.wikipedia.org\/wiki\/Space_Monster\"> Space Monster Cannabis<\/a>. THC : 20% La marijuana Space Monster est un hybride dominant compos\u00e9 de 75% Indica et 25% Sativa.<\/p>\n<p>Effets : euphorique, joyeux, calmant, somnolent et stimulant.<\/p>\n<p>Rem\u00e8des potentiels pour : Douleur chronique, Inflammation, Troubles du sommeil, Tremblements, Spasmes musculaires, Chimique, Doux<\/p>\n<p>Achat <a href=\"https:\/\/legitgrams.com\/fr\/produit\/space-monster-marijuana\/\">Cannabis m\u00e9dical et r\u00e9cr\u00e9atif<\/a> Online - Purchase Cannabis, Purchase Medical and Recreational Cannabis, Purchase Recreational Cannabis Online O\u00f9 acheter du cannabis m\u00e9dical et r\u00e9cr\u00e9atif : O\u00f9 acheter du cannabis m\u00e9dical et r\u00e9cr\u00e9atif ? Acheter du cannabis m\u00e9dical en ligne : O\u00f9 acheter du cannabis m\u00e9dical en ligne ? Acheter du cannabis m\u00e9dical aux \u00c9tats-Unis, au Canada, au Royaume-Uni, acheter en ligne, fournisseurs, livraison s\u00e9curis\u00e9e, <a href=\"https:\/\/legitgrams.com\/fr\/\">LegitGrams<\/a>Le cannabis est toujours disponible pour un usage r\u00e9cr\u00e9atif et m\u00e9dical. Est-il l\u00e9gal d'acheter de la marijuana \u00e0 des fins m\u00e9dicales et r\u00e9cr\u00e9atives aux \u00c9tats-Unis ? Comment puis-je commander de la marijuana \u00e0 usage m\u00e9dical et r\u00e9cr\u00e9atif ? Le cannabis est-il l\u00e9gal au Canada pour un usage m\u00e9dical et r\u00e9cr\u00e9atif ?<\/p>","protected":false},"excerpt":{"rendered":"<p>Purchase Space Monster Marijuana online Purchase Space Monster Cannabis. THC: 20% Space Monster marijuana is a dominant hybrid that is 75% Indica and 25% Sativa. Effects: euphoric, happy, calming, drowsy, and elevating Potential Remedies for: Chronic Pain, Inflammation, Sleep Disorders, Tremors, Muscle Spasms, Chemical, Sweet Purchase Medical and Recreational Cannabis Online &#8211; Purchase Cannabis, Purchase &hellip;<\/p>\n<p class=\"read-more\"> <a class=\"\" href=\"https:\/\/legitgrams.com\/fr\/produit\/space-monster-marijuana\/\"> <span class=\"screen-reader-text\">Monstre de l'espace Marijuana<\/span> Lire la suite \"<\/a><\/p>","protected":false},"featured_media":5431,"comment_status":"open","ping_status":"closed","template":"","meta":{"_uag_custom_page_level_css":"","site-sidebar-layout":"default","site-content-layout":"default","ast-global-header-display":"","ast-main-header-display":"","ast-hfb-above-header-display":"","ast-hfb-below-header-display":"","ast-hfb-mobile-header-display":"","site-post-title":"","ast-breadcrumbs-content":"","ast-featured-img":"","footer-sml-layout":"","theme-transparent-header-meta":"default","adv-header-id-meta":"","stick-header-meta":"default","header-above-stick-meta":"","header-main-stick-meta":"","header-below-stick-meta":"","_joinchat":[]},"product_brand":[],"product_cat":[607],"product_tag":[5338,5328,617,5320,5335,5332,5327,5325,5337,5334,5319,5322,5330,5321,5331,5323,5333,5340,5341,5339,5336,625,5326,5329,5324],"class_list":{"0":"post-3755","1":"product","2":"type-product","3":"status-publish","4":"has-post-thumbnail","6":"product_cat-marijuana-cannabis","7":"product_tag-best-cheap-price-space-monster-marijuana","8":"product_tag-best-place-to-buy-space-monster-marijuana","9":"product_tag-bulk-online","10":"product_tag-buy-space-monster-marijuana","11":"product_tag-cheap-space-monster-marijuana","12":"product_tag-high-quality-space-monster-marijuana","13":"product_tag-how-to-buy-space-monster-marijuana","14":"product_tag-order-space-monster-marijuana","15":"product_tag-purcharse-space-monster-marijuana","16":"product_tag-shop-space-monster-marijuana","17":"product_tag-space-monster-marijuana","18":"product_tag-space-monster-marijuana-for-sale","19":"product_tag-space-monster-marijuana-legally","20":"product_tag-space-monster-marijuana-online","21":"product_tag-space-monster-marijuana-price","22":"product_tag-space-monster-marijuana-space-monster-marijuana-supplier","23":"product_tag-space-monster-marijuana-store","24":"product_tag-space-monster-marijuana-use","25":"product_tag-space-monster-marijuana-wiki","26":"product_tag-space-monster-marijuana-worldwide","27":"product_tag-space-monster-marijuanas","28":"product_tag-top-quality","29":"product_tag-where-to-buy-space-monster-marijuana","30":"product_tag-where-to-order-space-monster-marijuana","31":"product_tag-wholesale-space-monster-marijuana","32":"desktop-align-left","33":"tablet-align-left","34":"mobile-align-left","35":"ast-product-gallery-layout-horizontal","36":"ast-product-gallery-with-no-image","37":"ast-product-single-variable","38":"ast-product-tabs-layout-horizontal","39":"ast-qv-on-image","41":"first","42":"instock","43":"shipping-taxable","44":"purchasable","45":"product-type-variable"},"yoast_head":"<!-- This site is optimized with the Yoast SEO plugin v25.9 - https:\/\/yoast.com\/wordpress\/plugins\/seo\/ -->\n<title>Space Monster Marijuana for Sale - Buy Space Monster Marijuana<\/title>\n<meta name=\"description\" content=\"Explore our online store for space monster marijuana for sale, offering high-quality space monster marijuana online securely and embark on your research journey with confidence. Order Now!\" \/>\n<meta name=\"robots\" content=\"index, follow, max-snippet:-1, max-image-preview:large, max-video-preview:-1\" \/>\n<link rel=\"canonical\" href=\"https:\/\/legitgrams.com\/fr\/produit\/space-monster-marijuana\/\" \/>\n<meta property=\"og:locale\" content=\"fr_FR\" \/>\n<meta property=\"og:type\" content=\"article\" \/>\n<meta property=\"og:title\" content=\"Space Monster Marijuana for Sale - Buy Space Monster Marijuana\" \/>\n<meta property=\"og:description\" content=\"Explore our online store for space monster marijuana for sale, offering high-quality space monster marijuana online securely and embark on your research journey with confidence. Order Now!\" \/>\n<meta property=\"og:url\" content=\"https:\/\/legitgrams.com\/fr\/produit\/space-monster-marijuana\/\" \/>\n<meta property=\"og:site_name\" content=\"Legit Grams\" \/>\n<meta property=\"article:modified_time\" content=\"2025-01-15T05:35:04+00:00\" \/>\n<meta property=\"og:image\" content=\"https:\/\/legitgrams.com\/wp-content\/uploads\/2024\/09\/Buy-Space-Monster-Marijuana-online.jpg\" \/>\n\t<meta property=\"og:image:width\" content=\"600\" \/>\n\t<meta property=\"og:image:height\" content=\"600\" \/>\n\t<meta property=\"og:image:type\" content=\"image\/jpeg\" \/>\n<meta name=\"twitter:card\" content=\"summary_large_image\" \/>\n<meta name=\"twitter:label1\" content=\"Dur\u00e9e de lecture est.\" \/>\n\t<meta name=\"twitter:data1\" content=\"1 minute\" \/>\n<script type=\"application\/ld+json\" class=\"yoast-schema-graph\">{\"@context\":\"https:\/\/schema.org\",\"@graph\":[{\"@type\":\"WebPage\",\"@id\":\"https:\/\/legitgrams.com\/product\/space-monster-marijuana\/\",\"url\":\"https:\/\/legitgrams.com\/product\/space-monster-marijuana\/\",\"name\":\"Space Monster Marijuana for Sale - Buy Space Monster Marijuana\",\"isPartOf\":{\"@id\":\"https:\/\/legitgrams.com\/#website\"},\"primaryImageOfPage\":{\"@id\":\"https:\/\/legitgrams.com\/product\/space-monster-marijuana\/#primaryimage\"},\"image\":{\"@id\":\"https:\/\/legitgrams.com\/product\/space-monster-marijuana\/#primaryimage\"},\"thumbnailUrl\":\"https:\/\/legitgrams.com\/wp-content\/uploads\/2024\/09\/Buy-Space-Monster-Marijuana-online.jpg\",\"datePublished\":\"2024-09-19T12:24:27+00:00\",\"dateModified\":\"2025-01-15T05:35:04+00:00\",\"description\":\"Explore our online store for space monster marijuana for sale, offering high-quality space monster marijuana online securely and embark on your research journey with confidence. Order Now!\",\"breadcrumb\":{\"@id\":\"https:\/\/legitgrams.com\/product\/space-monster-marijuana\/#breadcrumb\"},\"inLanguage\":\"fr-BE\",\"potentialAction\":[{\"@type\":\"ReadAction\",\"target\":[\"https:\/\/legitgrams.com\/product\/space-monster-marijuana\/\"]}]},{\"@type\":\"ImageObject\",\"inLanguage\":\"fr-BE\",\"@id\":\"https:\/\/legitgrams.com\/product\/space-monster-marijuana\/#primaryimage\",\"url\":\"https:\/\/legitgrams.com\/wp-content\/uploads\/2024\/09\/Buy-Space-Monster-Marijuana-online.jpg\",\"contentUrl\":\"https:\/\/legitgrams.com\/wp-content\/uploads\/2024\/09\/Buy-Space-Monster-Marijuana-online.jpg\",\"width\":600,\"height\":600,\"caption\":\"Space Monster Marijuana for Sale\"},{\"@type\":\"BreadcrumbList\",\"@id\":\"https:\/\/legitgrams.com\/product\/space-monster-marijuana\/#breadcrumb\",\"itemListElement\":[{\"@type\":\"ListItem\",\"position\":1,\"name\":\"Home\",\"item\":\"https:\/\/legitgrams.com\/\"},{\"@type\":\"ListItem\",\"position\":2,\"name\":\"Shop\",\"item\":\"https:\/\/legitgrams.com\/shop\/\"},{\"@type\":\"ListItem\",\"position\":3,\"name\":\"Space Monster Marijuana\"}]},{\"@type\":\"WebSite\",\"@id\":\"https:\/\/legitgrams.com\/#website\",\"url\":\"https:\/\/legitgrams.com\/\",\"name\":\"Legit Grams\",\"description\":\"My WordPress Blog\",\"publisher\":{\"@id\":\"https:\/\/legitgrams.com\/#organization\"},\"potentialAction\":[{\"@type\":\"SearchAction\",\"target\":{\"@type\":\"EntryPoint\",\"urlTemplate\":\"https:\/\/legitgrams.com\/?s={search_term_string}\"},\"query-input\":{\"@type\":\"PropertyValueSpecification\",\"valueRequired\":true,\"valueName\":\"search_term_string\"}}],\"inLanguage\":\"fr-BE\"},{\"@type\":\"Organization\",\"@id\":\"https:\/\/legitgrams.com\/#organization\",\"name\":\"Legit Grams\",\"url\":\"https:\/\/legitgrams.com\/\",\"logo\":{\"@type\":\"ImageObject\",\"inLanguage\":\"fr-BE\",\"@id\":\"https:\/\/legitgrams.com\/#\/schema\/logo\/image\/\",\"url\":\"https:\/\/legitgrams.com\/wp-content\/uploads\/2024\/09\/main-logo.png\",\"contentUrl\":\"https:\/\/legitgrams.com\/wp-content\/uploads\/2024\/09\/main-logo.png\",\"width\":270,\"height\":75,\"caption\":\"Legit Grams\"},\"image\":{\"@id\":\"https:\/\/legitgrams.com\/#\/schema\/logo\/image\/\"}}]}<\/script>\n<!-- \/ Yoast SEO plugin. -->","yoast_head_json":{"title":"Vente de marijuana Space Monster - Acheter de la marijuana Space Monster","description":"Explorez notre magasin en ligne pour la vente de space monster marijuana, offrant de la marijuana space monster de haute qualit\u00e9 en ligne en toute s\u00e9curit\u00e9 et embarquez pour votre voyage de recherche en toute confiance. Commandez maintenant !","robots":{"index":"index","follow":"follow","max-snippet":"max-snippet:-1","max-image-preview":"max-image-preview:large","max-video-preview":"max-video-preview:-1"},"canonical":"https:\/\/legitgrams.com\/fr\/produit\/space-monster-marijuana\/","og_locale":"fr_FR","og_type":"article","og_title":"Space Monster Marijuana for Sale - Buy Space Monster Marijuana","og_description":"Explore our online store for space monster marijuana for sale, offering high-quality space monster marijuana online securely and embark on your research journey with confidence. Order Now!","og_url":"https:\/\/legitgrams.com\/fr\/produit\/space-monster-marijuana\/","og_site_name":"Legit Grams","article_modified_time":"2025-01-15T05:35:04+00:00","og_image":[{"width":600,"height":600,"url":"https:\/\/legitgrams.com\/wp-content\/uploads\/2024\/09\/Buy-Space-Monster-Marijuana-online.jpg","type":"image\/jpeg"}],"twitter_card":"summary_large_image","twitter_misc":{"Dur\u00e9e de lecture est.":"1 minute"},"schema":{"@context":"https:\/\/schema.org","@graph":[{"@type":"WebPage","@id":"https:\/\/legitgrams.com\/product\/space-monster-marijuana\/","url":"https:\/\/legitgrams.com\/product\/space-monster-marijuana\/","name":"Vente de marijuana Space Monster - Acheter de la marijuana Space Monster","isPartOf":{"@id":"https:\/\/legitgrams.com\/#website"},"primaryImageOfPage":{"@id":"https:\/\/legitgrams.com\/product\/space-monster-marijuana\/#primaryimage"},"image":{"@id":"https:\/\/legitgrams.com\/product\/space-monster-marijuana\/#primaryimage"},"thumbnailUrl":"https:\/\/legitgrams.com\/wp-content\/uploads\/2024\/09\/Buy-Space-Monster-Marijuana-online.jpg","datePublished":"2024-09-19T12:24:27+00:00","dateModified":"2025-01-15T05:35:04+00:00","description":"Explorez notre magasin en ligne pour la vente de space monster marijuana, offrant de la marijuana space monster de haute qualit\u00e9 en ligne en toute s\u00e9curit\u00e9 et embarquez pour votre voyage de recherche en toute confiance. Commandez maintenant !","breadcrumb":{"@id":"https:\/\/legitgrams.com\/product\/space-monster-marijuana\/#breadcrumb"},"inLanguage":"fr-BE","potentialAction":[{"@type":"ReadAction","target":["https:\/\/legitgrams.com\/product\/space-monster-marijuana\/"]}]},{"@type":"ImageObject","inLanguage":"fr-BE","@id":"https:\/\/legitgrams.com\/product\/space-monster-marijuana\/#primaryimage","url":"https:\/\/legitgrams.com\/wp-content\/uploads\/2024\/09\/Buy-Space-Monster-Marijuana-online.jpg","contentUrl":"https:\/\/legitgrams.com\/wp-content\/uploads\/2024\/09\/Buy-Space-Monster-Marijuana-online.jpg","width":600,"height":600,"caption":"Space Monster Marijuana for Sale"},{"@type":"BreadcrumbList","@id":"https:\/\/legitgrams.com\/product\/space-monster-marijuana\/#breadcrumb","itemListElement":[{"@type":"ListItem","position":1,"name":"Home","item":"https:\/\/legitgrams.com\/"},{"@type":"ListItem","position":2,"name":"Shop","item":"https:\/\/legitgrams.com\/shop\/"},{"@type":"ListItem","position":3,"name":"Space Monster Marijuana"}]},{"@type":"WebSite","@id":"https:\/\/legitgrams.com\/#website","url":"https:\/\/legitgrams.com\/","name":"Les grammes l\u00e9gitimes","description":"Mon blog WordPress","publisher":{"@id":"https:\/\/legitgrams.com\/#organization"},"potentialAction":[{"@type":"SearchAction","target":{"@type":"EntryPoint","urlTemplate":"https:\/\/legitgrams.com\/?s={search_term_string}"},"query-input":{"@type":"PropertyValueSpecification","valueRequired":true,"valueName":"search_term_string"}}],"inLanguage":"fr-BE"},{"@type":"Organization","@id":"https:\/\/legitgrams.com\/#organization","name":"Les grammes l\u00e9gitimes","url":"https:\/\/legitgrams.com\/","logo":{"@type":"ImageObject","inLanguage":"fr-BE","@id":"https:\/\/legitgrams.com\/#\/schema\/logo\/image\/","url":"https:\/\/legitgrams.com\/wp-content\/uploads\/2024\/09\/main-logo.png","contentUrl":"https:\/\/legitgrams.com\/wp-content\/uploads\/2024\/09\/main-logo.png","width":270,"height":75,"caption":"Legit Grams"},"image":{"@id":"https:\/\/legitgrams.com\/#\/schema\/logo\/image\/"}}]}},"uagb_featured_image_src":{"full":["https:\/\/legitgrams.com\/wp-content\/uploads\/2024\/09\/Buy-Space-Monster-Marijuana-online.jpg",600,600,false],"thumbnail":["https:\/\/legitgrams.com\/wp-content\/uploads\/2024\/09\/Buy-Space-Monster-Marijuana-online-150x150.jpg",150,150,true],"medium":["https:\/\/legitgrams.com\/wp-content\/uploads\/2024\/09\/Buy-Space-Monster-Marijuana-online-300x300.jpg",300,300,true],"medium_large":["https:\/\/legitgrams.com\/wp-content\/uploads\/2024\/09\/Buy-Space-Monster-Marijuana-online.jpg",600,600,false],"large":["https:\/\/legitgrams.com\/wp-content\/uploads\/2024\/09\/Buy-Space-Monster-Marijuana-online.jpg",600,600,false],"1536x1536":["https:\/\/legitgrams.com\/wp-content\/uploads\/2024\/09\/Buy-Space-Monster-Marijuana-online.jpg",600,600,false],"2048x2048":["https:\/\/legitgrams.com\/wp-content\/uploads\/2024\/09\/Buy-Space-Monster-Marijuana-online.jpg",600,600,false],"trp-custom-language-flag":["https:\/\/legitgrams.com\/wp-content\/uploads\/2024\/09\/Buy-Space-Monster-Marijuana-online-12x12.jpg",12,12,true],"woocommerce_thumbnail":["https:\/\/legitgrams.com\/wp-content\/uploads\/2024\/09\/Buy-Space-Monster-Marijuana-online-300x300.jpg",300,300,true],"woocommerce_single":["https:\/\/legitgrams.com\/wp-content\/uploads\/2024\/09\/Buy-Space-Monster-Marijuana-online.jpg",600,600,false],"woocommerce_gallery_thumbnail":["https:\/\/legitgrams.com\/wp-content\/uploads\/2024\/09\/Buy-Space-Monster-Marijuana-online-100x100.jpg",100,100,true]},"uagb_author_info":{"display_name":"cokeblog18","author_link":"https:\/\/legitgrams.com\/fr\/author\/"},"uagb_comment_info":0,"uagb_excerpt":"Purchase Space Monster Marijuana online Purchase Space Monster Cannabis. THC: 20% Space Monster marijuana is a dominant hybrid that is 75% Indica and 25% Sativa. Effects: euphoric, happy, calming, drowsy, and elevating Potential Remedies for: Chronic Pain, Inflammation, Sleep Disorders, Tremors, Muscle Spasms, Chemical, Sweet Purchase Medical and Recreational Cannabis Online &#8211; Purchase Cannabis, Purchase&hellip;","_links":{"self":[{"href":"https:\/\/legitgrams.com\/fr\/wp-json\/wp\/v2\/product\/3755","targetHints":{"allow":["GET"]}}],"collection":[{"href":"https:\/\/legitgrams.com\/fr\/wp-json\/wp\/v2\/product"}],"about":[{"href":"https:\/\/legitgrams.com\/fr\/wp-json\/wp\/v2\/types\/product"}],"replies":[{"embeddable":true,"href":"https:\/\/legitgrams.com\/fr\/wp-json\/wp\/v2\/comments?post=3755"}],"wp:featuredmedia":[{"embeddable":true,"href":"https:\/\/legitgrams.com\/fr\/wp-json\/wp\/v2\/media\/5431"}],"wp:attachment":[{"href":"https:\/\/legitgrams.com\/fr\/wp-json\/wp\/v2\/media?parent=3755"}],"wp:term":[{"taxonomy":"product_brand","embeddable":true,"href":"https:\/\/legitgrams.com\/fr\/wp-json\/wp\/v2\/product_brand?post=3755"},{"taxonomy":"product_cat","embeddable":true,"href":"https:\/\/legitgrams.com\/fr\/wp-json\/wp\/v2\/product_cat?post=3755"},{"taxonomy":"product_tag","embeddable":true,"href":"https:\/\/legitgrams.com\/fr\/wp-json\/wp\/v2\/product_tag?post=3755"}],"curies":[{"name":"wp","href":"https:\/\/api.w.org\/{rel}","templated":true}]}}