{"id":3766,"date":"2024-09-19T12:31:24","date_gmt":"2024-09-19T12:31:24","guid":{"rendered":"https:\/\/legitgrams.com\/?post_type=product&#038;p=3766"},"modified":"2025-01-14T10:01:36","modified_gmt":"2025-01-14T10:01:36","slug":"mimosa-aaaaa-sativa-kush","status":"publish","type":"product","link":"https:\/\/legitgrams.com\/fr\/produit\/mimosa-aaaaa-sativa-kush\/","title":{"rendered":"Mimosa (AAAAA) Sativa Kush"},"content":{"rendered":"<h2>Achetez Sativa Kush Mimosa (AAA) en ligne.<\/h2>\n<p>Hybride haut de gamme <a href=\"https:\/\/legitgrams.com\/fr\/produit\/mimosa-aaaaa-sativa-kush\/\">Mimosa AAAA<\/a> a une teneur en indica de 70 % et en sativa de 70 %. La gamme est compos\u00e9e de Clementine m\u00e9lang\u00e9e \u00e0 Purple Punch. Le profil de saveur est \u00e9tonnamment fruit\u00e9 sans \u00eatre trop sucr\u00e9. Comme cette vari\u00e9t\u00e9 est \u00e0 la fois sativa et \u00e9nergique, vous devez vous attendre \u00e0 un impact exaltant. Mimosa est na\u00efve, positive et heureuse.<\/p>\n<p>Les patients rapportent qu'il est tr\u00e8s efficace pour r\u00e9duire le stress pendant la journ\u00e9e, en particulier pour les troubles de l'humeur comme la d\u00e9pression. Il est \u00e9galement b\u00e9n\u00e9fique pour les maux de t\u00eate, les migraines et le TDAH\/TDA. <a href=\"https:\/\/legitgrams.com\/fr\/\">LegitGrams<\/a><\/p>\n<p>Vous pouvez acheter <a href=\"https:\/\/en.wikipedia.org\/wiki\/Mimosa\">Mimosa (AAAAA)<\/a> Sativa Kush en ligne. Achetez simplement Sativa Kush, achetez Mimosa (AAAAA) Sativa Kush, achetez Sativa Kush en ligne. O\u00f9 puis-je obtenir Sativa Kush Mimosa (AAAAA) en ligne ? O\u00f9 puis-je obtenir Mimosas ? (AAAAA) Kush sur Internet ? O\u00f9 puis-je obtenir Sativa Kush Mimosa (AAAAA) en ligne ? Puis-je obtenir Mimosa (AAAAA) Sativa Kush aux \u00c9tats-Unis, au Canada ou au Royaume-Uni ? O\u00f9 puis-je trouver Mimosa (AAAAA) Kush en vente en ligne ? vendeurs ? livraison s\u00e9curis\u00e9e Vous pouvez toujours obtenir le Mimosa (AAAAA) Sativa Kush. Comment puis-je obtenir Sativa Kush (Mimosa (AAAAA)) en ligne ? Est-il possible d'obtenir Mimosa (AAAAA) Sativa Kush aux \u00c9tats-Unis ? Le Canada autorise-t-il l'utilisation du Mimosa (AAAAA) Sativa Kush ?<\/p>\n<h2><\/h2>\n<p>&nbsp;<\/p>","protected":false},"excerpt":{"rendered":"<p>Purchase Sativa Kush Mimosa (AAAAA) online. Premium hybrid Mimosa AAAA has a 70% indica and 70% sativa lean. The line is Clementine blended with Purple Punch. Surprisingly fruity without being too sweet is the flavor profile. Because this strain is simultaneously sativa and energetic, you should expect an exhilarating impact. Mimosa is naive, positive, and &hellip;<\/p>\n<p class=\"read-more\"> <a class=\"\" href=\"https:\/\/legitgrams.com\/fr\/produit\/mimosa-aaaaa-sativa-kush\/\"> <span class=\"screen-reader-text\">Mimosa (AAAAA) Sativa Kush<\/span> Lire la suite \"<\/a><\/p>","protected":false},"featured_media":5413,"comment_status":"open","ping_status":"closed","template":"","meta":{"_uag_custom_page_level_css":"","site-sidebar-layout":"default","site-content-layout":"default","ast-global-header-display":"","ast-main-header-display":"","ast-hfb-above-header-display":"","ast-hfb-below-header-display":"","ast-hfb-mobile-header-display":"","site-post-title":"","ast-breadcrumbs-content":"","ast-featured-img":"","footer-sml-layout":"","theme-transparent-header-meta":"default","adv-header-id-meta":"","stick-header-meta":"default","header-above-stick-meta":"","header-main-stick-meta":"","header-below-stick-meta":"","_joinchat":[]},"product_brand":[],"product_cat":[607],"product_tag":[5315,5305,617,5297,5312,5309,5304,5296,5299,5307,5300,5298,5308,5310,5317,5318,5316,5313,5302,5314,5311,625,5303,5306,5301],"class_list":{"0":"post-3766","1":"product","2":"type-product","3":"status-publish","4":"has-post-thumbnail","6":"product_cat-marijuana-cannabis","7":"product_tag-best-cheap-price-mimosa-aaaaa-sativa-kush","8":"product_tag-best-place-to-buy-mimosa-aaaaa-sativa-kush","9":"product_tag-bulk-online","10":"product_tag-buy-mimosa-aaaaa-sativa-kush","11":"product_tag-cheap-mimosa-aaaaa-sativa-kush","12":"product_tag-high-quality-mimosa-aaaaa-sativa-kush","13":"product_tag-how-to-buy-mimosa-aaaaa-sativa-kush","14":"product_tag-mimosa-aaaaa-sativa-kush","15":"product_tag-mimosa-aaaaa-sativa-kush-for-sale","16":"product_tag-mimosa-aaaaa-sativa-kush-legally","17":"product_tag-mimosa-aaaaa-sativa-kush-mimosa-aaaaa-sativa-kush-supplier","18":"product_tag-mimosa-aaaaa-sativa-kush-online","19":"product_tag-mimosa-aaaaa-sativa-kush-price","20":"product_tag-mimosa-aaaaa-sativa-kush-store","21":"product_tag-mimosa-aaaaa-sativa-kush-use","22":"product_tag-mimosa-aaaaa-sativa-kush-wiki","23":"product_tag-mimosa-aaaaa-sativa-kush-worldwide","24":"product_tag-mimosa-aaaaa-sativa-kushs","25":"product_tag-order-mimosa-aaaaa-sativa-kush","26":"product_tag-purcharse-mimosa-aaaaa-sativa-kush","27":"product_tag-shop-mimosa-aaaaa-sativa-kush","28":"product_tag-top-quality","29":"product_tag-where-to-buy-mimosa-aaaaa-sativa-kush","30":"product_tag-where-to-order-mimosa-aaaaa-sativa-kush","31":"product_tag-wholesale-mimosa-aaaaa-sativa-kush","32":"desktop-align-left","33":"tablet-align-left","34":"mobile-align-left","35":"ast-product-gallery-layout-horizontal","36":"ast-product-gallery-with-no-image","37":"ast-product-single-variable","38":"ast-product-tabs-layout-horizontal","39":"ast-qv-on-image","41":"first","42":"instock","43":"shipping-taxable","44":"purchasable","45":"product-type-variable"},"yoast_head":"<!-- This site is optimized with the Yoast SEO plugin v25.9 - https:\/\/yoast.com\/wordpress\/plugins\/seo\/ -->\n<title>Mimosa (AAAAA) Sativa Kush for Sale - Buy Mimosa (AAAAA)<\/title>\n<meta name=\"description\" content=\"You can get Mimosa (AAAAA) Sativa Kush for sale at our store and get it at your doorstep without any hassle. We will help you to buy Mimosa (AAAAA) Sativa Kush online. Order now!\" \/>\n<meta name=\"robots\" content=\"index, follow, max-snippet:-1, max-image-preview:large, max-video-preview:-1\" \/>\n<link rel=\"canonical\" href=\"https:\/\/legitgrams.com\/fr\/produit\/mimosa-aaaaa-sativa-kush\/\" \/>\n<meta property=\"og:locale\" content=\"fr_FR\" \/>\n<meta property=\"og:type\" content=\"article\" \/>\n<meta property=\"og:title\" content=\"Mimosa (AAAAA) Sativa Kush for Sale - Buy Mimosa (AAAAA)\" \/>\n<meta property=\"og:description\" content=\"You can get Mimosa (AAAAA) Sativa Kush for sale at our store and get it at your doorstep without any hassle. We will help you to buy Mimosa (AAAAA) Sativa Kush online. Order now!\" \/>\n<meta property=\"og:url\" content=\"https:\/\/legitgrams.com\/fr\/produit\/mimosa-aaaaa-sativa-kush\/\" \/>\n<meta property=\"og:site_name\" content=\"Legit Grams\" \/>\n<meta property=\"article:modified_time\" content=\"2025-01-14T10:01:36+00:00\" \/>\n<meta property=\"og:image\" content=\"https:\/\/legitgrams.com\/wp-content\/uploads\/2024\/09\/Buy-Mimosa-AAAAA-Sativa-Kush-online.jpg\" \/>\n\t<meta property=\"og:image:width\" content=\"600\" \/>\n\t<meta property=\"og:image:height\" content=\"600\" \/>\n\t<meta property=\"og:image:type\" content=\"image\/jpeg\" \/>\n<meta name=\"twitter:card\" content=\"summary_large_image\" \/>\n<meta name=\"twitter:label1\" content=\"Dur\u00e9e de lecture est.\" \/>\n\t<meta name=\"twitter:data1\" content=\"2 minutes\" \/>\n<script type=\"application\/ld+json\" class=\"yoast-schema-graph\">{\"@context\":\"https:\/\/schema.org\",\"@graph\":[{\"@type\":\"WebPage\",\"@id\":\"https:\/\/legitgrams.com\/product\/mimosa-aaaaa-sativa-kush\/\",\"url\":\"https:\/\/legitgrams.com\/product\/mimosa-aaaaa-sativa-kush\/\",\"name\":\"Mimosa (AAAAA) Sativa Kush for Sale - Buy Mimosa (AAAAA)\",\"isPartOf\":{\"@id\":\"https:\/\/legitgrams.com\/#website\"},\"primaryImageOfPage\":{\"@id\":\"https:\/\/legitgrams.com\/product\/mimosa-aaaaa-sativa-kush\/#primaryimage\"},\"image\":{\"@id\":\"https:\/\/legitgrams.com\/product\/mimosa-aaaaa-sativa-kush\/#primaryimage\"},\"thumbnailUrl\":\"https:\/\/legitgrams.com\/wp-content\/uploads\/2024\/09\/Buy-Mimosa-AAAAA-Sativa-Kush-online.jpg\",\"datePublished\":\"2024-09-19T12:31:24+00:00\",\"dateModified\":\"2025-01-14T10:01:36+00:00\",\"description\":\"You can get Mimosa (AAAAA) Sativa Kush for sale at our store and get it at your doorstep without any hassle. We will help you to buy Mimosa (AAAAA) Sativa Kush online. Order now!\",\"breadcrumb\":{\"@id\":\"https:\/\/legitgrams.com\/product\/mimosa-aaaaa-sativa-kush\/#breadcrumb\"},\"inLanguage\":\"fr-BE\",\"potentialAction\":[{\"@type\":\"ReadAction\",\"target\":[\"https:\/\/legitgrams.com\/product\/mimosa-aaaaa-sativa-kush\/\"]}]},{\"@type\":\"ImageObject\",\"inLanguage\":\"fr-BE\",\"@id\":\"https:\/\/legitgrams.com\/product\/mimosa-aaaaa-sativa-kush\/#primaryimage\",\"url\":\"https:\/\/legitgrams.com\/wp-content\/uploads\/2024\/09\/Buy-Mimosa-AAAAA-Sativa-Kush-online.jpg\",\"contentUrl\":\"https:\/\/legitgrams.com\/wp-content\/uploads\/2024\/09\/Buy-Mimosa-AAAAA-Sativa-Kush-online.jpg\",\"width\":600,\"height\":600,\"caption\":\"Mimosa (AAAAA) Sativa Kush for Sale\"},{\"@type\":\"BreadcrumbList\",\"@id\":\"https:\/\/legitgrams.com\/product\/mimosa-aaaaa-sativa-kush\/#breadcrumb\",\"itemListElement\":[{\"@type\":\"ListItem\",\"position\":1,\"name\":\"Home\",\"item\":\"https:\/\/legitgrams.com\/\"},{\"@type\":\"ListItem\",\"position\":2,\"name\":\"Shop\",\"item\":\"https:\/\/legitgrams.com\/shop\/\"},{\"@type\":\"ListItem\",\"position\":3,\"name\":\"Mimosa (AAAAA) Sativa Kush\"}]},{\"@type\":\"WebSite\",\"@id\":\"https:\/\/legitgrams.com\/#website\",\"url\":\"https:\/\/legitgrams.com\/\",\"name\":\"Legit Grams\",\"description\":\"My WordPress Blog\",\"publisher\":{\"@id\":\"https:\/\/legitgrams.com\/#organization\"},\"potentialAction\":[{\"@type\":\"SearchAction\",\"target\":{\"@type\":\"EntryPoint\",\"urlTemplate\":\"https:\/\/legitgrams.com\/?s={search_term_string}\"},\"query-input\":{\"@type\":\"PropertyValueSpecification\",\"valueRequired\":true,\"valueName\":\"search_term_string\"}}],\"inLanguage\":\"fr-BE\"},{\"@type\":\"Organization\",\"@id\":\"https:\/\/legitgrams.com\/#organization\",\"name\":\"Legit Grams\",\"url\":\"https:\/\/legitgrams.com\/\",\"logo\":{\"@type\":\"ImageObject\",\"inLanguage\":\"fr-BE\",\"@id\":\"https:\/\/legitgrams.com\/#\/schema\/logo\/image\/\",\"url\":\"https:\/\/legitgrams.com\/wp-content\/uploads\/2024\/09\/main-logo.png\",\"contentUrl\":\"https:\/\/legitgrams.com\/wp-content\/uploads\/2024\/09\/main-logo.png\",\"width\":270,\"height\":75,\"caption\":\"Legit Grams\"},\"image\":{\"@id\":\"https:\/\/legitgrams.com\/#\/schema\/logo\/image\/\"}}]}<\/script>\n<!-- \/ Yoast SEO plugin. -->","yoast_head_json":{"title":"Mimosa (Aaaaa) Sativa Kush \u00e0 vendre - Acheter Mimosa (Aaaaa)","description":"Vous pouvez acheter Mimosa (AAAAA) Sativa Kush en vente dans notre magasin et le recevoir \u00e0 votre porte sans aucun probl\u00e8me. Nous vous aidons \u00e0 acheter Mimosa (AAAAA) Sativa Kush en ligne. Commandez maintenant !","robots":{"index":"index","follow":"follow","max-snippet":"max-snippet:-1","max-image-preview":"max-image-preview:large","max-video-preview":"max-video-preview:-1"},"canonical":"https:\/\/legitgrams.com\/fr\/produit\/mimosa-aaaaa-sativa-kush\/","og_locale":"fr_FR","og_type":"article","og_title":"Mimosa (AAAAA) Sativa Kush for Sale - Buy Mimosa (AAAAA)","og_description":"You can get Mimosa (AAAAA) Sativa Kush for sale at our store and get it at your doorstep without any hassle. We will help you to buy Mimosa (AAAAA) Sativa Kush online. Order now!","og_url":"https:\/\/legitgrams.com\/fr\/produit\/mimosa-aaaaa-sativa-kush\/","og_site_name":"Legit Grams","article_modified_time":"2025-01-14T10:01:36+00:00","og_image":[{"width":600,"height":600,"url":"https:\/\/legitgrams.com\/wp-content\/uploads\/2024\/09\/Buy-Mimosa-AAAAA-Sativa-Kush-online.jpg","type":"image\/jpeg"}],"twitter_card":"summary_large_image","twitter_misc":{"Dur\u00e9e de lecture est.":"2 minutes"},"schema":{"@context":"https:\/\/schema.org","@graph":[{"@type":"WebPage","@id":"https:\/\/legitgrams.com\/product\/mimosa-aaaaa-sativa-kush\/","url":"https:\/\/legitgrams.com\/product\/mimosa-aaaaa-sativa-kush\/","name":"Mimosa (Aaaaa) Sativa Kush \u00e0 vendre - Acheter Mimosa (Aaaaa)","isPartOf":{"@id":"https:\/\/legitgrams.com\/#website"},"primaryImageOfPage":{"@id":"https:\/\/legitgrams.com\/product\/mimosa-aaaaa-sativa-kush\/#primaryimage"},"image":{"@id":"https:\/\/legitgrams.com\/product\/mimosa-aaaaa-sativa-kush\/#primaryimage"},"thumbnailUrl":"https:\/\/legitgrams.com\/wp-content\/uploads\/2024\/09\/Buy-Mimosa-AAAAA-Sativa-Kush-online.jpg","datePublished":"2024-09-19T12:31:24+00:00","dateModified":"2025-01-14T10:01:36+00:00","description":"Vous pouvez acheter Mimosa (AAAAA) Sativa Kush en vente dans notre magasin et le recevoir \u00e0 votre porte sans aucun probl\u00e8me. Nous vous aidons \u00e0 acheter Mimosa (AAAAA) Sativa Kush en ligne. Commandez maintenant !","breadcrumb":{"@id":"https:\/\/legitgrams.com\/product\/mimosa-aaaaa-sativa-kush\/#breadcrumb"},"inLanguage":"fr-BE","potentialAction":[{"@type":"ReadAction","target":["https:\/\/legitgrams.com\/product\/mimosa-aaaaa-sativa-kush\/"]}]},{"@type":"ImageObject","inLanguage":"fr-BE","@id":"https:\/\/legitgrams.com\/product\/mimosa-aaaaa-sativa-kush\/#primaryimage","url":"https:\/\/legitgrams.com\/wp-content\/uploads\/2024\/09\/Buy-Mimosa-AAAAA-Sativa-Kush-online.jpg","contentUrl":"https:\/\/legitgrams.com\/wp-content\/uploads\/2024\/09\/Buy-Mimosa-AAAAA-Sativa-Kush-online.jpg","width":600,"height":600,"caption":"Mimosa (AAAAA) Sativa Kush for Sale"},{"@type":"BreadcrumbList","@id":"https:\/\/legitgrams.com\/product\/mimosa-aaaaa-sativa-kush\/#breadcrumb","itemListElement":[{"@type":"ListItem","position":1,"name":"Home","item":"https:\/\/legitgrams.com\/"},{"@type":"ListItem","position":2,"name":"Shop","item":"https:\/\/legitgrams.com\/shop\/"},{"@type":"ListItem","position":3,"name":"Mimosa (AAAAA) Sativa Kush"}]},{"@type":"WebSite","@id":"https:\/\/legitgrams.com\/#website","url":"https:\/\/legitgrams.com\/","name":"Les grammes l\u00e9gitimes","description":"Mon blog WordPress","publisher":{"@id":"https:\/\/legitgrams.com\/#organization"},"potentialAction":[{"@type":"SearchAction","target":{"@type":"EntryPoint","urlTemplate":"https:\/\/legitgrams.com\/?s={search_term_string}"},"query-input":{"@type":"PropertyValueSpecification","valueRequired":true,"valueName":"search_term_string"}}],"inLanguage":"fr-BE"},{"@type":"Organization","@id":"https:\/\/legitgrams.com\/#organization","name":"Les grammes l\u00e9gitimes","url":"https:\/\/legitgrams.com\/","logo":{"@type":"ImageObject","inLanguage":"fr-BE","@id":"https:\/\/legitgrams.com\/#\/schema\/logo\/image\/","url":"https:\/\/legitgrams.com\/wp-content\/uploads\/2024\/09\/main-logo.png","contentUrl":"https:\/\/legitgrams.com\/wp-content\/uploads\/2024\/09\/main-logo.png","width":270,"height":75,"caption":"Legit Grams"},"image":{"@id":"https:\/\/legitgrams.com\/#\/schema\/logo\/image\/"}}]}},"uagb_featured_image_src":{"full":["https:\/\/legitgrams.com\/wp-content\/uploads\/2024\/09\/Buy-Mimosa-AAAAA-Sativa-Kush-online.jpg",600,600,false],"thumbnail":["https:\/\/legitgrams.com\/wp-content\/uploads\/2024\/09\/Buy-Mimosa-AAAAA-Sativa-Kush-online-150x150.jpg",150,150,true],"medium":["https:\/\/legitgrams.com\/wp-content\/uploads\/2024\/09\/Buy-Mimosa-AAAAA-Sativa-Kush-online-300x300.jpg",300,300,true],"medium_large":["https:\/\/legitgrams.com\/wp-content\/uploads\/2024\/09\/Buy-Mimosa-AAAAA-Sativa-Kush-online.jpg",600,600,false],"large":["https:\/\/legitgrams.com\/wp-content\/uploads\/2024\/09\/Buy-Mimosa-AAAAA-Sativa-Kush-online.jpg",600,600,false],"1536x1536":["https:\/\/legitgrams.com\/wp-content\/uploads\/2024\/09\/Buy-Mimosa-AAAAA-Sativa-Kush-online.jpg",600,600,false],"2048x2048":["https:\/\/legitgrams.com\/wp-content\/uploads\/2024\/09\/Buy-Mimosa-AAAAA-Sativa-Kush-online.jpg",600,600,false],"trp-custom-language-flag":["https:\/\/legitgrams.com\/wp-content\/uploads\/2024\/09\/Buy-Mimosa-AAAAA-Sativa-Kush-online-12x12.jpg",12,12,true],"woocommerce_thumbnail":["https:\/\/legitgrams.com\/wp-content\/uploads\/2024\/09\/Buy-Mimosa-AAAAA-Sativa-Kush-online-300x300.jpg",300,300,true],"woocommerce_single":["https:\/\/legitgrams.com\/wp-content\/uploads\/2024\/09\/Buy-Mimosa-AAAAA-Sativa-Kush-online.jpg",600,600,false],"woocommerce_gallery_thumbnail":["https:\/\/legitgrams.com\/wp-content\/uploads\/2024\/09\/Buy-Mimosa-AAAAA-Sativa-Kush-online-100x100.jpg",100,100,true]},"uagb_author_info":{"display_name":"cokeblog18","author_link":"https:\/\/legitgrams.com\/fr\/author\/"},"uagb_comment_info":0,"uagb_excerpt":"Purchase Sativa Kush Mimosa (AAAAA) online. Premium hybrid Mimosa AAAA has a 70% indica and 70% sativa lean. The line is Clementine blended with Purple Punch. Surprisingly fruity without being too sweet is the flavor profile. Because this strain is simultaneously sativa and energetic, you should expect an exhilarating impact. Mimosa is naive, positive, and&hellip;","_links":{"self":[{"href":"https:\/\/legitgrams.com\/fr\/wp-json\/wp\/v2\/product\/3766","targetHints":{"allow":["GET"]}}],"collection":[{"href":"https:\/\/legitgrams.com\/fr\/wp-json\/wp\/v2\/product"}],"about":[{"href":"https:\/\/legitgrams.com\/fr\/wp-json\/wp\/v2\/types\/product"}],"replies":[{"embeddable":true,"href":"https:\/\/legitgrams.com\/fr\/wp-json\/wp\/v2\/comments?post=3766"}],"wp:featuredmedia":[{"embeddable":true,"href":"https:\/\/legitgrams.com\/fr\/wp-json\/wp\/v2\/media\/5413"}],"wp:attachment":[{"href":"https:\/\/legitgrams.com\/fr\/wp-json\/wp\/v2\/media?parent=3766"}],"wp:term":[{"taxonomy":"product_brand","embeddable":true,"href":"https:\/\/legitgrams.com\/fr\/wp-json\/wp\/v2\/product_brand?post=3766"},{"taxonomy":"product_cat","embeddable":true,"href":"https:\/\/legitgrams.com\/fr\/wp-json\/wp\/v2\/product_cat?post=3766"},{"taxonomy":"product_tag","embeddable":true,"href":"https:\/\/legitgrams.com\/fr\/wp-json\/wp\/v2\/product_tag?post=3766"}],"curies":[{"name":"wp","href":"https:\/\/api.w.org\/{rel}","templated":true}]}}