{"id":3809,"date":"2024-09-20T05:34:15","date_gmt":"2024-09-20T05:34:15","guid":{"rendered":"https:\/\/legitgrams.com\/?post_type=product&#038;p=3809"},"modified":"2025-01-15T05:30:50","modified_gmt":"2025-01-15T05:30:50","slug":"souche-rocky-mountain-blueberry","status":"publish","type":"product","link":"https:\/\/legitgrams.com\/fr\/produit\/souche-rocky-mountain-blueberry\/","title":{"rendered":"Souche Rocky Mountain Blueberry"},"content":{"rendered":"<h2>Achetez la vari\u00e9t\u00e9 Rocky Mountain Blueberry en ligne<\/h2>\n<p>Vari\u00e9t\u00e9 limit\u00e9e de The Farm au Colorado, Rocky Mountain Blueberry porte bien le nom de la r\u00e9gion o\u00f9 elle a \u00e9t\u00e9 cultiv\u00e9e. Reconnue pour cultiver des t\u00eates de premier ordre, l'\u00e9quipe de la ferme a crois\u00e9 la Blueberry et la Shishkaberry pour cr\u00e9er une vari\u00e9t\u00e9 \u00e0 dominante indica aux effets \u00e9quilibr\u00e9s et aux saveurs remarquables.<\/p>\n<h3>Myrtilles des montagnes Rocheuses<\/h3>\n<p><a href=\"https:\/\/legitgrams.com\/fr\/produit\/souche-rocky-mountain-blueberry\/\">Myrtille des Rocheuses<\/a> a une puissance incroyable de 18% THC, ce qui la rend parfaite \u00e0 la fois pour les nouveaux consommateurs de cannabis et les consommateurs exp\u00e9riment\u00e9s qui font leurs premiers pas dans le monde de l'herbe et pour les consommateurs chevronn\u00e9s qui ont besoin de quelque chose de subtil. Les trichomes de couleur violet clair, avec un ton de base vert olive et des nuances bleues, donnent aux p\u00e9pites vraiment \u00e9paisses une apparence \u00e9tonnante. Votre sens du go\u00fbt sera submerg\u00e9 par la douce saveur de myrtille, qui impr\u00e8gne l'air de notes de menthe, de pin et de citron.<\/p>\n<p>Il est important de bien doser sa consommation, car cette vari\u00e9t\u00e9 produit des effets en dents de scie. Son c\u00f4t\u00e9 sativa se manifeste d'abord par une euphorie et une \u00e9nergie cr\u00e9ative id\u00e9ales pour terminer des t\u00e2ches au travail ou passer du temps avec des amis. De nombreuses personnes choisissent d'utiliser cette vari\u00e9t\u00e9 \u00e0 l'ext\u00e9rieur pour des activit\u00e9s de plein air, mais gardez \u00e0 l'esprit qu'il deviendra assez facile de se fatiguer lors d'une longue ascension. La Rough Mountain Blueberry commence dans les sanctuaires et descend jusqu'\u00e0 vos orteils, soulageant les frissons qui sont inconfortables et serr\u00e9s.<\/p>\n<p>Lorsqu'il s'agit de soulagement th\u00e9rapeutique, ce bourgeon est un magicien, am\u00e9liorant l'humeur et chassant sans effort le stress et la n\u00e9gativit\u00e9. Bien qu'il ne fasse pas dispara\u00eetre vos probl\u00e8mes pour toujours, quelques bouff\u00e9es de Rocky Mountain <a href=\"https:\/\/en.wikipedia.org\/wiki\/Blueberry\">Myrtille<\/a> Tout devient un peu plus lumineux. Lorsque les frissons commencent, les probl\u00e8mes physiques chroniques ainsi que les sensations accessoires telles que les maux de t\u00eate ou les spasmes s'att\u00e9nuent \u00e9galement, ce qui, pour certaines personnes, cr\u00e9e un sentiment d'exaltation.<\/p>\n<p>Cette esp\u00e8ce demande un peu plus de r\u00e9flexion que la plupart des autres, m\u00eame si elle est en fait assez facile \u00e0 cultiver \u00e0 la maison. Les plantes finissent par \u00eatre assez ramifi\u00e9es et courtes, ce qui oblige les cultivateurs \u00e0 les surveiller et \u00e0 les tailler diff\u00e9remment. Il faut \u00e9galement penser aux parfums. Comme la Rocky Mountain Blueberry peut \u00eatre cultiv\u00e9e aussi bien \u00e0 l'int\u00e9rieur qu'\u00e0 l'ext\u00e9rieur, son parfum de myrtille est suffisamment fort pour attirer une attention non d\u00e9sir\u00e9e.<\/p>\n<p>Lorsque vous serez pr\u00eat \u00e0 affiner la chronologie de ses effets, cette vari\u00e9t\u00e9 deviendra un ami fiable. Essayez Rocky Mountain Blueberry en fin de soir\u00e9e pour combattre facilement la fatigue et profiter de ses effets subliminaux de motivation. Rentrez ensuite chez vous, installez-vous dans une chaise longue ou un lit luxueux avec un partenaire merveilleux, et profitez du reste de la soir\u00e9e. <a href=\"https:\/\/legitgrams.com\/fr\/\">LegitGrams<\/a><\/p>\n<p>Achat en ligne de Blueberry Strain : Acheter Blueberry Strain en ligne, acheter Rocky Mountain Blueberry Strain, acheter Blueberry Strain, O\u00f9 puis-je acheter Rocky Mountain Blueberry Strain ? O\u00f9 puis-je acheter la vari\u00e9t\u00e9 Rocky Mountain Blueberry en ligne ? O\u00f9 puis-je acheter la vari\u00e9t\u00e9 Rocky Mountain Blueberry en ligne ? O\u00f9 puis-je acheter la vari\u00e9t\u00e9 Rocky Mountain Blueberry aux \u00c9tats-Unis, au Canada ou au Royaume-Uni ? O\u00f9 puis-je acheter Rocky Mountain Blueberry Strain en ligne ? fournisseurs ? livraison s\u00e9curis\u00e9e Les questions \"Rocky Mountain Blueberry Strain est-il l\u00e9gal au Canada ?\" et \"Comment commander Rocky Mountain Blueberry Strain ?\" sont toujours d'actualit\u00e9. Vous pouvez toujours acheter Rocky Mountain Blueberry Strain en ligne.<\/p>","protected":false},"excerpt":{"rendered":"<p>Purchase Rocky Mountain Blueberry Strain Online A limited variety from The Farm in Colorado, Rocky Mountain Blueberry is well called for the area in which she was grown. Recognized for cultivating top-notch buds, the team there bred Blueberry and Shishkaberry to create an indica-dominant strain with balanced effects and remarkable flavors. Blueberries from Rocky Mountain &hellip;<\/p>\n<p class=\"read-more\"> <a class=\"\" href=\"https:\/\/legitgrams.com\/fr\/produit\/souche-rocky-mountain-blueberry\/\"> <span class=\"screen-reader-text\">Souche Rocky Mountain Blueberry<\/span> Lire la suite \"<\/a><\/p>","protected":false},"featured_media":5420,"comment_status":"open","ping_status":"closed","template":"","meta":{"_uag_custom_page_level_css":"","site-sidebar-layout":"default","site-content-layout":"default","ast-global-header-display":"","ast-main-header-display":"","ast-hfb-above-header-display":"","ast-hfb-below-header-display":"","ast-hfb-mobile-header-display":"","site-post-title":"","ast-breadcrumbs-content":"","ast-featured-img":"","footer-sml-layout":"","theme-transparent-header-meta":"default","adv-header-id-meta":"","stick-header-meta":"default","header-above-stick-meta":"","header-main-stick-meta":"","header-below-stick-meta":"","_joinchat":[]},"product_brand":[],"product_cat":[607],"product_tag":[5200,5190,617,5182,5197,5194,5189,5187,5199,5181,5184,5192,5183,5193,5185,5195,5202,5203,5201,5198,5196,625,5188,5191,5186],"class_list":{"0":"post-3809","1":"product","2":"type-product","3":"status-publish","4":"has-post-thumbnail","6":"product_cat-marijuana-cannabis","7":"product_tag-best-cheap-price-rocky-mountain-blueberry-strain","8":"product_tag-best-place-to-buy-rocky-mountain-blueberry-strain","9":"product_tag-bulk-online","10":"product_tag-buy-rocky-mountain-blueberry-strain","11":"product_tag-cheap-rocky-mountain-blueberry-strain","12":"product_tag-high-quality-rocky-mountain-blueberry-strain","13":"product_tag-how-to-buy-rocky-mountain-blueberry-strain","14":"product_tag-order-rocky-mountain-blueberry-strain","15":"product_tag-purcharse-rocky-mountain-blueberry-strain","16":"product_tag-rocky-mountain-blueberry-strain","17":"product_tag-rocky-mountain-blueberry-strain-for-sale","18":"product_tag-rocky-mountain-blueberry-strain-legally","19":"product_tag-rocky-mountain-blueberry-strain-online","20":"product_tag-rocky-mountain-blueberry-strain-price","21":"product_tag-rocky-mountain-blueberry-strain-rocky-mountain-blueberry-strain-supplier","22":"product_tag-rocky-mountain-blueberry-strain-store","23":"product_tag-rocky-mountain-blueberry-strain-use","24":"product_tag-rocky-mountain-blueberry-strain-wiki","25":"product_tag-rocky-mountain-blueberry-strain-worldwide","26":"product_tag-rocky-mountain-blueberry-strains","27":"product_tag-shop-rocky-mountain-blueberry-strain","28":"product_tag-top-quality","29":"product_tag-where-to-buy-rocky-mountain-blueberry-strain","30":"product_tag-where-to-order-rocky-mountain-blueberry-strain","31":"product_tag-wholesale-rocky-mountain-blueberry-strain","32":"desktop-align-left","33":"tablet-align-left","34":"mobile-align-left","35":"ast-product-gallery-layout-horizontal","36":"ast-product-gallery-with-no-image","37":"ast-product-single-variable","38":"ast-product-tabs-layout-horizontal","39":"ast-qv-on-image","41":"first","42":"instock","43":"shipping-taxable","44":"purchasable","45":"product-type-variable"},"yoast_head":"<!-- This site is optimized with the Yoast SEO plugin v25.9 - https:\/\/yoast.com\/wordpress\/plugins\/seo\/ -->\n<title>Rocky Mountain Blueberry Strain for Sale @ Best Price Online<\/title>\n<meta name=\"description\" content=\"Find premium rocky mountain blueberry strain for sale at our online store, providing a secure platform to buy rocky mountain blueberry strain online with ease, catering to your research needs.\" \/>\n<meta name=\"robots\" content=\"index, follow, max-snippet:-1, max-image-preview:large, max-video-preview:-1\" \/>\n<link rel=\"canonical\" href=\"https:\/\/legitgrams.com\/fr\/produit\/souche-rocky-mountain-blueberry\/\" \/>\n<meta property=\"og:locale\" content=\"fr_FR\" \/>\n<meta property=\"og:type\" content=\"article\" \/>\n<meta property=\"og:title\" content=\"Rocky Mountain Blueberry Strain for Sale @ Best Price Online\" \/>\n<meta property=\"og:description\" content=\"Find premium rocky mountain blueberry strain for sale at our online store, providing a secure platform to buy rocky mountain blueberry strain online with ease, catering to your research needs.\" \/>\n<meta property=\"og:url\" content=\"https:\/\/legitgrams.com\/fr\/produit\/souche-rocky-mountain-blueberry\/\" \/>\n<meta property=\"og:site_name\" content=\"Legit Grams\" \/>\n<meta property=\"article:modified_time\" content=\"2025-01-15T05:30:50+00:00\" \/>\n<meta property=\"og:image\" content=\"https:\/\/legitgrams.com\/wp-content\/uploads\/2024\/09\/Buy-Rocky-Mountain-Blueberry-Strain-Online.jpg\" \/>\n\t<meta property=\"og:image:width\" content=\"600\" \/>\n\t<meta property=\"og:image:height\" content=\"600\" \/>\n\t<meta property=\"og:image:type\" content=\"image\/jpeg\" \/>\n<meta name=\"twitter:card\" content=\"summary_large_image\" \/>\n<meta name=\"twitter:label1\" content=\"Dur\u00e9e de lecture est.\" \/>\n\t<meta name=\"twitter:data1\" content=\"3 minutes\" \/>\n<script type=\"application\/ld+json\" class=\"yoast-schema-graph\">{\"@context\":\"https:\/\/schema.org\",\"@graph\":[{\"@type\":\"WebPage\",\"@id\":\"https:\/\/legitgrams.com\/product\/rocky-mountain-blueberry-strain\/\",\"url\":\"https:\/\/legitgrams.com\/product\/rocky-mountain-blueberry-strain\/\",\"name\":\"Rocky Mountain Blueberry Strain for Sale @ Best Price Online\",\"isPartOf\":{\"@id\":\"https:\/\/legitgrams.com\/#website\"},\"primaryImageOfPage\":{\"@id\":\"https:\/\/legitgrams.com\/product\/rocky-mountain-blueberry-strain\/#primaryimage\"},\"image\":{\"@id\":\"https:\/\/legitgrams.com\/product\/rocky-mountain-blueberry-strain\/#primaryimage\"},\"thumbnailUrl\":\"https:\/\/legitgrams.com\/wp-content\/uploads\/2024\/09\/Buy-Rocky-Mountain-Blueberry-Strain-Online.jpg\",\"datePublished\":\"2024-09-20T05:34:15+00:00\",\"dateModified\":\"2025-01-15T05:30:50+00:00\",\"description\":\"Find premium rocky mountain blueberry strain for sale at our online store, providing a secure platform to buy rocky mountain blueberry strain online with ease, catering to your research needs.\",\"breadcrumb\":{\"@id\":\"https:\/\/legitgrams.com\/product\/rocky-mountain-blueberry-strain\/#breadcrumb\"},\"inLanguage\":\"fr-BE\",\"potentialAction\":[{\"@type\":\"ReadAction\",\"target\":[\"https:\/\/legitgrams.com\/product\/rocky-mountain-blueberry-strain\/\"]}]},{\"@type\":\"ImageObject\",\"inLanguage\":\"fr-BE\",\"@id\":\"https:\/\/legitgrams.com\/product\/rocky-mountain-blueberry-strain\/#primaryimage\",\"url\":\"https:\/\/legitgrams.com\/wp-content\/uploads\/2024\/09\/Buy-Rocky-Mountain-Blueberry-Strain-Online.jpg\",\"contentUrl\":\"https:\/\/legitgrams.com\/wp-content\/uploads\/2024\/09\/Buy-Rocky-Mountain-Blueberry-Strain-Online.jpg\",\"width\":600,\"height\":600,\"caption\":\"Rocky Mountain Blueberry Strain for Sale\"},{\"@type\":\"BreadcrumbList\",\"@id\":\"https:\/\/legitgrams.com\/product\/rocky-mountain-blueberry-strain\/#breadcrumb\",\"itemListElement\":[{\"@type\":\"ListItem\",\"position\":1,\"name\":\"Home\",\"item\":\"https:\/\/legitgrams.com\/\"},{\"@type\":\"ListItem\",\"position\":2,\"name\":\"Shop\",\"item\":\"https:\/\/legitgrams.com\/shop\/\"},{\"@type\":\"ListItem\",\"position\":3,\"name\":\"Rocky Mountain Blueberry Strain\"}]},{\"@type\":\"WebSite\",\"@id\":\"https:\/\/legitgrams.com\/#website\",\"url\":\"https:\/\/legitgrams.com\/\",\"name\":\"Legit Grams\",\"description\":\"My WordPress Blog\",\"publisher\":{\"@id\":\"https:\/\/legitgrams.com\/#organization\"},\"potentialAction\":[{\"@type\":\"SearchAction\",\"target\":{\"@type\":\"EntryPoint\",\"urlTemplate\":\"https:\/\/legitgrams.com\/?s={search_term_string}\"},\"query-input\":{\"@type\":\"PropertyValueSpecification\",\"valueRequired\":true,\"valueName\":\"search_term_string\"}}],\"inLanguage\":\"fr-BE\"},{\"@type\":\"Organization\",\"@id\":\"https:\/\/legitgrams.com\/#organization\",\"name\":\"Legit Grams\",\"url\":\"https:\/\/legitgrams.com\/\",\"logo\":{\"@type\":\"ImageObject\",\"inLanguage\":\"fr-BE\",\"@id\":\"https:\/\/legitgrams.com\/#\/schema\/logo\/image\/\",\"url\":\"https:\/\/legitgrams.com\/wp-content\/uploads\/2024\/09\/main-logo.png\",\"contentUrl\":\"https:\/\/legitgrams.com\/wp-content\/uploads\/2024\/09\/main-logo.png\",\"width\":270,\"height\":75,\"caption\":\"Legit Grams\"},\"image\":{\"@id\":\"https:\/\/legitgrams.com\/#\/schema\/logo\/image\/\"}}]}<\/script>\n<!-- \/ Yoast SEO plugin. -->","yoast_head_json":{"title":"Rocky Mountain Blueberry Strain \u00e0 vendre @ Best Price Online","description":"Trouvez la souche premium rocky mountain blueberry \u00e0 vendre dans notre magasin en ligne, qui fournit une plateforme s\u00e9curis\u00e9e pour acheter la souche rocky mountain blueberry en ligne avec facilit\u00e9, en r\u00e9pondant \u00e0 vos besoins de recherche.","robots":{"index":"index","follow":"follow","max-snippet":"max-snippet:-1","max-image-preview":"max-image-preview:large","max-video-preview":"max-video-preview:-1"},"canonical":"https:\/\/legitgrams.com\/fr\/produit\/souche-rocky-mountain-blueberry\/","og_locale":"fr_FR","og_type":"article","og_title":"Rocky Mountain Blueberry Strain for Sale @ Best Price Online","og_description":"Find premium rocky mountain blueberry strain for sale at our online store, providing a secure platform to buy rocky mountain blueberry strain online with ease, catering to your research needs.","og_url":"https:\/\/legitgrams.com\/fr\/produit\/souche-rocky-mountain-blueberry\/","og_site_name":"Legit Grams","article_modified_time":"2025-01-15T05:30:50+00:00","og_image":[{"width":600,"height":600,"url":"https:\/\/legitgrams.com\/wp-content\/uploads\/2024\/09\/Buy-Rocky-Mountain-Blueberry-Strain-Online.jpg","type":"image\/jpeg"}],"twitter_card":"summary_large_image","twitter_misc":{"Dur\u00e9e de lecture est.":"3 minutes"},"schema":{"@context":"https:\/\/schema.org","@graph":[{"@type":"WebPage","@id":"https:\/\/legitgrams.com\/product\/rocky-mountain-blueberry-strain\/","url":"https:\/\/legitgrams.com\/product\/rocky-mountain-blueberry-strain\/","name":"Rocky Mountain Blueberry Strain \u00e0 vendre @ Best Price Online","isPartOf":{"@id":"https:\/\/legitgrams.com\/#website"},"primaryImageOfPage":{"@id":"https:\/\/legitgrams.com\/product\/rocky-mountain-blueberry-strain\/#primaryimage"},"image":{"@id":"https:\/\/legitgrams.com\/product\/rocky-mountain-blueberry-strain\/#primaryimage"},"thumbnailUrl":"https:\/\/legitgrams.com\/wp-content\/uploads\/2024\/09\/Buy-Rocky-Mountain-Blueberry-Strain-Online.jpg","datePublished":"2024-09-20T05:34:15+00:00","dateModified":"2025-01-15T05:30:50+00:00","description":"Trouvez la souche premium rocky mountain blueberry \u00e0 vendre dans notre magasin en ligne, qui fournit une plateforme s\u00e9curis\u00e9e pour acheter la souche rocky mountain blueberry en ligne avec facilit\u00e9, en r\u00e9pondant \u00e0 vos besoins de recherche.","breadcrumb":{"@id":"https:\/\/legitgrams.com\/product\/rocky-mountain-blueberry-strain\/#breadcrumb"},"inLanguage":"fr-BE","potentialAction":[{"@type":"ReadAction","target":["https:\/\/legitgrams.com\/product\/rocky-mountain-blueberry-strain\/"]}]},{"@type":"ImageObject","inLanguage":"fr-BE","@id":"https:\/\/legitgrams.com\/product\/rocky-mountain-blueberry-strain\/#primaryimage","url":"https:\/\/legitgrams.com\/wp-content\/uploads\/2024\/09\/Buy-Rocky-Mountain-Blueberry-Strain-Online.jpg","contentUrl":"https:\/\/legitgrams.com\/wp-content\/uploads\/2024\/09\/Buy-Rocky-Mountain-Blueberry-Strain-Online.jpg","width":600,"height":600,"caption":"Rocky Mountain Blueberry Strain for Sale"},{"@type":"BreadcrumbList","@id":"https:\/\/legitgrams.com\/product\/rocky-mountain-blueberry-strain\/#breadcrumb","itemListElement":[{"@type":"ListItem","position":1,"name":"Home","item":"https:\/\/legitgrams.com\/"},{"@type":"ListItem","position":2,"name":"Shop","item":"https:\/\/legitgrams.com\/shop\/"},{"@type":"ListItem","position":3,"name":"Rocky Mountain Blueberry Strain"}]},{"@type":"WebSite","@id":"https:\/\/legitgrams.com\/#website","url":"https:\/\/legitgrams.com\/","name":"Les grammes l\u00e9gitimes","description":"Mon blog WordPress","publisher":{"@id":"https:\/\/legitgrams.com\/#organization"},"potentialAction":[{"@type":"SearchAction","target":{"@type":"EntryPoint","urlTemplate":"https:\/\/legitgrams.com\/?s={search_term_string}"},"query-input":{"@type":"PropertyValueSpecification","valueRequired":true,"valueName":"search_term_string"}}],"inLanguage":"fr-BE"},{"@type":"Organization","@id":"https:\/\/legitgrams.com\/#organization","name":"Les grammes l\u00e9gitimes","url":"https:\/\/legitgrams.com\/","logo":{"@type":"ImageObject","inLanguage":"fr-BE","@id":"https:\/\/legitgrams.com\/#\/schema\/logo\/image\/","url":"https:\/\/legitgrams.com\/wp-content\/uploads\/2024\/09\/main-logo.png","contentUrl":"https:\/\/legitgrams.com\/wp-content\/uploads\/2024\/09\/main-logo.png","width":270,"height":75,"caption":"Legit Grams"},"image":{"@id":"https:\/\/legitgrams.com\/#\/schema\/logo\/image\/"}}]}},"uagb_featured_image_src":{"full":["https:\/\/legitgrams.com\/wp-content\/uploads\/2024\/09\/Buy-Rocky-Mountain-Blueberry-Strain-Online.jpg",600,600,false],"thumbnail":["https:\/\/legitgrams.com\/wp-content\/uploads\/2024\/09\/Buy-Rocky-Mountain-Blueberry-Strain-Online-150x150.jpg",150,150,true],"medium":["https:\/\/legitgrams.com\/wp-content\/uploads\/2024\/09\/Buy-Rocky-Mountain-Blueberry-Strain-Online-300x300.jpg",300,300,true],"medium_large":["https:\/\/legitgrams.com\/wp-content\/uploads\/2024\/09\/Buy-Rocky-Mountain-Blueberry-Strain-Online.jpg",600,600,false],"large":["https:\/\/legitgrams.com\/wp-content\/uploads\/2024\/09\/Buy-Rocky-Mountain-Blueberry-Strain-Online.jpg",600,600,false],"1536x1536":["https:\/\/legitgrams.com\/wp-content\/uploads\/2024\/09\/Buy-Rocky-Mountain-Blueberry-Strain-Online.jpg",600,600,false],"2048x2048":["https:\/\/legitgrams.com\/wp-content\/uploads\/2024\/09\/Buy-Rocky-Mountain-Blueberry-Strain-Online.jpg",600,600,false],"trp-custom-language-flag":["https:\/\/legitgrams.com\/wp-content\/uploads\/2024\/09\/Buy-Rocky-Mountain-Blueberry-Strain-Online-12x12.jpg",12,12,true],"woocommerce_thumbnail":["https:\/\/legitgrams.com\/wp-content\/uploads\/2024\/09\/Buy-Rocky-Mountain-Blueberry-Strain-Online-300x300.jpg",300,300,true],"woocommerce_single":["https:\/\/legitgrams.com\/wp-content\/uploads\/2024\/09\/Buy-Rocky-Mountain-Blueberry-Strain-Online.jpg",600,600,false],"woocommerce_gallery_thumbnail":["https:\/\/legitgrams.com\/wp-content\/uploads\/2024\/09\/Buy-Rocky-Mountain-Blueberry-Strain-Online-100x100.jpg",100,100,true]},"uagb_author_info":{"display_name":"cokeblog18","author_link":"https:\/\/legitgrams.com\/fr\/author\/"},"uagb_comment_info":0,"uagb_excerpt":"Purchase Rocky Mountain Blueberry Strain Online A limited variety from The Farm in Colorado, Rocky Mountain Blueberry is well called for the area in which she was grown. Recognized for cultivating top-notch buds, the team there bred Blueberry and Shishkaberry to create an indica-dominant strain with balanced effects and remarkable flavors. Blueberries from Rocky Mountain&hellip;","_links":{"self":[{"href":"https:\/\/legitgrams.com\/fr\/wp-json\/wp\/v2\/product\/3809","targetHints":{"allow":["GET"]}}],"collection":[{"href":"https:\/\/legitgrams.com\/fr\/wp-json\/wp\/v2\/product"}],"about":[{"href":"https:\/\/legitgrams.com\/fr\/wp-json\/wp\/v2\/types\/product"}],"replies":[{"embeddable":true,"href":"https:\/\/legitgrams.com\/fr\/wp-json\/wp\/v2\/comments?post=3809"}],"wp:featuredmedia":[{"embeddable":true,"href":"https:\/\/legitgrams.com\/fr\/wp-json\/wp\/v2\/media\/5420"}],"wp:attachment":[{"href":"https:\/\/legitgrams.com\/fr\/wp-json\/wp\/v2\/media?parent=3809"}],"wp:term":[{"taxonomy":"product_brand","embeddable":true,"href":"https:\/\/legitgrams.com\/fr\/wp-json\/wp\/v2\/product_brand?post=3809"},{"taxonomy":"product_cat","embeddable":true,"href":"https:\/\/legitgrams.com\/fr\/wp-json\/wp\/v2\/product_cat?post=3809"},{"taxonomy":"product_tag","embeddable":true,"href":"https:\/\/legitgrams.com\/fr\/wp-json\/wp\/v2\/product_tag?post=3809"}],"curies":[{"name":"wp","href":"https:\/\/api.w.org\/{rel}","templated":true}]}}