{"id":3810,"date":"2024-09-20T05:38:42","date_gmt":"2024-09-20T05:38:42","guid":{"rendered":"https:\/\/legitgrams.com\/?post_type=product&#038;p=3810"},"modified":"2025-01-15T05:34:55","modified_gmt":"2025-01-15T05:34:55","slug":"snoops-dream-variete-de-marijuana","status":"publish","type":"product","link":"https:\/\/legitgrams.com\/fr\/produit\/snoops-dream-variete-de-marijuana\/","title":{"rendered":"Snoops Dream Marijuana Strain"},"content":{"rendered":"<h2>Achetez la vari\u00e9t\u00e9 de marijuana Snoops Dream en ligne<\/h2>\n<p>Effets : euphorique, cr\u00e9atif, \u00e9nergisant, \u00e9tourdissant, joyeux, calmant et stimulant ; peut soulager les sympt\u00f4mes de l'asthme.<\/p>\n<p>Douleur chronique, d\u00e9pression, fatigue, maux de t\u00eate, insomnie, syndrome pr\u00e9menstruel, stress post-traumatique, trouble bipolaire et ar\u00f4mes de stress<br \/>\nMyrtille, Vanille, Sucre, Douceur, Beurre, Pin et Baies<\/p>\n<p>Achat <a href=\"https:\/\/legitgrams.com\/fr\/produit\/snoops-dream-variete-de-marijuana\/\">Snoops Dream Cannabis<\/a> Strain Online - achat de souches de marijuana, achat Snoops Dream Cannabis Strain, achat Dream Marijuana Strain en ligne, Where to Purchase Snoops Dream Cannabis Strain, <a href=\"https:\/\/legitgrams.com\/fr\/\">LegitGrams<\/a>Snoops Dream Marijuana Strain for Sale, Snoops Dream Marijuana Strain for Sale, <a href=\"https:\/\/en.wikipedia.org\/wiki\/Snoop_Dogg\">Snoops<\/a> Marijuana Strain for Purchase, Where to Purchase Snoops Dream Cannabis Strain Online, Snoops Dream Marijuana Strain for Sale in the United States, Canada, and the United Kingdom, purchase, online, suppliers, safe delivery, Il est toujours possible d'obtenir la Marijuana Strain Snoops Dream. Vous pouvez \u00e9galement savoir s'il est l\u00e9gal au Canada, comment le commander et s'il est disponible aux \u00c9tats-Unis et en ligne.<\/p>","protected":false},"excerpt":{"rendered":"<p>Purchase Snoops Dream Marijuana Strain Online Effects: euphoric, creative, energizing, giddy, joyful, calming, and elevating; may relieve Chronic Pain, Depression, Fatigue, Headaches, Insomnia, PMS, PTSD, Bipolar Disorder, and Stress Flavors Blueberry, Vanilla, Sugary, Sweet, Buttery, Pine, and Berry Purchase Snoops Dream Cannabis Strain Online &#8211; purchase marijuana strains, purchase Snoops Dream Cannabis Strain, purchase Dream &hellip;<\/p>\n<p class=\"read-more\"> <a class=\"\" href=\"https:\/\/legitgrams.com\/fr\/produit\/snoops-dream-variete-de-marijuana\/\"> <span class=\"screen-reader-text\">Snoops Dream Marijuana Strain<\/span> Lire la suite \"<\/a><\/p>","protected":false},"featured_media":5421,"comment_status":"open","ping_status":"closed","template":"","meta":{"_uag_custom_page_level_css":"","site-sidebar-layout":"default","site-content-layout":"default","ast-global-header-display":"","ast-main-header-display":"","ast-hfb-above-header-display":"","ast-hfb-below-header-display":"","ast-hfb-mobile-header-display":"","site-post-title":"","ast-breadcrumbs-content":"","ast-featured-img":"","footer-sml-layout":"","theme-transparent-header-meta":"default","adv-header-id-meta":"","stick-header-meta":"default","header-above-stick-meta":"","header-main-stick-meta":"","header-below-stick-meta":"","_joinchat":[]},"product_brand":[],"product_cat":[607],"product_tag":[5177,5167,617,5159,5174,5171,5166,5164,5176,5173,5158,5161,5169,5160,5170,5162,5172,5179,5180,5178,5175,625,5165,5168,5163],"class_list":{"0":"post-3810","1":"product","2":"type-product","3":"status-publish","4":"has-post-thumbnail","6":"product_cat-marijuana-cannabis","7":"product_tag-best-cheap-price-snoops-dream-marijuana-strain","8":"product_tag-best-place-to-buy-snoops-dream-marijuana-strain","9":"product_tag-bulk-online","10":"product_tag-buy-snoops-dream-marijuana-strain","11":"product_tag-cheap-snoops-dream-marijuana-strain","12":"product_tag-high-quality-snoops-dream-marijuana-strain","13":"product_tag-how-to-buy-snoops-dream-marijuana-strain","14":"product_tag-order-snoops-dream-marijuana-strain","15":"product_tag-purcharse-snoops-dream-marijuana-strain","16":"product_tag-shop-snoops-dream-marijuana-strain","17":"product_tag-snoops-dream-marijuana-strain","18":"product_tag-snoops-dream-marijuana-strain-for-sale","19":"product_tag-snoops-dream-marijuana-strain-legally","20":"product_tag-snoops-dream-marijuana-strain-online","21":"product_tag-snoops-dream-marijuana-strain-price","22":"product_tag-snoops-dream-marijuana-strain-snoops-dream-marijuana-strain-supplier","23":"product_tag-snoops-dream-marijuana-strain-store","24":"product_tag-snoops-dream-marijuana-strain-use","25":"product_tag-snoops-dream-marijuana-strain-wiki","26":"product_tag-snoops-dream-marijuana-strain-worldwide","27":"product_tag-snoops-dream-marijuana-strains","28":"product_tag-top-quality","29":"product_tag-where-to-buy-snoops-dream-marijuana-strain","30":"product_tag-where-to-order-snoops-dream-marijuana-strain","31":"product_tag-wholesale-snoops-dream-marijuana-strain","32":"desktop-align-left","33":"tablet-align-left","34":"mobile-align-left","35":"ast-product-gallery-layout-horizontal","36":"ast-product-gallery-with-no-image","37":"ast-product-single-variable","38":"ast-product-tabs-layout-horizontal","39":"ast-qv-on-image","41":"first","42":"instock","43":"shipping-taxable","44":"purchasable","45":"product-type-variable"},"yoast_head":"<!-- This site is optimized with the Yoast SEO plugin v25.9 - https:\/\/yoast.com\/wordpress\/plugins\/seo\/ -->\n<title>Buy Snoops Dream Marijuana Strain Online @ Best Price<\/title>\n<meta name=\"description\" content=\"Looking to further your research? Buy snoops dream marijuana strain conveniently and securely online, with a straightforward ordering process for snoops dream marijuana strain for sale. Fast and Discreet Shipping!\" \/>\n<meta name=\"robots\" content=\"index, follow, max-snippet:-1, max-image-preview:large, max-video-preview:-1\" \/>\n<link rel=\"canonical\" href=\"https:\/\/legitgrams.com\/fr\/produit\/snoops-dream-variete-de-marijuana\/\" \/>\n<meta property=\"og:locale\" content=\"fr_FR\" \/>\n<meta property=\"og:type\" content=\"article\" \/>\n<meta property=\"og:title\" content=\"Buy Snoops Dream Marijuana Strain Online @ Best Price\" \/>\n<meta property=\"og:description\" content=\"Looking to further your research? Buy snoops dream marijuana strain conveniently and securely online, with a straightforward ordering process for snoops dream marijuana strain for sale. Fast and Discreet Shipping!\" \/>\n<meta property=\"og:url\" content=\"https:\/\/legitgrams.com\/fr\/produit\/snoops-dream-variete-de-marijuana\/\" \/>\n<meta property=\"og:site_name\" content=\"Legit Grams\" \/>\n<meta property=\"article:modified_time\" content=\"2025-01-15T05:34:55+00:00\" \/>\n<meta property=\"og:image\" content=\"https:\/\/legitgrams.com\/wp-content\/uploads\/2024\/09\/Buy-Snoops-Dream-Marijuana-Strain-Online.jpg\" \/>\n\t<meta property=\"og:image:width\" content=\"600\" \/>\n\t<meta property=\"og:image:height\" content=\"600\" \/>\n\t<meta property=\"og:image:type\" content=\"image\/jpeg\" \/>\n<meta name=\"twitter:card\" content=\"summary_large_image\" \/>\n<meta name=\"twitter:label1\" content=\"Dur\u00e9e de lecture est.\" \/>\n\t<meta name=\"twitter:data1\" content=\"1 minute\" \/>\n<script type=\"application\/ld+json\" class=\"yoast-schema-graph\">{\"@context\":\"https:\/\/schema.org\",\"@graph\":[{\"@type\":\"WebPage\",\"@id\":\"https:\/\/legitgrams.com\/product\/snoops-dream-marijuana-strain\/\",\"url\":\"https:\/\/legitgrams.com\/product\/snoops-dream-marijuana-strain\/\",\"name\":\"Buy Snoops Dream Marijuana Strain Online @ Best Price\",\"isPartOf\":{\"@id\":\"https:\/\/legitgrams.com\/#website\"},\"primaryImageOfPage\":{\"@id\":\"https:\/\/legitgrams.com\/product\/snoops-dream-marijuana-strain\/#primaryimage\"},\"image\":{\"@id\":\"https:\/\/legitgrams.com\/product\/snoops-dream-marijuana-strain\/#primaryimage\"},\"thumbnailUrl\":\"https:\/\/legitgrams.com\/wp-content\/uploads\/2024\/09\/Buy-Snoops-Dream-Marijuana-Strain-Online.jpg\",\"datePublished\":\"2024-09-20T05:38:42+00:00\",\"dateModified\":\"2025-01-15T05:34:55+00:00\",\"description\":\"Looking to further your research? Buy snoops dream marijuana strain conveniently and securely online, with a straightforward ordering process for snoops dream marijuana strain for sale. Fast and Discreet Shipping!\",\"breadcrumb\":{\"@id\":\"https:\/\/legitgrams.com\/product\/snoops-dream-marijuana-strain\/#breadcrumb\"},\"inLanguage\":\"fr-BE\",\"potentialAction\":[{\"@type\":\"ReadAction\",\"target\":[\"https:\/\/legitgrams.com\/product\/snoops-dream-marijuana-strain\/\"]}]},{\"@type\":\"ImageObject\",\"inLanguage\":\"fr-BE\",\"@id\":\"https:\/\/legitgrams.com\/product\/snoops-dream-marijuana-strain\/#primaryimage\",\"url\":\"https:\/\/legitgrams.com\/wp-content\/uploads\/2024\/09\/Buy-Snoops-Dream-Marijuana-Strain-Online.jpg\",\"contentUrl\":\"https:\/\/legitgrams.com\/wp-content\/uploads\/2024\/09\/Buy-Snoops-Dream-Marijuana-Strain-Online.jpg\",\"width\":600,\"height\":600,\"caption\":\"Snoops Dream Marijuana Strain for Sale\"},{\"@type\":\"BreadcrumbList\",\"@id\":\"https:\/\/legitgrams.com\/product\/snoops-dream-marijuana-strain\/#breadcrumb\",\"itemListElement\":[{\"@type\":\"ListItem\",\"position\":1,\"name\":\"Home\",\"item\":\"https:\/\/legitgrams.com\/\"},{\"@type\":\"ListItem\",\"position\":2,\"name\":\"Shop\",\"item\":\"https:\/\/legitgrams.com\/shop\/\"},{\"@type\":\"ListItem\",\"position\":3,\"name\":\"Snoops Dream Marijuana Strain\"}]},{\"@type\":\"WebSite\",\"@id\":\"https:\/\/legitgrams.com\/#website\",\"url\":\"https:\/\/legitgrams.com\/\",\"name\":\"Legit Grams\",\"description\":\"My WordPress Blog\",\"publisher\":{\"@id\":\"https:\/\/legitgrams.com\/#organization\"},\"potentialAction\":[{\"@type\":\"SearchAction\",\"target\":{\"@type\":\"EntryPoint\",\"urlTemplate\":\"https:\/\/legitgrams.com\/?s={search_term_string}\"},\"query-input\":{\"@type\":\"PropertyValueSpecification\",\"valueRequired\":true,\"valueName\":\"search_term_string\"}}],\"inLanguage\":\"fr-BE\"},{\"@type\":\"Organization\",\"@id\":\"https:\/\/legitgrams.com\/#organization\",\"name\":\"Legit Grams\",\"url\":\"https:\/\/legitgrams.com\/\",\"logo\":{\"@type\":\"ImageObject\",\"inLanguage\":\"fr-BE\",\"@id\":\"https:\/\/legitgrams.com\/#\/schema\/logo\/image\/\",\"url\":\"https:\/\/legitgrams.com\/wp-content\/uploads\/2024\/09\/main-logo.png\",\"contentUrl\":\"https:\/\/legitgrams.com\/wp-content\/uploads\/2024\/09\/main-logo.png\",\"width\":270,\"height\":75,\"caption\":\"Legit Grams\"},\"image\":{\"@id\":\"https:\/\/legitgrams.com\/#\/schema\/logo\/image\/\"}}]}<\/script>\n<!-- \/ Yoast SEO plugin. -->","yoast_head_json":{"title":"Achetez la vari\u00e9t\u00e9 de marijuana Snoops Dream en ligne au meilleur prix","description":"Vous souhaitez approfondir vos recherches ? Achetez la vari\u00e9t\u00e9 de marijuana snoops dream en ligne de fa\u00e7on pratique et s\u00e9curis\u00e9e, avec un processus de commande simple pour la vari\u00e9t\u00e9 de marijuana snoops dream \u00e0 vendre. Livraison rapide et discr\u00e8te !","robots":{"index":"index","follow":"follow","max-snippet":"max-snippet:-1","max-image-preview":"max-image-preview:large","max-video-preview":"max-video-preview:-1"},"canonical":"https:\/\/legitgrams.com\/fr\/produit\/snoops-dream-variete-de-marijuana\/","og_locale":"fr_FR","og_type":"article","og_title":"Buy Snoops Dream Marijuana Strain Online @ Best Price","og_description":"Looking to further your research? Buy snoops dream marijuana strain conveniently and securely online, with a straightforward ordering process for snoops dream marijuana strain for sale. Fast and Discreet Shipping!","og_url":"https:\/\/legitgrams.com\/fr\/produit\/snoops-dream-variete-de-marijuana\/","og_site_name":"Legit Grams","article_modified_time":"2025-01-15T05:34:55+00:00","og_image":[{"width":600,"height":600,"url":"https:\/\/legitgrams.com\/wp-content\/uploads\/2024\/09\/Buy-Snoops-Dream-Marijuana-Strain-Online.jpg","type":"image\/jpeg"}],"twitter_card":"summary_large_image","twitter_misc":{"Dur\u00e9e de lecture est.":"1 minute"},"schema":{"@context":"https:\/\/schema.org","@graph":[{"@type":"WebPage","@id":"https:\/\/legitgrams.com\/product\/snoops-dream-marijuana-strain\/","url":"https:\/\/legitgrams.com\/product\/snoops-dream-marijuana-strain\/","name":"Achetez la vari\u00e9t\u00e9 de marijuana Snoops Dream en ligne au meilleur prix","isPartOf":{"@id":"https:\/\/legitgrams.com\/#website"},"primaryImageOfPage":{"@id":"https:\/\/legitgrams.com\/product\/snoops-dream-marijuana-strain\/#primaryimage"},"image":{"@id":"https:\/\/legitgrams.com\/product\/snoops-dream-marijuana-strain\/#primaryimage"},"thumbnailUrl":"https:\/\/legitgrams.com\/wp-content\/uploads\/2024\/09\/Buy-Snoops-Dream-Marijuana-Strain-Online.jpg","datePublished":"2024-09-20T05:38:42+00:00","dateModified":"2025-01-15T05:34:55+00:00","description":"Vous souhaitez approfondir vos recherches ? Achetez la vari\u00e9t\u00e9 de marijuana snoops dream en ligne de fa\u00e7on pratique et s\u00e9curis\u00e9e, avec un processus de commande simple pour la vari\u00e9t\u00e9 de marijuana snoops dream \u00e0 vendre. Livraison rapide et discr\u00e8te !","breadcrumb":{"@id":"https:\/\/legitgrams.com\/product\/snoops-dream-marijuana-strain\/#breadcrumb"},"inLanguage":"fr-BE","potentialAction":[{"@type":"ReadAction","target":["https:\/\/legitgrams.com\/product\/snoops-dream-marijuana-strain\/"]}]},{"@type":"ImageObject","inLanguage":"fr-BE","@id":"https:\/\/legitgrams.com\/product\/snoops-dream-marijuana-strain\/#primaryimage","url":"https:\/\/legitgrams.com\/wp-content\/uploads\/2024\/09\/Buy-Snoops-Dream-Marijuana-Strain-Online.jpg","contentUrl":"https:\/\/legitgrams.com\/wp-content\/uploads\/2024\/09\/Buy-Snoops-Dream-Marijuana-Strain-Online.jpg","width":600,"height":600,"caption":"Snoops Dream Marijuana Strain for Sale"},{"@type":"BreadcrumbList","@id":"https:\/\/legitgrams.com\/product\/snoops-dream-marijuana-strain\/#breadcrumb","itemListElement":[{"@type":"ListItem","position":1,"name":"Home","item":"https:\/\/legitgrams.com\/"},{"@type":"ListItem","position":2,"name":"Shop","item":"https:\/\/legitgrams.com\/shop\/"},{"@type":"ListItem","position":3,"name":"Snoops Dream Marijuana Strain"}]},{"@type":"WebSite","@id":"https:\/\/legitgrams.com\/#website","url":"https:\/\/legitgrams.com\/","name":"Les grammes l\u00e9gitimes","description":"Mon blog WordPress","publisher":{"@id":"https:\/\/legitgrams.com\/#organization"},"potentialAction":[{"@type":"SearchAction","target":{"@type":"EntryPoint","urlTemplate":"https:\/\/legitgrams.com\/?s={search_term_string}"},"query-input":{"@type":"PropertyValueSpecification","valueRequired":true,"valueName":"search_term_string"}}],"inLanguage":"fr-BE"},{"@type":"Organization","@id":"https:\/\/legitgrams.com\/#organization","name":"Les grammes l\u00e9gitimes","url":"https:\/\/legitgrams.com\/","logo":{"@type":"ImageObject","inLanguage":"fr-BE","@id":"https:\/\/legitgrams.com\/#\/schema\/logo\/image\/","url":"https:\/\/legitgrams.com\/wp-content\/uploads\/2024\/09\/main-logo.png","contentUrl":"https:\/\/legitgrams.com\/wp-content\/uploads\/2024\/09\/main-logo.png","width":270,"height":75,"caption":"Legit Grams"},"image":{"@id":"https:\/\/legitgrams.com\/#\/schema\/logo\/image\/"}}]}},"uagb_featured_image_src":{"full":["https:\/\/legitgrams.com\/wp-content\/uploads\/2024\/09\/Buy-Snoops-Dream-Marijuana-Strain-Online.jpg",600,600,false],"thumbnail":["https:\/\/legitgrams.com\/wp-content\/uploads\/2024\/09\/Buy-Snoops-Dream-Marijuana-Strain-Online-150x150.jpg",150,150,true],"medium":["https:\/\/legitgrams.com\/wp-content\/uploads\/2024\/09\/Buy-Snoops-Dream-Marijuana-Strain-Online-300x300.jpg",300,300,true],"medium_large":["https:\/\/legitgrams.com\/wp-content\/uploads\/2024\/09\/Buy-Snoops-Dream-Marijuana-Strain-Online.jpg",600,600,false],"large":["https:\/\/legitgrams.com\/wp-content\/uploads\/2024\/09\/Buy-Snoops-Dream-Marijuana-Strain-Online.jpg",600,600,false],"1536x1536":["https:\/\/legitgrams.com\/wp-content\/uploads\/2024\/09\/Buy-Snoops-Dream-Marijuana-Strain-Online.jpg",600,600,false],"2048x2048":["https:\/\/legitgrams.com\/wp-content\/uploads\/2024\/09\/Buy-Snoops-Dream-Marijuana-Strain-Online.jpg",600,600,false],"trp-custom-language-flag":["https:\/\/legitgrams.com\/wp-content\/uploads\/2024\/09\/Buy-Snoops-Dream-Marijuana-Strain-Online-12x12.jpg",12,12,true],"woocommerce_thumbnail":["https:\/\/legitgrams.com\/wp-content\/uploads\/2024\/09\/Buy-Snoops-Dream-Marijuana-Strain-Online-300x300.jpg",300,300,true],"woocommerce_single":["https:\/\/legitgrams.com\/wp-content\/uploads\/2024\/09\/Buy-Snoops-Dream-Marijuana-Strain-Online.jpg",600,600,false],"woocommerce_gallery_thumbnail":["https:\/\/legitgrams.com\/wp-content\/uploads\/2024\/09\/Buy-Snoops-Dream-Marijuana-Strain-Online-100x100.jpg",100,100,true]},"uagb_author_info":{"display_name":"cokeblog18","author_link":"https:\/\/legitgrams.com\/fr\/author\/"},"uagb_comment_info":0,"uagb_excerpt":"Purchase Snoops Dream Marijuana Strain Online Effects: euphoric, creative, energizing, giddy, joyful, calming, and elevating; may relieve Chronic Pain, Depression, Fatigue, Headaches, Insomnia, PMS, PTSD, Bipolar Disorder, and Stress Flavors Blueberry, Vanilla, Sugary, Sweet, Buttery, Pine, and Berry Purchase Snoops Dream Cannabis Strain Online &#8211; purchase marijuana strains, purchase Snoops Dream Cannabis Strain, purchase Dream&hellip;","_links":{"self":[{"href":"https:\/\/legitgrams.com\/fr\/wp-json\/wp\/v2\/product\/3810","targetHints":{"allow":["GET"]}}],"collection":[{"href":"https:\/\/legitgrams.com\/fr\/wp-json\/wp\/v2\/product"}],"about":[{"href":"https:\/\/legitgrams.com\/fr\/wp-json\/wp\/v2\/types\/product"}],"replies":[{"embeddable":true,"href":"https:\/\/legitgrams.com\/fr\/wp-json\/wp\/v2\/comments?post=3810"}],"wp:featuredmedia":[{"embeddable":true,"href":"https:\/\/legitgrams.com\/fr\/wp-json\/wp\/v2\/media\/5421"}],"wp:attachment":[{"href":"https:\/\/legitgrams.com\/fr\/wp-json\/wp\/v2\/media?parent=3810"}],"wp:term":[{"taxonomy":"product_brand","embeddable":true,"href":"https:\/\/legitgrams.com\/fr\/wp-json\/wp\/v2\/product_brand?post=3810"},{"taxonomy":"product_cat","embeddable":true,"href":"https:\/\/legitgrams.com\/fr\/wp-json\/wp\/v2\/product_cat?post=3810"},{"taxonomy":"product_tag","embeddable":true,"href":"https:\/\/legitgrams.com\/fr\/wp-json\/wp\/v2\/product_tag?post=3810"}],"curies":[{"name":"wp","href":"https:\/\/api.w.org\/{rel}","templated":true}]}}