{"id":3814,"date":"2024-09-20T05:53:37","date_gmt":"2024-09-20T05:53:37","guid":{"rendered":"https:\/\/legitgrams.com\/?post_type=product&#038;p=3814"},"modified":"2025-01-14T10:26:58","modified_gmt":"2025-01-14T10:26:58","slug":"commander-pink-kush-aaaaa","status":"publish","type":"product","link":"https:\/\/legitgrams.com\/fr\/produit\/commander-pink-kush-aaaaa\/","title":{"rendered":"Commander Pink Kush (AAAAA)"},"content":{"rendered":"<h2>Acheter Pink Kush en ligne (Aaa)<\/h2>\n<p><a href=\"https:\/\/legitgrams.com\/fr\/produit\/commander-pink-kush-aaaaa\/\">Rose Kush<\/a> est une vari\u00e9t\u00e9 hybride qui peut produire des effets puissants ou incapacitants ; elle est connue dans le nord-ouest du Pacifique et au Canada. Il est important de se rappeler que cette vari\u00e9t\u00e9 contient du 24% ThC, car m\u00eame les utilisateurs ayant une tol\u00e9rance \u00e9lev\u00e9e d\u00e9clarent se sentir tr\u00e8s puissants et intoxiqu\u00e9s. Bien que ses origines exactes soient incertaines, on pense que cette l\u00e9gende de la c\u00f4te ouest est issue de la m\u00eame vari\u00e9t\u00e9 de cannabis que l'OG Kush originale, reconnue pour ses propri\u00e9t\u00e9s relaxantes et curatives. La grande plante connue sous le nom de Pink Kush est sp\u00e9ciale, car elle produit de l'exaltation, de l'inspiration et des rires qui chassent tout stress et toute anxi\u00e9t\u00e9, m\u00eame s'il s'agit d'un hybride \u00e0 dominante Indica.<\/p>\n<p>Pr\u00e9parez-vous \u00e0 des hauteurs solides et lourdes. La pointe de Pink Kush ralentit instantan\u00e9ment le cerveau et devient alors tranquille et relaxante, aidant \u00e0 soulager la douleur, les migraines, l'insomnie et les naus\u00e9es. Les amateurs de gaz appr\u00e9cieront la Pink Kush en raison de ses forts accents de diesel et de gaz combin\u00e9s \u00e0 des notes sucr\u00e9es et de pin, tant au niveau du parfum que du go\u00fbt. <a href=\"https:\/\/legitgrams.com\/fr\/\">LegitGrams<\/a><\/p>\n<p>Achat en ligne de Pink Kush : Achat Kush, Achat Kush, Achat Kush Online, O\u00f9 acheter Pink Kush, Pink Kush \u00e0 vendre, Kush \u00e0 vendre, Achat Kush Online, O\u00f9 acheter Pink Kush, Pink Kush \u00e0 vendre aux USA, Canada, UK, Achat, Online, Fournisseurs, Livraison s\u00e9curis\u00e9e, <a href=\"https:\/\/en.wikipedia.org\/wiki\/Kush_(cannabis)\">Rose Kush<\/a> est toujours disponible. Vous pouvez l'acqu\u00e9rir en ligne. La Pink Kush est-elle l\u00e9gale au Canada ? Puis-je acheter de la Pink Kush aux \u00c9tats-Unis ?<\/p>","protected":false},"excerpt":{"rendered":"<p>Purchase Pink Kush Online (AAAAA) Pink Kush is a hybrid strain that can provide strong or incapacitating effects; it is known in the Pacific Northwest and Canada. It is important to remember that this strain contains 24% ThC because even users with high tolerances report feeling quite potent and intoxicated. While its exact origins are &hellip;<\/p>\n<p class=\"read-more\"> <a class=\"\" href=\"https:\/\/legitgrams.com\/fr\/produit\/commander-pink-kush-aaaaa\/\"> <span class=\"screen-reader-text\">Commander Pink Kush (AAAAA)<\/span> Lire la suite \"<\/a><\/p>","protected":false},"featured_media":5423,"comment_status":"open","ping_status":"closed","template":"","meta":{"_uag_custom_page_level_css":"","site-sidebar-layout":"default","site-content-layout":"default","ast-global-header-display":"","ast-main-header-display":"","ast-hfb-above-header-display":"","ast-hfb-below-header-display":"","ast-hfb-mobile-header-display":"","site-post-title":"","ast-breadcrumbs-content":"","ast-featured-img":"","footer-sml-layout":"","theme-transparent-header-meta":"default","adv-header-id-meta":"","stick-header-meta":"default","header-above-stick-meta":"","header-main-stick-meta":"","header-below-stick-meta":"","_joinchat":[]},"product_brand":[],"product_cat":[607],"product_tag":[5085,5075,617,5067,5082,5079,5074,5072,5066,5069,5077,5068,5070,5078,5080,5087,5088,5086,5083,5084,5081,625,5073,5076,5071],"class_list":{"0":"post-3814","1":"product","2":"type-product","3":"status-publish","4":"has-post-thumbnail","6":"product_cat-marijuana-cannabis","7":"product_tag-best-cheap-price-order-pink-kush-aaaaa","8":"product_tag-best-place-to-buy-order-pink-kush-aaaaa","9":"product_tag-bulk-online","10":"product_tag-buy-order-pink-kush-aaaaa","11":"product_tag-cheap-order-pink-kush-aaaaa","12":"product_tag-high-quality-order-pink-kush-aaaaa","13":"product_tag-how-to-buy-order-pink-kush-aaaaa","14":"product_tag-order-order-pink-kush-aaaaa","15":"product_tag-order-pink-kush-aaaaa","16":"product_tag-order-pink-kush-aaaaa-for-sale","17":"product_tag-order-pink-kush-aaaaa-legally","18":"product_tag-order-pink-kush-aaaaa-online","19":"product_tag-order-pink-kush-aaaaa-order-pink-kush-aaaaa-supplier","20":"product_tag-order-pink-kush-aaaaa-price","21":"product_tag-order-pink-kush-aaaaa-store","22":"product_tag-order-pink-kush-aaaaa-use","23":"product_tag-order-pink-kush-aaaaa-wiki","24":"product_tag-order-pink-kush-aaaaa-worldwide","25":"product_tag-order-pink-kush-aaaaas","26":"product_tag-purcharse-order-pink-kush-aaaaa","27":"product_tag-shop-order-pink-kush-aaaaa","28":"product_tag-top-quality","29":"product_tag-where-to-buy-order-pink-kush-aaaaa","30":"product_tag-where-to-order-order-pink-kush-aaaaa","31":"product_tag-wholesale-order-pink-kush-aaaaa","32":"desktop-align-left","33":"tablet-align-left","34":"mobile-align-left","35":"ast-product-gallery-layout-horizontal","36":"ast-product-gallery-with-no-image","37":"ast-product-single-variable","38":"ast-product-tabs-layout-horizontal","39":"ast-qv-on-image","41":"first","42":"instock","43":"shipping-taxable","44":"purchasable","45":"product-type-variable"},"yoast_head":"<!-- This site is optimized with the Yoast SEO plugin v25.9 - https:\/\/yoast.com\/wordpress\/plugins\/seo\/ -->\n<title>Pink Kush (AAAAA) for Sale - Buy Pink Kush (AAAAA) Online<\/title>\n<meta name=\"description\" content=\"Explore our online store for Pink Kush (AAAAA for sale, offering high-quality Pink Kush (AAAAA. Buy Pink Kush (AAAAA online securely and embark on your research journey with confidence.\" \/>\n<meta name=\"robots\" content=\"index, follow, max-snippet:-1, max-image-preview:large, max-video-preview:-1\" \/>\n<link rel=\"canonical\" href=\"https:\/\/legitgrams.com\/fr\/produit\/commander-pink-kush-aaaaa\/\" \/>\n<meta property=\"og:locale\" content=\"fr_FR\" \/>\n<meta property=\"og:type\" content=\"article\" \/>\n<meta property=\"og:title\" content=\"Pink Kush (AAAAA) for Sale - Buy Pink Kush (AAAAA) Online\" \/>\n<meta property=\"og:description\" content=\"Explore our online store for Pink Kush (AAAAA for sale, offering high-quality Pink Kush (AAAAA. Buy Pink Kush (AAAAA online securely and embark on your research journey with confidence.\" \/>\n<meta property=\"og:url\" content=\"https:\/\/legitgrams.com\/fr\/produit\/commander-pink-kush-aaaaa\/\" \/>\n<meta property=\"og:site_name\" content=\"Legit Grams\" \/>\n<meta property=\"article:modified_time\" content=\"2025-01-14T10:26:58+00:00\" \/>\n<meta property=\"og:image\" content=\"https:\/\/legitgrams.com\/wp-content\/uploads\/2024\/09\/Order-Pink-Kush-1.jpg\" \/>\n\t<meta property=\"og:image:width\" content=\"600\" \/>\n\t<meta property=\"og:image:height\" content=\"600\" \/>\n\t<meta property=\"og:image:type\" content=\"image\/jpeg\" \/>\n<meta name=\"twitter:card\" content=\"summary_large_image\" \/>\n<meta name=\"twitter:label1\" content=\"Dur\u00e9e de lecture est.\" \/>\n\t<meta name=\"twitter:data1\" content=\"2 minutes\" \/>\n<script type=\"application\/ld+json\" class=\"yoast-schema-graph\">{\"@context\":\"https:\/\/schema.org\",\"@graph\":[{\"@type\":\"WebPage\",\"@id\":\"https:\/\/legitgrams.com\/product\/order-pink-kush-aaaaa\/\",\"url\":\"https:\/\/legitgrams.com\/product\/order-pink-kush-aaaaa\/\",\"name\":\"Pink Kush (AAAAA) for Sale - Buy Pink Kush (AAAAA) Online\",\"isPartOf\":{\"@id\":\"https:\/\/legitgrams.com\/#website\"},\"primaryImageOfPage\":{\"@id\":\"https:\/\/legitgrams.com\/product\/order-pink-kush-aaaaa\/#primaryimage\"},\"image\":{\"@id\":\"https:\/\/legitgrams.com\/product\/order-pink-kush-aaaaa\/#primaryimage\"},\"thumbnailUrl\":\"https:\/\/legitgrams.com\/wp-content\/uploads\/2024\/09\/Order-Pink-Kush-1.jpg\",\"datePublished\":\"2024-09-20T05:53:37+00:00\",\"dateModified\":\"2025-01-14T10:26:58+00:00\",\"description\":\"Explore our online store for Pink Kush (AAAAA for sale, offering high-quality Pink Kush (AAAAA. Buy Pink Kush (AAAAA online securely and embark on your research journey with confidence.\",\"breadcrumb\":{\"@id\":\"https:\/\/legitgrams.com\/product\/order-pink-kush-aaaaa\/#breadcrumb\"},\"inLanguage\":\"fr-BE\",\"potentialAction\":[{\"@type\":\"ReadAction\",\"target\":[\"https:\/\/legitgrams.com\/product\/order-pink-kush-aaaaa\/\"]}]},{\"@type\":\"ImageObject\",\"inLanguage\":\"fr-BE\",\"@id\":\"https:\/\/legitgrams.com\/product\/order-pink-kush-aaaaa\/#primaryimage\",\"url\":\"https:\/\/legitgrams.com\/wp-content\/uploads\/2024\/09\/Order-Pink-Kush-1.jpg\",\"contentUrl\":\"https:\/\/legitgrams.com\/wp-content\/uploads\/2024\/09\/Order-Pink-Kush-1.jpg\",\"width\":600,\"height\":600,\"caption\":\"Order Pink Kush (AAAAA) for Sale\"},{\"@type\":\"BreadcrumbList\",\"@id\":\"https:\/\/legitgrams.com\/product\/order-pink-kush-aaaaa\/#breadcrumb\",\"itemListElement\":[{\"@type\":\"ListItem\",\"position\":1,\"name\":\"Home\",\"item\":\"https:\/\/legitgrams.com\/\"},{\"@type\":\"ListItem\",\"position\":2,\"name\":\"Shop\",\"item\":\"https:\/\/legitgrams.com\/shop\/\"},{\"@type\":\"ListItem\",\"position\":3,\"name\":\"Order Pink Kush (AAAAA)\"}]},{\"@type\":\"WebSite\",\"@id\":\"https:\/\/legitgrams.com\/#website\",\"url\":\"https:\/\/legitgrams.com\/\",\"name\":\"Legit Grams\",\"description\":\"My WordPress Blog\",\"publisher\":{\"@id\":\"https:\/\/legitgrams.com\/#organization\"},\"potentialAction\":[{\"@type\":\"SearchAction\",\"target\":{\"@type\":\"EntryPoint\",\"urlTemplate\":\"https:\/\/legitgrams.com\/?s={search_term_string}\"},\"query-input\":{\"@type\":\"PropertyValueSpecification\",\"valueRequired\":true,\"valueName\":\"search_term_string\"}}],\"inLanguage\":\"fr-BE\"},{\"@type\":\"Organization\",\"@id\":\"https:\/\/legitgrams.com\/#organization\",\"name\":\"Legit Grams\",\"url\":\"https:\/\/legitgrams.com\/\",\"logo\":{\"@type\":\"ImageObject\",\"inLanguage\":\"fr-BE\",\"@id\":\"https:\/\/legitgrams.com\/#\/schema\/logo\/image\/\",\"url\":\"https:\/\/legitgrams.com\/wp-content\/uploads\/2024\/09\/main-logo.png\",\"contentUrl\":\"https:\/\/legitgrams.com\/wp-content\/uploads\/2024\/09\/main-logo.png\",\"width\":270,\"height\":75,\"caption\":\"Legit Grams\"},\"image\":{\"@id\":\"https:\/\/legitgrams.com\/#\/schema\/logo\/image\/\"}}]}<\/script>\n<!-- \/ Yoast SEO plugin. -->","yoast_head_json":{"title":"Pink Kush (AAAAA) \u00e0 vendre - Achetez Pink Kush (AAAAA) en ligne","description":"Explorez notre magasin en ligne pour Pink Kush (AAAAA) \u00e0 vendre, offrant des Pink Kush (AAAAA) de haute qualit\u00e9. Achetez Pink Kush (AAAAA) en ligne en toute s\u00e9curit\u00e9 et commencez votre recherche en toute confiance.","robots":{"index":"index","follow":"follow","max-snippet":"max-snippet:-1","max-image-preview":"max-image-preview:large","max-video-preview":"max-video-preview:-1"},"canonical":"https:\/\/legitgrams.com\/fr\/produit\/commander-pink-kush-aaaaa\/","og_locale":"fr_FR","og_type":"article","og_title":"Pink Kush (AAAAA) for Sale - Buy Pink Kush (AAAAA) Online","og_description":"Explore our online store for Pink Kush (AAAAA for sale, offering high-quality Pink Kush (AAAAA. Buy Pink Kush (AAAAA online securely and embark on your research journey with confidence.","og_url":"https:\/\/legitgrams.com\/fr\/produit\/commander-pink-kush-aaaaa\/","og_site_name":"Legit Grams","article_modified_time":"2025-01-14T10:26:58+00:00","og_image":[{"width":600,"height":600,"url":"https:\/\/legitgrams.com\/wp-content\/uploads\/2024\/09\/Order-Pink-Kush-1.jpg","type":"image\/jpeg"}],"twitter_card":"summary_large_image","twitter_misc":{"Dur\u00e9e de lecture est.":"2 minutes"},"schema":{"@context":"https:\/\/schema.org","@graph":[{"@type":"WebPage","@id":"https:\/\/legitgrams.com\/product\/order-pink-kush-aaaaa\/","url":"https:\/\/legitgrams.com\/product\/order-pink-kush-aaaaa\/","name":"Pink Kush (AAAAA) \u00e0 vendre - Achetez Pink Kush (AAAAA) en ligne","isPartOf":{"@id":"https:\/\/legitgrams.com\/#website"},"primaryImageOfPage":{"@id":"https:\/\/legitgrams.com\/product\/order-pink-kush-aaaaa\/#primaryimage"},"image":{"@id":"https:\/\/legitgrams.com\/product\/order-pink-kush-aaaaa\/#primaryimage"},"thumbnailUrl":"https:\/\/legitgrams.com\/wp-content\/uploads\/2024\/09\/Order-Pink-Kush-1.jpg","datePublished":"2024-09-20T05:53:37+00:00","dateModified":"2025-01-14T10:26:58+00:00","description":"Explorez notre magasin en ligne pour Pink Kush (AAAAA) \u00e0 vendre, offrant des Pink Kush (AAAAA) de haute qualit\u00e9. Achetez Pink Kush (AAAAA) en ligne en toute s\u00e9curit\u00e9 et commencez votre recherche en toute confiance.","breadcrumb":{"@id":"https:\/\/legitgrams.com\/product\/order-pink-kush-aaaaa\/#breadcrumb"},"inLanguage":"fr-BE","potentialAction":[{"@type":"ReadAction","target":["https:\/\/legitgrams.com\/product\/order-pink-kush-aaaaa\/"]}]},{"@type":"ImageObject","inLanguage":"fr-BE","@id":"https:\/\/legitgrams.com\/product\/order-pink-kush-aaaaa\/#primaryimage","url":"https:\/\/legitgrams.com\/wp-content\/uploads\/2024\/09\/Order-Pink-Kush-1.jpg","contentUrl":"https:\/\/legitgrams.com\/wp-content\/uploads\/2024\/09\/Order-Pink-Kush-1.jpg","width":600,"height":600,"caption":"Order Pink Kush (AAAAA) for Sale"},{"@type":"BreadcrumbList","@id":"https:\/\/legitgrams.com\/product\/order-pink-kush-aaaaa\/#breadcrumb","itemListElement":[{"@type":"ListItem","position":1,"name":"Home","item":"https:\/\/legitgrams.com\/"},{"@type":"ListItem","position":2,"name":"Shop","item":"https:\/\/legitgrams.com\/shop\/"},{"@type":"ListItem","position":3,"name":"Order Pink Kush (AAAAA)"}]},{"@type":"WebSite","@id":"https:\/\/legitgrams.com\/#website","url":"https:\/\/legitgrams.com\/","name":"Les grammes l\u00e9gitimes","description":"Mon blog WordPress","publisher":{"@id":"https:\/\/legitgrams.com\/#organization"},"potentialAction":[{"@type":"SearchAction","target":{"@type":"EntryPoint","urlTemplate":"https:\/\/legitgrams.com\/?s={search_term_string}"},"query-input":{"@type":"PropertyValueSpecification","valueRequired":true,"valueName":"search_term_string"}}],"inLanguage":"fr-BE"},{"@type":"Organization","@id":"https:\/\/legitgrams.com\/#organization","name":"Les grammes l\u00e9gitimes","url":"https:\/\/legitgrams.com\/","logo":{"@type":"ImageObject","inLanguage":"fr-BE","@id":"https:\/\/legitgrams.com\/#\/schema\/logo\/image\/","url":"https:\/\/legitgrams.com\/wp-content\/uploads\/2024\/09\/main-logo.png","contentUrl":"https:\/\/legitgrams.com\/wp-content\/uploads\/2024\/09\/main-logo.png","width":270,"height":75,"caption":"Legit Grams"},"image":{"@id":"https:\/\/legitgrams.com\/#\/schema\/logo\/image\/"}}]}},"uagb_featured_image_src":{"full":["https:\/\/legitgrams.com\/wp-content\/uploads\/2024\/09\/Order-Pink-Kush-1.jpg",600,600,false],"thumbnail":["https:\/\/legitgrams.com\/wp-content\/uploads\/2024\/09\/Order-Pink-Kush-1-150x150.jpg",150,150,true],"medium":["https:\/\/legitgrams.com\/wp-content\/uploads\/2024\/09\/Order-Pink-Kush-1-300x300.jpg",300,300,true],"medium_large":["https:\/\/legitgrams.com\/wp-content\/uploads\/2024\/09\/Order-Pink-Kush-1.jpg",600,600,false],"large":["https:\/\/legitgrams.com\/wp-content\/uploads\/2024\/09\/Order-Pink-Kush-1.jpg",600,600,false],"1536x1536":["https:\/\/legitgrams.com\/wp-content\/uploads\/2024\/09\/Order-Pink-Kush-1.jpg",600,600,false],"2048x2048":["https:\/\/legitgrams.com\/wp-content\/uploads\/2024\/09\/Order-Pink-Kush-1.jpg",600,600,false],"trp-custom-language-flag":["https:\/\/legitgrams.com\/wp-content\/uploads\/2024\/09\/Order-Pink-Kush-1-12x12.jpg",12,12,true],"woocommerce_thumbnail":["https:\/\/legitgrams.com\/wp-content\/uploads\/2024\/09\/Order-Pink-Kush-1-300x300.jpg",300,300,true],"woocommerce_single":["https:\/\/legitgrams.com\/wp-content\/uploads\/2024\/09\/Order-Pink-Kush-1.jpg",600,600,false],"woocommerce_gallery_thumbnail":["https:\/\/legitgrams.com\/wp-content\/uploads\/2024\/09\/Order-Pink-Kush-1-100x100.jpg",100,100,true]},"uagb_author_info":{"display_name":"cokeblog18","author_link":"https:\/\/legitgrams.com\/fr\/author\/"},"uagb_comment_info":0,"uagb_excerpt":"Purchase Pink Kush Online (AAAAA) Pink Kush is a hybrid strain that can provide strong or incapacitating effects; it is known in the Pacific Northwest and Canada. It is important to remember that this strain contains 24% ThC because even users with high tolerances report feeling quite potent and intoxicated. While its exact origins are&hellip;","_links":{"self":[{"href":"https:\/\/legitgrams.com\/fr\/wp-json\/wp\/v2\/product\/3814","targetHints":{"allow":["GET"]}}],"collection":[{"href":"https:\/\/legitgrams.com\/fr\/wp-json\/wp\/v2\/product"}],"about":[{"href":"https:\/\/legitgrams.com\/fr\/wp-json\/wp\/v2\/types\/product"}],"replies":[{"embeddable":true,"href":"https:\/\/legitgrams.com\/fr\/wp-json\/wp\/v2\/comments?post=3814"}],"wp:featuredmedia":[{"embeddable":true,"href":"https:\/\/legitgrams.com\/fr\/wp-json\/wp\/v2\/media\/5423"}],"wp:attachment":[{"href":"https:\/\/legitgrams.com\/fr\/wp-json\/wp\/v2\/media?parent=3814"}],"wp:term":[{"taxonomy":"product_brand","embeddable":true,"href":"https:\/\/legitgrams.com\/fr\/wp-json\/wp\/v2\/product_brand?post=3814"},{"taxonomy":"product_cat","embeddable":true,"href":"https:\/\/legitgrams.com\/fr\/wp-json\/wp\/v2\/product_cat?post=3814"},{"taxonomy":"product_tag","embeddable":true,"href":"https:\/\/legitgrams.com\/fr\/wp-json\/wp\/v2\/product_tag?post=3814"}],"curies":[{"name":"wp","href":"https:\/\/api.w.org\/{rel}","templated":true}]}}