{"id":3815,"date":"2024-09-20T05:56:07","date_gmt":"2024-09-20T05:56:07","guid":{"rendered":"https:\/\/legitgrams.com\/?post_type=product&#038;p=3815"},"modified":"2025-01-14T05:13:13","modified_gmt":"2025-01-14T05:13:13","slug":"pamplemousse-marijuana","status":"publish","type":"product","link":"https:\/\/legitgrams.com\/fr\/produit\/pamplemousse-marijuana\/","title":{"rendered":"Pamplemousse Marijuana"},"content":{"rendered":"<h2>Acheter du cannabis pamplemousse en ligne<\/h2>\n<p>Superior Quality <a href=\"https:\/\/legitgrams.com\/fr\/produit\/pamplemousse-marijuana\/\">Pamplemousse (AAAA)<\/a> All cannabis lovers are familiar with the strain known as Cannabis Grapefruit (AAAA). Numerous accolades have been bestowed upon this sativa-dominant classic. This strain, a cross between Cinderella 99 and an unknown sativa-dominant strain, provides some of the most potent mental effects you&#8217;ve ever experienced.<\/p>\n<p>As a result, the medical and recreational cannabis communities hold this delicious strain in high regard and see it as one of the most potent strains available.<span style=\"font-size: 16px;\">\u00a0<\/span><a style=\"font-size: 16px; background-color: #ffffff;\" href=\"https:\/\/legitgrams.com\/fr\/\">LegitGrams<\/a><\/p>\n<p>Superior Quality Grapefruit Cannabis Online &#8211; Buy Grapefruit Cannabis Online &#8211; Buy Quality Cannabis Online &#8211; Buy Quality Cannabis Online &#8211; Where to Buy Quality Cannabis, Quality Cannabis for Sale, Grapefruit Cannabis for Sale, Buy Cannabis Online &#8211; Buy Cannabis Online &#8211; Suppliers, Secure Delivery, Quality Cannabis for Sale in the United States, Canada, and the United Kingdom, High-quality grapefruit cannabis is still available. Is it legal to buy high-quality grapefruit cannabis in the US? How do I place an order for high-quality grapefruit cannabis? Does Canada allow the usage of high-quality <a href=\"https:\/\/en.wikipedia.org\/wiki\/Grapefruit\">pamplemousse<\/a> cannabis?<\/p>","protected":false},"excerpt":{"rendered":"<p>Purchase Grapefruit Cannabis Online Superior Quality Grapefruit (AAAA) All cannabis lovers are familiar with the strain known as Cannabis Grapefruit (AAAA). Numerous accolades have been bestowed upon this sativa-dominant classic. This strain, a cross between Cinderella 99 and an unknown sativa-dominant strain, provides some of the most potent mental effects you&#8217;ve ever experienced. As a &hellip;<\/p>\n<p class=\"read-more\"> <a class=\"\" href=\"https:\/\/legitgrams.com\/fr\/produit\/pamplemousse-marijuana\/\"> <span class=\"screen-reader-text\">Pamplemousse Marijuana<\/span> Lire la suite \"<\/a><\/p>","protected":false},"featured_media":5430,"comment_status":"open","ping_status":"closed","template":"","meta":{"_uag_custom_page_level_css":"","site-sidebar-layout":"default","site-content-layout":"default","ast-global-header-display":"","ast-main-header-display":"","ast-hfb-above-header-display":"","ast-hfb-below-header-display":"","ast-hfb-mobile-header-display":"","site-post-title":"","ast-breadcrumbs-content":"","ast-featured-img":"","footer-sml-layout":"","theme-transparent-header-meta":"default","adv-header-id-meta":"","stick-header-meta":"default","header-above-stick-meta":"","header-main-stick-meta":"","header-below-stick-meta":"","_joinchat":[]},"product_brand":[],"product_cat":[607],"product_tag":[5062,5052,617,5044,5059,5043,5046,5047,5054,5045,5055,5057,5064,5065,5063,5060,5056,5051,5049,5061,5058,625,5050,5053,5048],"class_list":{"0":"post-3815","1":"product","2":"type-product","3":"status-publish","4":"has-post-thumbnail","6":"product_cat-marijuana-cannabis","7":"product_tag-best-cheap-price-grapefruit-marijuana","8":"product_tag-best-place-to-buy-grapefruit-marijuana","9":"product_tag-bulk-online","10":"product_tag-buy-grapefruit-marijuana","11":"product_tag-cheap-grapefruit-marijuana","12":"product_tag-grapefruit-marijuana","13":"product_tag-grapefruit-marijuana-for-sale","14":"product_tag-grapefruit-marijuana-grapefruit-marijuana-supplier","15":"product_tag-grapefruit-marijuana-legally","16":"product_tag-grapefruit-marijuana-online","17":"product_tag-grapefruit-marijuana-price","18":"product_tag-grapefruit-marijuana-store","19":"product_tag-grapefruit-marijuana-use","20":"product_tag-grapefruit-marijuana-wiki","21":"product_tag-grapefruit-marijuana-worldwide","22":"product_tag-grapefruit-marijuanas","23":"product_tag-high-quality-grapefruit-marijuana","24":"product_tag-how-to-buy-grapefruit-marijuana","25":"product_tag-order-grapefruit-marijuana","26":"product_tag-purcharse-grapefruit-marijuana","27":"product_tag-shop-grapefruit-marijuana","28":"product_tag-top-quality","29":"product_tag-where-to-buy-grapefruit-marijuana","30":"product_tag-where-to-order-grapefruit-marijuana","31":"product_tag-wholesale-grapefruit-marijuana","32":"desktop-align-left","33":"tablet-align-left","34":"mobile-align-left","35":"ast-product-gallery-layout-horizontal","36":"ast-product-gallery-with-no-image","37":"ast-product-single-variable","38":"ast-product-tabs-layout-horizontal","39":"ast-qv-on-image","41":"first","42":"instock","43":"shipping-taxable","44":"purchasable","45":"product-type-variable"},"yoast_head":"<!-- This site is optimized with the Yoast SEO plugin v25.9 - https:\/\/yoast.com\/wordpress\/plugins\/seo\/ -->\n<title>Grapefruit Marijuana for Sale - Order Grapefruit Marijuana Online<\/title>\n<meta name=\"description\" content=\"Explore our online store for Grapefruit Marijuana for sale, offering high-quality Grapefruit Marijuana. Buy Grapefruit Marijuana online securely and embark on your research journey with confidence.\" \/>\n<meta name=\"robots\" content=\"index, follow, max-snippet:-1, max-image-preview:large, max-video-preview:-1\" \/>\n<link rel=\"canonical\" href=\"https:\/\/legitgrams.com\/fr\/produit\/pamplemousse-marijuana\/\" \/>\n<meta property=\"og:locale\" content=\"fr_FR\" \/>\n<meta property=\"og:type\" content=\"article\" \/>\n<meta property=\"og:title\" content=\"Grapefruit Marijuana for Sale - Order Grapefruit Marijuana Online\" \/>\n<meta property=\"og:description\" content=\"Explore our online store for Grapefruit Marijuana for sale, offering high-quality Grapefruit Marijuana. Buy Grapefruit Marijuana online securely and embark on your research journey with confidence.\" \/>\n<meta property=\"og:url\" content=\"https:\/\/legitgrams.com\/fr\/produit\/pamplemousse-marijuana\/\" \/>\n<meta property=\"og:site_name\" content=\"Legit Grams\" \/>\n<meta property=\"article:modified_time\" content=\"2025-01-14T05:13:13+00:00\" \/>\n<meta property=\"og:image\" content=\"https:\/\/legitgrams.com\/wp-content\/uploads\/2024\/09\/Premium-Quality-Grapefruit-Marijuana-Online.jpg\" \/>\n\t<meta property=\"og:image:width\" content=\"600\" \/>\n\t<meta property=\"og:image:height\" content=\"600\" \/>\n\t<meta property=\"og:image:type\" content=\"image\/jpeg\" \/>\n<meta name=\"twitter:card\" content=\"summary_large_image\" \/>\n<meta name=\"twitter:label1\" content=\"Dur\u00e9e de lecture est.\" \/>\n\t<meta name=\"twitter:data1\" content=\"1 minute\" \/>\n<script type=\"application\/ld+json\" class=\"yoast-schema-graph\">{\"@context\":\"https:\/\/schema.org\",\"@graph\":[{\"@type\":\"WebPage\",\"@id\":\"https:\/\/legitgrams.com\/product\/grapefruit-marijuana\/\",\"url\":\"https:\/\/legitgrams.com\/product\/grapefruit-marijuana\/\",\"name\":\"Grapefruit Marijuana for Sale - Order Grapefruit Marijuana Online\",\"isPartOf\":{\"@id\":\"https:\/\/legitgrams.com\/#website\"},\"primaryImageOfPage\":{\"@id\":\"https:\/\/legitgrams.com\/product\/grapefruit-marijuana\/#primaryimage\"},\"image\":{\"@id\":\"https:\/\/legitgrams.com\/product\/grapefruit-marijuana\/#primaryimage\"},\"thumbnailUrl\":\"https:\/\/legitgrams.com\/wp-content\/uploads\/2024\/09\/Premium-Quality-Grapefruit-Marijuana-Online.jpg\",\"datePublished\":\"2024-09-20T05:56:07+00:00\",\"dateModified\":\"2025-01-14T05:13:13+00:00\",\"description\":\"Explore our online store for Grapefruit Marijuana for sale, offering high-quality Grapefruit Marijuana. Buy Grapefruit Marijuana online securely and embark on your research journey with confidence.\",\"breadcrumb\":{\"@id\":\"https:\/\/legitgrams.com\/product\/grapefruit-marijuana\/#breadcrumb\"},\"inLanguage\":\"fr-BE\",\"potentialAction\":[{\"@type\":\"ReadAction\",\"target\":[\"https:\/\/legitgrams.com\/product\/grapefruit-marijuana\/\"]}]},{\"@type\":\"ImageObject\",\"inLanguage\":\"fr-BE\",\"@id\":\"https:\/\/legitgrams.com\/product\/grapefruit-marijuana\/#primaryimage\",\"url\":\"https:\/\/legitgrams.com\/wp-content\/uploads\/2024\/09\/Premium-Quality-Grapefruit-Marijuana-Online.jpg\",\"contentUrl\":\"https:\/\/legitgrams.com\/wp-content\/uploads\/2024\/09\/Premium-Quality-Grapefruit-Marijuana-Online.jpg\",\"width\":600,\"height\":600,\"caption\":\"Grapefruit Marijuana for Sale\"},{\"@type\":\"BreadcrumbList\",\"@id\":\"https:\/\/legitgrams.com\/product\/grapefruit-marijuana\/#breadcrumb\",\"itemListElement\":[{\"@type\":\"ListItem\",\"position\":1,\"name\":\"Home\",\"item\":\"https:\/\/legitgrams.com\/\"},{\"@type\":\"ListItem\",\"position\":2,\"name\":\"Shop\",\"item\":\"https:\/\/legitgrams.com\/shop\/\"},{\"@type\":\"ListItem\",\"position\":3,\"name\":\"Grapefruit Marijuana\"}]},{\"@type\":\"WebSite\",\"@id\":\"https:\/\/legitgrams.com\/#website\",\"url\":\"https:\/\/legitgrams.com\/\",\"name\":\"Legit Grams\",\"description\":\"My WordPress Blog\",\"publisher\":{\"@id\":\"https:\/\/legitgrams.com\/#organization\"},\"potentialAction\":[{\"@type\":\"SearchAction\",\"target\":{\"@type\":\"EntryPoint\",\"urlTemplate\":\"https:\/\/legitgrams.com\/?s={search_term_string}\"},\"query-input\":{\"@type\":\"PropertyValueSpecification\",\"valueRequired\":true,\"valueName\":\"search_term_string\"}}],\"inLanguage\":\"fr-BE\"},{\"@type\":\"Organization\",\"@id\":\"https:\/\/legitgrams.com\/#organization\",\"name\":\"Legit Grams\",\"url\":\"https:\/\/legitgrams.com\/\",\"logo\":{\"@type\":\"ImageObject\",\"inLanguage\":\"fr-BE\",\"@id\":\"https:\/\/legitgrams.com\/#\/schema\/logo\/image\/\",\"url\":\"https:\/\/legitgrams.com\/wp-content\/uploads\/2024\/09\/main-logo.png\",\"contentUrl\":\"https:\/\/legitgrams.com\/wp-content\/uploads\/2024\/09\/main-logo.png\",\"width\":270,\"height\":75,\"caption\":\"Legit Grams\"},\"image\":{\"@id\":\"https:\/\/legitgrams.com\/#\/schema\/logo\/image\/\"}}]}<\/script>\n<!-- \/ Yoast SEO plugin. -->","yoast_head_json":{"title":"Grapefruit Marijuana for Sale - Commander de la marijuana pamplemousse en ligne","description":"D\u00e9couvrez notre boutique en ligne de vente de Marijuana aux pamplemousses, qui propose de la Marijuana aux pamplemousses de haute qualit\u00e9. Achetez Marijuana pamplemousse en ligne en toute s\u00e9curit\u00e9 et partez \u00e0 la recherche de Marijuana pamplemousse en toute confiance.","robots":{"index":"index","follow":"follow","max-snippet":"max-snippet:-1","max-image-preview":"max-image-preview:large","max-video-preview":"max-video-preview:-1"},"canonical":"https:\/\/legitgrams.com\/fr\/produit\/pamplemousse-marijuana\/","og_locale":"fr_FR","og_type":"article","og_title":"Grapefruit Marijuana for Sale - Order Grapefruit Marijuana Online","og_description":"Explore our online store for Grapefruit Marijuana for sale, offering high-quality Grapefruit Marijuana. Buy Grapefruit Marijuana online securely and embark on your research journey with confidence.","og_url":"https:\/\/legitgrams.com\/fr\/produit\/pamplemousse-marijuana\/","og_site_name":"Legit Grams","article_modified_time":"2025-01-14T05:13:13+00:00","og_image":[{"width":600,"height":600,"url":"https:\/\/legitgrams.com\/wp-content\/uploads\/2024\/09\/Premium-Quality-Grapefruit-Marijuana-Online.jpg","type":"image\/jpeg"}],"twitter_card":"summary_large_image","twitter_misc":{"Dur\u00e9e de lecture est.":"1 minute"},"schema":{"@context":"https:\/\/schema.org","@graph":[{"@type":"WebPage","@id":"https:\/\/legitgrams.com\/product\/grapefruit-marijuana\/","url":"https:\/\/legitgrams.com\/product\/grapefruit-marijuana\/","name":"Grapefruit Marijuana for Sale - Commander de la marijuana pamplemousse en ligne","isPartOf":{"@id":"https:\/\/legitgrams.com\/#website"},"primaryImageOfPage":{"@id":"https:\/\/legitgrams.com\/product\/grapefruit-marijuana\/#primaryimage"},"image":{"@id":"https:\/\/legitgrams.com\/product\/grapefruit-marijuana\/#primaryimage"},"thumbnailUrl":"https:\/\/legitgrams.com\/wp-content\/uploads\/2024\/09\/Premium-Quality-Grapefruit-Marijuana-Online.jpg","datePublished":"2024-09-20T05:56:07+00:00","dateModified":"2025-01-14T05:13:13+00:00","description":"D\u00e9couvrez notre boutique en ligne de vente de Marijuana aux pamplemousses, qui propose de la Marijuana aux pamplemousses de haute qualit\u00e9. Achetez Marijuana pamplemousse en ligne en toute s\u00e9curit\u00e9 et partez \u00e0 la recherche de Marijuana pamplemousse en toute confiance.","breadcrumb":{"@id":"https:\/\/legitgrams.com\/product\/grapefruit-marijuana\/#breadcrumb"},"inLanguage":"fr-BE","potentialAction":[{"@type":"ReadAction","target":["https:\/\/legitgrams.com\/product\/grapefruit-marijuana\/"]}]},{"@type":"ImageObject","inLanguage":"fr-BE","@id":"https:\/\/legitgrams.com\/product\/grapefruit-marijuana\/#primaryimage","url":"https:\/\/legitgrams.com\/wp-content\/uploads\/2024\/09\/Premium-Quality-Grapefruit-Marijuana-Online.jpg","contentUrl":"https:\/\/legitgrams.com\/wp-content\/uploads\/2024\/09\/Premium-Quality-Grapefruit-Marijuana-Online.jpg","width":600,"height":600,"caption":"Grapefruit Marijuana for Sale"},{"@type":"BreadcrumbList","@id":"https:\/\/legitgrams.com\/product\/grapefruit-marijuana\/#breadcrumb","itemListElement":[{"@type":"ListItem","position":1,"name":"Home","item":"https:\/\/legitgrams.com\/"},{"@type":"ListItem","position":2,"name":"Shop","item":"https:\/\/legitgrams.com\/shop\/"},{"@type":"ListItem","position":3,"name":"Grapefruit Marijuana"}]},{"@type":"WebSite","@id":"https:\/\/legitgrams.com\/#website","url":"https:\/\/legitgrams.com\/","name":"Les grammes l\u00e9gitimes","description":"Mon blog WordPress","publisher":{"@id":"https:\/\/legitgrams.com\/#organization"},"potentialAction":[{"@type":"SearchAction","target":{"@type":"EntryPoint","urlTemplate":"https:\/\/legitgrams.com\/?s={search_term_string}"},"query-input":{"@type":"PropertyValueSpecification","valueRequired":true,"valueName":"search_term_string"}}],"inLanguage":"fr-BE"},{"@type":"Organization","@id":"https:\/\/legitgrams.com\/#organization","name":"Les grammes l\u00e9gitimes","url":"https:\/\/legitgrams.com\/","logo":{"@type":"ImageObject","inLanguage":"fr-BE","@id":"https:\/\/legitgrams.com\/#\/schema\/logo\/image\/","url":"https:\/\/legitgrams.com\/wp-content\/uploads\/2024\/09\/main-logo.png","contentUrl":"https:\/\/legitgrams.com\/wp-content\/uploads\/2024\/09\/main-logo.png","width":270,"height":75,"caption":"Legit Grams"},"image":{"@id":"https:\/\/legitgrams.com\/#\/schema\/logo\/image\/"}}]}},"uagb_featured_image_src":{"full":["https:\/\/legitgrams.com\/wp-content\/uploads\/2024\/09\/Premium-Quality-Grapefruit-Marijuana-Online.jpg",600,600,false],"thumbnail":["https:\/\/legitgrams.com\/wp-content\/uploads\/2024\/09\/Premium-Quality-Grapefruit-Marijuana-Online-150x150.jpg",150,150,true],"medium":["https:\/\/legitgrams.com\/wp-content\/uploads\/2024\/09\/Premium-Quality-Grapefruit-Marijuana-Online-300x300.jpg",300,300,true],"medium_large":["https:\/\/legitgrams.com\/wp-content\/uploads\/2024\/09\/Premium-Quality-Grapefruit-Marijuana-Online.jpg",600,600,false],"large":["https:\/\/legitgrams.com\/wp-content\/uploads\/2024\/09\/Premium-Quality-Grapefruit-Marijuana-Online.jpg",600,600,false],"1536x1536":["https:\/\/legitgrams.com\/wp-content\/uploads\/2024\/09\/Premium-Quality-Grapefruit-Marijuana-Online.jpg",600,600,false],"2048x2048":["https:\/\/legitgrams.com\/wp-content\/uploads\/2024\/09\/Premium-Quality-Grapefruit-Marijuana-Online.jpg",600,600,false],"trp-custom-language-flag":["https:\/\/legitgrams.com\/wp-content\/uploads\/2024\/09\/Premium-Quality-Grapefruit-Marijuana-Online-12x12.jpg",12,12,true],"woocommerce_thumbnail":["https:\/\/legitgrams.com\/wp-content\/uploads\/2024\/09\/Premium-Quality-Grapefruit-Marijuana-Online-300x300.jpg",300,300,true],"woocommerce_single":["https:\/\/legitgrams.com\/wp-content\/uploads\/2024\/09\/Premium-Quality-Grapefruit-Marijuana-Online.jpg",600,600,false],"woocommerce_gallery_thumbnail":["https:\/\/legitgrams.com\/wp-content\/uploads\/2024\/09\/Premium-Quality-Grapefruit-Marijuana-Online-100x100.jpg",100,100,true]},"uagb_author_info":{"display_name":"cokeblog18","author_link":"https:\/\/legitgrams.com\/fr\/author\/"},"uagb_comment_info":0,"uagb_excerpt":"Purchase Grapefruit Cannabis Online Superior Quality Grapefruit (AAAA) All cannabis lovers are familiar with the strain known as Cannabis Grapefruit (AAAA). Numerous accolades have been bestowed upon this sativa-dominant classic. This strain, a cross between Cinderella 99 and an unknown sativa-dominant strain, provides some of the most potent mental effects you&#8217;ve ever experienced. As a&hellip;","_links":{"self":[{"href":"https:\/\/legitgrams.com\/fr\/wp-json\/wp\/v2\/product\/3815","targetHints":{"allow":["GET"]}}],"collection":[{"href":"https:\/\/legitgrams.com\/fr\/wp-json\/wp\/v2\/product"}],"about":[{"href":"https:\/\/legitgrams.com\/fr\/wp-json\/wp\/v2\/types\/product"}],"replies":[{"embeddable":true,"href":"https:\/\/legitgrams.com\/fr\/wp-json\/wp\/v2\/comments?post=3815"}],"wp:featuredmedia":[{"embeddable":true,"href":"https:\/\/legitgrams.com\/fr\/wp-json\/wp\/v2\/media\/5430"}],"wp:attachment":[{"href":"https:\/\/legitgrams.com\/fr\/wp-json\/wp\/v2\/media?parent=3815"}],"wp:term":[{"taxonomy":"product_brand","embeddable":true,"href":"https:\/\/legitgrams.com\/fr\/wp-json\/wp\/v2\/product_brand?post=3815"},{"taxonomy":"product_cat","embeddable":true,"href":"https:\/\/legitgrams.com\/fr\/wp-json\/wp\/v2\/product_cat?post=3815"},{"taxonomy":"product_tag","embeddable":true,"href":"https:\/\/legitgrams.com\/fr\/wp-json\/wp\/v2\/product_tag?post=3815"}],"curies":[{"name":"wp","href":"https:\/\/api.w.org\/{rel}","templated":true}]}}