{"id":3819,"date":"2024-09-20T06:04:44","date_gmt":"2024-09-20T06:04:44","guid":{"rendered":"https:\/\/legitgrams.com\/?post_type=product&#038;p=3819"},"modified":"2025-03-07T04:40:48","modified_gmt":"2025-03-07T04:40:48","slug":"gorilla-biscuit-variete-de-marijuana","status":"publish","type":"product","link":"https:\/\/legitgrams.com\/fr\/produit\/gorilla-biscuit-variete-de-marijuana\/","title":{"rendered":"Buy Gorilla Biscuit Marijuana Strain Online"},"content":{"rendered":"<h2>Buy Gorilla Biscuit Marijuana Strain Online<\/h2>\n<p><a href=\"https:\/\/www.bing.com\/search?q=Buy%20Gorilla%20Biscuit%20Marijuana%20Strain%20Online&amp;qs=n&amp;form=QBRE&amp;sp=-1&amp;lq=0&amp;pq=buy%20gorilla%20biscuit%20marijuana%20strain%20online&amp;sc=0-43&amp;sk=&amp;cvid=62714AE386A64CE2A4975889B677C2C8&amp;ghsh=0&amp;ghacc=0&amp;ghpl=\">Biscuit Gorille au Cannabis<\/a> Cannabis Gorilla Biscuit est une Indica. 60% Indica \/ 40% Hybride souche dominante THC en sativa : 15%-20%<\/p>\n<h3>Effets :<\/h3>\n<p>L'\u00e9veil, l'euphorie, la faim, la relaxation et la somnolence<\/p>\n<p>Potentiellement att\u00e9nuer l'anorexie, les crampes, la d\u00e9pression, l'insomnie et le stress Go\u00fbts<br \/>\nAr\u00f4mes de caf\u00e9, de citron et de pin<br \/>\ncaf\u00e9 terreux, piquant, \u00e9pic\u00e9<\/p>\n<p>Le ph\u00e9notype de t\u00e9r\u00e9benthine de <a href=\"https:\/\/legitgrams.com\/fr\/produit\/gorilla-biscuit-variete-de-marijuana\/\">Biscuit Gorilla<\/a>\u00a0 Sensi Star et Stardawg IX ont \u00e9t\u00e9 crois\u00e9es pour produire la vari\u00e9t\u00e9 \u00e0 dominante indica de Seeds of Compassion. La m\u00e9thaqualone, commun\u00e9ment appel\u00e9e quaaludes, a un effet relaxant et particulier sur le corps, c'est pourquoi ce m\u00e9lange \u00e9trange et plut\u00f4t r\u00e9tro a obtenu son nom. Son contenu se d\u00e9roule de mani\u00e8re tout aussi apaisante, laissant les appendices larges et rel\u00e2ch\u00e9s. Gorilla Biscuit a un profil terp\u00e9nique puissant avec un riche parfum de grain de caf\u00e9 et de pin. <a href=\"https:\/\/www.bing.com\/search?q=Buy%20Gorilla%20Biscuit%20Marijuana%20Strain%20Online&amp;qs=n&amp;form=QBRE&amp;sp=-1&amp;lq=0&amp;pq=buy%20gorilla%20biscuit%20marijuana%20strain%20online&amp;sc=0-43&amp;sk=&amp;cvid=62714AE386A64CE2A4975889B677C2C8&amp;ghsh=0&amp;ghacc=0&amp;ghpl=\">Biscuit Gorilla<\/a> a un profil terp\u00e9nique puissant avec un riche parfum de grain de caf\u00e9 et de pin.<\/p>\n<p>Les effets de la <a href=\"https:\/\/www.google.com\/search?q=Buy+Gorilla+Biscuit+Marijuana+Strain+Online&amp;num=10&amp;sca_esv=1a2a07081c7891bb&amp;rlz=1C1RXQR_enIN1098IN1098&amp;sxsrf=AHTn8zomW-uuMH0jJoOn4XBTLnRZ9mOEmA%3A1741320715540&amp;ei=C3LKZ5fRIK-tseMP0JKg4Ao&amp;ved=0ahUKEwjXgsKVjfeLAxWvVmwGHVAJCKwQ4dUDCBA&amp;uact=5&amp;oq=Buy+Gorilla+Biscuit+Marijuana+Strain+Online&amp;gs_lp=Egxnd3Mtd2l6LXNlcnAiK0J1eSBHb3JpbGxhIEJpc2N1aXQgTWFyaWp1YW5hIFN0cmFpbiBPbmxpbmUyBRAhGKABMgUQIRigATIFECEYoAFI4AhQrwVYrwVwAngAkAEAmAHJAaAByQGqAQMyLTG4AQPIAQD4AQL4AQGYAgGgAtoBmAMAiAYBkgcDMi0xoAfCAw&amp;sclient=gws-wiz-serp\">Souche de biscuits Gorilla<\/a>, une v\u00e9ritable vari\u00e9t\u00e9 pour stoner, prend plus de temps \u00e0 d\u00e9marrer, mais se d\u00e9veloppe progressivement pour une sensation d'euphorie persistante. Votre corps et votre esprit s'emballeront \u00e0 mesure que ses effets prendront le dessus, et vous constaterez peut-\u00eatre que vos id\u00e9es ne sont plus aussi claires qu'elles l'\u00e9taient quelques heures plus t\u00f4t. L'aspect le plus m\u00e9morable de votre rencontre sera la <a href=\"https:\/\/www.google.com\/search?q=Buy+Gorilla+Biscuit+Marijuana+Strain+Online&amp;num=10&amp;sca_esv=1a2a07081c7891bb&amp;rlz=1C1RXQR_enIN1098IN1098&amp;sxsrf=AHTn8zomW-uuMH0jJoOn4XBTLnRZ9mOEmA%3A1741320715540&amp;ei=C3LKZ5fRIK-tseMP0JKg4Ao&amp;ved=0ahUKEwjXgsKVjfeLAxWvVmwGHVAJCKwQ4dUDCBA&amp;uact=5&amp;oq=Buy+Gorilla+Biscuit+Marijuana+Strain+Online&amp;gs_lp=Egxnd3Mtd2l6LXNlcnAiK0J1eSBHb3JpbGxhIEJpc2N1aXQgTWFyaWp1YW5hIFN0cmFpbiBPbmxpbmUyBRAhGKABMgUQIRigATIFECEYoAFI4AhQrwVYrwVwAngAkAEAmAHJAaAByQGqAQMyLTG4AQPIAQD4AQL4AQGYAgGgAtoBmAMAiAYBkgcDMi0xoAfCAw&amp;sclient=gws-wiz-serp\">solide<\/a> Les effets de la vari\u00e9t\u00e9 Gorilla Biscuits, une v\u00e9ritable vari\u00e9t\u00e9 de stoner, prennent plus de temps \u00e0 d\u00e9marrer mais se d\u00e9veloppent jusqu'\u00e0 une sensation d'euphorie persistante. Votre corps et votre esprit s'emballent \u00e0 mesure que ses effets prennent le dessus, et vous constaterez peut-\u00eatre que vos id\u00e9es ne sont pas aussi claires qu'elles l'\u00e9taient quelques heures plus t\u00f4t. L'aspect le plus m\u00e9morable de votre rencontre sera l'impression solide de verrouillage du si\u00e8ge d'amour, ce qui rend difficile la satisfaction des douleurs persistantes de la faim. Nous vous recommandons de pousser \u00e0 l'avance avec un tampon, une balayeuse et beaucoup de nourriture \u00e0 proximit\u00e9. Le m\u00e9dicament est le nom de ce m\u00e9lange unique et quelque peu vintage. Le m\u00e9dicament m\u00e9thaqualone, parfois appel\u00e9 quaaludes, a un impact particuli\u00e8rement s\u00e9datif sur le corps. Ses informations se poursuivent de la m\u00eame mani\u00e8re apaisante, laissant les appendices flexibles et substantiels. Gorilla Biscuit a un profil terp\u00e9nique puissant avec un riche parfum de grain de caf\u00e9 et de sol de pin. <a href=\"https:\/\/duckduckgo.com\/?q=Buy+Gorilla+Biscuit+Marijuana+Strain+Online&amp;t=h_&amp;ia=web\">perfil<\/a> a un profil terp\u00e9nique puissant avec un riche parfum de grain de caf\u00e9 et de pin. <a href=\"https:\/\/legitgrams.com\/fr\/\">LegitGrams\u00a0<\/a><\/p>\n<p>Acheter <a href=\"https:\/\/en.wikipedia.org\/wiki\/Gorilla_Biscuits\">Biscuit Gorilla<\/a> Fran\u00e7ais : Vari\u00e9t\u00e9 de cannabis en ligne : acheter la vari\u00e9t\u00e9 de cannabis Gorilla Biscuit, acheter du cannabis Biscuit, acheter la vari\u00e9t\u00e9 de cannabis Gorilla Biscuit A. O\u00f9 acheter la vari\u00e9t\u00e9 de cannabis Gorilla Biscuit : \u00c9tats-Unis, Canada, Royaume-Uni, en ligne, fournisseurs, exp\u00e9dition s\u00e9curis\u00e9e, vari\u00e9t\u00e9 de cannabis Gorilla Biscuit \u00e0 vendre, vari\u00e9t\u00e9 de marijuana \u00e0 vendre, achat en ligne et emplacement en ligne pour la vari\u00e9t\u00e9 de cannabis Gorilla Biscuit La vari\u00e9t\u00e9 de marijuana Gorilla Biscuit est toujours disponible et les gens peuvent toujours poser des questions concernant sa l\u00e9galit\u00e9 aux \u00c9tats-Unis, comment la commander et si elle peut \u00eatre achet\u00e9e en ligne. <a href=\"https:\/\/duckduckgo.com\/?q=Buy+Gorilla+Biscuit+Marijuana+Strain+Online&amp;t=h_&amp;ia=web\">Vari\u00e9t\u00e9 de cannabis Gorilla Biscuit Gorilla<\/a> La vari\u00e9t\u00e9 de marijuana Biscuit est toujours disponible et les gens peuvent toujours poser des questions concernant sa l\u00e9galit\u00e9 aux \u00c9tats-Unis, comment la commander et si elle peut \u00eatre achet\u00e9e en ligne.<\/p>","protected":false},"excerpt":{"rendered":"<p>Buy Gorilla Biscuit Marijuana Strain Online Cannabis Gorilla Biscuit is an Indica. 60% Indica \/ 40% Hybrid dominating strain THC in sativa: 15%\u201320% Effects: Arousal, euphoria, hunger, relaxation, and drowsiness Potentially Alleviate Anorexia, Cramps, Depression, Sleeplessness, and Stress Tastes Aromas of coffee, lemon, and pine earthy, pungent, spicy coffee The Turpentine phenotype of Gorilla Biscuit\u00a0 &hellip;<\/p>\n<p class=\"read-more\"> <a class=\"\" href=\"https:\/\/legitgrams.com\/fr\/produit\/gorilla-biscuit-variete-de-marijuana\/\"> <span class=\"screen-reader-text\">Buy Gorilla Biscuit Marijuana Strain Online<\/span> Lire la suite \"<\/a><\/p>","protected":false},"featured_media":5425,"comment_status":"open","ping_status":"closed","template":"","meta":{"_uag_custom_page_level_css":"","site-sidebar-layout":"default","site-content-layout":"default","ast-global-header-display":"","ast-main-header-display":"","ast-hfb-above-header-display":"","ast-hfb-below-header-display":"","ast-hfb-mobile-header-display":"","site-post-title":"","ast-breadcrumbs-content":"","ast-featured-img":"","footer-sml-layout":"","theme-transparent-header-meta":"default","adv-header-id-meta":"","stick-header-meta":"default","header-above-stick-meta":"","header-main-stick-meta":"","header-below-stick-meta":"","_joinchat":[]},"product_brand":[],"product_cat":[607],"product_tag":[5016,5006,617,4998,5013,4997,5000,5001,5008,4999,5009,5011,5018,5019,5017,5014,5010,5005,5003,5015,5012,625,5004,5007,5002],"class_list":{"0":"post-3819","1":"product","2":"type-product","3":"status-publish","4":"has-post-thumbnail","6":"product_cat-marijuana-cannabis","7":"product_tag-best-cheap-price-gorilla-biscuit-marijuana-strain","8":"product_tag-best-place-to-buy-gorilla-biscuit-marijuana-strain","9":"product_tag-bulk-online","10":"product_tag-buy-gorilla-biscuit-marijuana-strain","11":"product_tag-cheap-gorilla-biscuit-marijuana-strain","12":"product_tag-gorilla-biscuit-marijuana-strain","13":"product_tag-gorilla-biscuit-marijuana-strain-for-sale","14":"product_tag-gorilla-biscuit-marijuana-strain-gorilla-biscuit-marijuana-strain-supplier","15":"product_tag-gorilla-biscuit-marijuana-strain-legally","16":"product_tag-gorilla-biscuit-marijuana-strain-online","17":"product_tag-gorilla-biscuit-marijuana-strain-price","18":"product_tag-gorilla-biscuit-marijuana-strain-store","19":"product_tag-gorilla-biscuit-marijuana-strain-use","20":"product_tag-gorilla-biscuit-marijuana-strain-wiki","21":"product_tag-gorilla-biscuit-marijuana-strain-worldwide","22":"product_tag-gorilla-biscuit-marijuana-strains","23":"product_tag-high-quality-gorilla-biscuit-marijuana-strain","24":"product_tag-how-to-buy-gorilla-biscuit-marijuana-strain","25":"product_tag-order-gorilla-biscuit-marijuana-strain","26":"product_tag-purcharse-gorilla-biscuit-marijuana-strain","27":"product_tag-shop-gorilla-biscuit-marijuana-strain","28":"product_tag-top-quality","29":"product_tag-where-to-buy-gorilla-biscuit-marijuana-strain","30":"product_tag-where-to-order-gorilla-biscuit-marijuana-strain","31":"product_tag-wholesale-gorilla-biscuit-marijuana-strain","32":"desktop-align-left","33":"tablet-align-left","34":"mobile-align-left","35":"ast-product-gallery-layout-horizontal","36":"ast-product-gallery-with-no-image","37":"ast-product-single-variable","38":"ast-product-tabs-layout-horizontal","39":"ast-qv-on-image","41":"first","42":"instock","43":"shipping-taxable","44":"purchasable","45":"product-type-variable"},"yoast_head":"<!-- This site is optimized with the Yoast SEO plugin v25.9 - https:\/\/yoast.com\/wordpress\/plugins\/seo\/ -->\n<title>Gorilla Biscuit for Sale - Buy Gorilla Biscuit Online at Low Price<\/title>\n<meta name=\"description\" content=\"Your order for Gorilla Biscuit for sale is our responsibility. We will take your order to buy Gorilla Biscuit into consideration and reach you in a short period. Place bulk orders now!\" \/>\n<meta name=\"robots\" content=\"index, follow, max-snippet:-1, max-image-preview:large, max-video-preview:-1\" \/>\n<link rel=\"canonical\" href=\"https:\/\/legitgrams.com\/fr\/produit\/gorilla-biscuit-variete-de-marijuana\/\" \/>\n<meta property=\"og:locale\" content=\"fr_FR\" \/>\n<meta property=\"og:type\" content=\"article\" \/>\n<meta property=\"og:title\" content=\"Gorilla Biscuit for Sale - Buy Gorilla Biscuit Online at Low Price\" \/>\n<meta property=\"og:description\" content=\"Your order for Gorilla Biscuit for sale is our responsibility. We will take your order to buy Gorilla Biscuit into consideration and reach you in a short period. Place bulk orders now!\" \/>\n<meta property=\"og:url\" content=\"https:\/\/legitgrams.com\/fr\/produit\/gorilla-biscuit-variete-de-marijuana\/\" \/>\n<meta property=\"og:site_name\" content=\"Legit Grams\" \/>\n<meta property=\"article:modified_time\" content=\"2025-03-07T04:40:48+00:00\" \/>\n<meta property=\"og:image\" content=\"https:\/\/legitgrams.com\/wp-content\/uploads\/2024\/09\/Buy-Gorilla-Biscuit-Marijuana-Strain-Online.jpg\" \/>\n\t<meta property=\"og:image:width\" content=\"600\" \/>\n\t<meta property=\"og:image:height\" content=\"600\" \/>\n\t<meta property=\"og:image:type\" content=\"image\/jpeg\" \/>\n<meta name=\"twitter:card\" content=\"summary_large_image\" \/>\n<meta name=\"twitter:label1\" content=\"Dur\u00e9e de lecture est.\" \/>\n\t<meta name=\"twitter:data1\" content=\"2 minutes\" \/>\n<script type=\"application\/ld+json\" class=\"yoast-schema-graph\">{\"@context\":\"https:\/\/schema.org\",\"@graph\":[{\"@type\":\"WebPage\",\"@id\":\"https:\/\/legitgrams.com\/product\/gorilla-biscuit-marijuana-strain\/\",\"url\":\"https:\/\/legitgrams.com\/product\/gorilla-biscuit-marijuana-strain\/\",\"name\":\"Gorilla Biscuit for Sale - Buy Gorilla Biscuit Online at Low Price\",\"isPartOf\":{\"@id\":\"https:\/\/legitgrams.com\/#website\"},\"primaryImageOfPage\":{\"@id\":\"https:\/\/legitgrams.com\/product\/gorilla-biscuit-marijuana-strain\/#primaryimage\"},\"image\":{\"@id\":\"https:\/\/legitgrams.com\/product\/gorilla-biscuit-marijuana-strain\/#primaryimage\"},\"thumbnailUrl\":\"https:\/\/legitgrams.com\/wp-content\/uploads\/2024\/09\/Buy-Gorilla-Biscuit-Marijuana-Strain-Online.jpg\",\"datePublished\":\"2024-09-20T06:04:44+00:00\",\"dateModified\":\"2025-03-07T04:40:48+00:00\",\"description\":\"Your order for Gorilla Biscuit for sale is our responsibility. We will take your order to buy Gorilla Biscuit into consideration and reach you in a short period. Place bulk orders now!\",\"breadcrumb\":{\"@id\":\"https:\/\/legitgrams.com\/product\/gorilla-biscuit-marijuana-strain\/#breadcrumb\"},\"inLanguage\":\"fr-BE\",\"potentialAction\":[{\"@type\":\"ReadAction\",\"target\":[\"https:\/\/legitgrams.com\/product\/gorilla-biscuit-marijuana-strain\/\"]}]},{\"@type\":\"ImageObject\",\"inLanguage\":\"fr-BE\",\"@id\":\"https:\/\/legitgrams.com\/product\/gorilla-biscuit-marijuana-strain\/#primaryimage\",\"url\":\"https:\/\/legitgrams.com\/wp-content\/uploads\/2024\/09\/Buy-Gorilla-Biscuit-Marijuana-Strain-Online.jpg\",\"contentUrl\":\"https:\/\/legitgrams.com\/wp-content\/uploads\/2024\/09\/Buy-Gorilla-Biscuit-Marijuana-Strain-Online.jpg\",\"width\":600,\"height\":600,\"caption\":\"Gorilla Biscuit for Sale\"},{\"@type\":\"BreadcrumbList\",\"@id\":\"https:\/\/legitgrams.com\/product\/gorilla-biscuit-marijuana-strain\/#breadcrumb\",\"itemListElement\":[{\"@type\":\"ListItem\",\"position\":1,\"name\":\"Home\",\"item\":\"https:\/\/legitgrams.com\/\"},{\"@type\":\"ListItem\",\"position\":2,\"name\":\"Shop\",\"item\":\"https:\/\/legitgrams.com\/shop\/\"},{\"@type\":\"ListItem\",\"position\":3,\"name\":\"Buy Gorilla Biscuit Marijuana Strain Online\"}]},{\"@type\":\"WebSite\",\"@id\":\"https:\/\/legitgrams.com\/#website\",\"url\":\"https:\/\/legitgrams.com\/\",\"name\":\"Legit Grams\",\"description\":\"My WordPress Blog\",\"publisher\":{\"@id\":\"https:\/\/legitgrams.com\/#organization\"},\"potentialAction\":[{\"@type\":\"SearchAction\",\"target\":{\"@type\":\"EntryPoint\",\"urlTemplate\":\"https:\/\/legitgrams.com\/?s={search_term_string}\"},\"query-input\":{\"@type\":\"PropertyValueSpecification\",\"valueRequired\":true,\"valueName\":\"search_term_string\"}}],\"inLanguage\":\"fr-BE\"},{\"@type\":\"Organization\",\"@id\":\"https:\/\/legitgrams.com\/#organization\",\"name\":\"Legit Grams\",\"url\":\"https:\/\/legitgrams.com\/\",\"logo\":{\"@type\":\"ImageObject\",\"inLanguage\":\"fr-BE\",\"@id\":\"https:\/\/legitgrams.com\/#\/schema\/logo\/image\/\",\"url\":\"https:\/\/legitgrams.com\/wp-content\/uploads\/2024\/09\/main-logo.png\",\"contentUrl\":\"https:\/\/legitgrams.com\/wp-content\/uploads\/2024\/09\/main-logo.png\",\"width\":270,\"height\":75,\"caption\":\"Legit Grams\"},\"image\":{\"@id\":\"https:\/\/legitgrams.com\/#\/schema\/logo\/image\/\"}}]}<\/script>\n<!-- \/ Yoast SEO plugin. -->","yoast_head_json":{"title":"Gorilla Biscuit \u00e0 vendre - Acheter Gorilla Biscuit en ligne \u00e0 bas prix","description":"Votre commande de Gorilla Biscuit en vente est notre responsabilit\u00e9. Nous prenons en consid\u00e9ration votre commande d'achat de Gorilla Biscuit et vous la transmettons dans les plus brefs d\u00e9lais. Passez des commandes group\u00e9es d\u00e8s maintenant !","robots":{"index":"index","follow":"follow","max-snippet":"max-snippet:-1","max-image-preview":"max-image-preview:large","max-video-preview":"max-video-preview:-1"},"canonical":"https:\/\/legitgrams.com\/fr\/produit\/gorilla-biscuit-variete-de-marijuana\/","og_locale":"fr_FR","og_type":"article","og_title":"Gorilla Biscuit for Sale - Buy Gorilla Biscuit Online at Low Price","og_description":"Your order for Gorilla Biscuit for sale is our responsibility. We will take your order to buy Gorilla Biscuit into consideration and reach you in a short period. Place bulk orders now!","og_url":"https:\/\/legitgrams.com\/fr\/produit\/gorilla-biscuit-variete-de-marijuana\/","og_site_name":"Legit Grams","article_modified_time":"2025-03-07T04:40:48+00:00","og_image":[{"width":600,"height":600,"url":"https:\/\/legitgrams.com\/wp-content\/uploads\/2024\/09\/Buy-Gorilla-Biscuit-Marijuana-Strain-Online.jpg","type":"image\/jpeg"}],"twitter_card":"summary_large_image","twitter_misc":{"Dur\u00e9e de lecture est.":"2 minutes"},"schema":{"@context":"https:\/\/schema.org","@graph":[{"@type":"WebPage","@id":"https:\/\/legitgrams.com\/product\/gorilla-biscuit-marijuana-strain\/","url":"https:\/\/legitgrams.com\/product\/gorilla-biscuit-marijuana-strain\/","name":"Gorilla Biscuit \u00e0 vendre - Acheter Gorilla Biscuit en ligne \u00e0 bas prix","isPartOf":{"@id":"https:\/\/legitgrams.com\/#website"},"primaryImageOfPage":{"@id":"https:\/\/legitgrams.com\/product\/gorilla-biscuit-marijuana-strain\/#primaryimage"},"image":{"@id":"https:\/\/legitgrams.com\/product\/gorilla-biscuit-marijuana-strain\/#primaryimage"},"thumbnailUrl":"https:\/\/legitgrams.com\/wp-content\/uploads\/2024\/09\/Buy-Gorilla-Biscuit-Marijuana-Strain-Online.jpg","datePublished":"2024-09-20T06:04:44+00:00","dateModified":"2025-03-07T04:40:48+00:00","description":"Votre commande de Gorilla Biscuit en vente est notre responsabilit\u00e9. Nous prenons en consid\u00e9ration votre commande d'achat de Gorilla Biscuit et vous la transmettons dans les plus brefs d\u00e9lais. Passez des commandes group\u00e9es d\u00e8s maintenant !","breadcrumb":{"@id":"https:\/\/legitgrams.com\/product\/gorilla-biscuit-marijuana-strain\/#breadcrumb"},"inLanguage":"fr-BE","potentialAction":[{"@type":"ReadAction","target":["https:\/\/legitgrams.com\/product\/gorilla-biscuit-marijuana-strain\/"]}]},{"@type":"ImageObject","inLanguage":"fr-BE","@id":"https:\/\/legitgrams.com\/product\/gorilla-biscuit-marijuana-strain\/#primaryimage","url":"https:\/\/legitgrams.com\/wp-content\/uploads\/2024\/09\/Buy-Gorilla-Biscuit-Marijuana-Strain-Online.jpg","contentUrl":"https:\/\/legitgrams.com\/wp-content\/uploads\/2024\/09\/Buy-Gorilla-Biscuit-Marijuana-Strain-Online.jpg","width":600,"height":600,"caption":"Gorilla Biscuit for Sale"},{"@type":"BreadcrumbList","@id":"https:\/\/legitgrams.com\/product\/gorilla-biscuit-marijuana-strain\/#breadcrumb","itemListElement":[{"@type":"ListItem","position":1,"name":"Home","item":"https:\/\/legitgrams.com\/"},{"@type":"ListItem","position":2,"name":"Shop","item":"https:\/\/legitgrams.com\/shop\/"},{"@type":"ListItem","position":3,"name":"Buy Gorilla Biscuit Marijuana Strain Online"}]},{"@type":"WebSite","@id":"https:\/\/legitgrams.com\/#website","url":"https:\/\/legitgrams.com\/","name":"Les grammes l\u00e9gitimes","description":"Mon blog WordPress","publisher":{"@id":"https:\/\/legitgrams.com\/#organization"},"potentialAction":[{"@type":"SearchAction","target":{"@type":"EntryPoint","urlTemplate":"https:\/\/legitgrams.com\/?s={search_term_string}"},"query-input":{"@type":"PropertyValueSpecification","valueRequired":true,"valueName":"search_term_string"}}],"inLanguage":"fr-BE"},{"@type":"Organization","@id":"https:\/\/legitgrams.com\/#organization","name":"Les grammes l\u00e9gitimes","url":"https:\/\/legitgrams.com\/","logo":{"@type":"ImageObject","inLanguage":"fr-BE","@id":"https:\/\/legitgrams.com\/#\/schema\/logo\/image\/","url":"https:\/\/legitgrams.com\/wp-content\/uploads\/2024\/09\/main-logo.png","contentUrl":"https:\/\/legitgrams.com\/wp-content\/uploads\/2024\/09\/main-logo.png","width":270,"height":75,"caption":"Legit Grams"},"image":{"@id":"https:\/\/legitgrams.com\/#\/schema\/logo\/image\/"}}]}},"uagb_featured_image_src":{"full":["https:\/\/legitgrams.com\/wp-content\/uploads\/2024\/09\/Buy-Gorilla-Biscuit-Marijuana-Strain-Online.jpg",600,600,false],"thumbnail":["https:\/\/legitgrams.com\/wp-content\/uploads\/2024\/09\/Buy-Gorilla-Biscuit-Marijuana-Strain-Online-150x150.jpg",150,150,true],"medium":["https:\/\/legitgrams.com\/wp-content\/uploads\/2024\/09\/Buy-Gorilla-Biscuit-Marijuana-Strain-Online-300x300.jpg",300,300,true],"medium_large":["https:\/\/legitgrams.com\/wp-content\/uploads\/2024\/09\/Buy-Gorilla-Biscuit-Marijuana-Strain-Online.jpg",600,600,false],"large":["https:\/\/legitgrams.com\/wp-content\/uploads\/2024\/09\/Buy-Gorilla-Biscuit-Marijuana-Strain-Online.jpg",600,600,false],"1536x1536":["https:\/\/legitgrams.com\/wp-content\/uploads\/2024\/09\/Buy-Gorilla-Biscuit-Marijuana-Strain-Online.jpg",600,600,false],"2048x2048":["https:\/\/legitgrams.com\/wp-content\/uploads\/2024\/09\/Buy-Gorilla-Biscuit-Marijuana-Strain-Online.jpg",600,600,false],"trp-custom-language-flag":["https:\/\/legitgrams.com\/wp-content\/uploads\/2024\/09\/Buy-Gorilla-Biscuit-Marijuana-Strain-Online-12x12.jpg",12,12,true],"woocommerce_thumbnail":["https:\/\/legitgrams.com\/wp-content\/uploads\/2024\/09\/Buy-Gorilla-Biscuit-Marijuana-Strain-Online-300x300.jpg",300,300,true],"woocommerce_single":["https:\/\/legitgrams.com\/wp-content\/uploads\/2024\/09\/Buy-Gorilla-Biscuit-Marijuana-Strain-Online.jpg",600,600,false],"woocommerce_gallery_thumbnail":["https:\/\/legitgrams.com\/wp-content\/uploads\/2024\/09\/Buy-Gorilla-Biscuit-Marijuana-Strain-Online-100x100.jpg",100,100,true]},"uagb_author_info":{"display_name":"cokeblog18","author_link":"https:\/\/legitgrams.com\/fr\/author\/"},"uagb_comment_info":0,"uagb_excerpt":"Buy Gorilla Biscuit Marijuana Strain Online Cannabis Gorilla Biscuit is an Indica. 60% Indica \/ 40% Hybrid dominating strain THC in sativa: 15%\u201320% Effects: Arousal, euphoria, hunger, relaxation, and drowsiness Potentially Alleviate Anorexia, Cramps, Depression, Sleeplessness, and Stress Tastes Aromas of coffee, lemon, and pine earthy, pungent, spicy coffee The Turpentine phenotype of Gorilla Biscuit\u00a0&hellip;","_links":{"self":[{"href":"https:\/\/legitgrams.com\/fr\/wp-json\/wp\/v2\/product\/3819","targetHints":{"allow":["GET"]}}],"collection":[{"href":"https:\/\/legitgrams.com\/fr\/wp-json\/wp\/v2\/product"}],"about":[{"href":"https:\/\/legitgrams.com\/fr\/wp-json\/wp\/v2\/types\/product"}],"replies":[{"embeddable":true,"href":"https:\/\/legitgrams.com\/fr\/wp-json\/wp\/v2\/comments?post=3819"}],"wp:featuredmedia":[{"embeddable":true,"href":"https:\/\/legitgrams.com\/fr\/wp-json\/wp\/v2\/media\/5425"}],"wp:attachment":[{"href":"https:\/\/legitgrams.com\/fr\/wp-json\/wp\/v2\/media?parent=3819"}],"wp:term":[{"taxonomy":"product_brand","embeddable":true,"href":"https:\/\/legitgrams.com\/fr\/wp-json\/wp\/v2\/product_brand?post=3819"},{"taxonomy":"product_cat","embeddable":true,"href":"https:\/\/legitgrams.com\/fr\/wp-json\/wp\/v2\/product_cat?post=3819"},{"taxonomy":"product_tag","embeddable":true,"href":"https:\/\/legitgrams.com\/fr\/wp-json\/wp\/v2\/product_tag?post=3819"}],"curies":[{"name":"wp","href":"https:\/\/api.w.org\/{rel}","templated":true}]}}