{"id":3823,"date":"2024-09-20T06:19:26","date_gmt":"2024-09-20T06:19:26","guid":{"rendered":"https:\/\/legitgrams.com\/?post_type=product&#038;p=3823"},"modified":"2025-01-13T08:10:48","modified_gmt":"2025-01-13T08:10:48","slug":"agent-orange-marijuana-strain","status":"publish","type":"product","link":"https:\/\/legitgrams.com\/fr\/produit\/agent-orange-marijuana-strain\/","title":{"rendered":"Agent Orange Marijuana Strain"},"content":{"rendered":"<h2>\u00c0 vendre : vari\u00e9t\u00e9 de cannabis Agent Orange<\/h2>\n<p>Une fa\u00e7on de visualiser l\u2019Asie est de fermer les yeux et de visualiser des c\u00f4tes lointaines, des havres de paix et une nourriture si bonne que vous ne voudrez plus rien manger d\u2019autre. En guise d\u2019alternative, essayez cette vari\u00e9t\u00e9 incroyablement rare et revigorante ; elle pourrait bien \u00eatre le fantasme que vous attendiez. En raison de leur reproduction \u00e9nigmatique et de leur constitution g\u00e9n\u00e9tique tr\u00e8s secr\u00e8te, les oranges asiatiques ont longtemps \u00e9t\u00e9 consid\u00e9r\u00e9es comme \u00e9teintes. Cependant, on sait maintenant que cette race en voie de disparition existe toujours gr\u00e2ce \u00e0 quelques partisans d\u00e9vou\u00e9s.<\/p>\n<p>Il a \u00e9t\u00e9 d\u00e9termin\u00e9 qu'il s'agit d'une Sativa fiable avec un taux de THC stable entre 17% et 24%, m\u00eame en l'absence de confirmation de paternit\u00e9. Malgr\u00e9 le fait que le nom de la souche \"<a href=\"https:\/\/en.wikipedia.org\/wiki\/Agent_Orange\">Orange asiatique<\/a>Le nom de la fleur, qui d\u00e9crit son obscurit\u00e9 relative, a peut-\u00eatre quelque chose \u00e0 voir avec l\u2019h\u00e9ritage asiatique de la r\u00e9gion ainsi qu\u2019avec les grandes fleurs ondul\u00e9es couvertes de poils rouge fonc\u00e9. L\u2019ar\u00f4me de zeste de citron et d\u2019acidit\u00e9 m\u00eal\u00e9 de douceur impr\u00e8gne ces d\u00e9licieuses p\u00e9pites. Sa forme g\u00e9n\u00e9rale est destin\u00e9e \u00e0 imiter un hame\u00e7on de homard, ce qui lui donne un attrait visuel et le place au-dessus d\u2019une fleur humide. <a href=\"https:\/\/legitgrams.com\/fr\/\">LegitGrams<\/a><\/p>\n<p>La sensation est caract\u00e9ris\u00e9e comme psych\u00e9d\u00e9lique, exaltante et c\u00e9r\u00e9brale. Votre singularit\u00e9 et votre personnalit\u00e9 vont rapidement grandir, provoquant des frissons dans votre colonne vert\u00e9brale, de la t\u00eate aux extr\u00e9mit\u00e9s. La lumi\u00e8re se r\u00e9pandra dans votre centre lorsque votre corps commencera \u00e0 se d\u00e9tendre compl\u00e8tement. Il est normal d'\u00eatre enthousiaste \u00e0 ce stade. Si vous \u00eates convaincu, ce type de mouche espagnole est excellent. En raison des ondes puissantes de la souche et de sa psychoactivit\u00e9 intense, elle n'est pas recommand\u00e9e \u00e0 ceux qui sont sujets aux fuites mentales ou \u00e0 la m\u00e9fiance.<\/p>\n<p>Achat en ligne de la vari\u00e9t\u00e9 de cannabis Agent Orange : <a href=\"https:\/\/legitgrams.com\/fr\/produit\/agent-orange-marijuana-strain\/\">Acheter du cannabis orange<\/a>Acheter la vari\u00e9t\u00e9 de cannabis Agent Orange, Acheter la vari\u00e9t\u00e9 de cannabis Orange La vari\u00e9t\u00e9 de marijuana Agent Orange \u00e0 vendre, la vari\u00e9t\u00e9 de marijuana Agent Orange \u00e0 vendre, acheter la vari\u00e9t\u00e9 de marijuana en ligne, o\u00f9 acheter la vari\u00e9t\u00e9 de marijuana Agent Orange en ligne, fournisseurs, livraison s\u00e9curis\u00e9e, Am\u00e9rique, Canada et Royaume-Uni La vari\u00e9t\u00e9 de marijuana Agent Orange est toujours accessible. De plus, vous pouvez d\u00e9couvrir si elle est autoris\u00e9e au Canada, comment l'obtenir en ligne et si elle est l\u00e9gale aux \u00c9tats-Unis.<\/p>","protected":false},"excerpt":{"rendered":"<p>For Sale: Agent Orange Cannabis Strain One way to visualize Asia is to close your eyes and visualize far coastlines, sadly missing havens, and food so good you won&#8217;t want to eat anything else. As an alternative, try this incredibly uncommon and invigorating strain; it might be the fantasy you&#8217;ve been waiting for. Because of &hellip;<\/p>\n<p class=\"read-more\"> <a class=\"\" href=\"https:\/\/legitgrams.com\/fr\/produit\/agent-orange-marijuana-strain\/\"> <span class=\"screen-reader-text\">Agent Orange Marijuana Strain<\/span> Lire la suite \"<\/a><\/p>","protected":false},"featured_media":5403,"comment_status":"open","ping_status":"closed","template":"","meta":{"_uag_custom_page_level_css":"","site-sidebar-layout":"default","site-content-layout":"default","ast-global-header-display":"","ast-main-header-display":"","ast-hfb-above-header-display":"","ast-hfb-below-header-display":"","ast-hfb-mobile-header-display":"","site-post-title":"","ast-breadcrumbs-content":"","ast-featured-img":"","footer-sml-layout":"","theme-transparent-header-meta":"default","adv-header-id-meta":"","stick-header-meta":"default","header-above-stick-meta":"","header-main-stick-meta":"","header-below-stick-meta":"","_joinchat":[]},"product_brand":[],"product_cat":[607],"product_tag":[4928,4932,4931,4939,4930,4940,4942,4949,4950,4948,4945,4947,4937,617,4929,4944,4941,4936,4934,4946,4943,625,4935,4938,4933],"class_list":{"0":"post-3823","1":"product","2":"type-product","3":"status-publish","4":"has-post-thumbnail","6":"product_cat-marijuana-cannabis","7":"product_tag-agent-orange-marijuana-strain","8":"product_tag-agent-orange-marijuana-strain-agent-orange-marijuana-strain-supplier","9":"product_tag-agent-orange-marijuana-strain-for-sale","10":"product_tag-agent-orange-marijuana-strain-legally","11":"product_tag-agent-orange-marijuana-strain-online","12":"product_tag-agent-orange-marijuana-strain-price","13":"product_tag-agent-orange-marijuana-strain-store","14":"product_tag-agent-orange-marijuana-strain-use","15":"product_tag-agent-orange-marijuana-strain-wiki","16":"product_tag-agent-orange-marijuana-strain-worldwide","17":"product_tag-agent-orange-marijuana-strains","18":"product_tag-best-cheap-price-agent-orange-marijuana-strain","19":"product_tag-best-place-to-buy-agent-orange-marijuana-strain","20":"product_tag-bulk-online","21":"product_tag-buy-agent-orange-marijuana-strain","22":"product_tag-cheap-agent-orange-marijuana-strain","23":"product_tag-high-quality-agent-orange-marijuana-strain","24":"product_tag-how-to-buy-agent-orange-marijuana-strain","25":"product_tag-order-agent-orange-marijuana-strain","26":"product_tag-purcharse-agent-orange-marijuana-strain","27":"product_tag-shop-agent-orange-marijuana-strain","28":"product_tag-top-quality","29":"product_tag-where-to-buy-agent-orange-marijuana-strain","30":"product_tag-where-to-order-agent-orange-marijuana-strain","31":"product_tag-wholesale-agent-orange-marijuana-strain","32":"desktop-align-left","33":"tablet-align-left","34":"mobile-align-left","35":"ast-product-gallery-layout-horizontal","36":"ast-product-gallery-with-no-image","37":"ast-product-single-variable","38":"ast-product-tabs-layout-horizontal","39":"ast-qv-on-image","41":"first","42":"instock","43":"shipping-taxable","44":"purchasable","45":"product-type-variable"},"yoast_head":"<!-- This site is optimized with the Yoast SEO plugin v25.9 - https:\/\/yoast.com\/wordpress\/plugins\/seo\/ -->\n<title>Agent Orange Marijuana for Sale - Order Agent Orange Online<\/title>\n<meta name=\"description\" content=\"If you have not tried agent orange marijuana strain from our store, then you are missing a lot. We will help you buy orange marijuana strain online at cheap rate. Get orange marijuana strain for sale today!\" \/>\n<meta name=\"robots\" content=\"index, follow, max-snippet:-1, max-image-preview:large, max-video-preview:-1\" \/>\n<link rel=\"canonical\" href=\"https:\/\/legitgrams.com\/fr\/produit\/agent-orange-marijuana-strain\/\" \/>\n<meta property=\"og:locale\" content=\"fr_FR\" \/>\n<meta property=\"og:type\" content=\"article\" \/>\n<meta property=\"og:title\" content=\"Agent Orange Marijuana for Sale - Order Agent Orange Online\" \/>\n<meta property=\"og:description\" content=\"If you have not tried agent orange marijuana strain from our store, then you are missing a lot. We will help you buy orange marijuana strain online at cheap rate. Get orange marijuana strain for sale today!\" \/>\n<meta property=\"og:url\" content=\"https:\/\/legitgrams.com\/fr\/produit\/agent-orange-marijuana-strain\/\" \/>\n<meta property=\"og:site_name\" content=\"Legit Grams\" \/>\n<meta property=\"article:modified_time\" content=\"2025-01-13T08:10:48+00:00\" \/>\n<meta property=\"og:image\" content=\"https:\/\/legitgrams.com\/wp-content\/uploads\/2024\/09\/Buy-Agent-Orange-Marijuana-Strain-Online-1.jpg\" \/>\n\t<meta property=\"og:image:width\" content=\"600\" \/>\n\t<meta property=\"og:image:height\" content=\"600\" \/>\n\t<meta property=\"og:image:type\" content=\"image\/jpeg\" \/>\n<meta name=\"twitter:card\" content=\"summary_large_image\" \/>\n<meta name=\"twitter:label1\" content=\"Dur\u00e9e de lecture est.\" \/>\n\t<meta name=\"twitter:data1\" content=\"2 minutes\" \/>\n<script type=\"application\/ld+json\" class=\"yoast-schema-graph\">{\"@context\":\"https:\/\/schema.org\",\"@graph\":[{\"@type\":\"WebPage\",\"@id\":\"https:\/\/legitgrams.com\/product\/agent-orange-marijuana-strain\/\",\"url\":\"https:\/\/legitgrams.com\/product\/agent-orange-marijuana-strain\/\",\"name\":\"Agent Orange Marijuana for Sale - Order Agent Orange Online\",\"isPartOf\":{\"@id\":\"https:\/\/legitgrams.com\/#website\"},\"primaryImageOfPage\":{\"@id\":\"https:\/\/legitgrams.com\/product\/agent-orange-marijuana-strain\/#primaryimage\"},\"image\":{\"@id\":\"https:\/\/legitgrams.com\/product\/agent-orange-marijuana-strain\/#primaryimage\"},\"thumbnailUrl\":\"https:\/\/legitgrams.com\/wp-content\/uploads\/2024\/09\/Buy-Agent-Orange-Marijuana-Strain-Online-1.jpg\",\"datePublished\":\"2024-09-20T06:19:26+00:00\",\"dateModified\":\"2025-01-13T08:10:48+00:00\",\"description\":\"If you have not tried agent orange marijuana strain from our store, then you are missing a lot. We will help you buy orange marijuana strain online at cheap rate. Get orange marijuana strain for sale today!\",\"breadcrumb\":{\"@id\":\"https:\/\/legitgrams.com\/product\/agent-orange-marijuana-strain\/#breadcrumb\"},\"inLanguage\":\"fr-BE\",\"potentialAction\":[{\"@type\":\"ReadAction\",\"target\":[\"https:\/\/legitgrams.com\/product\/agent-orange-marijuana-strain\/\"]}]},{\"@type\":\"ImageObject\",\"inLanguage\":\"fr-BE\",\"@id\":\"https:\/\/legitgrams.com\/product\/agent-orange-marijuana-strain\/#primaryimage\",\"url\":\"https:\/\/legitgrams.com\/wp-content\/uploads\/2024\/09\/Buy-Agent-Orange-Marijuana-Strain-Online-1.jpg\",\"contentUrl\":\"https:\/\/legitgrams.com\/wp-content\/uploads\/2024\/09\/Buy-Agent-Orange-Marijuana-Strain-Online-1.jpg\",\"width\":600,\"height\":600,\"caption\":\"Agent Orange Marijuana Strain for Sale\"},{\"@type\":\"BreadcrumbList\",\"@id\":\"https:\/\/legitgrams.com\/product\/agent-orange-marijuana-strain\/#breadcrumb\",\"itemListElement\":[{\"@type\":\"ListItem\",\"position\":1,\"name\":\"Home\",\"item\":\"https:\/\/legitgrams.com\/\"},{\"@type\":\"ListItem\",\"position\":2,\"name\":\"Shop\",\"item\":\"https:\/\/legitgrams.com\/shop\/\"},{\"@type\":\"ListItem\",\"position\":3,\"name\":\"Agent Orange Marijuana Strain\"}]},{\"@type\":\"WebSite\",\"@id\":\"https:\/\/legitgrams.com\/#website\",\"url\":\"https:\/\/legitgrams.com\/\",\"name\":\"Legit Grams\",\"description\":\"My WordPress Blog\",\"publisher\":{\"@id\":\"https:\/\/legitgrams.com\/#organization\"},\"potentialAction\":[{\"@type\":\"SearchAction\",\"target\":{\"@type\":\"EntryPoint\",\"urlTemplate\":\"https:\/\/legitgrams.com\/?s={search_term_string}\"},\"query-input\":{\"@type\":\"PropertyValueSpecification\",\"valueRequired\":true,\"valueName\":\"search_term_string\"}}],\"inLanguage\":\"fr-BE\"},{\"@type\":\"Organization\",\"@id\":\"https:\/\/legitgrams.com\/#organization\",\"name\":\"Legit Grams\",\"url\":\"https:\/\/legitgrams.com\/\",\"logo\":{\"@type\":\"ImageObject\",\"inLanguage\":\"fr-BE\",\"@id\":\"https:\/\/legitgrams.com\/#\/schema\/logo\/image\/\",\"url\":\"https:\/\/legitgrams.com\/wp-content\/uploads\/2024\/09\/main-logo.png\",\"contentUrl\":\"https:\/\/legitgrams.com\/wp-content\/uploads\/2024\/09\/main-logo.png\",\"width\":270,\"height\":75,\"caption\":\"Legit Grams\"},\"image\":{\"@id\":\"https:\/\/legitgrams.com\/#\/schema\/logo\/image\/\"}}]}<\/script>\n<!-- \/ Yoast SEO plugin. -->","yoast_head_json":{"title":"Agent Orange Marijuana for Sale - Commander Agent Orange en ligne","description":"Si vous n'avez pas encore essay\u00e9 l'agent orange marijuana strain de notre magasin, alors vous manquez beaucoup. Nous vous aiderons \u00e0 acheter la vari\u00e9t\u00e9 de marijuana orange en ligne \u00e0 un prix avantageux. Obtenez la souche de marijuana orange \u00e0 vendre aujourd'hui !","robots":{"index":"index","follow":"follow","max-snippet":"max-snippet:-1","max-image-preview":"max-image-preview:large","max-video-preview":"max-video-preview:-1"},"canonical":"https:\/\/legitgrams.com\/fr\/produit\/agent-orange-marijuana-strain\/","og_locale":"fr_FR","og_type":"article","og_title":"Agent Orange Marijuana for Sale - Order Agent Orange Online","og_description":"If you have not tried agent orange marijuana strain from our store, then you are missing a lot. We will help you buy orange marijuana strain online at cheap rate. Get orange marijuana strain for sale today!","og_url":"https:\/\/legitgrams.com\/fr\/produit\/agent-orange-marijuana-strain\/","og_site_name":"Legit Grams","article_modified_time":"2025-01-13T08:10:48+00:00","og_image":[{"width":600,"height":600,"url":"https:\/\/legitgrams.com\/wp-content\/uploads\/2024\/09\/Buy-Agent-Orange-Marijuana-Strain-Online-1.jpg","type":"image\/jpeg"}],"twitter_card":"summary_large_image","twitter_misc":{"Dur\u00e9e de lecture est.":"2 minutes"},"schema":{"@context":"https:\/\/schema.org","@graph":[{"@type":"WebPage","@id":"https:\/\/legitgrams.com\/product\/agent-orange-marijuana-strain\/","url":"https:\/\/legitgrams.com\/product\/agent-orange-marijuana-strain\/","name":"Agent Orange Marijuana for Sale - Commander Agent Orange en ligne","isPartOf":{"@id":"https:\/\/legitgrams.com\/#website"},"primaryImageOfPage":{"@id":"https:\/\/legitgrams.com\/product\/agent-orange-marijuana-strain\/#primaryimage"},"image":{"@id":"https:\/\/legitgrams.com\/product\/agent-orange-marijuana-strain\/#primaryimage"},"thumbnailUrl":"https:\/\/legitgrams.com\/wp-content\/uploads\/2024\/09\/Buy-Agent-Orange-Marijuana-Strain-Online-1.jpg","datePublished":"2024-09-20T06:19:26+00:00","dateModified":"2025-01-13T08:10:48+00:00","description":"Si vous n'avez pas encore essay\u00e9 l'agent orange marijuana strain de notre magasin, alors vous manquez beaucoup. Nous vous aiderons \u00e0 acheter la vari\u00e9t\u00e9 de marijuana orange en ligne \u00e0 un prix avantageux. Obtenez la souche de marijuana orange \u00e0 vendre aujourd'hui !","breadcrumb":{"@id":"https:\/\/legitgrams.com\/product\/agent-orange-marijuana-strain\/#breadcrumb"},"inLanguage":"fr-BE","potentialAction":[{"@type":"ReadAction","target":["https:\/\/legitgrams.com\/product\/agent-orange-marijuana-strain\/"]}]},{"@type":"ImageObject","inLanguage":"fr-BE","@id":"https:\/\/legitgrams.com\/product\/agent-orange-marijuana-strain\/#primaryimage","url":"https:\/\/legitgrams.com\/wp-content\/uploads\/2024\/09\/Buy-Agent-Orange-Marijuana-Strain-Online-1.jpg","contentUrl":"https:\/\/legitgrams.com\/wp-content\/uploads\/2024\/09\/Buy-Agent-Orange-Marijuana-Strain-Online-1.jpg","width":600,"height":600,"caption":"Agent Orange Marijuana Strain for Sale"},{"@type":"BreadcrumbList","@id":"https:\/\/legitgrams.com\/product\/agent-orange-marijuana-strain\/#breadcrumb","itemListElement":[{"@type":"ListItem","position":1,"name":"Home","item":"https:\/\/legitgrams.com\/"},{"@type":"ListItem","position":2,"name":"Shop","item":"https:\/\/legitgrams.com\/shop\/"},{"@type":"ListItem","position":3,"name":"Agent Orange Marijuana Strain"}]},{"@type":"WebSite","@id":"https:\/\/legitgrams.com\/#website","url":"https:\/\/legitgrams.com\/","name":"Les grammes l\u00e9gitimes","description":"Mon blog WordPress","publisher":{"@id":"https:\/\/legitgrams.com\/#organization"},"potentialAction":[{"@type":"SearchAction","target":{"@type":"EntryPoint","urlTemplate":"https:\/\/legitgrams.com\/?s={search_term_string}"},"query-input":{"@type":"PropertyValueSpecification","valueRequired":true,"valueName":"search_term_string"}}],"inLanguage":"fr-BE"},{"@type":"Organization","@id":"https:\/\/legitgrams.com\/#organization","name":"Les grammes l\u00e9gitimes","url":"https:\/\/legitgrams.com\/","logo":{"@type":"ImageObject","inLanguage":"fr-BE","@id":"https:\/\/legitgrams.com\/#\/schema\/logo\/image\/","url":"https:\/\/legitgrams.com\/wp-content\/uploads\/2024\/09\/main-logo.png","contentUrl":"https:\/\/legitgrams.com\/wp-content\/uploads\/2024\/09\/main-logo.png","width":270,"height":75,"caption":"Legit Grams"},"image":{"@id":"https:\/\/legitgrams.com\/#\/schema\/logo\/image\/"}}]}},"uagb_featured_image_src":{"full":["https:\/\/legitgrams.com\/wp-content\/uploads\/2024\/09\/Buy-Agent-Orange-Marijuana-Strain-Online-1.jpg",600,600,false],"thumbnail":["https:\/\/legitgrams.com\/wp-content\/uploads\/2024\/09\/Buy-Agent-Orange-Marijuana-Strain-Online-1-150x150.jpg",150,150,true],"medium":["https:\/\/legitgrams.com\/wp-content\/uploads\/2024\/09\/Buy-Agent-Orange-Marijuana-Strain-Online-1-300x300.jpg",300,300,true],"medium_large":["https:\/\/legitgrams.com\/wp-content\/uploads\/2024\/09\/Buy-Agent-Orange-Marijuana-Strain-Online-1.jpg",600,600,false],"large":["https:\/\/legitgrams.com\/wp-content\/uploads\/2024\/09\/Buy-Agent-Orange-Marijuana-Strain-Online-1.jpg",600,600,false],"1536x1536":["https:\/\/legitgrams.com\/wp-content\/uploads\/2024\/09\/Buy-Agent-Orange-Marijuana-Strain-Online-1.jpg",600,600,false],"2048x2048":["https:\/\/legitgrams.com\/wp-content\/uploads\/2024\/09\/Buy-Agent-Orange-Marijuana-Strain-Online-1.jpg",600,600,false],"trp-custom-language-flag":["https:\/\/legitgrams.com\/wp-content\/uploads\/2024\/09\/Buy-Agent-Orange-Marijuana-Strain-Online-1-12x12.jpg",12,12,true],"woocommerce_thumbnail":["https:\/\/legitgrams.com\/wp-content\/uploads\/2024\/09\/Buy-Agent-Orange-Marijuana-Strain-Online-1-300x300.jpg",300,300,true],"woocommerce_single":["https:\/\/legitgrams.com\/wp-content\/uploads\/2024\/09\/Buy-Agent-Orange-Marijuana-Strain-Online-1.jpg",600,600,false],"woocommerce_gallery_thumbnail":["https:\/\/legitgrams.com\/wp-content\/uploads\/2024\/09\/Buy-Agent-Orange-Marijuana-Strain-Online-1-100x100.jpg",100,100,true]},"uagb_author_info":{"display_name":"cokeblog18","author_link":"https:\/\/legitgrams.com\/fr\/author\/"},"uagb_comment_info":0,"uagb_excerpt":"For Sale: Agent Orange Cannabis Strain One way to visualize Asia is to close your eyes and visualize far coastlines, sadly missing havens, and food so good you won&#8217;t want to eat anything else. As an alternative, try this incredibly uncommon and invigorating strain; it might be the fantasy you&#8217;ve been waiting for. Because of&hellip;","_links":{"self":[{"href":"https:\/\/legitgrams.com\/fr\/wp-json\/wp\/v2\/product\/3823","targetHints":{"allow":["GET"]}}],"collection":[{"href":"https:\/\/legitgrams.com\/fr\/wp-json\/wp\/v2\/product"}],"about":[{"href":"https:\/\/legitgrams.com\/fr\/wp-json\/wp\/v2\/types\/product"}],"replies":[{"embeddable":true,"href":"https:\/\/legitgrams.com\/fr\/wp-json\/wp\/v2\/comments?post=3823"}],"wp:featuredmedia":[{"embeddable":true,"href":"https:\/\/legitgrams.com\/fr\/wp-json\/wp\/v2\/media\/5403"}],"wp:attachment":[{"href":"https:\/\/legitgrams.com\/fr\/wp-json\/wp\/v2\/media?parent=3823"}],"wp:term":[{"taxonomy":"product_brand","embeddable":true,"href":"https:\/\/legitgrams.com\/fr\/wp-json\/wp\/v2\/product_brand?post=3823"},{"taxonomy":"product_cat","embeddable":true,"href":"https:\/\/legitgrams.com\/fr\/wp-json\/wp\/v2\/product_cat?post=3823"},{"taxonomy":"product_tag","embeddable":true,"href":"https:\/\/legitgrams.com\/fr\/wp-json\/wp\/v2\/product_tag?post=3823"}],"curies":[{"name":"wp","href":"https:\/\/api.w.org\/{rel}","templated":true}]}}