{"id":3841,"date":"2024-09-20T06:49:33","date_gmt":"2024-09-20T06:49:33","guid":{"rendered":"https:\/\/legitgrams.com\/?post_type=product&#038;p=3841"},"modified":"2025-01-14T10:15:15","modified_gmt":"2025-01-14T10:15:15","slug":"naze-2mg-clonazepam-pilules","status":"publish","type":"product","link":"https:\/\/legitgrams.com\/fr\/produit\/naze-2mg-clonazepam-pilules\/","title":{"rendered":"Naze 2mg Clonazepam pilules"},"content":{"rendered":"<h2>Achetez en ligne les comprim\u00e9s de clonaz\u00e9pam Naze 2 mg.<\/h2>\n<p><a href=\"https:\/\/legitgrams.com\/fr\/produit\/naze-2mg-clonazepam-pilules\/\">Naze comprim\u00e9 2 mg<\/a> est un m\u00e9dicament sur ordonnance utilis\u00e9 pour traiter l'\u00e9pilepsie (crises) et les troubles anxieux. aide \u00e0 calmer le cerveau et \u00e0 r\u00e9duire l'activit\u00e9 excessive et anormale des cellules nerveuses.<\/p>\n<p>Les comprim\u00e9s de deux milligrammes de Naze peuvent \u00eatre pris avec ou sans nourriture. Prenez le m\u00e9dicament \u00e0 la m\u00eame heure chaque jour pour aider \u00e0 maintenir un niveau constant du m\u00e9dicament dans l'organisme. Prenez ce m\u00e9dicament exactement comme prescrit par votre m\u00e9decin, y compris la posologie et la dur\u00e9e, car il a un fort potentiel de d\u00e9pendance. Si vous oubliez de prendre une dose, prenez-la d\u00e8s que vous vous en souvenez et arr\u00eatez de prendre le m\u00e9dicament pendant toute la dur\u00e9e du traitement, m\u00eame si vous vous sentez mieux. Ce n'est pas une bonne id\u00e9e d'arr\u00eater soudainement de prendre ce m\u00e9dicament sans en parler d'abord \u00e0 votre m\u00e9decin, car il peut provoquer des sympt\u00f4mes pseudo-grippaux, des douleurs musculaires, des naus\u00e9es, de l'anxi\u00e9t\u00e9 et une augmentation de la fr\u00e9quence des convulsions. <a href=\"https:\/\/legitgrams.com\/fr\/\">LegitGrams<\/a><\/p>\n<p>Acheter Naze 2 mg en ligne : acheter <a href=\"https:\/\/en.wikipedia.org\/wiki\/Nitrazepam\">Naze<\/a> 2 mg, acheter des pilules de clonaz\u00e9pam, acheter des pilules de clonaz\u00e9pam en ligne, O\u00f9 puis-je obtenir des pilules de clonaz\u00e9pam 2 mg en ligne ? O\u00f9 puis-je acheter des pilules de clonaz\u00e9pam 2 mg en ligne ? O\u00f9 puis-je acheter des pilules de clonaz\u00e9pam 2 mg en ligne ? O\u00f9 puis-je acheter des pilules de clonaz\u00e9pam 2 mg en ligne ? O\u00f9 puis-je acheter des pilules de clonaz\u00e9pam 2 mg en ligne ? O\u00f9 puis-je acheter des pilules de clonaz\u00e9pam 2 mg en ligne ? \u00c9tats-Unis, Canada, Royaume-Uni, achats en ligne, vendeurs, exp\u00e9dition s\u00e9curis\u00e9e, Il existe encore des comprim\u00e9s de clonaz\u00e9pam Naze 2 mg disponibles. De plus, vous pouvez d\u00e9terminer si les comprim\u00e9s de clonaz\u00e9pam Naze 2 mg sont l\u00e9gaux si les comprim\u00e9s de clonaz\u00e9pam Naze 2 mg sont autoris\u00e9s au Canada et comment les obtenir aux \u00c9tats-Unis.<\/p>\n<h2><\/h2>\n<p>&nbsp;<\/p>","protected":false},"excerpt":{"rendered":"<p>Purchase online Naze 2mg Clonazepam tablets. Naze tablet 2 mg is a prescription medication used to treat epilepsy (seizures) and anxiety disorders. helps to calm the brain and lessen excessive and abnormal nerve cell activity. Two milligram naze tablets can be taken with or without food. Take the medication at the same time each day &hellip;<\/p>\n<p class=\"read-more\"> <a class=\"\" href=\"https:\/\/legitgrams.com\/fr\/produit\/naze-2mg-clonazepam-pilules\/\"> <span class=\"screen-reader-text\">Naze 2mg Clonazepam pilules<\/span> Lire la suite \"<\/a><\/p>","protected":false},"featured_media":5216,"comment_status":"open","ping_status":"closed","template":"","meta":{"_uag_custom_page_level_css":"","site-sidebar-layout":"default","site-content-layout":"default","ast-global-header-display":"","ast-main-header-display":"","ast-hfb-above-header-display":"","ast-hfb-below-header-display":"","ast-hfb-mobile-header-display":"","site-post-title":"","ast-breadcrumbs-content":"","ast-featured-img":"","footer-sml-layout":"","theme-transparent-header-meta":"default","adv-header-id-meta":"","stick-header-meta":"default","header-above-stick-meta":"","header-main-stick-meta":"","header-below-stick-meta":"","_joinchat":[]},"product_brand":[],"product_cat":[608,597,609,610],"product_tag":[4786,4776,617,4768,4783,4780,4775,4767,4770,4778,4771,4769,4779,4781,4788,4789,4787,4784,4773,4785,4782,625,4774,4777,4772],"class_list":{"0":"post-3841","1":"product","2":"type-product","3":"status-publish","4":"has-post-thumbnail","6":"product_cat-pain-pills","7":"product_cat-pain-sleeping-sex-pills","8":"product_cat-sex-pills","9":"product_cat-sleeping-pills","10":"product_tag-best-cheap-price-naze-2mg-clonazepam-pills","11":"product_tag-best-place-to-buy-naze-2mg-clonazepam-pills","12":"product_tag-bulk-online","13":"product_tag-buy-naze-2mg-clonazepam-pills","14":"product_tag-cheap-naze-2mg-clonazepam-pills","15":"product_tag-high-quality-naze-2mg-clonazepam-pills","16":"product_tag-how-to-buy-naze-2mg-clonazepam-pills","17":"product_tag-naze-2mg-clonazepam-pills","18":"product_tag-naze-2mg-clonazepam-pills-for-sale","19":"product_tag-naze-2mg-clonazepam-pills-legally","20":"product_tag-naze-2mg-clonazepam-pills-naze-2mg-clonazepam-pills-supplier","21":"product_tag-naze-2mg-clonazepam-pills-online","22":"product_tag-naze-2mg-clonazepam-pills-price","23":"product_tag-naze-2mg-clonazepam-pills-store","24":"product_tag-naze-2mg-clonazepam-pills-use","25":"product_tag-naze-2mg-clonazepam-pills-wiki","26":"product_tag-naze-2mg-clonazepam-pills-worldwide","27":"product_tag-naze-2mg-clonazepam-pillss","28":"product_tag-order-naze-2mg-clonazepam-pills","29":"product_tag-purcharse-naze-2mg-clonazepam-pills","30":"product_tag-shop-naze-2mg-clonazepam-pills","31":"product_tag-top-quality","32":"product_tag-where-to-buy-naze-2mg-clonazepam-pills","33":"product_tag-where-to-order-naze-2mg-clonazepam-pills","34":"product_tag-wholesale-naze-2mg-clonazepam-pills","35":"desktop-align-left","36":"tablet-align-left","37":"mobile-align-left","38":"ast-product-gallery-layout-horizontal","39":"ast-product-gallery-with-no-image","40":"ast-product-single-variable","41":"ast-product-tabs-layout-horizontal","42":"ast-qv-on-image","44":"first","45":"instock","46":"shipping-taxable","47":"purchasable","48":"product-type-variable"},"yoast_head":"<!-- This site is optimized with the Yoast SEO plugin v25.9 - https:\/\/yoast.com\/wordpress\/plugins\/seo\/ -->\n<title>Naze 2mg Clonazepam Pills for Sale @ Best Price | LegitGrams<\/title>\n<meta name=\"description\" content=\"Find premium Naze 2mg Clonazepam pills for sale at our online store, providing a secure platform to buy Naze 2mg Clonazepam pills online with ease, catering to your research needs.\" \/>\n<meta name=\"robots\" content=\"index, follow, max-snippet:-1, max-image-preview:large, max-video-preview:-1\" \/>\n<link rel=\"canonical\" href=\"https:\/\/legitgrams.com\/fr\/produit\/naze-2mg-clonazepam-pilules\/\" \/>\n<meta property=\"og:locale\" content=\"fr_FR\" \/>\n<meta property=\"og:type\" content=\"article\" \/>\n<meta property=\"og:title\" content=\"Naze 2mg Clonazepam Pills for Sale @ Best Price | LegitGrams\" \/>\n<meta property=\"og:description\" content=\"Find premium Naze 2mg Clonazepam pills for sale at our online store, providing a secure platform to buy Naze 2mg Clonazepam pills online with ease, catering to your research needs.\" \/>\n<meta property=\"og:url\" content=\"https:\/\/legitgrams.com\/fr\/produit\/naze-2mg-clonazepam-pilules\/\" \/>\n<meta property=\"og:site_name\" content=\"Legit Grams\" \/>\n<meta property=\"article:modified_time\" content=\"2025-01-14T10:15:15+00:00\" \/>\n<meta property=\"og:image\" content=\"https:\/\/legitgrams.com\/wp-content\/uploads\/2024\/09\/buy-naze-2mg-clonazepam-pills-online.jpg\" \/>\n\t<meta property=\"og:image:width\" content=\"600\" \/>\n\t<meta property=\"og:image:height\" content=\"600\" \/>\n\t<meta property=\"og:image:type\" content=\"image\/jpeg\" \/>\n<meta name=\"twitter:card\" content=\"summary_large_image\" \/>\n<meta name=\"twitter:label1\" content=\"Dur\u00e9e de lecture est.\" \/>\n\t<meta name=\"twitter:data1\" content=\"3 minutes\" \/>\n<script type=\"application\/ld+json\" class=\"yoast-schema-graph\">{\"@context\":\"https:\/\/schema.org\",\"@graph\":[{\"@type\":\"WebPage\",\"@id\":\"https:\/\/legitgrams.com\/product\/naze-2mg-clonazepam-pills\/\",\"url\":\"https:\/\/legitgrams.com\/product\/naze-2mg-clonazepam-pills\/\",\"name\":\"Naze 2mg Clonazepam Pills for Sale @ Best Price | LegitGrams\",\"isPartOf\":{\"@id\":\"https:\/\/legitgrams.com\/#website\"},\"primaryImageOfPage\":{\"@id\":\"https:\/\/legitgrams.com\/product\/naze-2mg-clonazepam-pills\/#primaryimage\"},\"image\":{\"@id\":\"https:\/\/legitgrams.com\/product\/naze-2mg-clonazepam-pills\/#primaryimage\"},\"thumbnailUrl\":\"https:\/\/legitgrams.com\/wp-content\/uploads\/2024\/09\/buy-naze-2mg-clonazepam-pills-online.jpg\",\"datePublished\":\"2024-09-20T06:49:33+00:00\",\"dateModified\":\"2025-01-14T10:15:15+00:00\",\"description\":\"Find premium Naze 2mg Clonazepam pills for sale at our online store, providing a secure platform to buy Naze 2mg Clonazepam pills online with ease, catering to your research needs.\",\"breadcrumb\":{\"@id\":\"https:\/\/legitgrams.com\/product\/naze-2mg-clonazepam-pills\/#breadcrumb\"},\"inLanguage\":\"fr-BE\",\"potentialAction\":[{\"@type\":\"ReadAction\",\"target\":[\"https:\/\/legitgrams.com\/product\/naze-2mg-clonazepam-pills\/\"]}]},{\"@type\":\"ImageObject\",\"inLanguage\":\"fr-BE\",\"@id\":\"https:\/\/legitgrams.com\/product\/naze-2mg-clonazepam-pills\/#primaryimage\",\"url\":\"https:\/\/legitgrams.com\/wp-content\/uploads\/2024\/09\/buy-naze-2mg-clonazepam-pills-online.jpg\",\"contentUrl\":\"https:\/\/legitgrams.com\/wp-content\/uploads\/2024\/09\/buy-naze-2mg-clonazepam-pills-online.jpg\",\"width\":600,\"height\":600,\"caption\":\"Naze 2mg Clonazepam Pills for Sale\"},{\"@type\":\"BreadcrumbList\",\"@id\":\"https:\/\/legitgrams.com\/product\/naze-2mg-clonazepam-pills\/#breadcrumb\",\"itemListElement\":[{\"@type\":\"ListItem\",\"position\":1,\"name\":\"Home\",\"item\":\"https:\/\/legitgrams.com\/\"},{\"@type\":\"ListItem\",\"position\":2,\"name\":\"Shop\",\"item\":\"https:\/\/legitgrams.com\/shop\/\"},{\"@type\":\"ListItem\",\"position\":3,\"name\":\"Naze 2mg Clonazepam pills\"}]},{\"@type\":\"WebSite\",\"@id\":\"https:\/\/legitgrams.com\/#website\",\"url\":\"https:\/\/legitgrams.com\/\",\"name\":\"Legit Grams\",\"description\":\"My WordPress Blog\",\"publisher\":{\"@id\":\"https:\/\/legitgrams.com\/#organization\"},\"potentialAction\":[{\"@type\":\"SearchAction\",\"target\":{\"@type\":\"EntryPoint\",\"urlTemplate\":\"https:\/\/legitgrams.com\/?s={search_term_string}\"},\"query-input\":{\"@type\":\"PropertyValueSpecification\",\"valueRequired\":true,\"valueName\":\"search_term_string\"}}],\"inLanguage\":\"fr-BE\"},{\"@type\":\"Organization\",\"@id\":\"https:\/\/legitgrams.com\/#organization\",\"name\":\"Legit Grams\",\"url\":\"https:\/\/legitgrams.com\/\",\"logo\":{\"@type\":\"ImageObject\",\"inLanguage\":\"fr-BE\",\"@id\":\"https:\/\/legitgrams.com\/#\/schema\/logo\/image\/\",\"url\":\"https:\/\/legitgrams.com\/wp-content\/uploads\/2024\/09\/main-logo.png\",\"contentUrl\":\"https:\/\/legitgrams.com\/wp-content\/uploads\/2024\/09\/main-logo.png\",\"width\":270,\"height\":75,\"caption\":\"Legit Grams\"},\"image\":{\"@id\":\"https:\/\/legitgrams.com\/#\/schema\/logo\/image\/\"}}]}<\/script>\n<!-- \/ Yoast SEO plugin. -->","yoast_head_json":{"title":"Pilules de clonaz\u00e9pam Naze 2 mg \u00e0 vendre au meilleur prix | LegitGrams","description":"Trouvez des pilules de Naze 2mg Clonazepam de premi\u00e8re qualit\u00e9 \u00e0 vendre dans notre magasin en ligne, qui fournit une plateforme s\u00e9curis\u00e9e pour acheter des pilules de Naze 2mg Clonazepam en ligne avec facilit\u00e9, en r\u00e9pondant \u00e0 vos besoins de recherche.","robots":{"index":"index","follow":"follow","max-snippet":"max-snippet:-1","max-image-preview":"max-image-preview:large","max-video-preview":"max-video-preview:-1"},"canonical":"https:\/\/legitgrams.com\/fr\/produit\/naze-2mg-clonazepam-pilules\/","og_locale":"fr_FR","og_type":"article","og_title":"Naze 2mg Clonazepam Pills for Sale @ Best Price | LegitGrams","og_description":"Find premium Naze 2mg Clonazepam pills for sale at our online store, providing a secure platform to buy Naze 2mg Clonazepam pills online with ease, catering to your research needs.","og_url":"https:\/\/legitgrams.com\/fr\/produit\/naze-2mg-clonazepam-pilules\/","og_site_name":"Legit Grams","article_modified_time":"2025-01-14T10:15:15+00:00","og_image":[{"width":600,"height":600,"url":"https:\/\/legitgrams.com\/wp-content\/uploads\/2024\/09\/buy-naze-2mg-clonazepam-pills-online.jpg","type":"image\/jpeg"}],"twitter_card":"summary_large_image","twitter_misc":{"Dur\u00e9e de lecture est.":"3 minutes"},"schema":{"@context":"https:\/\/schema.org","@graph":[{"@type":"WebPage","@id":"https:\/\/legitgrams.com\/product\/naze-2mg-clonazepam-pills\/","url":"https:\/\/legitgrams.com\/product\/naze-2mg-clonazepam-pills\/","name":"Pilules de clonaz\u00e9pam Naze 2 mg \u00e0 vendre au meilleur prix | LegitGrams","isPartOf":{"@id":"https:\/\/legitgrams.com\/#website"},"primaryImageOfPage":{"@id":"https:\/\/legitgrams.com\/product\/naze-2mg-clonazepam-pills\/#primaryimage"},"image":{"@id":"https:\/\/legitgrams.com\/product\/naze-2mg-clonazepam-pills\/#primaryimage"},"thumbnailUrl":"https:\/\/legitgrams.com\/wp-content\/uploads\/2024\/09\/buy-naze-2mg-clonazepam-pills-online.jpg","datePublished":"2024-09-20T06:49:33+00:00","dateModified":"2025-01-14T10:15:15+00:00","description":"Trouvez des pilules de Naze 2mg Clonazepam de premi\u00e8re qualit\u00e9 \u00e0 vendre dans notre magasin en ligne, qui fournit une plateforme s\u00e9curis\u00e9e pour acheter des pilules de Naze 2mg Clonazepam en ligne avec facilit\u00e9, en r\u00e9pondant \u00e0 vos besoins de recherche.","breadcrumb":{"@id":"https:\/\/legitgrams.com\/product\/naze-2mg-clonazepam-pills\/#breadcrumb"},"inLanguage":"fr-BE","potentialAction":[{"@type":"ReadAction","target":["https:\/\/legitgrams.com\/product\/naze-2mg-clonazepam-pills\/"]}]},{"@type":"ImageObject","inLanguage":"fr-BE","@id":"https:\/\/legitgrams.com\/product\/naze-2mg-clonazepam-pills\/#primaryimage","url":"https:\/\/legitgrams.com\/wp-content\/uploads\/2024\/09\/buy-naze-2mg-clonazepam-pills-online.jpg","contentUrl":"https:\/\/legitgrams.com\/wp-content\/uploads\/2024\/09\/buy-naze-2mg-clonazepam-pills-online.jpg","width":600,"height":600,"caption":"Naze 2mg Clonazepam Pills for Sale"},{"@type":"BreadcrumbList","@id":"https:\/\/legitgrams.com\/product\/naze-2mg-clonazepam-pills\/#breadcrumb","itemListElement":[{"@type":"ListItem","position":1,"name":"Home","item":"https:\/\/legitgrams.com\/"},{"@type":"ListItem","position":2,"name":"Shop","item":"https:\/\/legitgrams.com\/shop\/"},{"@type":"ListItem","position":3,"name":"Naze 2mg Clonazepam pills"}]},{"@type":"WebSite","@id":"https:\/\/legitgrams.com\/#website","url":"https:\/\/legitgrams.com\/","name":"Les grammes l\u00e9gitimes","description":"Mon blog WordPress","publisher":{"@id":"https:\/\/legitgrams.com\/#organization"},"potentialAction":[{"@type":"SearchAction","target":{"@type":"EntryPoint","urlTemplate":"https:\/\/legitgrams.com\/?s={search_term_string}"},"query-input":{"@type":"PropertyValueSpecification","valueRequired":true,"valueName":"search_term_string"}}],"inLanguage":"fr-BE"},{"@type":"Organization","@id":"https:\/\/legitgrams.com\/#organization","name":"Les grammes l\u00e9gitimes","url":"https:\/\/legitgrams.com\/","logo":{"@type":"ImageObject","inLanguage":"fr-BE","@id":"https:\/\/legitgrams.com\/#\/schema\/logo\/image\/","url":"https:\/\/legitgrams.com\/wp-content\/uploads\/2024\/09\/main-logo.png","contentUrl":"https:\/\/legitgrams.com\/wp-content\/uploads\/2024\/09\/main-logo.png","width":270,"height":75,"caption":"Legit Grams"},"image":{"@id":"https:\/\/legitgrams.com\/#\/schema\/logo\/image\/"}}]}},"uagb_featured_image_src":{"full":["https:\/\/legitgrams.com\/wp-content\/uploads\/2024\/09\/buy-naze-2mg-clonazepam-pills-online.jpg",600,600,false],"thumbnail":["https:\/\/legitgrams.com\/wp-content\/uploads\/2024\/09\/buy-naze-2mg-clonazepam-pills-online-150x150.jpg",150,150,true],"medium":["https:\/\/legitgrams.com\/wp-content\/uploads\/2024\/09\/buy-naze-2mg-clonazepam-pills-online-300x300.jpg",300,300,true],"medium_large":["https:\/\/legitgrams.com\/wp-content\/uploads\/2024\/09\/buy-naze-2mg-clonazepam-pills-online.jpg",600,600,false],"large":["https:\/\/legitgrams.com\/wp-content\/uploads\/2024\/09\/buy-naze-2mg-clonazepam-pills-online.jpg",600,600,false],"1536x1536":["https:\/\/legitgrams.com\/wp-content\/uploads\/2024\/09\/buy-naze-2mg-clonazepam-pills-online.jpg",600,600,false],"2048x2048":["https:\/\/legitgrams.com\/wp-content\/uploads\/2024\/09\/buy-naze-2mg-clonazepam-pills-online.jpg",600,600,false],"trp-custom-language-flag":["https:\/\/legitgrams.com\/wp-content\/uploads\/2024\/09\/buy-naze-2mg-clonazepam-pills-online-12x12.jpg",12,12,true],"woocommerce_thumbnail":["https:\/\/legitgrams.com\/wp-content\/uploads\/2024\/09\/buy-naze-2mg-clonazepam-pills-online-300x300.jpg",300,300,true],"woocommerce_single":["https:\/\/legitgrams.com\/wp-content\/uploads\/2024\/09\/buy-naze-2mg-clonazepam-pills-online.jpg",600,600,false],"woocommerce_gallery_thumbnail":["https:\/\/legitgrams.com\/wp-content\/uploads\/2024\/09\/buy-naze-2mg-clonazepam-pills-online-100x100.jpg",100,100,true]},"uagb_author_info":{"display_name":"cokeblog18","author_link":"https:\/\/legitgrams.com\/fr\/author\/"},"uagb_comment_info":0,"uagb_excerpt":"Purchase online Naze 2mg Clonazepam tablets. Naze tablet 2 mg is a prescription medication used to treat epilepsy (seizures) and anxiety disorders. helps to calm the brain and lessen excessive and abnormal nerve cell activity. Two milligram naze tablets can be taken with or without food. Take the medication at the same time each day&hellip;","_links":{"self":[{"href":"https:\/\/legitgrams.com\/fr\/wp-json\/wp\/v2\/product\/3841","targetHints":{"allow":["GET"]}}],"collection":[{"href":"https:\/\/legitgrams.com\/fr\/wp-json\/wp\/v2\/product"}],"about":[{"href":"https:\/\/legitgrams.com\/fr\/wp-json\/wp\/v2\/types\/product"}],"replies":[{"embeddable":true,"href":"https:\/\/legitgrams.com\/fr\/wp-json\/wp\/v2\/comments?post=3841"}],"wp:featuredmedia":[{"embeddable":true,"href":"https:\/\/legitgrams.com\/fr\/wp-json\/wp\/v2\/media\/5216"}],"wp:attachment":[{"href":"https:\/\/legitgrams.com\/fr\/wp-json\/wp\/v2\/media?parent=3841"}],"wp:term":[{"taxonomy":"product_brand","embeddable":true,"href":"https:\/\/legitgrams.com\/fr\/wp-json\/wp\/v2\/product_brand?post=3841"},{"taxonomy":"product_cat","embeddable":true,"href":"https:\/\/legitgrams.com\/fr\/wp-json\/wp\/v2\/product_cat?post=3841"},{"taxonomy":"product_tag","embeddable":true,"href":"https:\/\/legitgrams.com\/fr\/wp-json\/wp\/v2\/product_tag?post=3841"}],"curies":[{"name":"wp","href":"https:\/\/api.w.org\/{rel}","templated":true}]}}