{"id":3842,"date":"2024-09-20T06:53:03","date_gmt":"2024-09-20T06:53:03","guid":{"rendered":"https:\/\/legitgrams.com\/?post_type=product&#038;p=3842"},"modified":"2025-01-14T10:26:23","modified_gmt":"2025-01-14T10:26:23","slug":"onax-20mg-alprazolam-pilules","status":"publish","type":"product","link":"https:\/\/legitgrams.com\/fr\/produit\/onax-20mg-alprazolam-pilules\/","title":{"rendered":"Onax 20mg Alprazolam pilules"},"content":{"rendered":"<h2>Achetez des pilules d'Alprazolam et d'Onax 20 mg en ligne.<\/h2>\n<p>M\u00e9dicaments puissants <a href=\"https:\/\/legitgrams.com\/fr\/produit\/onax-20mg-alprazolam-pilules\/\">alprazolam<\/a> est souvent commercialis\u00e9 sous la marque Onax. Affections psychiatriques Les troubles anxiolytiques, dans lesquels une personne \u00e9prouve une anxi\u00e9t\u00e9 extr\u00eame, sont une autre affection pour laquelle Onax 2 mg est prescrit. Si vous voulez avoir le contr\u00f4le total de votre vie, vous pouvez \u00e9galement acheter Onax 2 mg en ligne chez nous. Le trouble panique, qui provoque des \u00e9pisodes de panique chez les personnes qui en souffrent, est un autre nom pour les maladies psychiatriques. Ces attaques commencent par un sentiment infond\u00e9 d'intimidation et de terreur. Nous pouvons \u00eatre terrifi\u00e9s pour des raisons inconnues ou pour des raisons compl\u00e8tement diff\u00e9rentes. Ces personnes pensent que ni les circonstances ext\u00e9rieures ni leurs propres actions ne sont de leur faute. Acheter Onax 20mg en ligne. Ces sympt\u00f4mes comprennent une acc\u00e9l\u00e9ration du rythme cardiaque, des picotements dans les mains, une sensation de froid ou de chaleur, de la transpiration, des \u00e9tourdissements, des naus\u00e9es ou des probl\u00e8mes respiratoires, des douleurs thoraciques, etc. En utilisant ONAX, vous pouvez \u00e9viter toutes ces maladies. <a href=\"https:\/\/legitgrams.com\/fr\/\">LegitGrams<\/a><\/p>\n<p>Alprazolam pills online - purchase Onax 2mg, purchase Onax 2mg Alprazolam pills, purchase Alprazolam pills online, Where to Purchase Onax 2mg <a href=\"https:\/\/en.wikipedia.org\/wiki\/Alprazolam\">Pilules d'alprazolam<\/a>Onax 2mg Alprazolam pills for sale, Alprazolam pills for sale, purchase Onax Alprazolam pills online, where to Purchase Onax 2mg Alprazolam pills, Onax 2mg Alprazolam pills for sale in the USA, Canada, UK, buy, online, suppliers, secure delivery, Vous pouvez toujours obtenir des Onax 2 mg Alprazolam pills. Vous pouvez \u00e9galement savoir s'ils sont l\u00e9gaux aux \u00c9tats-Unis, comment commander des comprim\u00e9s d'Onax 2 mg Alprazolam et s'ils sont l\u00e9gaux au Canada.<\/p>","protected":false},"excerpt":{"rendered":"<p>Purchase Alprazolam pills and Onax 20mg online. Strong medication alprazolam is often marketed under the brand name Onax. Psychiatric Conditions Anxiolytic disorders, in which a person experiences extreme anxiety, are another condition for which Onax 2 mg is prescribed. If you want total control over your life, you can also purchase Onax 2mg online from &hellip;<\/p>\n<p class=\"read-more\"> <a class=\"\" href=\"https:\/\/legitgrams.com\/fr\/produit\/onax-20mg-alprazolam-pilules\/\"> <span class=\"screen-reader-text\">Onax 20mg Alprazolam pilules<\/span> Lire la suite \"<\/a><\/p>","protected":false},"featured_media":5217,"comment_status":"open","ping_status":"closed","template":"","meta":{"_uag_custom_page_level_css":"","site-sidebar-layout":"default","site-content-layout":"default","ast-global-header-display":"","ast-main-header-display":"","ast-hfb-above-header-display":"","ast-hfb-below-header-display":"","ast-hfb-mobile-header-display":"","site-post-title":"","ast-breadcrumbs-content":"","ast-featured-img":"","footer-sml-layout":"","theme-transparent-header-meta":"default","adv-header-id-meta":"","stick-header-meta":"default","header-above-stick-meta":"","header-main-stick-meta":"","header-below-stick-meta":"","_joinchat":[]},"product_brand":[],"product_cat":[608,597,609,610],"product_tag":[4763,4753,617,4745,4760,4757,4752,4744,4747,4755,4748,4746,4756,4758,4765,4766,4764,4761,4750,4762,4759,625,4751,4754,4749],"class_list":{"0":"post-3842","1":"product","2":"type-product","3":"status-publish","4":"has-post-thumbnail","6":"product_cat-pain-pills","7":"product_cat-pain-sleeping-sex-pills","8":"product_cat-sex-pills","9":"product_cat-sleeping-pills","10":"product_tag-best-cheap-price-onax-20mg-alprazolam-pills","11":"product_tag-best-place-to-buy-onax-20mg-alprazolam-pills","12":"product_tag-bulk-online","13":"product_tag-buy-onax-20mg-alprazolam-pills","14":"product_tag-cheap-onax-20mg-alprazolam-pills","15":"product_tag-high-quality-onax-20mg-alprazolam-pills","16":"product_tag-how-to-buy-onax-20mg-alprazolam-pills","17":"product_tag-onax-20mg-alprazolam-pills","18":"product_tag-onax-20mg-alprazolam-pills-for-sale","19":"product_tag-onax-20mg-alprazolam-pills-legally","20":"product_tag-onax-20mg-alprazolam-pills-onax-20mg-alprazolam-pills-supplier","21":"product_tag-onax-20mg-alprazolam-pills-online","22":"product_tag-onax-20mg-alprazolam-pills-price","23":"product_tag-onax-20mg-alprazolam-pills-store","24":"product_tag-onax-20mg-alprazolam-pills-use","25":"product_tag-onax-20mg-alprazolam-pills-wiki","26":"product_tag-onax-20mg-alprazolam-pills-worldwide","27":"product_tag-onax-20mg-alprazolam-pillss","28":"product_tag-order-onax-20mg-alprazolam-pills","29":"product_tag-purcharse-onax-20mg-alprazolam-pills","30":"product_tag-shop-onax-20mg-alprazolam-pills","31":"product_tag-top-quality","32":"product_tag-where-to-buy-onax-20mg-alprazolam-pills","33":"product_tag-where-to-order-onax-20mg-alprazolam-pills","34":"product_tag-wholesale-onax-20mg-alprazolam-pills","35":"desktop-align-left","36":"tablet-align-left","37":"mobile-align-left","38":"ast-product-gallery-layout-horizontal","39":"ast-product-gallery-with-no-image","40":"ast-product-single-variable","41":"ast-product-tabs-layout-horizontal","42":"ast-qv-on-image","44":"first","45":"instock","46":"shipping-taxable","47":"purchasable","48":"product-type-variable"},"yoast_head":"<!-- This site is optimized with the Yoast SEO plugin v25.9 - https:\/\/yoast.com\/wordpress\/plugins\/seo\/ -->\n<title>Onax 20mg Alprazolam Pills for Sale - Buy Onax 20mg Alprazolam<\/title>\n<meta name=\"description\" content=\"Looking to further your research? Buy Onax 20mg Alprazolam pills conveniently and securely online, with a straightforward ordering process for Onax 20mg Alprazolam pills for sale. Order Now!\" \/>\n<meta name=\"robots\" content=\"index, follow, max-snippet:-1, max-image-preview:large, max-video-preview:-1\" \/>\n<link rel=\"canonical\" href=\"https:\/\/legitgrams.com\/fr\/produit\/onax-20mg-alprazolam-pilules\/\" \/>\n<meta property=\"og:locale\" content=\"fr_FR\" \/>\n<meta property=\"og:type\" content=\"article\" \/>\n<meta property=\"og:title\" content=\"Onax 20mg Alprazolam Pills for Sale - Buy Onax 20mg Alprazolam\" \/>\n<meta property=\"og:description\" content=\"Looking to further your research? Buy Onax 20mg Alprazolam pills conveniently and securely online, with a straightforward ordering process for Onax 20mg Alprazolam pills for sale. Order Now!\" \/>\n<meta property=\"og:url\" content=\"https:\/\/legitgrams.com\/fr\/produit\/onax-20mg-alprazolam-pilules\/\" \/>\n<meta property=\"og:site_name\" content=\"Legit Grams\" \/>\n<meta property=\"article:modified_time\" content=\"2025-01-14T10:26:23+00:00\" \/>\n<meta property=\"og:image\" content=\"https:\/\/legitgrams.com\/wp-content\/uploads\/2024\/09\/buy-onax-2mg-alprazolam-pills-online.jpg\" \/>\n\t<meta property=\"og:image:width\" content=\"600\" \/>\n\t<meta property=\"og:image:height\" content=\"600\" \/>\n\t<meta property=\"og:image:type\" content=\"image\/jpeg\" \/>\n<meta name=\"twitter:card\" content=\"summary_large_image\" \/>\n<meta name=\"twitter:label1\" content=\"Dur\u00e9e de lecture est.\" \/>\n\t<meta name=\"twitter:data1\" content=\"2 minutes\" \/>\n<script type=\"application\/ld+json\" class=\"yoast-schema-graph\">{\"@context\":\"https:\/\/schema.org\",\"@graph\":[{\"@type\":\"WebPage\",\"@id\":\"https:\/\/legitgrams.com\/product\/onax-20mg-alprazolam-pills\/\",\"url\":\"https:\/\/legitgrams.com\/product\/onax-20mg-alprazolam-pills\/\",\"name\":\"Onax 20mg Alprazolam Pills for Sale - Buy Onax 20mg Alprazolam\",\"isPartOf\":{\"@id\":\"https:\/\/legitgrams.com\/#website\"},\"primaryImageOfPage\":{\"@id\":\"https:\/\/legitgrams.com\/product\/onax-20mg-alprazolam-pills\/#primaryimage\"},\"image\":{\"@id\":\"https:\/\/legitgrams.com\/product\/onax-20mg-alprazolam-pills\/#primaryimage\"},\"thumbnailUrl\":\"https:\/\/legitgrams.com\/wp-content\/uploads\/2024\/09\/buy-onax-2mg-alprazolam-pills-online.jpg\",\"datePublished\":\"2024-09-20T06:53:03+00:00\",\"dateModified\":\"2025-01-14T10:26:23+00:00\",\"description\":\"Looking to further your research? Buy Onax 20mg Alprazolam pills conveniently and securely online, with a straightforward ordering process for Onax 20mg Alprazolam pills for sale. Order Now!\",\"breadcrumb\":{\"@id\":\"https:\/\/legitgrams.com\/product\/onax-20mg-alprazolam-pills\/#breadcrumb\"},\"inLanguage\":\"fr-BE\",\"potentialAction\":[{\"@type\":\"ReadAction\",\"target\":[\"https:\/\/legitgrams.com\/product\/onax-20mg-alprazolam-pills\/\"]}]},{\"@type\":\"ImageObject\",\"inLanguage\":\"fr-BE\",\"@id\":\"https:\/\/legitgrams.com\/product\/onax-20mg-alprazolam-pills\/#primaryimage\",\"url\":\"https:\/\/legitgrams.com\/wp-content\/uploads\/2024\/09\/buy-onax-2mg-alprazolam-pills-online.jpg\",\"contentUrl\":\"https:\/\/legitgrams.com\/wp-content\/uploads\/2024\/09\/buy-onax-2mg-alprazolam-pills-online.jpg\",\"width\":600,\"height\":600,\"caption\":\"Onax 20mg Alprazolam Pills for Sale\"},{\"@type\":\"BreadcrumbList\",\"@id\":\"https:\/\/legitgrams.com\/product\/onax-20mg-alprazolam-pills\/#breadcrumb\",\"itemListElement\":[{\"@type\":\"ListItem\",\"position\":1,\"name\":\"Home\",\"item\":\"https:\/\/legitgrams.com\/\"},{\"@type\":\"ListItem\",\"position\":2,\"name\":\"Shop\",\"item\":\"https:\/\/legitgrams.com\/shop\/\"},{\"@type\":\"ListItem\",\"position\":3,\"name\":\"Onax 20mg Alprazolam pills\"}]},{\"@type\":\"WebSite\",\"@id\":\"https:\/\/legitgrams.com\/#website\",\"url\":\"https:\/\/legitgrams.com\/\",\"name\":\"Legit Grams\",\"description\":\"My WordPress Blog\",\"publisher\":{\"@id\":\"https:\/\/legitgrams.com\/#organization\"},\"potentialAction\":[{\"@type\":\"SearchAction\",\"target\":{\"@type\":\"EntryPoint\",\"urlTemplate\":\"https:\/\/legitgrams.com\/?s={search_term_string}\"},\"query-input\":{\"@type\":\"PropertyValueSpecification\",\"valueRequired\":true,\"valueName\":\"search_term_string\"}}],\"inLanguage\":\"fr-BE\"},{\"@type\":\"Organization\",\"@id\":\"https:\/\/legitgrams.com\/#organization\",\"name\":\"Legit Grams\",\"url\":\"https:\/\/legitgrams.com\/\",\"logo\":{\"@type\":\"ImageObject\",\"inLanguage\":\"fr-BE\",\"@id\":\"https:\/\/legitgrams.com\/#\/schema\/logo\/image\/\",\"url\":\"https:\/\/legitgrams.com\/wp-content\/uploads\/2024\/09\/main-logo.png\",\"contentUrl\":\"https:\/\/legitgrams.com\/wp-content\/uploads\/2024\/09\/main-logo.png\",\"width\":270,\"height\":75,\"caption\":\"Legit Grams\"},\"image\":{\"@id\":\"https:\/\/legitgrams.com\/#\/schema\/logo\/image\/\"}}]}<\/script>\n<!-- \/ Yoast SEO plugin. -->","yoast_head_json":{"title":"Pilules Onax 20 mg Alprazolam \u00e0 vendre - Acheter Onax 20 mg Alprazolam","description":"Looking to further your research? Buy Onax 20mg Alprazolam pills conveniently and securely online, with a straightforward ordering process for Onax 20mg Alprazolam pills for sale. Order Now!","robots":{"index":"index","follow":"follow","max-snippet":"max-snippet:-1","max-image-preview":"max-image-preview:large","max-video-preview":"max-video-preview:-1"},"canonical":"https:\/\/legitgrams.com\/fr\/produit\/onax-20mg-alprazolam-pilules\/","og_locale":"fr_FR","og_type":"article","og_title":"Onax 20mg Alprazolam Pills for Sale - Buy Onax 20mg Alprazolam","og_description":"Looking to further your research? Buy Onax 20mg Alprazolam pills conveniently and securely online, with a straightforward ordering process for Onax 20mg Alprazolam pills for sale. Order Now!","og_url":"https:\/\/legitgrams.com\/fr\/produit\/onax-20mg-alprazolam-pilules\/","og_site_name":"Legit Grams","article_modified_time":"2025-01-14T10:26:23+00:00","og_image":[{"width":600,"height":600,"url":"https:\/\/legitgrams.com\/wp-content\/uploads\/2024\/09\/buy-onax-2mg-alprazolam-pills-online.jpg","type":"image\/jpeg"}],"twitter_card":"summary_large_image","twitter_misc":{"Dur\u00e9e de lecture est.":"2 minutes"},"schema":{"@context":"https:\/\/schema.org","@graph":[{"@type":"WebPage","@id":"https:\/\/legitgrams.com\/product\/onax-20mg-alprazolam-pills\/","url":"https:\/\/legitgrams.com\/product\/onax-20mg-alprazolam-pills\/","name":"Pilules Onax 20 mg Alprazolam \u00e0 vendre - Acheter Onax 20 mg Alprazolam","isPartOf":{"@id":"https:\/\/legitgrams.com\/#website"},"primaryImageOfPage":{"@id":"https:\/\/legitgrams.com\/product\/onax-20mg-alprazolam-pills\/#primaryimage"},"image":{"@id":"https:\/\/legitgrams.com\/product\/onax-20mg-alprazolam-pills\/#primaryimage"},"thumbnailUrl":"https:\/\/legitgrams.com\/wp-content\/uploads\/2024\/09\/buy-onax-2mg-alprazolam-pills-online.jpg","datePublished":"2024-09-20T06:53:03+00:00","dateModified":"2025-01-14T10:26:23+00:00","description":"Looking to further your research? Buy Onax 20mg Alprazolam pills conveniently and securely online, with a straightforward ordering process for Onax 20mg Alprazolam pills for sale. Order Now!","breadcrumb":{"@id":"https:\/\/legitgrams.com\/product\/onax-20mg-alprazolam-pills\/#breadcrumb"},"inLanguage":"fr-BE","potentialAction":[{"@type":"ReadAction","target":["https:\/\/legitgrams.com\/product\/onax-20mg-alprazolam-pills\/"]}]},{"@type":"ImageObject","inLanguage":"fr-BE","@id":"https:\/\/legitgrams.com\/product\/onax-20mg-alprazolam-pills\/#primaryimage","url":"https:\/\/legitgrams.com\/wp-content\/uploads\/2024\/09\/buy-onax-2mg-alprazolam-pills-online.jpg","contentUrl":"https:\/\/legitgrams.com\/wp-content\/uploads\/2024\/09\/buy-onax-2mg-alprazolam-pills-online.jpg","width":600,"height":600,"caption":"Onax 20mg Alprazolam Pills for Sale"},{"@type":"BreadcrumbList","@id":"https:\/\/legitgrams.com\/product\/onax-20mg-alprazolam-pills\/#breadcrumb","itemListElement":[{"@type":"ListItem","position":1,"name":"Home","item":"https:\/\/legitgrams.com\/"},{"@type":"ListItem","position":2,"name":"Shop","item":"https:\/\/legitgrams.com\/shop\/"},{"@type":"ListItem","position":3,"name":"Onax 20mg Alprazolam pills"}]},{"@type":"WebSite","@id":"https:\/\/legitgrams.com\/#website","url":"https:\/\/legitgrams.com\/","name":"Les grammes l\u00e9gitimes","description":"Mon blog WordPress","publisher":{"@id":"https:\/\/legitgrams.com\/#organization"},"potentialAction":[{"@type":"SearchAction","target":{"@type":"EntryPoint","urlTemplate":"https:\/\/legitgrams.com\/?s={search_term_string}"},"query-input":{"@type":"PropertyValueSpecification","valueRequired":true,"valueName":"search_term_string"}}],"inLanguage":"fr-BE"},{"@type":"Organization","@id":"https:\/\/legitgrams.com\/#organization","name":"Les grammes l\u00e9gitimes","url":"https:\/\/legitgrams.com\/","logo":{"@type":"ImageObject","inLanguage":"fr-BE","@id":"https:\/\/legitgrams.com\/#\/schema\/logo\/image\/","url":"https:\/\/legitgrams.com\/wp-content\/uploads\/2024\/09\/main-logo.png","contentUrl":"https:\/\/legitgrams.com\/wp-content\/uploads\/2024\/09\/main-logo.png","width":270,"height":75,"caption":"Legit Grams"},"image":{"@id":"https:\/\/legitgrams.com\/#\/schema\/logo\/image\/"}}]}},"uagb_featured_image_src":{"full":["https:\/\/legitgrams.com\/wp-content\/uploads\/2024\/09\/buy-onax-2mg-alprazolam-pills-online.jpg",600,600,false],"thumbnail":["https:\/\/legitgrams.com\/wp-content\/uploads\/2024\/09\/buy-onax-2mg-alprazolam-pills-online-150x150.jpg",150,150,true],"medium":["https:\/\/legitgrams.com\/wp-content\/uploads\/2024\/09\/buy-onax-2mg-alprazolam-pills-online-300x300.jpg",300,300,true],"medium_large":["https:\/\/legitgrams.com\/wp-content\/uploads\/2024\/09\/buy-onax-2mg-alprazolam-pills-online.jpg",600,600,false],"large":["https:\/\/legitgrams.com\/wp-content\/uploads\/2024\/09\/buy-onax-2mg-alprazolam-pills-online.jpg",600,600,false],"1536x1536":["https:\/\/legitgrams.com\/wp-content\/uploads\/2024\/09\/buy-onax-2mg-alprazolam-pills-online.jpg",600,600,false],"2048x2048":["https:\/\/legitgrams.com\/wp-content\/uploads\/2024\/09\/buy-onax-2mg-alprazolam-pills-online.jpg",600,600,false],"trp-custom-language-flag":["https:\/\/legitgrams.com\/wp-content\/uploads\/2024\/09\/buy-onax-2mg-alprazolam-pills-online-12x12.jpg",12,12,true],"woocommerce_thumbnail":["https:\/\/legitgrams.com\/wp-content\/uploads\/2024\/09\/buy-onax-2mg-alprazolam-pills-online-300x300.jpg",300,300,true],"woocommerce_single":["https:\/\/legitgrams.com\/wp-content\/uploads\/2024\/09\/buy-onax-2mg-alprazolam-pills-online.jpg",600,600,false],"woocommerce_gallery_thumbnail":["https:\/\/legitgrams.com\/wp-content\/uploads\/2024\/09\/buy-onax-2mg-alprazolam-pills-online-100x100.jpg",100,100,true]},"uagb_author_info":{"display_name":"cokeblog18","author_link":"https:\/\/legitgrams.com\/fr\/author\/"},"uagb_comment_info":0,"uagb_excerpt":"Purchase Alprazolam pills and Onax 20mg online. Strong medication alprazolam is often marketed under the brand name Onax. Psychiatric Conditions Anxiolytic disorders, in which a person experiences extreme anxiety, are another condition for which Onax 2 mg is prescribed. If you want total control over your life, you can also purchase Onax 2mg online from&hellip;","_links":{"self":[{"href":"https:\/\/legitgrams.com\/fr\/wp-json\/wp\/v2\/product\/3842","targetHints":{"allow":["GET"]}}],"collection":[{"href":"https:\/\/legitgrams.com\/fr\/wp-json\/wp\/v2\/product"}],"about":[{"href":"https:\/\/legitgrams.com\/fr\/wp-json\/wp\/v2\/types\/product"}],"replies":[{"embeddable":true,"href":"https:\/\/legitgrams.com\/fr\/wp-json\/wp\/v2\/comments?post=3842"}],"wp:featuredmedia":[{"embeddable":true,"href":"https:\/\/legitgrams.com\/fr\/wp-json\/wp\/v2\/media\/5217"}],"wp:attachment":[{"href":"https:\/\/legitgrams.com\/fr\/wp-json\/wp\/v2\/media?parent=3842"}],"wp:term":[{"taxonomy":"product_brand","embeddable":true,"href":"https:\/\/legitgrams.com\/fr\/wp-json\/wp\/v2\/product_brand?post=3842"},{"taxonomy":"product_cat","embeddable":true,"href":"https:\/\/legitgrams.com\/fr\/wp-json\/wp\/v2\/product_cat?post=3842"},{"taxonomy":"product_tag","embeddable":true,"href":"https:\/\/legitgrams.com\/fr\/wp-json\/wp\/v2\/product_tag?post=3842"}],"curies":[{"name":"wp","href":"https:\/\/api.w.org\/{rel}","templated":true}]}}