{"id":3856,"date":"2024-09-20T08:07:59","date_gmt":"2024-09-20T08:07:59","guid":{"rendered":"https:\/\/legitgrams.com\/?post_type=product&#038;p=3856"},"modified":"2025-01-15T05:46:53","modified_gmt":"2025-01-15T05:46:53","slug":"tramal-sr-100mg-pilules","status":"publish","type":"product","link":"https:\/\/legitgrams.com\/fr\/produit\/tramal-sr-100mg-pilules\/","title":{"rendered":"Tramal SR 100mg pilules"},"content":{"rendered":"<h2>Achetez des pilules Tramal SR 100 mg en ligne<\/h2>\n<p>Tramal SR 100 mg est un comprim\u00e9 analg\u00e9sique (qui soulage la douleur). Ils sont appliqu\u00e9s sur le corps pour soulager les douleurs l\u00e9g\u00e8res \u00e0 s\u00e9v\u00e8res. Le composant actif de chaque comprim\u00e9 de Tramal SR 100 mg est <a href=\"https:\/\/en.wikipedia.org\/wiki\/Tramadol\">tramadol<\/a>Tramal SR est un analg\u00e9sique opio\u00efde. Acheter 100 mg de Tramal SR.<\/p>\n<h3>Dans quelle mesure Tramal SR 100 mg est-il efficace ?<\/h3>\n<p>Le comprim\u00e9 de 100 mg de Tramal SR est un analg\u00e9sique extr\u00eamement puissant et efficace. Il est utilis\u00e9 dans les situations o\u00f9 les analg\u00e9siques en vente libre sont inefficaces pour r\u00e9duire la douleur. Les douleurs dorsales, les douleurs postop\u00e9ratoires et les douleurs mod\u00e9r\u00e9es \u00e0 s\u00e9v\u00e8res apr\u00e8s un accident grave peuvent toutes \u00eatre trait\u00e9es avec le tramadol SR 100 mg. Achetez 100 mg de Tramal SR. Il emp\u00eache le corps de ressentir la douleur en agissant sur les r\u00e9cepteurs c\u00e9r\u00e9braux responsables de la transmission des signaux douloureux. <a href=\"https:\/\/legitgrams.com\/fr\/\">LegitGrams<\/a><\/p>\n<p>Acheter 100 mg de <a href=\"https:\/\/legitgrams.com\/fr\/produit\/tramal-sr-100mg-pilules\/\">Tramal SR pilules<\/a> en ligne - achat 100 mg de Tramal SR, achat 100 mg de pilules de Tramal SR, achat 100 mg de pilules de Tramal SR, o\u00f9 acheter 100 mg de pilules de Tramal SR, Tramal SR \u00e0 vendre, achat 100 mg de pilules de Tramal SR en ligne, o\u00f9 acheter 100 mg de pilules de Tramal SR, Tramal SR 100 mg de pilules \u00e0 vendre aux \u00c9tats-Unis, au Canada, au Royaume-Uni, achat, en ligne, fournisseurs, livraison s\u00fbre, Il est encore possible d'obtenir des pilules de Tramal SR 100 mg. Vous pouvez \u00e9galement vous renseigner pour savoir si les pilules de Tramal SR 100 mg sont l\u00e9gales aux \u00c9tats-Unis, comment commander des pilules de Tramal SR 100 mg et si elles sont l\u00e9gales au Canada.<\/p>","protected":false},"excerpt":{"rendered":"<p>Purchase Tramal SR 100mg pills online Analgesic (pain relief) tablets are what Tramal SR 100 mg are. It is applied to the body to ease mild to severe pain. The active component of each Tramal SR 100 mg tablet is tramadol, an opioid analgesic. Buy 100 mg of Tramal SR. To what extent does Tramal &hellip;<\/p>\n<p class=\"read-more\"> <a class=\"\" href=\"https:\/\/legitgrams.com\/fr\/produit\/tramal-sr-100mg-pilules\/\"> <span class=\"screen-reader-text\">Tramal SR 100mg pilules<\/span> Lire la suite \"<\/a><\/p>","protected":false},"featured_media":5238,"comment_status":"open","ping_status":"closed","template":"","meta":{"_uag_custom_page_level_css":"","site-sidebar-layout":"default","site-content-layout":"default","ast-global-header-display":"","ast-main-header-display":"","ast-hfb-above-header-display":"","ast-hfb-below-header-display":"","ast-hfb-mobile-header-display":"","site-post-title":"","ast-breadcrumbs-content":"","ast-featured-img":"","footer-sml-layout":"","theme-transparent-header-meta":"default","adv-header-id-meta":"","stick-header-meta":"default","header-above-stick-meta":"","header-main-stick-meta":"","header-below-stick-meta":"","_joinchat":[]},"product_brand":[],"product_cat":[608,597,609,610],"product_tag":[4671,4661,617,4653,4668,4665,4660,4658,4670,4667,625,4652,4655,4663,4654,4664,4666,4656,4673,4674,4672,4669,4659,4662,4657],"class_list":{"0":"post-3856","1":"product","2":"type-product","3":"status-publish","4":"has-post-thumbnail","6":"product_cat-pain-pills","7":"product_cat-pain-sleeping-sex-pills","8":"product_cat-sex-pills","9":"product_cat-sleeping-pills","10":"product_tag-best-cheap-price-tramal-sr-100mg-pills","11":"product_tag-best-place-to-buy-tramal-sr-100mg-pills","12":"product_tag-bulk-online","13":"product_tag-buy-tramal-sr-100mg-pills","14":"product_tag-cheap-tramal-sr-100mg-pills","15":"product_tag-high-quality-tramal-sr-100mg-pills","16":"product_tag-how-to-buy-tramal-sr-100mg-pills","17":"product_tag-order-tramal-sr-100mg-pills","18":"product_tag-purcharse-tramal-sr-100mg-pills","19":"product_tag-shop-tramal-sr-100mg-pills","20":"product_tag-top-quality","21":"product_tag-tramal-sr-100mg-pills","22":"product_tag-tramal-sr-100mg-pills-for-sale","23":"product_tag-tramal-sr-100mg-pills-legally","24":"product_tag-tramal-sr-100mg-pills-online","25":"product_tag-tramal-sr-100mg-pills-price","26":"product_tag-tramal-sr-100mg-pills-store","27":"product_tag-tramal-sr-100mg-pills-tramal-sr-100mg-pills-supplier","28":"product_tag-tramal-sr-100mg-pills-use","29":"product_tag-tramal-sr-100mg-pills-wiki","30":"product_tag-tramal-sr-100mg-pills-worldwide","31":"product_tag-tramal-sr-100mg-pillss","32":"product_tag-where-to-buy-tramal-sr-100mg-pills","33":"product_tag-where-to-order-tramal-sr-100mg-pills","34":"product_tag-wholesale-tramal-sr-100mg-pills","35":"desktop-align-left","36":"tablet-align-left","37":"mobile-align-left","38":"ast-product-gallery-layout-horizontal","39":"ast-product-gallery-with-no-image","40":"ast-product-single-variable","41":"ast-product-tabs-layout-horizontal","42":"ast-qv-on-image","44":"first","45":"instock","46":"shipping-taxable","47":"purchasable","48":"product-type-variable"},"yoast_head":"<!-- This site is optimized with the Yoast SEO plugin v25.9 - https:\/\/yoast.com\/wordpress\/plugins\/seo\/ -->\n<title>Tramal SR 100mg Pills for Sale - Order Tramal SR Pills Online<\/title>\n<meta name=\"description\" content=\"Looking for a reliable source to buy tramal sr 100mg pills online? Your search ends here. Tramal sr 100mg pills for sale from our trusted store. Order now!\" \/>\n<meta name=\"robots\" content=\"index, follow, max-snippet:-1, max-image-preview:large, max-video-preview:-1\" \/>\n<link rel=\"canonical\" href=\"https:\/\/legitgrams.com\/fr\/produit\/tramal-sr-100mg-pilules\/\" \/>\n<meta property=\"og:locale\" content=\"fr_FR\" \/>\n<meta property=\"og:type\" content=\"article\" \/>\n<meta property=\"og:title\" content=\"Tramal SR 100mg Pills for Sale - Order Tramal SR Pills Online\" \/>\n<meta property=\"og:description\" content=\"Looking for a reliable source to buy tramal sr 100mg pills online? Your search ends here. Tramal sr 100mg pills for sale from our trusted store. Order now!\" \/>\n<meta property=\"og:url\" content=\"https:\/\/legitgrams.com\/fr\/produit\/tramal-sr-100mg-pilules\/\" \/>\n<meta property=\"og:site_name\" content=\"Legit Grams\" \/>\n<meta property=\"article:modified_time\" content=\"2025-01-15T05:46:53+00:00\" \/>\n<meta property=\"og:image\" content=\"https:\/\/legitgrams.com\/wp-content\/uploads\/2024\/09\/buy-tramal-sr-100mg-pills-online.jpg\" \/>\n\t<meta property=\"og:image:width\" content=\"600\" \/>\n\t<meta property=\"og:image:height\" content=\"600\" \/>\n\t<meta property=\"og:image:type\" content=\"image\/jpeg\" \/>\n<meta name=\"twitter:card\" content=\"summary_large_image\" \/>\n<meta name=\"twitter:label1\" content=\"Dur\u00e9e de lecture est.\" \/>\n\t<meta name=\"twitter:data1\" content=\"2 minutes\" \/>\n<script type=\"application\/ld+json\" class=\"yoast-schema-graph\">{\"@context\":\"https:\/\/schema.org\",\"@graph\":[{\"@type\":\"WebPage\",\"@id\":\"https:\/\/legitgrams.com\/product\/tramal-sr-100mg-pills\/\",\"url\":\"https:\/\/legitgrams.com\/product\/tramal-sr-100mg-pills\/\",\"name\":\"Tramal SR 100mg Pills for Sale - Order Tramal SR Pills Online\",\"isPartOf\":{\"@id\":\"https:\/\/legitgrams.com\/#website\"},\"primaryImageOfPage\":{\"@id\":\"https:\/\/legitgrams.com\/product\/tramal-sr-100mg-pills\/#primaryimage\"},\"image\":{\"@id\":\"https:\/\/legitgrams.com\/product\/tramal-sr-100mg-pills\/#primaryimage\"},\"thumbnailUrl\":\"https:\/\/legitgrams.com\/wp-content\/uploads\/2024\/09\/buy-tramal-sr-100mg-pills-online.jpg\",\"datePublished\":\"2024-09-20T08:07:59+00:00\",\"dateModified\":\"2025-01-15T05:46:53+00:00\",\"description\":\"Looking for a reliable source to buy tramal sr 100mg pills online? Your search ends here. Tramal sr 100mg pills for sale from our trusted store. Order now!\",\"breadcrumb\":{\"@id\":\"https:\/\/legitgrams.com\/product\/tramal-sr-100mg-pills\/#breadcrumb\"},\"inLanguage\":\"fr-BE\",\"potentialAction\":[{\"@type\":\"ReadAction\",\"target\":[\"https:\/\/legitgrams.com\/product\/tramal-sr-100mg-pills\/\"]}]},{\"@type\":\"ImageObject\",\"inLanguage\":\"fr-BE\",\"@id\":\"https:\/\/legitgrams.com\/product\/tramal-sr-100mg-pills\/#primaryimage\",\"url\":\"https:\/\/legitgrams.com\/wp-content\/uploads\/2024\/09\/buy-tramal-sr-100mg-pills-online.jpg\",\"contentUrl\":\"https:\/\/legitgrams.com\/wp-content\/uploads\/2024\/09\/buy-tramal-sr-100mg-pills-online.jpg\",\"width\":600,\"height\":600,\"caption\":\"Tramal SR 100mg Pills for Sale\"},{\"@type\":\"BreadcrumbList\",\"@id\":\"https:\/\/legitgrams.com\/product\/tramal-sr-100mg-pills\/#breadcrumb\",\"itemListElement\":[{\"@type\":\"ListItem\",\"position\":1,\"name\":\"Home\",\"item\":\"https:\/\/legitgrams.com\/\"},{\"@type\":\"ListItem\",\"position\":2,\"name\":\"Shop\",\"item\":\"https:\/\/legitgrams.com\/shop\/\"},{\"@type\":\"ListItem\",\"position\":3,\"name\":\"Tramal SR 100mg pills\"}]},{\"@type\":\"WebSite\",\"@id\":\"https:\/\/legitgrams.com\/#website\",\"url\":\"https:\/\/legitgrams.com\/\",\"name\":\"Legit Grams\",\"description\":\"My WordPress Blog\",\"publisher\":{\"@id\":\"https:\/\/legitgrams.com\/#organization\"},\"potentialAction\":[{\"@type\":\"SearchAction\",\"target\":{\"@type\":\"EntryPoint\",\"urlTemplate\":\"https:\/\/legitgrams.com\/?s={search_term_string}\"},\"query-input\":{\"@type\":\"PropertyValueSpecification\",\"valueRequired\":true,\"valueName\":\"search_term_string\"}}],\"inLanguage\":\"fr-BE\"},{\"@type\":\"Organization\",\"@id\":\"https:\/\/legitgrams.com\/#organization\",\"name\":\"Legit Grams\",\"url\":\"https:\/\/legitgrams.com\/\",\"logo\":{\"@type\":\"ImageObject\",\"inLanguage\":\"fr-BE\",\"@id\":\"https:\/\/legitgrams.com\/#\/schema\/logo\/image\/\",\"url\":\"https:\/\/legitgrams.com\/wp-content\/uploads\/2024\/09\/main-logo.png\",\"contentUrl\":\"https:\/\/legitgrams.com\/wp-content\/uploads\/2024\/09\/main-logo.png\",\"width\":270,\"height\":75,\"caption\":\"Legit Grams\"},\"image\":{\"@id\":\"https:\/\/legitgrams.com\/#\/schema\/logo\/image\/\"}}]}<\/script>\n<!-- \/ Yoast SEO plugin. -->","yoast_head_json":{"title":"Tramal SR 100mg Pills for Sale - Commandez Tramal SR en ligne","description":"Looking for a reliable source to buy tramal sr 100mg pills online? Your search ends here. Tramal sr 100mg pills for sale from our trusted store. Order now!","robots":{"index":"index","follow":"follow","max-snippet":"max-snippet:-1","max-image-preview":"max-image-preview:large","max-video-preview":"max-video-preview:-1"},"canonical":"https:\/\/legitgrams.com\/fr\/produit\/tramal-sr-100mg-pilules\/","og_locale":"fr_FR","og_type":"article","og_title":"Tramal SR 100mg Pills for Sale - Order Tramal SR Pills Online","og_description":"Looking for a reliable source to buy tramal sr 100mg pills online? Your search ends here. Tramal sr 100mg pills for sale from our trusted store. Order now!","og_url":"https:\/\/legitgrams.com\/fr\/produit\/tramal-sr-100mg-pilules\/","og_site_name":"Legit Grams","article_modified_time":"2025-01-15T05:46:53+00:00","og_image":[{"width":600,"height":600,"url":"https:\/\/legitgrams.com\/wp-content\/uploads\/2024\/09\/buy-tramal-sr-100mg-pills-online.jpg","type":"image\/jpeg"}],"twitter_card":"summary_large_image","twitter_misc":{"Dur\u00e9e de lecture est.":"2 minutes"},"schema":{"@context":"https:\/\/schema.org","@graph":[{"@type":"WebPage","@id":"https:\/\/legitgrams.com\/product\/tramal-sr-100mg-pills\/","url":"https:\/\/legitgrams.com\/product\/tramal-sr-100mg-pills\/","name":"Tramal SR 100mg Pills for Sale - Commandez Tramal SR en ligne","isPartOf":{"@id":"https:\/\/legitgrams.com\/#website"},"primaryImageOfPage":{"@id":"https:\/\/legitgrams.com\/product\/tramal-sr-100mg-pills\/#primaryimage"},"image":{"@id":"https:\/\/legitgrams.com\/product\/tramal-sr-100mg-pills\/#primaryimage"},"thumbnailUrl":"https:\/\/legitgrams.com\/wp-content\/uploads\/2024\/09\/buy-tramal-sr-100mg-pills-online.jpg","datePublished":"2024-09-20T08:07:59+00:00","dateModified":"2025-01-15T05:46:53+00:00","description":"Looking for a reliable source to buy tramal sr 100mg pills online? Your search ends here. Tramal sr 100mg pills for sale from our trusted store. Order now!","breadcrumb":{"@id":"https:\/\/legitgrams.com\/product\/tramal-sr-100mg-pills\/#breadcrumb"},"inLanguage":"fr-BE","potentialAction":[{"@type":"ReadAction","target":["https:\/\/legitgrams.com\/product\/tramal-sr-100mg-pills\/"]}]},{"@type":"ImageObject","inLanguage":"fr-BE","@id":"https:\/\/legitgrams.com\/product\/tramal-sr-100mg-pills\/#primaryimage","url":"https:\/\/legitgrams.com\/wp-content\/uploads\/2024\/09\/buy-tramal-sr-100mg-pills-online.jpg","contentUrl":"https:\/\/legitgrams.com\/wp-content\/uploads\/2024\/09\/buy-tramal-sr-100mg-pills-online.jpg","width":600,"height":600,"caption":"Tramal SR 100mg Pills for Sale"},{"@type":"BreadcrumbList","@id":"https:\/\/legitgrams.com\/product\/tramal-sr-100mg-pills\/#breadcrumb","itemListElement":[{"@type":"ListItem","position":1,"name":"Home","item":"https:\/\/legitgrams.com\/"},{"@type":"ListItem","position":2,"name":"Shop","item":"https:\/\/legitgrams.com\/shop\/"},{"@type":"ListItem","position":3,"name":"Tramal SR 100mg pills"}]},{"@type":"WebSite","@id":"https:\/\/legitgrams.com\/#website","url":"https:\/\/legitgrams.com\/","name":"Les grammes l\u00e9gitimes","description":"Mon blog WordPress","publisher":{"@id":"https:\/\/legitgrams.com\/#organization"},"potentialAction":[{"@type":"SearchAction","target":{"@type":"EntryPoint","urlTemplate":"https:\/\/legitgrams.com\/?s={search_term_string}"},"query-input":{"@type":"PropertyValueSpecification","valueRequired":true,"valueName":"search_term_string"}}],"inLanguage":"fr-BE"},{"@type":"Organization","@id":"https:\/\/legitgrams.com\/#organization","name":"Les grammes l\u00e9gitimes","url":"https:\/\/legitgrams.com\/","logo":{"@type":"ImageObject","inLanguage":"fr-BE","@id":"https:\/\/legitgrams.com\/#\/schema\/logo\/image\/","url":"https:\/\/legitgrams.com\/wp-content\/uploads\/2024\/09\/main-logo.png","contentUrl":"https:\/\/legitgrams.com\/wp-content\/uploads\/2024\/09\/main-logo.png","width":270,"height":75,"caption":"Legit Grams"},"image":{"@id":"https:\/\/legitgrams.com\/#\/schema\/logo\/image\/"}}]}},"uagb_featured_image_src":{"full":["https:\/\/legitgrams.com\/wp-content\/uploads\/2024\/09\/buy-tramal-sr-100mg-pills-online.jpg",600,600,false],"thumbnail":["https:\/\/legitgrams.com\/wp-content\/uploads\/2024\/09\/buy-tramal-sr-100mg-pills-online-150x150.jpg",150,150,true],"medium":["https:\/\/legitgrams.com\/wp-content\/uploads\/2024\/09\/buy-tramal-sr-100mg-pills-online-300x300.jpg",300,300,true],"medium_large":["https:\/\/legitgrams.com\/wp-content\/uploads\/2024\/09\/buy-tramal-sr-100mg-pills-online.jpg",600,600,false],"large":["https:\/\/legitgrams.com\/wp-content\/uploads\/2024\/09\/buy-tramal-sr-100mg-pills-online.jpg",600,600,false],"1536x1536":["https:\/\/legitgrams.com\/wp-content\/uploads\/2024\/09\/buy-tramal-sr-100mg-pills-online.jpg",600,600,false],"2048x2048":["https:\/\/legitgrams.com\/wp-content\/uploads\/2024\/09\/buy-tramal-sr-100mg-pills-online.jpg",600,600,false],"trp-custom-language-flag":["https:\/\/legitgrams.com\/wp-content\/uploads\/2024\/09\/buy-tramal-sr-100mg-pills-online-12x12.jpg",12,12,true],"woocommerce_thumbnail":["https:\/\/legitgrams.com\/wp-content\/uploads\/2024\/09\/buy-tramal-sr-100mg-pills-online-300x300.jpg",300,300,true],"woocommerce_single":["https:\/\/legitgrams.com\/wp-content\/uploads\/2024\/09\/buy-tramal-sr-100mg-pills-online.jpg",600,600,false],"woocommerce_gallery_thumbnail":["https:\/\/legitgrams.com\/wp-content\/uploads\/2024\/09\/buy-tramal-sr-100mg-pills-online-100x100.jpg",100,100,true]},"uagb_author_info":{"display_name":"cokeblog18","author_link":"https:\/\/legitgrams.com\/fr\/author\/"},"uagb_comment_info":0,"uagb_excerpt":"Purchase Tramal SR 100mg pills online Analgesic (pain relief) tablets are what Tramal SR 100 mg are. It is applied to the body to ease mild to severe pain. The active component of each Tramal SR 100 mg tablet is tramadol, an opioid analgesic. Buy 100 mg of Tramal SR. To what extent does Tramal&hellip;","_links":{"self":[{"href":"https:\/\/legitgrams.com\/fr\/wp-json\/wp\/v2\/product\/3856","targetHints":{"allow":["GET"]}}],"collection":[{"href":"https:\/\/legitgrams.com\/fr\/wp-json\/wp\/v2\/product"}],"about":[{"href":"https:\/\/legitgrams.com\/fr\/wp-json\/wp\/v2\/types\/product"}],"replies":[{"embeddable":true,"href":"https:\/\/legitgrams.com\/fr\/wp-json\/wp\/v2\/comments?post=3856"}],"wp:featuredmedia":[{"embeddable":true,"href":"https:\/\/legitgrams.com\/fr\/wp-json\/wp\/v2\/media\/5238"}],"wp:attachment":[{"href":"https:\/\/legitgrams.com\/fr\/wp-json\/wp\/v2\/media?parent=3856"}],"wp:term":[{"taxonomy":"product_brand","embeddable":true,"href":"https:\/\/legitgrams.com\/fr\/wp-json\/wp\/v2\/product_brand?post=3856"},{"taxonomy":"product_cat","embeddable":true,"href":"https:\/\/legitgrams.com\/fr\/wp-json\/wp\/v2\/product_cat?post=3856"},{"taxonomy":"product_tag","embeddable":true,"href":"https:\/\/legitgrams.com\/fr\/wp-json\/wp\/v2\/product_tag?post=3856"}],"curies":[{"name":"wp","href":"https:\/\/api.w.org\/{rel}","templated":true}]}}