{"id":3877,"date":"2024-09-20T09:44:30","date_gmt":"2024-09-20T09:44:30","guid":{"rendered":"https:\/\/legitgrams.com\/?post_type=product&#038;p=3877"},"modified":"2025-01-14T08:15:55","modified_gmt":"2025-01-14T08:15:55","slug":"lortab-10mg-pilules","status":"publish","type":"product","link":"https:\/\/legitgrams.com\/fr\/produit\/lortab-10mg-pilules\/","title":{"rendered":"Lortab 10\/325mg pilules"},"content":{"rendered":"<h2>Achetez des comprim\u00e9s Lortab 10\/325 mg en ligne.<\/h2>\n<p>Les douleurs mod\u00e9r\u00e9es \u00e0 s\u00e9v\u00e8res sont trait\u00e9es avec le m\u00e9dicament Lortab. Il contient \u00e0 la fois un analg\u00e9sique opio\u00efde (hydrocodone) et un analg\u00e9sique non opio\u00efde (parac\u00e9tamol). Les effets de l'hydrocodone sur le cerveau modifient la fa\u00e7on dont votre corps ressent et r\u00e9agit \u00e0 la douleur. Le parac\u00e9tamol peut \u00e9galement \u00eatre utilis\u00e9 pour r\u00e9duire la temp\u00e9rature. <a href=\"https:\/\/legitgrams.com\/fr\/\">LegitGrams<\/a><\/p>\n<p>Les comprim\u00e9s Lortab 10 mg et 325 mg sont disponibles dans une pharmacie en ligne\u00a0; acheter <a href=\"https:\/\/en.wikipedia.org\/wiki\/Hydrocodone\">Lortab<\/a>, acheter des pilules Lortab 10\/325 mg, acheter des pilules Lortab, O\u00f9 puis-je acheter des pilules Lortab 10\/325 mg en ligne ? Aux \u00c9tats-Unis, au Canada et au Royaume-Uni, les pilules Lortab 10\/325 mg sont disponibles \u00e0 l'achat en ligne aupr\u00e8s de vendeurs avec livraison s\u00e9curis\u00e9e. Les pilules de Lortab 10\/325 mg sont toujours disponibles. De plus, vous pouvez savoir si vous utilisez <a href=\"https:\/\/legitgrams.com\/fr\/produit\/lortab-10mg-pilules\/\">Lortab 10\/325 mg pilules<\/a> est autoris\u00e9 aux \u00c9tats-Unis, comment commander des pilules Lortab 10\/325 mg et si elles sont l\u00e9gales au Canada.<\/p>\n<h2><\/h2>\n<p>&nbsp;<\/p>","protected":false},"excerpt":{"rendered":"<p>Purchase 10\/325 mg Lortab tablets online. Moderate to severe pain is treated with the drug Lortab. contains both an opioid analgesic (hydrocodone) and a non-opioid analgesic (paracetamol). The effects of hydrocodone on the brain change how your body experiences and responds to pain. Acetaminophen can also be used to reduce the temperature. LegitGrams Lortab 10mg &hellip;<\/p>\n<p class=\"read-more\"> <a class=\"\" href=\"https:\/\/legitgrams.com\/fr\/produit\/lortab-10mg-pilules\/\"> <span class=\"screen-reader-text\">Lortab 10\/325mg pilules<\/span> Lire la suite \"<\/a><\/p>","protected":false},"featured_media":5234,"comment_status":"open","ping_status":"closed","template":"","meta":{"_uag_custom_page_level_css":"","site-sidebar-layout":"default","site-content-layout":"default","ast-global-header-display":"","ast-main-header-display":"","ast-hfb-above-header-display":"","ast-hfb-below-header-display":"","ast-hfb-mobile-header-display":"","site-post-title":"","ast-breadcrumbs-content":"","ast-featured-img":"","footer-sml-layout":"","theme-transparent-header-meta":"default","adv-header-id-meta":"","stick-header-meta":"default","header-above-stick-meta":"","header-main-stick-meta":"","header-below-stick-meta":"","_joinchat":[]},"product_brand":[],"product_cat":[608,597],"product_tag":[4349,4339,617,4331,4346,4343,4338,4330,4333,4341,4334,4332,4342,4344,4351,4352,4350,4347,4336,4348,4345,625,4337,4340,4335],"class_list":{"0":"post-3877","1":"product","2":"type-product","3":"status-publish","4":"has-post-thumbnail","6":"product_cat-pain-pills","7":"product_cat-pain-sleeping-sex-pills","8":"product_tag-best-cheap-price-lortab-10-325mg-pills","9":"product_tag-best-place-to-buy-lortab-10-325mg-pills","10":"product_tag-bulk-online","11":"product_tag-buy-lortab-10-325mg-pills","12":"product_tag-cheap-lortab-10-325mg-pills","13":"product_tag-high-quality-lortab-10-325mg-pills","14":"product_tag-how-to-buy-lortab-10-325mg-pills","15":"product_tag-lortab-10-325mg-pills","16":"product_tag-lortab-10-325mg-pills-for-sale","17":"product_tag-lortab-10-325mg-pills-legally","18":"product_tag-lortab-10-325mg-pills-lortab-10-325mg-pills-supplier","19":"product_tag-lortab-10-325mg-pills-online","20":"product_tag-lortab-10-325mg-pills-price","21":"product_tag-lortab-10-325mg-pills-store","22":"product_tag-lortab-10-325mg-pills-use","23":"product_tag-lortab-10-325mg-pills-wiki","24":"product_tag-lortab-10-325mg-pills-worldwide","25":"product_tag-lortab-10-325mg-pillss","26":"product_tag-order-lortab-10-325mg-pills","27":"product_tag-purcharse-lortab-10-325mg-pills","28":"product_tag-shop-lortab-10-325mg-pills","29":"product_tag-top-quality","30":"product_tag-where-to-buy-lortab-10-325mg-pills","31":"product_tag-where-to-order-lortab-10-325mg-pills","32":"product_tag-wholesale-lortab-10-325mg-pills","33":"desktop-align-left","34":"tablet-align-left","35":"mobile-align-left","36":"ast-product-gallery-layout-horizontal","37":"ast-product-gallery-with-no-image","38":"ast-product-single-variable","39":"ast-product-tabs-layout-horizontal","40":"ast-qv-on-image","42":"first","43":"instock","44":"shipping-taxable","45":"purchasable","46":"product-type-variable"},"yoast_head":"<!-- This site is optimized with the Yoast SEO plugin v25.9 - https:\/\/yoast.com\/wordpress\/plugins\/seo\/ -->\n<title>Lortab 10\/325mg Pills for Sale - Order Lortab 10\/325mg Pills Online<\/title>\n<meta name=\"description\" content=\"Your requirement to buy Lortab 10\/325mg Pills can be fulfilled at our online Legitgrams store as we are having Lortab 10\/325mg Pills for sale here. Place your order and get affordable deals every day.\" \/>\n<meta name=\"robots\" content=\"index, follow, max-snippet:-1, max-image-preview:large, max-video-preview:-1\" \/>\n<link rel=\"canonical\" href=\"https:\/\/legitgrams.com\/fr\/produit\/lortab-10mg-pilules\/\" \/>\n<meta property=\"og:locale\" content=\"fr_FR\" \/>\n<meta property=\"og:type\" content=\"article\" \/>\n<meta property=\"og:title\" content=\"Lortab 10\/325mg Pills for Sale - Order Lortab 10\/325mg Pills Online\" \/>\n<meta property=\"og:description\" content=\"Your requirement to buy Lortab 10\/325mg Pills can be fulfilled at our online Legitgrams store as we are having Lortab 10\/325mg Pills for sale here. Place your order and get affordable deals every day.\" \/>\n<meta property=\"og:url\" content=\"https:\/\/legitgrams.com\/fr\/produit\/lortab-10mg-pilules\/\" \/>\n<meta property=\"og:site_name\" content=\"Legit Grams\" \/>\n<meta property=\"article:modified_time\" content=\"2025-01-14T08:15:55+00:00\" \/>\n<meta property=\"og:image\" content=\"https:\/\/legitgrams.com\/wp-content\/uploads\/2024\/09\/buy-lortab-10-325mg-pills-online.jpg\" \/>\n\t<meta property=\"og:image:width\" content=\"600\" \/>\n\t<meta property=\"og:image:height\" content=\"600\" \/>\n\t<meta property=\"og:image:type\" content=\"image\/jpeg\" \/>\n<meta name=\"twitter:card\" content=\"summary_large_image\" \/>\n<meta name=\"twitter:label1\" content=\"Dur\u00e9e de lecture est.\" \/>\n\t<meta name=\"twitter:data1\" content=\"2 minutes\" \/>\n<script type=\"application\/ld+json\" class=\"yoast-schema-graph\">{\"@context\":\"https:\/\/schema.org\",\"@graph\":[{\"@type\":\"WebPage\",\"@id\":\"https:\/\/legitgrams.com\/product\/lortab-10mg-pills\/\",\"url\":\"https:\/\/legitgrams.com\/product\/lortab-10mg-pills\/\",\"name\":\"Lortab 10\/325mg Pills for Sale - Order Lortab 10\/325mg Pills Online\",\"isPartOf\":{\"@id\":\"https:\/\/legitgrams.com\/#website\"},\"primaryImageOfPage\":{\"@id\":\"https:\/\/legitgrams.com\/product\/lortab-10mg-pills\/#primaryimage\"},\"image\":{\"@id\":\"https:\/\/legitgrams.com\/product\/lortab-10mg-pills\/#primaryimage\"},\"thumbnailUrl\":\"https:\/\/legitgrams.com\/wp-content\/uploads\/2024\/09\/buy-lortab-10-325mg-pills-online.jpg\",\"datePublished\":\"2024-09-20T09:44:30+00:00\",\"dateModified\":\"2025-01-14T08:15:55+00:00\",\"description\":\"Your requirement to buy Lortab 10\/325mg Pills can be fulfilled at our online Legitgrams store as we are having Lortab 10\/325mg Pills for sale here. Place your order and get affordable deals every day.\",\"breadcrumb\":{\"@id\":\"https:\/\/legitgrams.com\/product\/lortab-10mg-pills\/#breadcrumb\"},\"inLanguage\":\"fr-BE\",\"potentialAction\":[{\"@type\":\"ReadAction\",\"target\":[\"https:\/\/legitgrams.com\/product\/lortab-10mg-pills\/\"]}]},{\"@type\":\"ImageObject\",\"inLanguage\":\"fr-BE\",\"@id\":\"https:\/\/legitgrams.com\/product\/lortab-10mg-pills\/#primaryimage\",\"url\":\"https:\/\/legitgrams.com\/wp-content\/uploads\/2024\/09\/buy-lortab-10-325mg-pills-online.jpg\",\"contentUrl\":\"https:\/\/legitgrams.com\/wp-content\/uploads\/2024\/09\/buy-lortab-10-325mg-pills-online.jpg\",\"width\":600,\"height\":600,\"caption\":\"Lortab 10\/325mg Pills for Sale\"},{\"@type\":\"BreadcrumbList\",\"@id\":\"https:\/\/legitgrams.com\/product\/lortab-10mg-pills\/#breadcrumb\",\"itemListElement\":[{\"@type\":\"ListItem\",\"position\":1,\"name\":\"Home\",\"item\":\"https:\/\/legitgrams.com\/\"},{\"@type\":\"ListItem\",\"position\":2,\"name\":\"Shop\",\"item\":\"https:\/\/legitgrams.com\/shop\/\"},{\"@type\":\"ListItem\",\"position\":3,\"name\":\"Lortab 10\/325mg pills\"}]},{\"@type\":\"WebSite\",\"@id\":\"https:\/\/legitgrams.com\/#website\",\"url\":\"https:\/\/legitgrams.com\/\",\"name\":\"Legit Grams\",\"description\":\"My WordPress Blog\",\"publisher\":{\"@id\":\"https:\/\/legitgrams.com\/#organization\"},\"potentialAction\":[{\"@type\":\"SearchAction\",\"target\":{\"@type\":\"EntryPoint\",\"urlTemplate\":\"https:\/\/legitgrams.com\/?s={search_term_string}\"},\"query-input\":{\"@type\":\"PropertyValueSpecification\",\"valueRequired\":true,\"valueName\":\"search_term_string\"}}],\"inLanguage\":\"fr-BE\"},{\"@type\":\"Organization\",\"@id\":\"https:\/\/legitgrams.com\/#organization\",\"name\":\"Legit Grams\",\"url\":\"https:\/\/legitgrams.com\/\",\"logo\":{\"@type\":\"ImageObject\",\"inLanguage\":\"fr-BE\",\"@id\":\"https:\/\/legitgrams.com\/#\/schema\/logo\/image\/\",\"url\":\"https:\/\/legitgrams.com\/wp-content\/uploads\/2024\/09\/main-logo.png\",\"contentUrl\":\"https:\/\/legitgrams.com\/wp-content\/uploads\/2024\/09\/main-logo.png\",\"width\":270,\"height\":75,\"caption\":\"Legit Grams\"},\"image\":{\"@id\":\"https:\/\/legitgrams.com\/#\/schema\/logo\/image\/\"}}]}<\/script>\n<!-- \/ Yoast SEO plugin. -->","yoast_head_json":{"title":"Lortab 10\/325mg Pills for Sale - Commandez Lortab 10\/325mg Pills en ligne","description":"Votre besoin d'acheter Lortab 10\/325mg Pills peut \u00eatre satisfait dans notre magasin en ligne Legitgrams, car nous avons Lortab 10\/325mg Pills en vente ici. Nous avons des pilules Lortab 10\/325mg en vente ici. Passez votre commande et obtenez des offres abordables tous les jours.","robots":{"index":"index","follow":"follow","max-snippet":"max-snippet:-1","max-image-preview":"max-image-preview:large","max-video-preview":"max-video-preview:-1"},"canonical":"https:\/\/legitgrams.com\/fr\/produit\/lortab-10mg-pilules\/","og_locale":"fr_FR","og_type":"article","og_title":"Lortab 10\/325mg Pills for Sale - Order Lortab 10\/325mg Pills Online","og_description":"Your requirement to buy Lortab 10\/325mg Pills can be fulfilled at our online Legitgrams store as we are having Lortab 10\/325mg Pills for sale here. Place your order and get affordable deals every day.","og_url":"https:\/\/legitgrams.com\/fr\/produit\/lortab-10mg-pilules\/","og_site_name":"Legit Grams","article_modified_time":"2025-01-14T08:15:55+00:00","og_image":[{"width":600,"height":600,"url":"https:\/\/legitgrams.com\/wp-content\/uploads\/2024\/09\/buy-lortab-10-325mg-pills-online.jpg","type":"image\/jpeg"}],"twitter_card":"summary_large_image","twitter_misc":{"Dur\u00e9e de lecture est.":"2 minutes"},"schema":{"@context":"https:\/\/schema.org","@graph":[{"@type":"WebPage","@id":"https:\/\/legitgrams.com\/product\/lortab-10mg-pills\/","url":"https:\/\/legitgrams.com\/product\/lortab-10mg-pills\/","name":"Lortab 10\/325mg Pills for Sale - Commandez Lortab 10\/325mg Pills en ligne","isPartOf":{"@id":"https:\/\/legitgrams.com\/#website"},"primaryImageOfPage":{"@id":"https:\/\/legitgrams.com\/product\/lortab-10mg-pills\/#primaryimage"},"image":{"@id":"https:\/\/legitgrams.com\/product\/lortab-10mg-pills\/#primaryimage"},"thumbnailUrl":"https:\/\/legitgrams.com\/wp-content\/uploads\/2024\/09\/buy-lortab-10-325mg-pills-online.jpg","datePublished":"2024-09-20T09:44:30+00:00","dateModified":"2025-01-14T08:15:55+00:00","description":"Votre besoin d'acheter Lortab 10\/325mg Pills peut \u00eatre satisfait dans notre magasin en ligne Legitgrams, car nous avons Lortab 10\/325mg Pills en vente ici. Nous avons des pilules Lortab 10\/325mg en vente ici. Passez votre commande et obtenez des offres abordables tous les jours.","breadcrumb":{"@id":"https:\/\/legitgrams.com\/product\/lortab-10mg-pills\/#breadcrumb"},"inLanguage":"fr-BE","potentialAction":[{"@type":"ReadAction","target":["https:\/\/legitgrams.com\/product\/lortab-10mg-pills\/"]}]},{"@type":"ImageObject","inLanguage":"fr-BE","@id":"https:\/\/legitgrams.com\/product\/lortab-10mg-pills\/#primaryimage","url":"https:\/\/legitgrams.com\/wp-content\/uploads\/2024\/09\/buy-lortab-10-325mg-pills-online.jpg","contentUrl":"https:\/\/legitgrams.com\/wp-content\/uploads\/2024\/09\/buy-lortab-10-325mg-pills-online.jpg","width":600,"height":600,"caption":"Lortab 10\/325mg Pills for Sale"},{"@type":"BreadcrumbList","@id":"https:\/\/legitgrams.com\/product\/lortab-10mg-pills\/#breadcrumb","itemListElement":[{"@type":"ListItem","position":1,"name":"Home","item":"https:\/\/legitgrams.com\/"},{"@type":"ListItem","position":2,"name":"Shop","item":"https:\/\/legitgrams.com\/shop\/"},{"@type":"ListItem","position":3,"name":"Lortab 10\/325mg pills"}]},{"@type":"WebSite","@id":"https:\/\/legitgrams.com\/#website","url":"https:\/\/legitgrams.com\/","name":"Les grammes l\u00e9gitimes","description":"Mon blog WordPress","publisher":{"@id":"https:\/\/legitgrams.com\/#organization"},"potentialAction":[{"@type":"SearchAction","target":{"@type":"EntryPoint","urlTemplate":"https:\/\/legitgrams.com\/?s={search_term_string}"},"query-input":{"@type":"PropertyValueSpecification","valueRequired":true,"valueName":"search_term_string"}}],"inLanguage":"fr-BE"},{"@type":"Organization","@id":"https:\/\/legitgrams.com\/#organization","name":"Les grammes l\u00e9gitimes","url":"https:\/\/legitgrams.com\/","logo":{"@type":"ImageObject","inLanguage":"fr-BE","@id":"https:\/\/legitgrams.com\/#\/schema\/logo\/image\/","url":"https:\/\/legitgrams.com\/wp-content\/uploads\/2024\/09\/main-logo.png","contentUrl":"https:\/\/legitgrams.com\/wp-content\/uploads\/2024\/09\/main-logo.png","width":270,"height":75,"caption":"Legit Grams"},"image":{"@id":"https:\/\/legitgrams.com\/#\/schema\/logo\/image\/"}}]}},"uagb_featured_image_src":{"full":["https:\/\/legitgrams.com\/wp-content\/uploads\/2024\/09\/buy-lortab-10-325mg-pills-online.jpg",600,600,false],"thumbnail":["https:\/\/legitgrams.com\/wp-content\/uploads\/2024\/09\/buy-lortab-10-325mg-pills-online-150x150.jpg",150,150,true],"medium":["https:\/\/legitgrams.com\/wp-content\/uploads\/2024\/09\/buy-lortab-10-325mg-pills-online-300x300.jpg",300,300,true],"medium_large":["https:\/\/legitgrams.com\/wp-content\/uploads\/2024\/09\/buy-lortab-10-325mg-pills-online.jpg",600,600,false],"large":["https:\/\/legitgrams.com\/wp-content\/uploads\/2024\/09\/buy-lortab-10-325mg-pills-online.jpg",600,600,false],"1536x1536":["https:\/\/legitgrams.com\/wp-content\/uploads\/2024\/09\/buy-lortab-10-325mg-pills-online.jpg",600,600,false],"2048x2048":["https:\/\/legitgrams.com\/wp-content\/uploads\/2024\/09\/buy-lortab-10-325mg-pills-online.jpg",600,600,false],"trp-custom-language-flag":["https:\/\/legitgrams.com\/wp-content\/uploads\/2024\/09\/buy-lortab-10-325mg-pills-online-12x12.jpg",12,12,true],"woocommerce_thumbnail":["https:\/\/legitgrams.com\/wp-content\/uploads\/2024\/09\/buy-lortab-10-325mg-pills-online-300x300.jpg",300,300,true],"woocommerce_single":["https:\/\/legitgrams.com\/wp-content\/uploads\/2024\/09\/buy-lortab-10-325mg-pills-online.jpg",600,600,false],"woocommerce_gallery_thumbnail":["https:\/\/legitgrams.com\/wp-content\/uploads\/2024\/09\/buy-lortab-10-325mg-pills-online-100x100.jpg",100,100,true]},"uagb_author_info":{"display_name":"cokeblog18","author_link":"https:\/\/legitgrams.com\/fr\/author\/"},"uagb_comment_info":0,"uagb_excerpt":"Purchase 10\/325 mg Lortab tablets online. Moderate to severe pain is treated with the drug Lortab. contains both an opioid analgesic (hydrocodone) and a non-opioid analgesic (paracetamol). The effects of hydrocodone on the brain change how your body experiences and responds to pain. Acetaminophen can also be used to reduce the temperature. LegitGrams Lortab 10mg&hellip;","_links":{"self":[{"href":"https:\/\/legitgrams.com\/fr\/wp-json\/wp\/v2\/product\/3877","targetHints":{"allow":["GET"]}}],"collection":[{"href":"https:\/\/legitgrams.com\/fr\/wp-json\/wp\/v2\/product"}],"about":[{"href":"https:\/\/legitgrams.com\/fr\/wp-json\/wp\/v2\/types\/product"}],"replies":[{"embeddable":true,"href":"https:\/\/legitgrams.com\/fr\/wp-json\/wp\/v2\/comments?post=3877"}],"wp:featuredmedia":[{"embeddable":true,"href":"https:\/\/legitgrams.com\/fr\/wp-json\/wp\/v2\/media\/5234"}],"wp:attachment":[{"href":"https:\/\/legitgrams.com\/fr\/wp-json\/wp\/v2\/media?parent=3877"}],"wp:term":[{"taxonomy":"product_brand","embeddable":true,"href":"https:\/\/legitgrams.com\/fr\/wp-json\/wp\/v2\/product_brand?post=3877"},{"taxonomy":"product_cat","embeddable":true,"href":"https:\/\/legitgrams.com\/fr\/wp-json\/wp\/v2\/product_cat?post=3877"},{"taxonomy":"product_tag","embeddable":true,"href":"https:\/\/legitgrams.com\/fr\/wp-json\/wp\/v2\/product_tag?post=3877"}],"curies":[{"name":"wp","href":"https:\/\/api.w.org\/{rel}","templated":true}]}}