{"id":3890,"date":"2024-09-20T10:09:25","date_gmt":"2024-09-20T10:09:25","guid":{"rendered":"https:\/\/legitgrams.com\/?post_type=product&#038;p=3890"},"modified":"2025-04-04T13:43:33","modified_gmt":"2025-04-04T13:43:33","slug":"champignons-denvie-de-penis","status":"publish","type":"product","link":"https:\/\/legitgrams.com\/fr\/produit\/champignons-denvie-de-penis\/","title":{"rendered":"Acheter des champignons Penis Envy en ligne"},"content":{"rendered":"<h2>Achetez des champignons Penis Envy en ligne : Penis Envy Cubensis \u00e0 vendre<\/h2>\n<p>\"Qu'est-ce que le <a href=\"https:\/\/legitgrams.com\/fr\/produit\/champignons-denvie-de-penis\/\">Envie de p\u00e9nis Cubensis<\/a>\u00ab\u00a0C'est quoi ce nom bizarre\u00a0?\u00bb vous trotte peut-\u00eatre la t\u00eate. La situation est simple. Il est ind\u00e9niable que ce champignon hallucinog\u00e8ne ressemble \u00e0 un p\u00e9nis. Vous serez peut-\u00eatre surpris d'apprendre que ce champignon poss\u00e8de l'un des plus puissants potentiels psych\u00e9d\u00e9liques connus. La rumeur veut que Terence McKenna, du groupe Psychonauts, en soit l'ing\u00e9nieur. <a href=\"https:\/\/www.bing.com\/search?q=AchetezdeschampignonsPenisEnvyenligne&amp;qs=n&amp;form=QBRE&amp;sp=-1&amp;lq=0&amp;pq=achetezdeschampignonspenisenvyenligne&amp;sc=0-43&amp;sk=&amp;cvid=A038553E302C4F288EB329BCE7853331&amp;ghsh=0&amp;ghacc=0&amp;ghpl=\">Envie de p\u00e9nis Cubensis<\/a>.<\/p>\n<p>Il poss\u00e8de un chapeau charnu, une tige \u00e9paisse et bulbeuse, et un pied qui continue de cro\u00eetre m\u00eame apr\u00e8s ouverture du chapeau. Contrairement aux autres souches de Cubensis, celle-ci pr\u00e9sente une densit\u00e9 de champignons tr\u00e8s \u00e9lev\u00e9e. Cultiver ce type de champignon n'est pas chose ais\u00e9e. Au microscope, les spores semblent identiques, mais le processus de g\u00e9n\u00e9ration est totalement diff\u00e9rent de celui des autres souches. En substance, il est impossible d'obtenir des empreintes de spores, et les seringues \u00e0 spores sont le seul moyen d'en obtenir. <a href=\"https:\/\/www.google.com\/search?q=Achetez+des+champignons+Penis+Envy+en+ligne&amp;sca_esv=eddefdb7b92e7545&amp;sxsrf=AHTn8zo25F0E-w__UFYrfS7tn0lDFOi4fw1743774353479&amp;ei=keLvZ-P0HOra2roPto7MuQ0&amp;ved=0ahUKEwijgaHXwb6MAxVqrVYBHTYHM9cQ4dUDCBA&amp;uact=5&amp;oq=Achetez+des+champignons+Penis+Envy+en+ligne&amp;gs_lp=Egxnd3Mtd2l6LXNlcnAiK0FjaGV0ZXogZGVzIGNoYW1waWdub25zIFBlbmlzIEVudnkgZW4gbGlnbmVI2gZQ6gJY6gJwAXgAkAEAmAG9AqABvQKqAQMzLTG4AQPIAQD4AQL4AQGYAgCgAgCYAwCIBgGSBwCgB_8BsgcAuAcA&amp;sclient=gws-wiz-serp\">Envie de p\u00e9nis Cubensis<\/a> spores. <a href=\"https:\/\/legitgrams.com\/fr\/\">LegitGrams<\/a><\/p>\n<h3>Quels sont les effets de ce champignon ?<\/h3>\n<p>Un champignon puissant \u00e0 base de psilocybine est Penis Envy Cubensis Canada. L'ingr\u00e9dient actif s'appelle la psilocybine et a une vari\u00e9t\u00e9 d'effets physiologiques. Essentiellement, vous vivrez une exp\u00e9rience mystique, qui varie d'une personne \u00e0 l'autre. Le type d'exp\u00e9rience que vous vivrez d\u00e9pendra de la quantit\u00e9 de la dose que vous prendrez.<\/p>\n<p>Par exemple, <a href=\"https:\/\/en.wikipedia.org\/wiki\/Penis_envy\">Envie de p\u00e9nis<\/a> Cubensis a des effets puissants qui peuvent \u00eatre compar\u00e9s \u00e0 deux ou trois grammes de champignons plus faibles par gramme. C'est pourquoi nous conseillons de commencer par un dosage plus faible, en particulier si vous d\u00e9butez. Pour un utilisateur novice, les effets profonds et d\u00e9stabilisants des champignons \u00e0 psilocybine peuvent \u00eatre assez troublants.<\/p>\n<h3>Les r\u00e9sultats possibles suivants pourraient r\u00e9sulter de la prise de doses plus importantes de ce champignon\u00a0:s<\/h3>\n<p>Perceptions de la dilatation du temps<br \/>\nD\u00e9lires<br \/>\nLa synesth\u00e9sie est la capacit\u00e9 de percevoir les sons et d'entendre les couleurs.<\/p>\n<p>Surf fractal<br \/>\nDes flashs d\u2019\u00e9v\u00e9nements et d\u2019incidents si vifs qu\u2019ils envahissent vos pens\u00e9es pendant que vous regardez les corps c\u00e9lestes<br \/>\nLe mot \u00ab sain \u00bb r\u00e9sume parfaitement une excursion avec Penis Envy Cubensis. Il est peu probable que vous vous sentiez \u00e9puis\u00e9 ou somnolent. En revanche, la vari\u00e9t\u00e9 des stimuli visuels et auditifs que vous ressentirez tout au long du voyage devrait vous donner de l\u2019\u00e9nergie, de l\u2019euphorie et de la curiosit\u00e9.<\/p>\n<h3>Y a-t-il des avantages pour la sant\u00e9 ?<\/h3>\n<p>La consommation de psilocybine a souvent \u00e9t\u00e9 associ\u00e9e \u00e0 des effets antid\u00e9presseurs, anxiolytiques et antistress. Elle est utilis\u00e9e par des personnes du monde entier pour se soigner des diff\u00e9rents probl\u00e8mes auxquels elles sont confront\u00e9es. Toutefois, il est pr\u00e9f\u00e9rable de ne pas d\u00e9passer sa zone de confort. En cas de consommation excessive, de nombreuses choses qui peuvent vous aider \u00e0 g\u00e9rer votre anxi\u00e9t\u00e9 peuvent \u00e9galement vous rendre anxieux, en particulier si vous n'avez jamais consomm\u00e9 de champignons auparavant. Vous pourriez \u00eatre terrifi\u00e9 par la dilatation du temps, le ph\u00e9nom\u00e8ne de mort de l'ego et les cons\u00e9quences de l'alt\u00e9ration de l'esprit.<\/p>\n<p>Selon certaines \u00e9tudes, la psilocybine pourrait \u00e9galement avoir des effets neuroprotecteurs et li\u00e9s \u00e0 la neurogen\u00e8se. Autrement dit, les champignons \u00e0 psilocybine, comme celui \u00e9voqu\u00e9 dans cette revue, <a href=\"https:\/\/duckduckgo.com\/?q=Achetez+des+champignons+Penis+Envy+en+ligne&amp;t=h_&amp;ia=web\">Envie de p\u00e9nis Cubensis<\/a> will encourage neural genesis and stop your brain functions from declining. You should eat these mushrooms at least once in your lifetime for a variety of reasons. Better still if you like them and they help you.<\/p>\n<p>Si vous obtenez Penis Envy Cubensis en ligne, vous allez l'adorer. Que vous souhaitiez prendre une dose plus importante pour traiter les probl\u00e8mes non r\u00e9solus avec lesquels vous vous d\u00e9battez, ou que vous souhaitiez micro-doser des quantit\u00e9s moindres pour lutter contre l'anxi\u00e9t\u00e9 et vous concentrer. Plut\u00f4t que d'\u00eatre obs\u00e9d\u00e9 par des d\u00e9tails insignifiants et de vous remplir la t\u00eate de questions troublantes, permettez \u00e0 vos id\u00e9es de jaillir et \u00e0 votre cr\u00e9ativit\u00e9 de d\u00e9passer vos id\u00e9es pr\u00e9con\u00e7ues. De nombreuses personnes pensent que les champignons \u00e0 psilocybine constituent la meilleure approche pour soulager le stress et le d\u00e9sespoir.<\/p>\n<h3>Champignon extr\u00eamement puissant<\/h3>\n<p>Penis Envy Cubensis est consid\u00e9r\u00e9 \u00e0 juste titre comme l'un des champignons les plus puissants au monde. Un ensemble unique d'effets psychoactifs r\u00e9sulte de cette puissance accrue. La croissance de ce champignon est beaucoup plus lente que celle des autres champignons, ce qui s'explique par des raisons physiologiques \u00e9videntes. Cela permet \u00e0 la production de psilocybine d'augmenter du stade de la spore au stade adulte.<\/p>\n<p>Le potentiel hallucinog\u00e8ne de Penis Envy Cubensis est plus important que celui de la plupart des autres champignons. Il convient donc d'\u00eatre prudent dans le choix des conditions et des moments d'utilisation de ce champignon. Des doses plus importantes provoqueront sans aucun doute une modification de la conscience, ainsi que des hallucinations et des sensations d'alt\u00e9ration du temps. En outre, le stimulus visuel fractal entravera momentan\u00e9ment votre conscience et votre capacit\u00e9 \u00e0 prendre des d\u00e9cisions.<\/p>\n<h3>Vente de spores d'envie de p\u00e9nis<\/h3>\n<p>Online Penis Envy Cubensis<br \/>\nPenis Envy Cubensis : Achat en ligne<\/p>\n<p>Penis Envy Cubensis : Achat en ligne<\/p>\n<p>Acheter Penis Envy<\/p>\n<p>A vendre : envie de p\u00e9nis albinos<\/p>\n<p>&nbsp;<\/p>","protected":false},"excerpt":{"rendered":"<p>Purchase Penis Envy Mushrooms Online: Penis Envy Cubensis for Sale &#8220;What is the Penis Envy Cubensis? What&#8217;s with the weird name?&#8221; may be on your mind. The situation really is straightforward. There&#8217;s no getting around the fact that this hallucinogenic fungus resembles a penis. You may be surprised to learn that this mushroom has some &hellip;<\/p>\n<p class=\"read-more\"> <a class=\"\" href=\"https:\/\/legitgrams.com\/fr\/produit\/champignons-denvie-de-penis\/\"> <span class=\"screen-reader-text\">Acheter des champignons Penis Envy en ligne<\/span> Lire la suite \"<\/a><\/p>","protected":false},"featured_media":5241,"comment_status":"open","ping_status":"closed","template":"","meta":{"_uag_custom_page_level_css":"","site-sidebar-layout":"default","site-content-layout":"default","ast-global-header-display":"","ast-main-header-display":"","ast-hfb-above-header-display":"","ast-hfb-below-header-display":"","ast-hfb-mobile-header-display":"","site-post-title":"","ast-breadcrumbs-content":"","ast-featured-img":"","footer-sml-layout":"","theme-transparent-header-meta":"default","adv-header-id-meta":"","stick-header-meta":"default","header-above-stick-meta":"","header-main-stick-meta":"","header-below-stick-meta":"","_joinchat":[]},"product_brand":[],"product_cat":[599],"product_tag":[4234,4224,617,4216,4231,4228,4223,4221,4215,4218,4226,4217,4219,4227,4229,4236,4237,4235,4232,4233,4230,625,4222,4225,4220],"class_list":{"0":"post-3890","1":"product","2":"type-product","3":"status-publish","4":"has-post-thumbnail","6":"product_cat-psilocybin-or-magic-mushrooms","7":"product_tag-best-cheap-price-penis-envy-mushrooms","8":"product_tag-best-place-to-buy-penis-envy-mushrooms","9":"product_tag-bulk-online","10":"product_tag-buy-penis-envy-mushrooms","11":"product_tag-cheap-penis-envy-mushrooms","12":"product_tag-high-quality-penis-envy-mushrooms","13":"product_tag-how-to-buy-penis-envy-mushrooms","14":"product_tag-order-penis-envy-mushrooms","15":"product_tag-penis-envy-mushrooms","16":"product_tag-penis-envy-mushrooms-for-sale","17":"product_tag-penis-envy-mushrooms-legally","18":"product_tag-penis-envy-mushrooms-online","19":"product_tag-penis-envy-mushrooms-penis-envy-mushrooms-supplier","20":"product_tag-penis-envy-mushrooms-price","21":"product_tag-penis-envy-mushrooms-store","22":"product_tag-penis-envy-mushrooms-use","23":"product_tag-penis-envy-mushrooms-wiki","24":"product_tag-penis-envy-mushrooms-worldwide","25":"product_tag-penis-envy-mushroomss","26":"product_tag-purcharse-penis-envy-mushrooms","27":"product_tag-shop-penis-envy-mushrooms","28":"product_tag-top-quality","29":"product_tag-where-to-buy-penis-envy-mushrooms","30":"product_tag-where-to-order-penis-envy-mushrooms","31":"product_tag-wholesale-penis-envy-mushrooms","32":"desktop-align-left","33":"tablet-align-left","34":"mobile-align-left","35":"ast-product-gallery-layout-horizontal","36":"ast-product-gallery-with-no-image","37":"ast-product-single-variable","38":"ast-product-tabs-layout-horizontal","39":"ast-qv-on-image","41":"first","42":"instock","43":"featured","44":"shipping-taxable","45":"purchasable","46":"product-type-variable"},"yoast_head":"<!-- This site is optimized with the Yoast SEO plugin v25.9 - https:\/\/yoast.com\/wordpress\/plugins\/seo\/ -->\n<title>Penis Envy Mushrooms for Sale - Buy Penis Envy Mushrooms<\/title>\n<meta name=\"description\" content=\"Explore our online store for Penis Envy Mushrooms for sale, offering high-quality Penis Envy Mushrooms . Buy Penis Envy Mushrooms online securely and embark on your research journey with confidence. Place your order now!\" \/>\n<meta name=\"robots\" content=\"index, follow, max-snippet:-1, max-image-preview:large, max-video-preview:-1\" \/>\n<link rel=\"canonical\" href=\"https:\/\/legitgrams.com\/fr\/produit\/champignons-denvie-de-penis\/\" \/>\n<meta property=\"og:locale\" content=\"fr_FR\" \/>\n<meta property=\"og:type\" content=\"article\" \/>\n<meta property=\"og:title\" content=\"Penis Envy Mushrooms for Sale - Buy Penis Envy Mushrooms\" \/>\n<meta property=\"og:description\" content=\"Explore our online store for Penis Envy Mushrooms for sale, offering high-quality Penis Envy Mushrooms . Buy Penis Envy Mushrooms online securely and embark on your research journey with confidence. Place your order now!\" \/>\n<meta property=\"og:url\" content=\"https:\/\/legitgrams.com\/fr\/produit\/champignons-denvie-de-penis\/\" \/>\n<meta property=\"og:site_name\" content=\"Legit Grams\" \/>\n<meta property=\"article:modified_time\" content=\"2025-04-04T13:43:33+00:00\" \/>\n<meta property=\"og:image\" content=\"https:\/\/legitgrams.com\/wp-content\/uploads\/2024\/09\/penis-envy-for-salepsilocybin-or-magic-mushrooms.jpg\" \/>\n\t<meta property=\"og:image:width\" content=\"430\" \/>\n\t<meta property=\"og:image:height\" content=\"430\" \/>\n\t<meta property=\"og:image:type\" content=\"image\/jpeg\" \/>\n<meta name=\"twitter:card\" content=\"summary_large_image\" \/>\n<meta name=\"twitter:label1\" content=\"Dur\u00e9e de lecture est.\" \/>\n\t<meta name=\"twitter:data1\" content=\"4 minutes\" \/>\n<script type=\"application\/ld+json\" class=\"yoast-schema-graph\">{\"@context\":\"https:\/\/schema.org\",\"@graph\":[{\"@type\":\"WebPage\",\"@id\":\"https:\/\/legitgrams.com\/product\/penis-envy-mushrooms\/\",\"url\":\"https:\/\/legitgrams.com\/product\/penis-envy-mushrooms\/\",\"name\":\"Penis Envy Mushrooms for Sale - Buy Penis Envy Mushrooms\",\"isPartOf\":{\"@id\":\"https:\/\/legitgrams.com\/#website\"},\"primaryImageOfPage\":{\"@id\":\"https:\/\/legitgrams.com\/product\/penis-envy-mushrooms\/#primaryimage\"},\"image\":{\"@id\":\"https:\/\/legitgrams.com\/product\/penis-envy-mushrooms\/#primaryimage\"},\"thumbnailUrl\":\"https:\/\/legitgrams.com\/wp-content\/uploads\/2024\/09\/penis-envy-for-salepsilocybin-or-magic-mushrooms.jpg\",\"datePublished\":\"2024-09-20T10:09:25+00:00\",\"dateModified\":\"2025-04-04T13:43:33+00:00\",\"description\":\"Explore our online store for Penis Envy Mushrooms for sale, offering high-quality Penis Envy Mushrooms . Buy Penis Envy Mushrooms online securely and embark on your research journey with confidence. Place your order now!\",\"breadcrumb\":{\"@id\":\"https:\/\/legitgrams.com\/product\/penis-envy-mushrooms\/#breadcrumb\"},\"inLanguage\":\"fr-BE\",\"potentialAction\":[{\"@type\":\"ReadAction\",\"target\":[\"https:\/\/legitgrams.com\/product\/penis-envy-mushrooms\/\"]}]},{\"@type\":\"ImageObject\",\"inLanguage\":\"fr-BE\",\"@id\":\"https:\/\/legitgrams.com\/product\/penis-envy-mushrooms\/#primaryimage\",\"url\":\"https:\/\/legitgrams.com\/wp-content\/uploads\/2024\/09\/penis-envy-for-salepsilocybin-or-magic-mushrooms.jpg\",\"contentUrl\":\"https:\/\/legitgrams.com\/wp-content\/uploads\/2024\/09\/penis-envy-for-salepsilocybin-or-magic-mushrooms.jpg\",\"width\":430,\"height\":430,\"caption\":\"Penis Envy Mushrooms for Sale\"},{\"@type\":\"BreadcrumbList\",\"@id\":\"https:\/\/legitgrams.com\/product\/penis-envy-mushrooms\/#breadcrumb\",\"itemListElement\":[{\"@type\":\"ListItem\",\"position\":1,\"name\":\"Home\",\"item\":\"https:\/\/legitgrams.com\/\"},{\"@type\":\"ListItem\",\"position\":2,\"name\":\"Shop\",\"item\":\"https:\/\/legitgrams.com\/shop\/\"},{\"@type\":\"ListItem\",\"position\":3,\"name\":\"Buy Penis Envy Mushrooms Online\"}]},{\"@type\":\"WebSite\",\"@id\":\"https:\/\/legitgrams.com\/#website\",\"url\":\"https:\/\/legitgrams.com\/\",\"name\":\"Legit Grams\",\"description\":\"My WordPress Blog\",\"publisher\":{\"@id\":\"https:\/\/legitgrams.com\/#organization\"},\"potentialAction\":[{\"@type\":\"SearchAction\",\"target\":{\"@type\":\"EntryPoint\",\"urlTemplate\":\"https:\/\/legitgrams.com\/?s={search_term_string}\"},\"query-input\":{\"@type\":\"PropertyValueSpecification\",\"valueRequired\":true,\"valueName\":\"search_term_string\"}}],\"inLanguage\":\"fr-BE\"},{\"@type\":\"Organization\",\"@id\":\"https:\/\/legitgrams.com\/#organization\",\"name\":\"Legit Grams\",\"url\":\"https:\/\/legitgrams.com\/\",\"logo\":{\"@type\":\"ImageObject\",\"inLanguage\":\"fr-BE\",\"@id\":\"https:\/\/legitgrams.com\/#\/schema\/logo\/image\/\",\"url\":\"https:\/\/legitgrams.com\/wp-content\/uploads\/2024\/09\/main-logo.png\",\"contentUrl\":\"https:\/\/legitgrams.com\/wp-content\/uploads\/2024\/09\/main-logo.png\",\"width\":270,\"height\":75,\"caption\":\"Legit Grams\"},\"image\":{\"@id\":\"https:\/\/legitgrams.com\/#\/schema\/logo\/image\/\"}}]}<\/script>\n<!-- \/ Yoast SEO plugin. -->","yoast_head_json":{"title":"Champignons Penis Envy \u00e0 vendre - Achetez des champignons Penis Envy","description":"Explorez notre boutique en ligne pour la vente de Champignons Envieux du P\u00e9nis, offrant des Champignons Envieux du P\u00e9nis de haute qualit\u00e9. Achetez en ligne en toute s\u00e9curit\u00e9 les champignons Penis Envy et entamez votre recherche en toute confiance. Passez votre commande d\u00e8s maintenant !","robots":{"index":"index","follow":"follow","max-snippet":"max-snippet:-1","max-image-preview":"max-image-preview:large","max-video-preview":"max-video-preview:-1"},"canonical":"https:\/\/legitgrams.com\/fr\/produit\/champignons-denvie-de-penis\/","og_locale":"fr_FR","og_type":"article","og_title":"Penis Envy Mushrooms for Sale - Buy Penis Envy Mushrooms","og_description":"Explore our online store for Penis Envy Mushrooms for sale, offering high-quality Penis Envy Mushrooms . Buy Penis Envy Mushrooms online securely and embark on your research journey with confidence. Place your order now!","og_url":"https:\/\/legitgrams.com\/fr\/produit\/champignons-denvie-de-penis\/","og_site_name":"Legit Grams","article_modified_time":"2025-04-04T13:43:33+00:00","og_image":[{"width":430,"height":430,"url":"https:\/\/legitgrams.com\/wp-content\/uploads\/2024\/09\/penis-envy-for-salepsilocybin-or-magic-mushrooms.jpg","type":"image\/jpeg"}],"twitter_card":"summary_large_image","twitter_misc":{"Dur\u00e9e de lecture est.":"4 minutes"},"schema":{"@context":"https:\/\/schema.org","@graph":[{"@type":"WebPage","@id":"https:\/\/legitgrams.com\/product\/penis-envy-mushrooms\/","url":"https:\/\/legitgrams.com\/product\/penis-envy-mushrooms\/","name":"Champignons Penis Envy \u00e0 vendre - Achetez des champignons Penis Envy","isPartOf":{"@id":"https:\/\/legitgrams.com\/#website"},"primaryImageOfPage":{"@id":"https:\/\/legitgrams.com\/product\/penis-envy-mushrooms\/#primaryimage"},"image":{"@id":"https:\/\/legitgrams.com\/product\/penis-envy-mushrooms\/#primaryimage"},"thumbnailUrl":"https:\/\/legitgrams.com\/wp-content\/uploads\/2024\/09\/penis-envy-for-salepsilocybin-or-magic-mushrooms.jpg","datePublished":"2024-09-20T10:09:25+00:00","dateModified":"2025-04-04T13:43:33+00:00","description":"Explorez notre boutique en ligne pour la vente de Champignons Envieux du P\u00e9nis, offrant des Champignons Envieux du P\u00e9nis de haute qualit\u00e9. Achetez en ligne en toute s\u00e9curit\u00e9 les champignons Penis Envy et entamez votre recherche en toute confiance. Passez votre commande d\u00e8s maintenant !","breadcrumb":{"@id":"https:\/\/legitgrams.com\/product\/penis-envy-mushrooms\/#breadcrumb"},"inLanguage":"fr-BE","potentialAction":[{"@type":"ReadAction","target":["https:\/\/legitgrams.com\/product\/penis-envy-mushrooms\/"]}]},{"@type":"ImageObject","inLanguage":"fr-BE","@id":"https:\/\/legitgrams.com\/product\/penis-envy-mushrooms\/#primaryimage","url":"https:\/\/legitgrams.com\/wp-content\/uploads\/2024\/09\/penis-envy-for-salepsilocybin-or-magic-mushrooms.jpg","contentUrl":"https:\/\/legitgrams.com\/wp-content\/uploads\/2024\/09\/penis-envy-for-salepsilocybin-or-magic-mushrooms.jpg","width":430,"height":430,"caption":"Penis Envy Mushrooms for Sale"},{"@type":"BreadcrumbList","@id":"https:\/\/legitgrams.com\/product\/penis-envy-mushrooms\/#breadcrumb","itemListElement":[{"@type":"ListItem","position":1,"name":"Home","item":"https:\/\/legitgrams.com\/"},{"@type":"ListItem","position":2,"name":"Shop","item":"https:\/\/legitgrams.com\/shop\/"},{"@type":"ListItem","position":3,"name":"Buy Penis Envy Mushrooms Online"}]},{"@type":"WebSite","@id":"https:\/\/legitgrams.com\/#website","url":"https:\/\/legitgrams.com\/","name":"Les grammes l\u00e9gitimes","description":"Mon blog WordPress","publisher":{"@id":"https:\/\/legitgrams.com\/#organization"},"potentialAction":[{"@type":"SearchAction","target":{"@type":"EntryPoint","urlTemplate":"https:\/\/legitgrams.com\/?s={search_term_string}"},"query-input":{"@type":"PropertyValueSpecification","valueRequired":true,"valueName":"search_term_string"}}],"inLanguage":"fr-BE"},{"@type":"Organization","@id":"https:\/\/legitgrams.com\/#organization","name":"Les grammes l\u00e9gitimes","url":"https:\/\/legitgrams.com\/","logo":{"@type":"ImageObject","inLanguage":"fr-BE","@id":"https:\/\/legitgrams.com\/#\/schema\/logo\/image\/","url":"https:\/\/legitgrams.com\/wp-content\/uploads\/2024\/09\/main-logo.png","contentUrl":"https:\/\/legitgrams.com\/wp-content\/uploads\/2024\/09\/main-logo.png","width":270,"height":75,"caption":"Legit Grams"},"image":{"@id":"https:\/\/legitgrams.com\/#\/schema\/logo\/image\/"}}]}},"uagb_featured_image_src":{"full":["https:\/\/legitgrams.com\/wp-content\/uploads\/2024\/09\/penis-envy-for-salepsilocybin-or-magic-mushrooms.jpg",430,430,false],"thumbnail":["https:\/\/legitgrams.com\/wp-content\/uploads\/2024\/09\/penis-envy-for-salepsilocybin-or-magic-mushrooms-150x150.jpg",150,150,true],"medium":["https:\/\/legitgrams.com\/wp-content\/uploads\/2024\/09\/penis-envy-for-salepsilocybin-or-magic-mushrooms-300x300.jpg",300,300,true],"medium_large":["https:\/\/legitgrams.com\/wp-content\/uploads\/2024\/09\/penis-envy-for-salepsilocybin-or-magic-mushrooms.jpg",430,430,false],"large":["https:\/\/legitgrams.com\/wp-content\/uploads\/2024\/09\/penis-envy-for-salepsilocybin-or-magic-mushrooms.jpg",430,430,false],"1536x1536":["https:\/\/legitgrams.com\/wp-content\/uploads\/2024\/09\/penis-envy-for-salepsilocybin-or-magic-mushrooms.jpg",430,430,false],"2048x2048":["https:\/\/legitgrams.com\/wp-content\/uploads\/2024\/09\/penis-envy-for-salepsilocybin-or-magic-mushrooms.jpg",430,430,false],"trp-custom-language-flag":["https:\/\/legitgrams.com\/wp-content\/uploads\/2024\/09\/penis-envy-for-salepsilocybin-or-magic-mushrooms-12x12.jpg",12,12,true],"woocommerce_thumbnail":["https:\/\/legitgrams.com\/wp-content\/uploads\/2024\/09\/penis-envy-for-salepsilocybin-or-magic-mushrooms-300x300.jpg",300,300,true],"woocommerce_single":["https:\/\/legitgrams.com\/wp-content\/uploads\/2024\/09\/penis-envy-for-salepsilocybin-or-magic-mushrooms.jpg",430,430,false],"woocommerce_gallery_thumbnail":["https:\/\/legitgrams.com\/wp-content\/uploads\/2024\/09\/penis-envy-for-salepsilocybin-or-magic-mushrooms-100x100.jpg",100,100,true]},"uagb_author_info":{"display_name":"cokeblog18","author_link":"https:\/\/legitgrams.com\/fr\/author\/"},"uagb_comment_info":0,"uagb_excerpt":"Purchase Penis Envy Mushrooms Online: Penis Envy Cubensis for Sale &#8220;What is the Penis Envy Cubensis? What&#8217;s with the weird name?&#8221; may be on your mind. The situation really is straightforward. There&#8217;s no getting around the fact that this hallucinogenic fungus resembles a penis. You may be surprised to learn that this mushroom has some&hellip;","_links":{"self":[{"href":"https:\/\/legitgrams.com\/fr\/wp-json\/wp\/v2\/product\/3890","targetHints":{"allow":["GET"]}}],"collection":[{"href":"https:\/\/legitgrams.com\/fr\/wp-json\/wp\/v2\/product"}],"about":[{"href":"https:\/\/legitgrams.com\/fr\/wp-json\/wp\/v2\/types\/product"}],"replies":[{"embeddable":true,"href":"https:\/\/legitgrams.com\/fr\/wp-json\/wp\/v2\/comments?post=3890"}],"wp:featuredmedia":[{"embeddable":true,"href":"https:\/\/legitgrams.com\/fr\/wp-json\/wp\/v2\/media\/5241"}],"wp:attachment":[{"href":"https:\/\/legitgrams.com\/fr\/wp-json\/wp\/v2\/media?parent=3890"}],"wp:term":[{"taxonomy":"product_brand","embeddable":true,"href":"https:\/\/legitgrams.com\/fr\/wp-json\/wp\/v2\/product_brand?post=3890"},{"taxonomy":"product_cat","embeddable":true,"href":"https:\/\/legitgrams.com\/fr\/wp-json\/wp\/v2\/product_cat?post=3890"},{"taxonomy":"product_tag","embeddable":true,"href":"https:\/\/legitgrams.com\/fr\/wp-json\/wp\/v2\/product_tag?post=3890"}],"curies":[{"name":"wp","href":"https:\/\/api.w.org\/{rel}","templated":true}]}}