{"id":3893,"date":"2024-09-20T10:14:41","date_gmt":"2024-09-20T10:14:41","guid":{"rendered":"https:\/\/legitgrams.com\/?post_type=product&#038;p=3893"},"modified":"2025-01-13T09:16:07","modified_gmt":"2025-01-13T09:16:07","slug":"ambien-10mg-pilules","status":"publish","type":"product","link":"https:\/\/legitgrams.com\/fr\/produit\/ambien-10mg-pilules\/","title":{"rendered":"Ambien 10mg pilules"},"content":{"rendered":"<h2>Vente de pilules Ambien 10 mg<\/h2>\n<p><a href=\"https:\/\/legitgrams.com\/fr\/produit\/ambien-10mg-pilules\/\">Acheter des comprim\u00e9s Ambien 10 mg en ligne<\/a>. Ambien est un traitement pour les troubles du sommeil. Le comprim\u00e9 \u00e0 lib\u00e9ration imm\u00e9diate est utilis\u00e9 pour vous aider \u00e0 vous endormir d\u00e8s que vous vous asseyez sur le canap\u00e9. <a href=\"https:\/\/legitgrams.com\/fr\/\">LegitGrams<\/a><\/p>\n<h3>Le prix du produit est par comprim\u00e9.<br \/>\nLa quantit\u00e9 minimum de commande est de 50 pilules.<\/h3>\n<p>Acheter Ambien 10 mg en ligne : acheter Ambien, acheter des pilules Ambien, acheter des pilules Ambien en ligne, O\u00f9 acheter des pilules Ambien 10 mg, o\u00f9 acheter des pilules Ambien \u00e0 vendre, o\u00f9 acheter <a href=\"https:\/\/en.wikipedia.org\/?title=Ambien&amp;redirect=no\">Ambien<\/a> 10 mg pills online, where to buy Ambien 10 mg pills in the USA, Canada, and UK, where to buy, online, suppliers, and secure delivery Ambien 10 mg pills are still available. Is purchasing legal? 10 mg Ambien pills online in the United States? How can I acquire 10 mg Ambien pills? Is it legal to buy 10 mg Ambien pills in Canada?<\/p>","protected":false},"excerpt":{"rendered":"<p>Sale of Ambien 10mg pills Buy Ambien 10 mg tablets online. Ambien is one treatment for a sleeping disorder. The prompt discharge tablet is used to help you fall asleep when you first sit on the couch. LegitGrams The product is priced per pill. The minimum order quantity is 50 pills. Make an online purchase &hellip;<\/p>\n<p class=\"read-more\"> <a class=\"\" href=\"https:\/\/legitgrams.com\/fr\/produit\/ambien-10mg-pilules\/\"> <span class=\"screen-reader-text\">Ambien 10mg pilules<\/span> Lire la suite \"<\/a><\/p>","protected":false},"featured_media":5208,"comment_status":"open","ping_status":"closed","template":"","meta":{"_uag_custom_page_level_css":"","site-sidebar-layout":"default","site-content-layout":"default","ast-global-header-display":"","ast-main-header-display":"","ast-hfb-above-header-display":"","ast-hfb-below-header-display":"","ast-hfb-mobile-header-display":"","site-post-title":"","ast-breadcrumbs-content":"","ast-featured-img":"","footer-sml-layout":"","theme-transparent-header-meta":"default","adv-header-id-meta":"","stick-header-meta":"default","header-above-stick-meta":"","header-main-stick-meta":"","header-below-stick-meta":"","_joinchat":[]},"product_brand":[],"product_cat":[597,610],"product_tag":[4146,4150,4149,4157,4148,4158,4160,4167,4168,4166,4163,4165,4155,617,4147,4162,4159,4154,4152,4164,4161,625,4153,4156,4151],"class_list":{"0":"post-3893","1":"product","2":"type-product","3":"status-publish","4":"has-post-thumbnail","6":"product_cat-pain-sleeping-sex-pills","7":"product_cat-sleeping-pills","8":"product_tag-ambien-10mg-pills","9":"product_tag-ambien-10mg-pills-ambien-10mg-pills-supplier","10":"product_tag-ambien-10mg-pills-for-sale","11":"product_tag-ambien-10mg-pills-legally","12":"product_tag-ambien-10mg-pills-online","13":"product_tag-ambien-10mg-pills-price","14":"product_tag-ambien-10mg-pills-store","15":"product_tag-ambien-10mg-pills-use","16":"product_tag-ambien-10mg-pills-wiki","17":"product_tag-ambien-10mg-pills-worldwide","18":"product_tag-ambien-10mg-pillss","19":"product_tag-best-cheap-price-ambien-10mg-pills","20":"product_tag-best-place-to-buy-ambien-10mg-pills","21":"product_tag-bulk-online","22":"product_tag-buy-ambien-10mg-pills","23":"product_tag-cheap-ambien-10mg-pills","24":"product_tag-high-quality-ambien-10mg-pills","25":"product_tag-how-to-buy-ambien-10mg-pills","26":"product_tag-order-ambien-10mg-pills","27":"product_tag-purcharse-ambien-10mg-pills","28":"product_tag-shop-ambien-10mg-pills","29":"product_tag-top-quality","30":"product_tag-where-to-buy-ambien-10mg-pills","31":"product_tag-where-to-order-ambien-10mg-pills","32":"product_tag-wholesale-ambien-10mg-pills","33":"desktop-align-left","34":"tablet-align-left","35":"mobile-align-left","36":"ast-product-gallery-layout-horizontal","37":"ast-product-gallery-with-no-image","38":"ast-product-single-variable","39":"ast-product-tabs-layout-horizontal","40":"ast-qv-on-image","42":"first","43":"instock","44":"shipping-taxable","45":"purchasable","46":"product-type-variable"},"yoast_head":"<!-- This site is optimized with the Yoast SEO plugin v25.9 - https:\/\/yoast.com\/wordpress\/plugins\/seo\/ -->\n<title>Ambien 10mg pills for sale - Buy Ambien pills online @ LegitGrams<\/title>\n<meta name=\"description\" content=\"If you want to buy Ambien 10mg pills online and looking for a reliable online store, then buy here. We offer only high-quality Ambien 10mg pills for sale at an affordable price. Order Ambien 10mg pills Now!\" \/>\n<meta name=\"robots\" content=\"index, follow, max-snippet:-1, max-image-preview:large, max-video-preview:-1\" \/>\n<link rel=\"canonical\" href=\"https:\/\/legitgrams.com\/fr\/produit\/ambien-10mg-pilules\/\" \/>\n<meta property=\"og:locale\" content=\"fr_FR\" \/>\n<meta property=\"og:type\" content=\"article\" \/>\n<meta property=\"og:title\" content=\"Ambien 10mg pills for sale - Buy Ambien pills online @ LegitGrams\" \/>\n<meta property=\"og:description\" content=\"If you want to buy Ambien 10mg pills online and looking for a reliable online store, then buy here. We offer only high-quality Ambien 10mg pills for sale at an affordable price. Order Ambien 10mg pills Now!\" \/>\n<meta property=\"og:url\" content=\"https:\/\/legitgrams.com\/fr\/produit\/ambien-10mg-pilules\/\" \/>\n<meta property=\"og:site_name\" content=\"Legit Grams\" \/>\n<meta property=\"article:modified_time\" content=\"2025-01-13T09:16:07+00:00\" \/>\n<meta property=\"og:image\" content=\"https:\/\/legitgrams.com\/wp-content\/uploads\/2024\/09\/buy-ambien-10mg-pills-online.jpg\" \/>\n\t<meta property=\"og:image:width\" content=\"600\" \/>\n\t<meta property=\"og:image:height\" content=\"600\" \/>\n\t<meta property=\"og:image:type\" content=\"image\/jpeg\" \/>\n<meta name=\"twitter:card\" content=\"summary_large_image\" \/>\n<meta name=\"twitter:label1\" content=\"Dur\u00e9e de lecture est.\" \/>\n\t<meta name=\"twitter:data1\" content=\"1 minute\" \/>\n<script type=\"application\/ld+json\" class=\"yoast-schema-graph\">{\"@context\":\"https:\/\/schema.org\",\"@graph\":[{\"@type\":\"WebPage\",\"@id\":\"https:\/\/legitgrams.com\/product\/ambien-10mg-pills\/\",\"url\":\"https:\/\/legitgrams.com\/product\/ambien-10mg-pills\/\",\"name\":\"Ambien 10mg pills for sale - Buy Ambien pills online @ LegitGrams\",\"isPartOf\":{\"@id\":\"https:\/\/legitgrams.com\/#website\"},\"primaryImageOfPage\":{\"@id\":\"https:\/\/legitgrams.com\/product\/ambien-10mg-pills\/#primaryimage\"},\"image\":{\"@id\":\"https:\/\/legitgrams.com\/product\/ambien-10mg-pills\/#primaryimage\"},\"thumbnailUrl\":\"https:\/\/legitgrams.com\/wp-content\/uploads\/2024\/09\/buy-ambien-10mg-pills-online.jpg\",\"datePublished\":\"2024-09-20T10:14:41+00:00\",\"dateModified\":\"2025-01-13T09:16:07+00:00\",\"description\":\"If you want to buy Ambien 10mg pills online and looking for a reliable online store, then buy here. We offer only high-quality Ambien 10mg pills for sale at an affordable price. Order Ambien 10mg pills Now!\",\"breadcrumb\":{\"@id\":\"https:\/\/legitgrams.com\/product\/ambien-10mg-pills\/#breadcrumb\"},\"inLanguage\":\"fr-BE\",\"potentialAction\":[{\"@type\":\"ReadAction\",\"target\":[\"https:\/\/legitgrams.com\/product\/ambien-10mg-pills\/\"]}]},{\"@type\":\"ImageObject\",\"inLanguage\":\"fr-BE\",\"@id\":\"https:\/\/legitgrams.com\/product\/ambien-10mg-pills\/#primaryimage\",\"url\":\"https:\/\/legitgrams.com\/wp-content\/uploads\/2024\/09\/buy-ambien-10mg-pills-online.jpg\",\"contentUrl\":\"https:\/\/legitgrams.com\/wp-content\/uploads\/2024\/09\/buy-ambien-10mg-pills-online.jpg\",\"width\":600,\"height\":600,\"caption\":\"Ambien 10mg pills for Sale\"},{\"@type\":\"BreadcrumbList\",\"@id\":\"https:\/\/legitgrams.com\/product\/ambien-10mg-pills\/#breadcrumb\",\"itemListElement\":[{\"@type\":\"ListItem\",\"position\":1,\"name\":\"Home\",\"item\":\"https:\/\/legitgrams.com\/\"},{\"@type\":\"ListItem\",\"position\":2,\"name\":\"Shop\",\"item\":\"https:\/\/legitgrams.com\/shop\/\"},{\"@type\":\"ListItem\",\"position\":3,\"name\":\"Ambien 10mg pills\"}]},{\"@type\":\"WebSite\",\"@id\":\"https:\/\/legitgrams.com\/#website\",\"url\":\"https:\/\/legitgrams.com\/\",\"name\":\"Legit Grams\",\"description\":\"My WordPress Blog\",\"publisher\":{\"@id\":\"https:\/\/legitgrams.com\/#organization\"},\"potentialAction\":[{\"@type\":\"SearchAction\",\"target\":{\"@type\":\"EntryPoint\",\"urlTemplate\":\"https:\/\/legitgrams.com\/?s={search_term_string}\"},\"query-input\":{\"@type\":\"PropertyValueSpecification\",\"valueRequired\":true,\"valueName\":\"search_term_string\"}}],\"inLanguage\":\"fr-BE\"},{\"@type\":\"Organization\",\"@id\":\"https:\/\/legitgrams.com\/#organization\",\"name\":\"Legit Grams\",\"url\":\"https:\/\/legitgrams.com\/\",\"logo\":{\"@type\":\"ImageObject\",\"inLanguage\":\"fr-BE\",\"@id\":\"https:\/\/legitgrams.com\/#\/schema\/logo\/image\/\",\"url\":\"https:\/\/legitgrams.com\/wp-content\/uploads\/2024\/09\/main-logo.png\",\"contentUrl\":\"https:\/\/legitgrams.com\/wp-content\/uploads\/2024\/09\/main-logo.png\",\"width\":270,\"height\":75,\"caption\":\"Legit Grams\"},\"image\":{\"@id\":\"https:\/\/legitgrams.com\/#\/schema\/logo\/image\/\"}}]}<\/script>\n<!-- \/ Yoast SEO plugin. -->","yoast_head_json":{"title":"Ambien 10mg pill for sale - Acheter des pilules d'Ambien en ligne @ LegitGrams","description":"Si vous voulez acheter des pilules d'Ambien 10mg en ligne et que vous cherchez un magasin en ligne fiable, alors achetez ici. Nous offrons uniquement des pilules d'Ambien 10mg de haute qualit\u00e9 \u00e0 un prix abordable. Commandez Ambien 10mg maintenant !","robots":{"index":"index","follow":"follow","max-snippet":"max-snippet:-1","max-image-preview":"max-image-preview:large","max-video-preview":"max-video-preview:-1"},"canonical":"https:\/\/legitgrams.com\/fr\/produit\/ambien-10mg-pilules\/","og_locale":"fr_FR","og_type":"article","og_title":"Ambien 10mg pills for sale - Buy Ambien pills online @ LegitGrams","og_description":"If you want to buy Ambien 10mg pills online and looking for a reliable online store, then buy here. We offer only high-quality Ambien 10mg pills for sale at an affordable price. Order Ambien 10mg pills Now!","og_url":"https:\/\/legitgrams.com\/fr\/produit\/ambien-10mg-pilules\/","og_site_name":"Legit Grams","article_modified_time":"2025-01-13T09:16:07+00:00","og_image":[{"width":600,"height":600,"url":"https:\/\/legitgrams.com\/wp-content\/uploads\/2024\/09\/buy-ambien-10mg-pills-online.jpg","type":"image\/jpeg"}],"twitter_card":"summary_large_image","twitter_misc":{"Dur\u00e9e de lecture est.":"1 minute"},"schema":{"@context":"https:\/\/schema.org","@graph":[{"@type":"WebPage","@id":"https:\/\/legitgrams.com\/product\/ambien-10mg-pills\/","url":"https:\/\/legitgrams.com\/product\/ambien-10mg-pills\/","name":"Ambien 10mg pill for sale - Acheter des pilules d'Ambien en ligne @ LegitGrams","isPartOf":{"@id":"https:\/\/legitgrams.com\/#website"},"primaryImageOfPage":{"@id":"https:\/\/legitgrams.com\/product\/ambien-10mg-pills\/#primaryimage"},"image":{"@id":"https:\/\/legitgrams.com\/product\/ambien-10mg-pills\/#primaryimage"},"thumbnailUrl":"https:\/\/legitgrams.com\/wp-content\/uploads\/2024\/09\/buy-ambien-10mg-pills-online.jpg","datePublished":"2024-09-20T10:14:41+00:00","dateModified":"2025-01-13T09:16:07+00:00","description":"Si vous voulez acheter des pilules d'Ambien 10mg en ligne et que vous cherchez un magasin en ligne fiable, alors achetez ici. Nous offrons uniquement des pilules d'Ambien 10mg de haute qualit\u00e9 \u00e0 un prix abordable. Commandez Ambien 10mg maintenant !","breadcrumb":{"@id":"https:\/\/legitgrams.com\/product\/ambien-10mg-pills\/#breadcrumb"},"inLanguage":"fr-BE","potentialAction":[{"@type":"ReadAction","target":["https:\/\/legitgrams.com\/product\/ambien-10mg-pills\/"]}]},{"@type":"ImageObject","inLanguage":"fr-BE","@id":"https:\/\/legitgrams.com\/product\/ambien-10mg-pills\/#primaryimage","url":"https:\/\/legitgrams.com\/wp-content\/uploads\/2024\/09\/buy-ambien-10mg-pills-online.jpg","contentUrl":"https:\/\/legitgrams.com\/wp-content\/uploads\/2024\/09\/buy-ambien-10mg-pills-online.jpg","width":600,"height":600,"caption":"Ambien 10mg pills for Sale"},{"@type":"BreadcrumbList","@id":"https:\/\/legitgrams.com\/product\/ambien-10mg-pills\/#breadcrumb","itemListElement":[{"@type":"ListItem","position":1,"name":"Home","item":"https:\/\/legitgrams.com\/"},{"@type":"ListItem","position":2,"name":"Shop","item":"https:\/\/legitgrams.com\/shop\/"},{"@type":"ListItem","position":3,"name":"Ambien 10mg pills"}]},{"@type":"WebSite","@id":"https:\/\/legitgrams.com\/#website","url":"https:\/\/legitgrams.com\/","name":"Les grammes l\u00e9gitimes","description":"Mon blog WordPress","publisher":{"@id":"https:\/\/legitgrams.com\/#organization"},"potentialAction":[{"@type":"SearchAction","target":{"@type":"EntryPoint","urlTemplate":"https:\/\/legitgrams.com\/?s={search_term_string}"},"query-input":{"@type":"PropertyValueSpecification","valueRequired":true,"valueName":"search_term_string"}}],"inLanguage":"fr-BE"},{"@type":"Organization","@id":"https:\/\/legitgrams.com\/#organization","name":"Les grammes l\u00e9gitimes","url":"https:\/\/legitgrams.com\/","logo":{"@type":"ImageObject","inLanguage":"fr-BE","@id":"https:\/\/legitgrams.com\/#\/schema\/logo\/image\/","url":"https:\/\/legitgrams.com\/wp-content\/uploads\/2024\/09\/main-logo.png","contentUrl":"https:\/\/legitgrams.com\/wp-content\/uploads\/2024\/09\/main-logo.png","width":270,"height":75,"caption":"Legit Grams"},"image":{"@id":"https:\/\/legitgrams.com\/#\/schema\/logo\/image\/"}}]}},"uagb_featured_image_src":{"full":["https:\/\/legitgrams.com\/wp-content\/uploads\/2024\/09\/buy-ambien-10mg-pills-online.jpg",600,600,false],"thumbnail":["https:\/\/legitgrams.com\/wp-content\/uploads\/2024\/09\/buy-ambien-10mg-pills-online-150x150.jpg",150,150,true],"medium":["https:\/\/legitgrams.com\/wp-content\/uploads\/2024\/09\/buy-ambien-10mg-pills-online-300x300.jpg",300,300,true],"medium_large":["https:\/\/legitgrams.com\/wp-content\/uploads\/2024\/09\/buy-ambien-10mg-pills-online.jpg",600,600,false],"large":["https:\/\/legitgrams.com\/wp-content\/uploads\/2024\/09\/buy-ambien-10mg-pills-online.jpg",600,600,false],"1536x1536":["https:\/\/legitgrams.com\/wp-content\/uploads\/2024\/09\/buy-ambien-10mg-pills-online.jpg",600,600,false],"2048x2048":["https:\/\/legitgrams.com\/wp-content\/uploads\/2024\/09\/buy-ambien-10mg-pills-online.jpg",600,600,false],"trp-custom-language-flag":["https:\/\/legitgrams.com\/wp-content\/uploads\/2024\/09\/buy-ambien-10mg-pills-online-12x12.jpg",12,12,true],"woocommerce_thumbnail":["https:\/\/legitgrams.com\/wp-content\/uploads\/2024\/09\/buy-ambien-10mg-pills-online-300x300.jpg",300,300,true],"woocommerce_single":["https:\/\/legitgrams.com\/wp-content\/uploads\/2024\/09\/buy-ambien-10mg-pills-online.jpg",600,600,false],"woocommerce_gallery_thumbnail":["https:\/\/legitgrams.com\/wp-content\/uploads\/2024\/09\/buy-ambien-10mg-pills-online-100x100.jpg",100,100,true]},"uagb_author_info":{"display_name":"cokeblog18","author_link":"https:\/\/legitgrams.com\/fr\/author\/"},"uagb_comment_info":0,"uagb_excerpt":"Sale of Ambien 10mg pills Buy Ambien 10 mg tablets online. Ambien is one treatment for a sleeping disorder. The prompt discharge tablet is used to help you fall asleep when you first sit on the couch. LegitGrams The product is priced per pill. The minimum order quantity is 50 pills. Make an online purchase&hellip;","_links":{"self":[{"href":"https:\/\/legitgrams.com\/fr\/wp-json\/wp\/v2\/product\/3893","targetHints":{"allow":["GET"]}}],"collection":[{"href":"https:\/\/legitgrams.com\/fr\/wp-json\/wp\/v2\/product"}],"about":[{"href":"https:\/\/legitgrams.com\/fr\/wp-json\/wp\/v2\/types\/product"}],"replies":[{"embeddable":true,"href":"https:\/\/legitgrams.com\/fr\/wp-json\/wp\/v2\/comments?post=3893"}],"wp:featuredmedia":[{"embeddable":true,"href":"https:\/\/legitgrams.com\/fr\/wp-json\/wp\/v2\/media\/5208"}],"wp:attachment":[{"href":"https:\/\/legitgrams.com\/fr\/wp-json\/wp\/v2\/media?parent=3893"}],"wp:term":[{"taxonomy":"product_brand","embeddable":true,"href":"https:\/\/legitgrams.com\/fr\/wp-json\/wp\/v2\/product_brand?post=3893"},{"taxonomy":"product_cat","embeddable":true,"href":"https:\/\/legitgrams.com\/fr\/wp-json\/wp\/v2\/product_cat?post=3893"},{"taxonomy":"product_tag","embeddable":true,"href":"https:\/\/legitgrams.com\/fr\/wp-json\/wp\/v2\/product_tag?post=3893"}],"curies":[{"name":"wp","href":"https:\/\/api.w.org\/{rel}","templated":true}]}}