{"id":3903,"date":"2024-09-20T10:44:22","date_gmt":"2024-09-20T10:44:22","guid":{"rendered":"https:\/\/legitgrams.com\/?post_type=product&#038;p=3903"},"modified":"2025-04-04T13:24:17","modified_gmt":"2025-04-04T13:24:17","slug":"psilocybe-cubensis","status":"publish","type":"product","link":"https:\/\/legitgrams.com\/fr\/produit\/psilocybe-cubensis\/","title":{"rendered":"Acheter Psilocybe Cubensis en ligne"},"content":{"rendered":"<h2>\u00a0Psilocybe Cubensis \u00e0 vendre<\/h2>\n<h3>Principaux fournisseurs de tous les champignons psych\u00e9d\u00e9liques en vente aux \u00c9tats-Unis<\/h3>\n<p><a href=\"https:\/\/legitgrams.com\/fr\/produit\/psilocybe-cubensis\/\">Psilocybine et psilocine<\/a> sont les principaux ingr\u00e9dients actifs du psilocybe cubensis, un champignon hallucinog\u00e8ne. Auparavant connu sous le nom de <a href=\"https:\/\/www.bing.com\/search?q=AcheterduPsilocybeCubensisenligne&amp;qs=n&amp;form=QBRE&amp;sp=-1&amp;lq=0&amp;pq=acheterducharashashenligne&amp;sc=9-31&amp;sk=&amp;cvid=81254F975A994EC48ACC886E95A1B4A5&amp;ghsh=0&amp;ghacc=0&amp;ghpl=\">Stropharia cubensis<\/a>, il fait partie de la famille des champignons Hymenogastraceae et est parfois appel\u00e9 champignons, champignons magiques, cubes ou chapeaux dor\u00e9s.<\/p>\n<p>The hallucinogenic compounds psilocybin, psilocin, baeocystin, and norbaeocystin are found in <a href=\"https:\/\/www.google.com\/search?q=Buy+Psilocybe+Cubensis+Online&amp;num=10&amp;sca_esv=1a2a07081c7891bb&amp;rlz=1C1RXQR_enIN1098IN1098&amp;sxsrf=AHTn8zq576AYYGVMqPS9SOzXDVxldGWK2g%3A1741323155726&amp;ei=k3vKZ5vmK4rgseMP0rbV-Q8&amp;ved=0ahUKEwjb-4qhlveLAxUKcGwGHVJbNf8Q4dUDCBA&amp;uact=5&amp;oq=Buy+Psilocybe+Cubensis+Online&amp;gs_lp=Egxnd3Mtd2l6LXNlcnAiHUJ1eSBQc2lsb2N5YmUgQ3ViZW5zaXMgT25saW5lSNkIUPEDWPEDcAN4AJABAJgBqQGgAakBqgEDMC4xuAEDyAEA-AEC-AEBmAIAoAIAmAMAiAYBkgcAoAdR&amp;sclient=gws-wiz-serp\">champignons \u00e0 psilocybine<\/a>.<\/p>\n<p>Bien que certaines quantit\u00e9s de champignons soient interdites dans de nombreux pays, ils sont n\u00e9anmoins r\u00e9colt\u00e9s et produits pour leur potentiel enth\u00e9og\u00e8ne et de drogue r\u00e9cr\u00e9ative. Le genre Psilocybe compte un grand nombre de champignons \u00e0 psilocybine, bien que les m\u00e9dicaments soient \u00e9galement pr\u00e9sents dans des esp\u00e8ces appartenant \u00e0 plusieurs autres genres. <a href=\"https:\/\/legitgrams.com\/fr\/\">LegitGrams<\/a><\/p>\n<p><a href=\"https:\/\/duckduckgo.com\/?q=Acheter+de+Psilocybe+Cubensis+en+ligne&amp;t=h_&amp;ia=web\">Champignons Psilocybe cubensis<\/a> peut \u00eatre cultiv\u00e9 \u00e0 titre personnel de diverses mani\u00e8res, depuis le PF Tek tr\u00e8s simple et \u00e0 petite \u00e9chelle jusqu'aux diverses m\u00e9thodes de \u00ab g\u00e2teau \u00bb, qui produisent une petite quantit\u00e9 de champignons, jusqu'aux approches sophistiqu\u00e9es qui utilisent les pratiques des producteurs de champignons experts.<\/p>\n<p>Si ces techniques sophistiqu\u00e9es demandent plus de temps, d'argent et d'expertise au d\u00e9part, elles permettent \u00e9galement au cultivateur consciencieux d'obtenir des r\u00e9coltes beaucoup plus importantes et plus fiables.<\/p>\n<h3>Le Psilocybe cubensis a acquis une notori\u00e9t\u00e9 particuli\u00e8re lorsque Terence McKenna et son fr\u00e8re Dennis ont publi\u00e9 Psilocybin :<\/h3>\n<p>\u00c0 leur retour de la for\u00eat amazonienne dans les ann\u00e9es 1970, ils ont r\u00e9dig\u00e9 le Guide du cultivateur de champignons magiques, promettant \u00e0 leur public que <a href=\"https:\/\/en.wikipedia.org\/wiki\/Psilocybe_cubensis\">Psilocybe cubensis<\/a> \u00e9tait l'un des champignons contenant de la psilocybine les plus faciles \u00e0 produire et offrait de nouvelles m\u00e9thodes de production de champignons \u00e0 psilocybine bas\u00e9es sur des techniques pr\u00e9existantes.<\/p>\n<h3>Impressions de spores de Psilocybe Cubensis<\/h3>\n<p>Nous disposons d'un vaste assortiment d'impressions r\u00e9alis\u00e9es \u00e0 partir de spores de champignons. Au fur et \u00e0 mesure du r\u00e9approvisionnement, les souches disponibles fluctuent, il convient donc de revenir sur le site pour d\u00e9couvrir les nouvelles souches. Les empreintes de spores sont utilis\u00e9es pour cr\u00e9er des seringues \u00e0 spores ou pour des \u00e9tudes microscopiques. Chaque spore de champignon fournie par Spores 101 est 100% st\u00e9rile au moment de l'exp\u00e9dition et est assortie d'une garantie de viabilit\u00e9.<\/p>\n<p>Nous proposons des souches de champignons de haute qualit\u00e9 dans une feuille d'aluminium pour votre commodit\u00e9.<\/p>\n<p>Psilocybe Cubensis Achat en ligne<\/p>\n<p>Psilocybe Cubensis Commande en ligne<\/p>\n<p>A vendre : Psilocybe Cubensis<\/p>\n<p>Acheter des psych\u00e9d\u00e9liques en ligne<\/p>\n<p>Vente de substances psych\u00e9d\u00e9liques<\/p>","protected":false},"excerpt":{"rendered":"<p>\u00a0Psilocybe Cubensis for Sale Leading providers of all psychedelic mushrooms for sale in the United States Psilocybin and psilocin are the main active ingredients in psilocybe cubensis, a type of hallucinogenic mushroom. Previously known as Stropharia cubensis, it is a member of the Hymenogastraceae family of fungi and is sometimes referred to as shrooms, magic &hellip;<\/p>\n<p class=\"read-more\"> <a class=\"\" href=\"https:\/\/legitgrams.com\/fr\/produit\/psilocybe-cubensis\/\"> <span class=\"screen-reader-text\">Acheter Psilocybe Cubensis en ligne<\/span> Lire la suite \"<\/a><\/p>","protected":false},"featured_media":5244,"comment_status":"open","ping_status":"closed","template":"","meta":{"_uag_custom_page_level_css":"","site-sidebar-layout":"default","site-content-layout":"default","ast-global-header-display":"","ast-main-header-display":"","ast-hfb-above-header-display":"","ast-hfb-below-header-display":"","ast-hfb-mobile-header-display":"","site-post-title":"","ast-breadcrumbs-content":"","ast-featured-img":"","footer-sml-layout":"","theme-transparent-header-meta":"default","adv-header-id-meta":"","stick-header-meta":"default","header-above-stick-meta":"","header-main-stick-meta":"","header-below-stick-meta":"","_joinchat":[]},"product_brand":[],"product_cat":[599],"product_tag":[4050,4040,617,4032,4047,4044,4039,4037,4031,4034,4042,4033,4043,4035,4045,4052,4053,4051,4048,4049,4046,625,4038,4041,4036],"class_list":{"0":"post-3903","1":"product","2":"type-product","3":"status-publish","4":"has-post-thumbnail","6":"product_cat-psilocybin-or-magic-mushrooms","7":"product_tag-best-cheap-price-psilocybe-cubensis","8":"product_tag-best-place-to-buy-psilocybe-cubensis","9":"product_tag-bulk-online","10":"product_tag-buy-psilocybe-cubensis","11":"product_tag-cheap-psilocybe-cubensis","12":"product_tag-high-quality-psilocybe-cubensis","13":"product_tag-how-to-buy-psilocybe-cubensis","14":"product_tag-order-psilocybe-cubensis","15":"product_tag-psilocybe-cubensis","16":"product_tag-psilocybe-cubensis-for-sale","17":"product_tag-psilocybe-cubensis-legally","18":"product_tag-psilocybe-cubensis-online","19":"product_tag-psilocybe-cubensis-price","20":"product_tag-psilocybe-cubensis-psilocybe-cubensis-supplier","21":"product_tag-psilocybe-cubensis-store","22":"product_tag-psilocybe-cubensis-use","23":"product_tag-psilocybe-cubensis-wiki","24":"product_tag-psilocybe-cubensis-worldwide","25":"product_tag-psilocybe-cubensiss","26":"product_tag-purcharse-psilocybe-cubensis","27":"product_tag-shop-psilocybe-cubensis","28":"product_tag-top-quality","29":"product_tag-where-to-buy-psilocybe-cubensis","30":"product_tag-where-to-order-psilocybe-cubensis","31":"product_tag-wholesale-psilocybe-cubensis","32":"desktop-align-left","33":"tablet-align-left","34":"mobile-align-left","35":"ast-product-gallery-layout-horizontal","36":"ast-product-gallery-with-no-image","37":"ast-product-single-variable","38":"ast-product-tabs-layout-horizontal","39":"ast-qv-on-image","41":"first","42":"instock","43":"shipping-taxable","44":"purchasable","45":"product-type-variable"},"yoast_head":"<!-- This site is optimized with the Yoast SEO plugin v25.9 - https:\/\/yoast.com\/wordpress\/plugins\/seo\/ -->\n<title>Psilocybe Cubensis for Sale - Order Psilocybe Cubensis Online<\/title>\n<meta name=\"description\" content=\"Find premium Psilocybe Cubensis for sale at our online store, providing a secure platform to buy Psilocybe Cubensis online with ease, catering to your research needs. Hit your order now!\" \/>\n<meta name=\"robots\" content=\"index, follow, max-snippet:-1, max-image-preview:large, max-video-preview:-1\" \/>\n<link rel=\"canonical\" href=\"https:\/\/legitgrams.com\/fr\/produit\/psilocybe-cubensis\/\" \/>\n<meta property=\"og:locale\" content=\"fr_FR\" \/>\n<meta property=\"og:type\" content=\"article\" \/>\n<meta property=\"og:title\" content=\"Psilocybe Cubensis for Sale - Order Psilocybe Cubensis Online\" \/>\n<meta property=\"og:description\" content=\"Find premium Psilocybe Cubensis for sale at our online store, providing a secure platform to buy Psilocybe Cubensis online with ease, catering to your research needs. Hit your order now!\" \/>\n<meta property=\"og:url\" content=\"https:\/\/legitgrams.com\/fr\/produit\/psilocybe-cubensis\/\" \/>\n<meta property=\"og:site_name\" content=\"Legit Grams\" \/>\n<meta property=\"article:modified_time\" content=\"2025-04-04T13:24:17+00:00\" \/>\n<meta property=\"og:image\" content=\"https:\/\/legitgrams.com\/wp-content\/uploads\/2024\/09\/psilocybe-cubensispsilocybin-or-magic-mushrooms.jpg\" \/>\n\t<meta property=\"og:image:width\" content=\"430\" \/>\n\t<meta property=\"og:image:height\" content=\"430\" \/>\n\t<meta property=\"og:image:type\" content=\"image\/jpeg\" \/>\n<meta name=\"twitter:card\" content=\"summary_large_image\" \/>\n<meta name=\"twitter:label1\" content=\"Dur\u00e9e de lecture est.\" \/>\n\t<meta name=\"twitter:data1\" content=\"2 minutes\" \/>\n<script type=\"application\/ld+json\" class=\"yoast-schema-graph\">{\"@context\":\"https:\/\/schema.org\",\"@graph\":[{\"@type\":\"WebPage\",\"@id\":\"https:\/\/legitgrams.com\/product\/psilocybe-cubensis\/\",\"url\":\"https:\/\/legitgrams.com\/product\/psilocybe-cubensis\/\",\"name\":\"Psilocybe Cubensis for Sale - Order Psilocybe Cubensis Online\",\"isPartOf\":{\"@id\":\"https:\/\/legitgrams.com\/#website\"},\"primaryImageOfPage\":{\"@id\":\"https:\/\/legitgrams.com\/product\/psilocybe-cubensis\/#primaryimage\"},\"image\":{\"@id\":\"https:\/\/legitgrams.com\/product\/psilocybe-cubensis\/#primaryimage\"},\"thumbnailUrl\":\"https:\/\/legitgrams.com\/wp-content\/uploads\/2024\/09\/psilocybe-cubensispsilocybin-or-magic-mushrooms.jpg\",\"datePublished\":\"2024-09-20T10:44:22+00:00\",\"dateModified\":\"2025-04-04T13:24:17+00:00\",\"description\":\"Find premium Psilocybe Cubensis for sale at our online store, providing a secure platform to buy Psilocybe Cubensis online with ease, catering to your research needs. Hit your order now!\",\"breadcrumb\":{\"@id\":\"https:\/\/legitgrams.com\/product\/psilocybe-cubensis\/#breadcrumb\"},\"inLanguage\":\"fr-BE\",\"potentialAction\":[{\"@type\":\"ReadAction\",\"target\":[\"https:\/\/legitgrams.com\/product\/psilocybe-cubensis\/\"]}]},{\"@type\":\"ImageObject\",\"inLanguage\":\"fr-BE\",\"@id\":\"https:\/\/legitgrams.com\/product\/psilocybe-cubensis\/#primaryimage\",\"url\":\"https:\/\/legitgrams.com\/wp-content\/uploads\/2024\/09\/psilocybe-cubensispsilocybin-or-magic-mushrooms.jpg\",\"contentUrl\":\"https:\/\/legitgrams.com\/wp-content\/uploads\/2024\/09\/psilocybe-cubensispsilocybin-or-magic-mushrooms.jpg\",\"width\":430,\"height\":430,\"caption\":\"Psilocybe Cubensis for Sale\"},{\"@type\":\"BreadcrumbList\",\"@id\":\"https:\/\/legitgrams.com\/product\/psilocybe-cubensis\/#breadcrumb\",\"itemListElement\":[{\"@type\":\"ListItem\",\"position\":1,\"name\":\"Home\",\"item\":\"https:\/\/legitgrams.com\/\"},{\"@type\":\"ListItem\",\"position\":2,\"name\":\"Shop\",\"item\":\"https:\/\/legitgrams.com\/shop\/\"},{\"@type\":\"ListItem\",\"position\":3,\"name\":\"Buy Psilocybe Cubensis Online\"}]},{\"@type\":\"WebSite\",\"@id\":\"https:\/\/legitgrams.com\/#website\",\"url\":\"https:\/\/legitgrams.com\/\",\"name\":\"Legit Grams\",\"description\":\"My WordPress Blog\",\"publisher\":{\"@id\":\"https:\/\/legitgrams.com\/#organization\"},\"potentialAction\":[{\"@type\":\"SearchAction\",\"target\":{\"@type\":\"EntryPoint\",\"urlTemplate\":\"https:\/\/legitgrams.com\/?s={search_term_string}\"},\"query-input\":{\"@type\":\"PropertyValueSpecification\",\"valueRequired\":true,\"valueName\":\"search_term_string\"}}],\"inLanguage\":\"fr-BE\"},{\"@type\":\"Organization\",\"@id\":\"https:\/\/legitgrams.com\/#organization\",\"name\":\"Legit Grams\",\"url\":\"https:\/\/legitgrams.com\/\",\"logo\":{\"@type\":\"ImageObject\",\"inLanguage\":\"fr-BE\",\"@id\":\"https:\/\/legitgrams.com\/#\/schema\/logo\/image\/\",\"url\":\"https:\/\/legitgrams.com\/wp-content\/uploads\/2024\/09\/main-logo.png\",\"contentUrl\":\"https:\/\/legitgrams.com\/wp-content\/uploads\/2024\/09\/main-logo.png\",\"width\":270,\"height\":75,\"caption\":\"Legit Grams\"},\"image\":{\"@id\":\"https:\/\/legitgrams.com\/#\/schema\/logo\/image\/\"}}]}<\/script>\n<!-- \/ Yoast SEO plugin. -->","yoast_head_json":{"title":"Psilocybe Cubensis \u00e0 vendre - Commandez Psilocybe Cubensis en ligne","description":"Trouvez Psilocybe Cubensis de premi\u00e8re qualit\u00e9 en vente dans notre magasin en ligne, qui fournit une plate-forme s\u00e9curis\u00e9e pour acheter Psilocybe Cubensis en ligne avec facilit\u00e9, en r\u00e9pondant \u00e0 vos besoins de recherche. Passez votre commande maintenant !","robots":{"index":"index","follow":"follow","max-snippet":"max-snippet:-1","max-image-preview":"max-image-preview:large","max-video-preview":"max-video-preview:-1"},"canonical":"https:\/\/legitgrams.com\/fr\/produit\/psilocybe-cubensis\/","og_locale":"fr_FR","og_type":"article","og_title":"Psilocybe Cubensis for Sale - Order Psilocybe Cubensis Online","og_description":"Find premium Psilocybe Cubensis for sale at our online store, providing a secure platform to buy Psilocybe Cubensis online with ease, catering to your research needs. Hit your order now!","og_url":"https:\/\/legitgrams.com\/fr\/produit\/psilocybe-cubensis\/","og_site_name":"Legit Grams","article_modified_time":"2025-04-04T13:24:17+00:00","og_image":[{"width":430,"height":430,"url":"https:\/\/legitgrams.com\/wp-content\/uploads\/2024\/09\/psilocybe-cubensispsilocybin-or-magic-mushrooms.jpg","type":"image\/jpeg"}],"twitter_card":"summary_large_image","twitter_misc":{"Dur\u00e9e de lecture est.":"2 minutes"},"schema":{"@context":"https:\/\/schema.org","@graph":[{"@type":"WebPage","@id":"https:\/\/legitgrams.com\/product\/psilocybe-cubensis\/","url":"https:\/\/legitgrams.com\/product\/psilocybe-cubensis\/","name":"Psilocybe Cubensis \u00e0 vendre - Commandez Psilocybe Cubensis en ligne","isPartOf":{"@id":"https:\/\/legitgrams.com\/#website"},"primaryImageOfPage":{"@id":"https:\/\/legitgrams.com\/product\/psilocybe-cubensis\/#primaryimage"},"image":{"@id":"https:\/\/legitgrams.com\/product\/psilocybe-cubensis\/#primaryimage"},"thumbnailUrl":"https:\/\/legitgrams.com\/wp-content\/uploads\/2024\/09\/psilocybe-cubensispsilocybin-or-magic-mushrooms.jpg","datePublished":"2024-09-20T10:44:22+00:00","dateModified":"2025-04-04T13:24:17+00:00","description":"Trouvez Psilocybe Cubensis de premi\u00e8re qualit\u00e9 en vente dans notre magasin en ligne, qui fournit une plate-forme s\u00e9curis\u00e9e pour acheter Psilocybe Cubensis en ligne avec facilit\u00e9, en r\u00e9pondant \u00e0 vos besoins de recherche. Passez votre commande maintenant !","breadcrumb":{"@id":"https:\/\/legitgrams.com\/product\/psilocybe-cubensis\/#breadcrumb"},"inLanguage":"fr-BE","potentialAction":[{"@type":"ReadAction","target":["https:\/\/legitgrams.com\/product\/psilocybe-cubensis\/"]}]},{"@type":"ImageObject","inLanguage":"fr-BE","@id":"https:\/\/legitgrams.com\/product\/psilocybe-cubensis\/#primaryimage","url":"https:\/\/legitgrams.com\/wp-content\/uploads\/2024\/09\/psilocybe-cubensispsilocybin-or-magic-mushrooms.jpg","contentUrl":"https:\/\/legitgrams.com\/wp-content\/uploads\/2024\/09\/psilocybe-cubensispsilocybin-or-magic-mushrooms.jpg","width":430,"height":430,"caption":"Psilocybe Cubensis for Sale"},{"@type":"BreadcrumbList","@id":"https:\/\/legitgrams.com\/product\/psilocybe-cubensis\/#breadcrumb","itemListElement":[{"@type":"ListItem","position":1,"name":"Home","item":"https:\/\/legitgrams.com\/"},{"@type":"ListItem","position":2,"name":"Shop","item":"https:\/\/legitgrams.com\/shop\/"},{"@type":"ListItem","position":3,"name":"Buy Psilocybe Cubensis Online"}]},{"@type":"WebSite","@id":"https:\/\/legitgrams.com\/#website","url":"https:\/\/legitgrams.com\/","name":"Les grammes l\u00e9gitimes","description":"Mon blog WordPress","publisher":{"@id":"https:\/\/legitgrams.com\/#organization"},"potentialAction":[{"@type":"SearchAction","target":{"@type":"EntryPoint","urlTemplate":"https:\/\/legitgrams.com\/?s={search_term_string}"},"query-input":{"@type":"PropertyValueSpecification","valueRequired":true,"valueName":"search_term_string"}}],"inLanguage":"fr-BE"},{"@type":"Organization","@id":"https:\/\/legitgrams.com\/#organization","name":"Les grammes l\u00e9gitimes","url":"https:\/\/legitgrams.com\/","logo":{"@type":"ImageObject","inLanguage":"fr-BE","@id":"https:\/\/legitgrams.com\/#\/schema\/logo\/image\/","url":"https:\/\/legitgrams.com\/wp-content\/uploads\/2024\/09\/main-logo.png","contentUrl":"https:\/\/legitgrams.com\/wp-content\/uploads\/2024\/09\/main-logo.png","width":270,"height":75,"caption":"Legit Grams"},"image":{"@id":"https:\/\/legitgrams.com\/#\/schema\/logo\/image\/"}}]}},"uagb_featured_image_src":{"full":["https:\/\/legitgrams.com\/wp-content\/uploads\/2024\/09\/psilocybe-cubensispsilocybin-or-magic-mushrooms.jpg",430,430,false],"thumbnail":["https:\/\/legitgrams.com\/wp-content\/uploads\/2024\/09\/psilocybe-cubensispsilocybin-or-magic-mushrooms-150x150.jpg",150,150,true],"medium":["https:\/\/legitgrams.com\/wp-content\/uploads\/2024\/09\/psilocybe-cubensispsilocybin-or-magic-mushrooms-300x300.jpg",300,300,true],"medium_large":["https:\/\/legitgrams.com\/wp-content\/uploads\/2024\/09\/psilocybe-cubensispsilocybin-or-magic-mushrooms.jpg",430,430,false],"large":["https:\/\/legitgrams.com\/wp-content\/uploads\/2024\/09\/psilocybe-cubensispsilocybin-or-magic-mushrooms.jpg",430,430,false],"1536x1536":["https:\/\/legitgrams.com\/wp-content\/uploads\/2024\/09\/psilocybe-cubensispsilocybin-or-magic-mushrooms.jpg",430,430,false],"2048x2048":["https:\/\/legitgrams.com\/wp-content\/uploads\/2024\/09\/psilocybe-cubensispsilocybin-or-magic-mushrooms.jpg",430,430,false],"trp-custom-language-flag":["https:\/\/legitgrams.com\/wp-content\/uploads\/2024\/09\/psilocybe-cubensispsilocybin-or-magic-mushrooms-12x12.jpg",12,12,true],"woocommerce_thumbnail":["https:\/\/legitgrams.com\/wp-content\/uploads\/2024\/09\/psilocybe-cubensispsilocybin-or-magic-mushrooms-300x300.jpg",300,300,true],"woocommerce_single":["https:\/\/legitgrams.com\/wp-content\/uploads\/2024\/09\/psilocybe-cubensispsilocybin-or-magic-mushrooms.jpg",430,430,false],"woocommerce_gallery_thumbnail":["https:\/\/legitgrams.com\/wp-content\/uploads\/2024\/09\/psilocybe-cubensispsilocybin-or-magic-mushrooms-100x100.jpg",100,100,true]},"uagb_author_info":{"display_name":"cokeblog18","author_link":"https:\/\/legitgrams.com\/fr\/author\/"},"uagb_comment_info":8,"uagb_excerpt":"\u00a0Psilocybe Cubensis for Sale Leading providers of all psychedelic mushrooms for sale in the United States Psilocybin and psilocin are the main active ingredients in psilocybe cubensis, a type of hallucinogenic mushroom. Previously known as Stropharia cubensis, it is a member of the Hymenogastraceae family of fungi and is sometimes referred to as shrooms, magic&hellip;","_links":{"self":[{"href":"https:\/\/legitgrams.com\/fr\/wp-json\/wp\/v2\/product\/3903","targetHints":{"allow":["GET"]}}],"collection":[{"href":"https:\/\/legitgrams.com\/fr\/wp-json\/wp\/v2\/product"}],"about":[{"href":"https:\/\/legitgrams.com\/fr\/wp-json\/wp\/v2\/types\/product"}],"replies":[{"embeddable":true,"href":"https:\/\/legitgrams.com\/fr\/wp-json\/wp\/v2\/comments?post=3903"}],"wp:featuredmedia":[{"embeddable":true,"href":"https:\/\/legitgrams.com\/fr\/wp-json\/wp\/v2\/media\/5244"}],"wp:attachment":[{"href":"https:\/\/legitgrams.com\/fr\/wp-json\/wp\/v2\/media?parent=3903"}],"wp:term":[{"taxonomy":"product_brand","embeddable":true,"href":"https:\/\/legitgrams.com\/fr\/wp-json\/wp\/v2\/product_brand?post=3903"},{"taxonomy":"product_cat","embeddable":true,"href":"https:\/\/legitgrams.com\/fr\/wp-json\/wp\/v2\/product_cat?post=3903"},{"taxonomy":"product_tag","embeddable":true,"href":"https:\/\/legitgrams.com\/fr\/wp-json\/wp\/v2\/product_tag?post=3903"}],"curies":[{"name":"wp","href":"https:\/\/api.w.org\/{rel}","templated":true}]}}