{"id":3933,"date":"2024-09-20T11:47:41","date_gmt":"2024-09-20T11:47:41","guid":{"rendered":"https:\/\/legitgrams.com\/?post_type=product&#038;p=3933"},"modified":"2025-01-14T05:50:12","modified_gmt":"2025-01-14T05:50:12","slug":"hdep-28-novel-ethylnaphthidate-1-oz","status":"publish","type":"product","link":"https:\/\/legitgrams.com\/fr\/produit\/hdep-28-novel-ethylnaphthidate-1-oz\/","title":{"rendered":"hdep-28 Novel Ethylnaphthidate 1 oz"},"content":{"rendered":"<h2>Achetez 1 oz de nouveau \u00e9thylnaphthidate hdep-28 en ligne.<\/h2>\n<p>Il est commun\u00e9ment sugg\u00e9r\u00e9 qu'il s'agit d'un \u00e9nergisant entactog\u00e8ne, le 3,4-m\u00e9thyl\u00e8nedioxy-N-\u00e9thylcathinone. Le nom productif de l'\u00e9thylone est 1-(1,3-benzodioxol-5-yl)-2-(\u00e9thylamino)-1-propanone. La formule sous-nucl\u00e9aire est C12H15NO3, avec une masse ordinaire de 221,251999 Da et une masse monoisotopique de 221,104996 Da. Achetez de la porcelaine contenant de l'\u00e9thyl\u00e8ne. Une pierre ch\u00e8re qui peut \u00eatre achet\u00e9e est l'\u00e9thylone. Investissez dans des pierres rares \u00e0 base d'\u00e9thyl\u00e8ne. distributeur d'\u00e9thylone. Achetez de l'\u00e9thylone \u00e0 prix r\u00e9duit. remboursement \u00c9thyl\u00e8ne<\/p>\n<p>ChemAxon et ACD\/Labs ont travaill\u00e9 ensemble pour terminer l'\u00e9valuation de l'Ethylone. ACD\/Labs a anticip\u00e9 les propri\u00e9t\u00e9s suivantes : un enregistrement de r\u00e9fraction \u00e0 1,54 avec un facteur de pression de surface de 44,3470001220703 dyne\/cm, quatre accepteurs de s\u00e9curit\u00e9 #H, quatre s\u00e9curit\u00e9s #Freely turns, une motivation d'\u00e9clatement derri\u00e8re 172,845 \u00b0C et une restriction de 362,188 \u00b0C \u00e0 760 mmHg<\/p>\n<h3>Il s\u2019agit d\u2019une pratique normale pour les applications de recherche et de logique.<\/h3>\n<p>Cet article a \u00e9t\u00e9 cr\u00e9\u00e9 dans le but de r\u00e9pondre aux normes du Guide 34:2009 et ISO17025:2005.<\/p>\n<p>Nous sommes la meilleure association et avons des liens rapides avec un grand nombre de fournisseurs et de fabricants dans le monde entier. Nous offrons toujours \u00e0 nos clients les meilleurs produits de qualit\u00e9 pour les \u00e9valuations ! C'est essentiellement la m\u00eame chose que nous attendons habituellement des acquisitions.<\/p>\n<p>Gr\u00e2ce \u00e0 cela, nous pouvons acheter les meilleurs produits aux meilleurs prix et vous faire profiter de ces \u00e9conomies !<\/p>\n<p>Nous vendons uniquement les meilleurs produits et nous demandons \u00e0 tous nos clients de proc\u00e9der \u00e0 un GC\/MS de leurs achats pour garantir leur authenticit\u00e9 et leur exactitude. Nous effectuons nos propres tests sur chaque exp\u00e9dition pour nous assurer qu'il n'y a pas de pi\u00e8ces d\u00e9fectueuses et que nos clients re\u00e7oivent exactement ce qu'ils ont command\u00e9. Nous sommes fiers de notre capacit\u00e9 \u00e0 satisfaire nos clients. <a style=\"font-size: 16px; background-color: #ffffff;\" href=\"https:\/\/legitgrams.com\/fr\/\">LegitGrams<\/a><\/p>\n<p>Notre capacit\u00e9 \u00e0 faire des affaires avec vous d\u00e9pend de notre capacit\u00e9 \u00e0 g\u00e9rer pleinement et en coop\u00e9ration chaque demande, quelle que soit sa nature. Nous travaillons dur pour vous fournir les meilleurs m\u00e9dicaments et feux d'artifice d\u00e9licats aux meilleurs prix, ainsi que le transport le plus secret possible, et nous ne manquons jamais de r\u00e9soudre tout probl\u00e8me ! Si cela ne s'av\u00e8re pas trop difficile, soyez s\u00fbr et confiant lorsque vous faites votre demande !<\/p>\n<p>Nous avons fait preuve d\u2019une grande solidit\u00e9 et si vous nous gardez \u00e0 vos c\u00f4t\u00e9s, vous pourrez compter sur nous et faire des affaires avec nous \u00e0 chaque fois que vous nous ouvrirez la porte ! Nous ne vous laisserons pas \u00e9chouer.<\/p>\n<p>Nous fournissons les num\u00e9ros d'accompagnement apr\u00e8s la livraison du colis, afin que vous puissiez suivre la progression de votre colis.<\/p>\n<p>Acheter <a href=\"https:\/\/en.wikipedia.org\/wiki\/HDEP-28\">hdep-28<\/a> Novel Ethylnaphthidate 1 oz en ligne \u2013 acheter hdep-28 Novel, acheter <a href=\"https:\/\/legitgrams.com\/fr\/produit\/hdep-28-novel-ethylnaphthidate-1-oz\/\">hdep-28 Novel Ethylnaphthidate 1 oz<\/a>, acheter hdep-28 Novel en ligne, o\u00f9 acheter hdep-28 Novel Ethylnaphthidate 1 oz, hdep-28 Novel Ethylnaphthidate 1 oz \u00e0 vendre, hdep-28 Novel \u00e0 vendre, acheter Ethylnaphthidate 1 oz en ligne, fournisseurs, livraison s\u00e9curis\u00e9e, Hdep-28 Novel Ethylnaphthidate 1 oz est toujours disponible. De plus, vous pouvez apprendre comment l'obtenir, s'il est l\u00e9gal au Canada, s'il est l\u00e9gal aux \u00c9tats-Unis et s'il peut \u00eatre achet\u00e9 en ligne aux \u00c9tats-Unis.<\/p>","protected":false},"excerpt":{"rendered":"<p>Purchase 1 oz of hdep-28 Novel Ethylnaphthidate online. It is commonly suggested to be an entactogen energizer, 3,4-methylenedioxy-N-ethylcathinone. Ethylone&#8217;s productive name is 1-(1,3-Benzodioxol-5-yl)- 2-(ethylamino)- 1-propanone. The sub-nuclear formula is C12H15NO3, with an ordinary mass of 221.251999 Da and a monoisotopic mass of 221.104996 Da. Buy china that contains ethylene. One expensive stone that can be &hellip;<\/p>\n<p class=\"read-more\"> <a class=\"\" href=\"https:\/\/legitgrams.com\/fr\/produit\/hdep-28-novel-ethylnaphthidate-1-oz\/\"> <span class=\"screen-reader-text\">hdep-28 Novel Ethylnaphthidate 1 oz<\/span> Lire la suite \"<\/a><\/p>","protected":false},"featured_media":5280,"comment_status":"open","ping_status":"closed","template":"","meta":{"_uag_custom_page_level_css":"","site-sidebar-layout":"default","site-content-layout":"default","ast-global-header-display":"","ast-main-header-display":"","ast-hfb-above-header-display":"","ast-hfb-below-header-display":"","ast-hfb-mobile-header-display":"","site-post-title":"","ast-breadcrumbs-content":"","ast-featured-img":"","footer-sml-layout":"","theme-transparent-header-meta":"default","adv-header-id-meta":"","stick-header-meta":"default","header-above-stick-meta":"","header-main-stick-meta":"","header-below-stick-meta":"","_joinchat":[]},"product_brand":[],"product_cat":[600],"product_tag":[3705,3695,617,3687,3702,3686,3689,3690,3697,3688,3698,3700,3707,3708,3706,3703,3699,3694,3692,3704,3701,625,3693,3696,3691],"class_list":{"0":"post-3933","1":"product","2":"type-product","3":"status-publish","4":"has-post-thumbnail","6":"product_cat-research-chemicals-and-bath-salt","7":"product_tag-best-cheap-price-hdep-28-novel-ethylnaphthidate-1-oz","8":"product_tag-best-place-to-buy-hdep-28-novel-ethylnaphthidate-1-oz","9":"product_tag-bulk-online","10":"product_tag-buy-hdep-28-novel-ethylnaphthidate-1-oz","11":"product_tag-cheap-hdep-28-novel-ethylnaphthidate-1-oz","12":"product_tag-hdep-28-novel-ethylnaphthidate-1-oz","13":"product_tag-hdep-28-novel-ethylnaphthidate-1-oz-for-sale","14":"product_tag-hdep-28-novel-ethylnaphthidate-1-oz-hdep-28-novel-ethylnaphthidate-1-oz-supplier","15":"product_tag-hdep-28-novel-ethylnaphthidate-1-oz-legally","16":"product_tag-hdep-28-novel-ethylnaphthidate-1-oz-online","17":"product_tag-hdep-28-novel-ethylnaphthidate-1-oz-price","18":"product_tag-hdep-28-novel-ethylnaphthidate-1-oz-store","19":"product_tag-hdep-28-novel-ethylnaphthidate-1-oz-use","20":"product_tag-hdep-28-novel-ethylnaphthidate-1-oz-wiki","21":"product_tag-hdep-28-novel-ethylnaphthidate-1-oz-worldwide","22":"product_tag-hdep-28-novel-ethylnaphthidate-1-ozs","23":"product_tag-high-quality-hdep-28-novel-ethylnaphthidate-1-oz","24":"product_tag-how-to-buy-hdep-28-novel-ethylnaphthidate-1-oz","25":"product_tag-order-hdep-28-novel-ethylnaphthidate-1-oz","26":"product_tag-purcharse-hdep-28-novel-ethylnaphthidate-1-oz","27":"product_tag-shop-hdep-28-novel-ethylnaphthidate-1-oz","28":"product_tag-top-quality","29":"product_tag-where-to-buy-hdep-28-novel-ethylnaphthidate-1-oz","30":"product_tag-where-to-order-hdep-28-novel-ethylnaphthidate-1-oz","31":"product_tag-wholesale-hdep-28-novel-ethylnaphthidate-1-oz","32":"desktop-align-left","33":"tablet-align-left","34":"mobile-align-left","35":"ast-product-gallery-layout-horizontal","36":"ast-product-gallery-with-no-image","37":"ast-product-single-variable","38":"ast-product-tabs-layout-horizontal","39":"ast-qv-on-image","41":"first","42":"instock","43":"shipping-taxable","44":"purchasable","45":"product-type-variable"},"yoast_head":"<!-- This site is optimized with the Yoast SEO plugin v25.9 - https:\/\/yoast.com\/wordpress\/plugins\/seo\/ -->\n<title>HDEP-28 Novel Ethylnaphthidate for Sale Online at Best Price<\/title>\n<meta name=\"description\" content=\"If you have not tried HDEP-28 Novel Ethylnaphthidate from our store, then you are missing a lot. We will help you buy HDEP-28 Novel Ethylnaphthidate online at cheap rates. Get HDEP-28 Novel Ethylnaphthidate for sale today!\" \/>\n<meta name=\"robots\" content=\"index, follow, max-snippet:-1, max-image-preview:large, max-video-preview:-1\" \/>\n<link rel=\"canonical\" href=\"https:\/\/legitgrams.com\/fr\/produit\/hdep-28-novel-ethylnaphthidate-1-oz\/\" \/>\n<meta property=\"og:locale\" content=\"fr_FR\" \/>\n<meta property=\"og:type\" content=\"article\" \/>\n<meta property=\"og:title\" content=\"HDEP-28 Novel Ethylnaphthidate for Sale Online at Best Price\" \/>\n<meta property=\"og:description\" content=\"If you have not tried HDEP-28 Novel Ethylnaphthidate from our store, then you are missing a lot. We will help you buy HDEP-28 Novel Ethylnaphthidate online at cheap rates. Get HDEP-28 Novel Ethylnaphthidate for sale today!\" \/>\n<meta property=\"og:url\" content=\"https:\/\/legitgrams.com\/fr\/produit\/hdep-28-novel-ethylnaphthidate-1-oz\/\" \/>\n<meta property=\"og:site_name\" content=\"Legit Grams\" \/>\n<meta property=\"article:modified_time\" content=\"2025-01-14T05:50:12+00:00\" \/>\n<meta property=\"og:image\" content=\"https:\/\/legitgrams.com\/wp-content\/uploads\/2024\/09\/buy-hdep-28-novel-ethylnaphthidate-1-oz.jpg\" \/>\n\t<meta property=\"og:image:width\" content=\"600\" \/>\n\t<meta property=\"og:image:height\" content=\"600\" \/>\n\t<meta property=\"og:image:type\" content=\"image\/jpeg\" \/>\n<meta name=\"twitter:card\" content=\"summary_large_image\" \/>\n<meta name=\"twitter:label1\" content=\"Dur\u00e9e de lecture est.\" \/>\n\t<meta name=\"twitter:data1\" content=\"3 minutes\" \/>\n<script type=\"application\/ld+json\" class=\"yoast-schema-graph\">{\"@context\":\"https:\/\/schema.org\",\"@graph\":[{\"@type\":\"WebPage\",\"@id\":\"https:\/\/legitgrams.com\/product\/hdep-28-novel-ethylnaphthidate-1-oz\/\",\"url\":\"https:\/\/legitgrams.com\/product\/hdep-28-novel-ethylnaphthidate-1-oz\/\",\"name\":\"HDEP-28 Novel Ethylnaphthidate for Sale Online at Best Price\",\"isPartOf\":{\"@id\":\"https:\/\/legitgrams.com\/#website\"},\"primaryImageOfPage\":{\"@id\":\"https:\/\/legitgrams.com\/product\/hdep-28-novel-ethylnaphthidate-1-oz\/#primaryimage\"},\"image\":{\"@id\":\"https:\/\/legitgrams.com\/product\/hdep-28-novel-ethylnaphthidate-1-oz\/#primaryimage\"},\"thumbnailUrl\":\"https:\/\/legitgrams.com\/wp-content\/uploads\/2024\/09\/buy-hdep-28-novel-ethylnaphthidate-1-oz.jpg\",\"datePublished\":\"2024-09-20T11:47:41+00:00\",\"dateModified\":\"2025-01-14T05:50:12+00:00\",\"description\":\"If you have not tried HDEP-28 Novel Ethylnaphthidate from our store, then you are missing a lot. We will help you buy HDEP-28 Novel Ethylnaphthidate online at cheap rates. Get HDEP-28 Novel Ethylnaphthidate for sale today!\",\"breadcrumb\":{\"@id\":\"https:\/\/legitgrams.com\/product\/hdep-28-novel-ethylnaphthidate-1-oz\/#breadcrumb\"},\"inLanguage\":\"fr-BE\",\"potentialAction\":[{\"@type\":\"ReadAction\",\"target\":[\"https:\/\/legitgrams.com\/product\/hdep-28-novel-ethylnaphthidate-1-oz\/\"]}]},{\"@type\":\"ImageObject\",\"inLanguage\":\"fr-BE\",\"@id\":\"https:\/\/legitgrams.com\/product\/hdep-28-novel-ethylnaphthidate-1-oz\/#primaryimage\",\"url\":\"https:\/\/legitgrams.com\/wp-content\/uploads\/2024\/09\/buy-hdep-28-novel-ethylnaphthidate-1-oz.jpg\",\"contentUrl\":\"https:\/\/legitgrams.com\/wp-content\/uploads\/2024\/09\/buy-hdep-28-novel-ethylnaphthidate-1-oz.jpg\",\"width\":600,\"height\":600,\"caption\":\"HDEP-28 Novel Ethylnaphthidate for Sale\"},{\"@type\":\"BreadcrumbList\",\"@id\":\"https:\/\/legitgrams.com\/product\/hdep-28-novel-ethylnaphthidate-1-oz\/#breadcrumb\",\"itemListElement\":[{\"@type\":\"ListItem\",\"position\":1,\"name\":\"Home\",\"item\":\"https:\/\/legitgrams.com\/\"},{\"@type\":\"ListItem\",\"position\":2,\"name\":\"Shop\",\"item\":\"https:\/\/legitgrams.com\/shop\/\"},{\"@type\":\"ListItem\",\"position\":3,\"name\":\"hdep-28 Novel Ethylnaphthidate 1 oz\"}]},{\"@type\":\"WebSite\",\"@id\":\"https:\/\/legitgrams.com\/#website\",\"url\":\"https:\/\/legitgrams.com\/\",\"name\":\"Legit Grams\",\"description\":\"My WordPress Blog\",\"publisher\":{\"@id\":\"https:\/\/legitgrams.com\/#organization\"},\"potentialAction\":[{\"@type\":\"SearchAction\",\"target\":{\"@type\":\"EntryPoint\",\"urlTemplate\":\"https:\/\/legitgrams.com\/?s={search_term_string}\"},\"query-input\":{\"@type\":\"PropertyValueSpecification\",\"valueRequired\":true,\"valueName\":\"search_term_string\"}}],\"inLanguage\":\"fr-BE\"},{\"@type\":\"Organization\",\"@id\":\"https:\/\/legitgrams.com\/#organization\",\"name\":\"Legit Grams\",\"url\":\"https:\/\/legitgrams.com\/\",\"logo\":{\"@type\":\"ImageObject\",\"inLanguage\":\"fr-BE\",\"@id\":\"https:\/\/legitgrams.com\/#\/schema\/logo\/image\/\",\"url\":\"https:\/\/legitgrams.com\/wp-content\/uploads\/2024\/09\/main-logo.png\",\"contentUrl\":\"https:\/\/legitgrams.com\/wp-content\/uploads\/2024\/09\/main-logo.png\",\"width\":270,\"height\":75,\"caption\":\"Legit Grams\"},\"image\":{\"@id\":\"https:\/\/legitgrams.com\/#\/schema\/logo\/image\/\"}}]}<\/script>\n<!-- \/ Yoast SEO plugin. -->","yoast_head_json":{"title":"HDEP-28 Novel Ethylnaphthidate for Sale Online at Best Price","description":"Si vous n'avez pas encore essay\u00e9 HDEP-28 Novel Ethylnaphthidate dans notre magasin, alors vous manquez beaucoup. Nous vous aidons \u00e0 acheter HDEP-28 Novel Ethylnaphthidate en ligne \u00e0 des prix avantageux. Obtenez HDEP-28 Novel Ethylnaphthidate en vente aujourd'hui !","robots":{"index":"index","follow":"follow","max-snippet":"max-snippet:-1","max-image-preview":"max-image-preview:large","max-video-preview":"max-video-preview:-1"},"canonical":"https:\/\/legitgrams.com\/fr\/produit\/hdep-28-novel-ethylnaphthidate-1-oz\/","og_locale":"fr_FR","og_type":"article","og_title":"HDEP-28 Novel Ethylnaphthidate for Sale Online at Best Price","og_description":"If you have not tried HDEP-28 Novel Ethylnaphthidate from our store, then you are missing a lot. We will help you buy HDEP-28 Novel Ethylnaphthidate online at cheap rates. Get HDEP-28 Novel Ethylnaphthidate for sale today!","og_url":"https:\/\/legitgrams.com\/fr\/produit\/hdep-28-novel-ethylnaphthidate-1-oz\/","og_site_name":"Legit Grams","article_modified_time":"2025-01-14T05:50:12+00:00","og_image":[{"width":600,"height":600,"url":"https:\/\/legitgrams.com\/wp-content\/uploads\/2024\/09\/buy-hdep-28-novel-ethylnaphthidate-1-oz.jpg","type":"image\/jpeg"}],"twitter_card":"summary_large_image","twitter_misc":{"Dur\u00e9e de lecture est.":"3 minutes"},"schema":{"@context":"https:\/\/schema.org","@graph":[{"@type":"WebPage","@id":"https:\/\/legitgrams.com\/product\/hdep-28-novel-ethylnaphthidate-1-oz\/","url":"https:\/\/legitgrams.com\/product\/hdep-28-novel-ethylnaphthidate-1-oz\/","name":"HDEP-28 Novel Ethylnaphthidate for Sale Online at Best Price","isPartOf":{"@id":"https:\/\/legitgrams.com\/#website"},"primaryImageOfPage":{"@id":"https:\/\/legitgrams.com\/product\/hdep-28-novel-ethylnaphthidate-1-oz\/#primaryimage"},"image":{"@id":"https:\/\/legitgrams.com\/product\/hdep-28-novel-ethylnaphthidate-1-oz\/#primaryimage"},"thumbnailUrl":"https:\/\/legitgrams.com\/wp-content\/uploads\/2024\/09\/buy-hdep-28-novel-ethylnaphthidate-1-oz.jpg","datePublished":"2024-09-20T11:47:41+00:00","dateModified":"2025-01-14T05:50:12+00:00","description":"Si vous n'avez pas encore essay\u00e9 HDEP-28 Novel Ethylnaphthidate dans notre magasin, alors vous manquez beaucoup. Nous vous aidons \u00e0 acheter HDEP-28 Novel Ethylnaphthidate en ligne \u00e0 des prix avantageux. Obtenez HDEP-28 Novel Ethylnaphthidate en vente aujourd'hui !","breadcrumb":{"@id":"https:\/\/legitgrams.com\/product\/hdep-28-novel-ethylnaphthidate-1-oz\/#breadcrumb"},"inLanguage":"fr-BE","potentialAction":[{"@type":"ReadAction","target":["https:\/\/legitgrams.com\/product\/hdep-28-novel-ethylnaphthidate-1-oz\/"]}]},{"@type":"ImageObject","inLanguage":"fr-BE","@id":"https:\/\/legitgrams.com\/product\/hdep-28-novel-ethylnaphthidate-1-oz\/#primaryimage","url":"https:\/\/legitgrams.com\/wp-content\/uploads\/2024\/09\/buy-hdep-28-novel-ethylnaphthidate-1-oz.jpg","contentUrl":"https:\/\/legitgrams.com\/wp-content\/uploads\/2024\/09\/buy-hdep-28-novel-ethylnaphthidate-1-oz.jpg","width":600,"height":600,"caption":"HDEP-28 Novel Ethylnaphthidate for Sale"},{"@type":"BreadcrumbList","@id":"https:\/\/legitgrams.com\/product\/hdep-28-novel-ethylnaphthidate-1-oz\/#breadcrumb","itemListElement":[{"@type":"ListItem","position":1,"name":"Home","item":"https:\/\/legitgrams.com\/"},{"@type":"ListItem","position":2,"name":"Shop","item":"https:\/\/legitgrams.com\/shop\/"},{"@type":"ListItem","position":3,"name":"hdep-28 Novel Ethylnaphthidate 1 oz"}]},{"@type":"WebSite","@id":"https:\/\/legitgrams.com\/#website","url":"https:\/\/legitgrams.com\/","name":"Les grammes l\u00e9gitimes","description":"Mon blog WordPress","publisher":{"@id":"https:\/\/legitgrams.com\/#organization"},"potentialAction":[{"@type":"SearchAction","target":{"@type":"EntryPoint","urlTemplate":"https:\/\/legitgrams.com\/?s={search_term_string}"},"query-input":{"@type":"PropertyValueSpecification","valueRequired":true,"valueName":"search_term_string"}}],"inLanguage":"fr-BE"},{"@type":"Organization","@id":"https:\/\/legitgrams.com\/#organization","name":"Les grammes l\u00e9gitimes","url":"https:\/\/legitgrams.com\/","logo":{"@type":"ImageObject","inLanguage":"fr-BE","@id":"https:\/\/legitgrams.com\/#\/schema\/logo\/image\/","url":"https:\/\/legitgrams.com\/wp-content\/uploads\/2024\/09\/main-logo.png","contentUrl":"https:\/\/legitgrams.com\/wp-content\/uploads\/2024\/09\/main-logo.png","width":270,"height":75,"caption":"Legit Grams"},"image":{"@id":"https:\/\/legitgrams.com\/#\/schema\/logo\/image\/"}}]}},"uagb_featured_image_src":{"full":["https:\/\/legitgrams.com\/wp-content\/uploads\/2024\/09\/buy-hdep-28-novel-ethylnaphthidate-1-oz.jpg",600,600,false],"thumbnail":["https:\/\/legitgrams.com\/wp-content\/uploads\/2024\/09\/buy-hdep-28-novel-ethylnaphthidate-1-oz-150x150.jpg",150,150,true],"medium":["https:\/\/legitgrams.com\/wp-content\/uploads\/2024\/09\/buy-hdep-28-novel-ethylnaphthidate-1-oz-300x300.jpg",300,300,true],"medium_large":["https:\/\/legitgrams.com\/wp-content\/uploads\/2024\/09\/buy-hdep-28-novel-ethylnaphthidate-1-oz.jpg",600,600,false],"large":["https:\/\/legitgrams.com\/wp-content\/uploads\/2024\/09\/buy-hdep-28-novel-ethylnaphthidate-1-oz.jpg",600,600,false],"1536x1536":["https:\/\/legitgrams.com\/wp-content\/uploads\/2024\/09\/buy-hdep-28-novel-ethylnaphthidate-1-oz.jpg",600,600,false],"2048x2048":["https:\/\/legitgrams.com\/wp-content\/uploads\/2024\/09\/buy-hdep-28-novel-ethylnaphthidate-1-oz.jpg",600,600,false],"trp-custom-language-flag":["https:\/\/legitgrams.com\/wp-content\/uploads\/2024\/09\/buy-hdep-28-novel-ethylnaphthidate-1-oz-12x12.jpg",12,12,true],"woocommerce_thumbnail":["https:\/\/legitgrams.com\/wp-content\/uploads\/2024\/09\/buy-hdep-28-novel-ethylnaphthidate-1-oz-300x300.jpg",300,300,true],"woocommerce_single":["https:\/\/legitgrams.com\/wp-content\/uploads\/2024\/09\/buy-hdep-28-novel-ethylnaphthidate-1-oz.jpg",600,600,false],"woocommerce_gallery_thumbnail":["https:\/\/legitgrams.com\/wp-content\/uploads\/2024\/09\/buy-hdep-28-novel-ethylnaphthidate-1-oz-100x100.jpg",100,100,true]},"uagb_author_info":{"display_name":"cokeblog18","author_link":"https:\/\/legitgrams.com\/fr\/author\/"},"uagb_comment_info":0,"uagb_excerpt":"Purchase 1 oz of hdep-28 Novel Ethylnaphthidate online. It is commonly suggested to be an entactogen energizer, 3,4-methylenedioxy-N-ethylcathinone. Ethylone&#8217;s productive name is 1-(1,3-Benzodioxol-5-yl)- 2-(ethylamino)- 1-propanone. The sub-nuclear formula is C12H15NO3, with an ordinary mass of 221.251999 Da and a monoisotopic mass of 221.104996 Da. Buy china that contains ethylene. One expensive stone that can be&hellip;","_links":{"self":[{"href":"https:\/\/legitgrams.com\/fr\/wp-json\/wp\/v2\/product\/3933","targetHints":{"allow":["GET"]}}],"collection":[{"href":"https:\/\/legitgrams.com\/fr\/wp-json\/wp\/v2\/product"}],"about":[{"href":"https:\/\/legitgrams.com\/fr\/wp-json\/wp\/v2\/types\/product"}],"replies":[{"embeddable":true,"href":"https:\/\/legitgrams.com\/fr\/wp-json\/wp\/v2\/comments?post=3933"}],"wp:featuredmedia":[{"embeddable":true,"href":"https:\/\/legitgrams.com\/fr\/wp-json\/wp\/v2\/media\/5280"}],"wp:attachment":[{"href":"https:\/\/legitgrams.com\/fr\/wp-json\/wp\/v2\/media?parent=3933"}],"wp:term":[{"taxonomy":"product_brand","embeddable":true,"href":"https:\/\/legitgrams.com\/fr\/wp-json\/wp\/v2\/product_brand?post=3933"},{"taxonomy":"product_cat","embeddable":true,"href":"https:\/\/legitgrams.com\/fr\/wp-json\/wp\/v2\/product_cat?post=3933"},{"taxonomy":"product_tag","embeddable":true,"href":"https:\/\/legitgrams.com\/fr\/wp-json\/wp\/v2\/product_tag?post=3933"}],"curies":[{"name":"wp","href":"https:\/\/api.w.org\/{rel}","templated":true}]}}