{"id":3939,"date":"2024-09-20T11:56:45","date_gmt":"2024-09-20T11:56:45","guid":{"rendered":"https:\/\/legitgrams.com\/?post_type=product&#038;p=3939"},"modified":"2025-01-15T05:38:54","modified_gmt":"2025-01-15T05:38:54","slug":"sel-de-bain-etincelant","status":"publish","type":"product","link":"https:\/\/legitgrams.com\/fr\/produit\/sel-de-bain-etincelant\/","title":{"rendered":"Sel de bain scintillant"},"content":{"rendered":"<h2>Acquista online i sali da bagno Sparkle<\/h2>\n<p>Notre stimulant <a href=\"https:\/\/en.wikipedia.org\/wiki\/Bath_salts\">sels de bain<\/a> transforme un bain agr\u00e9able en une exp\u00e9rience plus intime. Les propri\u00e9t\u00e9s purifiantes des sels de la mer Morte et des sels anglais sont associ\u00e9es aux propri\u00e9t\u00e9s adoucissantes et nourrissantes de l'argile kaolin, de la poudre de lait de coco et des prot\u00e9ines d'avoine dans cette essence de bain luxueuse. Les huiles essentielles d'eucalyptus, de gen\u00e9vrier et de lavande favorisent l'am\u00e9lioration de l'humeur, la relaxation et un meilleur sommeil.<\/p>\n<p>La bouteille en verre de 10 onces contenant les sels de bain p\u00e9tillants est recouverte d'algues tress\u00e9es. L'int\u00e9rieur du couvercle sert de gobelet de mesure du sel.<\/p>\n<p>Compostable \u00e0 la maison RECHARGE ZERO D\u00c9CHET Notre solution aux sachets de sel de bain en plastique \u00e0 usage unique est Pouch. Chaque sachet porte la certification OK HOME Austria imprim\u00e9e sur le fond pour garantir qu'il se d\u00e9compose enti\u00e8rement, m\u00eame dans le tas de compost de votre jardin.<\/p>\n<p>Dix onces de sel sont contenues dans un emballage de RECHARGE ZERO D\u00c9CHET. <a href=\"https:\/\/legitgrams.com\/fr\/\">LegitGrams<\/a><\/p>\n<p>Achat <a href=\"https:\/\/legitgrams.com\/fr\/produit\/sel-de-bain-etincelant\/\">Sel de bain scintillant<\/a> En ligne : Le sel de bain Sparkle peut \u00eatre achet\u00e9 en ligne, aux \u00c9tats-Unis, au Canada ou au Royaume-Uni. O\u00f9 acheter le sel de bain Sparkle en ligne : Les sels de bain p\u00e9tillants peuvent \u00eatre achet\u00e9s en ligne, aux \u00c9tats-Unis, au Canada ou au Royaume-Uni. Les sels de bain \u00e9tincelants peuvent \u00eatre achet\u00e9s en ligne, des fournisseurs peuvent \u00eatre trouv\u00e9s et une livraison s\u00fbre peut \u00eatre assur\u00e9e. Vous pouvez toujours acheter du sel de bain \u00e9tincelant. D\u00e9couvrez s'il est l\u00e9gal aux \u00c9tats-Unis, comment obtenir du sel de bain \u00e9tincelant et s'il est l\u00e9gal au Canada.<\/p>","protected":false},"excerpt":{"rendered":"<p>Purchase Sparkle Bath Salt Online Our stimulating bath salts turn a pleasant soak into a more intimate experience. The purifying properties of Dead Sea and English salts are combined with the skin-softening and skin-nourishing properties of kaolin clay, coconut milk powder, and oat protein in this luxurious bath essence. Essential oils including eucalyptus, juniper, and &hellip;<\/p>\n<p class=\"read-more\"> <a class=\"\" href=\"https:\/\/legitgrams.com\/fr\/produit\/sel-de-bain-etincelant\/\"> <span class=\"screen-reader-text\">Sel de bain scintillant<\/span> Lire la suite \"<\/a><\/p>","protected":false},"featured_media":5316,"comment_status":"open","ping_status":"closed","template":"","meta":{"_uag_custom_page_level_css":"","site-sidebar-layout":"default","site-content-layout":"default","ast-global-header-display":"","ast-main-header-display":"","ast-hfb-above-header-display":"","ast-hfb-below-header-display":"","ast-hfb-mobile-header-display":"","site-post-title":"","ast-breadcrumbs-content":"","ast-featured-img":"","footer-sml-layout":"","theme-transparent-header-meta":"default","adv-header-id-meta":"","stick-header-meta":"default","header-above-stick-meta":"","header-main-stick-meta":"","header-below-stick-meta":"","_joinchat":[]},"product_brand":[],"product_cat":[600],"product_tag":[3636,3626,617,3618,3633,3630,3625,3623,3635,3632,3617,3620,3628,3619,3629,3621,3631,3638,3639,3637,3634,625,3624,3627,3622],"class_list":{"0":"post-3939","1":"product","2":"type-product","3":"status-publish","4":"has-post-thumbnail","6":"product_cat-research-chemicals-and-bath-salt","7":"product_tag-best-cheap-price-sparkle-bath-salt","8":"product_tag-best-place-to-buy-sparkle-bath-salt","9":"product_tag-bulk-online","10":"product_tag-buy-sparkle-bath-salt","11":"product_tag-cheap-sparkle-bath-salt","12":"product_tag-high-quality-sparkle-bath-salt","13":"product_tag-how-to-buy-sparkle-bath-salt","14":"product_tag-order-sparkle-bath-salt","15":"product_tag-purcharse-sparkle-bath-salt","16":"product_tag-shop-sparkle-bath-salt","17":"product_tag-sparkle-bath-salt","18":"product_tag-sparkle-bath-salt-for-sale","19":"product_tag-sparkle-bath-salt-legally","20":"product_tag-sparkle-bath-salt-online","21":"product_tag-sparkle-bath-salt-price","22":"product_tag-sparkle-bath-salt-sparkle-bath-salt-supplier","23":"product_tag-sparkle-bath-salt-store","24":"product_tag-sparkle-bath-salt-use","25":"product_tag-sparkle-bath-salt-wiki","26":"product_tag-sparkle-bath-salt-worldwide","27":"product_tag-sparkle-bath-salts","28":"product_tag-top-quality","29":"product_tag-where-to-buy-sparkle-bath-salt","30":"product_tag-where-to-order-sparkle-bath-salt","31":"product_tag-wholesale-sparkle-bath-salt","32":"desktop-align-left","33":"tablet-align-left","34":"mobile-align-left","35":"ast-product-gallery-layout-horizontal","36":"ast-product-gallery-with-no-image","37":"ast-product-single-variable","38":"ast-product-tabs-layout-horizontal","39":"ast-qv-on-image","41":"first","42":"instock","43":"shipping-taxable","44":"purchasable","45":"product-type-variable"},"yoast_head":"<!-- This site is optimized with the Yoast SEO plugin v25.9 - https:\/\/yoast.com\/wordpress\/plugins\/seo\/ -->\n<title>Sparkle Bath Salt for Sale - Buy Sparkle Bath Salt Online<\/title>\n<meta name=\"description\" content=\"Find premium sparkle bath salt for sale at our online store, providing a secure platform to buy sparkle research chemical online with ease, catering to your research needs.\" \/>\n<meta name=\"robots\" content=\"index, follow, max-snippet:-1, max-image-preview:large, max-video-preview:-1\" \/>\n<link rel=\"canonical\" href=\"https:\/\/legitgrams.com\/fr\/produit\/sel-de-bain-etincelant\/\" \/>\n<meta property=\"og:locale\" content=\"fr_FR\" \/>\n<meta property=\"og:type\" content=\"article\" \/>\n<meta property=\"og:title\" content=\"Sparkle Bath Salt for Sale - Buy Sparkle Bath Salt Online\" \/>\n<meta property=\"og:description\" content=\"Find premium sparkle bath salt for sale at our online store, providing a secure platform to buy sparkle research chemical online with ease, catering to your research needs.\" \/>\n<meta property=\"og:url\" content=\"https:\/\/legitgrams.com\/fr\/produit\/sel-de-bain-etincelant\/\" \/>\n<meta property=\"og:site_name\" content=\"Legit Grams\" \/>\n<meta property=\"article:modified_time\" content=\"2025-01-15T05:38:54+00:00\" \/>\n<meta property=\"og:image\" content=\"https:\/\/legitgrams.com\/wp-content\/uploads\/2024\/09\/buy-sparkle-bath-salt-online.jpg\" \/>\n\t<meta property=\"og:image:width\" content=\"600\" \/>\n\t<meta property=\"og:image:height\" content=\"600\" \/>\n\t<meta property=\"og:image:type\" content=\"image\/jpeg\" \/>\n<meta name=\"twitter:card\" content=\"summary_large_image\" \/>\n<meta name=\"twitter:label1\" content=\"Dur\u00e9e de lecture est.\" \/>\n\t<meta name=\"twitter:data1\" content=\"2 minutes\" \/>\n<script type=\"application\/ld+json\" class=\"yoast-schema-graph\">{\"@context\":\"https:\/\/schema.org\",\"@graph\":[{\"@type\":\"WebPage\",\"@id\":\"https:\/\/legitgrams.com\/product\/sparkle-bath-salt\/\",\"url\":\"https:\/\/legitgrams.com\/product\/sparkle-bath-salt\/\",\"name\":\"Sparkle Bath Salt for Sale - Buy Sparkle Bath Salt Online\",\"isPartOf\":{\"@id\":\"https:\/\/legitgrams.com\/#website\"},\"primaryImageOfPage\":{\"@id\":\"https:\/\/legitgrams.com\/product\/sparkle-bath-salt\/#primaryimage\"},\"image\":{\"@id\":\"https:\/\/legitgrams.com\/product\/sparkle-bath-salt\/#primaryimage\"},\"thumbnailUrl\":\"https:\/\/legitgrams.com\/wp-content\/uploads\/2024\/09\/buy-sparkle-bath-salt-online.jpg\",\"datePublished\":\"2024-09-20T11:56:45+00:00\",\"dateModified\":\"2025-01-15T05:38:54+00:00\",\"description\":\"Find premium sparkle bath salt for sale at our online store, providing a secure platform to buy sparkle research chemical online with ease, catering to your research needs.\",\"breadcrumb\":{\"@id\":\"https:\/\/legitgrams.com\/product\/sparkle-bath-salt\/#breadcrumb\"},\"inLanguage\":\"fr-BE\",\"potentialAction\":[{\"@type\":\"ReadAction\",\"target\":[\"https:\/\/legitgrams.com\/product\/sparkle-bath-salt\/\"]}]},{\"@type\":\"ImageObject\",\"inLanguage\":\"fr-BE\",\"@id\":\"https:\/\/legitgrams.com\/product\/sparkle-bath-salt\/#primaryimage\",\"url\":\"https:\/\/legitgrams.com\/wp-content\/uploads\/2024\/09\/buy-sparkle-bath-salt-online.jpg\",\"contentUrl\":\"https:\/\/legitgrams.com\/wp-content\/uploads\/2024\/09\/buy-sparkle-bath-salt-online.jpg\",\"width\":600,\"height\":600,\"caption\":\"Sparkle Bath Salt for Sale\"},{\"@type\":\"BreadcrumbList\",\"@id\":\"https:\/\/legitgrams.com\/product\/sparkle-bath-salt\/#breadcrumb\",\"itemListElement\":[{\"@type\":\"ListItem\",\"position\":1,\"name\":\"Home\",\"item\":\"https:\/\/legitgrams.com\/\"},{\"@type\":\"ListItem\",\"position\":2,\"name\":\"Shop\",\"item\":\"https:\/\/legitgrams.com\/shop\/\"},{\"@type\":\"ListItem\",\"position\":3,\"name\":\"Sparkle Bath Salt\"}]},{\"@type\":\"WebSite\",\"@id\":\"https:\/\/legitgrams.com\/#website\",\"url\":\"https:\/\/legitgrams.com\/\",\"name\":\"Legit Grams\",\"description\":\"My WordPress Blog\",\"publisher\":{\"@id\":\"https:\/\/legitgrams.com\/#organization\"},\"potentialAction\":[{\"@type\":\"SearchAction\",\"target\":{\"@type\":\"EntryPoint\",\"urlTemplate\":\"https:\/\/legitgrams.com\/?s={search_term_string}\"},\"query-input\":{\"@type\":\"PropertyValueSpecification\",\"valueRequired\":true,\"valueName\":\"search_term_string\"}}],\"inLanguage\":\"fr-BE\"},{\"@type\":\"Organization\",\"@id\":\"https:\/\/legitgrams.com\/#organization\",\"name\":\"Legit Grams\",\"url\":\"https:\/\/legitgrams.com\/\",\"logo\":{\"@type\":\"ImageObject\",\"inLanguage\":\"fr-BE\",\"@id\":\"https:\/\/legitgrams.com\/#\/schema\/logo\/image\/\",\"url\":\"https:\/\/legitgrams.com\/wp-content\/uploads\/2024\/09\/main-logo.png\",\"contentUrl\":\"https:\/\/legitgrams.com\/wp-content\/uploads\/2024\/09\/main-logo.png\",\"width\":270,\"height\":75,\"caption\":\"Legit Grams\"},\"image\":{\"@id\":\"https:\/\/legitgrams.com\/#\/schema\/logo\/image\/\"}}]}<\/script>\n<!-- \/ Yoast SEO plugin. -->","yoast_head_json":{"title":"Sel de bain Sparkle \u00e0 vendre - Acheter sel de bain Sparkle en ligne","description":"Le sel de bain sparkle est en vente dans notre magasin en ligne, qui fournit une plateforme s\u00e9curis\u00e9e pour acheter des produits chimiques de recherche sparkle en ligne avec facilit\u00e9, r\u00e9pondant \u00e0 vos besoins de recherche.","robots":{"index":"index","follow":"follow","max-snippet":"max-snippet:-1","max-image-preview":"max-image-preview:large","max-video-preview":"max-video-preview:-1"},"canonical":"https:\/\/legitgrams.com\/fr\/produit\/sel-de-bain-etincelant\/","og_locale":"fr_FR","og_type":"article","og_title":"Sparkle Bath Salt for Sale - Buy Sparkle Bath Salt Online","og_description":"Find premium sparkle bath salt for sale at our online store, providing a secure platform to buy sparkle research chemical online with ease, catering to your research needs.","og_url":"https:\/\/legitgrams.com\/fr\/produit\/sel-de-bain-etincelant\/","og_site_name":"Legit Grams","article_modified_time":"2025-01-15T05:38:54+00:00","og_image":[{"width":600,"height":600,"url":"https:\/\/legitgrams.com\/wp-content\/uploads\/2024\/09\/buy-sparkle-bath-salt-online.jpg","type":"image\/jpeg"}],"twitter_card":"summary_large_image","twitter_misc":{"Dur\u00e9e de lecture est.":"2 minutes"},"schema":{"@context":"https:\/\/schema.org","@graph":[{"@type":"WebPage","@id":"https:\/\/legitgrams.com\/product\/sparkle-bath-salt\/","url":"https:\/\/legitgrams.com\/product\/sparkle-bath-salt\/","name":"Sel de bain Sparkle \u00e0 vendre - Acheter sel de bain Sparkle en ligne","isPartOf":{"@id":"https:\/\/legitgrams.com\/#website"},"primaryImageOfPage":{"@id":"https:\/\/legitgrams.com\/product\/sparkle-bath-salt\/#primaryimage"},"image":{"@id":"https:\/\/legitgrams.com\/product\/sparkle-bath-salt\/#primaryimage"},"thumbnailUrl":"https:\/\/legitgrams.com\/wp-content\/uploads\/2024\/09\/buy-sparkle-bath-salt-online.jpg","datePublished":"2024-09-20T11:56:45+00:00","dateModified":"2025-01-15T05:38:54+00:00","description":"Le sel de bain sparkle est en vente dans notre magasin en ligne, qui fournit une plateforme s\u00e9curis\u00e9e pour acheter des produits chimiques de recherche sparkle en ligne avec facilit\u00e9, r\u00e9pondant \u00e0 vos besoins de recherche.","breadcrumb":{"@id":"https:\/\/legitgrams.com\/product\/sparkle-bath-salt\/#breadcrumb"},"inLanguage":"fr-BE","potentialAction":[{"@type":"ReadAction","target":["https:\/\/legitgrams.com\/product\/sparkle-bath-salt\/"]}]},{"@type":"ImageObject","inLanguage":"fr-BE","@id":"https:\/\/legitgrams.com\/product\/sparkle-bath-salt\/#primaryimage","url":"https:\/\/legitgrams.com\/wp-content\/uploads\/2024\/09\/buy-sparkle-bath-salt-online.jpg","contentUrl":"https:\/\/legitgrams.com\/wp-content\/uploads\/2024\/09\/buy-sparkle-bath-salt-online.jpg","width":600,"height":600,"caption":"Sparkle Bath Salt for Sale"},{"@type":"BreadcrumbList","@id":"https:\/\/legitgrams.com\/product\/sparkle-bath-salt\/#breadcrumb","itemListElement":[{"@type":"ListItem","position":1,"name":"Home","item":"https:\/\/legitgrams.com\/"},{"@type":"ListItem","position":2,"name":"Shop","item":"https:\/\/legitgrams.com\/shop\/"},{"@type":"ListItem","position":3,"name":"Sparkle Bath Salt"}]},{"@type":"WebSite","@id":"https:\/\/legitgrams.com\/#website","url":"https:\/\/legitgrams.com\/","name":"Les grammes l\u00e9gitimes","description":"Mon blog WordPress","publisher":{"@id":"https:\/\/legitgrams.com\/#organization"},"potentialAction":[{"@type":"SearchAction","target":{"@type":"EntryPoint","urlTemplate":"https:\/\/legitgrams.com\/?s={search_term_string}"},"query-input":{"@type":"PropertyValueSpecification","valueRequired":true,"valueName":"search_term_string"}}],"inLanguage":"fr-BE"},{"@type":"Organization","@id":"https:\/\/legitgrams.com\/#organization","name":"Les grammes l\u00e9gitimes","url":"https:\/\/legitgrams.com\/","logo":{"@type":"ImageObject","inLanguage":"fr-BE","@id":"https:\/\/legitgrams.com\/#\/schema\/logo\/image\/","url":"https:\/\/legitgrams.com\/wp-content\/uploads\/2024\/09\/main-logo.png","contentUrl":"https:\/\/legitgrams.com\/wp-content\/uploads\/2024\/09\/main-logo.png","width":270,"height":75,"caption":"Legit Grams"},"image":{"@id":"https:\/\/legitgrams.com\/#\/schema\/logo\/image\/"}}]}},"uagb_featured_image_src":{"full":["https:\/\/legitgrams.com\/wp-content\/uploads\/2024\/09\/buy-sparkle-bath-salt-online.jpg",600,600,false],"thumbnail":["https:\/\/legitgrams.com\/wp-content\/uploads\/2024\/09\/buy-sparkle-bath-salt-online-150x150.jpg",150,150,true],"medium":["https:\/\/legitgrams.com\/wp-content\/uploads\/2024\/09\/buy-sparkle-bath-salt-online-300x300.jpg",300,300,true],"medium_large":["https:\/\/legitgrams.com\/wp-content\/uploads\/2024\/09\/buy-sparkle-bath-salt-online.jpg",600,600,false],"large":["https:\/\/legitgrams.com\/wp-content\/uploads\/2024\/09\/buy-sparkle-bath-salt-online.jpg",600,600,false],"1536x1536":["https:\/\/legitgrams.com\/wp-content\/uploads\/2024\/09\/buy-sparkle-bath-salt-online.jpg",600,600,false],"2048x2048":["https:\/\/legitgrams.com\/wp-content\/uploads\/2024\/09\/buy-sparkle-bath-salt-online.jpg",600,600,false],"trp-custom-language-flag":["https:\/\/legitgrams.com\/wp-content\/uploads\/2024\/09\/buy-sparkle-bath-salt-online-12x12.jpg",12,12,true],"woocommerce_thumbnail":["https:\/\/legitgrams.com\/wp-content\/uploads\/2024\/09\/buy-sparkle-bath-salt-online-300x300.jpg",300,300,true],"woocommerce_single":["https:\/\/legitgrams.com\/wp-content\/uploads\/2024\/09\/buy-sparkle-bath-salt-online.jpg",600,600,false],"woocommerce_gallery_thumbnail":["https:\/\/legitgrams.com\/wp-content\/uploads\/2024\/09\/buy-sparkle-bath-salt-online-100x100.jpg",100,100,true]},"uagb_author_info":{"display_name":"cokeblog18","author_link":"https:\/\/legitgrams.com\/fr\/author\/"},"uagb_comment_info":0,"uagb_excerpt":"Purchase Sparkle Bath Salt Online Our stimulating bath salts turn a pleasant soak into a more intimate experience. The purifying properties of Dead Sea and English salts are combined with the skin-softening and skin-nourishing properties of kaolin clay, coconut milk powder, and oat protein in this luxurious bath essence. Essential oils including eucalyptus, juniper, and&hellip;","_links":{"self":[{"href":"https:\/\/legitgrams.com\/fr\/wp-json\/wp\/v2\/product\/3939","targetHints":{"allow":["GET"]}}],"collection":[{"href":"https:\/\/legitgrams.com\/fr\/wp-json\/wp\/v2\/product"}],"about":[{"href":"https:\/\/legitgrams.com\/fr\/wp-json\/wp\/v2\/types\/product"}],"replies":[{"embeddable":true,"href":"https:\/\/legitgrams.com\/fr\/wp-json\/wp\/v2\/comments?post=3939"}],"wp:featuredmedia":[{"embeddable":true,"href":"https:\/\/legitgrams.com\/fr\/wp-json\/wp\/v2\/media\/5316"}],"wp:attachment":[{"href":"https:\/\/legitgrams.com\/fr\/wp-json\/wp\/v2\/media?parent=3939"}],"wp:term":[{"taxonomy":"product_brand","embeddable":true,"href":"https:\/\/legitgrams.com\/fr\/wp-json\/wp\/v2\/product_brand?post=3939"},{"taxonomy":"product_cat","embeddable":true,"href":"https:\/\/legitgrams.com\/fr\/wp-json\/wp\/v2\/product_cat?post=3939"},{"taxonomy":"product_tag","embeddable":true,"href":"https:\/\/legitgrams.com\/fr\/wp-json\/wp\/v2\/product_tag?post=3939"}],"curies":[{"name":"wp","href":"https:\/\/api.w.org\/{rel}","templated":true}]}}