{"id":3946,"date":"2024-09-20T12:28:50","date_gmt":"2024-09-20T12:28:50","guid":{"rendered":"https:\/\/legitgrams.com\/?post_type=product&#038;p=3946"},"modified":"2025-04-04T11:51:34","modified_gmt":"2025-04-04T11:51:34","slug":"vente-en-gros-de-bk-ethyl-k-chemical","status":"publish","type":"product","link":"https:\/\/legitgrams.com\/fr\/produit\/vente-en-gros-de-bk-ethyl-k-chemical\/","title":{"rendered":"Achetez du produit chimique BK-Ethyl-K en gros en ligne"},"content":{"rendered":"<h2>Produit chimique BK-Ethyl-K en vente \u00e0 des prix de gros<\/h2>\n<p><a href=\"https:\/\/www.bing.com\/search?q=Buy%20Wholesale%20bk%20-Ethyl-K%20Chemical%20Online&amp;qs=n&amp;form=QBRE&amp;sp=-1&amp;ghc=1&amp;lq=0&amp;pq=buy%20wholesale%20bk%20-ethyl-k%20chemical%20online&amp;sc=12-41&amp;sk=&amp;cvid=919EBB78E41F42A293B38CC78C483C67&amp;ghsh=0&amp;ghacc=0&amp;ghpl=\">Bk ethyl k<\/a>L'\u00e9thylone, \u00e9galement appel\u00e9e \u00e9thylone, est un \u00e9nergisant entactog\u00e8ne fr\u00e9quemment appel\u00e9 3,4-m\u00e9thyl\u00e8nedioxy-N-\u00e9thylcathinone. Son nom de fabrication est 1-(1,3-benzodioxol-5-yl)-2-(\u00e9thylamino)-1-propanone. Sa formule sous-nucl\u00e9aire est C12H15NO3, avec une masse ordinaire de 221,251999 Da et une masse monoisotopique de 221,104996 Da. Achetez de la porcelaine contenant de l'\u00e9thyl\u00e8ne. L'\u00e9thylone est une pierre pr\u00e9cieuse disponible \u00e0 l'achat. Investissez dans des pierres rares \u00e0 base d'\u00e9thyl\u00e8ne. Distributeur d'\u00e9thylone. Achat<a href=\"https:\/\/www.google.com\/search?q=Buy+Wholesale+bk+-Ethyl-K+Chemical+Online&amp;num=10&amp;sca_esv=1a2a07081c7891bb&amp;rlz=1C1RXQR_enIN1098IN1098&amp;sxsrf=AHTn8zovVQWqUSOerpgGSbtwr5gmnjUsyw%3A1741758961995&amp;ei=8SHRZ7ipPJaO4-EPs5zk0AY&amp;ved=0ahUKEwj45drh7YOMAxUWxzgGHTMOGWoQ4dUDCBA&amp;uact=5&amp;oq=Buy+Wholesale+bk+-Ethyl-K+Chemical+Online&amp;gs_lp=Egxnd3Mtd2l6LXNlcnAiKUJ1eSBXaG9sZXNhbGUgYmsgLUV0aHlsLUsgQ2hlbWljYWwgT25saW5lSMcHUOEDWOEDcAN4AJABAJgBkQGgAZEBqgEDMC4xuAEDyAEA-AEC-AEBmAIAoAIAmAMAiAYBkgcAoAdW&amp;sclient=gws-wiz-serp\"> ethylone<\/a> at a discount. reimbursement Ethylene<\/p>\n<p>ChemAxon et ACD\/Labs ont travaill\u00e9 ensemble pour achever le <a href=\"https:\/\/duckduckgo.com\/?q=Buy+Wholesale+bk+-Ethyl-K+Chemical+Online&amp;t=h_&amp;ia=web\">\u00c9thylone<\/a> \u00e9valuation. Un enregistrement de r\u00e9fraction \u00e0 1,54 avec un facteur de pression de surface de 44,3470001220703 dyne\/cm, une motivation d'\u00e9clatement derri\u00e8re 172,845 \u00b0C, quatre accepteurs de s\u00e9curit\u00e9 #H, quatre s\u00e9curit\u00e9s #Freely tournantes et une restriction de 362,188 \u00b0C \u00e0 760 mmHg ont \u00e9t\u00e9 inclus les caract\u00e9ristiques attendues par ACD\/Labs.<\/p>\n<h3>Il s\u2019agit d\u2019une pratique normale pour les applications de recherche et de logique.<\/h3>\n<p>Cet article a \u00e9t\u00e9 cr\u00e9\u00e9 dans le but de r\u00e9pondre aux normes du Guide 34:2009 et ISO17025:2005.<\/p>\n<p>Nous sommes la meilleure association et avons des liens rapides avec un grand nombre de fournisseurs et de fabricants dans le monde entier. Nous offrons toujours \u00e0 nos clients les meilleurs produits de qualit\u00e9 pour les \u00e9valuations ! C'est essentiellement la m\u00eame chose que nous attendons habituellement des acquisitions.<\/p>\n<p>Gr\u00e2ce \u00e0 cela, nous pouvons acheter les meilleurs produits aux meilleurs prix et vous faire profiter de ces \u00e9conomies !<\/p>\n<p>Tout ce que nous vendons est de la plus haute qualit\u00e9 et nous demandons \u00e0 tous nos clients de proc\u00e9der \u00e0 une analyse GC\/MS de leurs achats afin d'en garantir l'exactitude et l'authenticit\u00e9. Chaque envoi est soumis \u00e0 nos propres tests pour nous assurer qu'il n'y a pas de pi\u00e8ces d\u00e9fectueuses et que nos clients re\u00e7oivent exactement ce qu'ils ont command\u00e9. Nous sommes fiers de notre capacit\u00e9 \u00e0 satisfaire nos clients. <a href=\"https:\/\/legitgrams.com\/fr\/\">LegitGrams<\/a><\/p>\n<p>Notre capacit\u00e9 \u00e0 faire des affaires avec vous d\u00e9pend de notre capacit\u00e9 \u00e0 g\u00e9rer pleinement et en coop\u00e9ration chaque demande, quelle que soit sa nature. Nous travaillons dur pour vous fournir les meilleurs m\u00e9dicaments et feux d'artifice d\u00e9licats aux meilleurs prix, ainsi que le transport le plus secret possible, et nous ne manquons jamais de r\u00e9soudre tout probl\u00e8me ! Si cela ne s'av\u00e8re pas trop difficile, soyez s\u00fbr et confiant lorsque vous faites votre demande !<\/p>\n<p>Nous avons fait preuve d\u2019une grande solidit\u00e9 et si vous nous gardez \u00e0 vos c\u00f4t\u00e9s, vous pourrez compter sur nous et faire des affaires avec nous \u00e0 chaque fois que vous nous ouvrirez la porte ! Nous ne vous laisserons pas \u00e9chouer.<br \/>\nNous fournissons les num\u00e9ros d'accompagnement apr\u00e8s la livraison du groupe, ce qui vous permet de suivre l'\u00e9volution de votre paquet.<\/p>\n<p>Achat en gros <a href=\"https:\/\/en.wikipedia.org\/wiki\/BK\">Bk<\/a>Bk-Ethyl-K Chemical Online - Achat en gros de Bk-Ethyl-K Chemical, Achat en gros de Bk-Ethyl-K Chemical usa, Achat en gros de Bk-Ethyl-K Chemical online USA, Where to Purchase <a href=\"https:\/\/legitgrams.com\/fr\/produit\/vente-en-gros-de-bk-ethyl-k-chemical\/\">Vente en gros de Bk-Ethyl-K Chemical<\/a>Bk-Ethyl-K Chemical, Vente en gros de Bk-Ethyl-K Chemical, Vente en gros de Bk-Ethyl-K Chemical pr\u00e8s de chez moi, Achat en gros de Bk-Ethyl-K Chemical en ligne pr\u00e8s de chez moi, O\u00f9 acheter en gros de Bk-Ethyl-K Chemical en ligne, Vente en gros de Bk-Ethyl-K Chemical aux USA, Canada, UK, Acheter, En ligne, Fournisseurs, livraison s\u00e9curis\u00e9e, La vente en gros de bk-Ethyl-K Chemical est toujours disponible, Est-il l\u00e9gal d'acheter en gros de bk-Ethyl-K Chemical aux Etats-Unis ? comment faire un achat en gros de bk-Ethyl-K Chemical Est-il l\u00e9gal d'acheter en gros du bk-Ethyl-K Chemical au Canada ?<\/p>","protected":false},"excerpt":{"rendered":"<p>BK-Ethyl-K Chemical for Sale at Wholesale Prices Bk ethyl k, also referred to as Ethylone, is an entactogen energizer that is frequently suggested as 3,4-methylenedioxy-N-ethylcathinone. Ethylone&#8217;s productive name is 1-(1,3-Benzodioxol-5-yl)- 2-(ethylamino)- 1-propanone. The sub-nuclear formula is C12H15NO3, with an ordinary mass of 221.251999 Da and a monoisotopic mass of 221.104996 Da. Buy china that contains &hellip;<\/p>\n<p class=\"read-more\"> <a class=\"\" href=\"https:\/\/legitgrams.com\/fr\/produit\/vente-en-gros-de-bk-ethyl-k-chemical\/\"> <span class=\"screen-reader-text\">Achetez du produit chimique BK-Ethyl-K en gros en ligne<\/span> Lire la suite \"<\/a><\/p>","protected":false},"featured_media":5322,"comment_status":"open","ping_status":"closed","template":"","meta":{"_uag_custom_page_level_css":"","site-sidebar-layout":"default","site-content-layout":"default","ast-global-header-display":"","ast-main-header-display":"","ast-hfb-above-header-display":"","ast-hfb-below-header-display":"","ast-hfb-mobile-header-display":"","site-post-title":"","ast-breadcrumbs-content":"","ast-featured-img":"","footer-sml-layout":"","theme-transparent-header-meta":"default","adv-header-id-meta":"","stick-header-meta":"default","header-above-stick-meta":"","header-main-stick-meta":"","header-below-stick-meta":"","_joinchat":[]},"product_brand":[],"product_cat":[600],"product_tag":[3544,3534,617,3526,3541,3538,3533,3531,3543,3540,625,3532,3535,3525,3528,3536,3527,3537,3539,3546,3529,3547,3545,3542,3530],"class_list":{"0":"post-3946","1":"product","2":"type-product","3":"status-publish","4":"has-post-thumbnail","6":"product_cat-research-chemicals-and-bath-salt","7":"product_tag-best-cheap-price-wholesale-bk-ethyl-k-chemical","8":"product_tag-best-place-to-buy-wholesale-bk-ethyl-k-chemical","9":"product_tag-bulk-online","10":"product_tag-buy-wholesale-bk-ethyl-k-chemical","11":"product_tag-cheap-wholesale-bk-ethyl-k-chemical","12":"product_tag-high-quality-wholesale-bk-ethyl-k-chemical","13":"product_tag-how-to-buy-wholesale-bk-ethyl-k-chemical","14":"product_tag-order-wholesale-bk-ethyl-k-chemical","15":"product_tag-purcharse-wholesale-bk-ethyl-k-chemical","16":"product_tag-shop-wholesale-bk-ethyl-k-chemical","17":"product_tag-top-quality","18":"product_tag-where-to-buy-wholesale-bk-ethyl-k-chemical","19":"product_tag-where-to-order-wholesale-bk-ethyl-k-chemical","20":"product_tag-wholesale-bk-ethyl-k-chemical","21":"product_tag-wholesale-bk-ethyl-k-chemical-for-sale","22":"product_tag-wholesale-bk-ethyl-k-chemical-legally","23":"product_tag-wholesale-bk-ethyl-k-chemical-online","24":"product_tag-wholesale-bk-ethyl-k-chemical-price","25":"product_tag-wholesale-bk-ethyl-k-chemical-store","26":"product_tag-wholesale-bk-ethyl-k-chemical-use","27":"product_tag-wholesale-bk-ethyl-k-chemical-wholesale-bk-ethyl-k-chemical-supplier","28":"product_tag-wholesale-bk-ethyl-k-chemical-wiki","29":"product_tag-wholesale-bk-ethyl-k-chemical-worldwide","30":"product_tag-wholesale-bk-ethyl-k-chemicals","31":"product_tag-wholesale-wholesale-bk-ethyl-k-chemical","32":"desktop-align-left","33":"tablet-align-left","34":"mobile-align-left","35":"ast-product-gallery-layout-horizontal","36":"ast-product-gallery-with-no-image","37":"ast-product-single-variable","38":"ast-product-tabs-layout-horizontal","39":"ast-qv-on-image","41":"first","42":"instock","43":"shipping-taxable","44":"purchasable","45":"product-type-variable"},"yoast_head":"<!-- This site is optimized with the Yoast SEO plugin v25.9 - https:\/\/yoast.com\/wordpress\/plugins\/seo\/ -->\n<title>Bk-Ethyl-K Chemical for Sale - Buy Bk -Ethyl-K Chemical Online<\/title>\n<meta name=\"description\" content=\"Find premium bk -Ethyl-K Chemical for sale at our online store, providing a secure platform to buy bk -Ethyl-K Chemical online with ease, catering to your research needs.\" \/>\n<meta name=\"robots\" content=\"index, follow, max-snippet:-1, max-image-preview:large, max-video-preview:-1\" \/>\n<link rel=\"canonical\" href=\"https:\/\/legitgrams.com\/fr\/produit\/vente-en-gros-de-bk-ethyl-k-chemical\/\" \/>\n<meta property=\"og:locale\" content=\"fr_FR\" \/>\n<meta property=\"og:type\" content=\"article\" \/>\n<meta property=\"og:title\" content=\"Bk-Ethyl-K Chemical for Sale - Buy Bk -Ethyl-K Chemical Online\" \/>\n<meta property=\"og:description\" content=\"Find premium bk -Ethyl-K Chemical for sale at our online store, providing a secure platform to buy bk -Ethyl-K Chemical online with ease, catering to your research needs.\" \/>\n<meta property=\"og:url\" content=\"https:\/\/legitgrams.com\/fr\/produit\/vente-en-gros-de-bk-ethyl-k-chemical\/\" \/>\n<meta property=\"og:site_name\" content=\"Legit Grams\" \/>\n<meta property=\"article:modified_time\" content=\"2025-04-04T11:51:34+00:00\" \/>\n<meta property=\"og:image\" content=\"https:\/\/legitgrams.com\/wp-content\/uploads\/2024\/09\/buy-wholesale-bk-ethyl-k-chemical-online.jpg\" \/>\n\t<meta property=\"og:image:width\" content=\"600\" \/>\n\t<meta property=\"og:image:height\" content=\"600\" \/>\n\t<meta property=\"og:image:type\" content=\"image\/jpeg\" \/>\n<meta name=\"twitter:card\" content=\"summary_large_image\" \/>\n<meta name=\"twitter:label1\" content=\"Dur\u00e9e de lecture est.\" \/>\n\t<meta name=\"twitter:data1\" content=\"3 minutes\" \/>\n<script type=\"application\/ld+json\" class=\"yoast-schema-graph\">{\"@context\":\"https:\/\/schema.org\",\"@graph\":[{\"@type\":\"WebPage\",\"@id\":\"https:\/\/legitgrams.com\/product\/wholesale-bk-ethyl-k-chemical\/\",\"url\":\"https:\/\/legitgrams.com\/product\/wholesale-bk-ethyl-k-chemical\/\",\"name\":\"Bk-Ethyl-K Chemical for Sale - Buy Bk -Ethyl-K Chemical Online\",\"isPartOf\":{\"@id\":\"https:\/\/legitgrams.com\/#website\"},\"primaryImageOfPage\":{\"@id\":\"https:\/\/legitgrams.com\/product\/wholesale-bk-ethyl-k-chemical\/#primaryimage\"},\"image\":{\"@id\":\"https:\/\/legitgrams.com\/product\/wholesale-bk-ethyl-k-chemical\/#primaryimage\"},\"thumbnailUrl\":\"https:\/\/legitgrams.com\/wp-content\/uploads\/2024\/09\/buy-wholesale-bk-ethyl-k-chemical-online.jpg\",\"datePublished\":\"2024-09-20T12:28:50+00:00\",\"dateModified\":\"2025-04-04T11:51:34+00:00\",\"description\":\"Find premium bk -Ethyl-K Chemical for sale at our online store, providing a secure platform to buy bk -Ethyl-K Chemical online with ease, catering to your research needs.\",\"breadcrumb\":{\"@id\":\"https:\/\/legitgrams.com\/product\/wholesale-bk-ethyl-k-chemical\/#breadcrumb\"},\"inLanguage\":\"fr-BE\",\"potentialAction\":[{\"@type\":\"ReadAction\",\"target\":[\"https:\/\/legitgrams.com\/product\/wholesale-bk-ethyl-k-chemical\/\"]}]},{\"@type\":\"ImageObject\",\"inLanguage\":\"fr-BE\",\"@id\":\"https:\/\/legitgrams.com\/product\/wholesale-bk-ethyl-k-chemical\/#primaryimage\",\"url\":\"https:\/\/legitgrams.com\/wp-content\/uploads\/2024\/09\/buy-wholesale-bk-ethyl-k-chemical-online.jpg\",\"contentUrl\":\"https:\/\/legitgrams.com\/wp-content\/uploads\/2024\/09\/buy-wholesale-bk-ethyl-k-chemical-online.jpg\",\"width\":600,\"height\":600,\"caption\":\"Ethyl-K Chemical for Sale\"},{\"@type\":\"BreadcrumbList\",\"@id\":\"https:\/\/legitgrams.com\/product\/wholesale-bk-ethyl-k-chemical\/#breadcrumb\",\"itemListElement\":[{\"@type\":\"ListItem\",\"position\":1,\"name\":\"Home\",\"item\":\"https:\/\/legitgrams.com\/\"},{\"@type\":\"ListItem\",\"position\":2,\"name\":\"Shop\",\"item\":\"https:\/\/legitgrams.com\/shop\/\"},{\"@type\":\"ListItem\",\"position\":3,\"name\":\"Buy Wholesale bk -Ethyl-K Chemical Online\"}]},{\"@type\":\"WebSite\",\"@id\":\"https:\/\/legitgrams.com\/#website\",\"url\":\"https:\/\/legitgrams.com\/\",\"name\":\"Legit Grams\",\"description\":\"My WordPress Blog\",\"publisher\":{\"@id\":\"https:\/\/legitgrams.com\/#organization\"},\"potentialAction\":[{\"@type\":\"SearchAction\",\"target\":{\"@type\":\"EntryPoint\",\"urlTemplate\":\"https:\/\/legitgrams.com\/?s={search_term_string}\"},\"query-input\":{\"@type\":\"PropertyValueSpecification\",\"valueRequired\":true,\"valueName\":\"search_term_string\"}}],\"inLanguage\":\"fr-BE\"},{\"@type\":\"Organization\",\"@id\":\"https:\/\/legitgrams.com\/#organization\",\"name\":\"Legit Grams\",\"url\":\"https:\/\/legitgrams.com\/\",\"logo\":{\"@type\":\"ImageObject\",\"inLanguage\":\"fr-BE\",\"@id\":\"https:\/\/legitgrams.com\/#\/schema\/logo\/image\/\",\"url\":\"https:\/\/legitgrams.com\/wp-content\/uploads\/2024\/09\/main-logo.png\",\"contentUrl\":\"https:\/\/legitgrams.com\/wp-content\/uploads\/2024\/09\/main-logo.png\",\"width\":270,\"height\":75,\"caption\":\"Legit Grams\"},\"image\":{\"@id\":\"https:\/\/legitgrams.com\/#\/schema\/logo\/image\/\"}}]}<\/script>\n<!-- \/ Yoast SEO plugin. -->","yoast_head_json":{"title":"Bk-Ethyl-K Chemical for Sale - Acheter Bk -Ethyl-K Chemical en ligne","description":"Trouvez des bk -Ethyl-K Chemical de qualit\u00e9 sup\u00e9rieure en vente dans notre magasin en ligne, qui fournit une plateforme s\u00e9curis\u00e9e pour acheter des bk -Ethyl-K Chemical en ligne avec facilit\u00e9, en r\u00e9pondant \u00e0 vos besoins de recherche.","robots":{"index":"index","follow":"follow","max-snippet":"max-snippet:-1","max-image-preview":"max-image-preview:large","max-video-preview":"max-video-preview:-1"},"canonical":"https:\/\/legitgrams.com\/fr\/produit\/vente-en-gros-de-bk-ethyl-k-chemical\/","og_locale":"fr_FR","og_type":"article","og_title":"Bk-Ethyl-K Chemical for Sale - Buy Bk -Ethyl-K Chemical Online","og_description":"Find premium bk -Ethyl-K Chemical for sale at our online store, providing a secure platform to buy bk -Ethyl-K Chemical online with ease, catering to your research needs.","og_url":"https:\/\/legitgrams.com\/fr\/produit\/vente-en-gros-de-bk-ethyl-k-chemical\/","og_site_name":"Legit Grams","article_modified_time":"2025-04-04T11:51:34+00:00","og_image":[{"width":600,"height":600,"url":"https:\/\/legitgrams.com\/wp-content\/uploads\/2024\/09\/buy-wholesale-bk-ethyl-k-chemical-online.jpg","type":"image\/jpeg"}],"twitter_card":"summary_large_image","twitter_misc":{"Dur\u00e9e de lecture est.":"3 minutes"},"schema":{"@context":"https:\/\/schema.org","@graph":[{"@type":"WebPage","@id":"https:\/\/legitgrams.com\/product\/wholesale-bk-ethyl-k-chemical\/","url":"https:\/\/legitgrams.com\/product\/wholesale-bk-ethyl-k-chemical\/","name":"Bk-Ethyl-K Chemical for Sale - Acheter Bk -Ethyl-K Chemical en ligne","isPartOf":{"@id":"https:\/\/legitgrams.com\/#website"},"primaryImageOfPage":{"@id":"https:\/\/legitgrams.com\/product\/wholesale-bk-ethyl-k-chemical\/#primaryimage"},"image":{"@id":"https:\/\/legitgrams.com\/product\/wholesale-bk-ethyl-k-chemical\/#primaryimage"},"thumbnailUrl":"https:\/\/legitgrams.com\/wp-content\/uploads\/2024\/09\/buy-wholesale-bk-ethyl-k-chemical-online.jpg","datePublished":"2024-09-20T12:28:50+00:00","dateModified":"2025-04-04T11:51:34+00:00","description":"Trouvez des bk -Ethyl-K Chemical de qualit\u00e9 sup\u00e9rieure en vente dans notre magasin en ligne, qui fournit une plateforme s\u00e9curis\u00e9e pour acheter des bk -Ethyl-K Chemical en ligne avec facilit\u00e9, en r\u00e9pondant \u00e0 vos besoins de recherche.","breadcrumb":{"@id":"https:\/\/legitgrams.com\/product\/wholesale-bk-ethyl-k-chemical\/#breadcrumb"},"inLanguage":"fr-BE","potentialAction":[{"@type":"ReadAction","target":["https:\/\/legitgrams.com\/product\/wholesale-bk-ethyl-k-chemical\/"]}]},{"@type":"ImageObject","inLanguage":"fr-BE","@id":"https:\/\/legitgrams.com\/product\/wholesale-bk-ethyl-k-chemical\/#primaryimage","url":"https:\/\/legitgrams.com\/wp-content\/uploads\/2024\/09\/buy-wholesale-bk-ethyl-k-chemical-online.jpg","contentUrl":"https:\/\/legitgrams.com\/wp-content\/uploads\/2024\/09\/buy-wholesale-bk-ethyl-k-chemical-online.jpg","width":600,"height":600,"caption":"Ethyl-K Chemical for Sale"},{"@type":"BreadcrumbList","@id":"https:\/\/legitgrams.com\/product\/wholesale-bk-ethyl-k-chemical\/#breadcrumb","itemListElement":[{"@type":"ListItem","position":1,"name":"Home","item":"https:\/\/legitgrams.com\/"},{"@type":"ListItem","position":2,"name":"Shop","item":"https:\/\/legitgrams.com\/shop\/"},{"@type":"ListItem","position":3,"name":"Buy Wholesale bk -Ethyl-K Chemical Online"}]},{"@type":"WebSite","@id":"https:\/\/legitgrams.com\/#website","url":"https:\/\/legitgrams.com\/","name":"Les grammes l\u00e9gitimes","description":"Mon blog WordPress","publisher":{"@id":"https:\/\/legitgrams.com\/#organization"},"potentialAction":[{"@type":"SearchAction","target":{"@type":"EntryPoint","urlTemplate":"https:\/\/legitgrams.com\/?s={search_term_string}"},"query-input":{"@type":"PropertyValueSpecification","valueRequired":true,"valueName":"search_term_string"}}],"inLanguage":"fr-BE"},{"@type":"Organization","@id":"https:\/\/legitgrams.com\/#organization","name":"Les grammes l\u00e9gitimes","url":"https:\/\/legitgrams.com\/","logo":{"@type":"ImageObject","inLanguage":"fr-BE","@id":"https:\/\/legitgrams.com\/#\/schema\/logo\/image\/","url":"https:\/\/legitgrams.com\/wp-content\/uploads\/2024\/09\/main-logo.png","contentUrl":"https:\/\/legitgrams.com\/wp-content\/uploads\/2024\/09\/main-logo.png","width":270,"height":75,"caption":"Legit Grams"},"image":{"@id":"https:\/\/legitgrams.com\/#\/schema\/logo\/image\/"}}]}},"uagb_featured_image_src":{"full":["https:\/\/legitgrams.com\/wp-content\/uploads\/2024\/09\/buy-wholesale-bk-ethyl-k-chemical-online.jpg",600,600,false],"thumbnail":["https:\/\/legitgrams.com\/wp-content\/uploads\/2024\/09\/buy-wholesale-bk-ethyl-k-chemical-online-150x150.jpg",150,150,true],"medium":["https:\/\/legitgrams.com\/wp-content\/uploads\/2024\/09\/buy-wholesale-bk-ethyl-k-chemical-online-300x300.jpg",300,300,true],"medium_large":["https:\/\/legitgrams.com\/wp-content\/uploads\/2024\/09\/buy-wholesale-bk-ethyl-k-chemical-online.jpg",600,600,false],"large":["https:\/\/legitgrams.com\/wp-content\/uploads\/2024\/09\/buy-wholesale-bk-ethyl-k-chemical-online.jpg",600,600,false],"1536x1536":["https:\/\/legitgrams.com\/wp-content\/uploads\/2024\/09\/buy-wholesale-bk-ethyl-k-chemical-online.jpg",600,600,false],"2048x2048":["https:\/\/legitgrams.com\/wp-content\/uploads\/2024\/09\/buy-wholesale-bk-ethyl-k-chemical-online.jpg",600,600,false],"trp-custom-language-flag":["https:\/\/legitgrams.com\/wp-content\/uploads\/2024\/09\/buy-wholesale-bk-ethyl-k-chemical-online-12x12.jpg",12,12,true],"woocommerce_thumbnail":["https:\/\/legitgrams.com\/wp-content\/uploads\/2024\/09\/buy-wholesale-bk-ethyl-k-chemical-online-300x300.jpg",300,300,true],"woocommerce_single":["https:\/\/legitgrams.com\/wp-content\/uploads\/2024\/09\/buy-wholesale-bk-ethyl-k-chemical-online.jpg",600,600,false],"woocommerce_gallery_thumbnail":["https:\/\/legitgrams.com\/wp-content\/uploads\/2024\/09\/buy-wholesale-bk-ethyl-k-chemical-online-100x100.jpg",100,100,true]},"uagb_author_info":{"display_name":"cokeblog18","author_link":"https:\/\/legitgrams.com\/fr\/author\/"},"uagb_comment_info":0,"uagb_excerpt":"BK-Ethyl-K Chemical for Sale at Wholesale Prices Bk ethyl k, also referred to as Ethylone, is an entactogen energizer that is frequently suggested as 3,4-methylenedioxy-N-ethylcathinone. Ethylone&#8217;s productive name is 1-(1,3-Benzodioxol-5-yl)- 2-(ethylamino)- 1-propanone. The sub-nuclear formula is C12H15NO3, with an ordinary mass of 221.251999 Da and a monoisotopic mass of 221.104996 Da. Buy china that contains&hellip;","_links":{"self":[{"href":"https:\/\/legitgrams.com\/fr\/wp-json\/wp\/v2\/product\/3946","targetHints":{"allow":["GET"]}}],"collection":[{"href":"https:\/\/legitgrams.com\/fr\/wp-json\/wp\/v2\/product"}],"about":[{"href":"https:\/\/legitgrams.com\/fr\/wp-json\/wp\/v2\/types\/product"}],"replies":[{"embeddable":true,"href":"https:\/\/legitgrams.com\/fr\/wp-json\/wp\/v2\/comments?post=3946"}],"wp:featuredmedia":[{"embeddable":true,"href":"https:\/\/legitgrams.com\/fr\/wp-json\/wp\/v2\/media\/5322"}],"wp:attachment":[{"href":"https:\/\/legitgrams.com\/fr\/wp-json\/wp\/v2\/media?parent=3946"}],"wp:term":[{"taxonomy":"product_brand","embeddable":true,"href":"https:\/\/legitgrams.com\/fr\/wp-json\/wp\/v2\/product_brand?post=3946"},{"taxonomy":"product_cat","embeddable":true,"href":"https:\/\/legitgrams.com\/fr\/wp-json\/wp\/v2\/product_cat?post=3946"},{"taxonomy":"product_tag","embeddable":true,"href":"https:\/\/legitgrams.com\/fr\/wp-json\/wp\/v2\/product_tag?post=3946"}],"curies":[{"name":"wp","href":"https:\/\/api.w.org\/{rel}","templated":true}]}}