{"id":3947,"date":"2024-09-20T12:24:18","date_gmt":"2024-09-20T12:24:18","guid":{"rendered":"https:\/\/legitgrams.com\/?post_type=product&#038;p=3947"},"modified":"2025-01-15T05:47:01","modified_gmt":"2025-01-15T05:47:01","slug":"sel-de-bain-tranquillite","status":"publish","type":"product","link":"https:\/\/legitgrams.com\/fr\/produit\/sel-de-bain-tranquillite\/","title":{"rendered":"Sel de bain Tranquillit\u00e9"},"content":{"rendered":"<h2>Achetez du sel de bain Tranquility en ligne<\/h2>\n<p>Acheter Tranquility <a href=\"https:\/\/en.wikipedia.org\/wiki\/Bath_salts\">Sels de bain<\/a> aupr\u00e8s d'un vendeur en ligne r\u00e9put\u00e9. Nous proposons les meilleurs produits pour le bain, y compris les sels de bain. Les sels de bain offrent une exp\u00e9rience de bain propre, douce et agr\u00e9able. N\u00e9anmoins, nous nous engageons \u00e0 fournir \u00e0 nos clients la meilleure qualit\u00e9 sur le march\u00e9. Mais nous fournissons diff\u00e9rents sels de bain concentr\u00e9s \u00e0 des prix raisonnables pour les clients en gros et au d\u00e9tail.<\/p>\n<h3>Nos sels de bain ont une odeur tr\u00e8s puissante !<\/h3>\n<p>L'objectif des sels de bain White Girl est d'augmenter la quantit\u00e9 d'exaltation, de vitalit\u00e9 et d'excitation dans votre bain. Une quantit\u00e9 minime permet d'obtenir un effet significatif. Pour adoucir naturellement l'eau d'un jacuzzi, ajoutez-en une petite quantit\u00e9. Vous vous sentirez cependant incroyablement heureux et plein d'\u00e9nergie. <a href=\"https:\/\/legitgrams.com\/fr\/\">LegitGrams<\/a><\/p>\n<p>D'autre part, il est utilis\u00e9 pour reproduire les sources chaudes naturelles de la mer grecque. Remarque : Les sels de bain m\u00e9ditatifs puissants sont les sels de bain Tranquility. Au d\u00e9but, utilisez-les avec pr\u00e9caution, car une trop grande quantit\u00e9 vous rendrait d\u00e9sagr\u00e9able et troublerait l'eau de votre baignoire. Mais avec la bonne application, les sels de bain Tranquility peuvent vous \u00e9lever \u00e0 des altitudes que vous n'auriez jamais imagin\u00e9es.<\/p>\n<p>Prenez un bain relaxant avec du sel rose de l'Himalaya pour rajeunir votre esprit et apaiser votre corps. Les polluants sont momentan\u00e9ment \u00e9limin\u00e9s par ce sel d\u00e9toxifiant.<\/p>\n<p>Achat <a href=\"https:\/\/legitgrams.com\/fr\/produit\/sel-de-bain-tranquillite\/\">Sel de bain Tranquillit\u00e9<\/a> En ligne - achat de sel de bain Tranquility, achat de sel de bain Tranquility USA, achat de sel de bain Tranquility en ligne USA, o\u00f9 acheter du sel de bain Tranquility, vente de sel de bain Tranquility, vente de sel de bain Tranquility pr\u00e8s de chez moi, achat de sel de bain Tranquility en ligne pr\u00e8s de chez moi, o\u00f9 acheter du sel de bain Tranquility en ligne, vente de sel de bain Tranquility aux \u00c9tats-Unis, au Canada, au Royaume-Uni, achat, en ligne, fournisseurs, livraison s\u00e9curis\u00e9e, achat de sel de bain Tranquility est toujours disponible. Comment commander le sel de bain Tranquility, le sel de bain Tranquility est-il l\u00e9gal au Canada, le sel de bain Tranquility est-il l\u00e9gal aux \u00c9tats-Unis, et o\u00f9 puis-je obtenir le sel de bain Tranquility en ligne ?<\/p>","protected":false},"excerpt":{"rendered":"<p>Purchase Tranquility Bath Salt Online Buy Tranquility Bath Salts from a reputable online vendor. We provide the best bath goods, including bath salts. Bath salts provide a clean, soft, and pleasurable bathing experience. Nonetheless, we promise to provide our clients with the best quality on the market. But we provide different concentrated bath salts at &hellip;<\/p>\n<p class=\"read-more\"> <a class=\"\" href=\"https:\/\/legitgrams.com\/fr\/produit\/sel-de-bain-tranquillite\/\"> <span class=\"screen-reader-text\">Sel de bain Tranquillit\u00e9<\/span> Lire la suite \"<\/a><\/p>","protected":false},"featured_media":5318,"comment_status":"open","ping_status":"closed","template":"","meta":{"_uag_custom_page_level_css":"","site-sidebar-layout":"default","site-content-layout":"default","ast-global-header-display":"","ast-main-header-display":"","ast-hfb-above-header-display":"","ast-hfb-below-header-display":"","ast-hfb-mobile-header-display":"","site-post-title":"","ast-breadcrumbs-content":"","ast-featured-img":"","footer-sml-layout":"","theme-transparent-header-meta":"default","adv-header-id-meta":"","stick-header-meta":"default","header-above-stick-meta":"","header-main-stick-meta":"","header-below-stick-meta":"","_joinchat":[]},"product_brand":[],"product_cat":[600],"product_tag":[3567,3557,617,3549,3564,3561,3556,3554,3566,3563,625,3548,3551,3559,3550,3560,3562,3552,3569,3570,3568,3565,3555,3558,3553],"class_list":{"0":"post-3947","1":"product","2":"type-product","3":"status-publish","4":"has-post-thumbnail","6":"product_cat-research-chemicals-and-bath-salt","7":"product_tag-best-cheap-price-tranquility-bath-salt","8":"product_tag-best-place-to-buy-tranquility-bath-salt","9":"product_tag-bulk-online","10":"product_tag-buy-tranquility-bath-salt","11":"product_tag-cheap-tranquility-bath-salt","12":"product_tag-high-quality-tranquility-bath-salt","13":"product_tag-how-to-buy-tranquility-bath-salt","14":"product_tag-order-tranquility-bath-salt","15":"product_tag-purcharse-tranquility-bath-salt","16":"product_tag-shop-tranquility-bath-salt","17":"product_tag-top-quality","18":"product_tag-tranquility-bath-salt","19":"product_tag-tranquility-bath-salt-for-sale","20":"product_tag-tranquility-bath-salt-legally","21":"product_tag-tranquility-bath-salt-online","22":"product_tag-tranquility-bath-salt-price","23":"product_tag-tranquility-bath-salt-store","24":"product_tag-tranquility-bath-salt-tranquility-bath-salt-supplier","25":"product_tag-tranquility-bath-salt-use","26":"product_tag-tranquility-bath-salt-wiki","27":"product_tag-tranquility-bath-salt-worldwide","28":"product_tag-tranquility-bath-salts","29":"product_tag-where-to-buy-tranquility-bath-salt","30":"product_tag-where-to-order-tranquility-bath-salt","31":"product_tag-wholesale-tranquility-bath-salt","32":"desktop-align-left","33":"tablet-align-left","34":"mobile-align-left","35":"ast-product-gallery-layout-horizontal","36":"ast-product-gallery-with-no-image","37":"ast-product-single-variable","38":"ast-product-tabs-layout-horizontal","39":"ast-qv-on-image","41":"first","42":"instock","43":"shipping-taxable","44":"purchasable","45":"product-type-variable"},"yoast_head":"<!-- This site is optimized with the Yoast SEO plugin v25.9 - https:\/\/yoast.com\/wordpress\/plugins\/seo\/ -->\n<title>Tranquility Bath Salt for Sale - Buy Tranquility Powder Online<\/title>\n<meta name=\"description\" content=\"Discover top-notch tranquility bath salt for sale at our online store - buy tranquility powder conveniently and securely to fuel your research. Explore and buy tranquility bath salt online, advancing your scientific endeavors with ease. Order Now!\" \/>\n<meta name=\"robots\" content=\"index, follow, max-snippet:-1, max-image-preview:large, max-video-preview:-1\" \/>\n<link rel=\"canonical\" href=\"https:\/\/legitgrams.com\/fr\/produit\/sel-de-bain-tranquillite\/\" \/>\n<meta property=\"og:locale\" content=\"fr_FR\" \/>\n<meta property=\"og:type\" content=\"article\" \/>\n<meta property=\"og:title\" content=\"Tranquility Bath Salt for Sale - Buy Tranquility Powder Online\" \/>\n<meta property=\"og:description\" content=\"Discover top-notch tranquility bath salt for sale at our online store - buy tranquility powder conveniently and securely to fuel your research. Explore and buy tranquility bath salt online, advancing your scientific endeavors with ease. Order Now!\" \/>\n<meta property=\"og:url\" content=\"https:\/\/legitgrams.com\/fr\/produit\/sel-de-bain-tranquillite\/\" \/>\n<meta property=\"og:site_name\" content=\"Legit Grams\" \/>\n<meta property=\"article:modified_time\" content=\"2025-01-15T05:47:01+00:00\" \/>\n<meta property=\"og:image\" content=\"https:\/\/legitgrams.com\/wp-content\/uploads\/2024\/09\/buy-tranquility-bath-salt-online.jpg\" \/>\n\t<meta property=\"og:image:width\" content=\"600\" \/>\n\t<meta property=\"og:image:height\" content=\"600\" \/>\n\t<meta property=\"og:image:type\" content=\"image\/jpeg\" \/>\n<meta name=\"twitter:card\" content=\"summary_large_image\" \/>\n<meta name=\"twitter:label1\" content=\"Dur\u00e9e de lecture est.\" \/>\n\t<meta name=\"twitter:data1\" content=\"2 minutes\" \/>\n<script type=\"application\/ld+json\" class=\"yoast-schema-graph\">{\"@context\":\"https:\/\/schema.org\",\"@graph\":[{\"@type\":\"WebPage\",\"@id\":\"https:\/\/legitgrams.com\/product\/tranquility-bath-salt\/\",\"url\":\"https:\/\/legitgrams.com\/product\/tranquility-bath-salt\/\",\"name\":\"Tranquility Bath Salt for Sale - Buy Tranquility Powder Online\",\"isPartOf\":{\"@id\":\"https:\/\/legitgrams.com\/#website\"},\"primaryImageOfPage\":{\"@id\":\"https:\/\/legitgrams.com\/product\/tranquility-bath-salt\/#primaryimage\"},\"image\":{\"@id\":\"https:\/\/legitgrams.com\/product\/tranquility-bath-salt\/#primaryimage\"},\"thumbnailUrl\":\"https:\/\/legitgrams.com\/wp-content\/uploads\/2024\/09\/buy-tranquility-bath-salt-online.jpg\",\"datePublished\":\"2024-09-20T12:24:18+00:00\",\"dateModified\":\"2025-01-15T05:47:01+00:00\",\"description\":\"Discover top-notch tranquility bath salt for sale at our online store - buy tranquility powder conveniently and securely to fuel your research. Explore and buy tranquility bath salt online, advancing your scientific endeavors with ease. Order Now!\",\"breadcrumb\":{\"@id\":\"https:\/\/legitgrams.com\/product\/tranquility-bath-salt\/#breadcrumb\"},\"inLanguage\":\"fr-BE\",\"potentialAction\":[{\"@type\":\"ReadAction\",\"target\":[\"https:\/\/legitgrams.com\/product\/tranquility-bath-salt\/\"]}]},{\"@type\":\"ImageObject\",\"inLanguage\":\"fr-BE\",\"@id\":\"https:\/\/legitgrams.com\/product\/tranquility-bath-salt\/#primaryimage\",\"url\":\"https:\/\/legitgrams.com\/wp-content\/uploads\/2024\/09\/buy-tranquility-bath-salt-online.jpg\",\"contentUrl\":\"https:\/\/legitgrams.com\/wp-content\/uploads\/2024\/09\/buy-tranquility-bath-salt-online.jpg\",\"width\":600,\"height\":600,\"caption\":\"Tranquility Bath Salt for Sale\"},{\"@type\":\"BreadcrumbList\",\"@id\":\"https:\/\/legitgrams.com\/product\/tranquility-bath-salt\/#breadcrumb\",\"itemListElement\":[{\"@type\":\"ListItem\",\"position\":1,\"name\":\"Home\",\"item\":\"https:\/\/legitgrams.com\/\"},{\"@type\":\"ListItem\",\"position\":2,\"name\":\"Shop\",\"item\":\"https:\/\/legitgrams.com\/shop\/\"},{\"@type\":\"ListItem\",\"position\":3,\"name\":\"Tranquility Bath Salt\"}]},{\"@type\":\"WebSite\",\"@id\":\"https:\/\/legitgrams.com\/#website\",\"url\":\"https:\/\/legitgrams.com\/\",\"name\":\"Legit Grams\",\"description\":\"My WordPress Blog\",\"publisher\":{\"@id\":\"https:\/\/legitgrams.com\/#organization\"},\"potentialAction\":[{\"@type\":\"SearchAction\",\"target\":{\"@type\":\"EntryPoint\",\"urlTemplate\":\"https:\/\/legitgrams.com\/?s={search_term_string}\"},\"query-input\":{\"@type\":\"PropertyValueSpecification\",\"valueRequired\":true,\"valueName\":\"search_term_string\"}}],\"inLanguage\":\"fr-BE\"},{\"@type\":\"Organization\",\"@id\":\"https:\/\/legitgrams.com\/#organization\",\"name\":\"Legit Grams\",\"url\":\"https:\/\/legitgrams.com\/\",\"logo\":{\"@type\":\"ImageObject\",\"inLanguage\":\"fr-BE\",\"@id\":\"https:\/\/legitgrams.com\/#\/schema\/logo\/image\/\",\"url\":\"https:\/\/legitgrams.com\/wp-content\/uploads\/2024\/09\/main-logo.png\",\"contentUrl\":\"https:\/\/legitgrams.com\/wp-content\/uploads\/2024\/09\/main-logo.png\",\"width\":270,\"height\":75,\"caption\":\"Legit Grams\"},\"image\":{\"@id\":\"https:\/\/legitgrams.com\/#\/schema\/logo\/image\/\"}}]}<\/script>\n<!-- \/ Yoast SEO plugin. -->","yoast_head_json":{"title":"Tranquility Bath Salt for Sale - Acheter Tranquility Powder en ligne","description":"D\u00e9couvrez les meilleurs sels de bain de tranquillit\u00e9 en vente dans notre magasin en ligne - achetez de la poudre de tranquillit\u00e9 de mani\u00e8re pratique et s\u00e9curis\u00e9e pour alimenter votre recherche. Explorez et achetez du sel de bain de tranquillit\u00e9 en ligne, pour faire avancer vos projets scientifiques en toute simplicit\u00e9. Commandez maintenant !","robots":{"index":"index","follow":"follow","max-snippet":"max-snippet:-1","max-image-preview":"max-image-preview:large","max-video-preview":"max-video-preview:-1"},"canonical":"https:\/\/legitgrams.com\/fr\/produit\/sel-de-bain-tranquillite\/","og_locale":"fr_FR","og_type":"article","og_title":"Tranquility Bath Salt for Sale - Buy Tranquility Powder Online","og_description":"Discover top-notch tranquility bath salt for sale at our online store - buy tranquility powder conveniently and securely to fuel your research. Explore and buy tranquility bath salt online, advancing your scientific endeavors with ease. Order Now!","og_url":"https:\/\/legitgrams.com\/fr\/produit\/sel-de-bain-tranquillite\/","og_site_name":"Legit Grams","article_modified_time":"2025-01-15T05:47:01+00:00","og_image":[{"width":600,"height":600,"url":"https:\/\/legitgrams.com\/wp-content\/uploads\/2024\/09\/buy-tranquility-bath-salt-online.jpg","type":"image\/jpeg"}],"twitter_card":"summary_large_image","twitter_misc":{"Dur\u00e9e de lecture est.":"2 minutes"},"schema":{"@context":"https:\/\/schema.org","@graph":[{"@type":"WebPage","@id":"https:\/\/legitgrams.com\/product\/tranquility-bath-salt\/","url":"https:\/\/legitgrams.com\/product\/tranquility-bath-salt\/","name":"Tranquility Bath Salt for Sale - Acheter Tranquility Powder en ligne","isPartOf":{"@id":"https:\/\/legitgrams.com\/#website"},"primaryImageOfPage":{"@id":"https:\/\/legitgrams.com\/product\/tranquility-bath-salt\/#primaryimage"},"image":{"@id":"https:\/\/legitgrams.com\/product\/tranquility-bath-salt\/#primaryimage"},"thumbnailUrl":"https:\/\/legitgrams.com\/wp-content\/uploads\/2024\/09\/buy-tranquility-bath-salt-online.jpg","datePublished":"2024-09-20T12:24:18+00:00","dateModified":"2025-01-15T05:47:01+00:00","description":"D\u00e9couvrez les meilleurs sels de bain de tranquillit\u00e9 en vente dans notre magasin en ligne - achetez de la poudre de tranquillit\u00e9 de mani\u00e8re pratique et s\u00e9curis\u00e9e pour alimenter votre recherche. Explorez et achetez du sel de bain de tranquillit\u00e9 en ligne, pour faire avancer vos projets scientifiques en toute simplicit\u00e9. Commandez maintenant !","breadcrumb":{"@id":"https:\/\/legitgrams.com\/product\/tranquility-bath-salt\/#breadcrumb"},"inLanguage":"fr-BE","potentialAction":[{"@type":"ReadAction","target":["https:\/\/legitgrams.com\/product\/tranquility-bath-salt\/"]}]},{"@type":"ImageObject","inLanguage":"fr-BE","@id":"https:\/\/legitgrams.com\/product\/tranquility-bath-salt\/#primaryimage","url":"https:\/\/legitgrams.com\/wp-content\/uploads\/2024\/09\/buy-tranquility-bath-salt-online.jpg","contentUrl":"https:\/\/legitgrams.com\/wp-content\/uploads\/2024\/09\/buy-tranquility-bath-salt-online.jpg","width":600,"height":600,"caption":"Tranquility Bath Salt for Sale"},{"@type":"BreadcrumbList","@id":"https:\/\/legitgrams.com\/product\/tranquility-bath-salt\/#breadcrumb","itemListElement":[{"@type":"ListItem","position":1,"name":"Home","item":"https:\/\/legitgrams.com\/"},{"@type":"ListItem","position":2,"name":"Shop","item":"https:\/\/legitgrams.com\/shop\/"},{"@type":"ListItem","position":3,"name":"Tranquility Bath Salt"}]},{"@type":"WebSite","@id":"https:\/\/legitgrams.com\/#website","url":"https:\/\/legitgrams.com\/","name":"Les grammes l\u00e9gitimes","description":"Mon blog WordPress","publisher":{"@id":"https:\/\/legitgrams.com\/#organization"},"potentialAction":[{"@type":"SearchAction","target":{"@type":"EntryPoint","urlTemplate":"https:\/\/legitgrams.com\/?s={search_term_string}"},"query-input":{"@type":"PropertyValueSpecification","valueRequired":true,"valueName":"search_term_string"}}],"inLanguage":"fr-BE"},{"@type":"Organization","@id":"https:\/\/legitgrams.com\/#organization","name":"Les grammes l\u00e9gitimes","url":"https:\/\/legitgrams.com\/","logo":{"@type":"ImageObject","inLanguage":"fr-BE","@id":"https:\/\/legitgrams.com\/#\/schema\/logo\/image\/","url":"https:\/\/legitgrams.com\/wp-content\/uploads\/2024\/09\/main-logo.png","contentUrl":"https:\/\/legitgrams.com\/wp-content\/uploads\/2024\/09\/main-logo.png","width":270,"height":75,"caption":"Legit Grams"},"image":{"@id":"https:\/\/legitgrams.com\/#\/schema\/logo\/image\/"}}]}},"uagb_featured_image_src":{"full":["https:\/\/legitgrams.com\/wp-content\/uploads\/2024\/09\/buy-tranquility-bath-salt-online.jpg",600,600,false],"thumbnail":["https:\/\/legitgrams.com\/wp-content\/uploads\/2024\/09\/buy-tranquility-bath-salt-online-150x150.jpg",150,150,true],"medium":["https:\/\/legitgrams.com\/wp-content\/uploads\/2024\/09\/buy-tranquility-bath-salt-online-300x300.jpg",300,300,true],"medium_large":["https:\/\/legitgrams.com\/wp-content\/uploads\/2024\/09\/buy-tranquility-bath-salt-online.jpg",600,600,false],"large":["https:\/\/legitgrams.com\/wp-content\/uploads\/2024\/09\/buy-tranquility-bath-salt-online.jpg",600,600,false],"1536x1536":["https:\/\/legitgrams.com\/wp-content\/uploads\/2024\/09\/buy-tranquility-bath-salt-online.jpg",600,600,false],"2048x2048":["https:\/\/legitgrams.com\/wp-content\/uploads\/2024\/09\/buy-tranquility-bath-salt-online.jpg",600,600,false],"trp-custom-language-flag":["https:\/\/legitgrams.com\/wp-content\/uploads\/2024\/09\/buy-tranquility-bath-salt-online-12x12.jpg",12,12,true],"woocommerce_thumbnail":["https:\/\/legitgrams.com\/wp-content\/uploads\/2024\/09\/buy-tranquility-bath-salt-online-300x300.jpg",300,300,true],"woocommerce_single":["https:\/\/legitgrams.com\/wp-content\/uploads\/2024\/09\/buy-tranquility-bath-salt-online.jpg",600,600,false],"woocommerce_gallery_thumbnail":["https:\/\/legitgrams.com\/wp-content\/uploads\/2024\/09\/buy-tranquility-bath-salt-online-100x100.jpg",100,100,true]},"uagb_author_info":{"display_name":"cokeblog18","author_link":"https:\/\/legitgrams.com\/fr\/author\/"},"uagb_comment_info":0,"uagb_excerpt":"Purchase Tranquility Bath Salt Online Buy Tranquility Bath Salts from a reputable online vendor. We provide the best bath goods, including bath salts. Bath salts provide a clean, soft, and pleasurable bathing experience. Nonetheless, we promise to provide our clients with the best quality on the market. But we provide different concentrated bath salts at&hellip;","_links":{"self":[{"href":"https:\/\/legitgrams.com\/fr\/wp-json\/wp\/v2\/product\/3947","targetHints":{"allow":["GET"]}}],"collection":[{"href":"https:\/\/legitgrams.com\/fr\/wp-json\/wp\/v2\/product"}],"about":[{"href":"https:\/\/legitgrams.com\/fr\/wp-json\/wp\/v2\/types\/product"}],"replies":[{"embeddable":true,"href":"https:\/\/legitgrams.com\/fr\/wp-json\/wp\/v2\/comments?post=3947"}],"wp:featuredmedia":[{"embeddable":true,"href":"https:\/\/legitgrams.com\/fr\/wp-json\/wp\/v2\/media\/5318"}],"wp:attachment":[{"href":"https:\/\/legitgrams.com\/fr\/wp-json\/wp\/v2\/media?parent=3947"}],"wp:term":[{"taxonomy":"product_brand","embeddable":true,"href":"https:\/\/legitgrams.com\/fr\/wp-json\/wp\/v2\/product_brand?post=3947"},{"taxonomy":"product_cat","embeddable":true,"href":"https:\/\/legitgrams.com\/fr\/wp-json\/wp\/v2\/product_cat?post=3947"},{"taxonomy":"product_tag","embeddable":true,"href":"https:\/\/legitgrams.com\/fr\/wp-json\/wp\/v2\/product_tag?post=3947"}],"curies":[{"name":"wp","href":"https:\/\/api.w.org\/{rel}","templated":true}]}}