{"id":3948,"date":"2024-09-20T12:21:03","date_gmt":"2024-09-20T12:21:03","guid":{"rendered":"https:\/\/legitgrams.com\/?post_type=product&#038;p=3948"},"modified":"2025-01-14T07:20:38","modified_gmt":"2025-01-14T07:20:38","slug":"kilocaine-en-poudre-99-pure","status":"publish","type":"product","link":"https:\/\/legitgrams.com\/fr\/produit\/kilocaine-en-poudre-99-pure\/","title":{"rendered":"Kiloca\u00efne en poudre 99 pure"},"content":{"rendered":"<h2>Achetez de la poudre de kiloca\u00efne pure \u00e0 99 % en ligne<br \/>\nLa kiloca\u00efne est similaire \u00e0 la coca\u00efne.<\/h2>\n<p>La kiloca\u00efne est un produit chimique de recherche nouveau et int\u00e9ressant qui a re\u00e7u de bonnes critiques depuis son introduction.<\/p>\n<p>Ces substances exp\u00e9rimentales sont \u00e9galement connues sous le nom de \u00ab drogues de synth\u00e8se \u00bb. Elles font partie d\u2019une nouvelle classe de drogues dont la composition chimique a chang\u00e9 au point de ne plus \u00eatre soumise \u00e0 des restrictions l\u00e9gales. On les appelle souvent \u00ab sels de bain \u00bb ou \u00ab euphorisants l\u00e9gaux \u00bb car elles sont vendues l\u00e9galement et ont g\u00e9n\u00e9ralement des effets extr\u00eamement similaires \u00e0 ceux des principales substances ill\u00e9gales d\u2019origine, m\u00eame si les compos\u00e9s exp\u00e9rimentaux eux-m\u00eames sont toujours l\u00e9gaux et non planifi\u00e9s. Plusieurs raisons rendent cette situation intrigante. <a href=\"https:\/\/legitgrams.com\/fr\/\">LegitGrams<\/a><\/p>\n<p>acheter 99% pur <a href=\"https:\/\/en.wikipedia.org\/wiki\/Cocaine\">Kiloca\u00efne<\/a> poudre en ligne, acheter de la poudre, acheter de la poudre, acheter de la poudre, acheter de la poudre, acheter de la poudre, acheter de la poudre, Emplacements pour l'achat de poudre de kiloca\u00efne pure \u00e0 99 % en ligne, Achat de poudre de kiloca\u00efne pure \u00e0 99 % en ligne, Achat de poudre de kiloca\u00efne pure \u00e0 99 % en ligne, \u00c9tats-Unis, Canada, Royaume-Uni, Achat, En ligne, Fournisseurs, Livraison s\u00e9curis\u00e9e, La poudre de kiloca\u00efne pure \u00e0 99 % est toujours disponible. Est-il permis aux Am\u00e9ricains d'acheter de la poudre de kiloca\u00efne pure \u00e0 99 % <a href=\"https:\/\/legitgrams.com\/fr\/produit\/kilocaine-en-poudre-99-pure\/\">kiloca\u00efne en poudre<\/a> en ligne ? Comment puis-je acheter de la kiloca\u00efne pure \u00e0 99 % en poudre ? L'achat de poudre de kiloca\u00efne pure \u00e0 99 % est-il l\u00e9gal au Canada ?<\/p>\n<h2><\/h2>\n<p>&nbsp;<\/p>","protected":false},"excerpt":{"rendered":"<p>Purchase 99 Pure Kilocaine Powder Online Kilocaine is similar to cocaine. Kilocaine is a new and interesting research chemical that has received good reviews since its introduction. These research substances are also known as &#8220;designer drugs.&#8221; They are part of a new class of drugs whose chemical composition has changed to the point where they &hellip;<\/p>\n<p class=\"read-more\"> <a class=\"\" href=\"https:\/\/legitgrams.com\/fr\/produit\/kilocaine-en-poudre-99-pure\/\"> <span class=\"screen-reader-text\">Kiloca\u00efne en poudre 99 pure<\/span> Lire la suite \"<\/a><\/p>","protected":false},"featured_media":5283,"comment_status":"open","ping_status":"closed","template":"","meta":{"_uag_custom_page_level_css":"","site-sidebar-layout":"default","site-content-layout":"default","ast-global-header-display":"","ast-main-header-display":"","ast-hfb-above-header-display":"","ast-hfb-below-header-display":"","ast-hfb-mobile-header-display":"","site-post-title":"","ast-breadcrumbs-content":"","ast-featured-img":"","footer-sml-layout":"","theme-transparent-header-meta":"default","adv-header-id-meta":"","stick-header-meta":"default","header-above-stick-meta":"","header-main-stick-meta":"","header-below-stick-meta":"","_joinchat":[]},"product_brand":[],"product_cat":[600],"product_tag":[3590,3580,617,3572,3587,3584,3579,3571,3574,3575,3582,3573,3583,3585,3592,3593,3591,3588,3577,3589,3586,625,3578,3581,3576],"class_list":{"0":"post-3948","1":"product","2":"type-product","3":"status-publish","4":"has-post-thumbnail","6":"product_cat-research-chemicals-and-bath-salt","7":"product_tag-best-cheap-price-kilocaine-powder-99-pure","8":"product_tag-best-place-to-buy-kilocaine-powder-99-pure","9":"product_tag-bulk-online","10":"product_tag-buy-kilocaine-powder-99-pure","11":"product_tag-cheap-kilocaine-powder-99-pure","12":"product_tag-high-quality-kilocaine-powder-99-pure","13":"product_tag-how-to-buy-kilocaine-powder-99-pure","14":"product_tag-kilocaine-powder-99-pure","15":"product_tag-kilocaine-powder-99-pure-for-sale","16":"product_tag-kilocaine-powder-99-pure-kilocaine-powder-99-pure-supplier","17":"product_tag-kilocaine-powder-99-pure-legally","18":"product_tag-kilocaine-powder-99-pure-online","19":"product_tag-kilocaine-powder-99-pure-price","20":"product_tag-kilocaine-powder-99-pure-store","21":"product_tag-kilocaine-powder-99-pure-use","22":"product_tag-kilocaine-powder-99-pure-wiki","23":"product_tag-kilocaine-powder-99-pure-worldwide","24":"product_tag-kilocaine-powder-99-pures","25":"product_tag-order-kilocaine-powder-99-pure","26":"product_tag-purcharse-kilocaine-powder-99-pure","27":"product_tag-shop-kilocaine-powder-99-pure","28":"product_tag-top-quality","29":"product_tag-where-to-buy-kilocaine-powder-99-pure","30":"product_tag-where-to-order-kilocaine-powder-99-pure","31":"product_tag-wholesale-kilocaine-powder-99-pure","32":"desktop-align-left","33":"tablet-align-left","34":"mobile-align-left","35":"ast-product-gallery-layout-horizontal","36":"ast-product-gallery-with-no-image","37":"ast-product-single-variable","38":"ast-product-tabs-layout-horizontal","39":"ast-qv-on-image","41":"first","42":"instock","43":"shipping-taxable","44":"purchasable","45":"product-type-variable"},"yoast_head":"<!-- This site is optimized with the Yoast SEO plugin v25.9 - https:\/\/yoast.com\/wordpress\/plugins\/seo\/ -->\n<title>Kilocaine Powder 99 Pure for Sale - Buy Kilocaine Powder Online<\/title>\n<meta name=\"description\" content=\"You can buy Kilocaine Powder 99 Pure online at the best prices from our online store. We have cheap and high-quality Kilocaine Powder 99 Pure for sale and providing worldwide delivery. You can order from anytime, anywhere.\" \/>\n<meta name=\"robots\" content=\"index, follow, max-snippet:-1, max-image-preview:large, max-video-preview:-1\" \/>\n<link rel=\"canonical\" href=\"https:\/\/legitgrams.com\/fr\/produit\/kilocaine-en-poudre-99-pure\/\" \/>\n<meta property=\"og:locale\" content=\"fr_FR\" \/>\n<meta property=\"og:type\" content=\"article\" \/>\n<meta property=\"og:title\" content=\"Kilocaine Powder 99 Pure for Sale - Buy Kilocaine Powder Online\" \/>\n<meta property=\"og:description\" content=\"You can buy Kilocaine Powder 99 Pure online at the best prices from our online store. We have cheap and high-quality Kilocaine Powder 99 Pure for sale and providing worldwide delivery. You can order from anytime, anywhere.\" \/>\n<meta property=\"og:url\" content=\"https:\/\/legitgrams.com\/fr\/produit\/kilocaine-en-poudre-99-pure\/\" \/>\n<meta property=\"og:site_name\" content=\"Legit Grams\" \/>\n<meta property=\"article:modified_time\" content=\"2025-01-14T07:20:38+00:00\" \/>\n<meta property=\"og:image\" content=\"https:\/\/legitgrams.com\/wp-content\/uploads\/2024\/09\/Buy-Kilocaine-Powder-99-Pure-Online.jpg\" \/>\n\t<meta property=\"og:image:width\" content=\"600\" \/>\n\t<meta property=\"og:image:height\" content=\"600\" \/>\n\t<meta property=\"og:image:type\" content=\"image\/jpeg\" \/>\n<meta name=\"twitter:card\" content=\"summary_large_image\" \/>\n<meta name=\"twitter:label1\" content=\"Dur\u00e9e de lecture est.\" \/>\n\t<meta name=\"twitter:data1\" content=\"2 minutes\" \/>\n<script type=\"application\/ld+json\" class=\"yoast-schema-graph\">{\"@context\":\"https:\/\/schema.org\",\"@graph\":[{\"@type\":\"WebPage\",\"@id\":\"https:\/\/legitgrams.com\/product\/kilocaine-powder-99-pure\/\",\"url\":\"https:\/\/legitgrams.com\/product\/kilocaine-powder-99-pure\/\",\"name\":\"Kilocaine Powder 99 Pure for Sale - Buy Kilocaine Powder Online\",\"isPartOf\":{\"@id\":\"https:\/\/legitgrams.com\/#website\"},\"primaryImageOfPage\":{\"@id\":\"https:\/\/legitgrams.com\/product\/kilocaine-powder-99-pure\/#primaryimage\"},\"image\":{\"@id\":\"https:\/\/legitgrams.com\/product\/kilocaine-powder-99-pure\/#primaryimage\"},\"thumbnailUrl\":\"https:\/\/legitgrams.com\/wp-content\/uploads\/2024\/09\/Buy-Kilocaine-Powder-99-Pure-Online.jpg\",\"datePublished\":\"2024-09-20T12:21:03+00:00\",\"dateModified\":\"2025-01-14T07:20:38+00:00\",\"description\":\"You can buy Kilocaine Powder 99 Pure online at the best prices from our online store. We have cheap and high-quality Kilocaine Powder 99 Pure for sale and providing worldwide delivery. You can order from anytime, anywhere.\",\"breadcrumb\":{\"@id\":\"https:\/\/legitgrams.com\/product\/kilocaine-powder-99-pure\/#breadcrumb\"},\"inLanguage\":\"fr-BE\",\"potentialAction\":[{\"@type\":\"ReadAction\",\"target\":[\"https:\/\/legitgrams.com\/product\/kilocaine-powder-99-pure\/\"]}]},{\"@type\":\"ImageObject\",\"inLanguage\":\"fr-BE\",\"@id\":\"https:\/\/legitgrams.com\/product\/kilocaine-powder-99-pure\/#primaryimage\",\"url\":\"https:\/\/legitgrams.com\/wp-content\/uploads\/2024\/09\/Buy-Kilocaine-Powder-99-Pure-Online.jpg\",\"contentUrl\":\"https:\/\/legitgrams.com\/wp-content\/uploads\/2024\/09\/Buy-Kilocaine-Powder-99-Pure-Online.jpg\",\"width\":600,\"height\":600,\"caption\":\"Kilocaine Powder 99 Pure for Sale\"},{\"@type\":\"BreadcrumbList\",\"@id\":\"https:\/\/legitgrams.com\/product\/kilocaine-powder-99-pure\/#breadcrumb\",\"itemListElement\":[{\"@type\":\"ListItem\",\"position\":1,\"name\":\"Home\",\"item\":\"https:\/\/legitgrams.com\/\"},{\"@type\":\"ListItem\",\"position\":2,\"name\":\"Shop\",\"item\":\"https:\/\/legitgrams.com\/shop\/\"},{\"@type\":\"ListItem\",\"position\":3,\"name\":\"Kilocaine Powder 99 Pure\"}]},{\"@type\":\"WebSite\",\"@id\":\"https:\/\/legitgrams.com\/#website\",\"url\":\"https:\/\/legitgrams.com\/\",\"name\":\"Legit Grams\",\"description\":\"My WordPress Blog\",\"publisher\":{\"@id\":\"https:\/\/legitgrams.com\/#organization\"},\"potentialAction\":[{\"@type\":\"SearchAction\",\"target\":{\"@type\":\"EntryPoint\",\"urlTemplate\":\"https:\/\/legitgrams.com\/?s={search_term_string}\"},\"query-input\":{\"@type\":\"PropertyValueSpecification\",\"valueRequired\":true,\"valueName\":\"search_term_string\"}}],\"inLanguage\":\"fr-BE\"},{\"@type\":\"Organization\",\"@id\":\"https:\/\/legitgrams.com\/#organization\",\"name\":\"Legit Grams\",\"url\":\"https:\/\/legitgrams.com\/\",\"logo\":{\"@type\":\"ImageObject\",\"inLanguage\":\"fr-BE\",\"@id\":\"https:\/\/legitgrams.com\/#\/schema\/logo\/image\/\",\"url\":\"https:\/\/legitgrams.com\/wp-content\/uploads\/2024\/09\/main-logo.png\",\"contentUrl\":\"https:\/\/legitgrams.com\/wp-content\/uploads\/2024\/09\/main-logo.png\",\"width\":270,\"height\":75,\"caption\":\"Legit Grams\"},\"image\":{\"@id\":\"https:\/\/legitgrams.com\/#\/schema\/logo\/image\/\"}}]}<\/script>\n<!-- \/ Yoast SEO plugin. -->","yoast_head_json":{"title":"Kilocaine Powder 99 Pure for Sale - Acheter Kilocaine Powder en ligne","description":"Vous pouvez acheter Kilocaine Powder 99 Pure en ligne au meilleur prix dans notre magasin en ligne. Nous vendons de la Kilocaine Powder 99 Pure \u00e0 bas prix et de haute qualit\u00e9 et nous assurons la livraison dans le monde entier. Vous pouvez commander \u00e0 tout moment, n'importe o\u00f9.","robots":{"index":"index","follow":"follow","max-snippet":"max-snippet:-1","max-image-preview":"max-image-preview:large","max-video-preview":"max-video-preview:-1"},"canonical":"https:\/\/legitgrams.com\/fr\/produit\/kilocaine-en-poudre-99-pure\/","og_locale":"fr_FR","og_type":"article","og_title":"Kilocaine Powder 99 Pure for Sale - Buy Kilocaine Powder Online","og_description":"You can buy Kilocaine Powder 99 Pure online at the best prices from our online store. We have cheap and high-quality Kilocaine Powder 99 Pure for sale and providing worldwide delivery. You can order from anytime, anywhere.","og_url":"https:\/\/legitgrams.com\/fr\/produit\/kilocaine-en-poudre-99-pure\/","og_site_name":"Legit Grams","article_modified_time":"2025-01-14T07:20:38+00:00","og_image":[{"width":600,"height":600,"url":"https:\/\/legitgrams.com\/wp-content\/uploads\/2024\/09\/Buy-Kilocaine-Powder-99-Pure-Online.jpg","type":"image\/jpeg"}],"twitter_card":"summary_large_image","twitter_misc":{"Dur\u00e9e de lecture est.":"2 minutes"},"schema":{"@context":"https:\/\/schema.org","@graph":[{"@type":"WebPage","@id":"https:\/\/legitgrams.com\/product\/kilocaine-powder-99-pure\/","url":"https:\/\/legitgrams.com\/product\/kilocaine-powder-99-pure\/","name":"Kilocaine Powder 99 Pure for Sale - Acheter Kilocaine Powder en ligne","isPartOf":{"@id":"https:\/\/legitgrams.com\/#website"},"primaryImageOfPage":{"@id":"https:\/\/legitgrams.com\/product\/kilocaine-powder-99-pure\/#primaryimage"},"image":{"@id":"https:\/\/legitgrams.com\/product\/kilocaine-powder-99-pure\/#primaryimage"},"thumbnailUrl":"https:\/\/legitgrams.com\/wp-content\/uploads\/2024\/09\/Buy-Kilocaine-Powder-99-Pure-Online.jpg","datePublished":"2024-09-20T12:21:03+00:00","dateModified":"2025-01-14T07:20:38+00:00","description":"Vous pouvez acheter Kilocaine Powder 99 Pure en ligne au meilleur prix dans notre magasin en ligne. Nous vendons de la Kilocaine Powder 99 Pure \u00e0 bas prix et de haute qualit\u00e9 et nous assurons la livraison dans le monde entier. Vous pouvez commander \u00e0 tout moment, n'importe o\u00f9.","breadcrumb":{"@id":"https:\/\/legitgrams.com\/product\/kilocaine-powder-99-pure\/#breadcrumb"},"inLanguage":"fr-BE","potentialAction":[{"@type":"ReadAction","target":["https:\/\/legitgrams.com\/product\/kilocaine-powder-99-pure\/"]}]},{"@type":"ImageObject","inLanguage":"fr-BE","@id":"https:\/\/legitgrams.com\/product\/kilocaine-powder-99-pure\/#primaryimage","url":"https:\/\/legitgrams.com\/wp-content\/uploads\/2024\/09\/Buy-Kilocaine-Powder-99-Pure-Online.jpg","contentUrl":"https:\/\/legitgrams.com\/wp-content\/uploads\/2024\/09\/Buy-Kilocaine-Powder-99-Pure-Online.jpg","width":600,"height":600,"caption":"Kilocaine Powder 99 Pure for Sale"},{"@type":"BreadcrumbList","@id":"https:\/\/legitgrams.com\/product\/kilocaine-powder-99-pure\/#breadcrumb","itemListElement":[{"@type":"ListItem","position":1,"name":"Home","item":"https:\/\/legitgrams.com\/"},{"@type":"ListItem","position":2,"name":"Shop","item":"https:\/\/legitgrams.com\/shop\/"},{"@type":"ListItem","position":3,"name":"Kilocaine Powder 99 Pure"}]},{"@type":"WebSite","@id":"https:\/\/legitgrams.com\/#website","url":"https:\/\/legitgrams.com\/","name":"Les grammes l\u00e9gitimes","description":"Mon blog WordPress","publisher":{"@id":"https:\/\/legitgrams.com\/#organization"},"potentialAction":[{"@type":"SearchAction","target":{"@type":"EntryPoint","urlTemplate":"https:\/\/legitgrams.com\/?s={search_term_string}"},"query-input":{"@type":"PropertyValueSpecification","valueRequired":true,"valueName":"search_term_string"}}],"inLanguage":"fr-BE"},{"@type":"Organization","@id":"https:\/\/legitgrams.com\/#organization","name":"Les grammes l\u00e9gitimes","url":"https:\/\/legitgrams.com\/","logo":{"@type":"ImageObject","inLanguage":"fr-BE","@id":"https:\/\/legitgrams.com\/#\/schema\/logo\/image\/","url":"https:\/\/legitgrams.com\/wp-content\/uploads\/2024\/09\/main-logo.png","contentUrl":"https:\/\/legitgrams.com\/wp-content\/uploads\/2024\/09\/main-logo.png","width":270,"height":75,"caption":"Legit Grams"},"image":{"@id":"https:\/\/legitgrams.com\/#\/schema\/logo\/image\/"}}]}},"uagb_featured_image_src":{"full":["https:\/\/legitgrams.com\/wp-content\/uploads\/2024\/09\/Buy-Kilocaine-Powder-99-Pure-Online.jpg",600,600,false],"thumbnail":["https:\/\/legitgrams.com\/wp-content\/uploads\/2024\/09\/Buy-Kilocaine-Powder-99-Pure-Online-150x150.jpg",150,150,true],"medium":["https:\/\/legitgrams.com\/wp-content\/uploads\/2024\/09\/Buy-Kilocaine-Powder-99-Pure-Online-300x300.jpg",300,300,true],"medium_large":["https:\/\/legitgrams.com\/wp-content\/uploads\/2024\/09\/Buy-Kilocaine-Powder-99-Pure-Online.jpg",600,600,false],"large":["https:\/\/legitgrams.com\/wp-content\/uploads\/2024\/09\/Buy-Kilocaine-Powder-99-Pure-Online.jpg",600,600,false],"1536x1536":["https:\/\/legitgrams.com\/wp-content\/uploads\/2024\/09\/Buy-Kilocaine-Powder-99-Pure-Online.jpg",600,600,false],"2048x2048":["https:\/\/legitgrams.com\/wp-content\/uploads\/2024\/09\/Buy-Kilocaine-Powder-99-Pure-Online.jpg",600,600,false],"trp-custom-language-flag":["https:\/\/legitgrams.com\/wp-content\/uploads\/2024\/09\/Buy-Kilocaine-Powder-99-Pure-Online-12x12.jpg",12,12,true],"woocommerce_thumbnail":["https:\/\/legitgrams.com\/wp-content\/uploads\/2024\/09\/Buy-Kilocaine-Powder-99-Pure-Online-300x300.jpg",300,300,true],"woocommerce_single":["https:\/\/legitgrams.com\/wp-content\/uploads\/2024\/09\/Buy-Kilocaine-Powder-99-Pure-Online.jpg",600,600,false],"woocommerce_gallery_thumbnail":["https:\/\/legitgrams.com\/wp-content\/uploads\/2024\/09\/Buy-Kilocaine-Powder-99-Pure-Online-100x100.jpg",100,100,true]},"uagb_author_info":{"display_name":"cokeblog18","author_link":"https:\/\/legitgrams.com\/fr\/author\/"},"uagb_comment_info":0,"uagb_excerpt":"Purchase 99 Pure Kilocaine Powder Online Kilocaine is similar to cocaine. Kilocaine is a new and interesting research chemical that has received good reviews since its introduction. These research substances are also known as &#8220;designer drugs.&#8221; They are part of a new class of drugs whose chemical composition has changed to the point where they&hellip;","_links":{"self":[{"href":"https:\/\/legitgrams.com\/fr\/wp-json\/wp\/v2\/product\/3948","targetHints":{"allow":["GET"]}}],"collection":[{"href":"https:\/\/legitgrams.com\/fr\/wp-json\/wp\/v2\/product"}],"about":[{"href":"https:\/\/legitgrams.com\/fr\/wp-json\/wp\/v2\/types\/product"}],"replies":[{"embeddable":true,"href":"https:\/\/legitgrams.com\/fr\/wp-json\/wp\/v2\/comments?post=3948"}],"wp:featuredmedia":[{"embeddable":true,"href":"https:\/\/legitgrams.com\/fr\/wp-json\/wp\/v2\/media\/5283"}],"wp:attachment":[{"href":"https:\/\/legitgrams.com\/fr\/wp-json\/wp\/v2\/media?parent=3948"}],"wp:term":[{"taxonomy":"product_brand","embeddable":true,"href":"https:\/\/legitgrams.com\/fr\/wp-json\/wp\/v2\/product_brand?post=3948"},{"taxonomy":"product_cat","embeddable":true,"href":"https:\/\/legitgrams.com\/fr\/wp-json\/wp\/v2\/product_cat?post=3948"},{"taxonomy":"product_tag","embeddable":true,"href":"https:\/\/legitgrams.com\/fr\/wp-json\/wp\/v2\/product_tag?post=3948"}],"curies":[{"name":"wp","href":"https:\/\/api.w.org\/{rel}","templated":true}]}}