{"id":3961,"date":"2024-09-21T05:10:45","date_gmt":"2024-09-21T05:10:45","guid":{"rendered":"https:\/\/legitgrams.com\/?post_type=product&#038;p=3961"},"modified":"2025-01-13T11:09:28","modified_gmt":"2025-01-13T11:09:28","slug":"clonazolam-en-poudre","status":"publish","type":"product","link":"https:\/\/legitgrams.com\/fr\/produit\/clonazolam-en-poudre\/","title":{"rendered":"Clonazolam en poudre"},"content":{"rendered":"<h2>\u00c0 vendre : poudre de clonazolam<\/h2>\n<p><a href=\"https:\/\/legitgrams.com\/fr\/produit\/clonazolam-en-poudre\/\">Poudre de clonazolam<\/a> fait partie de la classe des benzodiaz\u00e9pines, des m\u00e9dicaments professionnels utilis\u00e9s pour diverses raisons et dans le traitement de nombreuses maladies. En 1971, il a \u00e9t\u00e9 d\u00e9velopp\u00e9 pour la premi\u00e8re fois en tant que drogue de synth\u00e8se. Ses caract\u00e9ristiques uniques en ont fait l'un des m\u00e9dicaments les plus utilis\u00e9s dans le monde ces derni\u00e8res ann\u00e9es. De nos jours, il est utilis\u00e9 comme produit chimique pour la recherche et pour traiter diverses maladies.<\/p>\n<h3>Comment fonctionne la poudre de clonazolam<\/h3>\n<p><a href=\"https:\/\/en.wikipedia.org\/wiki\/Clonazolam\">Clonazolam<\/a> La poudre est un ingr\u00e9dient psychoactif qui fonctionne de mani\u00e8re similaire \u00e0 tous ces prom\u00e9dicaments, tout comme les autres benzodiaz\u00e9pines. Elle a plus de potentiel que les autres prom\u00e9dicaments de la s\u00e9rie des benzodiaz\u00e9pines.<\/p>\n<p>Il agit de la m\u00eame mani\u00e8re que tous les prom\u00e9dicaments, mais plus rapidement que tous les prom\u00e9dicaments de cette famille ou de toute autre. Il agit en ayant un impact direct sur le syst\u00e8me de neurotransmetteurs du cerveau humain.<\/p>\n<p>Cette m\u00e9thode am\u00e9liore la capacit\u00e9 de certains compos\u00e9s \u00e0 remplir la fonction correspondante. Cela favorise un sommeil r\u00e9parateur, ce qui favorise la relaxation musculaire. <a href=\"https:\/\/legitgrams.com\/fr\/\">LegitGrams<\/a><\/p>\n<p>La poudre de clonazolam procure au corps le repos dont il a besoin. Presque tous les m\u00e9decins l'utilisent pour traiter un patient qui a du mal \u00e0 dormir. De plus, les m\u00e9decins utilisent cette approche pour rendre leurs patients chirurgicaux inconscients.<\/p>\n<p>Ce prom\u00e9dicament aide \u00e9galement les m\u00e9decins \u00e0 \u00e9viter que les patients ne prennent d\u2019autres m\u00e9dicaments. Gr\u00e2ce \u00e0 un certain nombre de processus, l\u2019alcool peut m\u00eame \u00eatre \u00e9limin\u00e9 de l\u2019organisme entier. Le clonazolam est un excellent m\u00e9dicament, mais seulement s\u2019il est pris selon les prescriptions d\u2019un m\u00e9decin et en respectant les besoins de l\u2019organisme.<\/p>\n<p>L'utilisation \u00e0 long terme de la poudre de clonazolam est n\u00e9faste pour la sant\u00e9 humaine. Elle pourrait avoir un effet sur le syst\u00e8me neuronal du cerveau et nuire gravement \u00e0 la sant\u00e9 humaine.<\/p>\n<p>Notre pharmacie en ligne propose du clonazolam \u00e0 des prix exceptionnellement bas. Notre entreprise propose \u00e9galement le service d'exp\u00e9dition rapide des marchandises.<\/p>","protected":false},"excerpt":{"rendered":"<p>For Sale: Clonazolam Powder Clonazolam powder is a member of the benzodiazepine class of professional drugs, which are used for a number of reasons and in a number of illnesses. In 1971, it was first developed as a designer drug. Its unique characteristics have made it one of the most widely used drugs worldwide in &hellip;<\/p>\n<p class=\"read-more\"> <a class=\"\" href=\"https:\/\/legitgrams.com\/fr\/produit\/clonazolam-en-poudre\/\"> <span class=\"screen-reader-text\">Clonazolam en poudre<\/span> Lire la suite \"<\/a><\/p>","protected":false},"featured_media":5271,"comment_status":"open","ping_status":"closed","template":"","meta":{"_uag_custom_page_level_css":"","site-sidebar-layout":"default","site-content-layout":"default","ast-global-header-display":"","ast-main-header-display":"","ast-hfb-above-header-display":"","ast-hfb-below-header-display":"","ast-hfb-mobile-header-display":"","site-post-title":"","ast-breadcrumbs-content":"","ast-featured-img":"","footer-sml-layout":"","theme-transparent-header-meta":"default","adv-header-id-meta":"","stick-header-meta":"default","header-above-stick-meta":"","header-main-stick-meta":"","header-below-stick-meta":"","_joinchat":[]},"product_brand":[],"product_cat":[600],"product_tag":[3475,3465,617,3457,3472,3456,3460,3459,3467,3458,3468,3470,3477,3478,3476,3473,3469,3464,3462,3474,3471,625,3463,3466,3461],"class_list":{"0":"post-3961","1":"product","2":"type-product","3":"status-publish","4":"has-post-thumbnail","6":"product_cat-research-chemicals-and-bath-salt","7":"product_tag-best-cheap-price-clonazolam-powder","8":"product_tag-best-place-to-buy-clonazolam-powder","9":"product_tag-bulk-online","10":"product_tag-buy-clonazolam-powder","11":"product_tag-cheap-clonazolam-powder","12":"product_tag-clonazolam-powder","13":"product_tag-clonazolam-powder-clonazolam-powder-supplier","14":"product_tag-clonazolam-powder-for-sale","15":"product_tag-clonazolam-powder-legally","16":"product_tag-clonazolam-powder-online","17":"product_tag-clonazolam-powder-price","18":"product_tag-clonazolam-powder-store","19":"product_tag-clonazolam-powder-use","20":"product_tag-clonazolam-powder-wiki","21":"product_tag-clonazolam-powder-worldwide","22":"product_tag-clonazolam-powders","23":"product_tag-high-quality-clonazolam-powder","24":"product_tag-how-to-buy-clonazolam-powder","25":"product_tag-order-clonazolam-powder","26":"product_tag-purcharse-clonazolam-powder","27":"product_tag-shop-clonazolam-powder","28":"product_tag-top-quality","29":"product_tag-where-to-buy-clonazolam-powder","30":"product_tag-where-to-order-clonazolam-powder","31":"product_tag-wholesale-clonazolam-powder","32":"desktop-align-left","33":"tablet-align-left","34":"mobile-align-left","35":"ast-product-gallery-layout-horizontal","36":"ast-product-gallery-with-no-image","37":"ast-product-single-variable","38":"ast-product-tabs-layout-horizontal","39":"ast-qv-on-image","41":"first","42":"instock","43":"featured","44":"shipping-taxable","45":"purchasable","46":"product-type-variable"},"yoast_head":"<!-- This site is optimized with the Yoast SEO plugin v25.9 - https:\/\/yoast.com\/wordpress\/plugins\/seo\/ -->\n<title>Clonazolam Powder for Sale - Order Clonazolam Powder Online<\/title>\n<meta name=\"description\" content=\"Clonazolam Powder for sale is now easily available at our online store. You can connect directly with our chemicals store and buy Clonazolam Powder online at the best prices.\" \/>\n<meta name=\"robots\" content=\"index, follow, max-snippet:-1, max-image-preview:large, max-video-preview:-1\" \/>\n<link rel=\"canonical\" href=\"https:\/\/legitgrams.com\/fr\/produit\/clonazolam-en-poudre\/\" \/>\n<meta property=\"og:locale\" content=\"fr_FR\" \/>\n<meta property=\"og:type\" content=\"article\" \/>\n<meta property=\"og:title\" content=\"Clonazolam Powder for Sale - Order Clonazolam Powder Online\" \/>\n<meta property=\"og:description\" content=\"Clonazolam Powder for sale is now easily available at our online store. You can connect directly with our chemicals store and buy Clonazolam Powder online at the best prices.\" \/>\n<meta property=\"og:url\" content=\"https:\/\/legitgrams.com\/fr\/produit\/clonazolam-en-poudre\/\" \/>\n<meta property=\"og:site_name\" content=\"Legit Grams\" \/>\n<meta property=\"article:modified_time\" content=\"2025-01-13T11:09:28+00:00\" \/>\n<meta property=\"og:image\" content=\"https:\/\/legitgrams.com\/wp-content\/uploads\/2024\/09\/Buy-cheap-clonazolam-powder-online.jpg\" \/>\n\t<meta property=\"og:image:width\" content=\"600\" \/>\n\t<meta property=\"og:image:height\" content=\"600\" \/>\n\t<meta property=\"og:image:type\" content=\"image\/jpeg\" \/>\n<meta name=\"twitter:card\" content=\"summary_large_image\" \/>\n<meta name=\"twitter:label1\" content=\"Dur\u00e9e de lecture est.\" \/>\n\t<meta name=\"twitter:data1\" content=\"2 minutes\" \/>\n<script type=\"application\/ld+json\" class=\"yoast-schema-graph\">{\"@context\":\"https:\/\/schema.org\",\"@graph\":[{\"@type\":\"WebPage\",\"@id\":\"https:\/\/legitgrams.com\/product\/clonazolam-powder\/\",\"url\":\"https:\/\/legitgrams.com\/product\/clonazolam-powder\/\",\"name\":\"Clonazolam Powder for Sale - Order Clonazolam Powder Online\",\"isPartOf\":{\"@id\":\"https:\/\/legitgrams.com\/#website\"},\"primaryImageOfPage\":{\"@id\":\"https:\/\/legitgrams.com\/product\/clonazolam-powder\/#primaryimage\"},\"image\":{\"@id\":\"https:\/\/legitgrams.com\/product\/clonazolam-powder\/#primaryimage\"},\"thumbnailUrl\":\"https:\/\/legitgrams.com\/wp-content\/uploads\/2024\/09\/Buy-cheap-clonazolam-powder-online.jpg\",\"datePublished\":\"2024-09-21T05:10:45+00:00\",\"dateModified\":\"2025-01-13T11:09:28+00:00\",\"description\":\"Clonazolam Powder for sale is now easily available at our online store. You can connect directly with our chemicals store and buy Clonazolam Powder online at the best prices.\",\"breadcrumb\":{\"@id\":\"https:\/\/legitgrams.com\/product\/clonazolam-powder\/#breadcrumb\"},\"inLanguage\":\"fr-BE\",\"potentialAction\":[{\"@type\":\"ReadAction\",\"target\":[\"https:\/\/legitgrams.com\/product\/clonazolam-powder\/\"]}]},{\"@type\":\"ImageObject\",\"inLanguage\":\"fr-BE\",\"@id\":\"https:\/\/legitgrams.com\/product\/clonazolam-powder\/#primaryimage\",\"url\":\"https:\/\/legitgrams.com\/wp-content\/uploads\/2024\/09\/Buy-cheap-clonazolam-powder-online.jpg\",\"contentUrl\":\"https:\/\/legitgrams.com\/wp-content\/uploads\/2024\/09\/Buy-cheap-clonazolam-powder-online.jpg\",\"width\":600,\"height\":600,\"caption\":\"Clonazolam Powder for Sale\"},{\"@type\":\"BreadcrumbList\",\"@id\":\"https:\/\/legitgrams.com\/product\/clonazolam-powder\/#breadcrumb\",\"itemListElement\":[{\"@type\":\"ListItem\",\"position\":1,\"name\":\"Home\",\"item\":\"https:\/\/legitgrams.com\/\"},{\"@type\":\"ListItem\",\"position\":2,\"name\":\"Shop\",\"item\":\"https:\/\/legitgrams.com\/shop\/\"},{\"@type\":\"ListItem\",\"position\":3,\"name\":\"Clonazolam Powder\"}]},{\"@type\":\"WebSite\",\"@id\":\"https:\/\/legitgrams.com\/#website\",\"url\":\"https:\/\/legitgrams.com\/\",\"name\":\"Legit Grams\",\"description\":\"My WordPress Blog\",\"publisher\":{\"@id\":\"https:\/\/legitgrams.com\/#organization\"},\"potentialAction\":[{\"@type\":\"SearchAction\",\"target\":{\"@type\":\"EntryPoint\",\"urlTemplate\":\"https:\/\/legitgrams.com\/?s={search_term_string}\"},\"query-input\":{\"@type\":\"PropertyValueSpecification\",\"valueRequired\":true,\"valueName\":\"search_term_string\"}}],\"inLanguage\":\"fr-BE\"},{\"@type\":\"Organization\",\"@id\":\"https:\/\/legitgrams.com\/#organization\",\"name\":\"Legit Grams\",\"url\":\"https:\/\/legitgrams.com\/\",\"logo\":{\"@type\":\"ImageObject\",\"inLanguage\":\"fr-BE\",\"@id\":\"https:\/\/legitgrams.com\/#\/schema\/logo\/image\/\",\"url\":\"https:\/\/legitgrams.com\/wp-content\/uploads\/2024\/09\/main-logo.png\",\"contentUrl\":\"https:\/\/legitgrams.com\/wp-content\/uploads\/2024\/09\/main-logo.png\",\"width\":270,\"height\":75,\"caption\":\"Legit Grams\"},\"image\":{\"@id\":\"https:\/\/legitgrams.com\/#\/schema\/logo\/image\/\"}}]}<\/script>\n<!-- \/ Yoast SEO plugin. -->","yoast_head_json":{"title":"Clonazolam Powder for Sale - Commande de Clonazolam Powder en ligne","description":"Clonazolam Powder pour la vente est maintenant facilement disponible dans notre magasin en ligne. Vous pouvez vous connecter directement \u00e0 notre magasin de produits chimiques et acheter Clonazolam Powder en ligne aux meilleurs prix.","robots":{"index":"index","follow":"follow","max-snippet":"max-snippet:-1","max-image-preview":"max-image-preview:large","max-video-preview":"max-video-preview:-1"},"canonical":"https:\/\/legitgrams.com\/fr\/produit\/clonazolam-en-poudre\/","og_locale":"fr_FR","og_type":"article","og_title":"Clonazolam Powder for Sale - Order Clonazolam Powder Online","og_description":"Clonazolam Powder for sale is now easily available at our online store. You can connect directly with our chemicals store and buy Clonazolam Powder online at the best prices.","og_url":"https:\/\/legitgrams.com\/fr\/produit\/clonazolam-en-poudre\/","og_site_name":"Legit Grams","article_modified_time":"2025-01-13T11:09:28+00:00","og_image":[{"width":600,"height":600,"url":"https:\/\/legitgrams.com\/wp-content\/uploads\/2024\/09\/Buy-cheap-clonazolam-powder-online.jpg","type":"image\/jpeg"}],"twitter_card":"summary_large_image","twitter_misc":{"Dur\u00e9e de lecture est.":"2 minutes"},"schema":{"@context":"https:\/\/schema.org","@graph":[{"@type":"WebPage","@id":"https:\/\/legitgrams.com\/product\/clonazolam-powder\/","url":"https:\/\/legitgrams.com\/product\/clonazolam-powder\/","name":"Clonazolam Powder for Sale - Commande de Clonazolam Powder en ligne","isPartOf":{"@id":"https:\/\/legitgrams.com\/#website"},"primaryImageOfPage":{"@id":"https:\/\/legitgrams.com\/product\/clonazolam-powder\/#primaryimage"},"image":{"@id":"https:\/\/legitgrams.com\/product\/clonazolam-powder\/#primaryimage"},"thumbnailUrl":"https:\/\/legitgrams.com\/wp-content\/uploads\/2024\/09\/Buy-cheap-clonazolam-powder-online.jpg","datePublished":"2024-09-21T05:10:45+00:00","dateModified":"2025-01-13T11:09:28+00:00","description":"Clonazolam Powder pour la vente est maintenant facilement disponible dans notre magasin en ligne. Vous pouvez vous connecter directement \u00e0 notre magasin de produits chimiques et acheter Clonazolam Powder en ligne aux meilleurs prix.","breadcrumb":{"@id":"https:\/\/legitgrams.com\/product\/clonazolam-powder\/#breadcrumb"},"inLanguage":"fr-BE","potentialAction":[{"@type":"ReadAction","target":["https:\/\/legitgrams.com\/product\/clonazolam-powder\/"]}]},{"@type":"ImageObject","inLanguage":"fr-BE","@id":"https:\/\/legitgrams.com\/product\/clonazolam-powder\/#primaryimage","url":"https:\/\/legitgrams.com\/wp-content\/uploads\/2024\/09\/Buy-cheap-clonazolam-powder-online.jpg","contentUrl":"https:\/\/legitgrams.com\/wp-content\/uploads\/2024\/09\/Buy-cheap-clonazolam-powder-online.jpg","width":600,"height":600,"caption":"Clonazolam Powder for Sale"},{"@type":"BreadcrumbList","@id":"https:\/\/legitgrams.com\/product\/clonazolam-powder\/#breadcrumb","itemListElement":[{"@type":"ListItem","position":1,"name":"Home","item":"https:\/\/legitgrams.com\/"},{"@type":"ListItem","position":2,"name":"Shop","item":"https:\/\/legitgrams.com\/shop\/"},{"@type":"ListItem","position":3,"name":"Clonazolam Powder"}]},{"@type":"WebSite","@id":"https:\/\/legitgrams.com\/#website","url":"https:\/\/legitgrams.com\/","name":"Les grammes l\u00e9gitimes","description":"Mon blog WordPress","publisher":{"@id":"https:\/\/legitgrams.com\/#organization"},"potentialAction":[{"@type":"SearchAction","target":{"@type":"EntryPoint","urlTemplate":"https:\/\/legitgrams.com\/?s={search_term_string}"},"query-input":{"@type":"PropertyValueSpecification","valueRequired":true,"valueName":"search_term_string"}}],"inLanguage":"fr-BE"},{"@type":"Organization","@id":"https:\/\/legitgrams.com\/#organization","name":"Les grammes l\u00e9gitimes","url":"https:\/\/legitgrams.com\/","logo":{"@type":"ImageObject","inLanguage":"fr-BE","@id":"https:\/\/legitgrams.com\/#\/schema\/logo\/image\/","url":"https:\/\/legitgrams.com\/wp-content\/uploads\/2024\/09\/main-logo.png","contentUrl":"https:\/\/legitgrams.com\/wp-content\/uploads\/2024\/09\/main-logo.png","width":270,"height":75,"caption":"Legit Grams"},"image":{"@id":"https:\/\/legitgrams.com\/#\/schema\/logo\/image\/"}}]}},"uagb_featured_image_src":{"full":["https:\/\/legitgrams.com\/wp-content\/uploads\/2024\/09\/Buy-cheap-clonazolam-powder-online.jpg",600,600,false],"thumbnail":["https:\/\/legitgrams.com\/wp-content\/uploads\/2024\/09\/Buy-cheap-clonazolam-powder-online-150x150.jpg",150,150,true],"medium":["https:\/\/legitgrams.com\/wp-content\/uploads\/2024\/09\/Buy-cheap-clonazolam-powder-online-300x300.jpg",300,300,true],"medium_large":["https:\/\/legitgrams.com\/wp-content\/uploads\/2024\/09\/Buy-cheap-clonazolam-powder-online.jpg",600,600,false],"large":["https:\/\/legitgrams.com\/wp-content\/uploads\/2024\/09\/Buy-cheap-clonazolam-powder-online.jpg",600,600,false],"1536x1536":["https:\/\/legitgrams.com\/wp-content\/uploads\/2024\/09\/Buy-cheap-clonazolam-powder-online.jpg",600,600,false],"2048x2048":["https:\/\/legitgrams.com\/wp-content\/uploads\/2024\/09\/Buy-cheap-clonazolam-powder-online.jpg",600,600,false],"trp-custom-language-flag":["https:\/\/legitgrams.com\/wp-content\/uploads\/2024\/09\/Buy-cheap-clonazolam-powder-online-12x12.jpg",12,12,true],"woocommerce_thumbnail":["https:\/\/legitgrams.com\/wp-content\/uploads\/2024\/09\/Buy-cheap-clonazolam-powder-online-300x300.jpg",300,300,true],"woocommerce_single":["https:\/\/legitgrams.com\/wp-content\/uploads\/2024\/09\/Buy-cheap-clonazolam-powder-online.jpg",600,600,false],"woocommerce_gallery_thumbnail":["https:\/\/legitgrams.com\/wp-content\/uploads\/2024\/09\/Buy-cheap-clonazolam-powder-online-100x100.jpg",100,100,true]},"uagb_author_info":{"display_name":"cokeblog18","author_link":"https:\/\/legitgrams.com\/fr\/author\/"},"uagb_comment_info":1,"uagb_excerpt":"For Sale: Clonazolam Powder Clonazolam powder is a member of the benzodiazepine class of professional drugs, which are used for a number of reasons and in a number of illnesses. In 1971, it was first developed as a designer drug. Its unique characteristics have made it one of the most widely used drugs worldwide in&hellip;","_links":{"self":[{"href":"https:\/\/legitgrams.com\/fr\/wp-json\/wp\/v2\/product\/3961","targetHints":{"allow":["GET"]}}],"collection":[{"href":"https:\/\/legitgrams.com\/fr\/wp-json\/wp\/v2\/product"}],"about":[{"href":"https:\/\/legitgrams.com\/fr\/wp-json\/wp\/v2\/types\/product"}],"replies":[{"embeddable":true,"href":"https:\/\/legitgrams.com\/fr\/wp-json\/wp\/v2\/comments?post=3961"}],"wp:featuredmedia":[{"embeddable":true,"href":"https:\/\/legitgrams.com\/fr\/wp-json\/wp\/v2\/media\/5271"}],"wp:attachment":[{"href":"https:\/\/legitgrams.com\/fr\/wp-json\/wp\/v2\/media?parent=3961"}],"wp:term":[{"taxonomy":"product_brand","embeddable":true,"href":"https:\/\/legitgrams.com\/fr\/wp-json\/wp\/v2\/product_brand?post=3961"},{"taxonomy":"product_cat","embeddable":true,"href":"https:\/\/legitgrams.com\/fr\/wp-json\/wp\/v2\/product_cat?post=3961"},{"taxonomy":"product_tag","embeddable":true,"href":"https:\/\/legitgrams.com\/fr\/wp-json\/wp\/v2\/product_tag?post=3961"}],"curies":[{"name":"wp","href":"https:\/\/api.w.org\/{rel}","templated":true}]}}