{"id":3962,"date":"2024-09-21T05:19:45","date_gmt":"2024-09-21T05:19:45","guid":{"rendered":"https:\/\/legitgrams.com\/?post_type=product&#038;p=3962"},"modified":"2025-01-14T09:47:20","modified_gmt":"2025-01-14T09:47:20","slug":"methoxetamine-mxe-poudre","status":"publish","type":"product","link":"https:\/\/legitgrams.com\/fr\/produit\/methoxetamine-mxe-poudre\/","title":{"rendered":"M\u00e9thox\u00e9tamine MXE poudre"},"content":{"rendered":"<h2>Achetez de la poudre de m\u00e9thox\u00e9tamine de haute qualit\u00e9 en ligne<\/h2>\n<p>La m\u00e9thox\u00e9tamine, qui est pr\u00e9sent\u00e9e comme un accessoire de mode, est un stimulant qui produit une dissociation et qui est condens\u00e9 sous forme de MXE. Contrairement \u00e0 un certain nombre de dissociatifs, comme la phencyclidine (PCP) et la k\u00e9tamine, qui ont \u00e9t\u00e9 cr\u00e9\u00e9s comme m\u00e9dicaments destin\u00e9s \u00e0 \u00eatre utilis\u00e9s comme s\u00e9datifs g\u00e9n\u00e9raux, elle a \u00e9t\u00e9 con\u00e7ue pour \u00eatre distribu\u00e9e ill\u00e9galement. Acheter de la m\u00e9thox\u00e9tamine en ligne<\/p>\n<p><a href=\"https:\/\/legitgrams.com\/fr\/produit\/methoxetamine-mxe-poudre\/\">MXE<\/a> On pense que le MXE a un effet similaire \u00e0 celui de la k\u00e9tamine. On pensait g\u00e9n\u00e9ralement qu'il avait des propri\u00e9t\u00e9s narcotiques en raison de sa ressemblance principale avec le 3-HO-PCP ; n\u00e9anmoins, les recherches montrent que la mol\u00e9cule a une affinit\u00e9 n\u00e9gligeable pour le r\u00e9cepteur \u00b5-narcotique. L'utilisation r\u00e9cr\u00e9ative a \u00e9t\u00e9 li\u00e9e \u00e0 des hospitalisations aux \u00c9tats-Unis et au Royaume-Uni en raison d'une utilisation excessive et combin\u00e9e de MXE. Dans trois cas d'urgences, une l\u00e9sion c\u00e9r\u00e9brale r\u00e9versible intense a \u00e9t\u00e9 associ\u00e9e \u00e0 la confirmation d'une surdose de MXE, et ces dommages persistent pendant un \u00e0 quatre jours apr\u00e8s la pr\u00e9sentation.<\/p>\n<p>L\u2019objectif de la cr\u00e9ation du MXE \u00e9tait d\u2019att\u00e9nuer une partie de l\u2019urotoxicit\u00e9 li\u00e9e \u00e0 l\u2019abus de k\u00e9tamine. La puissance plus \u00e9lev\u00e9e et le volume r\u00e9duit du compos\u00e9 \u00e9taient cens\u00e9s emp\u00eacher l\u2019accumulation de m\u00e9tabolites urotoxiques dans la vessie.<\/p>\n<p>Il a \u00e9t\u00e9 d\u00e9montr\u00e9 que la MXE induit une inflammation et une fibrose de la vessie chez les rats lorsqu'elle est administr\u00e9e \u00e0 des doses \u00e9lev\u00e9es sur une p\u00e9riode prolong\u00e9e, un peu comme la k\u00e9tamine (bien que les doses utilis\u00e9es aient \u00e9t\u00e9 tr\u00e8s importantes). La litt\u00e9rature clinique ne fait actuellement \u00e9tat d'aucune urotoxicit\u00e9 chez l'homme. La MXE peut \u00eatre achet\u00e9e en ligne. L'encens liquide K2 et l'encens liquide \u00e0 base de plantes K2 sont en vente.<\/p>\n<p>L'\u00e9quation de la substance de la m\u00e9thox\u00e9tamine a r\u00e9v\u00e9l\u00e9 que ses effets pourraient \u00eatre similaires \u00e0 ceux du PCP et de la k\u00e9tamine. La pharmacologie du compos\u00e9 peut \u00e9galement impliquer l'inhibition de la recapture de la dopamine par la prot\u00e9ine porteuse de la dopamine, ce qui lui conf\u00e8re des effets analg\u00e9siques et anxiolytiques. M\u00e9thox\u00e9tamine \u00e0 vendre, acheter mxe, acheter mxe en ligne, o\u00f9 acheter mxe, acheter mxe, commander mxe en ligne<\/p>\n<p>Veuillez noter que le m\u00e9thylph\u00e9nidate ne peut \u00eatre concentr\u00e9 que dans des laboratoires sp\u00e9cifiques et que l'exp\u00e9rimentation sur des animaux vivants n'est pas autoris\u00e9e pour les \u00e9tudes in vivo.<\/p>\n<p>Achat de m\u00e9thylph\u00e9nidate de haute qualit\u00e9 <a href=\"https:\/\/en.wikipedia.org\/wiki\/Metizolam\">MXE<\/a> poudre en ligne, - achat poudre MXE de haute qualit\u00e9, achat poudre MXE de haute qualit\u00e9 usa, achat poudre MXE de haute qualit\u00e9 en ligne USA, O\u00f9 acheter poudre MXE de haute qualit\u00e9, Poudre MXE de haute qualit\u00e9 \u00e0 vendre, Poudre MXE de haute qualit\u00e9 \u00e0 vendre pr\u00e8s de chez moi, Achat poudre MXE de haute qualit\u00e9 en ligne pr\u00e8s de chez moi, O\u00f9 acheter poudre MXE de haute qualit\u00e9 en ligne, Poudre de MXE de haute qualit\u00e9 en vente aux \u00c9tats-Unis, au Canada, au Royaume-Uni, achat, en ligne, fournisseurs, livraison s\u00e9curis\u00e9e, Vous pouvez toujours obtenir de la poudre de MXE de haute qualit\u00e9, Comment acqu\u00e9rir de la poudre de m\u00e9thox\u00e9tamine MXE de qualit\u00e9, La poudre de m\u00e9thox\u00e9tamine MXE de qualit\u00e9 est-elle l\u00e9gale au Canada, Puis-je acheter de la poudre de m\u00e9thox\u00e9tamine MXE de qualit\u00e9 en ligne aux \u00c9tats-Unis ? <a href=\"https:\/\/legitgrams.com\/fr\/\">LegitGrams<\/a><\/p>","protected":false},"excerpt":{"rendered":"<p>Purchase High-Grade Methoxetamine Powder Online Methoxetamine, which is promoted as a fashion accessory, is a stimulant that produces dissociation and is condensed as MXE. In contrast to a number of dissociatives, like phencyclidine (PCP) and ketamine, which were created as medications for use as general sedatives, it was designed to be distributed illegally. Purchase Methoxetamine &hellip;<\/p>\n<p class=\"read-more\"> <a class=\"\" href=\"https:\/\/legitgrams.com\/fr\/produit\/methoxetamine-mxe-poudre\/\"> <span class=\"screen-reader-text\">M\u00e9thox\u00e9tamine MXE poudre<\/span> Lire la suite \"<\/a><\/p>","protected":false},"featured_media":5326,"comment_status":"open","ping_status":"closed","template":"","meta":{"_uag_custom_page_level_css":"","site-sidebar-layout":"default","site-content-layout":"default","ast-global-header-display":"","ast-main-header-display":"","ast-hfb-above-header-display":"","ast-hfb-below-header-display":"","ast-hfb-mobile-header-display":"","site-post-title":"","ast-breadcrumbs-content":"","ast-featured-img":"","footer-sml-layout":"","theme-transparent-header-meta":"default","adv-header-id-meta":"","stick-header-meta":"default","header-above-stick-meta":"","header-main-stick-meta":"","header-below-stick-meta":"","_joinchat":[]},"product_brand":[],"product_cat":[600],"product_tag":[3452,3442,617,3434,3449,3446,3441,3433,3436,3444,3437,3435,3445,3447,3454,3455,3453,3450,3439,3451,3448,625,3440,3443,3438],"class_list":{"0":"post-3962","1":"product","2":"type-product","3":"status-publish","4":"has-post-thumbnail","6":"product_cat-research-chemicals-and-bath-salt","7":"product_tag-best-cheap-price-methoxetamine-mxe-powder","8":"product_tag-best-place-to-buy-methoxetamine-mxe-powder","9":"product_tag-bulk-online","10":"product_tag-buy-methoxetamine-mxe-powder","11":"product_tag-cheap-methoxetamine-mxe-powder","12":"product_tag-high-quality-methoxetamine-mxe-powder","13":"product_tag-how-to-buy-methoxetamine-mxe-powder","14":"product_tag-methoxetamine-mxe-powder","15":"product_tag-methoxetamine-mxe-powder-for-sale","16":"product_tag-methoxetamine-mxe-powder-legally","17":"product_tag-methoxetamine-mxe-powder-methoxetamine-mxe-powder-supplier","18":"product_tag-methoxetamine-mxe-powder-online","19":"product_tag-methoxetamine-mxe-powder-price","20":"product_tag-methoxetamine-mxe-powder-store","21":"product_tag-methoxetamine-mxe-powder-use","22":"product_tag-methoxetamine-mxe-powder-wiki","23":"product_tag-methoxetamine-mxe-powder-worldwide","24":"product_tag-methoxetamine-mxe-powders","25":"product_tag-order-methoxetamine-mxe-powder","26":"product_tag-purcharse-methoxetamine-mxe-powder","27":"product_tag-shop-methoxetamine-mxe-powder","28":"product_tag-top-quality","29":"product_tag-where-to-buy-methoxetamine-mxe-powder","30":"product_tag-where-to-order-methoxetamine-mxe-powder","31":"product_tag-wholesale-methoxetamine-mxe-powder","32":"desktop-align-left","33":"tablet-align-left","34":"mobile-align-left","35":"ast-product-gallery-layout-horizontal","36":"ast-product-gallery-with-no-image","37":"ast-product-single-variable","38":"ast-product-tabs-layout-horizontal","39":"ast-qv-on-image","41":"first","42":"instock","43":"shipping-taxable","44":"purchasable","45":"product-type-variable"},"yoast_head":"<!-- This site is optimized with the Yoast SEO plugin v25.9 - https:\/\/yoast.com\/wordpress\/plugins\/seo\/ -->\n<title>Methoxetamine MXE Powder for Sale - Buy Methoxetamine Online<\/title>\n<meta name=\"description\" content=\"At our Legitgrams, you can get Methoxetamine MXE powder for sale at cheap rates. We deal with A-grade quality products only. Buy Methoxetamine online from our store now with fast &amp; secure shipping service.\" \/>\n<meta name=\"robots\" content=\"index, follow, max-snippet:-1, max-image-preview:large, max-video-preview:-1\" \/>\n<link rel=\"canonical\" href=\"https:\/\/legitgrams.com\/fr\/produit\/methoxetamine-mxe-poudre\/\" \/>\n<meta property=\"og:locale\" content=\"fr_FR\" \/>\n<meta property=\"og:type\" content=\"article\" \/>\n<meta property=\"og:title\" content=\"Methoxetamine MXE Powder for Sale - Buy Methoxetamine Online\" \/>\n<meta property=\"og:description\" content=\"At our Legitgrams, you can get Methoxetamine MXE powder for sale at cheap rates. We deal with A-grade quality products only. Buy Methoxetamine online from our store now with fast &amp; secure shipping service.\" \/>\n<meta property=\"og:url\" content=\"https:\/\/legitgrams.com\/fr\/produit\/methoxetamine-mxe-poudre\/\" \/>\n<meta property=\"og:site_name\" content=\"Legit Grams\" \/>\n<meta property=\"article:modified_time\" content=\"2025-01-14T09:47:20+00:00\" \/>\n<meta property=\"og:image\" content=\"https:\/\/legitgrams.com\/wp-content\/uploads\/2024\/09\/buy-mexedrone-mxe-power-crystal-online.jpg\" \/>\n\t<meta property=\"og:image:width\" content=\"600\" \/>\n\t<meta property=\"og:image:height\" content=\"600\" \/>\n\t<meta property=\"og:image:type\" content=\"image\/jpeg\" \/>\n<meta name=\"twitter:card\" content=\"summary_large_image\" \/>\n<meta name=\"twitter:label1\" content=\"Dur\u00e9e de lecture est.\" \/>\n\t<meta name=\"twitter:data1\" content=\"3 minutes\" \/>\n<script type=\"application\/ld+json\" class=\"yoast-schema-graph\">{\"@context\":\"https:\/\/schema.org\",\"@graph\":[{\"@type\":\"WebPage\",\"@id\":\"https:\/\/legitgrams.com\/product\/methoxetamine-mxe-powder\/\",\"url\":\"https:\/\/legitgrams.com\/product\/methoxetamine-mxe-powder\/\",\"name\":\"Methoxetamine MXE Powder for Sale - Buy Methoxetamine Online\",\"isPartOf\":{\"@id\":\"https:\/\/legitgrams.com\/#website\"},\"primaryImageOfPage\":{\"@id\":\"https:\/\/legitgrams.com\/product\/methoxetamine-mxe-powder\/#primaryimage\"},\"image\":{\"@id\":\"https:\/\/legitgrams.com\/product\/methoxetamine-mxe-powder\/#primaryimage\"},\"thumbnailUrl\":\"https:\/\/legitgrams.com\/wp-content\/uploads\/2024\/09\/buy-mexedrone-mxe-power-crystal-online.jpg\",\"datePublished\":\"2024-09-21T05:19:45+00:00\",\"dateModified\":\"2025-01-14T09:47:20+00:00\",\"description\":\"At our Legitgrams, you can get Methoxetamine MXE powder for sale at cheap rates. We deal with A-grade quality products only. Buy Methoxetamine online from our store now with fast & secure shipping service.\",\"breadcrumb\":{\"@id\":\"https:\/\/legitgrams.com\/product\/methoxetamine-mxe-powder\/#breadcrumb\"},\"inLanguage\":\"fr-BE\",\"potentialAction\":[{\"@type\":\"ReadAction\",\"target\":[\"https:\/\/legitgrams.com\/product\/methoxetamine-mxe-powder\/\"]}]},{\"@type\":\"ImageObject\",\"inLanguage\":\"fr-BE\",\"@id\":\"https:\/\/legitgrams.com\/product\/methoxetamine-mxe-powder\/#primaryimage\",\"url\":\"https:\/\/legitgrams.com\/wp-content\/uploads\/2024\/09\/buy-mexedrone-mxe-power-crystal-online.jpg\",\"contentUrl\":\"https:\/\/legitgrams.com\/wp-content\/uploads\/2024\/09\/buy-mexedrone-mxe-power-crystal-online.jpg\",\"width\":600,\"height\":600,\"caption\":\"Methoxetamine MXE Powder for Sale\"},{\"@type\":\"BreadcrumbList\",\"@id\":\"https:\/\/legitgrams.com\/product\/methoxetamine-mxe-powder\/#breadcrumb\",\"itemListElement\":[{\"@type\":\"ListItem\",\"position\":1,\"name\":\"Home\",\"item\":\"https:\/\/legitgrams.com\/\"},{\"@type\":\"ListItem\",\"position\":2,\"name\":\"Shop\",\"item\":\"https:\/\/legitgrams.com\/shop\/\"},{\"@type\":\"ListItem\",\"position\":3,\"name\":\"Methoxetamine MXE powder\"}]},{\"@type\":\"WebSite\",\"@id\":\"https:\/\/legitgrams.com\/#website\",\"url\":\"https:\/\/legitgrams.com\/\",\"name\":\"Legit Grams\",\"description\":\"My WordPress Blog\",\"publisher\":{\"@id\":\"https:\/\/legitgrams.com\/#organization\"},\"potentialAction\":[{\"@type\":\"SearchAction\",\"target\":{\"@type\":\"EntryPoint\",\"urlTemplate\":\"https:\/\/legitgrams.com\/?s={search_term_string}\"},\"query-input\":{\"@type\":\"PropertyValueSpecification\",\"valueRequired\":true,\"valueName\":\"search_term_string\"}}],\"inLanguage\":\"fr-BE\"},{\"@type\":\"Organization\",\"@id\":\"https:\/\/legitgrams.com\/#organization\",\"name\":\"Legit Grams\",\"url\":\"https:\/\/legitgrams.com\/\",\"logo\":{\"@type\":\"ImageObject\",\"inLanguage\":\"fr-BE\",\"@id\":\"https:\/\/legitgrams.com\/#\/schema\/logo\/image\/\",\"url\":\"https:\/\/legitgrams.com\/wp-content\/uploads\/2024\/09\/main-logo.png\",\"contentUrl\":\"https:\/\/legitgrams.com\/wp-content\/uploads\/2024\/09\/main-logo.png\",\"width\":270,\"height\":75,\"caption\":\"Legit Grams\"},\"image\":{\"@id\":\"https:\/\/legitgrams.com\/#\/schema\/logo\/image\/\"}}]}<\/script>\n<!-- \/ Yoast SEO plugin. -->","yoast_head_json":{"title":"Poudre de m\u00e9thox\u00e9tamine MXE \u00e0 vendre - Acheter de la m\u00e9thox\u00e9tamine en ligne","description":"Sur notre site Legitgrams, vous pouvez acheter de la poudre de m\u00e9thox\u00e9tamine MXE \u00e0 des prix avantageux. Nous ne traitons que des produits de qualit\u00e9 sup\u00e9rieure. Achetez de la m\u00e9thox\u00e9tamine en ligne d\u00e8s maintenant dans notre magasin avec un service d'exp\u00e9dition rapide et s\u00e9curis\u00e9.","robots":{"index":"index","follow":"follow","max-snippet":"max-snippet:-1","max-image-preview":"max-image-preview:large","max-video-preview":"max-video-preview:-1"},"canonical":"https:\/\/legitgrams.com\/fr\/produit\/methoxetamine-mxe-poudre\/","og_locale":"fr_FR","og_type":"article","og_title":"Methoxetamine MXE Powder for Sale - Buy Methoxetamine Online","og_description":"At our Legitgrams, you can get Methoxetamine MXE powder for sale at cheap rates. We deal with A-grade quality products only. Buy Methoxetamine online from our store now with fast & secure shipping service.","og_url":"https:\/\/legitgrams.com\/fr\/produit\/methoxetamine-mxe-poudre\/","og_site_name":"Legit Grams","article_modified_time":"2025-01-14T09:47:20+00:00","og_image":[{"width":600,"height":600,"url":"https:\/\/legitgrams.com\/wp-content\/uploads\/2024\/09\/buy-mexedrone-mxe-power-crystal-online.jpg","type":"image\/jpeg"}],"twitter_card":"summary_large_image","twitter_misc":{"Dur\u00e9e de lecture est.":"3 minutes"},"schema":{"@context":"https:\/\/schema.org","@graph":[{"@type":"WebPage","@id":"https:\/\/legitgrams.com\/product\/methoxetamine-mxe-powder\/","url":"https:\/\/legitgrams.com\/product\/methoxetamine-mxe-powder\/","name":"Poudre de m\u00e9thox\u00e9tamine MXE \u00e0 vendre - Acheter de la m\u00e9thox\u00e9tamine en ligne","isPartOf":{"@id":"https:\/\/legitgrams.com\/#website"},"primaryImageOfPage":{"@id":"https:\/\/legitgrams.com\/product\/methoxetamine-mxe-powder\/#primaryimage"},"image":{"@id":"https:\/\/legitgrams.com\/product\/methoxetamine-mxe-powder\/#primaryimage"},"thumbnailUrl":"https:\/\/legitgrams.com\/wp-content\/uploads\/2024\/09\/buy-mexedrone-mxe-power-crystal-online.jpg","datePublished":"2024-09-21T05:19:45+00:00","dateModified":"2025-01-14T09:47:20+00:00","description":"Sur notre site Legitgrams, vous pouvez acheter de la poudre de m\u00e9thox\u00e9tamine MXE \u00e0 des prix avantageux. Nous ne traitons que des produits de qualit\u00e9 sup\u00e9rieure. Achetez de la m\u00e9thox\u00e9tamine en ligne d\u00e8s maintenant dans notre magasin avec un service d'exp\u00e9dition rapide et s\u00e9curis\u00e9.","breadcrumb":{"@id":"https:\/\/legitgrams.com\/product\/methoxetamine-mxe-powder\/#breadcrumb"},"inLanguage":"fr-BE","potentialAction":[{"@type":"ReadAction","target":["https:\/\/legitgrams.com\/product\/methoxetamine-mxe-powder\/"]}]},{"@type":"ImageObject","inLanguage":"fr-BE","@id":"https:\/\/legitgrams.com\/product\/methoxetamine-mxe-powder\/#primaryimage","url":"https:\/\/legitgrams.com\/wp-content\/uploads\/2024\/09\/buy-mexedrone-mxe-power-crystal-online.jpg","contentUrl":"https:\/\/legitgrams.com\/wp-content\/uploads\/2024\/09\/buy-mexedrone-mxe-power-crystal-online.jpg","width":600,"height":600,"caption":"Methoxetamine MXE Powder for Sale"},{"@type":"BreadcrumbList","@id":"https:\/\/legitgrams.com\/product\/methoxetamine-mxe-powder\/#breadcrumb","itemListElement":[{"@type":"ListItem","position":1,"name":"Home","item":"https:\/\/legitgrams.com\/"},{"@type":"ListItem","position":2,"name":"Shop","item":"https:\/\/legitgrams.com\/shop\/"},{"@type":"ListItem","position":3,"name":"Methoxetamine MXE powder"}]},{"@type":"WebSite","@id":"https:\/\/legitgrams.com\/#website","url":"https:\/\/legitgrams.com\/","name":"Les grammes l\u00e9gitimes","description":"Mon blog WordPress","publisher":{"@id":"https:\/\/legitgrams.com\/#organization"},"potentialAction":[{"@type":"SearchAction","target":{"@type":"EntryPoint","urlTemplate":"https:\/\/legitgrams.com\/?s={search_term_string}"},"query-input":{"@type":"PropertyValueSpecification","valueRequired":true,"valueName":"search_term_string"}}],"inLanguage":"fr-BE"},{"@type":"Organization","@id":"https:\/\/legitgrams.com\/#organization","name":"Les grammes l\u00e9gitimes","url":"https:\/\/legitgrams.com\/","logo":{"@type":"ImageObject","inLanguage":"fr-BE","@id":"https:\/\/legitgrams.com\/#\/schema\/logo\/image\/","url":"https:\/\/legitgrams.com\/wp-content\/uploads\/2024\/09\/main-logo.png","contentUrl":"https:\/\/legitgrams.com\/wp-content\/uploads\/2024\/09\/main-logo.png","width":270,"height":75,"caption":"Legit Grams"},"image":{"@id":"https:\/\/legitgrams.com\/#\/schema\/logo\/image\/"}}]}},"uagb_featured_image_src":{"full":["https:\/\/legitgrams.com\/wp-content\/uploads\/2024\/09\/buy-mexedrone-mxe-power-crystal-online.jpg",600,600,false],"thumbnail":["https:\/\/legitgrams.com\/wp-content\/uploads\/2024\/09\/buy-mexedrone-mxe-power-crystal-online-150x150.jpg",150,150,true],"medium":["https:\/\/legitgrams.com\/wp-content\/uploads\/2024\/09\/buy-mexedrone-mxe-power-crystal-online-300x300.jpg",300,300,true],"medium_large":["https:\/\/legitgrams.com\/wp-content\/uploads\/2024\/09\/buy-mexedrone-mxe-power-crystal-online.jpg",600,600,false],"large":["https:\/\/legitgrams.com\/wp-content\/uploads\/2024\/09\/buy-mexedrone-mxe-power-crystal-online.jpg",600,600,false],"1536x1536":["https:\/\/legitgrams.com\/wp-content\/uploads\/2024\/09\/buy-mexedrone-mxe-power-crystal-online.jpg",600,600,false],"2048x2048":["https:\/\/legitgrams.com\/wp-content\/uploads\/2024\/09\/buy-mexedrone-mxe-power-crystal-online.jpg",600,600,false],"trp-custom-language-flag":["https:\/\/legitgrams.com\/wp-content\/uploads\/2024\/09\/buy-mexedrone-mxe-power-crystal-online-12x12.jpg",12,12,true],"woocommerce_thumbnail":["https:\/\/legitgrams.com\/wp-content\/uploads\/2024\/09\/buy-mexedrone-mxe-power-crystal-online-300x300.jpg",300,300,true],"woocommerce_single":["https:\/\/legitgrams.com\/wp-content\/uploads\/2024\/09\/buy-mexedrone-mxe-power-crystal-online.jpg",600,600,false],"woocommerce_gallery_thumbnail":["https:\/\/legitgrams.com\/wp-content\/uploads\/2024\/09\/buy-mexedrone-mxe-power-crystal-online-100x100.jpg",100,100,true]},"uagb_author_info":{"display_name":"cokeblog18","author_link":"https:\/\/legitgrams.com\/fr\/author\/"},"uagb_comment_info":0,"uagb_excerpt":"Purchase High-Grade Methoxetamine Powder Online Methoxetamine, which is promoted as a fashion accessory, is a stimulant that produces dissociation and is condensed as MXE. In contrast to a number of dissociatives, like phencyclidine (PCP) and ketamine, which were created as medications for use as general sedatives, it was designed to be distributed illegally. Purchase Methoxetamine&hellip;","_links":{"self":[{"href":"https:\/\/legitgrams.com\/fr\/wp-json\/wp\/v2\/product\/3962","targetHints":{"allow":["GET"]}}],"collection":[{"href":"https:\/\/legitgrams.com\/fr\/wp-json\/wp\/v2\/product"}],"about":[{"href":"https:\/\/legitgrams.com\/fr\/wp-json\/wp\/v2\/types\/product"}],"replies":[{"embeddable":true,"href":"https:\/\/legitgrams.com\/fr\/wp-json\/wp\/v2\/comments?post=3962"}],"wp:featuredmedia":[{"embeddable":true,"href":"https:\/\/legitgrams.com\/fr\/wp-json\/wp\/v2\/media\/5326"}],"wp:attachment":[{"href":"https:\/\/legitgrams.com\/fr\/wp-json\/wp\/v2\/media?parent=3962"}],"wp:term":[{"taxonomy":"product_brand","embeddable":true,"href":"https:\/\/legitgrams.com\/fr\/wp-json\/wp\/v2\/product_brand?post=3962"},{"taxonomy":"product_cat","embeddable":true,"href":"https:\/\/legitgrams.com\/fr\/wp-json\/wp\/v2\/product_cat?post=3962"},{"taxonomy":"product_tag","embeddable":true,"href":"https:\/\/legitgrams.com\/fr\/wp-json\/wp\/v2\/product_tag?post=3962"}],"curies":[{"name":"wp","href":"https:\/\/api.w.org\/{rel}","templated":true}]}}