{"id":3965,"date":"2024-09-21T05:32:35","date_gmt":"2024-09-21T05:32:35","guid":{"rendered":"https:\/\/legitgrams.com\/?post_type=product&#038;p=3965"},"modified":"2026-02-14T22:23:57","modified_gmt":"2026-02-14T22:23:57","slug":"cristal-meth-methamphetamine","status":"publish","type":"product","link":"https:\/\/legitgrams.com\/fr\/produit\/cristal-meth-methamphetamine\/","title":{"rendered":"Acheter de la m\u00e9thamph\u00e9tamine en ligne"},"content":{"rendered":"<h2>\u00c0 vendre : Crystal Meth (m\u00e9thamph\u00e9tamine)<\/h2>\n<p>Le meilleur endroit pour acheter du verre. <a href=\"https:\/\/legitgrams.com\/fr\/produit\/cristal-meth-methamphetamine\/\">Crystal meth<\/a> is currently available for purchase online, and it will be delivered the next day. Nearly <a href=\"https:\/\/www.bing.com\/search?q=Acheterdelamthamphtamineenligne&amp;qs=n&amp;form=QBRE&amp;sp=-1&amp;lq=0&amp;pq=acheterdelamthamphtamineenligne&amp;sc=0-38&amp;sk=&amp;cvid=2AC2F2925D184BECB42E70C957CE9413&amp;ghsh=0&amp;ghacc=0&amp;ghpl=\">100% pure crystal methamphetamine<\/a> C'est la vari\u00e9t\u00e9 la plus r\u00e9cente ou la plus fra\u00eeche. Elle est inodore et peut \u00eatre fum\u00e9e dans des pipes en verre. Les recherches indiquent qu'elle est non seulement plus addictive que le crack, mais aussi <a href=\"https:\/\/www.bing.com\/search?q=Acheterdelamthamphtamineenligne&amp;qs=n&amp;form=QBRE&amp;sp=-1&amp;lq=0&amp;pq=acheterdelamthamphtamineenligne&amp;sc=0-38&amp;sk=&amp;cvid=2AC2F2925D184BECB42E70C957CE9413&amp;ghsh=0&amp;ghacc=0&amp;ghpl=\">coca\u00efne<\/a>, mais aussi plus mortel. Ses effets sur l'organisme peuvent durer de quatre \u00e0 quatorze heures, selon l'individu. Durant cette p\u00e9riode, les fumeurs ressentent une puissante pouss\u00e9e m\u00e9tallique et un bonheur physique. Une sensation agr\u00e9able. Une consommation excessive, en revanche, provoquera une inqui\u00e9tude extr\u00eame, un d\u00e9sespoir et, finalement, une fatigue intense.<\/p>\n<h3>\u00c0 vendre : Crystal Meth (m\u00e9thamph\u00e9tamine)<\/h3>\n<p>Le meilleur endroit pour acheter du verre. La m\u00e9thamph\u00e9tamine en cristaux est actuellement disponible \u00e0 l'achat en ligne et sera livr\u00e9e le lendemain. Cristal pur \u00e0 pr\u00e8s de 100 % <a href=\"https:\/\/en.wikipedia.org\/wiki\/Methamphetamine\">methamphetamine<\/a> La vari\u00e9t\u00e9 la plus r\u00e9cente ou la plus fra\u00eeche. Elle n'a pas d'odeur et peut \u00eatre fum\u00e9e dans des pipes en verre. Les recherches indiquent qu'elle est non seulement plus addictive que le crack et la coca\u00efne, mais aussi plus mortelle. Ses effets sur le syst\u00e8me peuvent durer de quatre \u00e0 quatorze heures, selon l'individu. Pendant cette p\u00e9riode, les fumeurs ressentent une puissante pouss\u00e9e de m\u00e9tal et un bonheur physique. Une sensation agr\u00e9able. La fum\u00e9e courte et lourde, en revanche, provoquera une inqui\u00e9tude extr\u00eame, un d\u00e9sespoir et finalement de la fatigue.<\/p>\n<p>However,<a href=\"https:\/\/www.google.com\/search?q=Crystal+Meth+(Methamphetamine)&amp;rlz=1C1RXQR_enIN1098IN1098&amp;oq=Crystal+Meth+(Methamphetamine)&amp;gs_lcrp=EgZjaHJvbWUyBggAEEUYOTIGCAEQRRg9MgYIAhBFGDzSAQkxMDIwajBqMTWoAgiwAgHxBVXlq-LJol72&amp;sourceid=chrome&amp;ie=UTF-8\"> m\u00e9thamph\u00e9tamine en cristaux<\/a> On peut s'en procurer sans ordonnance. D'autres noms de rue incluent le sel, le rock, le verre LA, la super glace ou la glace chaude. On y vend \u00e9galement de la k\u00e9tamine. Le cristal de chlorhydrate de k\u00e9tamine est \u00e9galement propos\u00e9 \u00e0 un prix raisonnable.<\/p>\n<p>Les ventes de m\u00e9thamph\u00e9tamine en cristaux sont courantes sur Internet. Cependant, si vous souhaitez acheter de la m\u00e9thamph\u00e9tamine pure, vous devez conna\u00eetre vos vendeurs. Outre la puret\u00e9, la proc\u00e9dure est-elle s\u00fbre ? Pensez-vous vraiment que votre merde arrivera ? C'est pourquoi nous sommes les meilleurs. Nous fournissons des num\u00e9ros de suivi et des garanties de remboursement pour chaque envoi. Emballez et livrez discr\u00e8tement aux bo\u00eetes postales, aux rues et aux adresses r\u00e9sidentielles. Ventes en ligne de m\u00e9thamph\u00e9tamine en cristal : achetez de la m\u00e9thamph\u00e9tamine en cristal en ligne. M\u00e9thamph\u00e9tamine : achetez de la m\u00e9thamph\u00e9tamine en cristal (m\u00e9thamph\u00e9tamine) en ligne, achetez du 4-MEC, achetez de la m\u00e9thamph\u00e9tamine en cristal et achetez de la m\u00e9thamph\u00e9tamine en cristal. <a href=\"https:\/\/legitgrams.com\/fr\/\">LegitGrams<\/a><\/p>\n<p><a href=\"https:\/\/duckduckgo.com\/?q=Crystal+Meth+(Methamphetamine)&amp;t=h_&amp;ia=web\">Acheter du cristal de m\u00e9thamph\u00e9tamine<\/a>, aussi connue sous le nom de m\u00e9thamph\u00e9tamine, en ligne \u00e0 prix r\u00e9duit, acheter de la m\u00e9thamph\u00e9tamine, commander de la m\u00e9thamph\u00e9tamine en ligne, acheter de la m\u00e9thamph\u00e9tamine \u00e0 vendre, trouver des points de vente de m\u00e9thamph\u00e9tamine et acheter des produits chimiques de recherche en ligne. Acheter de la m\u00e9thamph\u00e9tamine en cristaux, o\u00f9 acheter de la m\u00e9thamph\u00e9tamine en cristaux, commander de la m\u00e9thamph\u00e9tamine en cristaux en ligne, acheter, acheter, s\u00fbr, en ligne, m\u00e9thamph\u00e9tamine, m\u00e9thamph\u00e9tamine, cristaux, poudre, ou toute combinaison de ces \u00e9l\u00e9ments.<\/p>","protected":false},"excerpt":{"rendered":"<p>For Sale: Crystal Meth (Methamphetamine) The greatest place to buy glass. Crystal meth is currently available for purchase online, and it will be delivered the next day. Nearly 100% pure crystal methamphetamine is the most recent or freshest variety. It has no smell and can be smoked through glass pipes. Research indicates that it is &hellip;<\/p>\n<p class=\"read-more\"> <a class=\"\" href=\"https:\/\/legitgrams.com\/fr\/produit\/cristal-meth-methamphetamine\/\"> <span class=\"screen-reader-text\">Acheter de la m\u00e9thamph\u00e9tamine en ligne<\/span> Lire la suite \"<\/a><\/p>","protected":false},"featured_media":5273,"comment_status":"open","ping_status":"closed","template":"","meta":{"_uag_custom_page_level_css":"","site-sidebar-layout":"default","site-content-layout":"default","ast-global-header-display":"","ast-main-header-display":"","ast-hfb-above-header-display":"","ast-hfb-below-header-display":"","ast-hfb-mobile-header-display":"","site-post-title":"","ast-breadcrumbs-content":"","ast-featured-img":"","footer-sml-layout":"","theme-transparent-header-meta":"default","adv-header-id-meta":"","stick-header-meta":"default","header-above-stick-meta":"","header-main-stick-meta":"","header-below-stick-meta":"","_joinchat":[]},"product_brand":[],"product_cat":[600],"product_tag":[3406,3396,617,3388,3403,3387,3391,3390,3398,3389,3399,3401,3408,3409,3407,3404,3400,3395,3393,3405,3402,625,3394,3397,3392],"class_list":{"0":"post-3965","1":"product","2":"type-product","3":"status-publish","4":"has-post-thumbnail","6":"product_cat-research-chemicals-and-bath-salt","7":"product_tag-best-cheap-price-crystal-meth-methamphetamine","8":"product_tag-best-place-to-buy-crystal-meth-methamphetamine","9":"product_tag-bulk-online","10":"product_tag-buy-crystal-meth-methamphetamine","11":"product_tag-cheap-crystal-meth-methamphetamine","12":"product_tag-crystal-meth-methamphetamine","13":"product_tag-crystal-meth-methamphetamine-crystal-meth-methamphetamine-supplier","14":"product_tag-crystal-meth-methamphetamine-for-sale","15":"product_tag-crystal-meth-methamphetamine-legally","16":"product_tag-crystal-meth-methamphetamine-online","17":"product_tag-crystal-meth-methamphetamine-price","18":"product_tag-crystal-meth-methamphetamine-store","19":"product_tag-crystal-meth-methamphetamine-use","20":"product_tag-crystal-meth-methamphetamine-wiki","21":"product_tag-crystal-meth-methamphetamine-worldwide","22":"product_tag-crystal-meth-methamphetamines","23":"product_tag-high-quality-crystal-meth-methamphetamine","24":"product_tag-how-to-buy-crystal-meth-methamphetamine","25":"product_tag-order-crystal-meth-methamphetamine","26":"product_tag-purcharse-crystal-meth-methamphetamine","27":"product_tag-shop-crystal-meth-methamphetamine","28":"product_tag-top-quality","29":"product_tag-where-to-buy-crystal-meth-methamphetamine","30":"product_tag-where-to-order-crystal-meth-methamphetamine","31":"product_tag-wholesale-crystal-meth-methamphetamine","32":"desktop-align-left","33":"tablet-align-left","34":"mobile-align-left","35":"ast-product-gallery-layout-horizontal","36":"ast-product-gallery-with-no-image","37":"ast-product-single-variable","38":"ast-product-tabs-layout-horizontal","39":"ast-qv-on-image","41":"first","42":"instock","43":"shipping-taxable","44":"purchasable","45":"product-type-variable"},"yoast_head":"<!-- This site is optimized with the Yoast SEO plugin v25.9 - https:\/\/yoast.com\/wordpress\/plugins\/seo\/ -->\n<title>Crystal Meth for Sale - Buy Crystal Meth Online | LegitGrams<\/title>\n<meta name=\"description\" content=\"Explore our online store for Crystal Meth for sale, offering high-quality Crystal Meth. Buy Crystal Meth online securely and embark on your research journey with confidence.\" \/>\n<meta name=\"robots\" content=\"index, follow, max-snippet:-1, max-image-preview:large, max-video-preview:-1\" \/>\n<link rel=\"canonical\" href=\"https:\/\/legitgrams.com\/fr\/produit\/cristal-meth-methamphetamine\/\" \/>\n<meta property=\"og:locale\" content=\"fr_FR\" \/>\n<meta property=\"og:type\" content=\"article\" \/>\n<meta property=\"og:title\" content=\"Crystal Meth for Sale - Buy Crystal Meth Online | LegitGrams\" \/>\n<meta property=\"og:description\" content=\"Explore our online store for Crystal Meth for sale, offering high-quality Crystal Meth. Buy Crystal Meth online securely and embark on your research journey with confidence.\" \/>\n<meta property=\"og:url\" content=\"https:\/\/legitgrams.com\/fr\/produit\/cristal-meth-methamphetamine\/\" \/>\n<meta property=\"og:site_name\" content=\"Legit Grams\" \/>\n<meta property=\"article:modified_time\" content=\"2026-02-14T22:23:57+00:00\" \/>\n<meta property=\"og:image\" content=\"https:\/\/legitgrams.com\/wp-content\/uploads\/2024\/09\/Buy-Crystal-Meth-Online.jpg\" \/>\n\t<meta property=\"og:image:width\" content=\"600\" \/>\n\t<meta property=\"og:image:height\" content=\"600\" \/>\n\t<meta property=\"og:image:type\" content=\"image\/jpeg\" \/>\n<meta name=\"twitter:card\" content=\"summary_large_image\" \/>\n<meta name=\"twitter:label1\" content=\"Dur\u00e9e de lecture est.\" \/>\n\t<meta name=\"twitter:data1\" content=\"2 minutes\" \/>\n<script type=\"application\/ld+json\" class=\"yoast-schema-graph\">{\"@context\":\"https:\/\/schema.org\",\"@graph\":[{\"@type\":\"WebPage\",\"@id\":\"https:\/\/legitgrams.com\/product\/crystal-meth-methamphetamine\/\",\"url\":\"https:\/\/legitgrams.com\/product\/crystal-meth-methamphetamine\/\",\"name\":\"Crystal Meth for Sale - Buy Crystal Meth Online | LegitGrams\",\"isPartOf\":{\"@id\":\"https:\/\/legitgrams.com\/#website\"},\"primaryImageOfPage\":{\"@id\":\"https:\/\/legitgrams.com\/product\/crystal-meth-methamphetamine\/#primaryimage\"},\"image\":{\"@id\":\"https:\/\/legitgrams.com\/product\/crystal-meth-methamphetamine\/#primaryimage\"},\"thumbnailUrl\":\"https:\/\/legitgrams.com\/wp-content\/uploads\/2024\/09\/Buy-Crystal-Meth-Online.jpg\",\"datePublished\":\"2024-09-21T05:32:35+00:00\",\"dateModified\":\"2026-02-14T22:23:57+00:00\",\"description\":\"Explore our online store for Crystal Meth for sale, offering high-quality Crystal Meth. Buy Crystal Meth online securely and embark on your research journey with confidence.\",\"breadcrumb\":{\"@id\":\"https:\/\/legitgrams.com\/product\/crystal-meth-methamphetamine\/#breadcrumb\"},\"inLanguage\":\"fr-BE\",\"potentialAction\":[{\"@type\":\"ReadAction\",\"target\":[\"https:\/\/legitgrams.com\/product\/crystal-meth-methamphetamine\/\"]}]},{\"@type\":\"ImageObject\",\"inLanguage\":\"fr-BE\",\"@id\":\"https:\/\/legitgrams.com\/product\/crystal-meth-methamphetamine\/#primaryimage\",\"url\":\"https:\/\/legitgrams.com\/wp-content\/uploads\/2024\/09\/Buy-Crystal-Meth-Online.jpg\",\"contentUrl\":\"https:\/\/legitgrams.com\/wp-content\/uploads\/2024\/09\/Buy-Crystal-Meth-Online.jpg\",\"width\":600,\"height\":600,\"caption\":\"Crystal Meth (Methamphetamine) for Sale\"},{\"@type\":\"BreadcrumbList\",\"@id\":\"https:\/\/legitgrams.com\/product\/crystal-meth-methamphetamine\/#breadcrumb\",\"itemListElement\":[{\"@type\":\"ListItem\",\"position\":1,\"name\":\"Home\",\"item\":\"https:\/\/legitgrams.com\/\"},{\"@type\":\"ListItem\",\"position\":2,\"name\":\"Shop\",\"item\":\"https:\/\/legitgrams.com\/shop\/\"},{\"@type\":\"ListItem\",\"position\":3,\"name\":\"Buy Crystal Meth (Methamphetamine) Online\"}]},{\"@type\":\"WebSite\",\"@id\":\"https:\/\/legitgrams.com\/#website\",\"url\":\"https:\/\/legitgrams.com\/\",\"name\":\"Legit Grams\",\"description\":\"My WordPress Blog\",\"publisher\":{\"@id\":\"https:\/\/legitgrams.com\/#organization\"},\"potentialAction\":[{\"@type\":\"SearchAction\",\"target\":{\"@type\":\"EntryPoint\",\"urlTemplate\":\"https:\/\/legitgrams.com\/?s={search_term_string}\"},\"query-input\":{\"@type\":\"PropertyValueSpecification\",\"valueRequired\":true,\"valueName\":\"search_term_string\"}}],\"inLanguage\":\"fr-BE\"},{\"@type\":\"Organization\",\"@id\":\"https:\/\/legitgrams.com\/#organization\",\"name\":\"Legit Grams\",\"url\":\"https:\/\/legitgrams.com\/\",\"logo\":{\"@type\":\"ImageObject\",\"inLanguage\":\"fr-BE\",\"@id\":\"https:\/\/legitgrams.com\/#\/schema\/logo\/image\/\",\"url\":\"https:\/\/legitgrams.com\/wp-content\/uploads\/2024\/09\/main-logo.png\",\"contentUrl\":\"https:\/\/legitgrams.com\/wp-content\/uploads\/2024\/09\/main-logo.png\",\"width\":270,\"height\":75,\"caption\":\"Legit Grams\"},\"image\":{\"@id\":\"https:\/\/legitgrams.com\/#\/schema\/logo\/image\/\"}}]}<\/script>\n<!-- \/ Yoast SEO plugin. -->","yoast_head_json":{"title":"Vente de m\u00e9thamph\u00e9tamine en cristaux \u2013 Acheter de la m\u00e9thamph\u00e9tamine en cristaux en ligne | LegitGrams","description":"Explorez notre boutique en ligne de Crystal Meth \u00e0 vendre, offrant du Crystal Meth de haute qualit\u00e9. Achetez Crystal Meth en ligne en toute s\u00e9curit\u00e9 et entamez votre recherche en toute confiance.","robots":{"index":"index","follow":"follow","max-snippet":"max-snippet:-1","max-image-preview":"max-image-preview:large","max-video-preview":"max-video-preview:-1"},"canonical":"https:\/\/legitgrams.com\/fr\/produit\/cristal-meth-methamphetamine\/","og_locale":"fr_FR","og_type":"article","og_title":"Crystal Meth for Sale - Buy Crystal Meth Online | LegitGrams","og_description":"Explore our online store for Crystal Meth for sale, offering high-quality Crystal Meth. Buy Crystal Meth online securely and embark on your research journey with confidence.","og_url":"https:\/\/legitgrams.com\/fr\/produit\/cristal-meth-methamphetamine\/","og_site_name":"Legit Grams","article_modified_time":"2026-02-14T22:23:57+00:00","og_image":[{"width":600,"height":600,"url":"https:\/\/legitgrams.com\/wp-content\/uploads\/2024\/09\/Buy-Crystal-Meth-Online.jpg","type":"image\/jpeg"}],"twitter_card":"summary_large_image","twitter_misc":{"Dur\u00e9e de lecture est.":"2 minutes"},"schema":{"@context":"https:\/\/schema.org","@graph":[{"@type":"WebPage","@id":"https:\/\/legitgrams.com\/product\/crystal-meth-methamphetamine\/","url":"https:\/\/legitgrams.com\/product\/crystal-meth-methamphetamine\/","name":"Vente de m\u00e9thamph\u00e9tamine en cristaux \u2013 Acheter de la m\u00e9thamph\u00e9tamine en cristaux en ligne | LegitGrams","isPartOf":{"@id":"https:\/\/legitgrams.com\/#website"},"primaryImageOfPage":{"@id":"https:\/\/legitgrams.com\/product\/crystal-meth-methamphetamine\/#primaryimage"},"image":{"@id":"https:\/\/legitgrams.com\/product\/crystal-meth-methamphetamine\/#primaryimage"},"thumbnailUrl":"https:\/\/legitgrams.com\/wp-content\/uploads\/2024\/09\/Buy-Crystal-Meth-Online.jpg","datePublished":"2024-09-21T05:32:35+00:00","dateModified":"2026-02-14T22:23:57+00:00","description":"Explorez notre boutique en ligne de Crystal Meth \u00e0 vendre, offrant du Crystal Meth de haute qualit\u00e9. Achetez Crystal Meth en ligne en toute s\u00e9curit\u00e9 et entamez votre recherche en toute confiance.","breadcrumb":{"@id":"https:\/\/legitgrams.com\/product\/crystal-meth-methamphetamine\/#breadcrumb"},"inLanguage":"fr-BE","potentialAction":[{"@type":"ReadAction","target":["https:\/\/legitgrams.com\/product\/crystal-meth-methamphetamine\/"]}]},{"@type":"ImageObject","inLanguage":"fr-BE","@id":"https:\/\/legitgrams.com\/product\/crystal-meth-methamphetamine\/#primaryimage","url":"https:\/\/legitgrams.com\/wp-content\/uploads\/2024\/09\/Buy-Crystal-Meth-Online.jpg","contentUrl":"https:\/\/legitgrams.com\/wp-content\/uploads\/2024\/09\/Buy-Crystal-Meth-Online.jpg","width":600,"height":600,"caption":"Crystal Meth (Methamphetamine) for Sale"},{"@type":"BreadcrumbList","@id":"https:\/\/legitgrams.com\/product\/crystal-meth-methamphetamine\/#breadcrumb","itemListElement":[{"@type":"ListItem","position":1,"name":"Home","item":"https:\/\/legitgrams.com\/"},{"@type":"ListItem","position":2,"name":"Shop","item":"https:\/\/legitgrams.com\/shop\/"},{"@type":"ListItem","position":3,"name":"Buy Crystal Meth (Methamphetamine) Online"}]},{"@type":"WebSite","@id":"https:\/\/legitgrams.com\/#website","url":"https:\/\/legitgrams.com\/","name":"Les grammes l\u00e9gitimes","description":"Mon blog WordPress","publisher":{"@id":"https:\/\/legitgrams.com\/#organization"},"potentialAction":[{"@type":"SearchAction","target":{"@type":"EntryPoint","urlTemplate":"https:\/\/legitgrams.com\/?s={search_term_string}"},"query-input":{"@type":"PropertyValueSpecification","valueRequired":true,"valueName":"search_term_string"}}],"inLanguage":"fr-BE"},{"@type":"Organization","@id":"https:\/\/legitgrams.com\/#organization","name":"Les grammes l\u00e9gitimes","url":"https:\/\/legitgrams.com\/","logo":{"@type":"ImageObject","inLanguage":"fr-BE","@id":"https:\/\/legitgrams.com\/#\/schema\/logo\/image\/","url":"https:\/\/legitgrams.com\/wp-content\/uploads\/2024\/09\/main-logo.png","contentUrl":"https:\/\/legitgrams.com\/wp-content\/uploads\/2024\/09\/main-logo.png","width":270,"height":75,"caption":"Legit Grams"},"image":{"@id":"https:\/\/legitgrams.com\/#\/schema\/logo\/image\/"}}]}},"uagb_featured_image_src":{"full":["https:\/\/legitgrams.com\/wp-content\/uploads\/2024\/09\/Buy-Crystal-Meth-Online.jpg",600,600,false],"thumbnail":["https:\/\/legitgrams.com\/wp-content\/uploads\/2024\/09\/Buy-Crystal-Meth-Online-150x150.jpg",150,150,true],"medium":["https:\/\/legitgrams.com\/wp-content\/uploads\/2024\/09\/Buy-Crystal-Meth-Online-300x300.jpg",300,300,true],"medium_large":["https:\/\/legitgrams.com\/wp-content\/uploads\/2024\/09\/Buy-Crystal-Meth-Online.jpg",600,600,false],"large":["https:\/\/legitgrams.com\/wp-content\/uploads\/2024\/09\/Buy-Crystal-Meth-Online.jpg",600,600,false],"1536x1536":["https:\/\/legitgrams.com\/wp-content\/uploads\/2024\/09\/Buy-Crystal-Meth-Online.jpg",600,600,false],"2048x2048":["https:\/\/legitgrams.com\/wp-content\/uploads\/2024\/09\/Buy-Crystal-Meth-Online.jpg",600,600,false],"trp-custom-language-flag":["https:\/\/legitgrams.com\/wp-content\/uploads\/2024\/09\/Buy-Crystal-Meth-Online-12x12.jpg",12,12,true],"woocommerce_thumbnail":["https:\/\/legitgrams.com\/wp-content\/uploads\/2024\/09\/Buy-Crystal-Meth-Online-300x300.jpg",300,300,true],"woocommerce_single":["https:\/\/legitgrams.com\/wp-content\/uploads\/2024\/09\/Buy-Crystal-Meth-Online.jpg",600,600,false],"woocommerce_gallery_thumbnail":["https:\/\/legitgrams.com\/wp-content\/uploads\/2024\/09\/Buy-Crystal-Meth-Online-100x100.jpg",100,100,true]},"uagb_author_info":{"display_name":"cokeblog18","author_link":"https:\/\/legitgrams.com\/fr\/author\/"},"uagb_comment_info":1,"uagb_excerpt":"For Sale: Crystal Meth (Methamphetamine) The greatest place to buy glass. Crystal meth is currently available for purchase online, and it will be delivered the next day. Nearly 100% pure crystal methamphetamine is the most recent or freshest variety. It has no smell and can be smoked through glass pipes. Research indicates that it is&hellip;","_links":{"self":[{"href":"https:\/\/legitgrams.com\/fr\/wp-json\/wp\/v2\/product\/3965","targetHints":{"allow":["GET"]}}],"collection":[{"href":"https:\/\/legitgrams.com\/fr\/wp-json\/wp\/v2\/product"}],"about":[{"href":"https:\/\/legitgrams.com\/fr\/wp-json\/wp\/v2\/types\/product"}],"replies":[{"embeddable":true,"href":"https:\/\/legitgrams.com\/fr\/wp-json\/wp\/v2\/comments?post=3965"}],"wp:featuredmedia":[{"embeddable":true,"href":"https:\/\/legitgrams.com\/fr\/wp-json\/wp\/v2\/media\/5273"}],"wp:attachment":[{"href":"https:\/\/legitgrams.com\/fr\/wp-json\/wp\/v2\/media?parent=3965"}],"wp:term":[{"taxonomy":"product_brand","embeddable":true,"href":"https:\/\/legitgrams.com\/fr\/wp-json\/wp\/v2\/product_brand?post=3965"},{"taxonomy":"product_cat","embeddable":true,"href":"https:\/\/legitgrams.com\/fr\/wp-json\/wp\/v2\/product_cat?post=3965"},{"taxonomy":"product_tag","embeddable":true,"href":"https:\/\/legitgrams.com\/fr\/wp-json\/wp\/v2\/product_tag?post=3965"}],"curies":[{"name":"wp","href":"https:\/\/api.w.org\/{rel}","templated":true}]}}