{"id":3966,"date":"2024-09-21T05:37:19","date_gmt":"2024-09-21T05:37:19","guid":{"rendered":"https:\/\/legitgrams.com\/?post_type=product&#038;p=3966"},"modified":"2025-01-13T11:12:17","modified_gmt":"2025-01-13T11:12:17","slug":"diclazepam-2-mg-pellets","status":"publish","type":"product","link":"https:\/\/legitgrams.com\/fr\/produit\/diclazepam-2-mg-pellets\/","title":{"rendered":"Diclazepam 2 mg comprim\u00e9s"},"content":{"rendered":"<h2>A vendre des granul\u00e9s de Diclaz\u00e9pam 2 mg.<\/h2>\n<p>Le chlordiaz\u00e9pam est un autre nom pour <a href=\"https:\/\/legitgrams.com\/fr\/produit\/diclazepam-2-mg-pellets\/\">Diclazepam<\/a> Les pastilles, un s\u00e9datif plus r\u00e9cent et moins connu de la classe des benzodiaz\u00e9pines. Obtenez des pastilles de diclaz\u00e9pam en 2 mg \u00e0 prix r\u00e9duit.<\/p>\n<p>On pense qu'il a une \u00e9quivalence structurelle et qu'il fonctionne de mani\u00e8re similaire au diaz\u00e9pam, \u00e9galement connu sous le nom de Valium. <a href=\"https:\/\/legitgrams.com\/fr\/\">LegitGrams<\/a><\/p>\n<p>L'amn\u00e9sie, les hypnotiques, les relaxants musculaires, les anticonvulsivants, la suppression de l'anxi\u00e9t\u00e9, la d\u00e9sinhibition et d'autres effets subjectifs sont similaires \u00e0 ceux du diaz\u00e9pam. Dans les tests sur les animaux, il est pr\u00e8s de dix fois plus efficace que le diaz\u00e9pam.<\/p>\n<p>Achetez en ligne pour <a href=\"https:\/\/en.wikipedia.org\/wiki\/Diclazepam\">Diclazepam<\/a> 2 mg pellets: acheter Diclazepam, acheter Diclazepam 2 mg pellets, acheter Diclazepam en ligne, o\u00f9 acheter Diclazepam 2 mg pellets, Diclazepam \u00e0 vendre, acheter 2 mg pellets en ligne, acheter Diclazepam 2 mg pellets en ligne, Les pellets de Diclazepam 2 mg sont disponibles \u00e0 l'achat en ligne, aupr\u00e8s de vendeurs, avec une exp\u00e9dition s\u00e9curis\u00e9e, aux \u00c9tats-Unis, au Canada et au Royaume-Uni. Il existe encore des pellets de 2 milligrammes de dicloz\u00e9pam disponibles. Est-il l\u00e9gal d'acheter des pellets de 2 mg de Diclazepam aux \u00c9tats-Unis ? Comment puis-je obtenir des pellets de 2 mg de Diclazepam ? Les pellets de Diclazepam 2 mg sont-ils l\u00e9gaux \u00e0 l'achat au Canada ?<\/p>","protected":false},"excerpt":{"rendered":"<p>For sale are Diclazepam 2 mg pellets. Chlordiazepam is another name for Diclazepam Pellets, a more newer and less well-known sedative in the benzodiazepine class. Get Diclazepam Pellets in 2 mg at a discounted price. It is believed to have a structural equivalence and work similarly to diazepam, also known as Valium. LegitGrams Amnesia, hypnotics, &hellip;<\/p>\n<p class=\"read-more\"> <a class=\"\" href=\"https:\/\/legitgrams.com\/fr\/produit\/diclazepam-2-mg-pellets\/\"> <span class=\"screen-reader-text\">Diclazepam 2 mg comprim\u00e9s<\/span> Lire la suite \"<\/a><\/p>","protected":false},"featured_media":5323,"comment_status":"open","ping_status":"closed","template":"","meta":{"_uag_custom_page_level_css":"","site-sidebar-layout":"default","site-content-layout":"default","ast-global-header-display":"","ast-main-header-display":"","ast-hfb-above-header-display":"","ast-hfb-below-header-display":"","ast-hfb-mobile-header-display":"","site-post-title":"","ast-breadcrumbs-content":"","ast-featured-img":"","footer-sml-layout":"","theme-transparent-header-meta":"default","adv-header-id-meta":"","stick-header-meta":"default","header-above-stick-meta":"","header-main-stick-meta":"","header-below-stick-meta":"","_joinchat":[]},"product_brand":[],"product_cat":[600],"product_tag":[3383,3373,617,3365,3380,3364,3368,3367,3375,3366,3376,3378,3385,3386,3384,3381,3377,3372,3370,3382,3379,625,3371,3374,3369],"class_list":{"0":"post-3966","1":"product","2":"type-product","3":"status-publish","4":"has-post-thumbnail","6":"product_cat-research-chemicals-and-bath-salt","7":"product_tag-best-cheap-price-diclazepam-2-mg-pellets","8":"product_tag-best-place-to-buy-diclazepam-2-mg-pellets","9":"product_tag-bulk-online","10":"product_tag-buy-diclazepam-2-mg-pellets","11":"product_tag-cheap-diclazepam-2-mg-pellets","12":"product_tag-diclazepam-2-mg-pellets","13":"product_tag-diclazepam-2-mg-pellets-diclazepam-2-mg-pellets-supplier","14":"product_tag-diclazepam-2-mg-pellets-for-sale","15":"product_tag-diclazepam-2-mg-pellets-legally","16":"product_tag-diclazepam-2-mg-pellets-online","17":"product_tag-diclazepam-2-mg-pellets-price","18":"product_tag-diclazepam-2-mg-pellets-store","19":"product_tag-diclazepam-2-mg-pellets-use","20":"product_tag-diclazepam-2-mg-pellets-wiki","21":"product_tag-diclazepam-2-mg-pellets-worldwide","22":"product_tag-diclazepam-2-mg-pelletss","23":"product_tag-high-quality-diclazepam-2-mg-pellets","24":"product_tag-how-to-buy-diclazepam-2-mg-pellets","25":"product_tag-order-diclazepam-2-mg-pellets","26":"product_tag-purcharse-diclazepam-2-mg-pellets","27":"product_tag-shop-diclazepam-2-mg-pellets","28":"product_tag-top-quality","29":"product_tag-where-to-buy-diclazepam-2-mg-pellets","30":"product_tag-where-to-order-diclazepam-2-mg-pellets","31":"product_tag-wholesale-diclazepam-2-mg-pellets","32":"desktop-align-left","33":"tablet-align-left","34":"mobile-align-left","35":"ast-product-gallery-layout-horizontal","36":"ast-product-gallery-with-no-image","37":"ast-product-single-variable","38":"ast-product-tabs-layout-horizontal","39":"ast-qv-on-image","41":"first","42":"instock","43":"shipping-taxable","44":"purchasable","45":"product-type-variable"},"yoast_head":"<!-- This site is optimized with the Yoast SEO plugin v25.9 - https:\/\/yoast.com\/wordpress\/plugins\/seo\/ -->\n<title>Diclazepam 2mg pellets for Sale - Buy Diclazepam 2mg Online<\/title>\n<meta name=\"description\" content=\"If you wish to buy Diclazepam 2mg pellets online, our online Legitgrams store can help. We have Diclazepam 2mg pellets for sale at the best rates here. Place your order and grab the latest deals today!\" \/>\n<meta name=\"robots\" content=\"index, follow, max-snippet:-1, max-image-preview:large, max-video-preview:-1\" \/>\n<link rel=\"canonical\" href=\"https:\/\/legitgrams.com\/fr\/produit\/diclazepam-2-mg-pellets\/\" \/>\n<meta property=\"og:locale\" content=\"fr_FR\" \/>\n<meta property=\"og:type\" content=\"article\" \/>\n<meta property=\"og:title\" content=\"Diclazepam 2mg pellets for Sale - Buy Diclazepam 2mg Online\" \/>\n<meta property=\"og:description\" content=\"If you wish to buy Diclazepam 2mg pellets online, our online Legitgrams store can help. We have Diclazepam 2mg pellets for sale at the best rates here. Place your order and grab the latest deals today!\" \/>\n<meta property=\"og:url\" content=\"https:\/\/legitgrams.com\/fr\/produit\/diclazepam-2-mg-pellets\/\" \/>\n<meta property=\"og:site_name\" content=\"Legit Grams\" \/>\n<meta property=\"article:modified_time\" content=\"2025-01-13T11:12:17+00:00\" \/>\n<meta property=\"og:image\" content=\"https:\/\/legitgrams.com\/wp-content\/uploads\/2024\/09\/Buy-Diclazepam-2-mg-pellets-online.jpg\" \/>\n\t<meta property=\"og:image:width\" content=\"600\" \/>\n\t<meta property=\"og:image:height\" content=\"600\" \/>\n\t<meta property=\"og:image:type\" content=\"image\/jpeg\" \/>\n<meta name=\"twitter:card\" content=\"summary_large_image\" \/>\n<meta name=\"twitter:label1\" content=\"Dur\u00e9e de lecture est.\" \/>\n\t<meta name=\"twitter:data1\" content=\"2 minutes\" \/>\n<script type=\"application\/ld+json\" class=\"yoast-schema-graph\">{\"@context\":\"https:\/\/schema.org\",\"@graph\":[{\"@type\":\"WebPage\",\"@id\":\"https:\/\/legitgrams.com\/product\/diclazepam-2-mg-pellets\/\",\"url\":\"https:\/\/legitgrams.com\/product\/diclazepam-2-mg-pellets\/\",\"name\":\"Diclazepam 2mg pellets for Sale - Buy Diclazepam 2mg Online\",\"isPartOf\":{\"@id\":\"https:\/\/legitgrams.com\/#website\"},\"primaryImageOfPage\":{\"@id\":\"https:\/\/legitgrams.com\/product\/diclazepam-2-mg-pellets\/#primaryimage\"},\"image\":{\"@id\":\"https:\/\/legitgrams.com\/product\/diclazepam-2-mg-pellets\/#primaryimage\"},\"thumbnailUrl\":\"https:\/\/legitgrams.com\/wp-content\/uploads\/2024\/09\/Buy-Diclazepam-2-mg-pellets-online.jpg\",\"datePublished\":\"2024-09-21T05:37:19+00:00\",\"dateModified\":\"2025-01-13T11:12:17+00:00\",\"description\":\"If you wish to buy Diclazepam 2mg pellets online, our online Legitgrams store can help. We have Diclazepam 2mg pellets for sale at the best rates here. Place your order and grab the latest deals today!\",\"breadcrumb\":{\"@id\":\"https:\/\/legitgrams.com\/product\/diclazepam-2-mg-pellets\/#breadcrumb\"},\"inLanguage\":\"fr-BE\",\"potentialAction\":[{\"@type\":\"ReadAction\",\"target\":[\"https:\/\/legitgrams.com\/product\/diclazepam-2-mg-pellets\/\"]}]},{\"@type\":\"ImageObject\",\"inLanguage\":\"fr-BE\",\"@id\":\"https:\/\/legitgrams.com\/product\/diclazepam-2-mg-pellets\/#primaryimage\",\"url\":\"https:\/\/legitgrams.com\/wp-content\/uploads\/2024\/09\/Buy-Diclazepam-2-mg-pellets-online.jpg\",\"contentUrl\":\"https:\/\/legitgrams.com\/wp-content\/uploads\/2024\/09\/Buy-Diclazepam-2-mg-pellets-online.jpg\",\"width\":600,\"height\":600,\"caption\":\"Diclazepam 2 mg pellets for sale\"},{\"@type\":\"BreadcrumbList\",\"@id\":\"https:\/\/legitgrams.com\/product\/diclazepam-2-mg-pellets\/#breadcrumb\",\"itemListElement\":[{\"@type\":\"ListItem\",\"position\":1,\"name\":\"Home\",\"item\":\"https:\/\/legitgrams.com\/\"},{\"@type\":\"ListItem\",\"position\":2,\"name\":\"Shop\",\"item\":\"https:\/\/legitgrams.com\/shop\/\"},{\"@type\":\"ListItem\",\"position\":3,\"name\":\"Diclazepam 2 mg pellets\"}]},{\"@type\":\"WebSite\",\"@id\":\"https:\/\/legitgrams.com\/#website\",\"url\":\"https:\/\/legitgrams.com\/\",\"name\":\"Legit Grams\",\"description\":\"My WordPress Blog\",\"publisher\":{\"@id\":\"https:\/\/legitgrams.com\/#organization\"},\"potentialAction\":[{\"@type\":\"SearchAction\",\"target\":{\"@type\":\"EntryPoint\",\"urlTemplate\":\"https:\/\/legitgrams.com\/?s={search_term_string}\"},\"query-input\":{\"@type\":\"PropertyValueSpecification\",\"valueRequired\":true,\"valueName\":\"search_term_string\"}}],\"inLanguage\":\"fr-BE\"},{\"@type\":\"Organization\",\"@id\":\"https:\/\/legitgrams.com\/#organization\",\"name\":\"Legit Grams\",\"url\":\"https:\/\/legitgrams.com\/\",\"logo\":{\"@type\":\"ImageObject\",\"inLanguage\":\"fr-BE\",\"@id\":\"https:\/\/legitgrams.com\/#\/schema\/logo\/image\/\",\"url\":\"https:\/\/legitgrams.com\/wp-content\/uploads\/2024\/09\/main-logo.png\",\"contentUrl\":\"https:\/\/legitgrams.com\/wp-content\/uploads\/2024\/09\/main-logo.png\",\"width\":270,\"height\":75,\"caption\":\"Legit Grams\"},\"image\":{\"@id\":\"https:\/\/legitgrams.com\/#\/schema\/logo\/image\/\"}}]}<\/script>\n<!-- \/ Yoast SEO plugin. -->","yoast_head_json":{"title":"Vente de pastilles de diclaz\u00e9pam 2 mg - Acheter du diclaz\u00e9pam 2 mg en ligne","description":"Si vous souhaitez acheter des pastilles de Diclazepam 2mg en ligne, notre magasin en ligne Legitgrams peut vous aider. Nous avons des pastilles de Diclazepam 2mg \u00e0 vendre aux meilleurs prix. Passez votre commande et profitez des derni\u00e8res offres d\u00e8s aujourd'hui !","robots":{"index":"index","follow":"follow","max-snippet":"max-snippet:-1","max-image-preview":"max-image-preview:large","max-video-preview":"max-video-preview:-1"},"canonical":"https:\/\/legitgrams.com\/fr\/produit\/diclazepam-2-mg-pellets\/","og_locale":"fr_FR","og_type":"article","og_title":"Diclazepam 2mg pellets for Sale - Buy Diclazepam 2mg Online","og_description":"If you wish to buy Diclazepam 2mg pellets online, our online Legitgrams store can help. We have Diclazepam 2mg pellets for sale at the best rates here. Place your order and grab the latest deals today!","og_url":"https:\/\/legitgrams.com\/fr\/produit\/diclazepam-2-mg-pellets\/","og_site_name":"Legit Grams","article_modified_time":"2025-01-13T11:12:17+00:00","og_image":[{"width":600,"height":600,"url":"https:\/\/legitgrams.com\/wp-content\/uploads\/2024\/09\/Buy-Diclazepam-2-mg-pellets-online.jpg","type":"image\/jpeg"}],"twitter_card":"summary_large_image","twitter_misc":{"Dur\u00e9e de lecture est.":"2 minutes"},"schema":{"@context":"https:\/\/schema.org","@graph":[{"@type":"WebPage","@id":"https:\/\/legitgrams.com\/product\/diclazepam-2-mg-pellets\/","url":"https:\/\/legitgrams.com\/product\/diclazepam-2-mg-pellets\/","name":"Vente de pastilles de diclaz\u00e9pam 2 mg - Acheter du diclaz\u00e9pam 2 mg en ligne","isPartOf":{"@id":"https:\/\/legitgrams.com\/#website"},"primaryImageOfPage":{"@id":"https:\/\/legitgrams.com\/product\/diclazepam-2-mg-pellets\/#primaryimage"},"image":{"@id":"https:\/\/legitgrams.com\/product\/diclazepam-2-mg-pellets\/#primaryimage"},"thumbnailUrl":"https:\/\/legitgrams.com\/wp-content\/uploads\/2024\/09\/Buy-Diclazepam-2-mg-pellets-online.jpg","datePublished":"2024-09-21T05:37:19+00:00","dateModified":"2025-01-13T11:12:17+00:00","description":"Si vous souhaitez acheter des pastilles de Diclazepam 2mg en ligne, notre magasin en ligne Legitgrams peut vous aider. Nous avons des pastilles de Diclazepam 2mg \u00e0 vendre aux meilleurs prix. Passez votre commande et profitez des derni\u00e8res offres d\u00e8s aujourd'hui !","breadcrumb":{"@id":"https:\/\/legitgrams.com\/product\/diclazepam-2-mg-pellets\/#breadcrumb"},"inLanguage":"fr-BE","potentialAction":[{"@type":"ReadAction","target":["https:\/\/legitgrams.com\/product\/diclazepam-2-mg-pellets\/"]}]},{"@type":"ImageObject","inLanguage":"fr-BE","@id":"https:\/\/legitgrams.com\/product\/diclazepam-2-mg-pellets\/#primaryimage","url":"https:\/\/legitgrams.com\/wp-content\/uploads\/2024\/09\/Buy-Diclazepam-2-mg-pellets-online.jpg","contentUrl":"https:\/\/legitgrams.com\/wp-content\/uploads\/2024\/09\/Buy-Diclazepam-2-mg-pellets-online.jpg","width":600,"height":600,"caption":"Diclazepam 2 mg pellets for sale"},{"@type":"BreadcrumbList","@id":"https:\/\/legitgrams.com\/product\/diclazepam-2-mg-pellets\/#breadcrumb","itemListElement":[{"@type":"ListItem","position":1,"name":"Home","item":"https:\/\/legitgrams.com\/"},{"@type":"ListItem","position":2,"name":"Shop","item":"https:\/\/legitgrams.com\/shop\/"},{"@type":"ListItem","position":3,"name":"Diclazepam 2 mg pellets"}]},{"@type":"WebSite","@id":"https:\/\/legitgrams.com\/#website","url":"https:\/\/legitgrams.com\/","name":"Les grammes l\u00e9gitimes","description":"Mon blog WordPress","publisher":{"@id":"https:\/\/legitgrams.com\/#organization"},"potentialAction":[{"@type":"SearchAction","target":{"@type":"EntryPoint","urlTemplate":"https:\/\/legitgrams.com\/?s={search_term_string}"},"query-input":{"@type":"PropertyValueSpecification","valueRequired":true,"valueName":"search_term_string"}}],"inLanguage":"fr-BE"},{"@type":"Organization","@id":"https:\/\/legitgrams.com\/#organization","name":"Les grammes l\u00e9gitimes","url":"https:\/\/legitgrams.com\/","logo":{"@type":"ImageObject","inLanguage":"fr-BE","@id":"https:\/\/legitgrams.com\/#\/schema\/logo\/image\/","url":"https:\/\/legitgrams.com\/wp-content\/uploads\/2024\/09\/main-logo.png","contentUrl":"https:\/\/legitgrams.com\/wp-content\/uploads\/2024\/09\/main-logo.png","width":270,"height":75,"caption":"Legit Grams"},"image":{"@id":"https:\/\/legitgrams.com\/#\/schema\/logo\/image\/"}}]}},"uagb_featured_image_src":{"full":["https:\/\/legitgrams.com\/wp-content\/uploads\/2024\/09\/Buy-Diclazepam-2-mg-pellets-online.jpg",600,600,false],"thumbnail":["https:\/\/legitgrams.com\/wp-content\/uploads\/2024\/09\/Buy-Diclazepam-2-mg-pellets-online-150x150.jpg",150,150,true],"medium":["https:\/\/legitgrams.com\/wp-content\/uploads\/2024\/09\/Buy-Diclazepam-2-mg-pellets-online-300x300.jpg",300,300,true],"medium_large":["https:\/\/legitgrams.com\/wp-content\/uploads\/2024\/09\/Buy-Diclazepam-2-mg-pellets-online.jpg",600,600,false],"large":["https:\/\/legitgrams.com\/wp-content\/uploads\/2024\/09\/Buy-Diclazepam-2-mg-pellets-online.jpg",600,600,false],"1536x1536":["https:\/\/legitgrams.com\/wp-content\/uploads\/2024\/09\/Buy-Diclazepam-2-mg-pellets-online.jpg",600,600,false],"2048x2048":["https:\/\/legitgrams.com\/wp-content\/uploads\/2024\/09\/Buy-Diclazepam-2-mg-pellets-online.jpg",600,600,false],"trp-custom-language-flag":["https:\/\/legitgrams.com\/wp-content\/uploads\/2024\/09\/Buy-Diclazepam-2-mg-pellets-online-12x12.jpg",12,12,true],"woocommerce_thumbnail":["https:\/\/legitgrams.com\/wp-content\/uploads\/2024\/09\/Buy-Diclazepam-2-mg-pellets-online-300x300.jpg",300,300,true],"woocommerce_single":["https:\/\/legitgrams.com\/wp-content\/uploads\/2024\/09\/Buy-Diclazepam-2-mg-pellets-online.jpg",600,600,false],"woocommerce_gallery_thumbnail":["https:\/\/legitgrams.com\/wp-content\/uploads\/2024\/09\/Buy-Diclazepam-2-mg-pellets-online-100x100.jpg",100,100,true]},"uagb_author_info":{"display_name":"cokeblog18","author_link":"https:\/\/legitgrams.com\/fr\/author\/"},"uagb_comment_info":0,"uagb_excerpt":"For sale are Diclazepam 2 mg pellets. Chlordiazepam is another name for Diclazepam Pellets, a more newer and less well-known sedative in the benzodiazepine class. Get Diclazepam Pellets in 2 mg at a discounted price. It is believed to have a structural equivalence and work similarly to diazepam, also known as Valium. LegitGrams Amnesia, hypnotics,&hellip;","_links":{"self":[{"href":"https:\/\/legitgrams.com\/fr\/wp-json\/wp\/v2\/product\/3966","targetHints":{"allow":["GET"]}}],"collection":[{"href":"https:\/\/legitgrams.com\/fr\/wp-json\/wp\/v2\/product"}],"about":[{"href":"https:\/\/legitgrams.com\/fr\/wp-json\/wp\/v2\/types\/product"}],"replies":[{"embeddable":true,"href":"https:\/\/legitgrams.com\/fr\/wp-json\/wp\/v2\/comments?post=3966"}],"wp:featuredmedia":[{"embeddable":true,"href":"https:\/\/legitgrams.com\/fr\/wp-json\/wp\/v2\/media\/5323"}],"wp:attachment":[{"href":"https:\/\/legitgrams.com\/fr\/wp-json\/wp\/v2\/media?parent=3966"}],"wp:term":[{"taxonomy":"product_brand","embeddable":true,"href":"https:\/\/legitgrams.com\/fr\/wp-json\/wp\/v2\/product_brand?post=3966"},{"taxonomy":"product_cat","embeddable":true,"href":"https:\/\/legitgrams.com\/fr\/wp-json\/wp\/v2\/product_cat?post=3966"},{"taxonomy":"product_tag","embeddable":true,"href":"https:\/\/legitgrams.com\/fr\/wp-json\/wp\/v2\/product_tag?post=3966"}],"curies":[{"name":"wp","href":"https:\/\/api.w.org\/{rel}","templated":true}]}}