{"id":3968,"date":"2024-09-21T05:44:29","date_gmt":"2024-09-21T05:44:29","guid":{"rendered":"https:\/\/legitgrams.com\/?post_type=product&#038;p=3968"},"modified":"2025-01-14T10:56:47","modified_gmt":"2025-01-14T10:56:47","slug":"poudre-doxycodone-de-qualite","status":"publish","type":"product","link":"https:\/\/legitgrams.com\/fr\/produit\/poudre-doxycodone-de-qualite\/","title":{"rendered":"Poudre d'oxycodone de qualit\u00e9"},"content":{"rendered":"<h2>Achetez de la poudre d'oxycodone de haute qualit\u00e9 en ligne<\/h2>\n<p>Comme la morphine, l'oxycodone est un alcalo\u00efde opio\u00efde semi-synth\u00e9tique qui a des effets analg\u00e9siques. L'oxycodone imite les effets des opio\u00efdes endog\u00e8nes et cr\u00e9e un effet analg\u00e9sique en se liant aux r\u00e9cepteurs mu du syst\u00e8me nerveux central (SNC). La production d'AMPc est interrompue lorsque le r\u00e9cepteur opiac\u00e9 est activ\u00e9 car le complexe de prot\u00e9ines G convertit le GTP en PDB et inhibe l'ad\u00e9nylate cyclase. De plus, la lib\u00e9ration de neurotransmetteurs nociceptifs est inhib\u00e9e, notamment la substance P, l'acide gamma-aminobutyrique (GABA), la dopamine, l'ac\u00e9tylcholine et la noradr\u00e9naline. <a style=\"font-size: 16px; background-color: #ffffff;\" href=\"https:\/\/legitgrams.com\/fr\/\">LegitGrams<\/a><\/p>\n<p>En outre, l'oxycodone emp\u00eache la s\u00e9cr\u00e9tion de glucagon, d'insuline, de somatostatine et de vasopressine. En outre, l'oxycodone provoque la r\u00e9paration des canaux potassiques internes en fermant les canaux calciques de type N \u00e0 tension et en ouvrant les canaux potassiques li\u00e9s aux prot\u00e9ines G. Cela provoque une hyperpolarisation et une r\u00e9duction de l'excitabilit\u00e9 neuronale. Cela entra\u00eene une hyperpolarisation et une r\u00e9duction de l'excitabilit\u00e9 neuronale.<\/p>\n<p>Achat de poudre d'oxycodone de haute qualit\u00e9 en ligne - achat de poudre d'oxycodone de haute qualit\u00e9, achat de poudre d'oxycodone de haute qualit\u00e9 usa, achat de poudre d'oxycodone de haute qualit\u00e9 <a href=\"https:\/\/en.wikipedia.org\/wiki\/Oxycodone\">Oxycodone en poudre<\/a> online USA, Where to Purchase High-quality Oxycodone powder, High-quality Oxycodone powder for sale, High-quality Oxycodone powder for sale nearby, <a href=\"https:\/\/legitgrams.com\/fr\/produit\/poudre-doxycodone-de-qualite\/\">Achat de poudre d'oxycodone de haute qualit\u00e9 en ligne<\/a> pr\u00e8s de chez moi, O\u00f9 acheter de la poudre d'oxycodone de haute qualit\u00e9 en ligne, Poudre d'oxycodone de haute qualit\u00e9 \u00e0 vendre aux \u00c9tats-Unis, au Canada, au Royaume-Uni, acheter, en ligne, fournisseurs, livraison s\u00e9curis\u00e9e, Il est encore possible d'obtenir de la poudre d'oxycodone de qualit\u00e9. Vous pouvez \u00e9galement vous renseigner sur sa l\u00e9galit\u00e9 aux \u00c9tats-Unis, l'acheter en ligne aux \u00c9tats-Unis, passer une commande de poudre d'oxycodone de qualit\u00e9 et savoir si elle est l\u00e9gale au Canada.<\/p>","protected":false},"excerpt":{"rendered":"<p>Purchase High-Grade Oxycodone Powder Online Like morphine, oxycodone is a semi-synthetic opioid alkaloid that has analgesic effects. Oxycodone mimics the effects of endogenous opioids and creates an analgesic effect by binding to mu receptors in the central nervous system (CNS). The generation of cAMP is halted when the opiate receptor is engaged because the G-protein &hellip;<\/p>\n<p class=\"read-more\"> <a class=\"\" href=\"https:\/\/legitgrams.com\/fr\/produit\/poudre-doxycodone-de-qualite\/\"> <span class=\"screen-reader-text\">Poudre d'oxycodone de qualit\u00e9<\/span> Lire la suite \"<\/a><\/p>","protected":false},"featured_media":5311,"comment_status":"open","ping_status":"closed","template":"","meta":{"_uag_custom_page_level_css":"","site-sidebar-layout":"default","site-content-layout":"default","ast-global-header-display":"","ast-main-header-display":"","ast-hfb-above-header-display":"","ast-hfb-below-header-display":"","ast-hfb-mobile-header-display":"","site-post-title":"","ast-breadcrumbs-content":"","ast-featured-img":"","footer-sml-layout":"","theme-transparent-header-meta":"default","adv-header-id-meta":"","stick-header-meta":"default","header-above-stick-meta":"","header-main-stick-meta":"","header-below-stick-meta":"","_joinchat":[]},"product_brand":[],"product_cat":[600],"product_tag":[3360,3350,617,3342,3357,3354,3349,3347,3359,3341,3344,3352,3343,3353,3345,3355,3362,3363,3361,3358,3356,625,3348,3351,3346],"class_list":{"0":"post-3968","1":"product","2":"type-product","3":"status-publish","4":"has-post-thumbnail","6":"product_cat-research-chemicals-and-bath-salt","7":"product_tag-best-cheap-price-quality-oxycodone-powder","8":"product_tag-best-place-to-buy-quality-oxycodone-powder","9":"product_tag-bulk-online","10":"product_tag-buy-quality-oxycodone-powder","11":"product_tag-cheap-quality-oxycodone-powder","12":"product_tag-high-quality-quality-oxycodone-powder","13":"product_tag-how-to-buy-quality-oxycodone-powder","14":"product_tag-order-quality-oxycodone-powder","15":"product_tag-purcharse-quality-oxycodone-powder","16":"product_tag-quality-oxycodone-powder","17":"product_tag-quality-oxycodone-powder-for-sale","18":"product_tag-quality-oxycodone-powder-legally","19":"product_tag-quality-oxycodone-powder-online","20":"product_tag-quality-oxycodone-powder-price","21":"product_tag-quality-oxycodone-powder-quality-oxycodone-powder-supplier","22":"product_tag-quality-oxycodone-powder-store","23":"product_tag-quality-oxycodone-powder-use","24":"product_tag-quality-oxycodone-powder-wiki","25":"product_tag-quality-oxycodone-powder-worldwide","26":"product_tag-quality-oxycodone-powders","27":"product_tag-shop-quality-oxycodone-powder","28":"product_tag-top-quality","29":"product_tag-where-to-buy-quality-oxycodone-powder","30":"product_tag-where-to-order-quality-oxycodone-powder","31":"product_tag-wholesale-quality-oxycodone-powder","32":"desktop-align-left","33":"tablet-align-left","34":"mobile-align-left","35":"ast-product-gallery-layout-horizontal","36":"ast-product-gallery-with-no-image","37":"ast-product-single-variable","38":"ast-product-tabs-layout-horizontal","39":"ast-qv-on-image","41":"first","42":"instock","43":"shipping-taxable","44":"purchasable","45":"product-type-variable"},"yoast_head":"<!-- This site is optimized with the Yoast SEO plugin v25.9 - https:\/\/yoast.com\/wordpress\/plugins\/seo\/ -->\n<title>Quality Oxycodone powder for Sale - Buy Oxycodone Online<\/title>\n<meta name=\"description\" content=\"Looking for a reliable source to buy quality oxycodone powder online? Your search ends here. Order oxycodone online from our trusted store. Order Now\" \/>\n<meta name=\"robots\" content=\"index, follow, max-snippet:-1, max-image-preview:large, max-video-preview:-1\" \/>\n<link rel=\"canonical\" href=\"https:\/\/legitgrams.com\/fr\/produit\/poudre-doxycodone-de-qualite\/\" \/>\n<meta property=\"og:locale\" content=\"fr_FR\" \/>\n<meta property=\"og:type\" content=\"article\" \/>\n<meta property=\"og:title\" content=\"Quality Oxycodone powder for Sale - Buy Oxycodone Online\" \/>\n<meta property=\"og:description\" content=\"Looking for a reliable source to buy quality oxycodone powder online? Your search ends here. Order oxycodone online from our trusted store. Order Now\" \/>\n<meta property=\"og:url\" content=\"https:\/\/legitgrams.com\/fr\/produit\/poudre-doxycodone-de-qualite\/\" \/>\n<meta property=\"og:site_name\" content=\"Legit Grams\" \/>\n<meta property=\"article:modified_time\" content=\"2025-01-14T10:56:47+00:00\" \/>\n<meta property=\"og:image\" content=\"https:\/\/legitgrams.com\/wp-content\/uploads\/2024\/09\/buy-quality-oxycodone-powder-online.jpg\" \/>\n\t<meta property=\"og:image:width\" content=\"600\" \/>\n\t<meta property=\"og:image:height\" content=\"600\" \/>\n\t<meta property=\"og:image:type\" content=\"image\/jpeg\" \/>\n<meta name=\"twitter:card\" content=\"summary_large_image\" \/>\n<meta name=\"twitter:label1\" content=\"Dur\u00e9e de lecture est.\" \/>\n\t<meta name=\"twitter:data1\" content=\"2 minutes\" \/>\n<script type=\"application\/ld+json\" class=\"yoast-schema-graph\">{\"@context\":\"https:\/\/schema.org\",\"@graph\":[{\"@type\":\"WebPage\",\"@id\":\"https:\/\/legitgrams.com\/product\/quality-oxycodone-powder\/\",\"url\":\"https:\/\/legitgrams.com\/product\/quality-oxycodone-powder\/\",\"name\":\"Quality Oxycodone powder for Sale - Buy Oxycodone Online\",\"isPartOf\":{\"@id\":\"https:\/\/legitgrams.com\/#website\"},\"primaryImageOfPage\":{\"@id\":\"https:\/\/legitgrams.com\/product\/quality-oxycodone-powder\/#primaryimage\"},\"image\":{\"@id\":\"https:\/\/legitgrams.com\/product\/quality-oxycodone-powder\/#primaryimage\"},\"thumbnailUrl\":\"https:\/\/legitgrams.com\/wp-content\/uploads\/2024\/09\/buy-quality-oxycodone-powder-online.jpg\",\"datePublished\":\"2024-09-21T05:44:29+00:00\",\"dateModified\":\"2025-01-14T10:56:47+00:00\",\"description\":\"Looking for a reliable source to buy quality oxycodone powder online? Your search ends here. Order oxycodone online from our trusted store. Order Now\",\"breadcrumb\":{\"@id\":\"https:\/\/legitgrams.com\/product\/quality-oxycodone-powder\/#breadcrumb\"},\"inLanguage\":\"fr-BE\",\"potentialAction\":[{\"@type\":\"ReadAction\",\"target\":[\"https:\/\/legitgrams.com\/product\/quality-oxycodone-powder\/\"]}]},{\"@type\":\"ImageObject\",\"inLanguage\":\"fr-BE\",\"@id\":\"https:\/\/legitgrams.com\/product\/quality-oxycodone-powder\/#primaryimage\",\"url\":\"https:\/\/legitgrams.com\/wp-content\/uploads\/2024\/09\/buy-quality-oxycodone-powder-online.jpg\",\"contentUrl\":\"https:\/\/legitgrams.com\/wp-content\/uploads\/2024\/09\/buy-quality-oxycodone-powder-online.jpg\",\"width\":600,\"height\":600,\"caption\":\"Quality Oxycodone powder for Sale\"},{\"@type\":\"BreadcrumbList\",\"@id\":\"https:\/\/legitgrams.com\/product\/quality-oxycodone-powder\/#breadcrumb\",\"itemListElement\":[{\"@type\":\"ListItem\",\"position\":1,\"name\":\"Home\",\"item\":\"https:\/\/legitgrams.com\/\"},{\"@type\":\"ListItem\",\"position\":2,\"name\":\"Shop\",\"item\":\"https:\/\/legitgrams.com\/shop\/\"},{\"@type\":\"ListItem\",\"position\":3,\"name\":\"Quality Oxycodone powder\"}]},{\"@type\":\"WebSite\",\"@id\":\"https:\/\/legitgrams.com\/#website\",\"url\":\"https:\/\/legitgrams.com\/\",\"name\":\"Legit Grams\",\"description\":\"My WordPress Blog\",\"publisher\":{\"@id\":\"https:\/\/legitgrams.com\/#organization\"},\"potentialAction\":[{\"@type\":\"SearchAction\",\"target\":{\"@type\":\"EntryPoint\",\"urlTemplate\":\"https:\/\/legitgrams.com\/?s={search_term_string}\"},\"query-input\":{\"@type\":\"PropertyValueSpecification\",\"valueRequired\":true,\"valueName\":\"search_term_string\"}}],\"inLanguage\":\"fr-BE\"},{\"@type\":\"Organization\",\"@id\":\"https:\/\/legitgrams.com\/#organization\",\"name\":\"Legit Grams\",\"url\":\"https:\/\/legitgrams.com\/\",\"logo\":{\"@type\":\"ImageObject\",\"inLanguage\":\"fr-BE\",\"@id\":\"https:\/\/legitgrams.com\/#\/schema\/logo\/image\/\",\"url\":\"https:\/\/legitgrams.com\/wp-content\/uploads\/2024\/09\/main-logo.png\",\"contentUrl\":\"https:\/\/legitgrams.com\/wp-content\/uploads\/2024\/09\/main-logo.png\",\"width\":270,\"height\":75,\"caption\":\"Legit Grams\"},\"image\":{\"@id\":\"https:\/\/legitgrams.com\/#\/schema\/logo\/image\/\"}}]}<\/script>\n<!-- \/ Yoast SEO plugin. -->","yoast_head_json":{"title":"Poudre d'oxycodone de qualit\u00e9 \u00e0 vendre - Achetez de l'oxycodone en ligne","description":"Vous cherchez une source fiable pour acheter de la poudre d'oxycodone de qualit\u00e9 en ligne ? Votre recherche s'arr\u00eate ici. Commandez de l'oxycodone en ligne dans notre magasin de confiance. Commander maintenant","robots":{"index":"index","follow":"follow","max-snippet":"max-snippet:-1","max-image-preview":"max-image-preview:large","max-video-preview":"max-video-preview:-1"},"canonical":"https:\/\/legitgrams.com\/fr\/produit\/poudre-doxycodone-de-qualite\/","og_locale":"fr_FR","og_type":"article","og_title":"Quality Oxycodone powder for Sale - Buy Oxycodone Online","og_description":"Looking for a reliable source to buy quality oxycodone powder online? Your search ends here. Order oxycodone online from our trusted store. Order Now","og_url":"https:\/\/legitgrams.com\/fr\/produit\/poudre-doxycodone-de-qualite\/","og_site_name":"Legit Grams","article_modified_time":"2025-01-14T10:56:47+00:00","og_image":[{"width":600,"height":600,"url":"https:\/\/legitgrams.com\/wp-content\/uploads\/2024\/09\/buy-quality-oxycodone-powder-online.jpg","type":"image\/jpeg"}],"twitter_card":"summary_large_image","twitter_misc":{"Dur\u00e9e de lecture est.":"2 minutes"},"schema":{"@context":"https:\/\/schema.org","@graph":[{"@type":"WebPage","@id":"https:\/\/legitgrams.com\/product\/quality-oxycodone-powder\/","url":"https:\/\/legitgrams.com\/product\/quality-oxycodone-powder\/","name":"Poudre d'oxycodone de qualit\u00e9 \u00e0 vendre - Achetez de l'oxycodone en ligne","isPartOf":{"@id":"https:\/\/legitgrams.com\/#website"},"primaryImageOfPage":{"@id":"https:\/\/legitgrams.com\/product\/quality-oxycodone-powder\/#primaryimage"},"image":{"@id":"https:\/\/legitgrams.com\/product\/quality-oxycodone-powder\/#primaryimage"},"thumbnailUrl":"https:\/\/legitgrams.com\/wp-content\/uploads\/2024\/09\/buy-quality-oxycodone-powder-online.jpg","datePublished":"2024-09-21T05:44:29+00:00","dateModified":"2025-01-14T10:56:47+00:00","description":"Vous cherchez une source fiable pour acheter de la poudre d'oxycodone de qualit\u00e9 en ligne ? Votre recherche s'arr\u00eate ici. Commandez de l'oxycodone en ligne dans notre magasin de confiance. Commander maintenant","breadcrumb":{"@id":"https:\/\/legitgrams.com\/product\/quality-oxycodone-powder\/#breadcrumb"},"inLanguage":"fr-BE","potentialAction":[{"@type":"ReadAction","target":["https:\/\/legitgrams.com\/product\/quality-oxycodone-powder\/"]}]},{"@type":"ImageObject","inLanguage":"fr-BE","@id":"https:\/\/legitgrams.com\/product\/quality-oxycodone-powder\/#primaryimage","url":"https:\/\/legitgrams.com\/wp-content\/uploads\/2024\/09\/buy-quality-oxycodone-powder-online.jpg","contentUrl":"https:\/\/legitgrams.com\/wp-content\/uploads\/2024\/09\/buy-quality-oxycodone-powder-online.jpg","width":600,"height":600,"caption":"Quality Oxycodone powder for Sale"},{"@type":"BreadcrumbList","@id":"https:\/\/legitgrams.com\/product\/quality-oxycodone-powder\/#breadcrumb","itemListElement":[{"@type":"ListItem","position":1,"name":"Home","item":"https:\/\/legitgrams.com\/"},{"@type":"ListItem","position":2,"name":"Shop","item":"https:\/\/legitgrams.com\/shop\/"},{"@type":"ListItem","position":3,"name":"Quality Oxycodone powder"}]},{"@type":"WebSite","@id":"https:\/\/legitgrams.com\/#website","url":"https:\/\/legitgrams.com\/","name":"Les grammes l\u00e9gitimes","description":"Mon blog WordPress","publisher":{"@id":"https:\/\/legitgrams.com\/#organization"},"potentialAction":[{"@type":"SearchAction","target":{"@type":"EntryPoint","urlTemplate":"https:\/\/legitgrams.com\/?s={search_term_string}"},"query-input":{"@type":"PropertyValueSpecification","valueRequired":true,"valueName":"search_term_string"}}],"inLanguage":"fr-BE"},{"@type":"Organization","@id":"https:\/\/legitgrams.com\/#organization","name":"Les grammes l\u00e9gitimes","url":"https:\/\/legitgrams.com\/","logo":{"@type":"ImageObject","inLanguage":"fr-BE","@id":"https:\/\/legitgrams.com\/#\/schema\/logo\/image\/","url":"https:\/\/legitgrams.com\/wp-content\/uploads\/2024\/09\/main-logo.png","contentUrl":"https:\/\/legitgrams.com\/wp-content\/uploads\/2024\/09\/main-logo.png","width":270,"height":75,"caption":"Legit Grams"},"image":{"@id":"https:\/\/legitgrams.com\/#\/schema\/logo\/image\/"}}]}},"uagb_featured_image_src":{"full":["https:\/\/legitgrams.com\/wp-content\/uploads\/2024\/09\/buy-quality-oxycodone-powder-online.jpg",600,600,false],"thumbnail":["https:\/\/legitgrams.com\/wp-content\/uploads\/2024\/09\/buy-quality-oxycodone-powder-online-150x150.jpg",150,150,true],"medium":["https:\/\/legitgrams.com\/wp-content\/uploads\/2024\/09\/buy-quality-oxycodone-powder-online-300x300.jpg",300,300,true],"medium_large":["https:\/\/legitgrams.com\/wp-content\/uploads\/2024\/09\/buy-quality-oxycodone-powder-online.jpg",600,600,false],"large":["https:\/\/legitgrams.com\/wp-content\/uploads\/2024\/09\/buy-quality-oxycodone-powder-online.jpg",600,600,false],"1536x1536":["https:\/\/legitgrams.com\/wp-content\/uploads\/2024\/09\/buy-quality-oxycodone-powder-online.jpg",600,600,false],"2048x2048":["https:\/\/legitgrams.com\/wp-content\/uploads\/2024\/09\/buy-quality-oxycodone-powder-online.jpg",600,600,false],"trp-custom-language-flag":["https:\/\/legitgrams.com\/wp-content\/uploads\/2024\/09\/buy-quality-oxycodone-powder-online-12x12.jpg",12,12,true],"woocommerce_thumbnail":["https:\/\/legitgrams.com\/wp-content\/uploads\/2024\/09\/buy-quality-oxycodone-powder-online-300x300.jpg",300,300,true],"woocommerce_single":["https:\/\/legitgrams.com\/wp-content\/uploads\/2024\/09\/buy-quality-oxycodone-powder-online.jpg",600,600,false],"woocommerce_gallery_thumbnail":["https:\/\/legitgrams.com\/wp-content\/uploads\/2024\/09\/buy-quality-oxycodone-powder-online-100x100.jpg",100,100,true]},"uagb_author_info":{"display_name":"cokeblog18","author_link":"https:\/\/legitgrams.com\/fr\/author\/"},"uagb_comment_info":0,"uagb_excerpt":"Purchase High-Grade Oxycodone Powder Online Like morphine, oxycodone is a semi-synthetic opioid alkaloid that has analgesic effects. Oxycodone mimics the effects of endogenous opioids and creates an analgesic effect by binding to mu receptors in the central nervous system (CNS). The generation of cAMP is halted when the opiate receptor is engaged because the G-protein&hellip;","_links":{"self":[{"href":"https:\/\/legitgrams.com\/fr\/wp-json\/wp\/v2\/product\/3968","targetHints":{"allow":["GET"]}}],"collection":[{"href":"https:\/\/legitgrams.com\/fr\/wp-json\/wp\/v2\/product"}],"about":[{"href":"https:\/\/legitgrams.com\/fr\/wp-json\/wp\/v2\/types\/product"}],"replies":[{"embeddable":true,"href":"https:\/\/legitgrams.com\/fr\/wp-json\/wp\/v2\/comments?post=3968"}],"wp:featuredmedia":[{"embeddable":true,"href":"https:\/\/legitgrams.com\/fr\/wp-json\/wp\/v2\/media\/5311"}],"wp:attachment":[{"href":"https:\/\/legitgrams.com\/fr\/wp-json\/wp\/v2\/media?parent=3968"}],"wp:term":[{"taxonomy":"product_brand","embeddable":true,"href":"https:\/\/legitgrams.com\/fr\/wp-json\/wp\/v2\/product_brand?post=3968"},{"taxonomy":"product_cat","embeddable":true,"href":"https:\/\/legitgrams.com\/fr\/wp-json\/wp\/v2\/product_cat?post=3968"},{"taxonomy":"product_tag","embeddable":true,"href":"https:\/\/legitgrams.com\/fr\/wp-json\/wp\/v2\/product_tag?post=3968"}],"curies":[{"name":"wp","href":"https:\/\/api.w.org\/{rel}","templated":true}]}}