{"id":3971,"date":"2024-09-21T06:01:14","date_gmt":"2024-09-21T06:01:14","guid":{"rendered":"https:\/\/legitgrams.com\/?post_type=product&#038;p=3971"},"modified":"2025-12-14T07:46:44","modified_gmt":"2025-12-14T07:46:44","slug":"fentanyl-en-poudre","status":"publish","type":"product","link":"https:\/\/legitgrams.com\/fr\/produit\/fentanyl-en-poudre\/","title":{"rendered":"Fentanyl en poudre"},"content":{"rendered":"<h2>A vendre : poudre de fentanyl<\/h2>\n<p><a href=\"https:\/\/legitgrams.com\/fr\/produit\/fentanyl-en-poudre\/\">Fentanyl<\/a> Le fentanyl est un m\u00e9dicament appartenant \u00e0 la classe des opio\u00efdes. Cette poudre est utilis\u00e9e pour soigner une vari\u00e9t\u00e9 de maladies. Elle se pr\u00e9sente sous forme de comprim\u00e9s et de poudre. La poudre de fentanyl est le nom du m\u00e9dicament utilis\u00e9 pour soulager la douleur. <a href=\"https:\/\/legitgrams.com\/fr\/\">LegitGrams<\/a><\/p>\n<p>Le fentanyl est \u00e9galement utilis\u00e9 pour r\u00e9duire ou \u00e9radiquer compl\u00e8tement la douleur chronique. Il a \u00e9t\u00e9 commercialis\u00e9 comme m\u00e9dicament lors de sa cr\u00e9ation dans les ann\u00e9es 1960. Il a ensuite \u00e9t\u00e9 utilis\u00e9 pour des t\u00e2ches subalternes. En plus de son utilisation comme m\u00e9dicament, il a \u00e9galement \u00e9t\u00e9 utilis\u00e9 occasionnellement comme m\u00e9dicament ces derni\u00e8res ann\u00e9es.<\/p>\n<p>La morphine, la prodrogue la plus connue, est souvent compar\u00e9e \u00e0 la poudre de fentanyl. Cette drogue, cr\u00e9\u00e9e et utilis\u00e9e dans le domaine m\u00e9dical, a beaucoup de potentiel.<\/p>\n<p>La poudre de fentanyl est presque 50 \u00e0 100 fois plus puissante que la morphine. C'est la principale raison de son utilisation r\u00e9pandue et de sa popularit\u00e9.<\/p>\n<p>La poudre de fentanyl agit directement sur le cerveau, modifiant la perception de la douleur. Elle soulage totalement ou partiellement le corps de la douleur, selon son intensit\u00e9. Elle est largement utilis\u00e9e pour traiter tous les types de douleur, de la douleur aigu\u00eb \u00e0 la douleur chronique, en raison de son efficacit\u00e9 exceptionnelle.<\/p>\n<p>De nombreux m\u00e9decins ont int\u00e9gr\u00e9 cette politique pro-m\u00e9dicamenteuse dans leur pratique en raison de ces avantages. Ce pro-m\u00e9dicament se retrouve dans un certain nombre de m\u00e9dicaments pris pendant une intervention chirurgicale pour r\u00e9duire l'inconfort.<\/p>\n<p>La poudre de fentanyl est populaire non seulement aupr\u00e8s des m\u00e9decins, mais aussi aupr\u00e8s des clients des discoth\u00e8ques et des \u00e9tablissements. Les individus utilisent cette prodrogue pour se d\u00e9tendre parce qu'ils sont fatigu\u00e9s de leurs occupations et veulent profiter de la vie.<\/p>\n<p>Certains des ingr\u00e9dients de ce prom\u00e9dicament contribuent \u00e9galement \u00e0 favoriser un sommeil r\u00e9parateur. Par cons\u00e9quent, il est devenu tr\u00e8s populaire aupr\u00e8s des personnes aux prises avec des probl\u00e8mes tels que la d\u00e9pression.<\/p>\n<p>La poudre de fentanyl est facilement accessible sur Internet. Gr\u00e2ce \u00e0 notre boutique en ligne, ce prom\u00e9dicament est propos\u00e9 sous forme de comprim\u00e9s et de poudre. Notre entreprise assure \u00e9galement la livraison rapide de la marchandise \u00e0 votre domicile.<\/p>\n<p>Acheter de la poudre <a href=\"https:\/\/en.wikipedia.org\/wiki\/Fentanyl\">Fentanyl<\/a> En ligne : Acheter de la poudre, acheter du fentanyl en ligne, O\u00f9 acheter de la poudre pour le fentanyl, Poudre \u00e0 vendre, Poudre en ligne, O\u00f9 acheter de la poudre de fentanyl en ligne, O\u00f9 acheter de la poudre aux \u00c9tats-Unis, au Canada et au Royaume-Uni, O\u00f9 acheter de la poudre en ligne, O\u00f9 trouver des fournisseurs, Livraison s\u00e9curis\u00e9e, La poudre de fentanyl est toujours accessible. Est-ce vrai ? Comment puis-je passer une commande de poudre de fentanyl, est-ce l\u00e9gal au Canada et est-il l\u00e9gal de l'acheter en ligne aux \u00c9tats-Unis ?<\/p>","protected":false},"excerpt":{"rendered":"<p>For sale: fentanyl powder Fentanyl is a member of the opioid class of pro-drugs. This powder is used to cure a variety of ailments. It comes in pill and powder form. Fentanyl powder is the name of the medication used to alleviate pain. LegitGrams Fentanyl is also used to reduce or completely eradicate chronic pain. &hellip;<\/p>\n<p class=\"read-more\"> <a class=\"\" href=\"https:\/\/legitgrams.com\/fr\/produit\/fentanyl-en-poudre\/\"> <span class=\"screen-reader-text\">Fentanyl en poudre<\/span> Lire la suite \"<\/a><\/p>","protected":false},"featured_media":5276,"comment_status":"open","ping_status":"closed","template":"","meta":{"_uag_custom_page_level_css":"","site-sidebar-layout":"default","site-content-layout":"default","ast-global-header-display":"","ast-main-header-display":"","ast-hfb-above-header-display":"","ast-hfb-below-header-display":"","ast-hfb-mobile-header-display":"","site-post-title":"","ast-breadcrumbs-content":"","ast-featured-img":"","footer-sml-layout":"","theme-transparent-header-meta":"default","adv-header-id-meta":"","stick-header-meta":"default","header-above-stick-meta":"","header-main-stick-meta":"","header-below-stick-meta":"","_joinchat":[]},"product_brand":[],"product_cat":[600],"product_tag":[3291,3281,617,3273,3288,3272,3276,3275,3283,3274,3284,3286,3293,3294,3292,3289,3285,3280,3278,3290,3287,625,3279,3282,3277],"class_list":{"0":"post-3971","1":"product","2":"type-product","3":"status-publish","4":"has-post-thumbnail","6":"product_cat-research-chemicals-and-bath-salt","7":"product_tag-best-cheap-price-fentanyl-powder","8":"product_tag-best-place-to-buy-fentanyl-powder","9":"product_tag-bulk-online","10":"product_tag-buy-fentanyl-powder","11":"product_tag-cheap-fentanyl-powder","12":"product_tag-fentanyl-powder","13":"product_tag-fentanyl-powder-fentanyl-powder-supplier","14":"product_tag-fentanyl-powder-for-sale","15":"product_tag-fentanyl-powder-legally","16":"product_tag-fentanyl-powder-online","17":"product_tag-fentanyl-powder-price","18":"product_tag-fentanyl-powder-store","19":"product_tag-fentanyl-powder-use","20":"product_tag-fentanyl-powder-wiki","21":"product_tag-fentanyl-powder-worldwide","22":"product_tag-fentanyl-powders","23":"product_tag-high-quality-fentanyl-powder","24":"product_tag-how-to-buy-fentanyl-powder","25":"product_tag-order-fentanyl-powder","26":"product_tag-purcharse-fentanyl-powder","27":"product_tag-shop-fentanyl-powder","28":"product_tag-top-quality","29":"product_tag-where-to-buy-fentanyl-powder","30":"product_tag-where-to-order-fentanyl-powder","31":"product_tag-wholesale-fentanyl-powder","32":"desktop-align-left","33":"tablet-align-left","34":"mobile-align-left","35":"ast-product-gallery-layout-horizontal","36":"ast-product-gallery-with-no-image","37":"ast-product-single-variable","38":"ast-product-tabs-layout-horizontal","39":"ast-qv-on-image","41":"first","42":"instock","43":"featured","44":"shipping-taxable","45":"purchasable","46":"product-type-variable"},"yoast_head":"<!-- This site is optimized with the Yoast SEO plugin v25.9 - https:\/\/yoast.com\/wordpress\/plugins\/seo\/ -->\n<title>Fentanyl Powder for Sale - Order Fentanyl Powder Online<\/title>\n<meta name=\"description\" content=\"You can get Fentanyl Powder for sale at the best rates from our online store. We are here to help you buy Fentanyl Powder online. Connect with best store in town today!\" \/>\n<meta name=\"robots\" content=\"index, follow, max-snippet:-1, max-image-preview:large, max-video-preview:-1\" \/>\n<link rel=\"canonical\" href=\"https:\/\/legitgrams.com\/fr\/produit\/fentanyl-en-poudre\/\" \/>\n<meta property=\"og:locale\" content=\"fr_FR\" \/>\n<meta property=\"og:type\" content=\"article\" \/>\n<meta property=\"og:title\" content=\"Fentanyl Powder for Sale - Order Fentanyl Powder Online\" \/>\n<meta property=\"og:description\" content=\"You can get Fentanyl Powder for sale at the best rates from our online store. We are here to help you buy Fentanyl Powder online. Connect with best store in town today!\" \/>\n<meta property=\"og:url\" content=\"https:\/\/legitgrams.com\/fr\/produit\/fentanyl-en-poudre\/\" \/>\n<meta property=\"og:site_name\" content=\"Legit Grams\" \/>\n<meta property=\"article:modified_time\" content=\"2025-12-14T07:46:44+00:00\" \/>\n<meta property=\"og:image\" content=\"https:\/\/legitgrams.com\/wp-content\/uploads\/2024\/09\/buy-fentanyl-powder-online.jpg\" \/>\n\t<meta property=\"og:image:width\" content=\"600\" \/>\n\t<meta property=\"og:image:height\" content=\"600\" \/>\n\t<meta property=\"og:image:type\" content=\"image\/jpeg\" \/>\n<meta name=\"twitter:card\" content=\"summary_large_image\" \/>\n<meta name=\"twitter:label1\" content=\"Dur\u00e9e de lecture est.\" \/>\n\t<meta name=\"twitter:data1\" content=\"2 minutes\" \/>\n<script type=\"application\/ld+json\" class=\"yoast-schema-graph\">{\"@context\":\"https:\/\/schema.org\",\"@graph\":[{\"@type\":\"WebPage\",\"@id\":\"https:\/\/legitgrams.com\/product\/fentanyl-powder\/\",\"url\":\"https:\/\/legitgrams.com\/product\/fentanyl-powder\/\",\"name\":\"Fentanyl Powder for Sale - Order Fentanyl Powder Online\",\"isPartOf\":{\"@id\":\"https:\/\/legitgrams.com\/#website\"},\"primaryImageOfPage\":{\"@id\":\"https:\/\/legitgrams.com\/product\/fentanyl-powder\/#primaryimage\"},\"image\":{\"@id\":\"https:\/\/legitgrams.com\/product\/fentanyl-powder\/#primaryimage\"},\"thumbnailUrl\":\"https:\/\/legitgrams.com\/wp-content\/uploads\/2024\/09\/buy-fentanyl-powder-online.jpg\",\"datePublished\":\"2024-09-21T06:01:14+00:00\",\"dateModified\":\"2025-12-14T07:46:44+00:00\",\"description\":\"You can get Fentanyl Powder for sale at the best rates from our online store. We are here to help you buy Fentanyl Powder online. Connect with best store in town today!\",\"breadcrumb\":{\"@id\":\"https:\/\/legitgrams.com\/product\/fentanyl-powder\/#breadcrumb\"},\"inLanguage\":\"fr-BE\",\"potentialAction\":[{\"@type\":\"ReadAction\",\"target\":[\"https:\/\/legitgrams.com\/product\/fentanyl-powder\/\"]}]},{\"@type\":\"ImageObject\",\"inLanguage\":\"fr-BE\",\"@id\":\"https:\/\/legitgrams.com\/product\/fentanyl-powder\/#primaryimage\",\"url\":\"https:\/\/legitgrams.com\/wp-content\/uploads\/2024\/09\/buy-fentanyl-powder-online.jpg\",\"contentUrl\":\"https:\/\/legitgrams.com\/wp-content\/uploads\/2024\/09\/buy-fentanyl-powder-online.jpg\",\"width\":600,\"height\":600,\"caption\":\"Fentanyl Powder for sale\"},{\"@type\":\"BreadcrumbList\",\"@id\":\"https:\/\/legitgrams.com\/product\/fentanyl-powder\/#breadcrumb\",\"itemListElement\":[{\"@type\":\"ListItem\",\"position\":1,\"name\":\"Home\",\"item\":\"https:\/\/legitgrams.com\/\"},{\"@type\":\"ListItem\",\"position\":2,\"name\":\"Shop\",\"item\":\"https:\/\/legitgrams.com\/shop\/\"},{\"@type\":\"ListItem\",\"position\":3,\"name\":\"Fentanyl Powder\"}]},{\"@type\":\"WebSite\",\"@id\":\"https:\/\/legitgrams.com\/#website\",\"url\":\"https:\/\/legitgrams.com\/\",\"name\":\"Legit Grams\",\"description\":\"My WordPress Blog\",\"publisher\":{\"@id\":\"https:\/\/legitgrams.com\/#organization\"},\"potentialAction\":[{\"@type\":\"SearchAction\",\"target\":{\"@type\":\"EntryPoint\",\"urlTemplate\":\"https:\/\/legitgrams.com\/?s={search_term_string}\"},\"query-input\":{\"@type\":\"PropertyValueSpecification\",\"valueRequired\":true,\"valueName\":\"search_term_string\"}}],\"inLanguage\":\"fr-BE\"},{\"@type\":\"Organization\",\"@id\":\"https:\/\/legitgrams.com\/#organization\",\"name\":\"Legit Grams\",\"url\":\"https:\/\/legitgrams.com\/\",\"logo\":{\"@type\":\"ImageObject\",\"inLanguage\":\"fr-BE\",\"@id\":\"https:\/\/legitgrams.com\/#\/schema\/logo\/image\/\",\"url\":\"https:\/\/legitgrams.com\/wp-content\/uploads\/2024\/09\/main-logo.png\",\"contentUrl\":\"https:\/\/legitgrams.com\/wp-content\/uploads\/2024\/09\/main-logo.png\",\"width\":270,\"height\":75,\"caption\":\"Legit Grams\"},\"image\":{\"@id\":\"https:\/\/legitgrams.com\/#\/schema\/logo\/image\/\"}}]}<\/script>\n<!-- \/ Yoast SEO plugin. -->","yoast_head_json":{"title":"Fentanyl Powder for Sale - Commander Fentanyl Powder en ligne","description":"Vous pouvez obtenir Fentanyl Powder en vente aux meilleurs prix dans notre magasin en ligne. Nous sommes l\u00e0 pour vous aider \u00e0 acheter Fentanyl Powder en ligne. Connectez-vous avec le meilleur magasin de la ville aujourd'hui !","robots":{"index":"index","follow":"follow","max-snippet":"max-snippet:-1","max-image-preview":"max-image-preview:large","max-video-preview":"max-video-preview:-1"},"canonical":"https:\/\/legitgrams.com\/fr\/produit\/fentanyl-en-poudre\/","og_locale":"fr_FR","og_type":"article","og_title":"Fentanyl Powder for Sale - Order Fentanyl Powder Online","og_description":"You can get Fentanyl Powder for sale at the best rates from our online store. We are here to help you buy Fentanyl Powder online. Connect with best store in town today!","og_url":"https:\/\/legitgrams.com\/fr\/produit\/fentanyl-en-poudre\/","og_site_name":"Legit Grams","article_modified_time":"2025-12-14T07:46:44+00:00","og_image":[{"width":600,"height":600,"url":"https:\/\/legitgrams.com\/wp-content\/uploads\/2024\/09\/buy-fentanyl-powder-online.jpg","type":"image\/jpeg"}],"twitter_card":"summary_large_image","twitter_misc":{"Dur\u00e9e de lecture est.":"2 minutes"},"schema":{"@context":"https:\/\/schema.org","@graph":[{"@type":"WebPage","@id":"https:\/\/legitgrams.com\/product\/fentanyl-powder\/","url":"https:\/\/legitgrams.com\/product\/fentanyl-powder\/","name":"Fentanyl Powder for Sale - Commander Fentanyl Powder en ligne","isPartOf":{"@id":"https:\/\/legitgrams.com\/#website"},"primaryImageOfPage":{"@id":"https:\/\/legitgrams.com\/product\/fentanyl-powder\/#primaryimage"},"image":{"@id":"https:\/\/legitgrams.com\/product\/fentanyl-powder\/#primaryimage"},"thumbnailUrl":"https:\/\/legitgrams.com\/wp-content\/uploads\/2024\/09\/buy-fentanyl-powder-online.jpg","datePublished":"2024-09-21T06:01:14+00:00","dateModified":"2025-12-14T07:46:44+00:00","description":"Vous pouvez obtenir Fentanyl Powder en vente aux meilleurs prix dans notre magasin en ligne. Nous sommes l\u00e0 pour vous aider \u00e0 acheter Fentanyl Powder en ligne. Connectez-vous avec le meilleur magasin de la ville aujourd'hui !","breadcrumb":{"@id":"https:\/\/legitgrams.com\/product\/fentanyl-powder\/#breadcrumb"},"inLanguage":"fr-BE","potentialAction":[{"@type":"ReadAction","target":["https:\/\/legitgrams.com\/product\/fentanyl-powder\/"]}]},{"@type":"ImageObject","inLanguage":"fr-BE","@id":"https:\/\/legitgrams.com\/product\/fentanyl-powder\/#primaryimage","url":"https:\/\/legitgrams.com\/wp-content\/uploads\/2024\/09\/buy-fentanyl-powder-online.jpg","contentUrl":"https:\/\/legitgrams.com\/wp-content\/uploads\/2024\/09\/buy-fentanyl-powder-online.jpg","width":600,"height":600,"caption":"Fentanyl Powder for sale"},{"@type":"BreadcrumbList","@id":"https:\/\/legitgrams.com\/product\/fentanyl-powder\/#breadcrumb","itemListElement":[{"@type":"ListItem","position":1,"name":"Home","item":"https:\/\/legitgrams.com\/"},{"@type":"ListItem","position":2,"name":"Shop","item":"https:\/\/legitgrams.com\/shop\/"},{"@type":"ListItem","position":3,"name":"Fentanyl Powder"}]},{"@type":"WebSite","@id":"https:\/\/legitgrams.com\/#website","url":"https:\/\/legitgrams.com\/","name":"Les grammes l\u00e9gitimes","description":"Mon blog WordPress","publisher":{"@id":"https:\/\/legitgrams.com\/#organization"},"potentialAction":[{"@type":"SearchAction","target":{"@type":"EntryPoint","urlTemplate":"https:\/\/legitgrams.com\/?s={search_term_string}"},"query-input":{"@type":"PropertyValueSpecification","valueRequired":true,"valueName":"search_term_string"}}],"inLanguage":"fr-BE"},{"@type":"Organization","@id":"https:\/\/legitgrams.com\/#organization","name":"Les grammes l\u00e9gitimes","url":"https:\/\/legitgrams.com\/","logo":{"@type":"ImageObject","inLanguage":"fr-BE","@id":"https:\/\/legitgrams.com\/#\/schema\/logo\/image\/","url":"https:\/\/legitgrams.com\/wp-content\/uploads\/2024\/09\/main-logo.png","contentUrl":"https:\/\/legitgrams.com\/wp-content\/uploads\/2024\/09\/main-logo.png","width":270,"height":75,"caption":"Legit Grams"},"image":{"@id":"https:\/\/legitgrams.com\/#\/schema\/logo\/image\/"}}]}},"uagb_featured_image_src":{"full":["https:\/\/legitgrams.com\/wp-content\/uploads\/2024\/09\/buy-fentanyl-powder-online.jpg",600,600,false],"thumbnail":["https:\/\/legitgrams.com\/wp-content\/uploads\/2024\/09\/buy-fentanyl-powder-online-150x150.jpg",150,150,true],"medium":["https:\/\/legitgrams.com\/wp-content\/uploads\/2024\/09\/buy-fentanyl-powder-online-300x300.jpg",300,300,true],"medium_large":["https:\/\/legitgrams.com\/wp-content\/uploads\/2024\/09\/buy-fentanyl-powder-online.jpg",600,600,false],"large":["https:\/\/legitgrams.com\/wp-content\/uploads\/2024\/09\/buy-fentanyl-powder-online.jpg",600,600,false],"1536x1536":["https:\/\/legitgrams.com\/wp-content\/uploads\/2024\/09\/buy-fentanyl-powder-online.jpg",600,600,false],"2048x2048":["https:\/\/legitgrams.com\/wp-content\/uploads\/2024\/09\/buy-fentanyl-powder-online.jpg",600,600,false],"trp-custom-language-flag":["https:\/\/legitgrams.com\/wp-content\/uploads\/2024\/09\/buy-fentanyl-powder-online-12x12.jpg",12,12,true],"woocommerce_thumbnail":["https:\/\/legitgrams.com\/wp-content\/uploads\/2024\/09\/buy-fentanyl-powder-online-300x300.jpg",300,300,true],"woocommerce_single":["https:\/\/legitgrams.com\/wp-content\/uploads\/2024\/09\/buy-fentanyl-powder-online.jpg",600,600,false],"woocommerce_gallery_thumbnail":["https:\/\/legitgrams.com\/wp-content\/uploads\/2024\/09\/buy-fentanyl-powder-online-100x100.jpg",100,100,true]},"uagb_author_info":{"display_name":"cokeblog18","author_link":"https:\/\/legitgrams.com\/fr\/author\/"},"uagb_comment_info":2,"uagb_excerpt":"For sale: fentanyl powder Fentanyl is a member of the opioid class of pro-drugs. This powder is used to cure a variety of ailments. It comes in pill and powder form. Fentanyl powder is the name of the medication used to alleviate pain. LegitGrams Fentanyl is also used to reduce or completely eradicate chronic pain.&hellip;","_links":{"self":[{"href":"https:\/\/legitgrams.com\/fr\/wp-json\/wp\/v2\/product\/3971","targetHints":{"allow":["GET"]}}],"collection":[{"href":"https:\/\/legitgrams.com\/fr\/wp-json\/wp\/v2\/product"}],"about":[{"href":"https:\/\/legitgrams.com\/fr\/wp-json\/wp\/v2\/types\/product"}],"replies":[{"embeddable":true,"href":"https:\/\/legitgrams.com\/fr\/wp-json\/wp\/v2\/comments?post=3971"}],"wp:featuredmedia":[{"embeddable":true,"href":"https:\/\/legitgrams.com\/fr\/wp-json\/wp\/v2\/media\/5276"}],"wp:attachment":[{"href":"https:\/\/legitgrams.com\/fr\/wp-json\/wp\/v2\/media?parent=3971"}],"wp:term":[{"taxonomy":"product_brand","embeddable":true,"href":"https:\/\/legitgrams.com\/fr\/wp-json\/wp\/v2\/product_brand?post=3971"},{"taxonomy":"product_cat","embeddable":true,"href":"https:\/\/legitgrams.com\/fr\/wp-json\/wp\/v2\/product_cat?post=3971"},{"taxonomy":"product_tag","embeddable":true,"href":"https:\/\/legitgrams.com\/fr\/wp-json\/wp\/v2\/product_tag?post=3971"}],"curies":[{"name":"wp","href":"https:\/\/api.w.org\/{rel}","templated":true}]}}