{"id":3985,"date":"2024-09-21T06:51:37","date_gmt":"2024-09-21T06:51:37","guid":{"rendered":"https:\/\/legitgrams.com\/?post_type=product&#038;p=3985"},"modified":"2025-01-11T11:05:10","modified_gmt":"2025-01-11T11:05:10","slug":"4-fa-en-poudre-1-oz-pur","status":"publish","type":"product","link":"https:\/\/legitgrams.com\/fr\/produit\/4-fa-en-poudre-1-oz-pur\/","title":{"rendered":"4-FA Powder 1 oz Pure"},"content":{"rendered":"<h2>Poudre 4-FA disponible \u00e0 l'achat<\/h2>\n<p><a href=\"https:\/\/legitgrams.com\/fr\/produit\/4-fa-en-poudre-1-oz-pur\/\">4-FA (4-fluoramphetamine)<\/a>, un m\u00e9dicament qui ressemble \u00e0 l\u2019amph\u00e9tamine, est disponible \u00e0 la vente depuis peu aux Pays-Bas. De 2007 \u00e0 2009, ses principales formes \u00e9taient le speed ou le MDMA. En raison d\u2019une p\u00e9nurie de mati\u00e8res premi\u00e8res pour ces m\u00e9dicaments \u00e0 l\u2019\u00e9poque, le 4-FA \u00e9tait utilis\u00e9 comme m\u00e9dicament de coupe. En tout cas, depuis 2010, les d\u00e9taillants vendent de plus en plus le 4-FA comme 4-FA, ce qui indique que les consommateurs le consid\u00e8rent comme un \u00ab m\u00e9dicament de choix \u00bb.<\/p>\n<p><a href=\"https:\/\/en.wikipedia.org\/wiki\/4-Fluoroamphetamine\">4-FA<\/a> Le Flux est \u00e9galement connu sous les noms de Flux, 4-FMP, 4-Fluor, 4-Flava et 4-F. Cette drogue est class\u00e9e comme une nouvelle substance psychoactive (NPS). Il s\u2019agit de produits chimiques nouvellement d\u00e9velopp\u00e9s qui sont r\u00e9cemment devenus disponibles \u00e0 la place des stup\u00e9fiants ill\u00e9gaux plus traditionnels. Les NPS sont \u00e9galement connus sous le nom de produits synth\u00e9tiques de recherche ou de m\u00e9dicaments originaux. Une l\u00e9g\u00e8re modification de la structure chimique actuelle entra\u00eene un changement dans la nomenclature de la substance ; ainsi, elle n\u2019est plus prot\u00e9g\u00e9e par la loi sur l\u2019opium et est interdite. Cela rend plus difficile l\u2019arr\u00eat de la propri\u00e9t\u00e9, des transactions et de la cr\u00e9ation. <a href=\"https:\/\/en.wikipedia.org\/\">LegitGrams<\/a><\/p>\n<p>Les deux formes les plus populaires de 4-FA sont la poudre et les comprim\u00e9s. La forme posologique du 4-FA est l'administration orale. Les consommateurs peuvent dissoudre la poudre dans une boisson ou la mettre dans un \u00e9tui ou un papier mobile (bombe). Les diff\u00e9rences entre les \u00e9tuis de 4-FA, les poudres de 4-FA et les comprim\u00e9s de 4-FA sont minimes.<\/p>\n<p>Les contenants sont fabriqu\u00e9s \u00e0 partir de nombreux mat\u00e9riaux et peuvent \u00eatre simples ou color\u00e9s. Les contenants peuvent \u00eatre fabriqu\u00e9s \u00e0 partir d'un mat\u00e9riau ennuyeux ou attrayant, et ils peuvent \u00eatre simples ou color\u00e9s. Une caisse peut \u00eatre remplie de plusieurs produits chimiques. 4-FA, ainsi que d'autres substances comme l'amph\u00e9tamine (speed), la MDMA, le caf\u00e9 ou rien du tout. Certaines choses des magasins intelligents sont \u00e9galement dans des caisses. Les caisses sont souvent plac\u00e9es dans un sac, et l'emballage identifie ensuite ce qu'il y a \u00e0 l'int\u00e9rieur. Les clients peuvent utiliser une balance \u00e0 milligrammes pour mesurer la quantit\u00e9 exacte s'ils remplissent eux-m\u00eames un contenant. 4-fa acheter en ligne.<\/p>\n<p>Les contenants sont fabriqu\u00e9s \u00e0 partir de nombreux mat\u00e9riaux et peuvent \u00eatre simples ou color\u00e9s. Les contenants peuvent \u00eatre fabriqu\u00e9s \u00e0 partir d'un mat\u00e9riau ennuyeux ou attrayant, et ils peuvent \u00eatre simples ou color\u00e9s. Une caisse peut \u00eatre remplie de plusieurs produits chimiques. 4-FA, ainsi que d'autres substances comme l'amph\u00e9tamine (speed), la MDMA, le caf\u00e9 ou rien du tout. Certaines choses des magasins intelligents sont \u00e9galement dans des caisses. Les caisses sont souvent plac\u00e9es dans un sac, et l'emballage identifie ensuite ce qu'il y a \u00e0 l'int\u00e9rieur. Les clients peuvent utiliser une balance \u00e0 milligrammes pour mesurer la quantit\u00e9 exacte s'ils remplissent eux-m\u00eames un contenant. 4-fa acheter en ligne.<\/p>\n<p>Furieux, pr\u00e9cis, appropri\u00e9 et prudent<\/p>\n<p>Happy, happy, and dazzling<\/p>\n<p>a strong feeling of inclusion<\/p>\n<p>La puissante sensation du toucher et du son<\/p>\n<p>fort d\u00e9sir de proximit\u00e9, d'interaction et de communication<\/p>\n<p>Acheter 1 once de poudre 4-FA pure en ligne \u00e0 des prix r\u00e9duits Vous pouvez acheter 1 once de pure, acheter de la poudre 4-FA 1 once de pure pr\u00e8s de chez vous et d\u00e9couvrir o\u00f9 l'acheter en ligne. Poudre 4-FA 1 oz Pure : o\u00f9 acheter 4-FA Powder 1 oz Pure en ligne en ce moment, achat, Poudre 4-FA 1 oz Pure, Poudre 4-FA 1 oz Pure disponible \u00e0 l'achat aux \u00c9tats-Unis Commandez 4-FA Powder 1 oz Pure en ligne, achetez 4-FA Powder 1 oz Pure en ligne, fournisseurs, exp\u00e9dition s\u00e9curis\u00e9e, \u00c9tats-Unis, Canada, Royaume-Uni, Il y a encore une chance de Comment puis-je commander 1 once de poudre 4-FA pure ? 1 once de poudre 4-FA pure est-elle l\u00e9gale aux \u00c9tats-Unis ? Est-il possible d'acheter 1 oz de poudre 4-FA pure en ligne ?<\/p>","protected":false},"excerpt":{"rendered":"<p>4-FA Powder Available for Purchase 4-FA (4-fluoramphetamine), a medication that resembles amphetamine, has just lately been available for purchase in the Netherlands. From 2007 to 2009, its main forms were speed or MDMA. Due to a shortage of raw materials for these specialists at the time, 4-FA was utilized as a cutting specialist. At any &hellip;<\/p>\n<p class=\"read-more\"> <a class=\"\" href=\"https:\/\/legitgrams.com\/fr\/produit\/4-fa-en-poudre-1-oz-pur\/\"> <span class=\"screen-reader-text\">4-FA Powder 1 oz Pure<\/span> Lire la suite \"<\/a><\/p>","protected":false},"featured_media":5259,"comment_status":"open","ping_status":"closed","template":"","meta":{"_uag_custom_page_level_css":"","site-sidebar-layout":"default","site-content-layout":"default","ast-global-header-display":"","ast-main-header-display":"","ast-hfb-above-header-display":"","ast-hfb-below-header-display":"","ast-hfb-mobile-header-display":"","site-post-title":"","ast-breadcrumbs-content":"","ast-featured-img":"","footer-sml-layout":"","theme-transparent-header-meta":"default","adv-header-id-meta":"","stick-header-meta":"default","header-above-stick-meta":"","header-main-stick-meta":"","header-below-stick-meta":"","_joinchat":[]},"product_brand":[],"product_cat":[600],"product_tag":[3157,3161,3160,3168,3159,3169,3171,3178,3179,3177,3174,3176,3166,617,3158,3173,3170,3165,3163,3175,3172,625,3164,3167,3162],"class_list":{"0":"post-3985","1":"product","2":"type-product","3":"status-publish","4":"has-post-thumbnail","6":"product_cat-research-chemicals-and-bath-salt","7":"product_tag-4-fa-powder-1-oz-pure","8":"product_tag-4-fa-powder-1-oz-pure-4-fa-powder-1-oz-pure-supplier","9":"product_tag-4-fa-powder-1-oz-pure-for-sale","10":"product_tag-4-fa-powder-1-oz-pure-legally","11":"product_tag-4-fa-powder-1-oz-pure-online","12":"product_tag-4-fa-powder-1-oz-pure-price","13":"product_tag-4-fa-powder-1-oz-pure-store","14":"product_tag-4-fa-powder-1-oz-pure-use","15":"product_tag-4-fa-powder-1-oz-pure-wiki","16":"product_tag-4-fa-powder-1-oz-pure-worldwide","17":"product_tag-4-fa-powder-1-oz-pures","18":"product_tag-best-cheap-price-4-fa-powder-1-oz-pure","19":"product_tag-best-place-to-buy-4-fa-powder-1-oz-pure","20":"product_tag-bulk-online","21":"product_tag-buy-4-fa-powder-1-oz-pure","22":"product_tag-cheap-4-fa-powder-1-oz-pure","23":"product_tag-high-quality-4-fa-powder-1-oz-pure","24":"product_tag-how-to-buy-4-fa-powder-1-oz-pure","25":"product_tag-order-4-fa-powder-1-oz-pure","26":"product_tag-purcharse-4-fa-powder-1-oz-pure","27":"product_tag-shop-4-fa-powder-1-oz-pure","28":"product_tag-top-quality","29":"product_tag-where-to-buy-4-fa-powder-1-oz-pure","30":"product_tag-where-to-order-4-fa-powder-1-oz-pure","31":"product_tag-wholesale-4-fa-powder-1-oz-pure","32":"desktop-align-left","33":"tablet-align-left","34":"mobile-align-left","35":"ast-product-gallery-layout-horizontal","36":"ast-product-gallery-with-no-image","37":"ast-product-single-variable","38":"ast-product-tabs-layout-horizontal","39":"ast-qv-on-image","41":"first","42":"instock","43":"shipping-taxable","44":"purchasable","45":"product-type-variable"},"yoast_head":"<!-- This site is optimized with the Yoast SEO plugin v25.9 - https:\/\/yoast.com\/wordpress\/plugins\/seo\/ -->\n<title>4-FA Powder for Sale - Order 4-FA Online with Fast Shipping<\/title>\n<meta name=\"description\" content=\"If you are looking to buy 4-FA powder online, LegitGrams.com is the best place to order 4-FA online, 4-FA for sale, and 4-FA online at the best price.\" \/>\n<meta name=\"robots\" content=\"index, follow, max-snippet:-1, max-image-preview:large, max-video-preview:-1\" \/>\n<link rel=\"canonical\" href=\"https:\/\/legitgrams.com\/fr\/produit\/4-fa-en-poudre-1-oz-pur\/\" \/>\n<meta property=\"og:locale\" content=\"fr_FR\" \/>\n<meta property=\"og:type\" content=\"article\" \/>\n<meta property=\"og:title\" content=\"4-FA Powder for Sale - Order 4-FA Online with Fast Shipping\" \/>\n<meta property=\"og:description\" content=\"If you are looking to buy 4-FA powder online, LegitGrams.com is the best place to order 4-FA online, 4-FA for sale, and 4-FA online at the best price.\" \/>\n<meta property=\"og:url\" content=\"https:\/\/legitgrams.com\/fr\/produit\/4-fa-en-poudre-1-oz-pur\/\" \/>\n<meta property=\"og:site_name\" content=\"Legit Grams\" \/>\n<meta property=\"article:modified_time\" content=\"2025-01-11T11:05:10+00:00\" \/>\n<meta property=\"og:image\" content=\"https:\/\/legitgrams.com\/wp-content\/uploads\/2024\/09\/buy-4-fa-powder-1-oz-pure-online-cheap.jpg\" \/>\n\t<meta property=\"og:image:width\" content=\"600\" \/>\n\t<meta property=\"og:image:height\" content=\"600\" \/>\n\t<meta property=\"og:image:type\" content=\"image\/jpeg\" \/>\n<meta name=\"twitter:card\" content=\"summary_large_image\" \/>\n<meta name=\"twitter:label1\" content=\"Dur\u00e9e de lecture est.\" \/>\n\t<meta name=\"twitter:data1\" content=\"3 minutes\" \/>\n<script type=\"application\/ld+json\" class=\"yoast-schema-graph\">{\"@context\":\"https:\/\/schema.org\",\"@graph\":[{\"@type\":\"WebPage\",\"@id\":\"https:\/\/legitgrams.com\/product\/4-fa-powder-1-oz-pure\/\",\"url\":\"https:\/\/legitgrams.com\/product\/4-fa-powder-1-oz-pure\/\",\"name\":\"4-FA Powder for Sale - Order 4-FA Online with Fast Shipping\",\"isPartOf\":{\"@id\":\"https:\/\/legitgrams.com\/#website\"},\"primaryImageOfPage\":{\"@id\":\"https:\/\/legitgrams.com\/product\/4-fa-powder-1-oz-pure\/#primaryimage\"},\"image\":{\"@id\":\"https:\/\/legitgrams.com\/product\/4-fa-powder-1-oz-pure\/#primaryimage\"},\"thumbnailUrl\":\"https:\/\/legitgrams.com\/wp-content\/uploads\/2024\/09\/buy-4-fa-powder-1-oz-pure-online-cheap.jpg\",\"datePublished\":\"2024-09-21T06:51:37+00:00\",\"dateModified\":\"2025-01-11T11:05:10+00:00\",\"description\":\"If you are looking to buy 4-FA powder online, LegitGrams.com is the best place to order 4-FA online, 4-FA for sale, and 4-FA online at the best price.\",\"breadcrumb\":{\"@id\":\"https:\/\/legitgrams.com\/product\/4-fa-powder-1-oz-pure\/#breadcrumb\"},\"inLanguage\":\"fr-BE\",\"potentialAction\":[{\"@type\":\"ReadAction\",\"target\":[\"https:\/\/legitgrams.com\/product\/4-fa-powder-1-oz-pure\/\"]}]},{\"@type\":\"ImageObject\",\"inLanguage\":\"fr-BE\",\"@id\":\"https:\/\/legitgrams.com\/product\/4-fa-powder-1-oz-pure\/#primaryimage\",\"url\":\"https:\/\/legitgrams.com\/wp-content\/uploads\/2024\/09\/buy-4-fa-powder-1-oz-pure-online-cheap.jpg\",\"contentUrl\":\"https:\/\/legitgrams.com\/wp-content\/uploads\/2024\/09\/buy-4-fa-powder-1-oz-pure-online-cheap.jpg\",\"width\":600,\"height\":600,\"caption\":\"4-FA Powder for Sale\"},{\"@type\":\"BreadcrumbList\",\"@id\":\"https:\/\/legitgrams.com\/product\/4-fa-powder-1-oz-pure\/#breadcrumb\",\"itemListElement\":[{\"@type\":\"ListItem\",\"position\":1,\"name\":\"Home\",\"item\":\"https:\/\/legitgrams.com\/\"},{\"@type\":\"ListItem\",\"position\":2,\"name\":\"Shop\",\"item\":\"https:\/\/legitgrams.com\/shop\/\"},{\"@type\":\"ListItem\",\"position\":3,\"name\":\"4-FA Powder 1 oz Pure\"}]},{\"@type\":\"WebSite\",\"@id\":\"https:\/\/legitgrams.com\/#website\",\"url\":\"https:\/\/legitgrams.com\/\",\"name\":\"Legit Grams\",\"description\":\"My WordPress Blog\",\"publisher\":{\"@id\":\"https:\/\/legitgrams.com\/#organization\"},\"potentialAction\":[{\"@type\":\"SearchAction\",\"target\":{\"@type\":\"EntryPoint\",\"urlTemplate\":\"https:\/\/legitgrams.com\/?s={search_term_string}\"},\"query-input\":{\"@type\":\"PropertyValueSpecification\",\"valueRequired\":true,\"valueName\":\"search_term_string\"}}],\"inLanguage\":\"fr-BE\"},{\"@type\":\"Organization\",\"@id\":\"https:\/\/legitgrams.com\/#organization\",\"name\":\"Legit Grams\",\"url\":\"https:\/\/legitgrams.com\/\",\"logo\":{\"@type\":\"ImageObject\",\"inLanguage\":\"fr-BE\",\"@id\":\"https:\/\/legitgrams.com\/#\/schema\/logo\/image\/\",\"url\":\"https:\/\/legitgrams.com\/wp-content\/uploads\/2024\/09\/main-logo.png\",\"contentUrl\":\"https:\/\/legitgrams.com\/wp-content\/uploads\/2024\/09\/main-logo.png\",\"width\":270,\"height\":75,\"caption\":\"Legit Grams\"},\"image\":{\"@id\":\"https:\/\/legitgrams.com\/#\/schema\/logo\/image\/\"}}]}<\/script>\n<!-- \/ Yoast SEO plugin. -->","yoast_head_json":{"title":"4-FA Powder for Sale - Commander 4-FA en ligne avec livraison rapide","description":"Si vous cherchez \u00e0 acheter de la poudre de 4-FA en ligne, LegitGrams.com est le meilleur endroit pour commander du 4-FA en ligne, du 4-FA \u00e0 vendre, et du 4-FA en ligne au meilleur prix.","robots":{"index":"index","follow":"follow","max-snippet":"max-snippet:-1","max-image-preview":"max-image-preview:large","max-video-preview":"max-video-preview:-1"},"canonical":"https:\/\/legitgrams.com\/fr\/produit\/4-fa-en-poudre-1-oz-pur\/","og_locale":"fr_FR","og_type":"article","og_title":"4-FA Powder for Sale - Order 4-FA Online with Fast Shipping","og_description":"If you are looking to buy 4-FA powder online, LegitGrams.com is the best place to order 4-FA online, 4-FA for sale, and 4-FA online at the best price.","og_url":"https:\/\/legitgrams.com\/fr\/produit\/4-fa-en-poudre-1-oz-pur\/","og_site_name":"Legit Grams","article_modified_time":"2025-01-11T11:05:10+00:00","og_image":[{"width":600,"height":600,"url":"https:\/\/legitgrams.com\/wp-content\/uploads\/2024\/09\/buy-4-fa-powder-1-oz-pure-online-cheap.jpg","type":"image\/jpeg"}],"twitter_card":"summary_large_image","twitter_misc":{"Dur\u00e9e de lecture est.":"3 minutes"},"schema":{"@context":"https:\/\/schema.org","@graph":[{"@type":"WebPage","@id":"https:\/\/legitgrams.com\/product\/4-fa-powder-1-oz-pure\/","url":"https:\/\/legitgrams.com\/product\/4-fa-powder-1-oz-pure\/","name":"4-FA Powder for Sale - Commander 4-FA en ligne avec livraison rapide","isPartOf":{"@id":"https:\/\/legitgrams.com\/#website"},"primaryImageOfPage":{"@id":"https:\/\/legitgrams.com\/product\/4-fa-powder-1-oz-pure\/#primaryimage"},"image":{"@id":"https:\/\/legitgrams.com\/product\/4-fa-powder-1-oz-pure\/#primaryimage"},"thumbnailUrl":"https:\/\/legitgrams.com\/wp-content\/uploads\/2024\/09\/buy-4-fa-powder-1-oz-pure-online-cheap.jpg","datePublished":"2024-09-21T06:51:37+00:00","dateModified":"2025-01-11T11:05:10+00:00","description":"Si vous cherchez \u00e0 acheter de la poudre de 4-FA en ligne, LegitGrams.com est le meilleur endroit pour commander du 4-FA en ligne, du 4-FA \u00e0 vendre, et du 4-FA en ligne au meilleur prix.","breadcrumb":{"@id":"https:\/\/legitgrams.com\/product\/4-fa-powder-1-oz-pure\/#breadcrumb"},"inLanguage":"fr-BE","potentialAction":[{"@type":"ReadAction","target":["https:\/\/legitgrams.com\/product\/4-fa-powder-1-oz-pure\/"]}]},{"@type":"ImageObject","inLanguage":"fr-BE","@id":"https:\/\/legitgrams.com\/product\/4-fa-powder-1-oz-pure\/#primaryimage","url":"https:\/\/legitgrams.com\/wp-content\/uploads\/2024\/09\/buy-4-fa-powder-1-oz-pure-online-cheap.jpg","contentUrl":"https:\/\/legitgrams.com\/wp-content\/uploads\/2024\/09\/buy-4-fa-powder-1-oz-pure-online-cheap.jpg","width":600,"height":600,"caption":"4-FA Powder for Sale"},{"@type":"BreadcrumbList","@id":"https:\/\/legitgrams.com\/product\/4-fa-powder-1-oz-pure\/#breadcrumb","itemListElement":[{"@type":"ListItem","position":1,"name":"Home","item":"https:\/\/legitgrams.com\/"},{"@type":"ListItem","position":2,"name":"Shop","item":"https:\/\/legitgrams.com\/shop\/"},{"@type":"ListItem","position":3,"name":"4-FA Powder 1 oz Pure"}]},{"@type":"WebSite","@id":"https:\/\/legitgrams.com\/#website","url":"https:\/\/legitgrams.com\/","name":"Les grammes l\u00e9gitimes","description":"Mon blog WordPress","publisher":{"@id":"https:\/\/legitgrams.com\/#organization"},"potentialAction":[{"@type":"SearchAction","target":{"@type":"EntryPoint","urlTemplate":"https:\/\/legitgrams.com\/?s={search_term_string}"},"query-input":{"@type":"PropertyValueSpecification","valueRequired":true,"valueName":"search_term_string"}}],"inLanguage":"fr-BE"},{"@type":"Organization","@id":"https:\/\/legitgrams.com\/#organization","name":"Les grammes l\u00e9gitimes","url":"https:\/\/legitgrams.com\/","logo":{"@type":"ImageObject","inLanguage":"fr-BE","@id":"https:\/\/legitgrams.com\/#\/schema\/logo\/image\/","url":"https:\/\/legitgrams.com\/wp-content\/uploads\/2024\/09\/main-logo.png","contentUrl":"https:\/\/legitgrams.com\/wp-content\/uploads\/2024\/09\/main-logo.png","width":270,"height":75,"caption":"Legit Grams"},"image":{"@id":"https:\/\/legitgrams.com\/#\/schema\/logo\/image\/"}}]}},"uagb_featured_image_src":{"full":["https:\/\/legitgrams.com\/wp-content\/uploads\/2024\/09\/buy-4-fa-powder-1-oz-pure-online-cheap.jpg",600,600,false],"thumbnail":["https:\/\/legitgrams.com\/wp-content\/uploads\/2024\/09\/buy-4-fa-powder-1-oz-pure-online-cheap-150x150.jpg",150,150,true],"medium":["https:\/\/legitgrams.com\/wp-content\/uploads\/2024\/09\/buy-4-fa-powder-1-oz-pure-online-cheap-300x300.jpg",300,300,true],"medium_large":["https:\/\/legitgrams.com\/wp-content\/uploads\/2024\/09\/buy-4-fa-powder-1-oz-pure-online-cheap.jpg",600,600,false],"large":["https:\/\/legitgrams.com\/wp-content\/uploads\/2024\/09\/buy-4-fa-powder-1-oz-pure-online-cheap.jpg",600,600,false],"1536x1536":["https:\/\/legitgrams.com\/wp-content\/uploads\/2024\/09\/buy-4-fa-powder-1-oz-pure-online-cheap.jpg",600,600,false],"2048x2048":["https:\/\/legitgrams.com\/wp-content\/uploads\/2024\/09\/buy-4-fa-powder-1-oz-pure-online-cheap.jpg",600,600,false],"trp-custom-language-flag":["https:\/\/legitgrams.com\/wp-content\/uploads\/2024\/09\/buy-4-fa-powder-1-oz-pure-online-cheap-12x12.jpg",12,12,true],"woocommerce_thumbnail":["https:\/\/legitgrams.com\/wp-content\/uploads\/2024\/09\/buy-4-fa-powder-1-oz-pure-online-cheap-300x300.jpg",300,300,true],"woocommerce_single":["https:\/\/legitgrams.com\/wp-content\/uploads\/2024\/09\/buy-4-fa-powder-1-oz-pure-online-cheap.jpg",600,600,false],"woocommerce_gallery_thumbnail":["https:\/\/legitgrams.com\/wp-content\/uploads\/2024\/09\/buy-4-fa-powder-1-oz-pure-online-cheap-100x100.jpg",100,100,true]},"uagb_author_info":{"display_name":"cokeblog18","author_link":"https:\/\/legitgrams.com\/fr\/author\/"},"uagb_comment_info":0,"uagb_excerpt":"4-FA Powder Available for Purchase 4-FA (4-fluoramphetamine), a medication that resembles amphetamine, has just lately been available for purchase in the Netherlands. From 2007 to 2009, its main forms were speed or MDMA. Due to a shortage of raw materials for these specialists at the time, 4-FA was utilized as a cutting specialist. At any&hellip;","_links":{"self":[{"href":"https:\/\/legitgrams.com\/fr\/wp-json\/wp\/v2\/product\/3985","targetHints":{"allow":["GET"]}}],"collection":[{"href":"https:\/\/legitgrams.com\/fr\/wp-json\/wp\/v2\/product"}],"about":[{"href":"https:\/\/legitgrams.com\/fr\/wp-json\/wp\/v2\/types\/product"}],"replies":[{"embeddable":true,"href":"https:\/\/legitgrams.com\/fr\/wp-json\/wp\/v2\/comments?post=3985"}],"wp:featuredmedia":[{"embeddable":true,"href":"https:\/\/legitgrams.com\/fr\/wp-json\/wp\/v2\/media\/5259"}],"wp:attachment":[{"href":"https:\/\/legitgrams.com\/fr\/wp-json\/wp\/v2\/media?parent=3985"}],"wp:term":[{"taxonomy":"product_brand","embeddable":true,"href":"https:\/\/legitgrams.com\/fr\/wp-json\/wp\/v2\/product_brand?post=3985"},{"taxonomy":"product_cat","embeddable":true,"href":"https:\/\/legitgrams.com\/fr\/wp-json\/wp\/v2\/product_cat?post=3985"},{"taxonomy":"product_tag","embeddable":true,"href":"https:\/\/legitgrams.com\/fr\/wp-json\/wp\/v2\/product_tag?post=3985"}],"curies":[{"name":"wp","href":"https:\/\/api.w.org\/{rel}","templated":true}]}}