{"id":3986,"date":"2024-09-21T06:56:39","date_gmt":"2024-09-21T06:56:39","guid":{"rendered":"https:\/\/legitgrams.com\/?post_type=product&#038;p=3986"},"modified":"2025-04-04T10:03:06","modified_gmt":"2025-04-04T10:03:06","slug":"mephedrone-4mmc","status":"publish","type":"product","link":"https:\/\/legitgrams.com\/fr\/produit\/mephedrone-4mmc\/","title":{"rendered":"Acheter Mephedrone 4MMC en ligne"},"content":{"rendered":"<h2>Acheter de la m\u00e9ph\u00e9drone 4MMC en ligne<\/h2>\n<p>Pour toutes vos demandes et besoins, nous sommes l\u00e0 pour vous aider. Pour passer votre commande en toute tranquillit\u00e9, contactez notre boutique en ligne. Vous pouvez d\u00e9sormais cliquer pour obtenir tout ce dont vous avez besoin. Contactez-nous imm\u00e9diatement ! <a href=\"https:\/\/legitgrams.com\/fr\/produit\/mephedrone-4mmc\/\">Mephedrone 4MMC<\/a>.<\/p>\n<h3>Acheter de la m\u00e9ph\u00e9drone en ligne<\/h3>\n<p><a href=\"https:\/\/www.bing.com\/search?q=KupMefedron4MMCOnline&amp;qs=n&amp;form=QBRE&amp;sp=-1&amp;lq=0&amp;pq=comprarmefedrona4mmcenlnea&amp;sc=1-31&amp;sk=&amp;cvid=336F0D1ADA674536A70576444C831346&amp;ghsh=0&amp;ghacc=0&amp;ghpl=\">Online mephedrone purchase<\/a>: Nous nous sommes impos\u00e9s comme le leader mondial de la distribution de m\u00e9dicaments \u00e0 base de m\u00e9ph\u00e9drone aux \u00c9tats-Unis, en Australie et dans d'autres r\u00e9gions. Nous sommes \u00e9galement le leader mondial de la distribution de m\u00e9dicaments \u00e0 base de 4-MMC. Autres vaporisateurs pour mat\u00e9riaux humides Notre m\u00e9ph\u00e9drone, \u00e9galement appel\u00e9e 4-m\u00e9thylm\u00e9thcathinone (4-MMC), est sup\u00e9rieure.<\/p>\n<p>Achetez de la poudre de m\u00e9ph\u00e9drone aux prix les plus bas pour la m\u00e9ph\u00e9drone de haute puret\u00e9 et d'autres ph\u00e9n\u00e9thylamines substitu\u00e9es. Une remise est offerte. Exp\u00e9dition rapide partout dans le monde.<\/p>\n<p>Acqu\u00e9rir <a href=\"https:\/\/www.google.com\/search?q=Buy+Mephedrone+4MMC+Online&amp;num=10&amp;sca_esv=1a2a07081c7891bb&amp;rlz=1C1RXQR_enIN1098IN1098&amp;sxsrf=AHTn8zr61dPOk_15V8OEBvypvYRxGlcnrg%3A1741237075652&amp;ei=UyvJZ_PDJ6C94-EPqKm0kA8&amp;ved=0ahUKEwizufTK1fSLAxWg3jgGHagUDfIQ4dUDCBA&amp;uact=5&amp;oq=Buy+Mephedrone+4MMC+Online&amp;gs_lp=Egxnd3Mtd2l6LXNlcnAiGkJ1eSBNZXBoZWRyb25lIDRNTUMgT25saW5lSOYGUI8DWI8DcAJ4AJABAJgB5wGgAecBqgEDMi0xuAEDyAEA-AEC-AEBmAIAoAIAmAMAiAYBkgcAoAfNAQ&amp;sclient=gws-wiz-serp\">Poudre de MMC<\/a> obtain mephedrone (MMC) powder. Other names for <a href=\"https:\/\/en.wikipedia.org\/wiki\/Mephedrone\">MMC (m\u00e9ph\u00e9drone)<\/a> comprennent la 4-m\u00e9thyl\u00e9ph\u00e9drone et la 4-m\u00e9thylm\u00e9thcathinone.<\/p>\n<p>La commande en ligne est disponible pour la m\u00e9ph\u00e9drone : M-CAT, 4-MMC. La m\u00e9ph\u00e9drone appartient \u00e0 la famille chimique des cathinones et est un stimulant. Parmi les nombreux m\u00e9dicaments synth\u00e9tiques accessibles, on trouve la poudre de m\u00e9thcathinone (cristal de 4-m\u00e9thyl m\u00e9thcathinone). ou des m\u00e9dicaments approuv\u00e9s qui ont r\u00e9cemment \u00e9t\u00e9 signal\u00e9s<\/p>\n<p>O\u00f9 puis-je trouver des sels de bain \u00e0 la m\u00e9ph\u00e9drone ?<\/p>\n<p>Information on <a href=\"https:\/\/duckduckgo.com\/?q=Buy+Mephedrone+4MMC+Online&amp;t=h_&amp;ia=web\">m\u00e9ph\u00e9drone<\/a> In the US, UK, Australia, and other nations, mephedrone\u2014also referred to as 1- (4-methylphenyl) -2-methylaminopropan-1-one or dimethylmetcathinone\u2014is currently offered for sale in wet carts. The possible names were Mcat, 4-MMC, MM-Cat, Meow, or 4-methylmethcathinone. Mephedrone was initially purified using the African herb khat. This medication is an entactogenic and is a member of the amphetamine, cathinone, and phenethylamine families stimulant that produces slight exhilaration and decreases desire.<\/p>\n<p>Achetez de la m\u00e9ph\u00e9drone en ligne et faites-la livrer imm\u00e9diatement. Comme son cousin \u00e0 base de MDMA, elle r\u00e9agit pour promouvoir la compassion. Le m\u00e9lange est pr\u00e9cieux pour la recherche car, comme la coca\u00efne ou l'amph\u00e9tamine, il se d\u00e9grade au niveau des synapses. Achetez de la m\u00e9ph\u00e9drone en ligne. La m\u00e9ph\u00e9drone est vendue sous forme de poudre blanche cr\u00e9meuse ou de granul\u00e9s. <a href=\"https:\/\/legitgrams.com\/fr\/\">LegitGrams<\/a><\/p>\n<h3>O\u00f9 puis-je acheter de la m\u00e9ph\u00e9drone ?<\/h3>\n<p>En plus d'\u00eatre une drogue r\u00e9cr\u00e9ative ill\u00e9gale bien connue, la m\u00e9ph\u00e9drone est un ingr\u00e9dient essentiel des plantes, notamment celles qui servent \u00e0 fabriquer des sels de bain. La fronti\u00e8re entre usage ill\u00e9gal et usage agricole devient de plus en plus floue, ce qui ajoute \u00e0 l'incertitude.<\/p>\n<h3>Dix grammes pour 250 $<\/h3>\n<p>Achetez en ligne de la m\u00e9ph\u00e9drone 4MMC : acheter de la m\u00e9ph\u00e9drone, acheter de la m\u00e9ph\u00e9drone en Espagne, acheter de la m\u00e9ph\u00e9drone en ligne, O\u00f9 acheter de la m\u00e9ph\u00e9drone, nutriments pour les plantes de m\u00e9ph\u00e9drone, o\u00f9 acheter des plantes de m\u00e9ph\u00e9drone \u00e0 vendre, o\u00f9 acheter de la 4mmc en ligne, fournisseurs, livraison s\u00e9curis\u00e9e, Vous avez toujours acc\u00e8s \u00e0 l'opium. L'Espagne autorise-t-elle l'utilisation de la m\u00e9ph\u00e9drone pour la nourriture des plantes ? Comment puis-je utiliser la m\u00e9ph\u00e9drone pour fabriquer de la nourriture pour plantes ? La m\u00e9ph\u00e9drone est-elle l\u00e9gale en Espagne ?<\/p>\n<h2><\/h2>\n<p>&nbsp;<\/p>","protected":false},"excerpt":{"rendered":"<p>Purchase Mephedrone 4MMC Online For any of your requirements and requests, we are here to help. To place your order comfortably, get in touch with our online store. You can now click to get anything you need. Get in touch with us immediately! Mephedrone 4MMC. Purchase Mephedrone Online Online mephedrone purchase: We have established ourselves &hellip;<\/p>\n<p class=\"read-more\"> <a class=\"\" href=\"https:\/\/legitgrams.com\/fr\/produit\/mephedrone-4mmc\/\"> <span class=\"screen-reader-text\">Acheter Mephedrone 4MMC en ligne<\/span> Lire la suite \"<\/a><\/p>","protected":false},"featured_media":5287,"comment_status":"open","ping_status":"closed","template":"","meta":{"_uag_custom_page_level_css":"","site-sidebar-layout":"default","site-content-layout":"default","ast-global-header-display":"","ast-main-header-display":"","ast-hfb-above-header-display":"","ast-hfb-below-header-display":"","ast-hfb-mobile-header-display":"","site-post-title":"","ast-breadcrumbs-content":"","ast-featured-img":"","footer-sml-layout":"","theme-transparent-header-meta":"default","adv-header-id-meta":"","stick-header-meta":"default","header-above-stick-meta":"","header-main-stick-meta":"","header-below-stick-meta":"","_joinchat":[]},"product_brand":[],"product_cat":[600],"product_tag":[3153,3143,617,3135,3150,3147,3142,3134,3137,3145,3138,3136,3146,3148,3155,3156,3154,3151,3140,3152,3149,625,3141,3144,3139],"class_list":{"0":"post-3986","1":"product","2":"type-product","3":"status-publish","4":"has-post-thumbnail","6":"product_cat-research-chemicals-and-bath-salt","7":"product_tag-best-cheap-price-mephedrone-4mmc","8":"product_tag-best-place-to-buy-mephedrone-4mmc","9":"product_tag-bulk-online","10":"product_tag-buy-mephedrone-4mmc","11":"product_tag-cheap-mephedrone-4mmc","12":"product_tag-high-quality-mephedrone-4mmc","13":"product_tag-how-to-buy-mephedrone-4mmc","14":"product_tag-mephedrone-4mmc","15":"product_tag-mephedrone-4mmc-for-sale","16":"product_tag-mephedrone-4mmc-legally","17":"product_tag-mephedrone-4mmc-mephedrone-4mmc-supplier","18":"product_tag-mephedrone-4mmc-online","19":"product_tag-mephedrone-4mmc-price","20":"product_tag-mephedrone-4mmc-store","21":"product_tag-mephedrone-4mmc-use","22":"product_tag-mephedrone-4mmc-wiki","23":"product_tag-mephedrone-4mmc-worldwide","24":"product_tag-mephedrone-4mmcs","25":"product_tag-order-mephedrone-4mmc","26":"product_tag-purcharse-mephedrone-4mmc","27":"product_tag-shop-mephedrone-4mmc","28":"product_tag-top-quality","29":"product_tag-where-to-buy-mephedrone-4mmc","30":"product_tag-where-to-order-mephedrone-4mmc","31":"product_tag-wholesale-mephedrone-4mmc","32":"desktop-align-left","33":"tablet-align-left","34":"mobile-align-left","35":"ast-product-gallery-layout-horizontal","36":"ast-product-gallery-with-no-image","37":"ast-product-single-variable","38":"ast-product-tabs-layout-horizontal","39":"ast-qv-on-image","41":"first","42":"instock","43":"shipping-taxable","44":"purchasable","45":"product-type-variable"},"yoast_head":"<!-- This site is optimized with the Yoast SEO plugin v25.9 - https:\/\/yoast.com\/wordpress\/plugins\/seo\/ -->\n<title>Mephedrone 4MMC for Sale - Order Mephedrone 4MMC Online<\/title>\n<meta name=\"description\" content=\"You can buy Mephedrone 4MMC online at the best prices from our online store. We have cheap and high-quality Mephedrone 4MMC for sale and providing worldwide delivery. You can order from anytime, anywhere.\" \/>\n<meta name=\"robots\" content=\"index, follow, max-snippet:-1, max-image-preview:large, max-video-preview:-1\" \/>\n<link rel=\"canonical\" href=\"https:\/\/legitgrams.com\/fr\/produit\/mephedrone-4mmc\/\" \/>\n<meta property=\"og:locale\" content=\"fr_FR\" \/>\n<meta property=\"og:type\" content=\"article\" \/>\n<meta property=\"og:title\" content=\"Mephedrone 4MMC for Sale - Order Mephedrone 4MMC Online\" \/>\n<meta property=\"og:description\" content=\"You can buy Mephedrone 4MMC online at the best prices from our online store. We have cheap and high-quality Mephedrone 4MMC for sale and providing worldwide delivery. You can order from anytime, anywhere.\" \/>\n<meta property=\"og:url\" content=\"https:\/\/legitgrams.com\/fr\/produit\/mephedrone-4mmc\/\" \/>\n<meta property=\"og:site_name\" content=\"Legit Grams\" \/>\n<meta property=\"article:modified_time\" content=\"2025-04-04T10:03:06+00:00\" \/>\n<meta property=\"og:image\" content=\"https:\/\/legitgrams.com\/wp-content\/uploads\/2024\/09\/buy-4mmc-mephedrone.jpg\" \/>\n\t<meta property=\"og:image:width\" content=\"600\" \/>\n\t<meta property=\"og:image:height\" content=\"600\" \/>\n\t<meta property=\"og:image:type\" content=\"image\/jpeg\" \/>\n<meta name=\"twitter:card\" content=\"summary_large_image\" \/>\n<meta name=\"twitter:label1\" content=\"Dur\u00e9e de lecture est.\" \/>\n\t<meta name=\"twitter:data1\" content=\"3 minutes\" \/>\n<script type=\"application\/ld+json\" class=\"yoast-schema-graph\">{\"@context\":\"https:\/\/schema.org\",\"@graph\":[{\"@type\":\"WebPage\",\"@id\":\"https:\/\/legitgrams.com\/product\/mephedrone-4mmc\/\",\"url\":\"https:\/\/legitgrams.com\/product\/mephedrone-4mmc\/\",\"name\":\"Mephedrone 4MMC for Sale - Order Mephedrone 4MMC Online\",\"isPartOf\":{\"@id\":\"https:\/\/legitgrams.com\/#website\"},\"primaryImageOfPage\":{\"@id\":\"https:\/\/legitgrams.com\/product\/mephedrone-4mmc\/#primaryimage\"},\"image\":{\"@id\":\"https:\/\/legitgrams.com\/product\/mephedrone-4mmc\/#primaryimage\"},\"thumbnailUrl\":\"https:\/\/legitgrams.com\/wp-content\/uploads\/2024\/09\/buy-4mmc-mephedrone.jpg\",\"datePublished\":\"2024-09-21T06:56:39+00:00\",\"dateModified\":\"2025-04-04T10:03:06+00:00\",\"description\":\"You can buy Mephedrone 4MMC online at the best prices from our online store. We have cheap and high-quality Mephedrone 4MMC for sale and providing worldwide delivery. You can order from anytime, anywhere.\",\"breadcrumb\":{\"@id\":\"https:\/\/legitgrams.com\/product\/mephedrone-4mmc\/#breadcrumb\"},\"inLanguage\":\"fr-BE\",\"potentialAction\":[{\"@type\":\"ReadAction\",\"target\":[\"https:\/\/legitgrams.com\/product\/mephedrone-4mmc\/\"]}]},{\"@type\":\"ImageObject\",\"inLanguage\":\"fr-BE\",\"@id\":\"https:\/\/legitgrams.com\/product\/mephedrone-4mmc\/#primaryimage\",\"url\":\"https:\/\/legitgrams.com\/wp-content\/uploads\/2024\/09\/buy-4mmc-mephedrone.jpg\",\"contentUrl\":\"https:\/\/legitgrams.com\/wp-content\/uploads\/2024\/09\/buy-4mmc-mephedrone.jpg\",\"width\":600,\"height\":600,\"caption\":\"Mephedrone 4MMC for Sale\"},{\"@type\":\"BreadcrumbList\",\"@id\":\"https:\/\/legitgrams.com\/product\/mephedrone-4mmc\/#breadcrumb\",\"itemListElement\":[{\"@type\":\"ListItem\",\"position\":1,\"name\":\"Home\",\"item\":\"https:\/\/legitgrams.com\/\"},{\"@type\":\"ListItem\",\"position\":2,\"name\":\"Shop\",\"item\":\"https:\/\/legitgrams.com\/shop\/\"},{\"@type\":\"ListItem\",\"position\":3,\"name\":\"Buy Mephedrone 4MMC Online\"}]},{\"@type\":\"WebSite\",\"@id\":\"https:\/\/legitgrams.com\/#website\",\"url\":\"https:\/\/legitgrams.com\/\",\"name\":\"Legit Grams\",\"description\":\"My WordPress Blog\",\"publisher\":{\"@id\":\"https:\/\/legitgrams.com\/#organization\"},\"potentialAction\":[{\"@type\":\"SearchAction\",\"target\":{\"@type\":\"EntryPoint\",\"urlTemplate\":\"https:\/\/legitgrams.com\/?s={search_term_string}\"},\"query-input\":{\"@type\":\"PropertyValueSpecification\",\"valueRequired\":true,\"valueName\":\"search_term_string\"}}],\"inLanguage\":\"fr-BE\"},{\"@type\":\"Organization\",\"@id\":\"https:\/\/legitgrams.com\/#organization\",\"name\":\"Legit Grams\",\"url\":\"https:\/\/legitgrams.com\/\",\"logo\":{\"@type\":\"ImageObject\",\"inLanguage\":\"fr-BE\",\"@id\":\"https:\/\/legitgrams.com\/#\/schema\/logo\/image\/\",\"url\":\"https:\/\/legitgrams.com\/wp-content\/uploads\/2024\/09\/main-logo.png\",\"contentUrl\":\"https:\/\/legitgrams.com\/wp-content\/uploads\/2024\/09\/main-logo.png\",\"width\":270,\"height\":75,\"caption\":\"Legit Grams\"},\"image\":{\"@id\":\"https:\/\/legitgrams.com\/#\/schema\/logo\/image\/\"}}]}<\/script>\n<!-- \/ Yoast SEO plugin. -->","yoast_head_json":{"title":"Mephedrone 4MMC for Sale - Commandez Mephedrone 4MMC en ligne","description":"Vous pouvez acheter Mephedrone 4MMC en ligne au meilleur prix dans notre magasin en ligne. Nous avons des Mephedrone 4MMC bon march\u00e9 et de haute qualit\u00e9 \u00e0 vendre et nous fournissons des livraisons dans le monde entier. Vous pouvez commander \u00e0 tout moment, n'importe o\u00f9.","robots":{"index":"index","follow":"follow","max-snippet":"max-snippet:-1","max-image-preview":"max-image-preview:large","max-video-preview":"max-video-preview:-1"},"canonical":"https:\/\/legitgrams.com\/fr\/produit\/mephedrone-4mmc\/","og_locale":"fr_FR","og_type":"article","og_title":"Mephedrone 4MMC for Sale - Order Mephedrone 4MMC Online","og_description":"You can buy Mephedrone 4MMC online at the best prices from our online store. We have cheap and high-quality Mephedrone 4MMC for sale and providing worldwide delivery. You can order from anytime, anywhere.","og_url":"https:\/\/legitgrams.com\/fr\/produit\/mephedrone-4mmc\/","og_site_name":"Legit Grams","article_modified_time":"2025-04-04T10:03:06+00:00","og_image":[{"width":600,"height":600,"url":"https:\/\/legitgrams.com\/wp-content\/uploads\/2024\/09\/buy-4mmc-mephedrone.jpg","type":"image\/jpeg"}],"twitter_card":"summary_large_image","twitter_misc":{"Dur\u00e9e de lecture est.":"3 minutes"},"schema":{"@context":"https:\/\/schema.org","@graph":[{"@type":"WebPage","@id":"https:\/\/legitgrams.com\/product\/mephedrone-4mmc\/","url":"https:\/\/legitgrams.com\/product\/mephedrone-4mmc\/","name":"Mephedrone 4MMC for Sale - Commandez Mephedrone 4MMC en ligne","isPartOf":{"@id":"https:\/\/legitgrams.com\/#website"},"primaryImageOfPage":{"@id":"https:\/\/legitgrams.com\/product\/mephedrone-4mmc\/#primaryimage"},"image":{"@id":"https:\/\/legitgrams.com\/product\/mephedrone-4mmc\/#primaryimage"},"thumbnailUrl":"https:\/\/legitgrams.com\/wp-content\/uploads\/2024\/09\/buy-4mmc-mephedrone.jpg","datePublished":"2024-09-21T06:56:39+00:00","dateModified":"2025-04-04T10:03:06+00:00","description":"Vous pouvez acheter Mephedrone 4MMC en ligne au meilleur prix dans notre magasin en ligne. Nous avons des Mephedrone 4MMC bon march\u00e9 et de haute qualit\u00e9 \u00e0 vendre et nous fournissons des livraisons dans le monde entier. Vous pouvez commander \u00e0 tout moment, n'importe o\u00f9.","breadcrumb":{"@id":"https:\/\/legitgrams.com\/product\/mephedrone-4mmc\/#breadcrumb"},"inLanguage":"fr-BE","potentialAction":[{"@type":"ReadAction","target":["https:\/\/legitgrams.com\/product\/mephedrone-4mmc\/"]}]},{"@type":"ImageObject","inLanguage":"fr-BE","@id":"https:\/\/legitgrams.com\/product\/mephedrone-4mmc\/#primaryimage","url":"https:\/\/legitgrams.com\/wp-content\/uploads\/2024\/09\/buy-4mmc-mephedrone.jpg","contentUrl":"https:\/\/legitgrams.com\/wp-content\/uploads\/2024\/09\/buy-4mmc-mephedrone.jpg","width":600,"height":600,"caption":"Mephedrone 4MMC for Sale"},{"@type":"BreadcrumbList","@id":"https:\/\/legitgrams.com\/product\/mephedrone-4mmc\/#breadcrumb","itemListElement":[{"@type":"ListItem","position":1,"name":"Home","item":"https:\/\/legitgrams.com\/"},{"@type":"ListItem","position":2,"name":"Shop","item":"https:\/\/legitgrams.com\/shop\/"},{"@type":"ListItem","position":3,"name":"Buy Mephedrone 4MMC Online"}]},{"@type":"WebSite","@id":"https:\/\/legitgrams.com\/#website","url":"https:\/\/legitgrams.com\/","name":"Les grammes l\u00e9gitimes","description":"Mon blog WordPress","publisher":{"@id":"https:\/\/legitgrams.com\/#organization"},"potentialAction":[{"@type":"SearchAction","target":{"@type":"EntryPoint","urlTemplate":"https:\/\/legitgrams.com\/?s={search_term_string}"},"query-input":{"@type":"PropertyValueSpecification","valueRequired":true,"valueName":"search_term_string"}}],"inLanguage":"fr-BE"},{"@type":"Organization","@id":"https:\/\/legitgrams.com\/#organization","name":"Les grammes l\u00e9gitimes","url":"https:\/\/legitgrams.com\/","logo":{"@type":"ImageObject","inLanguage":"fr-BE","@id":"https:\/\/legitgrams.com\/#\/schema\/logo\/image\/","url":"https:\/\/legitgrams.com\/wp-content\/uploads\/2024\/09\/main-logo.png","contentUrl":"https:\/\/legitgrams.com\/wp-content\/uploads\/2024\/09\/main-logo.png","width":270,"height":75,"caption":"Legit Grams"},"image":{"@id":"https:\/\/legitgrams.com\/#\/schema\/logo\/image\/"}}]}},"uagb_featured_image_src":{"full":["https:\/\/legitgrams.com\/wp-content\/uploads\/2024\/09\/buy-4mmc-mephedrone.jpg",600,600,false],"thumbnail":["https:\/\/legitgrams.com\/wp-content\/uploads\/2024\/09\/buy-4mmc-mephedrone-150x150.jpg",150,150,true],"medium":["https:\/\/legitgrams.com\/wp-content\/uploads\/2024\/09\/buy-4mmc-mephedrone-300x300.jpg",300,300,true],"medium_large":["https:\/\/legitgrams.com\/wp-content\/uploads\/2024\/09\/buy-4mmc-mephedrone.jpg",600,600,false],"large":["https:\/\/legitgrams.com\/wp-content\/uploads\/2024\/09\/buy-4mmc-mephedrone.jpg",600,600,false],"1536x1536":["https:\/\/legitgrams.com\/wp-content\/uploads\/2024\/09\/buy-4mmc-mephedrone.jpg",600,600,false],"2048x2048":["https:\/\/legitgrams.com\/wp-content\/uploads\/2024\/09\/buy-4mmc-mephedrone.jpg",600,600,false],"trp-custom-language-flag":["https:\/\/legitgrams.com\/wp-content\/uploads\/2024\/09\/buy-4mmc-mephedrone-12x12.jpg",12,12,true],"woocommerce_thumbnail":["https:\/\/legitgrams.com\/wp-content\/uploads\/2024\/09\/buy-4mmc-mephedrone-300x300.jpg",300,300,true],"woocommerce_single":["https:\/\/legitgrams.com\/wp-content\/uploads\/2024\/09\/buy-4mmc-mephedrone.jpg",600,600,false],"woocommerce_gallery_thumbnail":["https:\/\/legitgrams.com\/wp-content\/uploads\/2024\/09\/buy-4mmc-mephedrone-100x100.jpg",100,100,true]},"uagb_author_info":{"display_name":"cokeblog18","author_link":"https:\/\/legitgrams.com\/fr\/author\/"},"uagb_comment_info":0,"uagb_excerpt":"Purchase Mephedrone 4MMC Online For any of your requirements and requests, we are here to help. To place your order comfortably, get in touch with our online store. You can now click to get anything you need. Get in touch with us immediately! Mephedrone 4MMC. Purchase Mephedrone Online Online mephedrone purchase: We have established ourselves&hellip;","_links":{"self":[{"href":"https:\/\/legitgrams.com\/fr\/wp-json\/wp\/v2\/product\/3986","targetHints":{"allow":["GET"]}}],"collection":[{"href":"https:\/\/legitgrams.com\/fr\/wp-json\/wp\/v2\/product"}],"about":[{"href":"https:\/\/legitgrams.com\/fr\/wp-json\/wp\/v2\/types\/product"}],"replies":[{"embeddable":true,"href":"https:\/\/legitgrams.com\/fr\/wp-json\/wp\/v2\/comments?post=3986"}],"wp:featuredmedia":[{"embeddable":true,"href":"https:\/\/legitgrams.com\/fr\/wp-json\/wp\/v2\/media\/5287"}],"wp:attachment":[{"href":"https:\/\/legitgrams.com\/fr\/wp-json\/wp\/v2\/media?parent=3986"}],"wp:term":[{"taxonomy":"product_brand","embeddable":true,"href":"https:\/\/legitgrams.com\/fr\/wp-json\/wp\/v2\/product_brand?post=3986"},{"taxonomy":"product_cat","embeddable":true,"href":"https:\/\/legitgrams.com\/fr\/wp-json\/wp\/v2\/product_cat?post=3986"},{"taxonomy":"product_tag","embeddable":true,"href":"https:\/\/legitgrams.com\/fr\/wp-json\/wp\/v2\/product_tag?post=3986"}],"curies":[{"name":"wp","href":"https:\/\/api.w.org\/{rel}","templated":true}]}}