{"id":3990,"date":"2024-09-21T07:25:06","date_gmt":"2024-09-21T07:25:06","guid":{"rendered":"https:\/\/legitgrams.com\/?post_type=product&#038;p=3990"},"modified":"2025-04-04T07:57:26","modified_gmt":"2025-04-04T07:57:26","slug":"adb-pinaca-poudre-haute-purete","status":"publish","type":"product","link":"https:\/\/legitgrams.com\/fr\/produit\/adb-pinaca-poudre-haute-purete\/","title":{"rendered":"Achetez de la poudre ADB-Pinaca haute puret\u00e9 en ligne"},"content":{"rendered":"<h2>Poudre d'ADB-Pinaca de haute puret\u00e9 \u00e0 vendre<\/h2>\n<p>Achetez de la m\u00e9thiopropamine (MPA) en cristal et en poudre aupr\u00e8s du fournisseur de produits chimiques ADB-Pinaca Powder Purity 98%.<\/p>\n<p><a href=\"https:\/\/legitgrams.com\/fr\/produit\/adb-pinaca-poudre-haute-purete\/\">Puret\u00e9 ADB de la pinaca en poudre<\/a><\/p>\n<p>ProName: <a href=\"https:\/\/www.bing.com\/search?q=Buy%20ADB-Pinaca%20Powder%20High%20Purity%20Online&amp;qs=n&amp;form=QBRE&amp;sp=-1&amp;ghc=1&amp;lq=0&amp;pq=buy%20adb-pinaca%20powder%20high%20purity%20online&amp;sc=12-40&amp;sk=&amp;cvid=4C1805D9BC214934AB4BC138E9E72EC8&amp;ghsh=0&amp;ghacc=0&amp;ghpl=\">5F-MDMB-PINACA<\/a>, <a href=\"https:\/\/www.bing.com\/search?q=AchetezdelapoudreADB-Pinacahautepuretenligne&amp;qs=n&amp;form=QBRE&amp;sp=-1&amp;lq=0&amp;pq=achetezdelapoudreadb-pinacahautepuretenligne&amp;sc=7-53&amp;sk=&amp;cvid=881B868AA72B4608B86FB6E33D4DE81B&amp;ghsh=0&amp;ghacc=0&amp;ghpl=\">Poudre de 5F-ADB 5FADB ADB<\/a><br \/>\nCasNr : 68585-34-2<br \/>\nThe molecule&#8217;s formula is ADB.<br \/>\nTake a look at this white crystal.<br \/>\nUse: intermediary in pharmaceuticals<br \/>\nCompleted goods will be delivered in 4\u20137 days.<br \/>\nConditionnement : 1 kilogramme par sac doubl\u00e9 d'une feuille d'aluminium<br \/>\nTianjin est le port<br \/>\nCapacit\u00e9 de production : 10 000 kg par mois<br \/>\n&gt;99,51Puret\u00e9 TTP3T<br \/>\nStockage : Conservez les objets dans un endroit sec, frais et compl\u00e8tement ferm\u00e9.<br \/>\nTransport : par FEDEX, DHL et EMS<br \/>\nTeneur en humidit\u00e9 : 0.01<\/p>\n<p>Achat <a href=\"https:\/\/en.wikipedia.org\/wiki\/ADB-PINACA\">ADB-Pinaca<\/a> Poudre de puret\u00e9 98 % \u00e0 vendre, recherchez des fournisseurs de produits chimiques, achetez des produits chimiques de recherche en Chine, utilisez le meilleur site Web pour acheter des produits chimiques de recherche, achetez des produits chimiques de recherche sur Reddit, achetez des produits chimiques de recherche pour la construction corporelle, achetez des produits chimiques de recherche bon march\u00e9 aux \u00c9tats-Unis et achetez des fournitures de chimie de recherche en ligne en Europe.<\/p>\n<p><a href=\"https:\/\/duckduckgo.com\/?q=Buy+ADB-Pinaca+Powder+High+Purity+Online&amp;t=h_&amp;ia=web\">Achetez de la poudre ADB-Pinaca haute puret\u00e9 en ligne<\/a> Acheter de la poudre d'ADB-Pinaca haute puret\u00e9, acheter de la poudre d'ADB-Pinaca en ligne, o\u00f9 acheter de la poudre d'ADB-Pinaca haute puret\u00e9, poudre d'ADB-Pinaca haute puret\u00e9 \u00e0 vendre, poudre d'ADB-Pinaca \u00e0 vendre, acheter de la poudre haute puret\u00e9 en ligne, o\u00f9 acheter de la poudre d'ADB-Pinaca haute puret\u00e9 en ligne, acheter de la poudre d'ADB-Pinaca haute puret\u00e9 aux \u00c9tats-Unis, au Canada et au Royaume-Uni, acheter en ligne, fournisseurs, livraison s\u00e9curis\u00e9e, comment acheter de la poudre d'ADB-Pinaca haute puret\u00e9\u00a0? Est-il l\u00e9gal d'utiliser de la poudre d'ADB-Pinaca au Canada\u00a0? <a href=\"https:\/\/legitgrams.com\/fr\/\">LegitGrams<\/a><\/p>","protected":false},"excerpt":{"rendered":"<p>High Purity ADB-Pinaca Powder for Sale Purchase crystal and powdered methiopropamine (MPA) from ADB-Pinaca Powder Purity 98% chemical supplier. ADB purity of powdered pinaca ProName: 5F-MDMB-PINACA, 5F-ADB powder 5FADB ADB CasNr: 68585-34-2 The molecule&#8217;s formula is ADB. Take a look at this white crystal. Use: intermediary in pharmaceuticals Completed goods will be delivered in 4\u20137 &hellip;<\/p>\n<p class=\"read-more\"> <a class=\"\" href=\"https:\/\/legitgrams.com\/fr\/produit\/adb-pinaca-poudre-haute-purete\/\"> <span class=\"screen-reader-text\">Achetez de la poudre ADB-Pinaca haute puret\u00e9 en ligne<\/span> Lire la suite \"<\/a><\/p>","protected":false},"featured_media":5265,"comment_status":"open","ping_status":"closed","template":"","meta":{"_uag_custom_page_level_css":"","site-sidebar-layout":"default","site-content-layout":"default","ast-global-header-display":"","ast-main-header-display":"","ast-hfb-above-header-display":"","ast-hfb-below-header-display":"","ast-hfb-mobile-header-display":"","site-post-title":"","ast-breadcrumbs-content":"","ast-featured-img":"","footer-sml-layout":"","theme-transparent-header-meta":"default","adv-header-id-meta":"","stick-header-meta":"default","header-above-stick-meta":"","header-main-stick-meta":"","header-below-stick-meta":"","_joinchat":[]},"product_brand":[],"product_cat":[600],"product_tag":[3042,3046,3045,3053,3044,3054,3056,3063,3064,3062,3059,3061,3051,617,3043,3058,3055,3050,3048,3060,3057,625,3049,3052,3047],"class_list":{"0":"post-3990","1":"product","2":"type-product","3":"status-publish","4":"has-post-thumbnail","6":"product_cat-research-chemicals-and-bath-salt","7":"product_tag-adb-pinaca-powder-high-purity","8":"product_tag-adb-pinaca-powder-high-purity-adb-pinaca-powder-high-purity-supplier","9":"product_tag-adb-pinaca-powder-high-purity-for-sale","10":"product_tag-adb-pinaca-powder-high-purity-legally","11":"product_tag-adb-pinaca-powder-high-purity-online","12":"product_tag-adb-pinaca-powder-high-purity-price","13":"product_tag-adb-pinaca-powder-high-purity-store","14":"product_tag-adb-pinaca-powder-high-purity-use","15":"product_tag-adb-pinaca-powder-high-purity-wiki","16":"product_tag-adb-pinaca-powder-high-purity-worldwide","17":"product_tag-adb-pinaca-powder-high-puritys","18":"product_tag-best-cheap-price-adb-pinaca-powder-high-purity","19":"product_tag-best-place-to-buy-adb-pinaca-powder-high-purity","20":"product_tag-bulk-online","21":"product_tag-buy-adb-pinaca-powder-high-purity","22":"product_tag-cheap-adb-pinaca-powder-high-purity","23":"product_tag-high-quality-adb-pinaca-powder-high-purity","24":"product_tag-how-to-buy-adb-pinaca-powder-high-purity","25":"product_tag-order-adb-pinaca-powder-high-purity","26":"product_tag-purcharse-adb-pinaca-powder-high-purity","27":"product_tag-shop-adb-pinaca-powder-high-purity","28":"product_tag-top-quality","29":"product_tag-where-to-buy-adb-pinaca-powder-high-purity","30":"product_tag-where-to-order-adb-pinaca-powder-high-purity","31":"product_tag-wholesale-adb-pinaca-powder-high-purity","32":"desktop-align-left","33":"tablet-align-left","34":"mobile-align-left","35":"ast-product-gallery-layout-horizontal","36":"ast-product-gallery-with-no-image","37":"ast-product-single-variable","38":"ast-product-tabs-layout-horizontal","39":"ast-qv-on-image","41":"first","42":"instock","43":"shipping-taxable","44":"purchasable","45":"product-type-variable"},"yoast_head":"<!-- This site is optimized with the Yoast SEO plugin v25.9 - https:\/\/yoast.com\/wordpress\/plugins\/seo\/ -->\n<title>ADB-Pinaca Powder for Sale - Buy ADB-Pinaca Online<\/title>\n<meta name=\"description\" content=\"Do not miss any opportunity to buy adb-pinaca online from our LG store. We are exclusively dealing with adb-pinaca for sale at cheap price. Order now\" \/>\n<meta name=\"robots\" content=\"index, follow, max-snippet:-1, max-image-preview:large, max-video-preview:-1\" \/>\n<link rel=\"canonical\" href=\"https:\/\/legitgrams.com\/fr\/produit\/adb-pinaca-poudre-haute-purete\/\" \/>\n<meta property=\"og:locale\" content=\"fr_FR\" \/>\n<meta property=\"og:type\" content=\"article\" \/>\n<meta property=\"og:title\" content=\"ADB-Pinaca Powder for Sale - Buy ADB-Pinaca Online\" \/>\n<meta property=\"og:description\" content=\"Do not miss any opportunity to buy adb-pinaca online from our LG store. We are exclusively dealing with adb-pinaca for sale at cheap price. Order now\" \/>\n<meta property=\"og:url\" content=\"https:\/\/legitgrams.com\/fr\/produit\/adb-pinaca-poudre-haute-purete\/\" \/>\n<meta property=\"og:site_name\" content=\"Legit Grams\" \/>\n<meta property=\"article:modified_time\" content=\"2025-04-04T07:57:26+00:00\" \/>\n<meta property=\"og:image\" content=\"https:\/\/legitgrams.com\/wp-content\/uploads\/2024\/09\/ADB-pinaca-powder-high-purity.jpg\" \/>\n\t<meta property=\"og:image:width\" content=\"600\" \/>\n\t<meta property=\"og:image:height\" content=\"600\" \/>\n\t<meta property=\"og:image:type\" content=\"image\/jpeg\" \/>\n<meta name=\"twitter:card\" content=\"summary_large_image\" \/>\n<meta name=\"twitter:label1\" content=\"Dur\u00e9e de lecture est.\" \/>\n\t<meta name=\"twitter:data1\" content=\"2 minutes\" \/>\n<script type=\"application\/ld+json\" class=\"yoast-schema-graph\">{\"@context\":\"https:\/\/schema.org\",\"@graph\":[{\"@type\":\"WebPage\",\"@id\":\"https:\/\/legitgrams.com\/product\/adb-pinaca-powder-high-purity\/\",\"url\":\"https:\/\/legitgrams.com\/product\/adb-pinaca-powder-high-purity\/\",\"name\":\"ADB-Pinaca Powder for Sale - Buy ADB-Pinaca Online\",\"isPartOf\":{\"@id\":\"https:\/\/legitgrams.com\/#website\"},\"primaryImageOfPage\":{\"@id\":\"https:\/\/legitgrams.com\/product\/adb-pinaca-powder-high-purity\/#primaryimage\"},\"image\":{\"@id\":\"https:\/\/legitgrams.com\/product\/adb-pinaca-powder-high-purity\/#primaryimage\"},\"thumbnailUrl\":\"https:\/\/legitgrams.com\/wp-content\/uploads\/2024\/09\/ADB-pinaca-powder-high-purity.jpg\",\"datePublished\":\"2024-09-21T07:25:06+00:00\",\"dateModified\":\"2025-04-04T07:57:26+00:00\",\"description\":\"Do not miss any opportunity to buy adb-pinaca online from our LG store. We are exclusively dealing with adb-pinaca for sale at cheap price. Order now\",\"breadcrumb\":{\"@id\":\"https:\/\/legitgrams.com\/product\/adb-pinaca-powder-high-purity\/#breadcrumb\"},\"inLanguage\":\"fr-BE\",\"potentialAction\":[{\"@type\":\"ReadAction\",\"target\":[\"https:\/\/legitgrams.com\/product\/adb-pinaca-powder-high-purity\/\"]}]},{\"@type\":\"ImageObject\",\"inLanguage\":\"fr-BE\",\"@id\":\"https:\/\/legitgrams.com\/product\/adb-pinaca-powder-high-purity\/#primaryimage\",\"url\":\"https:\/\/legitgrams.com\/wp-content\/uploads\/2024\/09\/ADB-pinaca-powder-high-purity.jpg\",\"contentUrl\":\"https:\/\/legitgrams.com\/wp-content\/uploads\/2024\/09\/ADB-pinaca-powder-high-purity.jpg\",\"width\":600,\"height\":600,\"caption\":\"ADB-Pinaca Powder High Purity for Sale\"},{\"@type\":\"BreadcrumbList\",\"@id\":\"https:\/\/legitgrams.com\/product\/adb-pinaca-powder-high-purity\/#breadcrumb\",\"itemListElement\":[{\"@type\":\"ListItem\",\"position\":1,\"name\":\"Home\",\"item\":\"https:\/\/legitgrams.com\/\"},{\"@type\":\"ListItem\",\"position\":2,\"name\":\"Shop\",\"item\":\"https:\/\/legitgrams.com\/shop\/\"},{\"@type\":\"ListItem\",\"position\":3,\"name\":\"Buy ADB-Pinaca Powder High Purity Online\"}]},{\"@type\":\"WebSite\",\"@id\":\"https:\/\/legitgrams.com\/#website\",\"url\":\"https:\/\/legitgrams.com\/\",\"name\":\"Legit Grams\",\"description\":\"My WordPress Blog\",\"publisher\":{\"@id\":\"https:\/\/legitgrams.com\/#organization\"},\"potentialAction\":[{\"@type\":\"SearchAction\",\"target\":{\"@type\":\"EntryPoint\",\"urlTemplate\":\"https:\/\/legitgrams.com\/?s={search_term_string}\"},\"query-input\":{\"@type\":\"PropertyValueSpecification\",\"valueRequired\":true,\"valueName\":\"search_term_string\"}}],\"inLanguage\":\"fr-BE\"},{\"@type\":\"Organization\",\"@id\":\"https:\/\/legitgrams.com\/#organization\",\"name\":\"Legit Grams\",\"url\":\"https:\/\/legitgrams.com\/\",\"logo\":{\"@type\":\"ImageObject\",\"inLanguage\":\"fr-BE\",\"@id\":\"https:\/\/legitgrams.com\/#\/schema\/logo\/image\/\",\"url\":\"https:\/\/legitgrams.com\/wp-content\/uploads\/2024\/09\/main-logo.png\",\"contentUrl\":\"https:\/\/legitgrams.com\/wp-content\/uploads\/2024\/09\/main-logo.png\",\"width\":270,\"height\":75,\"caption\":\"Legit Grams\"},\"image\":{\"@id\":\"https:\/\/legitgrams.com\/#\/schema\/logo\/image\/\"}}]}<\/script>\n<!-- \/ Yoast SEO plugin. -->","yoast_head_json":{"title":"ADB-Pinaca Powder for Sale - Acheter ADB-Pinaca en ligne","description":"Ne manquez pas l'occasion d'acheter adb-pinaca en ligne dans notre magasin LG. Nous vendons exclusivement adb-pinaca \u00e0 des prix bas. Commandez maintenant","robots":{"index":"index","follow":"follow","max-snippet":"max-snippet:-1","max-image-preview":"max-image-preview:large","max-video-preview":"max-video-preview:-1"},"canonical":"https:\/\/legitgrams.com\/fr\/produit\/adb-pinaca-poudre-haute-purete\/","og_locale":"fr_FR","og_type":"article","og_title":"ADB-Pinaca Powder for Sale - Buy ADB-Pinaca Online","og_description":"Do not miss any opportunity to buy adb-pinaca online from our LG store. We are exclusively dealing with adb-pinaca for sale at cheap price. Order now","og_url":"https:\/\/legitgrams.com\/fr\/produit\/adb-pinaca-poudre-haute-purete\/","og_site_name":"Legit Grams","article_modified_time":"2025-04-04T07:57:26+00:00","og_image":[{"width":600,"height":600,"url":"https:\/\/legitgrams.com\/wp-content\/uploads\/2024\/09\/ADB-pinaca-powder-high-purity.jpg","type":"image\/jpeg"}],"twitter_card":"summary_large_image","twitter_misc":{"Dur\u00e9e de lecture est.":"2 minutes"},"schema":{"@context":"https:\/\/schema.org","@graph":[{"@type":"WebPage","@id":"https:\/\/legitgrams.com\/product\/adb-pinaca-powder-high-purity\/","url":"https:\/\/legitgrams.com\/product\/adb-pinaca-powder-high-purity\/","name":"ADB-Pinaca Powder for Sale - Acheter ADB-Pinaca en ligne","isPartOf":{"@id":"https:\/\/legitgrams.com\/#website"},"primaryImageOfPage":{"@id":"https:\/\/legitgrams.com\/product\/adb-pinaca-powder-high-purity\/#primaryimage"},"image":{"@id":"https:\/\/legitgrams.com\/product\/adb-pinaca-powder-high-purity\/#primaryimage"},"thumbnailUrl":"https:\/\/legitgrams.com\/wp-content\/uploads\/2024\/09\/ADB-pinaca-powder-high-purity.jpg","datePublished":"2024-09-21T07:25:06+00:00","dateModified":"2025-04-04T07:57:26+00:00","description":"Ne manquez pas l'occasion d'acheter adb-pinaca en ligne dans notre magasin LG. Nous vendons exclusivement adb-pinaca \u00e0 des prix bas. Commandez maintenant","breadcrumb":{"@id":"https:\/\/legitgrams.com\/product\/adb-pinaca-powder-high-purity\/#breadcrumb"},"inLanguage":"fr-BE","potentialAction":[{"@type":"ReadAction","target":["https:\/\/legitgrams.com\/product\/adb-pinaca-powder-high-purity\/"]}]},{"@type":"ImageObject","inLanguage":"fr-BE","@id":"https:\/\/legitgrams.com\/product\/adb-pinaca-powder-high-purity\/#primaryimage","url":"https:\/\/legitgrams.com\/wp-content\/uploads\/2024\/09\/ADB-pinaca-powder-high-purity.jpg","contentUrl":"https:\/\/legitgrams.com\/wp-content\/uploads\/2024\/09\/ADB-pinaca-powder-high-purity.jpg","width":600,"height":600,"caption":"ADB-Pinaca Powder High Purity for Sale"},{"@type":"BreadcrumbList","@id":"https:\/\/legitgrams.com\/product\/adb-pinaca-powder-high-purity\/#breadcrumb","itemListElement":[{"@type":"ListItem","position":1,"name":"Home","item":"https:\/\/legitgrams.com\/"},{"@type":"ListItem","position":2,"name":"Shop","item":"https:\/\/legitgrams.com\/shop\/"},{"@type":"ListItem","position":3,"name":"Buy ADB-Pinaca Powder High Purity Online"}]},{"@type":"WebSite","@id":"https:\/\/legitgrams.com\/#website","url":"https:\/\/legitgrams.com\/","name":"Les grammes l\u00e9gitimes","description":"Mon blog WordPress","publisher":{"@id":"https:\/\/legitgrams.com\/#organization"},"potentialAction":[{"@type":"SearchAction","target":{"@type":"EntryPoint","urlTemplate":"https:\/\/legitgrams.com\/?s={search_term_string}"},"query-input":{"@type":"PropertyValueSpecification","valueRequired":true,"valueName":"search_term_string"}}],"inLanguage":"fr-BE"},{"@type":"Organization","@id":"https:\/\/legitgrams.com\/#organization","name":"Les grammes l\u00e9gitimes","url":"https:\/\/legitgrams.com\/","logo":{"@type":"ImageObject","inLanguage":"fr-BE","@id":"https:\/\/legitgrams.com\/#\/schema\/logo\/image\/","url":"https:\/\/legitgrams.com\/wp-content\/uploads\/2024\/09\/main-logo.png","contentUrl":"https:\/\/legitgrams.com\/wp-content\/uploads\/2024\/09\/main-logo.png","width":270,"height":75,"caption":"Legit Grams"},"image":{"@id":"https:\/\/legitgrams.com\/#\/schema\/logo\/image\/"}}]}},"uagb_featured_image_src":{"full":["https:\/\/legitgrams.com\/wp-content\/uploads\/2024\/09\/ADB-pinaca-powder-high-purity.jpg",600,600,false],"thumbnail":["https:\/\/legitgrams.com\/wp-content\/uploads\/2024\/09\/ADB-pinaca-powder-high-purity-150x150.jpg",150,150,true],"medium":["https:\/\/legitgrams.com\/wp-content\/uploads\/2024\/09\/ADB-pinaca-powder-high-purity-300x300.jpg",300,300,true],"medium_large":["https:\/\/legitgrams.com\/wp-content\/uploads\/2024\/09\/ADB-pinaca-powder-high-purity.jpg",600,600,false],"large":["https:\/\/legitgrams.com\/wp-content\/uploads\/2024\/09\/ADB-pinaca-powder-high-purity.jpg",600,600,false],"1536x1536":["https:\/\/legitgrams.com\/wp-content\/uploads\/2024\/09\/ADB-pinaca-powder-high-purity.jpg",600,600,false],"2048x2048":["https:\/\/legitgrams.com\/wp-content\/uploads\/2024\/09\/ADB-pinaca-powder-high-purity.jpg",600,600,false],"trp-custom-language-flag":["https:\/\/legitgrams.com\/wp-content\/uploads\/2024\/09\/ADB-pinaca-powder-high-purity-12x12.jpg",12,12,true],"woocommerce_thumbnail":["https:\/\/legitgrams.com\/wp-content\/uploads\/2024\/09\/ADB-pinaca-powder-high-purity-300x300.jpg",300,300,true],"woocommerce_single":["https:\/\/legitgrams.com\/wp-content\/uploads\/2024\/09\/ADB-pinaca-powder-high-purity.jpg",600,600,false],"woocommerce_gallery_thumbnail":["https:\/\/legitgrams.com\/wp-content\/uploads\/2024\/09\/ADB-pinaca-powder-high-purity-100x100.jpg",100,100,true]},"uagb_author_info":{"display_name":"cokeblog18","author_link":"https:\/\/legitgrams.com\/fr\/author\/"},"uagb_comment_info":0,"uagb_excerpt":"High Purity ADB-Pinaca Powder for Sale Purchase crystal and powdered methiopropamine (MPA) from ADB-Pinaca Powder Purity 98% chemical supplier. ADB purity of powdered pinaca ProName: 5F-MDMB-PINACA, 5F-ADB powder 5FADB ADB CasNr: 68585-34-2 The molecule&#8217;s formula is ADB. Take a look at this white crystal. Use: intermediary in pharmaceuticals Completed goods will be delivered in 4\u20137&hellip;","_links":{"self":[{"href":"https:\/\/legitgrams.com\/fr\/wp-json\/wp\/v2\/product\/3990","targetHints":{"allow":["GET"]}}],"collection":[{"href":"https:\/\/legitgrams.com\/fr\/wp-json\/wp\/v2\/product"}],"about":[{"href":"https:\/\/legitgrams.com\/fr\/wp-json\/wp\/v2\/types\/product"}],"replies":[{"embeddable":true,"href":"https:\/\/legitgrams.com\/fr\/wp-json\/wp\/v2\/comments?post=3990"}],"wp:featuredmedia":[{"embeddable":true,"href":"https:\/\/legitgrams.com\/fr\/wp-json\/wp\/v2\/media\/5265"}],"wp:attachment":[{"href":"https:\/\/legitgrams.com\/fr\/wp-json\/wp\/v2\/media?parent=3990"}],"wp:term":[{"taxonomy":"product_brand","embeddable":true,"href":"https:\/\/legitgrams.com\/fr\/wp-json\/wp\/v2\/product_brand?post=3990"},{"taxonomy":"product_cat","embeddable":true,"href":"https:\/\/legitgrams.com\/fr\/wp-json\/wp\/v2\/product_cat?post=3990"},{"taxonomy":"product_tag","embeddable":true,"href":"https:\/\/legitgrams.com\/fr\/wp-json\/wp\/v2\/product_tag?post=3990"}],"curies":[{"name":"wp","href":"https:\/\/api.w.org\/{rel}","templated":true}]}}