{"id":4003,"date":"2024-09-21T07:43:45","date_gmt":"2024-09-21T07:43:45","guid":{"rendered":"https:\/\/legitgrams.com\/?post_type=product&#038;p=4003"},"modified":"2025-01-13T09:14:46","modified_gmt":"2025-01-13T09:14:46","slug":"ald-52-buvards-100mcg","status":"publish","type":"product","link":"https:\/\/legitgrams.com\/fr\/produit\/ald-52-buvards-100mcg\/","title":{"rendered":"ALD-52 Blotters 100mcg"},"content":{"rendered":"<h2>100 mcg de buvards ALD-52 \u00e0 vendre<\/h2>\n<p>La combinaison de plusieurs substances de recherche n\u00e9cessaires pour retarder l\u2019histoire de l\u2019ALD-52 et des noms uniques de l\u2019ALD-52 fait de l\u2019ALD-52 un m\u00e9dicament unique. <a href=\"https:\/\/legitgrams.com\/fr\/produit\/ald-52-buvards-100mcg\/\">acheter ALD-52 en ligne<\/a> pour une utilisation dans les domaines m\u00e9dical, r\u00e9cr\u00e9atif et de recherche. Les attributions psychotropes de l'ALD-52 l'ont rendu indiscutable parmi le personnel de laboratoire et les experts en la mati\u00e8re. Afin de se sentir satisfaits, excit\u00e9s, de maintenir leur niveau d'\u00e9nergie \u00e9lev\u00e9 et d'avoir plus de relations sexuelles, de nombreux consommateurs r\u00e9guliers d\u00e9cident d'acheter des produits accessibles.<\/p>\n<p>Notez que pour un processus de collecte enti\u00e8rement r\u00e9glement\u00e9, choisissez l'ALD-52 fabriqu\u00e9 \u00e0 l'aide des meilleures techniques d'avancement. Les avanc\u00e9es de la recherche au fil des ann\u00e9es ont permis de r\u00e9guler le niveau de savoir-faire des laboratoires chinois, qui cr\u00e9ent tous les sels de douche en proposant \u00e0 la vente les m\u00e9langes produits.<\/p>\n<p>En tant que fournisseur de premier plan, notre entreprise travaille directement avec des organisations chinoises r\u00e9put\u00e9es. Cela permet l'\u00e9change de sels de douche de la meilleure qualit\u00e9 et d'une perfection totale. <a href=\"https:\/\/en.wikipedia.org\/wiki\/ALD-52\">ALD-52<\/a> est m\u00e9lang\u00e9 sous une surveillance stricte et conform\u00e9ment \u00e0 tous les principes. S\u00e9lectionnez la meilleure offre sur le meilleur site Web pour acheter des mat\u00e9riaux con\u00e7us par la recherche en pesant soigneusement les informations les plus r\u00e9centes et les plus fiables accessibles. Les laboratoires chinois exp\u00e9dient des pastilles ALD-52, des surfaces de buvardage ALD-52 et des poudres ALD-52. L'exp\u00e9diteur ALD-52 peut exp\u00e9dier dans n'importe quel pays. Vous pouvez \u00eatre s\u00fbr que vos tests et enqu\u00eates auront des cons\u00e9quences retard\u00e9es importantes si vous travaillez en \u00e9troite collaboration avec des fournisseurs ALD-52 fiables. <a href=\"https:\/\/legitgrams.com\/fr\/\">LegitGrams<\/a><\/p>\n<p>O fornecedor tem sido um fabricante confi\u00e1vel de produtos qu\u00edmicos de avalia\u00e7\u00e3o por um longo tempo. Os clientes contribu\u00edram para a reputa\u00e7\u00e3o estelar do site em toda a rede reschems. Ald-52 para venda, compre ald-52, compre ald-52, compre ald-52 Fornecedores de RC respeit\u00e1veis \u200b\u200boferecem assist\u00eancia de chat ao vivo 24 horas por dia de executivos experientes que podem ajud\u00e1-lo em qualquer circunst\u00e2ncia dif\u00edcil.<\/p>\n<p>Les commentaires positifs de nos clients sur nos produits bien con\u00e7us et r\u00e9alisables peuvent \u00eatre trouv\u00e9s en ligne dans les chats. Ces consommateurs sont actuellement satisfaits des meilleures choses qu'ils ont jamais achet\u00e9es dans notre boutique en ligne, ainsi que de l'aide qu'ils ont re\u00e7ue.<\/p>\n<p>Compre ALD-52 Blotters Online: Compre ALD-52 Blotters | Compre ALD-52 Blotters | Compre ALD-52 Blotters | Onde comprar ALD-52 Blotters | ALD-52 Blotters para venda | Blotters para venda | Compre ALD-52 Blotters | Compre ALD-52 Blotters Online | Compre ALD-52 Blotters nos EUA, Canad\u00e1 e Reino Unido, Compras online, fornecedores, entrega segura, ALD-52 Blotters ainda est\u00e3o dispon\u00edveis. Como posso fazer um pedido de ALD-52 Blotters, eles s\u00e3o legais no Canad\u00e1 e \u00e9 legal compr\u00e1-los nos Estados Unidos?<\/p>","protected":false},"excerpt":{"rendered":"<p>100mcg of ALD-52 Blotters for Sale The combination of multiple research substances that are required to delay ALD-52 history and unique ALD-52 names makes ALD-52 a unique drug. Researchers buy ALD-52 online for use in the medicinal, recreational, and investigative fields. ALD-52 psychotropic attributions made it indisputable among lab staff and subject matter experts. In &hellip;<\/p>\n<p class=\"read-more\"> <a class=\"\" href=\"https:\/\/legitgrams.com\/fr\/produit\/ald-52-buvards-100mcg\/\"> <span class=\"screen-reader-text\">ALD-52 Blotters 100mcg<\/span> Lire la suite \"<\/a><\/p>","protected":false},"featured_media":5266,"comment_status":"open","ping_status":"closed","template":"","meta":{"_uag_custom_page_level_css":"","site-sidebar-layout":"default","site-content-layout":"default","ast-global-header-display":"","ast-main-header-display":"","ast-hfb-above-header-display":"","ast-hfb-below-header-display":"","ast-hfb-mobile-header-display":"","site-post-title":"","ast-breadcrumbs-content":"","ast-featured-img":"","footer-sml-layout":"","theme-transparent-header-meta":"default","adv-header-id-meta":"","stick-header-meta":"default","header-above-stick-meta":"","header-main-stick-meta":"","header-below-stick-meta":"","_joinchat":[]},"product_brand":[],"product_cat":[600],"product_tag":[2996,3000,2999,3007,2998,3008,3010,3017,3018,3016,3013,3015,3005,617,2997,3012,3009,3004,3002,3014,3011,625,3003,3006,3001],"class_list":{"0":"post-4003","1":"product","2":"type-product","3":"status-publish","4":"has-post-thumbnail","6":"product_cat-research-chemicals-and-bath-salt","7":"product_tag-ald-52-blotters-100mcg","8":"product_tag-ald-52-blotters-100mcg-ald-52-blotters-100mcg-supplier","9":"product_tag-ald-52-blotters-100mcg-for-sale","10":"product_tag-ald-52-blotters-100mcg-legally","11":"product_tag-ald-52-blotters-100mcg-online","12":"product_tag-ald-52-blotters-100mcg-price","13":"product_tag-ald-52-blotters-100mcg-store","14":"product_tag-ald-52-blotters-100mcg-use","15":"product_tag-ald-52-blotters-100mcg-wiki","16":"product_tag-ald-52-blotters-100mcg-worldwide","17":"product_tag-ald-52-blotters-100mcgs","18":"product_tag-best-cheap-price-ald-52-blotters-100mcg","19":"product_tag-best-place-to-buy-ald-52-blotters-100mcg","20":"product_tag-bulk-online","21":"product_tag-buy-ald-52-blotters-100mcg","22":"product_tag-cheap-ald-52-blotters-100mcg","23":"product_tag-high-quality-ald-52-blotters-100mcg","24":"product_tag-how-to-buy-ald-52-blotters-100mcg","25":"product_tag-order-ald-52-blotters-100mcg","26":"product_tag-purcharse-ald-52-blotters-100mcg","27":"product_tag-shop-ald-52-blotters-100mcg","28":"product_tag-top-quality","29":"product_tag-where-to-buy-ald-52-blotters-100mcg","30":"product_tag-where-to-order-ald-52-blotters-100mcg","31":"product_tag-wholesale-ald-52-blotters-100mcg","32":"desktop-align-left","33":"tablet-align-left","34":"mobile-align-left","35":"ast-product-gallery-layout-horizontal","36":"ast-product-gallery-with-no-image","37":"ast-product-single-variable","38":"ast-product-tabs-layout-horizontal","39":"ast-qv-on-image","41":"first","42":"instock","43":"shipping-taxable","44":"purchasable","45":"product-type-variable"},"yoast_head":"<!-- This site is optimized with the Yoast SEO plugin v25.9 - https:\/\/yoast.com\/wordpress\/plugins\/seo\/ -->\n<title>ALD-52 Blotters 100mcg for Sale - Buy ALD-52 Blotters Online<\/title>\n<meta name=\"description\" content=\"Here is the chance to grab ALD-52 Blotters 100mcg for sale at cheap price. Our online LegitGrams store is selling to buy ALD-52 Blotters 100mcg worldwide. Order ALD-52 Blotters 100mcg Online Today!\" \/>\n<meta name=\"robots\" content=\"index, follow, max-snippet:-1, max-image-preview:large, max-video-preview:-1\" \/>\n<link rel=\"canonical\" href=\"https:\/\/legitgrams.com\/fr\/produit\/ald-52-buvards-100mcg\/\" \/>\n<meta property=\"og:locale\" content=\"fr_FR\" \/>\n<meta property=\"og:type\" content=\"article\" \/>\n<meta property=\"og:title\" content=\"ALD-52 Blotters 100mcg for Sale - Buy ALD-52 Blotters Online\" \/>\n<meta property=\"og:description\" content=\"Here is the chance to grab ALD-52 Blotters 100mcg for sale at cheap price. Our online LegitGrams store is selling to buy ALD-52 Blotters 100mcg worldwide. Order ALD-52 Blotters 100mcg Online Today!\" \/>\n<meta property=\"og:url\" content=\"https:\/\/legitgrams.com\/fr\/produit\/ald-52-buvards-100mcg\/\" \/>\n<meta property=\"og:site_name\" content=\"Legit Grams\" \/>\n<meta property=\"article:modified_time\" content=\"2025-01-13T09:14:46+00:00\" \/>\n<meta property=\"og:image\" content=\"https:\/\/legitgrams.com\/wp-content\/uploads\/2024\/09\/ald-52-blotters.jpg\" \/>\n\t<meta property=\"og:image:width\" content=\"600\" \/>\n\t<meta property=\"og:image:height\" content=\"600\" \/>\n\t<meta property=\"og:image:type\" content=\"image\/jpeg\" \/>\n<meta name=\"twitter:card\" content=\"summary_large_image\" \/>\n<meta name=\"twitter:label1\" content=\"Dur\u00e9e de lecture est.\" \/>\n\t<meta name=\"twitter:data1\" content=\"2 minutes\" \/>\n<script type=\"application\/ld+json\" class=\"yoast-schema-graph\">{\"@context\":\"https:\/\/schema.org\",\"@graph\":[{\"@type\":\"WebPage\",\"@id\":\"https:\/\/legitgrams.com\/product\/ald-52-blotters-100mcg\/\",\"url\":\"https:\/\/legitgrams.com\/product\/ald-52-blotters-100mcg\/\",\"name\":\"ALD-52 Blotters 100mcg for Sale - Buy ALD-52 Blotters Online\",\"isPartOf\":{\"@id\":\"https:\/\/legitgrams.com\/#website\"},\"primaryImageOfPage\":{\"@id\":\"https:\/\/legitgrams.com\/product\/ald-52-blotters-100mcg\/#primaryimage\"},\"image\":{\"@id\":\"https:\/\/legitgrams.com\/product\/ald-52-blotters-100mcg\/#primaryimage\"},\"thumbnailUrl\":\"https:\/\/legitgrams.com\/wp-content\/uploads\/2024\/09\/ald-52-blotters.jpg\",\"datePublished\":\"2024-09-21T07:43:45+00:00\",\"dateModified\":\"2025-01-13T09:14:46+00:00\",\"description\":\"Here is the chance to grab ALD-52 Blotters 100mcg for sale at cheap price. Our online LegitGrams store is selling to buy ALD-52 Blotters 100mcg worldwide. Order ALD-52 Blotters 100mcg Online Today!\",\"breadcrumb\":{\"@id\":\"https:\/\/legitgrams.com\/product\/ald-52-blotters-100mcg\/#breadcrumb\"},\"inLanguage\":\"fr-BE\",\"potentialAction\":[{\"@type\":\"ReadAction\",\"target\":[\"https:\/\/legitgrams.com\/product\/ald-52-blotters-100mcg\/\"]}]},{\"@type\":\"ImageObject\",\"inLanguage\":\"fr-BE\",\"@id\":\"https:\/\/legitgrams.com\/product\/ald-52-blotters-100mcg\/#primaryimage\",\"url\":\"https:\/\/legitgrams.com\/wp-content\/uploads\/2024\/09\/ald-52-blotters.jpg\",\"contentUrl\":\"https:\/\/legitgrams.com\/wp-content\/uploads\/2024\/09\/ald-52-blotters.jpg\",\"width\":600,\"height\":600,\"caption\":\"ALD-52 Blotters 100mcg for Sale\"},{\"@type\":\"BreadcrumbList\",\"@id\":\"https:\/\/legitgrams.com\/product\/ald-52-blotters-100mcg\/#breadcrumb\",\"itemListElement\":[{\"@type\":\"ListItem\",\"position\":1,\"name\":\"Home\",\"item\":\"https:\/\/legitgrams.com\/\"},{\"@type\":\"ListItem\",\"position\":2,\"name\":\"Shop\",\"item\":\"https:\/\/legitgrams.com\/shop\/\"},{\"@type\":\"ListItem\",\"position\":3,\"name\":\"ALD-52 Blotters 100mcg\"}]},{\"@type\":\"WebSite\",\"@id\":\"https:\/\/legitgrams.com\/#website\",\"url\":\"https:\/\/legitgrams.com\/\",\"name\":\"Legit Grams\",\"description\":\"My WordPress Blog\",\"publisher\":{\"@id\":\"https:\/\/legitgrams.com\/#organization\"},\"potentialAction\":[{\"@type\":\"SearchAction\",\"target\":{\"@type\":\"EntryPoint\",\"urlTemplate\":\"https:\/\/legitgrams.com\/?s={search_term_string}\"},\"query-input\":{\"@type\":\"PropertyValueSpecification\",\"valueRequired\":true,\"valueName\":\"search_term_string\"}}],\"inLanguage\":\"fr-BE\"},{\"@type\":\"Organization\",\"@id\":\"https:\/\/legitgrams.com\/#organization\",\"name\":\"Legit Grams\",\"url\":\"https:\/\/legitgrams.com\/\",\"logo\":{\"@type\":\"ImageObject\",\"inLanguage\":\"fr-BE\",\"@id\":\"https:\/\/legitgrams.com\/#\/schema\/logo\/image\/\",\"url\":\"https:\/\/legitgrams.com\/wp-content\/uploads\/2024\/09\/main-logo.png\",\"contentUrl\":\"https:\/\/legitgrams.com\/wp-content\/uploads\/2024\/09\/main-logo.png\",\"width\":270,\"height\":75,\"caption\":\"Legit Grams\"},\"image\":{\"@id\":\"https:\/\/legitgrams.com\/#\/schema\/logo\/image\/\"}}]}<\/script>\n<!-- \/ Yoast SEO plugin. -->","yoast_head_json":{"title":"ALD-52 Blotters 100mcg \u00e0 vendre - Acheter ALD-52 Blotters en ligne","description":"Voici la chance d'obtenir ALD-52 Blotters 100mcg pour la vente \u00e0 un prix bon march\u00e9. Notre magasin en ligne LegitGrams vend pour acheter ALD-52 Blotters 100mcg dans le monde entier. Commandez ALD-52 Blotters 100mcg en ligne aujourd'hui !","robots":{"index":"index","follow":"follow","max-snippet":"max-snippet:-1","max-image-preview":"max-image-preview:large","max-video-preview":"max-video-preview:-1"},"canonical":"https:\/\/legitgrams.com\/fr\/produit\/ald-52-buvards-100mcg\/","og_locale":"fr_FR","og_type":"article","og_title":"ALD-52 Blotters 100mcg for Sale - Buy ALD-52 Blotters Online","og_description":"Here is the chance to grab ALD-52 Blotters 100mcg for sale at cheap price. Our online LegitGrams store is selling to buy ALD-52 Blotters 100mcg worldwide. Order ALD-52 Blotters 100mcg Online Today!","og_url":"https:\/\/legitgrams.com\/fr\/produit\/ald-52-buvards-100mcg\/","og_site_name":"Legit Grams","article_modified_time":"2025-01-13T09:14:46+00:00","og_image":[{"width":600,"height":600,"url":"https:\/\/legitgrams.com\/wp-content\/uploads\/2024\/09\/ald-52-blotters.jpg","type":"image\/jpeg"}],"twitter_card":"summary_large_image","twitter_misc":{"Dur\u00e9e de lecture est.":"2 minutes"},"schema":{"@context":"https:\/\/schema.org","@graph":[{"@type":"WebPage","@id":"https:\/\/legitgrams.com\/product\/ald-52-blotters-100mcg\/","url":"https:\/\/legitgrams.com\/product\/ald-52-blotters-100mcg\/","name":"ALD-52 Blotters 100mcg \u00e0 vendre - Acheter ALD-52 Blotters en ligne","isPartOf":{"@id":"https:\/\/legitgrams.com\/#website"},"primaryImageOfPage":{"@id":"https:\/\/legitgrams.com\/product\/ald-52-blotters-100mcg\/#primaryimage"},"image":{"@id":"https:\/\/legitgrams.com\/product\/ald-52-blotters-100mcg\/#primaryimage"},"thumbnailUrl":"https:\/\/legitgrams.com\/wp-content\/uploads\/2024\/09\/ald-52-blotters.jpg","datePublished":"2024-09-21T07:43:45+00:00","dateModified":"2025-01-13T09:14:46+00:00","description":"Voici la chance d'obtenir ALD-52 Blotters 100mcg pour la vente \u00e0 un prix bon march\u00e9. Notre magasin en ligne LegitGrams vend pour acheter ALD-52 Blotters 100mcg dans le monde entier. Commandez ALD-52 Blotters 100mcg en ligne aujourd'hui !","breadcrumb":{"@id":"https:\/\/legitgrams.com\/product\/ald-52-blotters-100mcg\/#breadcrumb"},"inLanguage":"fr-BE","potentialAction":[{"@type":"ReadAction","target":["https:\/\/legitgrams.com\/product\/ald-52-blotters-100mcg\/"]}]},{"@type":"ImageObject","inLanguage":"fr-BE","@id":"https:\/\/legitgrams.com\/product\/ald-52-blotters-100mcg\/#primaryimage","url":"https:\/\/legitgrams.com\/wp-content\/uploads\/2024\/09\/ald-52-blotters.jpg","contentUrl":"https:\/\/legitgrams.com\/wp-content\/uploads\/2024\/09\/ald-52-blotters.jpg","width":600,"height":600,"caption":"ALD-52 Blotters 100mcg for Sale"},{"@type":"BreadcrumbList","@id":"https:\/\/legitgrams.com\/product\/ald-52-blotters-100mcg\/#breadcrumb","itemListElement":[{"@type":"ListItem","position":1,"name":"Home","item":"https:\/\/legitgrams.com\/"},{"@type":"ListItem","position":2,"name":"Shop","item":"https:\/\/legitgrams.com\/shop\/"},{"@type":"ListItem","position":3,"name":"ALD-52 Blotters 100mcg"}]},{"@type":"WebSite","@id":"https:\/\/legitgrams.com\/#website","url":"https:\/\/legitgrams.com\/","name":"Les grammes l\u00e9gitimes","description":"Mon blog WordPress","publisher":{"@id":"https:\/\/legitgrams.com\/#organization"},"potentialAction":[{"@type":"SearchAction","target":{"@type":"EntryPoint","urlTemplate":"https:\/\/legitgrams.com\/?s={search_term_string}"},"query-input":{"@type":"PropertyValueSpecification","valueRequired":true,"valueName":"search_term_string"}}],"inLanguage":"fr-BE"},{"@type":"Organization","@id":"https:\/\/legitgrams.com\/#organization","name":"Les grammes l\u00e9gitimes","url":"https:\/\/legitgrams.com\/","logo":{"@type":"ImageObject","inLanguage":"fr-BE","@id":"https:\/\/legitgrams.com\/#\/schema\/logo\/image\/","url":"https:\/\/legitgrams.com\/wp-content\/uploads\/2024\/09\/main-logo.png","contentUrl":"https:\/\/legitgrams.com\/wp-content\/uploads\/2024\/09\/main-logo.png","width":270,"height":75,"caption":"Legit Grams"},"image":{"@id":"https:\/\/legitgrams.com\/#\/schema\/logo\/image\/"}}]}},"uagb_featured_image_src":{"full":["https:\/\/legitgrams.com\/wp-content\/uploads\/2024\/09\/ald-52-blotters.jpg",600,600,false],"thumbnail":["https:\/\/legitgrams.com\/wp-content\/uploads\/2024\/09\/ald-52-blotters-150x150.jpg",150,150,true],"medium":["https:\/\/legitgrams.com\/wp-content\/uploads\/2024\/09\/ald-52-blotters-300x300.jpg",300,300,true],"medium_large":["https:\/\/legitgrams.com\/wp-content\/uploads\/2024\/09\/ald-52-blotters.jpg",600,600,false],"large":["https:\/\/legitgrams.com\/wp-content\/uploads\/2024\/09\/ald-52-blotters.jpg",600,600,false],"1536x1536":["https:\/\/legitgrams.com\/wp-content\/uploads\/2024\/09\/ald-52-blotters.jpg",600,600,false],"2048x2048":["https:\/\/legitgrams.com\/wp-content\/uploads\/2024\/09\/ald-52-blotters.jpg",600,600,false],"trp-custom-language-flag":["https:\/\/legitgrams.com\/wp-content\/uploads\/2024\/09\/ald-52-blotters-12x12.jpg",12,12,true],"woocommerce_thumbnail":["https:\/\/legitgrams.com\/wp-content\/uploads\/2024\/09\/ald-52-blotters-300x300.jpg",300,300,true],"woocommerce_single":["https:\/\/legitgrams.com\/wp-content\/uploads\/2024\/09\/ald-52-blotters.jpg",600,600,false],"woocommerce_gallery_thumbnail":["https:\/\/legitgrams.com\/wp-content\/uploads\/2024\/09\/ald-52-blotters-100x100.jpg",100,100,true]},"uagb_author_info":{"display_name":"cokeblog18","author_link":"https:\/\/legitgrams.com\/fr\/author\/"},"uagb_comment_info":0,"uagb_excerpt":"100mcg of ALD-52 Blotters for Sale The combination of multiple research substances that are required to delay ALD-52 history and unique ALD-52 names makes ALD-52 a unique drug. Researchers buy ALD-52 online for use in the medicinal, recreational, and investigative fields. ALD-52 psychotropic attributions made it indisputable among lab staff and subject matter experts. In&hellip;","_links":{"self":[{"href":"https:\/\/legitgrams.com\/fr\/wp-json\/wp\/v2\/product\/4003","targetHints":{"allow":["GET"]}}],"collection":[{"href":"https:\/\/legitgrams.com\/fr\/wp-json\/wp\/v2\/product"}],"about":[{"href":"https:\/\/legitgrams.com\/fr\/wp-json\/wp\/v2\/types\/product"}],"replies":[{"embeddable":true,"href":"https:\/\/legitgrams.com\/fr\/wp-json\/wp\/v2\/comments?post=4003"}],"wp:featuredmedia":[{"embeddable":true,"href":"https:\/\/legitgrams.com\/fr\/wp-json\/wp\/v2\/media\/5266"}],"wp:attachment":[{"href":"https:\/\/legitgrams.com\/fr\/wp-json\/wp\/v2\/media?parent=4003"}],"wp:term":[{"taxonomy":"product_brand","embeddable":true,"href":"https:\/\/legitgrams.com\/fr\/wp-json\/wp\/v2\/product_brand?post=4003"},{"taxonomy":"product_cat","embeddable":true,"href":"https:\/\/legitgrams.com\/fr\/wp-json\/wp\/v2\/product_cat?post=4003"},{"taxonomy":"product_tag","embeddable":true,"href":"https:\/\/legitgrams.com\/fr\/wp-json\/wp\/v2\/product_tag?post=4003"}],"curies":[{"name":"wp","href":"https:\/\/api.w.org\/{rel}","templated":true}]}}