{"id":4005,"date":"2024-09-21T07:58:51","date_gmt":"2024-09-21T07:58:51","guid":{"rendered":"https:\/\/legitgrams.com\/?post_type=product&#038;p=4005"},"modified":"2025-04-04T07:07:15","modified_gmt":"2025-04-04T07:07:15","slug":"sirop-contre-la-toux-hi-tech","status":"publish","type":"product","link":"https:\/\/legitgrams.com\/fr\/produit\/sirop-contre-la-toux-hi-tech\/","title":{"rendered":"Achetez du sirop contre la toux Hi-Tech en ligne"},"content":{"rendered":"<h2>Achat de sirop contre la toux Hi-Tech en ligne<\/h2>\n<p>Obtenir <a href=\"https:\/\/legitgrams.com\/fr\/produit\/sirop-contre-la-toux-hi-tech\/\">sirop contre la toux de haute technologie<\/a> en ligne \u00e0 un prix tr\u00e8s abordable. Achetez \u00e9galement de la coca\u00efne pour la revendre. Le GHB fait partie des nombreuses drogues et stimulants que nous vendons.<\/p>\n<p>Vous aimez les saveurs gourmandes, mais vous les trouvez trop lentes \u00e0 se d\u00e9velopper\u00a0? Gr\u00e2ce \u00e0 leur saveur et leur puissance, <a href=\"https:\/\/www.bing.com\/search?q=AchetezdusiropcontrelatouxHi-Techenligne&amp;qs=n&amp;form=QBRE&amp;sp=-1&amp;lq=0&amp;pq=achetezdusiropcontrelatouxhi-techenligne&amp;sc=7-48&amp;sk=&amp;cvid=5B7C226152DA4CFBA16FED2A58FF2214&amp;ghsh=0&amp;ghacc=0&amp;ghpl=\">sirop de THC<\/a> pourrait devenir votre nouveau m\u00e9dicament pr\u00e9f\u00e9r\u00e9 pour le traitement de la douleur.<\/p>\n<p>Pour les personnes \u00e0 la recherche d\u2019un usage th\u00e9rapeutique et r\u00e9cr\u00e9atif, le sirop de cannabis est id\u00e9al. Il est efficace, puissant et utilis\u00e9 avec prudence. Il faut g\u00e9n\u00e9ralement 20 \u00e0 30 minutes pour qu\u2019il commence \u00e0 agir. Il vous suffit de prendre votre dose et de l\u2019inclure dans n\u2019importe quel repas ou boisson. En revanche, une quantit\u00e9 modeste est facile \u00e0 ing\u00e9rer. C\u2019est aussi simple que \u00e7a !<\/p>\n<h2><span style=\"font-size: 16px; font-style: normal; font-weight: 400;\">sirop contre la toux de haute technologie, sirop contre la toux de qualit\u00e9 sup\u00e9rieure, sirop contre la toux de qualit\u00e9 sup\u00e9rieure \u00e0 vendre, sirop contre la toux de qualit\u00e9 sup\u00e9rieure en ligne et sirop contre la toux de qualit\u00e9 sup\u00e9rieure \u00e0 bas prix. <a href=\"https:\/\/www.google.com\/search?q=Achetez+du+sirop+contre+la+toux+Hi-Tech+en+ligne&amp;sca_esv=eddefdb7b92e7545&amp;sxsrf=AHTn8zq-9QD4rNEcx382DgHfvP3YSQFE0Q1743751238013&amp;ei=RojvZ41Ei-_Q8Q-V_4cI&amp;ved=0ahUKEwiN__jI672MAxWLNzQIHZX_AQEQ4dUDCBA&amp;uact=5&amp;oq=Achetez+du+sirop+contre+la+toux+Hi-Tech+en+ligne&amp;gs_lp=Egxnd3Mtd2l6LXNlcnAiMEFjaGV0ZXogZHUgc2lyb3AgY29udHJlIGxhIHRvdXggSGktVGVjaCBlbiBsaWduZTIHECEYoAEYCjIHECEYoAEYCjIHECEYoAEYCjIHECEYoAEYCjIHECEYoAEYCkj-BlDhAljhAnABeAGQAQCYAbsDoAG7A6oBAzQtMbgBA8gBAPgBAvgBAZgCAqAC1APCAgoQABiwAxjWBBhHmAMAiAYBkAYIkgcFMS40LTGgB_oGsgcDNC0xuAfIAw&amp;sclient=gws-wiz-serp\">sirop de THC<\/a> Voici une suggestion pour profiter de tous les bienfaits de cette plante remarquable, destin\u00e9e aux personnes qui ne supportent pas l'id\u00e9e de fumer du cannabis ou qui sont trop malades pour l'envisager. La disponibilit\u00e9 du sirop de CBD serait appr\u00e9ci\u00e9e par les patients suivant une th\u00e9rapie prudente. Cependant, ce sujet fera l'objet d'un autre essai\u00a0! <a href=\"https:\/\/legitgrams.com\/fr\/\">LegitGrams<\/a><br \/>\n<\/span><\/h2>\n<h3>Directives compl\u00e8tes pour la production de sirop de THC<\/h3>\n<p>Si vous cherchez une recette simple de sirop de THC, ne cherchez plus\u00a0! Avec quelques ingr\u00e9dients et un \u00e9quipement minimal, il est tout \u00e0 fait possible de r\u00e9aliser un sirop coulant. <a href=\"https:\/\/duckduckgo.com\/?q=Achetez+du+sirop+contre+la+toux+Hi-Tech+en+ligne&amp;t=h_&amp;ia=web\">sirop de THC<\/a> \u00c0 la maison. Le THC est peut-\u00eatre la substance la plus simple \u00e0 fabriquer soi-m\u00eame, car il est peu probable qu'il soit extrait de mati\u00e8res v\u00e9g\u00e9tales par des produits synth\u00e9tiques potentiellement nocifs.<\/p>\n<p>Ce dont vous aurez besoin pour pr\u00e9parer votre propre sirop m\u00e9lang\u00e9 au THC est\u2026<\/p>\n<p>Aqua. Environ 200 ml de sirop suffisent. Vous pouvez g\u00e9n\u00e9ralement en pr\u00e9parer davantage plus tard car la formule est tr\u00e8s simple \u00e0 suivre.<\/p>\n<p>Bien. La dur\u00e9e de conservation de votre sirop de cannabis au r\u00e9frig\u00e9rateur d\u00e9pend de la quantit\u00e9 de sucre que vous utilisez. Vous pouvez conserver le sirop obtenu pendant environ trois mois si vous utilisez deux parts de sucre pour une part d'eau. Bien qu'il ne se conserve pas aussi longtemps, un sirop \u00e0 1:1 peut \u00e9galement \u00eatre pr\u00e9par\u00e9.<\/p>\n<p>Il devrait y avoir une sorte de produit THC d\u00e9carboxyl\u00e9 brut (floraison, garniture, shake, hasch, huile, break, cire), mais tout peut \u00eatre utilis\u00e9.<\/p>\n<h3>DOSAGE DU SIROP DE THC<\/h3>\n<p>Chaque personne a une quantit\u00e9 tr\u00e8s diff\u00e9rente de sirop de THC. Il est essentiel de faire preuve de prudence et d\u2019\u00e9quilibrer la force de tout produit contenant du THC avec sa puissance. Sirop contre la toux de haute technologie \u00e0 vendre, sirop de cannabis de haute technologie, sirop contre la toux de haute technologie \u00e0 bas prix et sirop contre la toux de haute technologie en ligne<\/p>\n<p>Les sirops m\u00e9lang\u00e9s au THC faits maison pr\u00e9sentent l\u2019inconv\u00e9nient qu\u2019il est souvent difficile de d\u00e9terminer leur concentration. Si cela vous inqui\u00e8te ou si vous ne voulez tout simplement pas parcourir nos meilleures options du march\u00e9 ci-dessous pour \u00e9viter le (petit) effort de pr\u00e9parer le v\u00f4tre.<\/p>\n<p>Acheter <a href=\"https:\/\/en.wikipedia.org\/wiki\/High_tech\">Hi-Tech<\/a> Sirop contre la toux en ligne : acheter du sirop contre la toux, acheter du sirop contre la toux Hi-Tech, acheter du sirop contre la toux en ligne, comment acheter du sirop contre la toux Hi-Tech, o\u00f9 l'acheter, comment l'acheter en ligne, comment l'acheter aux \u00c9tats-Unis, au Canada et au Royaume-Uni, comment l'acheter en ligne, o\u00f9 l'acheter, fournisseurs, livraison s\u00e9curis\u00e9e, le sirop contre la toux Hi-Tech est toujours disponible. Les \u00c9tats-Unis autorisent-ils l'achat de sirop contre la toux Hi-Tech ? Quelle est la proc\u00e9dure \u00e0 suivre pour commander du sirop contre la toux Hi-Tech ? Au Canada, est-ce l\u00e9gal ?<\/p>","protected":false},"excerpt":{"rendered":"<p>Purchase of Hi-Tech cough syrup Online Get high-tech cough syrup online for a very affordable price. also purchase cocaine to resell. GHB is among the many drugs and stimulants that we sell. Do you like palatables but think they&#8217;re too slow to get going? Because of its flavor and strength, THC syrup might become your &hellip;<\/p>\n<p class=\"read-more\"> <a class=\"\" href=\"https:\/\/legitgrams.com\/fr\/produit\/sirop-contre-la-toux-hi-tech\/\"> <span class=\"screen-reader-text\">Achetez du sirop contre la toux Hi-Tech en ligne<\/span> Lire la suite \"<\/a><\/p>","protected":false},"featured_media":5344,"comment_status":"open","ping_status":"closed","template":"","meta":{"_uag_custom_page_level_css":"","site-sidebar-layout":"default","site-content-layout":"default","ast-global-header-display":"","ast-main-header-display":"","ast-hfb-above-header-display":"","ast-hfb-below-header-display":"","ast-hfb-mobile-header-display":"","site-post-title":"","ast-breadcrumbs-content":"","ast-featured-img":"","footer-sml-layout":"","theme-transparent-header-meta":"default","adv-header-id-meta":"","stick-header-meta":"default","header-above-stick-meta":"","header-main-stick-meta":"","header-below-stick-meta":"","_joinchat":[]},"product_brand":[],"product_cat":[603],"product_tag":[2969,2959,617,2951,2966,2950,2953,2954,2961,2952,2962,2964,2971,2972,2970,2967,2963,2958,2956,2968,2965,625,2957,2960,2955],"class_list":{"0":"post-4005","1":"product","2":"type-product","3":"status-publish","4":"has-post-thumbnail","6":"product_cat-cough-syrup","7":"product_tag-best-cheap-price-hi-tech-cough-syrup","8":"product_tag-best-place-to-buy-hi-tech-cough-syrup","9":"product_tag-bulk-online","10":"product_tag-buy-hi-tech-cough-syrup","11":"product_tag-cheap-hi-tech-cough-syrup","12":"product_tag-hi-tech-cough-syrup","13":"product_tag-hi-tech-cough-syrup-for-sale","14":"product_tag-hi-tech-cough-syrup-hi-tech-cough-syrup-supplier","15":"product_tag-hi-tech-cough-syrup-legally","16":"product_tag-hi-tech-cough-syrup-online","17":"product_tag-hi-tech-cough-syrup-price","18":"product_tag-hi-tech-cough-syrup-store","19":"product_tag-hi-tech-cough-syrup-use","20":"product_tag-hi-tech-cough-syrup-wiki","21":"product_tag-hi-tech-cough-syrup-worldwide","22":"product_tag-hi-tech-cough-syrups","23":"product_tag-high-quality-hi-tech-cough-syrup","24":"product_tag-how-to-buy-hi-tech-cough-syrup","25":"product_tag-order-hi-tech-cough-syrup","26":"product_tag-purcharse-hi-tech-cough-syrup","27":"product_tag-shop-hi-tech-cough-syrup","28":"product_tag-top-quality","29":"product_tag-where-to-buy-hi-tech-cough-syrup","30":"product_tag-where-to-order-hi-tech-cough-syrup","31":"product_tag-wholesale-hi-tech-cough-syrup","32":"desktop-align-left","33":"tablet-align-left","34":"mobile-align-left","35":"ast-product-gallery-layout-horizontal","36":"ast-product-gallery-with-no-image","37":"ast-product-single-variable","38":"ast-product-tabs-layout-horizontal","39":"ast-qv-on-image","41":"first","42":"instock","43":"shipping-taxable","44":"purchasable","45":"product-type-variable"},"yoast_head":"<!-- This site is optimized with the Yoast SEO plugin v25.9 - https:\/\/yoast.com\/wordpress\/plugins\/seo\/ -->\n<title>Hi-Tech Cough Syrup for Sale - Buy Hi-Tech Cough Syrup Online<\/title>\n<meta name=\"description\" content=\"Buy Hi-Tech Cough Syruponline from our trusted online store for top-quality products. Get Hi-Tech Cough Syrup for sale easily and securely on our platform for ultimate customer satisfaction. Order Now!\" \/>\n<meta name=\"robots\" content=\"index, follow, max-snippet:-1, max-image-preview:large, max-video-preview:-1\" \/>\n<link rel=\"canonical\" href=\"https:\/\/legitgrams.com\/fr\/produit\/sirop-contre-la-toux-hi-tech\/\" \/>\n<meta property=\"og:locale\" content=\"fr_FR\" \/>\n<meta property=\"og:type\" content=\"article\" \/>\n<meta property=\"og:title\" content=\"Hi-Tech Cough Syrup for Sale - Buy Hi-Tech Cough Syrup Online\" \/>\n<meta property=\"og:description\" content=\"Buy Hi-Tech Cough Syruponline from our trusted online store for top-quality products. Get Hi-Tech Cough Syrup for sale easily and securely on our platform for ultimate customer satisfaction. Order Now!\" \/>\n<meta property=\"og:url\" content=\"https:\/\/legitgrams.com\/fr\/produit\/sirop-contre-la-toux-hi-tech\/\" \/>\n<meta property=\"og:site_name\" content=\"Legit Grams\" \/>\n<meta property=\"article:modified_time\" content=\"2025-04-04T07:07:15+00:00\" \/>\n<meta property=\"og:image\" content=\"https:\/\/legitgrams.com\/wp-content\/uploads\/2024\/09\/buy-hi-tech-cough-syrup-online.jpg\" \/>\n\t<meta property=\"og:image:width\" content=\"600\" \/>\n\t<meta property=\"og:image:height\" content=\"600\" \/>\n\t<meta property=\"og:image:type\" content=\"image\/jpeg\" \/>\n<meta name=\"twitter:card\" content=\"summary_large_image\" \/>\n<meta name=\"twitter:label1\" content=\"Dur\u00e9e de lecture est.\" \/>\n\t<meta name=\"twitter:data1\" content=\"3 minutes\" \/>\n<script type=\"application\/ld+json\" class=\"yoast-schema-graph\">{\"@context\":\"https:\/\/schema.org\",\"@graph\":[{\"@type\":\"WebPage\",\"@id\":\"https:\/\/legitgrams.com\/product\/hi-tech-cough-syrup\/\",\"url\":\"https:\/\/legitgrams.com\/product\/hi-tech-cough-syrup\/\",\"name\":\"Hi-Tech Cough Syrup for Sale - Buy Hi-Tech Cough Syrup Online\",\"isPartOf\":{\"@id\":\"https:\/\/legitgrams.com\/#website\"},\"primaryImageOfPage\":{\"@id\":\"https:\/\/legitgrams.com\/product\/hi-tech-cough-syrup\/#primaryimage\"},\"image\":{\"@id\":\"https:\/\/legitgrams.com\/product\/hi-tech-cough-syrup\/#primaryimage\"},\"thumbnailUrl\":\"https:\/\/legitgrams.com\/wp-content\/uploads\/2024\/09\/buy-hi-tech-cough-syrup-online.jpg\",\"datePublished\":\"2024-09-21T07:58:51+00:00\",\"dateModified\":\"2025-04-04T07:07:15+00:00\",\"description\":\"Buy Hi-Tech Cough Syruponline from our trusted online store for top-quality products. Get Hi-Tech Cough Syrup for sale easily and securely on our platform for ultimate customer satisfaction. Order Now!\",\"breadcrumb\":{\"@id\":\"https:\/\/legitgrams.com\/product\/hi-tech-cough-syrup\/#breadcrumb\"},\"inLanguage\":\"fr-BE\",\"potentialAction\":[{\"@type\":\"ReadAction\",\"target\":[\"https:\/\/legitgrams.com\/product\/hi-tech-cough-syrup\/\"]}]},{\"@type\":\"ImageObject\",\"inLanguage\":\"fr-BE\",\"@id\":\"https:\/\/legitgrams.com\/product\/hi-tech-cough-syrup\/#primaryimage\",\"url\":\"https:\/\/legitgrams.com\/wp-content\/uploads\/2024\/09\/buy-hi-tech-cough-syrup-online.jpg\",\"contentUrl\":\"https:\/\/legitgrams.com\/wp-content\/uploads\/2024\/09\/buy-hi-tech-cough-syrup-online.jpg\",\"width\":600,\"height\":600,\"caption\":\"Hi-Tech Cough Syrup for Sale\"},{\"@type\":\"BreadcrumbList\",\"@id\":\"https:\/\/legitgrams.com\/product\/hi-tech-cough-syrup\/#breadcrumb\",\"itemListElement\":[{\"@type\":\"ListItem\",\"position\":1,\"name\":\"Home\",\"item\":\"https:\/\/legitgrams.com\/\"},{\"@type\":\"ListItem\",\"position\":2,\"name\":\"Shop\",\"item\":\"https:\/\/legitgrams.com\/shop\/\"},{\"@type\":\"ListItem\",\"position\":3,\"name\":\"Buy Hi-Tech cough syrup Online\"}]},{\"@type\":\"WebSite\",\"@id\":\"https:\/\/legitgrams.com\/#website\",\"url\":\"https:\/\/legitgrams.com\/\",\"name\":\"Legit Grams\",\"description\":\"My WordPress Blog\",\"publisher\":{\"@id\":\"https:\/\/legitgrams.com\/#organization\"},\"potentialAction\":[{\"@type\":\"SearchAction\",\"target\":{\"@type\":\"EntryPoint\",\"urlTemplate\":\"https:\/\/legitgrams.com\/?s={search_term_string}\"},\"query-input\":{\"@type\":\"PropertyValueSpecification\",\"valueRequired\":true,\"valueName\":\"search_term_string\"}}],\"inLanguage\":\"fr-BE\"},{\"@type\":\"Organization\",\"@id\":\"https:\/\/legitgrams.com\/#organization\",\"name\":\"Legit Grams\",\"url\":\"https:\/\/legitgrams.com\/\",\"logo\":{\"@type\":\"ImageObject\",\"inLanguage\":\"fr-BE\",\"@id\":\"https:\/\/legitgrams.com\/#\/schema\/logo\/image\/\",\"url\":\"https:\/\/legitgrams.com\/wp-content\/uploads\/2024\/09\/main-logo.png\",\"contentUrl\":\"https:\/\/legitgrams.com\/wp-content\/uploads\/2024\/09\/main-logo.png\",\"width\":270,\"height\":75,\"caption\":\"Legit Grams\"},\"image\":{\"@id\":\"https:\/\/legitgrams.com\/#\/schema\/logo\/image\/\"}}]}<\/script>\n<!-- \/ Yoast SEO plugin. -->","yoast_head_json":{"title":"Sirop contre la toux Hi-Tech \u00e0 vendre - Achetez du sirop contre la toux Hi-Tech en ligne","description":"Achetez Hi-Tech sirop contre la toux en ligne dans notre magasin en ligne de confiance pour des produits de qualit\u00e9 sup\u00e9rieure. Obtenez Hi-Tech Cough Syrup en vente facilement et en toute s\u00e9curit\u00e9 sur notre plateforme pour une satisfaction client ultime. Commandez maintenant !","robots":{"index":"index","follow":"follow","max-snippet":"max-snippet:-1","max-image-preview":"max-image-preview:large","max-video-preview":"max-video-preview:-1"},"canonical":"https:\/\/legitgrams.com\/fr\/produit\/sirop-contre-la-toux-hi-tech\/","og_locale":"fr_FR","og_type":"article","og_title":"Hi-Tech Cough Syrup for Sale - Buy Hi-Tech Cough Syrup Online","og_description":"Buy Hi-Tech Cough Syruponline from our trusted online store for top-quality products. Get Hi-Tech Cough Syrup for sale easily and securely on our platform for ultimate customer satisfaction. Order Now!","og_url":"https:\/\/legitgrams.com\/fr\/produit\/sirop-contre-la-toux-hi-tech\/","og_site_name":"Legit Grams","article_modified_time":"2025-04-04T07:07:15+00:00","og_image":[{"width":600,"height":600,"url":"https:\/\/legitgrams.com\/wp-content\/uploads\/2024\/09\/buy-hi-tech-cough-syrup-online.jpg","type":"image\/jpeg"}],"twitter_card":"summary_large_image","twitter_misc":{"Dur\u00e9e de lecture est.":"3 minutes"},"schema":{"@context":"https:\/\/schema.org","@graph":[{"@type":"WebPage","@id":"https:\/\/legitgrams.com\/product\/hi-tech-cough-syrup\/","url":"https:\/\/legitgrams.com\/product\/hi-tech-cough-syrup\/","name":"Sirop contre la toux Hi-Tech \u00e0 vendre - Achetez du sirop contre la toux Hi-Tech en ligne","isPartOf":{"@id":"https:\/\/legitgrams.com\/#website"},"primaryImageOfPage":{"@id":"https:\/\/legitgrams.com\/product\/hi-tech-cough-syrup\/#primaryimage"},"image":{"@id":"https:\/\/legitgrams.com\/product\/hi-tech-cough-syrup\/#primaryimage"},"thumbnailUrl":"https:\/\/legitgrams.com\/wp-content\/uploads\/2024\/09\/buy-hi-tech-cough-syrup-online.jpg","datePublished":"2024-09-21T07:58:51+00:00","dateModified":"2025-04-04T07:07:15+00:00","description":"Achetez Hi-Tech sirop contre la toux en ligne dans notre magasin en ligne de confiance pour des produits de qualit\u00e9 sup\u00e9rieure. Obtenez Hi-Tech Cough Syrup en vente facilement et en toute s\u00e9curit\u00e9 sur notre plateforme pour une satisfaction client ultime. Commandez maintenant !","breadcrumb":{"@id":"https:\/\/legitgrams.com\/product\/hi-tech-cough-syrup\/#breadcrumb"},"inLanguage":"fr-BE","potentialAction":[{"@type":"ReadAction","target":["https:\/\/legitgrams.com\/product\/hi-tech-cough-syrup\/"]}]},{"@type":"ImageObject","inLanguage":"fr-BE","@id":"https:\/\/legitgrams.com\/product\/hi-tech-cough-syrup\/#primaryimage","url":"https:\/\/legitgrams.com\/wp-content\/uploads\/2024\/09\/buy-hi-tech-cough-syrup-online.jpg","contentUrl":"https:\/\/legitgrams.com\/wp-content\/uploads\/2024\/09\/buy-hi-tech-cough-syrup-online.jpg","width":600,"height":600,"caption":"Hi-Tech Cough Syrup for Sale"},{"@type":"BreadcrumbList","@id":"https:\/\/legitgrams.com\/product\/hi-tech-cough-syrup\/#breadcrumb","itemListElement":[{"@type":"ListItem","position":1,"name":"Home","item":"https:\/\/legitgrams.com\/"},{"@type":"ListItem","position":2,"name":"Shop","item":"https:\/\/legitgrams.com\/shop\/"},{"@type":"ListItem","position":3,"name":"Buy Hi-Tech cough syrup Online"}]},{"@type":"WebSite","@id":"https:\/\/legitgrams.com\/#website","url":"https:\/\/legitgrams.com\/","name":"Les grammes l\u00e9gitimes","description":"Mon blog WordPress","publisher":{"@id":"https:\/\/legitgrams.com\/#organization"},"potentialAction":[{"@type":"SearchAction","target":{"@type":"EntryPoint","urlTemplate":"https:\/\/legitgrams.com\/?s={search_term_string}"},"query-input":{"@type":"PropertyValueSpecification","valueRequired":true,"valueName":"search_term_string"}}],"inLanguage":"fr-BE"},{"@type":"Organization","@id":"https:\/\/legitgrams.com\/#organization","name":"Les grammes l\u00e9gitimes","url":"https:\/\/legitgrams.com\/","logo":{"@type":"ImageObject","inLanguage":"fr-BE","@id":"https:\/\/legitgrams.com\/#\/schema\/logo\/image\/","url":"https:\/\/legitgrams.com\/wp-content\/uploads\/2024\/09\/main-logo.png","contentUrl":"https:\/\/legitgrams.com\/wp-content\/uploads\/2024\/09\/main-logo.png","width":270,"height":75,"caption":"Legit Grams"},"image":{"@id":"https:\/\/legitgrams.com\/#\/schema\/logo\/image\/"}}]}},"uagb_featured_image_src":{"full":["https:\/\/legitgrams.com\/wp-content\/uploads\/2024\/09\/buy-hi-tech-cough-syrup-online.jpg",600,600,false],"thumbnail":["https:\/\/legitgrams.com\/wp-content\/uploads\/2024\/09\/buy-hi-tech-cough-syrup-online-150x150.jpg",150,150,true],"medium":["https:\/\/legitgrams.com\/wp-content\/uploads\/2024\/09\/buy-hi-tech-cough-syrup-online-300x300.jpg",300,300,true],"medium_large":["https:\/\/legitgrams.com\/wp-content\/uploads\/2024\/09\/buy-hi-tech-cough-syrup-online.jpg",600,600,false],"large":["https:\/\/legitgrams.com\/wp-content\/uploads\/2024\/09\/buy-hi-tech-cough-syrup-online.jpg",600,600,false],"1536x1536":["https:\/\/legitgrams.com\/wp-content\/uploads\/2024\/09\/buy-hi-tech-cough-syrup-online.jpg",600,600,false],"2048x2048":["https:\/\/legitgrams.com\/wp-content\/uploads\/2024\/09\/buy-hi-tech-cough-syrup-online.jpg",600,600,false],"trp-custom-language-flag":["https:\/\/legitgrams.com\/wp-content\/uploads\/2024\/09\/buy-hi-tech-cough-syrup-online-12x12.jpg",12,12,true],"woocommerce_thumbnail":["https:\/\/legitgrams.com\/wp-content\/uploads\/2024\/09\/buy-hi-tech-cough-syrup-online-300x300.jpg",300,300,true],"woocommerce_single":["https:\/\/legitgrams.com\/wp-content\/uploads\/2024\/09\/buy-hi-tech-cough-syrup-online.jpg",600,600,false],"woocommerce_gallery_thumbnail":["https:\/\/legitgrams.com\/wp-content\/uploads\/2024\/09\/buy-hi-tech-cough-syrup-online-100x100.jpg",100,100,true]},"uagb_author_info":{"display_name":"cokeblog18","author_link":"https:\/\/legitgrams.com\/fr\/author\/"},"uagb_comment_info":0,"uagb_excerpt":"Purchase of Hi-Tech cough syrup Online Get high-tech cough syrup online for a very affordable price. also purchase cocaine to resell. GHB is among the many drugs and stimulants that we sell. Do you like palatables but think they&#8217;re too slow to get going? Because of its flavor and strength, THC syrup might become your&hellip;","_links":{"self":[{"href":"https:\/\/legitgrams.com\/fr\/wp-json\/wp\/v2\/product\/4005","targetHints":{"allow":["GET"]}}],"collection":[{"href":"https:\/\/legitgrams.com\/fr\/wp-json\/wp\/v2\/product"}],"about":[{"href":"https:\/\/legitgrams.com\/fr\/wp-json\/wp\/v2\/types\/product"}],"replies":[{"embeddable":true,"href":"https:\/\/legitgrams.com\/fr\/wp-json\/wp\/v2\/comments?post=4005"}],"wp:featuredmedia":[{"embeddable":true,"href":"https:\/\/legitgrams.com\/fr\/wp-json\/wp\/v2\/media\/5344"}],"wp:attachment":[{"href":"https:\/\/legitgrams.com\/fr\/wp-json\/wp\/v2\/media?parent=4005"}],"wp:term":[{"taxonomy":"product_brand","embeddable":true,"href":"https:\/\/legitgrams.com\/fr\/wp-json\/wp\/v2\/product_brand?post=4005"},{"taxonomy":"product_cat","embeddable":true,"href":"https:\/\/legitgrams.com\/fr\/wp-json\/wp\/v2\/product_cat?post=4005"},{"taxonomy":"product_tag","embeddable":true,"href":"https:\/\/legitgrams.com\/fr\/wp-json\/wp\/v2\/product_tag?post=4005"}],"curies":[{"name":"wp","href":"https:\/\/api.w.org\/{rel}","templated":true}]}}