{"id":4007,"date":"2024-09-21T08:09:09","date_gmt":"2024-09-21T08:09:09","guid":{"rendered":"https:\/\/legitgrams.com\/?post_type=product&#038;p=4007"},"modified":"2025-01-14T10:39:12","modified_gmt":"2025-01-14T10:39:12","slug":"promethazine-dm-syrup-qualitest","status":"publish","type":"product","link":"https:\/\/legitgrams.com\/fr\/produit\/promethazine-dm-syrup-qualitest\/","title":{"rendered":"Promethazine DM Sirop Qualitest"},"content":{"rendered":"<h2>Obtenez du sirop de prom\u00e9thazine DM de haute qualit\u00e9 Qualitest en ligne<\/h2>\n<p>Acheter Qualitest Promethazine DM Syrup. Nous avons \u00e9galement du crystal meth. La majorit\u00e9 de nos produits chimiques de recherche ont \u00e9t\u00e9 soumis avec succ\u00e8s \u00e0 des proc\u00e9dures de contr\u00f4le de qualit\u00e9. <a href=\"https:\/\/legitgrams.com\/fr\/\">LegitGrams<\/a><\/p>\n<h3>Achat de prom\u00e9thazine et de sirop de cod\u00e9ine.<\/h3>\n<p>Qualit\u00e9 de la <a href=\"https:\/\/en.wikipedia.org\/wiki\/Promethazine\">Sirop de prom\u00e9thazine<\/a> DM<\/p>\n<p>Promethazine Online Cheap<\/p>\n<p>La quantit\u00e9 de prom\u00e9thazine ?<\/p>\n<p>Achat Codeine Promethazine From Canada<\/p>\n<p>La prom\u00e9thazine peut \u00eatre achet\u00e9e en ligne, command\u00e9e en ligne, achet\u00e9e \u00e0 bas prix, achet\u00e9e sans ordonnance, et <a href=\"https:\/\/legitgrams.com\/fr\/produit\/promethazine-dm-syrup-qualitest\/\">prom\u00e9thazine cod\u00e9ine<\/a> peuvent \u00eatre achet\u00e9s en ligne.<\/p>\n<p>&nbsp;<\/p>","protected":false},"excerpt":{"rendered":"<p>Get High-Quality Promethazine DM Syrup Qualitest Online Purchase Qualitest Promethazine DM Syrup. We have crystal meth as well. The majority of our research chemicals have successfully completed quality control procedures. LegitGrams Purchase promethazine together with codeine syrup. Quality of Promethazine Syrup DM Promethazine Online Cheap The amount of promethazine? Purchase Codeine Promethazine From Canada Promethazine &hellip;<\/p>\n<p class=\"read-more\"> <a class=\"\" href=\"https:\/\/legitgrams.com\/fr\/produit\/promethazine-dm-syrup-qualitest\/\"> <span class=\"screen-reader-text\">Promethazine DM Sirop Qualitest<\/span> Lire la suite \"<\/a><\/p>","protected":false},"featured_media":5346,"comment_status":"open","ping_status":"closed","template":"","meta":{"_uag_custom_page_level_css":"","site-sidebar-layout":"default","site-content-layout":"default","ast-global-header-display":"","ast-main-header-display":"","ast-hfb-above-header-display":"","ast-hfb-below-header-display":"","ast-hfb-mobile-header-display":"","site-post-title":"","ast-breadcrumbs-content":"","ast-featured-img":"","footer-sml-layout":"","theme-transparent-header-meta":"default","adv-header-id-meta":"","stick-header-meta":"default","header-above-stick-meta":"","header-main-stick-meta":"","header-below-stick-meta":"","_joinchat":[]},"product_brand":[],"product_cat":[603],"product_tag":[2923,2913,617,2905,2920,2917,2912,2910,2904,2907,2915,2906,2916,2908,2918,2925,2926,2924,2921,2922,2919,625,2911,2914,2909],"class_list":{"0":"post-4007","1":"product","2":"type-product","3":"status-publish","4":"has-post-thumbnail","6":"product_cat-cough-syrup","7":"product_tag-best-cheap-price-promethazine-dm-syrup-qualitest","8":"product_tag-best-place-to-buy-promethazine-dm-syrup-qualitest","9":"product_tag-bulk-online","10":"product_tag-buy-promethazine-dm-syrup-qualitest","11":"product_tag-cheap-promethazine-dm-syrup-qualitest","12":"product_tag-high-quality-promethazine-dm-syrup-qualitest","13":"product_tag-how-to-buy-promethazine-dm-syrup-qualitest","14":"product_tag-order-promethazine-dm-syrup-qualitest","15":"product_tag-promethazine-dm-syrup-qualitest","16":"product_tag-promethazine-dm-syrup-qualitest-for-sale","17":"product_tag-promethazine-dm-syrup-qualitest-legally","18":"product_tag-promethazine-dm-syrup-qualitest-online","19":"product_tag-promethazine-dm-syrup-qualitest-price","20":"product_tag-promethazine-dm-syrup-qualitest-promethazine-dm-syrup-qualitest-supplier","21":"product_tag-promethazine-dm-syrup-qualitest-store","22":"product_tag-promethazine-dm-syrup-qualitest-use","23":"product_tag-promethazine-dm-syrup-qualitest-wiki","24":"product_tag-promethazine-dm-syrup-qualitest-worldwide","25":"product_tag-promethazine-dm-syrup-qualitests","26":"product_tag-purcharse-promethazine-dm-syrup-qualitest","27":"product_tag-shop-promethazine-dm-syrup-qualitest","28":"product_tag-top-quality","29":"product_tag-where-to-buy-promethazine-dm-syrup-qualitest","30":"product_tag-where-to-order-promethazine-dm-syrup-qualitest","31":"product_tag-wholesale-promethazine-dm-syrup-qualitest","32":"desktop-align-left","33":"tablet-align-left","34":"mobile-align-left","35":"ast-product-gallery-layout-horizontal","36":"ast-product-gallery-with-no-image","37":"ast-product-single-variable","38":"ast-product-tabs-layout-horizontal","39":"ast-qv-on-image","41":"first","42":"instock","43":"shipping-taxable","44":"purchasable","45":"product-type-variable"},"yoast_head":"<!-- This site is optimized with the Yoast SEO plugin v25.9 - https:\/\/yoast.com\/wordpress\/plugins\/seo\/ -->\n<title>Promethazine DM Syrup Qualitest for Sale | LegitGrams<\/title>\n<meta name=\"description\" content=\"Looking to Buy Promethazine DM Syrup Qualitest Online? Discover a seamless platform at our online store where you can buy Promethazine DM Syrup Qualitest, ensuring top-grade quality for your research needs.\" \/>\n<meta name=\"robots\" content=\"index, follow, max-snippet:-1, max-image-preview:large, max-video-preview:-1\" \/>\n<link rel=\"canonical\" href=\"https:\/\/legitgrams.com\/fr\/produit\/promethazine-dm-syrup-qualitest\/\" \/>\n<meta property=\"og:locale\" content=\"fr_FR\" \/>\n<meta property=\"og:type\" content=\"article\" \/>\n<meta property=\"og:title\" content=\"Promethazine DM Syrup Qualitest for Sale | LegitGrams\" \/>\n<meta property=\"og:description\" content=\"Looking to Buy Promethazine DM Syrup Qualitest Online? Discover a seamless platform at our online store where you can buy Promethazine DM Syrup Qualitest, ensuring top-grade quality for your research needs.\" \/>\n<meta property=\"og:url\" content=\"https:\/\/legitgrams.com\/fr\/produit\/promethazine-dm-syrup-qualitest\/\" \/>\n<meta property=\"og:site_name\" content=\"Legit Grams\" \/>\n<meta property=\"article:modified_time\" content=\"2025-01-14T10:39:12+00:00\" \/>\n<meta property=\"og:image\" content=\"https:\/\/legitgrams.com\/wp-content\/uploads\/2024\/09\/buy-promethazine-dm-syrup-qualitest.jpg\" \/>\n\t<meta property=\"og:image:width\" content=\"600\" \/>\n\t<meta property=\"og:image:height\" content=\"600\" \/>\n\t<meta property=\"og:image:type\" content=\"image\/jpeg\" \/>\n<meta name=\"twitter:card\" content=\"summary_large_image\" \/>\n<meta name=\"twitter:label1\" content=\"Dur\u00e9e de lecture est.\" \/>\n\t<meta name=\"twitter:data1\" content=\"1 minute\" \/>\n<script type=\"application\/ld+json\" class=\"yoast-schema-graph\">{\"@context\":\"https:\/\/schema.org\",\"@graph\":[{\"@type\":\"WebPage\",\"@id\":\"https:\/\/legitgrams.com\/product\/promethazine-dm-syrup-qualitest\/\",\"url\":\"https:\/\/legitgrams.com\/product\/promethazine-dm-syrup-qualitest\/\",\"name\":\"Promethazine DM Syrup Qualitest for Sale | LegitGrams\",\"isPartOf\":{\"@id\":\"https:\/\/legitgrams.com\/#website\"},\"primaryImageOfPage\":{\"@id\":\"https:\/\/legitgrams.com\/product\/promethazine-dm-syrup-qualitest\/#primaryimage\"},\"image\":{\"@id\":\"https:\/\/legitgrams.com\/product\/promethazine-dm-syrup-qualitest\/#primaryimage\"},\"thumbnailUrl\":\"https:\/\/legitgrams.com\/wp-content\/uploads\/2024\/09\/buy-promethazine-dm-syrup-qualitest.jpg\",\"datePublished\":\"2024-09-21T08:09:09+00:00\",\"dateModified\":\"2025-01-14T10:39:12+00:00\",\"description\":\"Looking to Buy Promethazine DM Syrup Qualitest Online? Discover a seamless platform at our online store where you can buy Promethazine DM Syrup Qualitest, ensuring top-grade quality for your research needs.\",\"breadcrumb\":{\"@id\":\"https:\/\/legitgrams.com\/product\/promethazine-dm-syrup-qualitest\/#breadcrumb\"},\"inLanguage\":\"fr-BE\",\"potentialAction\":[{\"@type\":\"ReadAction\",\"target\":[\"https:\/\/legitgrams.com\/product\/promethazine-dm-syrup-qualitest\/\"]}]},{\"@type\":\"ImageObject\",\"inLanguage\":\"fr-BE\",\"@id\":\"https:\/\/legitgrams.com\/product\/promethazine-dm-syrup-qualitest\/#primaryimage\",\"url\":\"https:\/\/legitgrams.com\/wp-content\/uploads\/2024\/09\/buy-promethazine-dm-syrup-qualitest.jpg\",\"contentUrl\":\"https:\/\/legitgrams.com\/wp-content\/uploads\/2024\/09\/buy-promethazine-dm-syrup-qualitest.jpg\",\"width\":600,\"height\":600,\"caption\":\"Promethazine DM Syrup Qualitest for Sale\"},{\"@type\":\"BreadcrumbList\",\"@id\":\"https:\/\/legitgrams.com\/product\/promethazine-dm-syrup-qualitest\/#breadcrumb\",\"itemListElement\":[{\"@type\":\"ListItem\",\"position\":1,\"name\":\"Home\",\"item\":\"https:\/\/legitgrams.com\/\"},{\"@type\":\"ListItem\",\"position\":2,\"name\":\"Shop\",\"item\":\"https:\/\/legitgrams.com\/shop\/\"},{\"@type\":\"ListItem\",\"position\":3,\"name\":\"Promethazine DM Syrup Qualitest\"}]},{\"@type\":\"WebSite\",\"@id\":\"https:\/\/legitgrams.com\/#website\",\"url\":\"https:\/\/legitgrams.com\/\",\"name\":\"Legit Grams\",\"description\":\"My WordPress Blog\",\"publisher\":{\"@id\":\"https:\/\/legitgrams.com\/#organization\"},\"potentialAction\":[{\"@type\":\"SearchAction\",\"target\":{\"@type\":\"EntryPoint\",\"urlTemplate\":\"https:\/\/legitgrams.com\/?s={search_term_string}\"},\"query-input\":{\"@type\":\"PropertyValueSpecification\",\"valueRequired\":true,\"valueName\":\"search_term_string\"}}],\"inLanguage\":\"fr-BE\"},{\"@type\":\"Organization\",\"@id\":\"https:\/\/legitgrams.com\/#organization\",\"name\":\"Legit Grams\",\"url\":\"https:\/\/legitgrams.com\/\",\"logo\":{\"@type\":\"ImageObject\",\"inLanguage\":\"fr-BE\",\"@id\":\"https:\/\/legitgrams.com\/#\/schema\/logo\/image\/\",\"url\":\"https:\/\/legitgrams.com\/wp-content\/uploads\/2024\/09\/main-logo.png\",\"contentUrl\":\"https:\/\/legitgrams.com\/wp-content\/uploads\/2024\/09\/main-logo.png\",\"width\":270,\"height\":75,\"caption\":\"Legit Grams\"},\"image\":{\"@id\":\"https:\/\/legitgrams.com\/#\/schema\/logo\/image\/\"}}]}<\/script>\n<!-- \/ Yoast SEO plugin. -->","yoast_head_json":{"title":"Sirop de prom\u00e9thazine DM Qualitest \u00e0 vendre | LegitGrams","description":"Vous cherchez \u00e0 acheter Promethazine DM Syrup Qualitest en ligne ? D\u00e9couvrez une plateforme transparente dans notre magasin en ligne o\u00f9 vous pouvez acheter Promethazine DM Syrup Qualitest, garantissant une qualit\u00e9 sup\u00e9rieure pour vos besoins de recherche.","robots":{"index":"index","follow":"follow","max-snippet":"max-snippet:-1","max-image-preview":"max-image-preview:large","max-video-preview":"max-video-preview:-1"},"canonical":"https:\/\/legitgrams.com\/fr\/produit\/promethazine-dm-syrup-qualitest\/","og_locale":"fr_FR","og_type":"article","og_title":"Promethazine DM Syrup Qualitest for Sale | LegitGrams","og_description":"Looking to Buy Promethazine DM Syrup Qualitest Online? Discover a seamless platform at our online store where you can buy Promethazine DM Syrup Qualitest, ensuring top-grade quality for your research needs.","og_url":"https:\/\/legitgrams.com\/fr\/produit\/promethazine-dm-syrup-qualitest\/","og_site_name":"Legit Grams","article_modified_time":"2025-01-14T10:39:12+00:00","og_image":[{"width":600,"height":600,"url":"https:\/\/legitgrams.com\/wp-content\/uploads\/2024\/09\/buy-promethazine-dm-syrup-qualitest.jpg","type":"image\/jpeg"}],"twitter_card":"summary_large_image","twitter_misc":{"Dur\u00e9e de lecture est.":"1 minute"},"schema":{"@context":"https:\/\/schema.org","@graph":[{"@type":"WebPage","@id":"https:\/\/legitgrams.com\/product\/promethazine-dm-syrup-qualitest\/","url":"https:\/\/legitgrams.com\/product\/promethazine-dm-syrup-qualitest\/","name":"Sirop de prom\u00e9thazine DM Qualitest \u00e0 vendre | LegitGrams","isPartOf":{"@id":"https:\/\/legitgrams.com\/#website"},"primaryImageOfPage":{"@id":"https:\/\/legitgrams.com\/product\/promethazine-dm-syrup-qualitest\/#primaryimage"},"image":{"@id":"https:\/\/legitgrams.com\/product\/promethazine-dm-syrup-qualitest\/#primaryimage"},"thumbnailUrl":"https:\/\/legitgrams.com\/wp-content\/uploads\/2024\/09\/buy-promethazine-dm-syrup-qualitest.jpg","datePublished":"2024-09-21T08:09:09+00:00","dateModified":"2025-01-14T10:39:12+00:00","description":"Vous cherchez \u00e0 acheter Promethazine DM Syrup Qualitest en ligne ? D\u00e9couvrez une plateforme transparente dans notre magasin en ligne o\u00f9 vous pouvez acheter Promethazine DM Syrup Qualitest, garantissant une qualit\u00e9 sup\u00e9rieure pour vos besoins de recherche.","breadcrumb":{"@id":"https:\/\/legitgrams.com\/product\/promethazine-dm-syrup-qualitest\/#breadcrumb"},"inLanguage":"fr-BE","potentialAction":[{"@type":"ReadAction","target":["https:\/\/legitgrams.com\/product\/promethazine-dm-syrup-qualitest\/"]}]},{"@type":"ImageObject","inLanguage":"fr-BE","@id":"https:\/\/legitgrams.com\/product\/promethazine-dm-syrup-qualitest\/#primaryimage","url":"https:\/\/legitgrams.com\/wp-content\/uploads\/2024\/09\/buy-promethazine-dm-syrup-qualitest.jpg","contentUrl":"https:\/\/legitgrams.com\/wp-content\/uploads\/2024\/09\/buy-promethazine-dm-syrup-qualitest.jpg","width":600,"height":600,"caption":"Promethazine DM Syrup Qualitest for Sale"},{"@type":"BreadcrumbList","@id":"https:\/\/legitgrams.com\/product\/promethazine-dm-syrup-qualitest\/#breadcrumb","itemListElement":[{"@type":"ListItem","position":1,"name":"Home","item":"https:\/\/legitgrams.com\/"},{"@type":"ListItem","position":2,"name":"Shop","item":"https:\/\/legitgrams.com\/shop\/"},{"@type":"ListItem","position":3,"name":"Promethazine DM Syrup Qualitest"}]},{"@type":"WebSite","@id":"https:\/\/legitgrams.com\/#website","url":"https:\/\/legitgrams.com\/","name":"Les grammes l\u00e9gitimes","description":"Mon blog WordPress","publisher":{"@id":"https:\/\/legitgrams.com\/#organization"},"potentialAction":[{"@type":"SearchAction","target":{"@type":"EntryPoint","urlTemplate":"https:\/\/legitgrams.com\/?s={search_term_string}"},"query-input":{"@type":"PropertyValueSpecification","valueRequired":true,"valueName":"search_term_string"}}],"inLanguage":"fr-BE"},{"@type":"Organization","@id":"https:\/\/legitgrams.com\/#organization","name":"Les grammes l\u00e9gitimes","url":"https:\/\/legitgrams.com\/","logo":{"@type":"ImageObject","inLanguage":"fr-BE","@id":"https:\/\/legitgrams.com\/#\/schema\/logo\/image\/","url":"https:\/\/legitgrams.com\/wp-content\/uploads\/2024\/09\/main-logo.png","contentUrl":"https:\/\/legitgrams.com\/wp-content\/uploads\/2024\/09\/main-logo.png","width":270,"height":75,"caption":"Legit Grams"},"image":{"@id":"https:\/\/legitgrams.com\/#\/schema\/logo\/image\/"}}]}},"uagb_featured_image_src":{"full":["https:\/\/legitgrams.com\/wp-content\/uploads\/2024\/09\/buy-promethazine-dm-syrup-qualitest.jpg",600,600,false],"thumbnail":["https:\/\/legitgrams.com\/wp-content\/uploads\/2024\/09\/buy-promethazine-dm-syrup-qualitest-150x150.jpg",150,150,true],"medium":["https:\/\/legitgrams.com\/wp-content\/uploads\/2024\/09\/buy-promethazine-dm-syrup-qualitest-300x300.jpg",300,300,true],"medium_large":["https:\/\/legitgrams.com\/wp-content\/uploads\/2024\/09\/buy-promethazine-dm-syrup-qualitest.jpg",600,600,false],"large":["https:\/\/legitgrams.com\/wp-content\/uploads\/2024\/09\/buy-promethazine-dm-syrup-qualitest.jpg",600,600,false],"1536x1536":["https:\/\/legitgrams.com\/wp-content\/uploads\/2024\/09\/buy-promethazine-dm-syrup-qualitest.jpg",600,600,false],"2048x2048":["https:\/\/legitgrams.com\/wp-content\/uploads\/2024\/09\/buy-promethazine-dm-syrup-qualitest.jpg",600,600,false],"trp-custom-language-flag":["https:\/\/legitgrams.com\/wp-content\/uploads\/2024\/09\/buy-promethazine-dm-syrup-qualitest-12x12.jpg",12,12,true],"woocommerce_thumbnail":["https:\/\/legitgrams.com\/wp-content\/uploads\/2024\/09\/buy-promethazine-dm-syrup-qualitest-300x300.jpg",300,300,true],"woocommerce_single":["https:\/\/legitgrams.com\/wp-content\/uploads\/2024\/09\/buy-promethazine-dm-syrup-qualitest.jpg",600,600,false],"woocommerce_gallery_thumbnail":["https:\/\/legitgrams.com\/wp-content\/uploads\/2024\/09\/buy-promethazine-dm-syrup-qualitest-100x100.jpg",100,100,true]},"uagb_author_info":{"display_name":"cokeblog18","author_link":"https:\/\/legitgrams.com\/fr\/author\/"},"uagb_comment_info":0,"uagb_excerpt":"Get High-Quality Promethazine DM Syrup Qualitest Online Purchase Qualitest Promethazine DM Syrup. We have crystal meth as well. The majority of our research chemicals have successfully completed quality control procedures. LegitGrams Purchase promethazine together with codeine syrup. Quality of Promethazine Syrup DM Promethazine Online Cheap The amount of promethazine? Purchase Codeine Promethazine From Canada Promethazine&hellip;","_links":{"self":[{"href":"https:\/\/legitgrams.com\/fr\/wp-json\/wp\/v2\/product\/4007","targetHints":{"allow":["GET"]}}],"collection":[{"href":"https:\/\/legitgrams.com\/fr\/wp-json\/wp\/v2\/product"}],"about":[{"href":"https:\/\/legitgrams.com\/fr\/wp-json\/wp\/v2\/types\/product"}],"replies":[{"embeddable":true,"href":"https:\/\/legitgrams.com\/fr\/wp-json\/wp\/v2\/comments?post=4007"}],"wp:featuredmedia":[{"embeddable":true,"href":"https:\/\/legitgrams.com\/fr\/wp-json\/wp\/v2\/media\/5346"}],"wp:attachment":[{"href":"https:\/\/legitgrams.com\/fr\/wp-json\/wp\/v2\/media?parent=4007"}],"wp:term":[{"taxonomy":"product_brand","embeddable":true,"href":"https:\/\/legitgrams.com\/fr\/wp-json\/wp\/v2\/product_brand?post=4007"},{"taxonomy":"product_cat","embeddable":true,"href":"https:\/\/legitgrams.com\/fr\/wp-json\/wp\/v2\/product_cat?post=4007"},{"taxonomy":"product_tag","embeddable":true,"href":"https:\/\/legitgrams.com\/fr\/wp-json\/wp\/v2\/product_tag?post=4007"}],"curies":[{"name":"wp","href":"https:\/\/api.w.org\/{rel}","templated":true}]}}