{"id":4013,"date":"2024-09-21T08:38:10","date_gmt":"2024-09-21T08:38:10","guid":{"rendered":"https:\/\/legitgrams.com\/?post_type=product&#038;p=4013"},"modified":"2025-01-14T10:17:54","modified_gmt":"2025-01-14T10:17:54","slug":"haschisch-nederhash","status":"publish","type":"product","link":"https:\/\/legitgrams.com\/fr\/produit\/haschisch-nederhash\/","title":{"rendered":"Nederhash Hashish"},"content":{"rendered":"<h2>Achat en ligne de haschisch Nederhash<\/h2>\n<p>Qu'est-ce qu'un haschisch ? Les Pays-Bas sont le pays o\u00f9 sont cultiv\u00e9es les plantes de cannabis utilis\u00e9es pour fabriquer le haschisch. Il existe quelques petites avanc\u00e9es en ext\u00e9rieur et en serre, mais la majorit\u00e9 du d\u00e9veloppement des plantes se fait en int\u00e9rieur. Production : La mani\u00e8re de produire diff\u00e8re selon le fabricant. Comme au Maroc, le tamisage fournit la majorit\u00e9 du haschisch ; cependant, il existe \u00e9galement une petite quantit\u00e9 de haschisch nettoy\u00e9 \u00e0 la main g\u00e9n\u00e9r\u00e9 en utilisant la m\u00e9thode afghane, qui est clairement bien am\u00e9lior\u00e9e. Dans tous les cas, le haschisch ne contient qu'une tr\u00e8s petite partie du cannabis d'origine. Couleur : G\u00e9n\u00e9ralement un peu verte, bien que cela varie en fonction du fabricant et du type de cannabis utilis\u00e9. Odeur : Selon le type d'herbe, elle peut \u00eatre l\u00e9g\u00e8rement herbac\u00e9e ou de type skunk. Go\u00fbt : Similaire \u00e0 ce qui a d\u00e9j\u00e0 \u00e9t\u00e9 expliqu\u00e9. Consistance : Le haschisch hollandais n'est pas toujours press\u00e9 exactement. En g\u00e9n\u00e9ral, les museaux se fendent trop facilement, et c'est un probl\u00e8me de fabrication. Quoi qu'il en soit, ils ont tendance \u00e0 s'adapter rapidement et la consistance s'est r\u00e9cemment am\u00e9lior\u00e9e. Le haschisch frott\u00e9 \u00e0 la main, qui est beaucoup plus d\u00e9licat que l\u2019Afghani, n\u2019est \u00e9videmment pas mentionn\u00e9 dans ce qui pr\u00e9c\u00e8de. Habituellement, le haschisch est simplement constitu\u00e9 de t\u00eates de femelles press\u00e9es et \u00e9cras\u00e9es sous de gros poids, ce qui entra\u00eene une grave irr\u00e9gularit\u00e9 qui se r\u00e9duit presque enti\u00e8rement en poudre. Impact : Le type de high g\u00e9n\u00e9r\u00e9 varie en fonction de la vari\u00e9t\u00e9 de cannabis utilis\u00e9e, mais en g\u00e9n\u00e9ral, il est assez intellectuel et \u00e9nergisant. Intensit\u00e9 : Ce mat\u00e9riau est incroyablement puissant et fonctionne mieux que tout autre type de haschisch que l\u2019utilisateur typique pourrait \u00e9ventuellement utiliser. Il est m\u00eame plus performant que presque tous les Afghans d\u00e9cents et la plupart des N\u00e9palais (THC jusqu\u2019\u00e0 59 %). Disponibilit\u00e9 : Tr\u00e8s rare en dehors des Pays-Bas et des pays voisins. Je ne pense pas qu\u2019il y ait beaucoup de chances que ce produit atteigne un jour le march\u00e9 britannique. Autres choses : Dans tous les cas, le co\u00fbt est toujours \u00e9lev\u00e9 et il existe des variations de qualit\u00e9. Il n\u2019existe pas de cat\u00e9gorie d\u00e9finie pour le hachage hollandais. Sensi-Hash, l\u2019incroyable poudre, est essentiellement constitu\u00e9e de cristaux de THC emball\u00e9s \u00e9troitement les uns contre les autres.<\/p>\n<h3>Comment sont fabriqu\u00e9s les hachages ?<\/h3>\n<p>La plupart des vari\u00e9t\u00e9s de haschisch sont cr\u00e9\u00e9es en frottant des plantes s\u00e9ch\u00e9es contre un filet tr\u00e8s fin. Apr\u00e8s leur passage \u00e0 travers le tamis, les trichomes sont s\u00e9par\u00e9s de la mati\u00e8re v\u00e9g\u00e9tale. Apr\u00e8s avoir \u00e9t\u00e9 recueillies, les glandes r\u00e9sineuses sont comprim\u00e9es et chauff\u00e9es pour cr\u00e9er une masse coh\u00e9sive de <a href=\"https:\/\/en.wikipedia.org\/wiki\/Hashish\">haschisch<\/a>.<\/p>\n<h3>Herbe ou haschisch ?<\/h3>\n<p>Tout d'abord, examinons la similitude \u00e9vidente entre le haschisch et la marijuana : ils sont tous deux d\u00e9riv\u00e9s des m\u00eames plantes de cannabis. Comme vous le savez sans doute, l'herbe est le bourgeon de floraison de la plante de cannabis femelle. Les m\u00eames bourgeons sont utilis\u00e9s pour le haschisch, mais ils sont trait\u00e9s diff\u00e9remment. Lorsqu'une plante de cannabis est en pleine floraison, les bourgeons floraux sont r\u00e9colt\u00e9s et le cultivateur proc\u00e8de ensuite de l'une des deux mani\u00e8res suivantes. Dans le cas du haschisch, les fleurs sont suspendues pour s\u00e9cher. Le r\u00e9sultat final est la plante que nous connaissons tous ; une fois qu'elle a enti\u00e8rement s\u00e9ch\u00e9, toutes les graines, les germes et les feuilles suppl\u00e9mentaires sont enlev\u00e9s. Vous pouvez avoir une pr\u00e9f\u00e9rence pour le haschisch ou la marijuana, mais la seule fa\u00e7on de profiter pleinement du cannabis est de s'informer \u00e0 son sujet. Avant d'allumer votre cigarette, faites vos devoirs et, comme d'habitude, abonnez-vous pour plus de conseils !<\/p>\n<h3>Qu'est-ce que le haschisch ?<\/h3>\n<p>Qu'est-ce que le haschisch ? Le haschisch, commun\u00e9ment appel\u00e9 \"hash\", est une fleur de cannabis cr\u00e9\u00e9e par le traitement et la compression des trichomes de la plante de cannabis. Il est fum\u00e9, g\u00e9n\u00e9ralement au moyen d'une pipe, d'un bang, d'un vaporisateur ou d'un joint, mais il peut \u00e9galement \u00eatre aval\u00e9. Comment fabrique-t-on le haschisch ? Ces trichomes sont extraits des bourgeons, des feuilles et des tiges de la plante et chauff\u00e9s ou comprim\u00e9s pour produire le haschisch, qui est une substance puissante.<\/p>\n<h3>Comment le haschisch est-il fum\u00e9 dans un joint ?<\/h3>\n<p>Combinez-le avec du tabac et du cannabis dans un spliff. Si vous avez un bloc sec, il vous suffit de l'\u00e9craser ou de casser de petits cailloux et de les ajouter au joint lorsque vous roulez. Combinez-le avec de la marijuana ou utilisez-le avec du tabac. Si vous \u00eates un amateur d'aventure, vous voudrez sans aucun doute faire l'exp\u00e9rience de l'effet plus fort que la deuxi\u00e8me approche sugg\u00e8re. La meilleure fa\u00e7on de rouler un joint de haschisch est de briser le haschisch et de le combiner avec du cannabis. Comme c'est facile \u00e0 partager et que la saveur du haschich rehausse parfaitement le doobie, c'est en fait la meilleure fa\u00e7on de fumer du haschich. Est-il l\u00e9gal de fumer du haschisch ? L'ann\u00e9e 1989 a vu l'interdiction des ventes, mais les lois sont rarement impos\u00e9es et la marijuana est librement commercialis\u00e9e dans de nombreuses r\u00e9gions du pays. Barbade, Permis pour un usage pieux par des personnes autoris\u00e9es.<\/p>\n<h3>Effets du haschisch ?<\/h3>\n<p>La consommation de haschisch peut entra\u00eener divers effets secondaires \u00e0 court terme, tels que des troubles de la m\u00e9moire et de l'apprentissage, une alt\u00e9ration de la perception du temps, de l'espace et du toucher, des difficult\u00e9s \u00e0 penser clairement et \u00e0 r\u00e9soudre des probl\u00e8mes, une perte de coordination, une acc\u00e9l\u00e9ration du rythme cardiaque, de l'anxi\u00e9t\u00e9 et des crises de panique. Comme le haschisch et les autres concentr\u00e9s contiennent une grande quantit\u00e9 de THC, les effets peuvent \u00eatre encore plus puissants. <a href=\"https:\/\/legitgrams.com\/fr\/\">LegitGrams<\/a><\/p>\n<p>Le bubble hash est un produit concentr\u00e9 de cannabis fabriqu\u00e9 \u00e0 partir de millions de trichomes, ou glandes collantes, qui sont retir\u00e9s de la plante par agitation, tamisage et cong\u00e9lation de l'eau. Le bubble hash doit son nom au fait qu'il bouillonne au contact des flammes. Pour le pr\u00e9parer \u00e0 la maison, les sacs sont \u00e9galement appel\u00e9s \"bubble bags\".<\/p>\n<p>La vari\u00e9t\u00e9 classique de Sensi Seeds, la Hash Plant, conserve sa taille compacte pendant sa p\u00e9riode de floraison exceptionnellement br\u00e8ve. Une s\u00e9lection g\u00e9n\u00e9tique minutieuse a produit cette 90% India, qui correspond \u00e0 l'\u00e9nigmatique Northern Lights Hash Plant originale des \u00c9tats-Unis.<\/p>\n<p>Achat <a href=\"https:\/\/legitgrams.com\/fr\/produit\/haschisch-nederhash\/\">Nederhash Hashish<\/a> En ligne - Achat de haschisch, achat de haschisch, achat de haschisch en ligne, o\u00f9 acheter du haschisch, o\u00f9 acheter du haschisch en ligne, o\u00f9 acheter du haschisch en ligne, acheter du haschisch en ligne, fournisseurs, livraison s\u00e9curis\u00e9e, \u00c9tats-Unis, Canada, Royaume-Uni, Le haschisch Nederhash est toujours disponible ; il est l\u00e9gal aux \u00c9tats-Unis ; vous pouvez l'obtenir en ligne ; vous pouvez acqu\u00e9rir du haschisch Nederhash ; et il est l\u00e9gal au Canada.<\/p>","protected":false},"excerpt":{"rendered":"<p>Nederhash Hashish Online Purchase What is a hash? The Netherlands is where the cannabis plants used to make the hash are cultivated. There are a few tiny outdoor and greenhouse advancements, but the majority of plant development takes place indoors. Generation: The manner of assembling differs depending on the manufacturer. Similar to Morocco, screening provides &hellip;<\/p>\n<p class=\"read-more\"> <a class=\"\" href=\"https:\/\/legitgrams.com\/fr\/produit\/haschisch-nederhash\/\"> <span class=\"screen-reader-text\">Nederhash Hashish<\/span> Lire la suite \"<\/a><\/p>","protected":false},"featured_media":5384,"comment_status":"open","ping_status":"closed","template":"","meta":{"_uag_custom_page_level_css":"","site-sidebar-layout":"default","site-content-layout":"default","ast-global-header-display":"","ast-main-header-display":"","ast-hfb-above-header-display":"","ast-hfb-below-header-display":"","ast-hfb-mobile-header-display":"","site-post-title":"","ast-breadcrumbs-content":"","ast-featured-img":"","footer-sml-layout":"","theme-transparent-header-meta":"default","adv-header-id-meta":"","stick-header-meta":"default","header-above-stick-meta":"","header-main-stick-meta":"","header-below-stick-meta":"","_joinchat":[]},"product_brand":[],"product_cat":[605],"product_tag":[2785,2775,617,2767,2782,2779,2774,2766,2769,2777,2770,2768,2778,2780,2787,2788,2786,2783,2772,2784,2781,625,2773,2776,2771],"class_list":{"0":"post-4013","1":"product","2":"type-product","3":"status-publish","4":"has-post-thumbnail","6":"product_cat-hash-hashish","7":"product_tag-best-cheap-price-nederhash-hashish","8":"product_tag-best-place-to-buy-nederhash-hashish","9":"product_tag-bulk-online","10":"product_tag-buy-nederhash-hashish","11":"product_tag-cheap-nederhash-hashish","12":"product_tag-high-quality-nederhash-hashish","13":"product_tag-how-to-buy-nederhash-hashish","14":"product_tag-nederhash-hashish","15":"product_tag-nederhash-hashish-for-sale","16":"product_tag-nederhash-hashish-legally","17":"product_tag-nederhash-hashish-nederhash-hashish-supplier","18":"product_tag-nederhash-hashish-online","19":"product_tag-nederhash-hashish-price","20":"product_tag-nederhash-hashish-store","21":"product_tag-nederhash-hashish-use","22":"product_tag-nederhash-hashish-wiki","23":"product_tag-nederhash-hashish-worldwide","24":"product_tag-nederhash-hashishs","25":"product_tag-order-nederhash-hashish","26":"product_tag-purcharse-nederhash-hashish","27":"product_tag-shop-nederhash-hashish","28":"product_tag-top-quality","29":"product_tag-where-to-buy-nederhash-hashish","30":"product_tag-where-to-order-nederhash-hashish","31":"product_tag-wholesale-nederhash-hashish","32":"desktop-align-left","33":"tablet-align-left","34":"mobile-align-left","35":"ast-product-gallery-layout-horizontal","36":"ast-product-gallery-with-no-image","37":"ast-product-single-variable","38":"ast-product-tabs-layout-horizontal","39":"ast-qv-on-image","41":"first","42":"instock","43":"shipping-taxable","44":"purchasable","45":"product-type-variable"},"yoast_head":"<!-- This site is optimized with the Yoast SEO plugin v25.9 - https:\/\/yoast.com\/wordpress\/plugins\/seo\/ -->\n<title>Nederhash Hashish for Sale - Buy Nederhash Hashish Online<\/title>\n<meta name=\"description\" content=\"Discover top-notch Nederhash Hashish for sale at our online store - buy Nederhash Hashish conveniently and securely to fuel your research. Explore and buy Nederhash Hashish online, advancing your scientific endeavors with ease. Order Now!\" \/>\n<meta name=\"robots\" content=\"index, follow, max-snippet:-1, max-image-preview:large, max-video-preview:-1\" \/>\n<link rel=\"canonical\" href=\"https:\/\/legitgrams.com\/fr\/produit\/haschisch-nederhash\/\" \/>\n<meta property=\"og:locale\" content=\"fr_FR\" \/>\n<meta property=\"og:type\" content=\"article\" \/>\n<meta property=\"og:title\" content=\"Nederhash Hashish for Sale - Buy Nederhash Hashish Online\" \/>\n<meta property=\"og:description\" content=\"Discover top-notch Nederhash Hashish for sale at our online store - buy Nederhash Hashish conveniently and securely to fuel your research. Explore and buy Nederhash Hashish online, advancing your scientific endeavors with ease. Order Now!\" \/>\n<meta property=\"og:url\" content=\"https:\/\/legitgrams.com\/fr\/produit\/haschisch-nederhash\/\" \/>\n<meta property=\"og:site_name\" content=\"Legit Grams\" \/>\n<meta property=\"article:modified_time\" content=\"2025-01-14T10:17:54+00:00\" \/>\n<meta property=\"og:image\" content=\"https:\/\/legitgrams.com\/wp-content\/uploads\/2024\/09\/Buy-Nederhash-Hashish-Online.jpg\" \/>\n\t<meta property=\"og:image:width\" content=\"600\" \/>\n\t<meta property=\"og:image:height\" content=\"600\" \/>\n\t<meta property=\"og:image:type\" content=\"image\/jpeg\" \/>\n<meta name=\"twitter:card\" content=\"summary_large_image\" \/>\n<meta name=\"twitter:label1\" content=\"Dur\u00e9e de lecture est.\" \/>\n\t<meta name=\"twitter:data1\" content=\"5 minutes\" \/>\n<script type=\"application\/ld+json\" class=\"yoast-schema-graph\">{\"@context\":\"https:\/\/schema.org\",\"@graph\":[{\"@type\":\"WebPage\",\"@id\":\"https:\/\/legitgrams.com\/product\/nederhash-hashish\/\",\"url\":\"https:\/\/legitgrams.com\/product\/nederhash-hashish\/\",\"name\":\"Nederhash Hashish for Sale - Buy Nederhash Hashish Online\",\"isPartOf\":{\"@id\":\"https:\/\/legitgrams.com\/#website\"},\"primaryImageOfPage\":{\"@id\":\"https:\/\/legitgrams.com\/product\/nederhash-hashish\/#primaryimage\"},\"image\":{\"@id\":\"https:\/\/legitgrams.com\/product\/nederhash-hashish\/#primaryimage\"},\"thumbnailUrl\":\"https:\/\/legitgrams.com\/wp-content\/uploads\/2024\/09\/Buy-Nederhash-Hashish-Online.jpg\",\"datePublished\":\"2024-09-21T08:38:10+00:00\",\"dateModified\":\"2025-01-14T10:17:54+00:00\",\"description\":\"Discover top-notch Nederhash Hashish for sale at our online store - buy Nederhash Hashish conveniently and securely to fuel your research. Explore and buy Nederhash Hashish online, advancing your scientific endeavors with ease. Order Now!\",\"breadcrumb\":{\"@id\":\"https:\/\/legitgrams.com\/product\/nederhash-hashish\/#breadcrumb\"},\"inLanguage\":\"fr-BE\",\"potentialAction\":[{\"@type\":\"ReadAction\",\"target\":[\"https:\/\/legitgrams.com\/product\/nederhash-hashish\/\"]}]},{\"@type\":\"ImageObject\",\"inLanguage\":\"fr-BE\",\"@id\":\"https:\/\/legitgrams.com\/product\/nederhash-hashish\/#primaryimage\",\"url\":\"https:\/\/legitgrams.com\/wp-content\/uploads\/2024\/09\/Buy-Nederhash-Hashish-Online.jpg\",\"contentUrl\":\"https:\/\/legitgrams.com\/wp-content\/uploads\/2024\/09\/Buy-Nederhash-Hashish-Online.jpg\",\"width\":600,\"height\":600,\"caption\":\"Nederhash Hashish for Sale\"},{\"@type\":\"BreadcrumbList\",\"@id\":\"https:\/\/legitgrams.com\/product\/nederhash-hashish\/#breadcrumb\",\"itemListElement\":[{\"@type\":\"ListItem\",\"position\":1,\"name\":\"Home\",\"item\":\"https:\/\/legitgrams.com\/\"},{\"@type\":\"ListItem\",\"position\":2,\"name\":\"Shop\",\"item\":\"https:\/\/legitgrams.com\/shop\/\"},{\"@type\":\"ListItem\",\"position\":3,\"name\":\"Nederhash Hashish\"}]},{\"@type\":\"WebSite\",\"@id\":\"https:\/\/legitgrams.com\/#website\",\"url\":\"https:\/\/legitgrams.com\/\",\"name\":\"Legit Grams\",\"description\":\"My WordPress Blog\",\"publisher\":{\"@id\":\"https:\/\/legitgrams.com\/#organization\"},\"potentialAction\":[{\"@type\":\"SearchAction\",\"target\":{\"@type\":\"EntryPoint\",\"urlTemplate\":\"https:\/\/legitgrams.com\/?s={search_term_string}\"},\"query-input\":{\"@type\":\"PropertyValueSpecification\",\"valueRequired\":true,\"valueName\":\"search_term_string\"}}],\"inLanguage\":\"fr-BE\"},{\"@type\":\"Organization\",\"@id\":\"https:\/\/legitgrams.com\/#organization\",\"name\":\"Legit Grams\",\"url\":\"https:\/\/legitgrams.com\/\",\"logo\":{\"@type\":\"ImageObject\",\"inLanguage\":\"fr-BE\",\"@id\":\"https:\/\/legitgrams.com\/#\/schema\/logo\/image\/\",\"url\":\"https:\/\/legitgrams.com\/wp-content\/uploads\/2024\/09\/main-logo.png\",\"contentUrl\":\"https:\/\/legitgrams.com\/wp-content\/uploads\/2024\/09\/main-logo.png\",\"width\":270,\"height\":75,\"caption\":\"Legit Grams\"},\"image\":{\"@id\":\"https:\/\/legitgrams.com\/#\/schema\/logo\/image\/\"}}]}<\/script>\n<!-- \/ Yoast SEO plugin. -->","yoast_head_json":{"title":"Vente de haschisch Nederhash - Achetez du haschisch Nederhash en ligne","description":"D\u00e9couvrez le meilleur Nederhash Hashish en vente dans notre magasin en ligne - achetez Nederhash Hashish de mani\u00e8re pratique et s\u00e9curis\u00e9e pour alimenter votre recherche. Explorez et achetez du Nederhash Hashish en ligne, pour faire avancer vos travaux scientifiques en toute simplicit\u00e9. Commandez maintenant !","robots":{"index":"index","follow":"follow","max-snippet":"max-snippet:-1","max-image-preview":"max-image-preview:large","max-video-preview":"max-video-preview:-1"},"canonical":"https:\/\/legitgrams.com\/fr\/produit\/haschisch-nederhash\/","og_locale":"fr_FR","og_type":"article","og_title":"Nederhash Hashish for Sale - Buy Nederhash Hashish Online","og_description":"Discover top-notch Nederhash Hashish for sale at our online store - buy Nederhash Hashish conveniently and securely to fuel your research. Explore and buy Nederhash Hashish online, advancing your scientific endeavors with ease. Order Now!","og_url":"https:\/\/legitgrams.com\/fr\/produit\/haschisch-nederhash\/","og_site_name":"Legit Grams","article_modified_time":"2025-01-14T10:17:54+00:00","og_image":[{"width":600,"height":600,"url":"https:\/\/legitgrams.com\/wp-content\/uploads\/2024\/09\/Buy-Nederhash-Hashish-Online.jpg","type":"image\/jpeg"}],"twitter_card":"summary_large_image","twitter_misc":{"Dur\u00e9e de lecture est.":"5 minutes"},"schema":{"@context":"https:\/\/schema.org","@graph":[{"@type":"WebPage","@id":"https:\/\/legitgrams.com\/product\/nederhash-hashish\/","url":"https:\/\/legitgrams.com\/product\/nederhash-hashish\/","name":"Vente de haschisch Nederhash - Achetez du haschisch Nederhash en ligne","isPartOf":{"@id":"https:\/\/legitgrams.com\/#website"},"primaryImageOfPage":{"@id":"https:\/\/legitgrams.com\/product\/nederhash-hashish\/#primaryimage"},"image":{"@id":"https:\/\/legitgrams.com\/product\/nederhash-hashish\/#primaryimage"},"thumbnailUrl":"https:\/\/legitgrams.com\/wp-content\/uploads\/2024\/09\/Buy-Nederhash-Hashish-Online.jpg","datePublished":"2024-09-21T08:38:10+00:00","dateModified":"2025-01-14T10:17:54+00:00","description":"D\u00e9couvrez le meilleur Nederhash Hashish en vente dans notre magasin en ligne - achetez Nederhash Hashish de mani\u00e8re pratique et s\u00e9curis\u00e9e pour alimenter votre recherche. Explorez et achetez du Nederhash Hashish en ligne, pour faire avancer vos travaux scientifiques en toute simplicit\u00e9. Commandez maintenant !","breadcrumb":{"@id":"https:\/\/legitgrams.com\/product\/nederhash-hashish\/#breadcrumb"},"inLanguage":"fr-BE","potentialAction":[{"@type":"ReadAction","target":["https:\/\/legitgrams.com\/product\/nederhash-hashish\/"]}]},{"@type":"ImageObject","inLanguage":"fr-BE","@id":"https:\/\/legitgrams.com\/product\/nederhash-hashish\/#primaryimage","url":"https:\/\/legitgrams.com\/wp-content\/uploads\/2024\/09\/Buy-Nederhash-Hashish-Online.jpg","contentUrl":"https:\/\/legitgrams.com\/wp-content\/uploads\/2024\/09\/Buy-Nederhash-Hashish-Online.jpg","width":600,"height":600,"caption":"Nederhash Hashish for Sale"},{"@type":"BreadcrumbList","@id":"https:\/\/legitgrams.com\/product\/nederhash-hashish\/#breadcrumb","itemListElement":[{"@type":"ListItem","position":1,"name":"Home","item":"https:\/\/legitgrams.com\/"},{"@type":"ListItem","position":2,"name":"Shop","item":"https:\/\/legitgrams.com\/shop\/"},{"@type":"ListItem","position":3,"name":"Nederhash Hashish"}]},{"@type":"WebSite","@id":"https:\/\/legitgrams.com\/#website","url":"https:\/\/legitgrams.com\/","name":"Les grammes l\u00e9gitimes","description":"Mon blog WordPress","publisher":{"@id":"https:\/\/legitgrams.com\/#organization"},"potentialAction":[{"@type":"SearchAction","target":{"@type":"EntryPoint","urlTemplate":"https:\/\/legitgrams.com\/?s={search_term_string}"},"query-input":{"@type":"PropertyValueSpecification","valueRequired":true,"valueName":"search_term_string"}}],"inLanguage":"fr-BE"},{"@type":"Organization","@id":"https:\/\/legitgrams.com\/#organization","name":"Les grammes l\u00e9gitimes","url":"https:\/\/legitgrams.com\/","logo":{"@type":"ImageObject","inLanguage":"fr-BE","@id":"https:\/\/legitgrams.com\/#\/schema\/logo\/image\/","url":"https:\/\/legitgrams.com\/wp-content\/uploads\/2024\/09\/main-logo.png","contentUrl":"https:\/\/legitgrams.com\/wp-content\/uploads\/2024\/09\/main-logo.png","width":270,"height":75,"caption":"Legit Grams"},"image":{"@id":"https:\/\/legitgrams.com\/#\/schema\/logo\/image\/"}}]}},"uagb_featured_image_src":{"full":["https:\/\/legitgrams.com\/wp-content\/uploads\/2024\/09\/Buy-Nederhash-Hashish-Online.jpg",600,600,false],"thumbnail":["https:\/\/legitgrams.com\/wp-content\/uploads\/2024\/09\/Buy-Nederhash-Hashish-Online-150x150.jpg",150,150,true],"medium":["https:\/\/legitgrams.com\/wp-content\/uploads\/2024\/09\/Buy-Nederhash-Hashish-Online-300x300.jpg",300,300,true],"medium_large":["https:\/\/legitgrams.com\/wp-content\/uploads\/2024\/09\/Buy-Nederhash-Hashish-Online.jpg",600,600,false],"large":["https:\/\/legitgrams.com\/wp-content\/uploads\/2024\/09\/Buy-Nederhash-Hashish-Online.jpg",600,600,false],"1536x1536":["https:\/\/legitgrams.com\/wp-content\/uploads\/2024\/09\/Buy-Nederhash-Hashish-Online.jpg",600,600,false],"2048x2048":["https:\/\/legitgrams.com\/wp-content\/uploads\/2024\/09\/Buy-Nederhash-Hashish-Online.jpg",600,600,false],"trp-custom-language-flag":["https:\/\/legitgrams.com\/wp-content\/uploads\/2024\/09\/Buy-Nederhash-Hashish-Online-12x12.jpg",12,12,true],"woocommerce_thumbnail":["https:\/\/legitgrams.com\/wp-content\/uploads\/2024\/09\/Buy-Nederhash-Hashish-Online-300x300.jpg",300,300,true],"woocommerce_single":["https:\/\/legitgrams.com\/wp-content\/uploads\/2024\/09\/Buy-Nederhash-Hashish-Online.jpg",600,600,false],"woocommerce_gallery_thumbnail":["https:\/\/legitgrams.com\/wp-content\/uploads\/2024\/09\/Buy-Nederhash-Hashish-Online-100x100.jpg",100,100,true]},"uagb_author_info":{"display_name":"cokeblog18","author_link":"https:\/\/legitgrams.com\/fr\/author\/"},"uagb_comment_info":0,"uagb_excerpt":"Nederhash Hashish Online Purchase What is a hash? The Netherlands is where the cannabis plants used to make the hash are cultivated. There are a few tiny outdoor and greenhouse advancements, but the majority of plant development takes place indoors. Generation: The manner of assembling differs depending on the manufacturer. Similar to Morocco, screening provides&hellip;","_links":{"self":[{"href":"https:\/\/legitgrams.com\/fr\/wp-json\/wp\/v2\/product\/4013","targetHints":{"allow":["GET"]}}],"collection":[{"href":"https:\/\/legitgrams.com\/fr\/wp-json\/wp\/v2\/product"}],"about":[{"href":"https:\/\/legitgrams.com\/fr\/wp-json\/wp\/v2\/types\/product"}],"replies":[{"embeddable":true,"href":"https:\/\/legitgrams.com\/fr\/wp-json\/wp\/v2\/comments?post=4013"}],"wp:featuredmedia":[{"embeddable":true,"href":"https:\/\/legitgrams.com\/fr\/wp-json\/wp\/v2\/media\/5384"}],"wp:attachment":[{"href":"https:\/\/legitgrams.com\/fr\/wp-json\/wp\/v2\/media?parent=4013"}],"wp:term":[{"taxonomy":"product_brand","embeddable":true,"href":"https:\/\/legitgrams.com\/fr\/wp-json\/wp\/v2\/product_brand?post=4013"},{"taxonomy":"product_cat","embeddable":true,"href":"https:\/\/legitgrams.com\/fr\/wp-json\/wp\/v2\/product_cat?post=4013"},{"taxonomy":"product_tag","embeddable":true,"href":"https:\/\/legitgrams.com\/fr\/wp-json\/wp\/v2\/product_tag?post=4013"}],"curies":[{"name":"wp","href":"https:\/\/api.w.org\/{rel}","templated":true}]}}