{"id":4018,"date":"2024-09-21T09:28:22","date_gmt":"2024-09-21T09:28:22","guid":{"rendered":"https:\/\/legitgrams.com\/?post_type=product&#038;p=4018"},"modified":"2025-04-04T05:55:15","modified_gmt":"2025-04-04T05:55:15","slug":"batonnets-nepalais","status":"publish","type":"product","link":"https:\/\/legitgrams.com\/fr\/produit\/batonnets-nepalais\/","title":{"rendered":"Acheter du haschisch n\u00e9palais en ligne"},"content":{"rendered":"<h2>Acheter du haschisch n\u00e9palais en ligne<\/h2>\n<p>Description du produit : Culture : <a href=\"https:\/\/legitgrams.com\/fr\/produit\/batonnets-nepalais\/\">Hachis n\u00e9palais<\/a> Des b\u00e2tonnets sont disponibles en ligne\u00a0; les petites vari\u00e9t\u00e9s de cannabis sont courantes dans les montagnes du pays. Production\u00a0: Pour extraire la r\u00e9sine, les t\u00eates sont frott\u00e9es d\u00e9licatement entre les paumes. La r\u00e9sine recueillie est ensuite press\u00e9e pour cr\u00e9er une boule de haschisch homog\u00e8ne, aussi appel\u00e9e boule de temple. D\u00e9couvrez o\u00f9 <a href=\"https:\/\/www.bing.com\/search?q=Achetezduhaschischnpalaisenligne&amp;qs=n&amp;form=QBRE&amp;sp=-1&amp;lq=0&amp;pq=comprenepalesestickhashonline&amp;sc=5-33&amp;sk=&amp;cvid=B57D8F68EEDF406FB761869701A64066&amp;ghsh=0&amp;ghacc=0&amp;ghpl=\">acheter des b\u00e2tonnets de haschisch n\u00e9palais en ligne<\/a> Avant de transf\u00e9rer les boules dans un plat. Int\u00e9rieur : brun fonc\u00e9, ext\u00e9rieur : noir. Odeur : ar\u00f4me puissant, \u00e9pic\u00e9 et l\u00e9g\u00e8rement sucr\u00e9. Comment acheter du haschisch n\u00e9palais en ligne ? Le haschisch est assez fort, m\u00eame si une partie se casse. Go\u00fbt : Achetez des haschisch n\u00e9palais en ligne ; ils sont plus parfum\u00e9s et d\u00e9licieux que les haschisch afghans, mais ils sont aussi consid\u00e9rablement moins \u00e9pic\u00e9s. Consistance : constante \u00e0 temp\u00e9rature corporelle. Souvent \u00e0 peine plus ferme que le haschisch afghan. Impact : physique intense et vacillant. Efficacit\u00e9 : forte \u00e0 tr\u00e8s forte. (11 % \u00e0 15 % de THC) Disponibilit\u00e9 : tr\u00e8s rare. Autres : La meilleure marijuana est cultiv\u00e9e au N\u00e9pal. Voici les meilleurs produits si vous vendez d'authentiques haschisch n\u00e9palais en ligne, contrairement \u00e0 certains Afghans qui se font passer pour N\u00e9palais. Le N\u00e9pal est g\u00e9n\u00e9ralement assez cher ; dans de nombreux caf\u00e9s d'Amsterdam, le haschisch n\u00e9palais est le meilleur. Les d\u00e9taillants en ligne vendent des haschisch n\u00e9palais. Investissez dans un <a href=\"https:\/\/www.google.com\/search?q=Buy+Nepalese+Stick+Hash+Online&amp;num=10&amp;sca_esv=1a2a07081c7891bb&amp;rlz=1C1RXQR_enIN1098IN1098&amp;sxsrf=AHTn8zpEutiXnF6ldZ-NzHJT-qwZ-M4Srg%3A1741414284918&amp;ei=jN_LZ5bkN6CPseMPq-jBgQc&amp;ved=0ahUKEwiW2u_e6fmLAxWgR2wGHSt0MHAQ4dUDCBI&amp;uact=5&amp;oq=Buy+Nepalese+Stick+Hash+Online&amp;gs_lp=Egxnd3Mtd2l6LXNlcnAiHkJ1eSBOZXBhbGVzZSBTdGljayBIYXNoIE9ubGluZTIFEAAY7wUyCBAAGIAEGKIEMggQABiiBBiJBUjHCFDxBFjxBHABeAGQAQCYAfEBoAHxAaoBAzItMbgBA8gBAPgBAvgBAZgCAqAC_AHCAgoQABiwAxjWBBhHmAMAiAYBkAYIkgcFMS4wLjGgB5QC&amp;sclient=gws-wiz-serp\">b\u00e2tonnet de haschisch n\u00e9palais<\/a> \u00c0 proximit\u00e9\u00a0; \u00e7a vaut toujours le coup, \u00e0 mon avis, surtout si vous appr\u00e9ciez le rapport qualit\u00e9-prix \u00e9lev\u00e9. Malheureusement, le N\u00e9pal est tr\u00e8s rare ici ces jours-ci. Les b\u00e2tonnets de haschisch n\u00e9palais sont autoris\u00e9s \u00e0 la vente en ligne\u00a0; rarement, ils sont disponibles en quantit\u00e9 limit\u00e9e.<\/p>\n<p>Achat B\u00e2ton N\u00e9palais <a href=\"https:\/\/en.wikipedia.org\/wiki\/Hashish\">Hachures<\/a> Online &#8211; purchase Nepalese, purchase <a href=\"https:\/\/duckduckgo.com\/?q=Achetez+du+haschisch+npalais+en+ligne&amp;t=h_\">Hachis de b\u00e2tonnets n\u00e9palais<\/a>, acheter du haschisch en b\u00e2ton en ligne, O\u00f9 acheter du haschisch en b\u00e2ton n\u00e9palais, Acheter du haschisch n\u00e9palais \u00e0 vendre, Acheter du haschisch en ligne, Acheter du haschisch en b\u00e2ton n\u00e9palais aux \u00c9tats-Unis, au Canada, au Royaume-Uni, Acheter, en ligne, Fournisseurs, Livraison s\u00e9curis\u00e9e, Il est encore temps d'acheter du haschisch en b\u00e2ton n\u00e9palais, de savoir s'il est l\u00e9gal aux \u00c9tats-Unis, de l'obtenir en ligne, de savoir comment le commander et de savoir s'il est l\u00e9gal au Canada. <a href=\"https:\/\/legitgrams.com\/fr\/\">LegitGrams<\/a><\/p>\n<p>&nbsp;<\/p>","protected":false},"excerpt":{"rendered":"<p>Nepalese Stick Hash Purchase Online Description of the Product: Cultivation: Nepali hash sticks are available online; small cannabis strains are common across the country&#8217;s mountains. Production: To extract the resin, the buds are gently rubbed between the palms. The collected resin is then squeezed to create a consistent hash ball, also known as a temple &hellip;<\/p>\n<p class=\"read-more\"> <a class=\"\" href=\"https:\/\/legitgrams.com\/fr\/produit\/batonnets-nepalais\/\"> <span class=\"screen-reader-text\">Acheter du haschisch n\u00e9palais en ligne<\/span> Lire la suite \"<\/a><\/p>","protected":false},"featured_media":5385,"comment_status":"open","ping_status":"closed","template":"","meta":{"_uag_custom_page_level_css":"","site-sidebar-layout":"default","site-content-layout":"default","ast-global-header-display":"","ast-main-header-display":"","ast-hfb-above-header-display":"","ast-hfb-below-header-display":"","ast-hfb-mobile-header-display":"","site-post-title":"","ast-breadcrumbs-content":"","ast-featured-img":"","footer-sml-layout":"","theme-transparent-header-meta":"default","adv-header-id-meta":"","stick-header-meta":"default","header-above-stick-meta":"","header-main-stick-meta":"","header-below-stick-meta":"","_joinchat":[]},"product_brand":[],"product_cat":[605],"product_tag":[2762,2752,617,2744,2759,2756,2751,2743,2746,2754,2747,2745,2755,2757,2764,2765,2763,2760,2749,2761,2758,625,2750,2753,2748],"class_list":{"0":"post-4018","1":"product","2":"type-product","3":"status-publish","4":"has-post-thumbnail","6":"product_cat-hash-hashish","7":"product_tag-best-cheap-price-nepalese-stick-hash","8":"product_tag-best-place-to-buy-nepalese-stick-hash","9":"product_tag-bulk-online","10":"product_tag-buy-nepalese-stick-hash","11":"product_tag-cheap-nepalese-stick-hash","12":"product_tag-high-quality-nepalese-stick-hash","13":"product_tag-how-to-buy-nepalese-stick-hash","14":"product_tag-nepalese-stick-hash","15":"product_tag-nepalese-stick-hash-for-sale","16":"product_tag-nepalese-stick-hash-legally","17":"product_tag-nepalese-stick-hash-nepalese-stick-hash-supplier","18":"product_tag-nepalese-stick-hash-online","19":"product_tag-nepalese-stick-hash-price","20":"product_tag-nepalese-stick-hash-store","21":"product_tag-nepalese-stick-hash-use","22":"product_tag-nepalese-stick-hash-wiki","23":"product_tag-nepalese-stick-hash-worldwide","24":"product_tag-nepalese-stick-hashs","25":"product_tag-order-nepalese-stick-hash","26":"product_tag-purcharse-nepalese-stick-hash","27":"product_tag-shop-nepalese-stick-hash","28":"product_tag-top-quality","29":"product_tag-where-to-buy-nepalese-stick-hash","30":"product_tag-where-to-order-nepalese-stick-hash","31":"product_tag-wholesale-nepalese-stick-hash","32":"desktop-align-left","33":"tablet-align-left","34":"mobile-align-left","35":"ast-product-gallery-layout-horizontal","36":"ast-product-gallery-with-no-image","37":"ast-product-single-variable","38":"ast-product-tabs-layout-horizontal","39":"ast-qv-on-image","41":"first","42":"instock","43":"shipping-taxable","44":"purchasable","45":"product-type-variable"},"yoast_head":"<!-- This site is optimized with the Yoast SEO plugin v25.9 - https:\/\/yoast.com\/wordpress\/plugins\/seo\/ -->\n<title>Nepalese Stick Hash for Sale - Buy Nepalese Stick Hash Online<\/title>\n<meta name=\"description\" content=\"If you want to buy Nepalese Stick Hash online and looking for a reliable online shop, then buy here. We offer only high-quality Nepalese Stick Hash for sale at an affordable price. Order Nepalese Stick Hash Now!\" \/>\n<meta name=\"robots\" content=\"index, follow, max-snippet:-1, max-image-preview:large, max-video-preview:-1\" \/>\n<link rel=\"canonical\" href=\"https:\/\/legitgrams.com\/fr\/produit\/batonnets-nepalais\/\" \/>\n<meta property=\"og:locale\" content=\"fr_FR\" \/>\n<meta property=\"og:type\" content=\"article\" \/>\n<meta property=\"og:title\" content=\"Nepalese Stick Hash for Sale - Buy Nepalese Stick Hash Online\" \/>\n<meta property=\"og:description\" content=\"If you want to buy Nepalese Stick Hash online and looking for a reliable online shop, then buy here. We offer only high-quality Nepalese Stick Hash for sale at an affordable price. Order Nepalese Stick Hash Now!\" \/>\n<meta property=\"og:url\" content=\"https:\/\/legitgrams.com\/fr\/produit\/batonnets-nepalais\/\" \/>\n<meta property=\"og:site_name\" content=\"Legit Grams\" \/>\n<meta property=\"article:modified_time\" content=\"2025-04-04T05:55:15+00:00\" \/>\n<meta property=\"og:image\" content=\"https:\/\/legitgrams.com\/wp-content\/uploads\/2024\/09\/Buy-Nepalese-Stick-Hash.jpg\" \/>\n\t<meta property=\"og:image:width\" content=\"600\" \/>\n\t<meta property=\"og:image:height\" content=\"600\" \/>\n\t<meta property=\"og:image:type\" content=\"image\/jpeg\" \/>\n<meta name=\"twitter:card\" content=\"summary_large_image\" \/>\n<meta name=\"twitter:label1\" content=\"Dur\u00e9e de lecture est.\" \/>\n\t<meta name=\"twitter:data1\" content=\"2 minutes\" \/>\n<script type=\"application\/ld+json\" class=\"yoast-schema-graph\">{\"@context\":\"https:\/\/schema.org\",\"@graph\":[{\"@type\":\"WebPage\",\"@id\":\"https:\/\/legitgrams.com\/product\/nepalese-stick-hash\/\",\"url\":\"https:\/\/legitgrams.com\/product\/nepalese-stick-hash\/\",\"name\":\"Nepalese Stick Hash for Sale - Buy Nepalese Stick Hash Online\",\"isPartOf\":{\"@id\":\"https:\/\/legitgrams.com\/#website\"},\"primaryImageOfPage\":{\"@id\":\"https:\/\/legitgrams.com\/product\/nepalese-stick-hash\/#primaryimage\"},\"image\":{\"@id\":\"https:\/\/legitgrams.com\/product\/nepalese-stick-hash\/#primaryimage\"},\"thumbnailUrl\":\"https:\/\/legitgrams.com\/wp-content\/uploads\/2024\/09\/Buy-Nepalese-Stick-Hash.jpg\",\"datePublished\":\"2024-09-21T09:28:22+00:00\",\"dateModified\":\"2025-04-04T05:55:15+00:00\",\"description\":\"If you want to buy Nepalese Stick Hash online and looking for a reliable online shop, then buy here. We offer only high-quality Nepalese Stick Hash for sale at an affordable price. Order Nepalese Stick Hash Now!\",\"breadcrumb\":{\"@id\":\"https:\/\/legitgrams.com\/product\/nepalese-stick-hash\/#breadcrumb\"},\"inLanguage\":\"fr-BE\",\"potentialAction\":[{\"@type\":\"ReadAction\",\"target\":[\"https:\/\/legitgrams.com\/product\/nepalese-stick-hash\/\"]}]},{\"@type\":\"ImageObject\",\"inLanguage\":\"fr-BE\",\"@id\":\"https:\/\/legitgrams.com\/product\/nepalese-stick-hash\/#primaryimage\",\"url\":\"https:\/\/legitgrams.com\/wp-content\/uploads\/2024\/09\/Buy-Nepalese-Stick-Hash.jpg\",\"contentUrl\":\"https:\/\/legitgrams.com\/wp-content\/uploads\/2024\/09\/Buy-Nepalese-Stick-Hash.jpg\",\"width\":600,\"height\":600,\"caption\":\"Nepalese Stick Hash for Sale\"},{\"@type\":\"BreadcrumbList\",\"@id\":\"https:\/\/legitgrams.com\/product\/nepalese-stick-hash\/#breadcrumb\",\"itemListElement\":[{\"@type\":\"ListItem\",\"position\":1,\"name\":\"Home\",\"item\":\"https:\/\/legitgrams.com\/\"},{\"@type\":\"ListItem\",\"position\":2,\"name\":\"Shop\",\"item\":\"https:\/\/legitgrams.com\/shop\/\"},{\"@type\":\"ListItem\",\"position\":3,\"name\":\"Buy Nepalese Stick Hash Online\"}]},{\"@type\":\"WebSite\",\"@id\":\"https:\/\/legitgrams.com\/#website\",\"url\":\"https:\/\/legitgrams.com\/\",\"name\":\"Legit Grams\",\"description\":\"My WordPress Blog\",\"publisher\":{\"@id\":\"https:\/\/legitgrams.com\/#organization\"},\"potentialAction\":[{\"@type\":\"SearchAction\",\"target\":{\"@type\":\"EntryPoint\",\"urlTemplate\":\"https:\/\/legitgrams.com\/?s={search_term_string}\"},\"query-input\":{\"@type\":\"PropertyValueSpecification\",\"valueRequired\":true,\"valueName\":\"search_term_string\"}}],\"inLanguage\":\"fr-BE\"},{\"@type\":\"Organization\",\"@id\":\"https:\/\/legitgrams.com\/#organization\",\"name\":\"Legit Grams\",\"url\":\"https:\/\/legitgrams.com\/\",\"logo\":{\"@type\":\"ImageObject\",\"inLanguage\":\"fr-BE\",\"@id\":\"https:\/\/legitgrams.com\/#\/schema\/logo\/image\/\",\"url\":\"https:\/\/legitgrams.com\/wp-content\/uploads\/2024\/09\/main-logo.png\",\"contentUrl\":\"https:\/\/legitgrams.com\/wp-content\/uploads\/2024\/09\/main-logo.png\",\"width\":270,\"height\":75,\"caption\":\"Legit Grams\"},\"image\":{\"@id\":\"https:\/\/legitgrams.com\/#\/schema\/logo\/image\/\"}}]}<\/script>\n<!-- \/ Yoast SEO plugin. -->","yoast_head_json":{"title":"Nepalese Stick Hash for Sale - Acheter Nepalese Stick Hash en ligne","description":"Si vous voulez acheter Nepalese Stick Hash en ligne et que vous cherchez une boutique en ligne fiable, alors achetez ici. Nous proposons uniquement du Nepalese Stick Hash de haute qualit\u00e9 \u00e0 un prix abordable. Commandez Nepalese Stick Hash maintenant !","robots":{"index":"index","follow":"follow","max-snippet":"max-snippet:-1","max-image-preview":"max-image-preview:large","max-video-preview":"max-video-preview:-1"},"canonical":"https:\/\/legitgrams.com\/fr\/produit\/batonnets-nepalais\/","og_locale":"fr_FR","og_type":"article","og_title":"Nepalese Stick Hash for Sale - Buy Nepalese Stick Hash Online","og_description":"If you want to buy Nepalese Stick Hash online and looking for a reliable online shop, then buy here. We offer only high-quality Nepalese Stick Hash for sale at an affordable price. Order Nepalese Stick Hash Now!","og_url":"https:\/\/legitgrams.com\/fr\/produit\/batonnets-nepalais\/","og_site_name":"Legit Grams","article_modified_time":"2025-04-04T05:55:15+00:00","og_image":[{"width":600,"height":600,"url":"https:\/\/legitgrams.com\/wp-content\/uploads\/2024\/09\/Buy-Nepalese-Stick-Hash.jpg","type":"image\/jpeg"}],"twitter_card":"summary_large_image","twitter_misc":{"Dur\u00e9e de lecture est.":"2 minutes"},"schema":{"@context":"https:\/\/schema.org","@graph":[{"@type":"WebPage","@id":"https:\/\/legitgrams.com\/product\/nepalese-stick-hash\/","url":"https:\/\/legitgrams.com\/product\/nepalese-stick-hash\/","name":"Nepalese Stick Hash for Sale - Acheter Nepalese Stick Hash en ligne","isPartOf":{"@id":"https:\/\/legitgrams.com\/#website"},"primaryImageOfPage":{"@id":"https:\/\/legitgrams.com\/product\/nepalese-stick-hash\/#primaryimage"},"image":{"@id":"https:\/\/legitgrams.com\/product\/nepalese-stick-hash\/#primaryimage"},"thumbnailUrl":"https:\/\/legitgrams.com\/wp-content\/uploads\/2024\/09\/Buy-Nepalese-Stick-Hash.jpg","datePublished":"2024-09-21T09:28:22+00:00","dateModified":"2025-04-04T05:55:15+00:00","description":"Si vous voulez acheter Nepalese Stick Hash en ligne et que vous cherchez une boutique en ligne fiable, alors achetez ici. Nous proposons uniquement du Nepalese Stick Hash de haute qualit\u00e9 \u00e0 un prix abordable. Commandez Nepalese Stick Hash maintenant !","breadcrumb":{"@id":"https:\/\/legitgrams.com\/product\/nepalese-stick-hash\/#breadcrumb"},"inLanguage":"fr-BE","potentialAction":[{"@type":"ReadAction","target":["https:\/\/legitgrams.com\/product\/nepalese-stick-hash\/"]}]},{"@type":"ImageObject","inLanguage":"fr-BE","@id":"https:\/\/legitgrams.com\/product\/nepalese-stick-hash\/#primaryimage","url":"https:\/\/legitgrams.com\/wp-content\/uploads\/2024\/09\/Buy-Nepalese-Stick-Hash.jpg","contentUrl":"https:\/\/legitgrams.com\/wp-content\/uploads\/2024\/09\/Buy-Nepalese-Stick-Hash.jpg","width":600,"height":600,"caption":"Nepalese Stick Hash for Sale"},{"@type":"BreadcrumbList","@id":"https:\/\/legitgrams.com\/product\/nepalese-stick-hash\/#breadcrumb","itemListElement":[{"@type":"ListItem","position":1,"name":"Home","item":"https:\/\/legitgrams.com\/"},{"@type":"ListItem","position":2,"name":"Shop","item":"https:\/\/legitgrams.com\/shop\/"},{"@type":"ListItem","position":3,"name":"Buy Nepalese Stick Hash Online"}]},{"@type":"WebSite","@id":"https:\/\/legitgrams.com\/#website","url":"https:\/\/legitgrams.com\/","name":"Les grammes l\u00e9gitimes","description":"Mon blog WordPress","publisher":{"@id":"https:\/\/legitgrams.com\/#organization"},"potentialAction":[{"@type":"SearchAction","target":{"@type":"EntryPoint","urlTemplate":"https:\/\/legitgrams.com\/?s={search_term_string}"},"query-input":{"@type":"PropertyValueSpecification","valueRequired":true,"valueName":"search_term_string"}}],"inLanguage":"fr-BE"},{"@type":"Organization","@id":"https:\/\/legitgrams.com\/#organization","name":"Les grammes l\u00e9gitimes","url":"https:\/\/legitgrams.com\/","logo":{"@type":"ImageObject","inLanguage":"fr-BE","@id":"https:\/\/legitgrams.com\/#\/schema\/logo\/image\/","url":"https:\/\/legitgrams.com\/wp-content\/uploads\/2024\/09\/main-logo.png","contentUrl":"https:\/\/legitgrams.com\/wp-content\/uploads\/2024\/09\/main-logo.png","width":270,"height":75,"caption":"Legit Grams"},"image":{"@id":"https:\/\/legitgrams.com\/#\/schema\/logo\/image\/"}}]}},"uagb_featured_image_src":{"full":["https:\/\/legitgrams.com\/wp-content\/uploads\/2024\/09\/Buy-Nepalese-Stick-Hash.jpg",600,600,false],"thumbnail":["https:\/\/legitgrams.com\/wp-content\/uploads\/2024\/09\/Buy-Nepalese-Stick-Hash-150x150.jpg",150,150,true],"medium":["https:\/\/legitgrams.com\/wp-content\/uploads\/2024\/09\/Buy-Nepalese-Stick-Hash-300x300.jpg",300,300,true],"medium_large":["https:\/\/legitgrams.com\/wp-content\/uploads\/2024\/09\/Buy-Nepalese-Stick-Hash.jpg",600,600,false],"large":["https:\/\/legitgrams.com\/wp-content\/uploads\/2024\/09\/Buy-Nepalese-Stick-Hash.jpg",600,600,false],"1536x1536":["https:\/\/legitgrams.com\/wp-content\/uploads\/2024\/09\/Buy-Nepalese-Stick-Hash.jpg",600,600,false],"2048x2048":["https:\/\/legitgrams.com\/wp-content\/uploads\/2024\/09\/Buy-Nepalese-Stick-Hash.jpg",600,600,false],"trp-custom-language-flag":["https:\/\/legitgrams.com\/wp-content\/uploads\/2024\/09\/Buy-Nepalese-Stick-Hash-12x12.jpg",12,12,true],"woocommerce_thumbnail":["https:\/\/legitgrams.com\/wp-content\/uploads\/2024\/09\/Buy-Nepalese-Stick-Hash-300x300.jpg",300,300,true],"woocommerce_single":["https:\/\/legitgrams.com\/wp-content\/uploads\/2024\/09\/Buy-Nepalese-Stick-Hash.jpg",600,600,false],"woocommerce_gallery_thumbnail":["https:\/\/legitgrams.com\/wp-content\/uploads\/2024\/09\/Buy-Nepalese-Stick-Hash-100x100.jpg",100,100,true]},"uagb_author_info":{"display_name":"cokeblog18","author_link":"https:\/\/legitgrams.com\/fr\/author\/"},"uagb_comment_info":0,"uagb_excerpt":"Nepalese Stick Hash Purchase Online Description of the Product: Cultivation: Nepali hash sticks are available online; small cannabis strains are common across the country&#8217;s mountains. Production: To extract the resin, the buds are gently rubbed between the palms. The collected resin is then squeezed to create a consistent hash ball, also known as a temple&hellip;","_links":{"self":[{"href":"https:\/\/legitgrams.com\/fr\/wp-json\/wp\/v2\/product\/4018","targetHints":{"allow":["GET"]}}],"collection":[{"href":"https:\/\/legitgrams.com\/fr\/wp-json\/wp\/v2\/product"}],"about":[{"href":"https:\/\/legitgrams.com\/fr\/wp-json\/wp\/v2\/types\/product"}],"replies":[{"embeddable":true,"href":"https:\/\/legitgrams.com\/fr\/wp-json\/wp\/v2\/comments?post=4018"}],"wp:featuredmedia":[{"embeddable":true,"href":"https:\/\/legitgrams.com\/fr\/wp-json\/wp\/v2\/media\/5385"}],"wp:attachment":[{"href":"https:\/\/legitgrams.com\/fr\/wp-json\/wp\/v2\/media?parent=4018"}],"wp:term":[{"taxonomy":"product_brand","embeddable":true,"href":"https:\/\/legitgrams.com\/fr\/wp-json\/wp\/v2\/product_brand?post=4018"},{"taxonomy":"product_cat","embeddable":true,"href":"https:\/\/legitgrams.com\/fr\/wp-json\/wp\/v2\/product_cat?post=4018"},{"taxonomy":"product_tag","embeddable":true,"href":"https:\/\/legitgrams.com\/fr\/wp-json\/wp\/v2\/product_tag?post=4018"}],"curies":[{"name":"wp","href":"https:\/\/api.w.org\/{rel}","templated":true}]}}