{"id":4019,"date":"2024-09-21T09:39:07","date_gmt":"2024-09-21T09:39:07","guid":{"rendered":"https:\/\/legitgrams.com\/?post_type=product&#038;p=4019"},"modified":"2025-01-14T10:38:49","modified_gmt":"2025-01-14T10:38:49","slug":"pink-kush-hash","status":"publish","type":"product","link":"https:\/\/legitgrams.com\/fr\/produit\/pink-kush-hash\/","title":{"rendered":"Pink Kush Hash"},"content":{"rendered":"<h2>Achetez du haschisch Pink Kush en ligne<\/h2>\n<p>Il est essentiel de savoir ce qu'est le haschisch l\u00e9gal, en quoi il diff\u00e8re des autres produits \u00e0 base d'herbe et quel est son rapport avec le cannabis avant d'effectuer un achat en ligne. <a href=\"https:\/\/en.wikipedia.org\/wiki\/Hashish\">Hachures<\/a>Le haschisch est un concentr\u00e9 de cannabis d\u00e9livr\u00e9 \u00e0 l'aide de la poix d'une plante de cannabis. Le processus consiste \u00e0 d\u00e9tacher les organes de la s\u00e8ve, parfois appel\u00e9s trichomes, des fleurs d'une plante de cannabis. Les m\u00e9langes qui conf\u00e8rent aux produits Maryjane leurs caract\u00e9ristiques et attributs distincts sont r\u00e9put\u00e9s contenir les concentrations les plus \u00e9lev\u00e9es de terp\u00e8nes et de cannabino\u00efdes dans ces trichomes. En raison de sa forte concentration en terp\u00e8nes et en cannabino\u00efdes, le haschisch a la remarquable capacit\u00e9 d'offrir aux consommateurs de cannabis des exp\u00e9riences extr\u00eamement puissantes et th\u00e9rapeutiques. Le but de l'huile de haschisch est d'\u00eatre un puissant dissolvant de cannabis qui peut \u00eatre consomm\u00e9, vap\u00e9, fum\u00e9 et frott\u00e9 sur la peau. Parfois, l'utilisation de l'huile de haschisch est appel\u00e9e \"atteindre\" ou \"consommer\". Le THC, ou delta-9-t\u00e9trahydrocannabinol, est un ingr\u00e9dient de l'huile de haschisch d\u00e9riv\u00e9e des plantes de cannabis qui est tout aussi r\u00e9volutionnaire que les autres produits Maryjane.<\/p>\n<p>Quoi qu'il en soit, l'huile de haschisch est plus puissante, avec une augmentation de la source de THC pouvant aller jusqu'\u00e0 90%. En fait, la teneur typique en THC des autres produits de la plante de cannabis est d'environ 12%. Fiable<\/p>\n<p>\u00c0 l'heure actuelle, l'extraction au CO2 est la m\u00e9thode la plus efficace pour extraire l'huile de THC. C'est \u00e9galement la m\u00e9thode la plus courante et la plus s\u00fbre pour produire du distillat, des camions de gomme vivante et de l'huile de cannabis. La raison pour laquelle elle est si n\u00e9cessaire de nos jours est que cette huile de THC ne contient pas de solvants suppl\u00e9mentaires, tels que le butane ou l'alcool. <a href=\"https:\/\/legitgrams.com\/fr\/\">LegitGrams<\/a><\/p>\n<p>La majorit\u00e9 des huiles infus\u00e9es au THC ont un type de pr\u00e9paration en d\u00e9clin. Cela est n\u00e9cessaire pour maintenir la parfaite consistance de l'huile lors de la vaporisation. Les deux agents r\u00e9ducteurs les plus \u00e9tonnants qui sont g\u00e9n\u00e9ralement pr\u00e9sents dans les e-liquides standards sont la glyc\u00e9rine v\u00e9g\u00e9tale (VG) et le propyl\u00e8ne glycol (PG). Quelques-uns contiennent divers agents de remplissage, tels que le PEG, et commencent aussi consid\u00e9rablement \u00e0 retarder le TEC Temper, une autre condition d\u00e9riv\u00e9e des terp\u00e8nes traditionnels. Huile de haschisch disponible \u00e0 l'achat.<\/p>\n<p><a href=\"https:\/\/legitgrams.com\/fr\/produit\/pink-kush-hash\/\">Acheter Pink Kush Hash en ligne<\/a>: Achat Kush, Achat Pink Kush Hash, Achat Pink Hash en ligne, O\u00f9 acheter Pink Kush Hash, Achat Pink Kush Hash \u00e0 vendre, Achat Hash en ligne, Achat Pink Kush Hash aux \u00c9tats-Unis, au Canada, au Royaume-Uni, Achat, en ligne, Fournisseurs, Livraison s\u00e9curis\u00e9e Vous pouvez toujours obtenir Pink Kush Hash, savoir si c'est l\u00e9gal aux \u00c9tats-Unis, acqu\u00e9rir Pink Kush Hash en ligne, et savoir si c'est l\u00e9gal au Canada.<\/p>\n<p>&nbsp;<\/p>","protected":false},"excerpt":{"rendered":"<p>Purchase Pink Kush Hash Online Knowing what legal hash is, how it differs from other weed products, and how it relates to cannabis is essential knowledge to have before making an online purchase. Hash, another approach to deal with the state \u201chashish,\u201d is a cannabis concentrate delivered utilizing the pitch of a pot plant. The &hellip;<\/p>\n<p class=\"read-more\"> <a class=\"\" href=\"https:\/\/legitgrams.com\/fr\/produit\/pink-kush-hash\/\"> <span class=\"screen-reader-text\">Pink Kush Hash<\/span> Lire la suite \"<\/a><\/p>","protected":false},"featured_media":5386,"comment_status":"open","ping_status":"closed","template":"","meta":{"_uag_custom_page_level_css":"","site-sidebar-layout":"default","site-content-layout":"default","ast-global-header-display":"","ast-main-header-display":"","ast-hfb-above-header-display":"","ast-hfb-below-header-display":"","ast-hfb-mobile-header-display":"","site-post-title":"","ast-breadcrumbs-content":"","ast-featured-img":"","footer-sml-layout":"","theme-transparent-header-meta":"default","adv-header-id-meta":"","stick-header-meta":"default","header-above-stick-meta":"","header-main-stick-meta":"","header-below-stick-meta":"","_joinchat":[]},"product_brand":[],"product_cat":[605],"product_tag":[2739,2729,617,2721,2736,2733,2728,2726,2720,2723,2731,2722,2724,2732,2734,2741,2742,2740,2737,2738,2735,625,2727,2730,2725],"class_list":{"0":"post-4019","1":"product","2":"type-product","3":"status-publish","4":"has-post-thumbnail","6":"product_cat-hash-hashish","7":"product_tag-best-cheap-price-pink-kush-hash","8":"product_tag-best-place-to-buy-pink-kush-hash","9":"product_tag-bulk-online","10":"product_tag-buy-pink-kush-hash","11":"product_tag-cheap-pink-kush-hash","12":"product_tag-high-quality-pink-kush-hash","13":"product_tag-how-to-buy-pink-kush-hash","14":"product_tag-order-pink-kush-hash","15":"product_tag-pink-kush-hash","16":"product_tag-pink-kush-hash-for-sale","17":"product_tag-pink-kush-hash-legally","18":"product_tag-pink-kush-hash-online","19":"product_tag-pink-kush-hash-pink-kush-hash-supplier","20":"product_tag-pink-kush-hash-price","21":"product_tag-pink-kush-hash-store","22":"product_tag-pink-kush-hash-use","23":"product_tag-pink-kush-hash-wiki","24":"product_tag-pink-kush-hash-worldwide","25":"product_tag-pink-kush-hashs","26":"product_tag-purcharse-pink-kush-hash","27":"product_tag-shop-pink-kush-hash","28":"product_tag-top-quality","29":"product_tag-where-to-buy-pink-kush-hash","30":"product_tag-where-to-order-pink-kush-hash","31":"product_tag-wholesale-pink-kush-hash","32":"desktop-align-left","33":"tablet-align-left","34":"mobile-align-left","35":"ast-product-gallery-layout-horizontal","36":"ast-product-gallery-with-no-image","37":"ast-product-single-variable","38":"ast-product-tabs-layout-horizontal","39":"ast-qv-on-image","41":"first","42":"instock","43":"shipping-taxable","44":"purchasable","45":"product-type-variable"},"yoast_head":"<!-- This site is optimized with the Yoast SEO plugin v25.9 - https:\/\/yoast.com\/wordpress\/plugins\/seo\/ -->\n<title>Pink Kush Hash for Sale - Order Pink Kush Hash Online<\/title>\n<meta name=\"description\" content=\"Discover top-notch Pink Kush Hash for sale at our online store - buy Pink Kush Hash conveniently and securely to fuel your research. Explore and buy Pink Kush Hash online, advancing your scientific endeavors with ease. Order Now!\" \/>\n<meta name=\"robots\" content=\"index, follow, max-snippet:-1, max-image-preview:large, max-video-preview:-1\" \/>\n<link rel=\"canonical\" href=\"https:\/\/legitgrams.com\/fr\/produit\/pink-kush-hash\/\" \/>\n<meta property=\"og:locale\" content=\"fr_FR\" \/>\n<meta property=\"og:type\" content=\"article\" \/>\n<meta property=\"og:title\" content=\"Pink Kush Hash for Sale - Order Pink Kush Hash Online\" \/>\n<meta property=\"og:description\" content=\"Discover top-notch Pink Kush Hash for sale at our online store - buy Pink Kush Hash conveniently and securely to fuel your research. Explore and buy Pink Kush Hash online, advancing your scientific endeavors with ease. Order Now!\" \/>\n<meta property=\"og:url\" content=\"https:\/\/legitgrams.com\/fr\/produit\/pink-kush-hash\/\" \/>\n<meta property=\"og:site_name\" content=\"Legit Grams\" \/>\n<meta property=\"article:modified_time\" content=\"2025-01-14T10:38:49+00:00\" \/>\n<meta property=\"og:image\" content=\"https:\/\/legitgrams.com\/wp-content\/uploads\/2024\/09\/buy-pink-kush-hash.jpg\" \/>\n\t<meta property=\"og:image:width\" content=\"600\" \/>\n\t<meta property=\"og:image:height\" content=\"600\" \/>\n\t<meta property=\"og:image:type\" content=\"image\/jpeg\" \/>\n<meta name=\"twitter:card\" content=\"summary_large_image\" \/>\n<meta name=\"twitter:label1\" content=\"Dur\u00e9e de lecture est.\" \/>\n\t<meta name=\"twitter:data1\" content=\"2 minutes\" \/>\n<script type=\"application\/ld+json\" class=\"yoast-schema-graph\">{\"@context\":\"https:\/\/schema.org\",\"@graph\":[{\"@type\":\"WebPage\",\"@id\":\"https:\/\/legitgrams.com\/product\/pink-kush-hash\/\",\"url\":\"https:\/\/legitgrams.com\/product\/pink-kush-hash\/\",\"name\":\"Pink Kush Hash for Sale - Order Pink Kush Hash Online\",\"isPartOf\":{\"@id\":\"https:\/\/legitgrams.com\/#website\"},\"primaryImageOfPage\":{\"@id\":\"https:\/\/legitgrams.com\/product\/pink-kush-hash\/#primaryimage\"},\"image\":{\"@id\":\"https:\/\/legitgrams.com\/product\/pink-kush-hash\/#primaryimage\"},\"thumbnailUrl\":\"https:\/\/legitgrams.com\/wp-content\/uploads\/2024\/09\/buy-pink-kush-hash.jpg\",\"datePublished\":\"2024-09-21T09:39:07+00:00\",\"dateModified\":\"2025-01-14T10:38:49+00:00\",\"description\":\"Discover top-notch Pink Kush Hash for sale at our online store - buy Pink Kush Hash conveniently and securely to fuel your research. Explore and buy Pink Kush Hash online, advancing your scientific endeavors with ease. Order Now!\",\"breadcrumb\":{\"@id\":\"https:\/\/legitgrams.com\/product\/pink-kush-hash\/#breadcrumb\"},\"inLanguage\":\"fr-BE\",\"potentialAction\":[{\"@type\":\"ReadAction\",\"target\":[\"https:\/\/legitgrams.com\/product\/pink-kush-hash\/\"]}]},{\"@type\":\"ImageObject\",\"inLanguage\":\"fr-BE\",\"@id\":\"https:\/\/legitgrams.com\/product\/pink-kush-hash\/#primaryimage\",\"url\":\"https:\/\/legitgrams.com\/wp-content\/uploads\/2024\/09\/buy-pink-kush-hash.jpg\",\"contentUrl\":\"https:\/\/legitgrams.com\/wp-content\/uploads\/2024\/09\/buy-pink-kush-hash.jpg\",\"width\":600,\"height\":600,\"caption\":\"Pink Kush Hash for Sale\"},{\"@type\":\"BreadcrumbList\",\"@id\":\"https:\/\/legitgrams.com\/product\/pink-kush-hash\/#breadcrumb\",\"itemListElement\":[{\"@type\":\"ListItem\",\"position\":1,\"name\":\"Home\",\"item\":\"https:\/\/legitgrams.com\/\"},{\"@type\":\"ListItem\",\"position\":2,\"name\":\"Shop\",\"item\":\"https:\/\/legitgrams.com\/shop\/\"},{\"@type\":\"ListItem\",\"position\":3,\"name\":\"Pink Kush Hash\"}]},{\"@type\":\"WebSite\",\"@id\":\"https:\/\/legitgrams.com\/#website\",\"url\":\"https:\/\/legitgrams.com\/\",\"name\":\"Legit Grams\",\"description\":\"My WordPress Blog\",\"publisher\":{\"@id\":\"https:\/\/legitgrams.com\/#organization\"},\"potentialAction\":[{\"@type\":\"SearchAction\",\"target\":{\"@type\":\"EntryPoint\",\"urlTemplate\":\"https:\/\/legitgrams.com\/?s={search_term_string}\"},\"query-input\":{\"@type\":\"PropertyValueSpecification\",\"valueRequired\":true,\"valueName\":\"search_term_string\"}}],\"inLanguage\":\"fr-BE\"},{\"@type\":\"Organization\",\"@id\":\"https:\/\/legitgrams.com\/#organization\",\"name\":\"Legit Grams\",\"url\":\"https:\/\/legitgrams.com\/\",\"logo\":{\"@type\":\"ImageObject\",\"inLanguage\":\"fr-BE\",\"@id\":\"https:\/\/legitgrams.com\/#\/schema\/logo\/image\/\",\"url\":\"https:\/\/legitgrams.com\/wp-content\/uploads\/2024\/09\/main-logo.png\",\"contentUrl\":\"https:\/\/legitgrams.com\/wp-content\/uploads\/2024\/09\/main-logo.png\",\"width\":270,\"height\":75,\"caption\":\"Legit Grams\"},\"image\":{\"@id\":\"https:\/\/legitgrams.com\/#\/schema\/logo\/image\/\"}}]}<\/script>\n<!-- \/ Yoast SEO plugin. -->","yoast_head_json":{"title":"Pink Kush Hash \u00e0 vendre - Commandez Pink Kush Hash en ligne","description":"D\u00e9couvrez le meilleur Pink Kush Hash en vente dans notre magasin en ligne - achetez Pink Kush Hash de mani\u00e8re pratique et s\u00e9curis\u00e9e pour alimenter votre recherche. Explorez et achetez Pink Kush Hash en ligne, et faites avancer vos travaux scientifiques en toute simplicit\u00e9. Commandez maintenant !","robots":{"index":"index","follow":"follow","max-snippet":"max-snippet:-1","max-image-preview":"max-image-preview:large","max-video-preview":"max-video-preview:-1"},"canonical":"https:\/\/legitgrams.com\/fr\/produit\/pink-kush-hash\/","og_locale":"fr_FR","og_type":"article","og_title":"Pink Kush Hash for Sale - Order Pink Kush Hash Online","og_description":"Discover top-notch Pink Kush Hash for sale at our online store - buy Pink Kush Hash conveniently and securely to fuel your research. Explore and buy Pink Kush Hash online, advancing your scientific endeavors with ease. Order Now!","og_url":"https:\/\/legitgrams.com\/fr\/produit\/pink-kush-hash\/","og_site_name":"Legit Grams","article_modified_time":"2025-01-14T10:38:49+00:00","og_image":[{"width":600,"height":600,"url":"https:\/\/legitgrams.com\/wp-content\/uploads\/2024\/09\/buy-pink-kush-hash.jpg","type":"image\/jpeg"}],"twitter_card":"summary_large_image","twitter_misc":{"Dur\u00e9e de lecture est.":"2 minutes"},"schema":{"@context":"https:\/\/schema.org","@graph":[{"@type":"WebPage","@id":"https:\/\/legitgrams.com\/product\/pink-kush-hash\/","url":"https:\/\/legitgrams.com\/product\/pink-kush-hash\/","name":"Pink Kush Hash \u00e0 vendre - Commandez Pink Kush Hash en ligne","isPartOf":{"@id":"https:\/\/legitgrams.com\/#website"},"primaryImageOfPage":{"@id":"https:\/\/legitgrams.com\/product\/pink-kush-hash\/#primaryimage"},"image":{"@id":"https:\/\/legitgrams.com\/product\/pink-kush-hash\/#primaryimage"},"thumbnailUrl":"https:\/\/legitgrams.com\/wp-content\/uploads\/2024\/09\/buy-pink-kush-hash.jpg","datePublished":"2024-09-21T09:39:07+00:00","dateModified":"2025-01-14T10:38:49+00:00","description":"D\u00e9couvrez le meilleur Pink Kush Hash en vente dans notre magasin en ligne - achetez Pink Kush Hash de mani\u00e8re pratique et s\u00e9curis\u00e9e pour alimenter votre recherche. Explorez et achetez Pink Kush Hash en ligne, et faites avancer vos travaux scientifiques en toute simplicit\u00e9. Commandez maintenant !","breadcrumb":{"@id":"https:\/\/legitgrams.com\/product\/pink-kush-hash\/#breadcrumb"},"inLanguage":"fr-BE","potentialAction":[{"@type":"ReadAction","target":["https:\/\/legitgrams.com\/product\/pink-kush-hash\/"]}]},{"@type":"ImageObject","inLanguage":"fr-BE","@id":"https:\/\/legitgrams.com\/product\/pink-kush-hash\/#primaryimage","url":"https:\/\/legitgrams.com\/wp-content\/uploads\/2024\/09\/buy-pink-kush-hash.jpg","contentUrl":"https:\/\/legitgrams.com\/wp-content\/uploads\/2024\/09\/buy-pink-kush-hash.jpg","width":600,"height":600,"caption":"Pink Kush Hash for Sale"},{"@type":"BreadcrumbList","@id":"https:\/\/legitgrams.com\/product\/pink-kush-hash\/#breadcrumb","itemListElement":[{"@type":"ListItem","position":1,"name":"Home","item":"https:\/\/legitgrams.com\/"},{"@type":"ListItem","position":2,"name":"Shop","item":"https:\/\/legitgrams.com\/shop\/"},{"@type":"ListItem","position":3,"name":"Pink Kush Hash"}]},{"@type":"WebSite","@id":"https:\/\/legitgrams.com\/#website","url":"https:\/\/legitgrams.com\/","name":"Les grammes l\u00e9gitimes","description":"Mon blog WordPress","publisher":{"@id":"https:\/\/legitgrams.com\/#organization"},"potentialAction":[{"@type":"SearchAction","target":{"@type":"EntryPoint","urlTemplate":"https:\/\/legitgrams.com\/?s={search_term_string}"},"query-input":{"@type":"PropertyValueSpecification","valueRequired":true,"valueName":"search_term_string"}}],"inLanguage":"fr-BE"},{"@type":"Organization","@id":"https:\/\/legitgrams.com\/#organization","name":"Les grammes l\u00e9gitimes","url":"https:\/\/legitgrams.com\/","logo":{"@type":"ImageObject","inLanguage":"fr-BE","@id":"https:\/\/legitgrams.com\/#\/schema\/logo\/image\/","url":"https:\/\/legitgrams.com\/wp-content\/uploads\/2024\/09\/main-logo.png","contentUrl":"https:\/\/legitgrams.com\/wp-content\/uploads\/2024\/09\/main-logo.png","width":270,"height":75,"caption":"Legit Grams"},"image":{"@id":"https:\/\/legitgrams.com\/#\/schema\/logo\/image\/"}}]}},"uagb_featured_image_src":{"full":["https:\/\/legitgrams.com\/wp-content\/uploads\/2024\/09\/buy-pink-kush-hash.jpg",600,600,false],"thumbnail":["https:\/\/legitgrams.com\/wp-content\/uploads\/2024\/09\/buy-pink-kush-hash-150x150.jpg",150,150,true],"medium":["https:\/\/legitgrams.com\/wp-content\/uploads\/2024\/09\/buy-pink-kush-hash-300x300.jpg",300,300,true],"medium_large":["https:\/\/legitgrams.com\/wp-content\/uploads\/2024\/09\/buy-pink-kush-hash.jpg",600,600,false],"large":["https:\/\/legitgrams.com\/wp-content\/uploads\/2024\/09\/buy-pink-kush-hash.jpg",600,600,false],"1536x1536":["https:\/\/legitgrams.com\/wp-content\/uploads\/2024\/09\/buy-pink-kush-hash.jpg",600,600,false],"2048x2048":["https:\/\/legitgrams.com\/wp-content\/uploads\/2024\/09\/buy-pink-kush-hash.jpg",600,600,false],"trp-custom-language-flag":["https:\/\/legitgrams.com\/wp-content\/uploads\/2024\/09\/buy-pink-kush-hash-12x12.jpg",12,12,true],"woocommerce_thumbnail":["https:\/\/legitgrams.com\/wp-content\/uploads\/2024\/09\/buy-pink-kush-hash-300x300.jpg",300,300,true],"woocommerce_single":["https:\/\/legitgrams.com\/wp-content\/uploads\/2024\/09\/buy-pink-kush-hash.jpg",600,600,false],"woocommerce_gallery_thumbnail":["https:\/\/legitgrams.com\/wp-content\/uploads\/2024\/09\/buy-pink-kush-hash-100x100.jpg",100,100,true]},"uagb_author_info":{"display_name":"cokeblog18","author_link":"https:\/\/legitgrams.com\/fr\/author\/"},"uagb_comment_info":0,"uagb_excerpt":"Purchase Pink Kush Hash Online Knowing what legal hash is, how it differs from other weed products, and how it relates to cannabis is essential knowledge to have before making an online purchase. Hash, another approach to deal with the state \u201chashish,\u201d is a cannabis concentrate delivered utilizing the pitch of a pot plant. The&hellip;","_links":{"self":[{"href":"https:\/\/legitgrams.com\/fr\/wp-json\/wp\/v2\/product\/4019","targetHints":{"allow":["GET"]}}],"collection":[{"href":"https:\/\/legitgrams.com\/fr\/wp-json\/wp\/v2\/product"}],"about":[{"href":"https:\/\/legitgrams.com\/fr\/wp-json\/wp\/v2\/types\/product"}],"replies":[{"embeddable":true,"href":"https:\/\/legitgrams.com\/fr\/wp-json\/wp\/v2\/comments?post=4019"}],"wp:featuredmedia":[{"embeddable":true,"href":"https:\/\/legitgrams.com\/fr\/wp-json\/wp\/v2\/media\/5386"}],"wp:attachment":[{"href":"https:\/\/legitgrams.com\/fr\/wp-json\/wp\/v2\/media?parent=4019"}],"wp:term":[{"taxonomy":"product_brand","embeddable":true,"href":"https:\/\/legitgrams.com\/fr\/wp-json\/wp\/v2\/product_brand?post=4019"},{"taxonomy":"product_cat","embeddable":true,"href":"https:\/\/legitgrams.com\/fr\/wp-json\/wp\/v2\/product_cat?post=4019"},{"taxonomy":"product_tag","embeddable":true,"href":"https:\/\/legitgrams.com\/fr\/wp-json\/wp\/v2\/product_tag?post=4019"}],"curies":[{"name":"wp","href":"https:\/\/api.w.org\/{rel}","templated":true}]}}