{"id":4171,"date":"2024-09-21T12:07:00","date_gmt":"2024-09-21T12:07:00","guid":{"rendered":"https:\/\/legitgrams.com\/?post_type=product&#038;p=4171"},"modified":"2025-01-13T10:15:11","modified_gmt":"2025-01-13T10:15:11","slug":"bulle-de-hachage","status":"publish","type":"product","link":"https:\/\/legitgrams.com\/fr\/produit\/bulle-de-hachage\/","title":{"rendered":"Bulles d'air"},"content":{"rendered":"<h2>Bubble Hash \u00e0 vendre<\/h2>\n<p><a href=\"https:\/\/legitgrams.com\/fr\/produit\/bulle-de-hachage\/\">Bulles d'air<\/a> est un concentr\u00e9 de cannabis naturel enti\u00e8rement compos\u00e9 de trichomes, riches en terp\u00e8nes et en cannabino\u00efdes. Les trichomes sont s\u00e9par\u00e9s des autres \u00e9l\u00e9ments v\u00e9g\u00e9taux \u00e0 l'aide de glace et d'eau pour obtenir cette concentration sans solvant. Il est produit sans l'utilisation de solvants chimiques comme le CO2 ou l'\u00e9thanol. <a href=\"https:\/\/legitgrams.com\/fr\/\">LegitGrams<\/a><\/p>\n<h3>Quel est le but des hachages \u00e0 bulles ?<\/h3>\n<p>Le haschisch avec bulles peut \u00eatre utilis\u00e9 de diverses mani\u00e8res, notamment dans le joint lui-m\u00eame, le vaporisateur, la pipe et le bang. Il peut \u00eatre m\u00e9lang\u00e9 avec du tabac ou de la marijuana, mais attention car il contient du THC. Le haschisch et l'huile peuvent \u00e9galement \u00eatre combin\u00e9s pour cr\u00e9er du cannabis comestible, ce qui est tr\u00e8s utile pendant cette p\u00e9riode \u00e9pid\u00e9mique o\u00f9 il est interdit de fumer.<\/p>\n<p>Achat de Bubble Hash en ligne : Acheter Bubble, Acheter Bubble Hash en ligne : Acheter Bubble Hash en ligne, Acheter Bubble <a href=\"https:\/\/en.wikipedia.org\/wiki\/Hashish\">Hachures<\/a> En ligne, O\u00f9 acheter du Bubble Hash, Acheter du Bubble Hash en ligne, Acheter du Bubble Hash en ligne, Acheter du Bubble Hash en ligne, Acheter du Bubble Hash en ligne, Acheter du Bubble Hash en ligne, Acheter du Bubble Hash en ligne, Acheter du Bubble Hash en ligne, Acheter du Bubble Hash en ligne, Acheter du Bubble Hash en ligne, En ligne, Fournisseurs, Livraison s\u00e9curis\u00e9e, Le Bubble Hash est toujours disponible \u00e0 l'achat. Vous pouvez v\u00e9rifier sa l\u00e9galit\u00e9 aux \u00c9tats-Unis, l'acheter en ligne et voir s'il est l\u00e9gal au Canada.<\/p>","protected":false},"excerpt":{"rendered":"<p>Bubble Hash for Sale Bubble Hash is a natural cannabis concentrate made entirely of trichomes, which are rich in terpenes and cannabinoids. Trichomes are separated from other plant elements using ice and water to make this solvent-free concentration. It is produced without the use of chemical solvents like CO2 or ethanol. LegitGrams What is the &hellip;<\/p>\n<p class=\"read-more\"> <a class=\"\" href=\"https:\/\/legitgrams.com\/fr\/produit\/bulle-de-hachage\/\"> <span class=\"screen-reader-text\">Bulles d'air<\/span> Lire la suite \"<\/a><\/p>","protected":false},"featured_media":5371,"comment_status":"open","ping_status":"closed","template":"","meta":{"_uag_custom_page_level_css":"","site-sidebar-layout":"default","site-content-layout":"default","ast-global-header-display":"","ast-main-header-display":"","ast-hfb-above-header-display":"","ast-hfb-below-header-display":"","ast-hfb-mobile-header-display":"","site-post-title":"","ast-breadcrumbs-content":"","ast-featured-img":"","footer-sml-layout":"","theme-transparent-header-meta":"default","adv-header-id-meta":"","stick-header-meta":"default","header-above-stick-meta":"","header-main-stick-meta":"","header-below-stick-meta":"","_joinchat":[]},"product_brand":[],"product_cat":[605],"product_tag":[2624,2614,2605,2609,2608,2616,2607,2617,2619,2626,2627,2625,2622,617,2606,2621,2618,2613,2611,2623,2620,625,2612,2615,2610],"class_list":{"0":"post-4171","1":"product","2":"type-product","3":"status-publish","4":"has-post-thumbnail","6":"product_cat-hash-hashish","7":"product_tag-best-cheap-price-bubble-hash","8":"product_tag-best-place-to-buy-bubble-hash","9":"product_tag-bubble-hash","10":"product_tag-bubble-hash-bubble-hash-supplier","11":"product_tag-bubble-hash-for-sale","12":"product_tag-bubble-hash-legally","13":"product_tag-bubble-hash-online","14":"product_tag-bubble-hash-price","15":"product_tag-bubble-hash-store","16":"product_tag-bubble-hash-use","17":"product_tag-bubble-hash-wiki","18":"product_tag-bubble-hash-worldwide","19":"product_tag-bubble-hashs","20":"product_tag-bulk-online","21":"product_tag-buy-bubble-hash","22":"product_tag-cheap-bubble-hash","23":"product_tag-high-quality-bubble-hash","24":"product_tag-how-to-buy-bubble-hash","25":"product_tag-order-bubble-hash","26":"product_tag-purcharse-bubble-hash","27":"product_tag-shop-bubble-hash","28":"product_tag-top-quality","29":"product_tag-where-to-buy-bubble-hash","30":"product_tag-where-to-order-bubble-hash","31":"product_tag-wholesale-bubble-hash","32":"desktop-align-left","33":"tablet-align-left","34":"mobile-align-left","35":"ast-product-gallery-layout-horizontal","36":"ast-product-gallery-with-no-image","37":"ast-product-single-variable","38":"ast-product-tabs-layout-horizontal","39":"ast-qv-on-image","41":"first","42":"instock","43":"shipping-taxable","44":"purchasable","45":"product-type-variable"},"yoast_head":"<!-- This site is optimized with the Yoast SEO plugin v25.9 - https:\/\/yoast.com\/wordpress\/plugins\/seo\/ -->\n<title>Bubble Hash for Sale - Order Bubble Hash Online | LegitGrams<\/title>\n<meta name=\"description\" content=\"If you want to buy bubble hash online and looking for a reliable online store, then buy here. We offer only high-quality bubble hash for sale at an affordable price. Order Bubble Hash Now!\" \/>\n<meta name=\"robots\" content=\"index, follow, max-snippet:-1, max-image-preview:large, max-video-preview:-1\" \/>\n<link rel=\"canonical\" href=\"https:\/\/legitgrams.com\/fr\/produit\/bulle-de-hachage\/\" \/>\n<meta property=\"og:locale\" content=\"fr_FR\" \/>\n<meta property=\"og:type\" content=\"article\" \/>\n<meta property=\"og:title\" content=\"Bubble Hash for Sale - Order Bubble Hash Online | LegitGrams\" \/>\n<meta property=\"og:description\" content=\"If you want to buy bubble hash online and looking for a reliable online store, then buy here. We offer only high-quality bubble hash for sale at an affordable price. Order Bubble Hash Now!\" \/>\n<meta property=\"og:url\" content=\"https:\/\/legitgrams.com\/fr\/produit\/bulle-de-hachage\/\" \/>\n<meta property=\"og:site_name\" content=\"Legit Grams\" \/>\n<meta property=\"article:modified_time\" content=\"2025-01-13T10:15:11+00:00\" \/>\n<meta property=\"og:image\" content=\"https:\/\/legitgrams.com\/wp-content\/uploads\/2024\/09\/Buy-Bubble-Hash-Online.jpg\" \/>\n\t<meta property=\"og:image:width\" content=\"600\" \/>\n\t<meta property=\"og:image:height\" content=\"600\" \/>\n\t<meta property=\"og:image:type\" content=\"image\/jpeg\" \/>\n<meta name=\"twitter:card\" content=\"summary_large_image\" \/>\n<meta name=\"twitter:label1\" content=\"Dur\u00e9e de lecture est.\" \/>\n\t<meta name=\"twitter:data1\" content=\"2 minutes\" \/>\n<script type=\"application\/ld+json\" class=\"yoast-schema-graph\">{\"@context\":\"https:\/\/schema.org\",\"@graph\":[{\"@type\":\"WebPage\",\"@id\":\"https:\/\/legitgrams.com\/product\/bubble-hash\/\",\"url\":\"https:\/\/legitgrams.com\/product\/bubble-hash\/\",\"name\":\"Bubble Hash for Sale - Order Bubble Hash Online | LegitGrams\",\"isPartOf\":{\"@id\":\"https:\/\/legitgrams.com\/#website\"},\"primaryImageOfPage\":{\"@id\":\"https:\/\/legitgrams.com\/product\/bubble-hash\/#primaryimage\"},\"image\":{\"@id\":\"https:\/\/legitgrams.com\/product\/bubble-hash\/#primaryimage\"},\"thumbnailUrl\":\"https:\/\/legitgrams.com\/wp-content\/uploads\/2024\/09\/Buy-Bubble-Hash-Online.jpg\",\"datePublished\":\"2024-09-21T12:07:00+00:00\",\"dateModified\":\"2025-01-13T10:15:11+00:00\",\"description\":\"If you want to buy bubble hash online and looking for a reliable online store, then buy here. We offer only high-quality bubble hash for sale at an affordable price. Order Bubble Hash Now!\",\"breadcrumb\":{\"@id\":\"https:\/\/legitgrams.com\/product\/bubble-hash\/#breadcrumb\"},\"inLanguage\":\"fr-BE\",\"potentialAction\":[{\"@type\":\"ReadAction\",\"target\":[\"https:\/\/legitgrams.com\/product\/bubble-hash\/\"]}]},{\"@type\":\"ImageObject\",\"inLanguage\":\"fr-BE\",\"@id\":\"https:\/\/legitgrams.com\/product\/bubble-hash\/#primaryimage\",\"url\":\"https:\/\/legitgrams.com\/wp-content\/uploads\/2024\/09\/Buy-Bubble-Hash-Online.jpg\",\"contentUrl\":\"https:\/\/legitgrams.com\/wp-content\/uploads\/2024\/09\/Buy-Bubble-Hash-Online.jpg\",\"width\":600,\"height\":600,\"caption\":\"Bubble Hash for Sale\"},{\"@type\":\"BreadcrumbList\",\"@id\":\"https:\/\/legitgrams.com\/product\/bubble-hash\/#breadcrumb\",\"itemListElement\":[{\"@type\":\"ListItem\",\"position\":1,\"name\":\"Home\",\"item\":\"https:\/\/legitgrams.com\/\"},{\"@type\":\"ListItem\",\"position\":2,\"name\":\"Shop\",\"item\":\"https:\/\/legitgrams.com\/shop\/\"},{\"@type\":\"ListItem\",\"position\":3,\"name\":\"Bubble Hash\"}]},{\"@type\":\"WebSite\",\"@id\":\"https:\/\/legitgrams.com\/#website\",\"url\":\"https:\/\/legitgrams.com\/\",\"name\":\"Legit Grams\",\"description\":\"My WordPress Blog\",\"publisher\":{\"@id\":\"https:\/\/legitgrams.com\/#organization\"},\"potentialAction\":[{\"@type\":\"SearchAction\",\"target\":{\"@type\":\"EntryPoint\",\"urlTemplate\":\"https:\/\/legitgrams.com\/?s={search_term_string}\"},\"query-input\":{\"@type\":\"PropertyValueSpecification\",\"valueRequired\":true,\"valueName\":\"search_term_string\"}}],\"inLanguage\":\"fr-BE\"},{\"@type\":\"Organization\",\"@id\":\"https:\/\/legitgrams.com\/#organization\",\"name\":\"Legit Grams\",\"url\":\"https:\/\/legitgrams.com\/\",\"logo\":{\"@type\":\"ImageObject\",\"inLanguage\":\"fr-BE\",\"@id\":\"https:\/\/legitgrams.com\/#\/schema\/logo\/image\/\",\"url\":\"https:\/\/legitgrams.com\/wp-content\/uploads\/2024\/09\/main-logo.png\",\"contentUrl\":\"https:\/\/legitgrams.com\/wp-content\/uploads\/2024\/09\/main-logo.png\",\"width\":270,\"height\":75,\"caption\":\"Legit Grams\"},\"image\":{\"@id\":\"https:\/\/legitgrams.com\/#\/schema\/logo\/image\/\"}}]}<\/script>\n<!-- \/ Yoast SEO plugin. -->","yoast_head_json":{"title":"Bubble Hash for Sale - Commande de Bubble Hash en ligne | LegitGrams","description":"Si vous voulez acheter du bubble hash en ligne et que vous cherchez un magasin en ligne fiable, achetez ici. Nous proposons uniquement du bubble hash de haute qualit\u00e9 \u00e0 un prix abordable. Commandez Bubble Hash maintenant !","robots":{"index":"index","follow":"follow","max-snippet":"max-snippet:-1","max-image-preview":"max-image-preview:large","max-video-preview":"max-video-preview:-1"},"canonical":"https:\/\/legitgrams.com\/fr\/produit\/bulle-de-hachage\/","og_locale":"fr_FR","og_type":"article","og_title":"Bubble Hash for Sale - Order Bubble Hash Online | LegitGrams","og_description":"If you want to buy bubble hash online and looking for a reliable online store, then buy here. We offer only high-quality bubble hash for sale at an affordable price. Order Bubble Hash Now!","og_url":"https:\/\/legitgrams.com\/fr\/produit\/bulle-de-hachage\/","og_site_name":"Legit Grams","article_modified_time":"2025-01-13T10:15:11+00:00","og_image":[{"width":600,"height":600,"url":"https:\/\/legitgrams.com\/wp-content\/uploads\/2024\/09\/Buy-Bubble-Hash-Online.jpg","type":"image\/jpeg"}],"twitter_card":"summary_large_image","twitter_misc":{"Dur\u00e9e de lecture est.":"2 minutes"},"schema":{"@context":"https:\/\/schema.org","@graph":[{"@type":"WebPage","@id":"https:\/\/legitgrams.com\/product\/bubble-hash\/","url":"https:\/\/legitgrams.com\/product\/bubble-hash\/","name":"Bubble Hash for Sale - Commande de Bubble Hash en ligne | LegitGrams","isPartOf":{"@id":"https:\/\/legitgrams.com\/#website"},"primaryImageOfPage":{"@id":"https:\/\/legitgrams.com\/product\/bubble-hash\/#primaryimage"},"image":{"@id":"https:\/\/legitgrams.com\/product\/bubble-hash\/#primaryimage"},"thumbnailUrl":"https:\/\/legitgrams.com\/wp-content\/uploads\/2024\/09\/Buy-Bubble-Hash-Online.jpg","datePublished":"2024-09-21T12:07:00+00:00","dateModified":"2025-01-13T10:15:11+00:00","description":"Si vous voulez acheter du bubble hash en ligne et que vous cherchez un magasin en ligne fiable, achetez ici. Nous proposons uniquement du bubble hash de haute qualit\u00e9 \u00e0 un prix abordable. Commandez Bubble Hash maintenant !","breadcrumb":{"@id":"https:\/\/legitgrams.com\/product\/bubble-hash\/#breadcrumb"},"inLanguage":"fr-BE","potentialAction":[{"@type":"ReadAction","target":["https:\/\/legitgrams.com\/product\/bubble-hash\/"]}]},{"@type":"ImageObject","inLanguage":"fr-BE","@id":"https:\/\/legitgrams.com\/product\/bubble-hash\/#primaryimage","url":"https:\/\/legitgrams.com\/wp-content\/uploads\/2024\/09\/Buy-Bubble-Hash-Online.jpg","contentUrl":"https:\/\/legitgrams.com\/wp-content\/uploads\/2024\/09\/Buy-Bubble-Hash-Online.jpg","width":600,"height":600,"caption":"Bubble Hash for Sale"},{"@type":"BreadcrumbList","@id":"https:\/\/legitgrams.com\/product\/bubble-hash\/#breadcrumb","itemListElement":[{"@type":"ListItem","position":1,"name":"Home","item":"https:\/\/legitgrams.com\/"},{"@type":"ListItem","position":2,"name":"Shop","item":"https:\/\/legitgrams.com\/shop\/"},{"@type":"ListItem","position":3,"name":"Bubble Hash"}]},{"@type":"WebSite","@id":"https:\/\/legitgrams.com\/#website","url":"https:\/\/legitgrams.com\/","name":"Les grammes l\u00e9gitimes","description":"Mon blog WordPress","publisher":{"@id":"https:\/\/legitgrams.com\/#organization"},"potentialAction":[{"@type":"SearchAction","target":{"@type":"EntryPoint","urlTemplate":"https:\/\/legitgrams.com\/?s={search_term_string}"},"query-input":{"@type":"PropertyValueSpecification","valueRequired":true,"valueName":"search_term_string"}}],"inLanguage":"fr-BE"},{"@type":"Organization","@id":"https:\/\/legitgrams.com\/#organization","name":"Les grammes l\u00e9gitimes","url":"https:\/\/legitgrams.com\/","logo":{"@type":"ImageObject","inLanguage":"fr-BE","@id":"https:\/\/legitgrams.com\/#\/schema\/logo\/image\/","url":"https:\/\/legitgrams.com\/wp-content\/uploads\/2024\/09\/main-logo.png","contentUrl":"https:\/\/legitgrams.com\/wp-content\/uploads\/2024\/09\/main-logo.png","width":270,"height":75,"caption":"Legit Grams"},"image":{"@id":"https:\/\/legitgrams.com\/#\/schema\/logo\/image\/"}}]}},"uagb_featured_image_src":{"full":["https:\/\/legitgrams.com\/wp-content\/uploads\/2024\/09\/Buy-Bubble-Hash-Online.jpg",600,600,false],"thumbnail":["https:\/\/legitgrams.com\/wp-content\/uploads\/2024\/09\/Buy-Bubble-Hash-Online-150x150.jpg",150,150,true],"medium":["https:\/\/legitgrams.com\/wp-content\/uploads\/2024\/09\/Buy-Bubble-Hash-Online-300x300.jpg",300,300,true],"medium_large":["https:\/\/legitgrams.com\/wp-content\/uploads\/2024\/09\/Buy-Bubble-Hash-Online.jpg",600,600,false],"large":["https:\/\/legitgrams.com\/wp-content\/uploads\/2024\/09\/Buy-Bubble-Hash-Online.jpg",600,600,false],"1536x1536":["https:\/\/legitgrams.com\/wp-content\/uploads\/2024\/09\/Buy-Bubble-Hash-Online.jpg",600,600,false],"2048x2048":["https:\/\/legitgrams.com\/wp-content\/uploads\/2024\/09\/Buy-Bubble-Hash-Online.jpg",600,600,false],"trp-custom-language-flag":["https:\/\/legitgrams.com\/wp-content\/uploads\/2024\/09\/Buy-Bubble-Hash-Online-12x12.jpg",12,12,true],"woocommerce_thumbnail":["https:\/\/legitgrams.com\/wp-content\/uploads\/2024\/09\/Buy-Bubble-Hash-Online-300x300.jpg",300,300,true],"woocommerce_single":["https:\/\/legitgrams.com\/wp-content\/uploads\/2024\/09\/Buy-Bubble-Hash-Online.jpg",600,600,false],"woocommerce_gallery_thumbnail":["https:\/\/legitgrams.com\/wp-content\/uploads\/2024\/09\/Buy-Bubble-Hash-Online-100x100.jpg",100,100,true]},"uagb_author_info":{"display_name":"cokeblog18","author_link":"https:\/\/legitgrams.com\/fr\/author\/"},"uagb_comment_info":0,"uagb_excerpt":"Bubble Hash for Sale Bubble Hash is a natural cannabis concentrate made entirely of trichomes, which are rich in terpenes and cannabinoids. Trichomes are separated from other plant elements using ice and water to make this solvent-free concentration. It is produced without the use of chemical solvents like CO2 or ethanol. LegitGrams What is the&hellip;","_links":{"self":[{"href":"https:\/\/legitgrams.com\/fr\/wp-json\/wp\/v2\/product\/4171","targetHints":{"allow":["GET"]}}],"collection":[{"href":"https:\/\/legitgrams.com\/fr\/wp-json\/wp\/v2\/product"}],"about":[{"href":"https:\/\/legitgrams.com\/fr\/wp-json\/wp\/v2\/types\/product"}],"replies":[{"embeddable":true,"href":"https:\/\/legitgrams.com\/fr\/wp-json\/wp\/v2\/comments?post=4171"}],"wp:featuredmedia":[{"embeddable":true,"href":"https:\/\/legitgrams.com\/fr\/wp-json\/wp\/v2\/media\/5371"}],"wp:attachment":[{"href":"https:\/\/legitgrams.com\/fr\/wp-json\/wp\/v2\/media?parent=4171"}],"wp:term":[{"taxonomy":"product_brand","embeddable":true,"href":"https:\/\/legitgrams.com\/fr\/wp-json\/wp\/v2\/product_brand?post=4171"},{"taxonomy":"product_cat","embeddable":true,"href":"https:\/\/legitgrams.com\/fr\/wp-json\/wp\/v2\/product_cat?post=4171"},{"taxonomy":"product_tag","embeddable":true,"href":"https:\/\/legitgrams.com\/fr\/wp-json\/wp\/v2\/product_tag?post=4171"}],"curies":[{"name":"wp","href":"https:\/\/api.w.org\/{rel}","templated":true}]}}