{"id":4175,"date":"2024-09-21T12:03:00","date_gmt":"2024-09-21T12:03:00","guid":{"rendered":"https:\/\/legitgrams.com\/?post_type=product&#038;p=4175"},"modified":"2025-01-15T05:43:09","modified_gmt":"2025-01-15T05:43:09","slug":"sunset-sherbert-shatter-top-shelf","status":"publish","type":"product","link":"https:\/\/legitgrams.com\/fr\/produit\/sunset-sherbert-shatter-top-shelf\/","title":{"rendered":"Sunset Sherbert Shatter - Top Shelf"},"content":{"rendered":"<h2>Achetez Sunset Sherbert Shatter \u2013 Top Shelf Online<\/h2>\n<h3>Acheter Top Shelf Sunset Sherbert Shatter.<\/h3>\n<p>L'h\u00e9ritier pr\u00e9somptif du tr\u00f4ne des biscuits Girl Scout est Sunset <a href=\"https:\/\/en.wikipedia.org\/wiki\/Shatter\">Sherbert<\/a>\u00e9galement connue sous le nom de Sherbet. Ses parents, Girl Scout Cookies, dont la lign\u00e9e g\u00e9n\u00e9tique comprend l'OG Kush, la Durban Poison et la Cherry Pie, ont donn\u00e9 \u00e0 Sunset Sherbert son patrimoine g\u00e9n\u00e9tique. Ces g\u00e8nes ont ensuite \u00e9t\u00e9 crois\u00e9s avec Pink Panties, un parent indica. Sunset Sherbert m\u00e9lange une explosion cr\u00e9ative avec une force corporelle compl\u00e8te. Apr\u00e8s avoir fum\u00e9, l'utilisateur ressentira imm\u00e9diatement un regain d'\u00e9nergie dans la t\u00eate, ce qui le rendra optimiste et gr\u00e9gaire pendant un court moment. Une l\u00e9g\u00e8re sensation de chaleur se r\u00e9pandra dans tout le corps d\u00e8s que l'impact aura lieu, laissant l'utilisateur dans un \u00e9tat de relaxation totale et de joie parfaite. Les effets puissants de Sunset Sherbert a \u00e9t\u00e9 utilis\u00e9 pour traiter des douleurs l\u00e9g\u00e8res \u00e0 s\u00e9v\u00e8res, l'anxi\u00e9t\u00e9, la tension et la d\u00e9pression. <a href=\"https:\/\/legitgrams.com\/fr\/\">LegitGrams<\/a><\/p>\n<p>Top Shelf - achat Sunset Sherbert Shatter - achat <a href=\"https:\/\/legitgrams.com\/fr\/produit\/sunset-sherbert-shatter-top-shelf\/\">Sunset Sherbert Shatter<\/a> online USA - purchase Sunset Sherbert Shatter, purchase Sunset Sherbert Shatter in the USA - Where to Purchase Sunset Sherbert Shatter - purchase Sunset Sherbert Shatter online - where to Purchase Sunset Sherbert Shatter online - purchase Sunset Sherbert Shatter online - purchase Sunset Sherbert Shatter in the USA - USA, Canada, UK - purchase, online, suppliers, secure delivery Vous pouvez toujours acheter du Sunset Sherbert Shatter. Vous pouvez \u00e9galement savoir si le Sunset Sherbert Shatter est autoris\u00e9 aux \u00c9tats-Unis, comment l'acqu\u00e9rir et s'il est autoris\u00e9 au Canada.<\/p>","protected":false},"excerpt":{"rendered":"<p>Get Sunset Sherbert Shatter \u2013 Top Shelf Online Purchase Top Shelf Sunset Sherbert Shatter. The heir apparent to the Girl Scout Cookie throne is Sunset Sherbert, also known as Sherbet. Her parents, Girl Scout Cookies, whose genetic lineage includes OG Kush, Durban Poison, and Cherry Pie, gave Sunset Sherbert her genetic makeup. After that, these &hellip;<\/p>\n<p class=\"read-more\"> <a class=\"\" href=\"https:\/\/legitgrams.com\/fr\/produit\/sunset-sherbert-shatter-top-shelf\/\"> <span class=\"screen-reader-text\">Sunset Sherbert Shatter - Top Shelf<\/span> Lire la suite \"<\/a><\/p>","protected":false},"featured_media":5349,"comment_status":"open","ping_status":"closed","template":"","meta":{"_uag_custom_page_level_css":"","site-sidebar-layout":"default","site-content-layout":"default","ast-global-header-display":"","ast-main-header-display":"","ast-hfb-above-header-display":"","ast-hfb-below-header-display":"","ast-hfb-mobile-header-display":"","site-post-title":"","ast-breadcrumbs-content":"","ast-featured-img":"","footer-sml-layout":"","theme-transparent-header-meta":"default","adv-header-id-meta":"","stick-header-meta":"default","header-above-stick-meta":"","header-main-stick-meta":"","header-below-stick-meta":"","_joinchat":[]},"product_brand":[],"product_cat":[600,604],"product_tag":[2716,2706,617,2698,2713,2710,2705,2703,2715,2712,2697,2700,2708,2699,2709,2711,2701,2718,2719,2717,2714,625,2704,2707,2702],"class_list":{"0":"post-4175","1":"product","2":"type-product","3":"status-publish","4":"has-post-thumbnail","6":"product_cat-research-chemicals-and-bath-salt","7":"product_cat-shatter","8":"product_tag-best-cheap-price-sunset-sherbert-shatter-top-shelf","9":"product_tag-best-place-to-buy-sunset-sherbert-shatter-top-shelf","10":"product_tag-bulk-online","11":"product_tag-buy-sunset-sherbert-shatter-top-shelf","12":"product_tag-cheap-sunset-sherbert-shatter-top-shelf","13":"product_tag-high-quality-sunset-sherbert-shatter-top-shelf","14":"product_tag-how-to-buy-sunset-sherbert-shatter-top-shelf","15":"product_tag-order-sunset-sherbert-shatter-top-shelf","16":"product_tag-purcharse-sunset-sherbert-shatter-top-shelf","17":"product_tag-shop-sunset-sherbert-shatter-top-shelf","18":"product_tag-sunset-sherbert-shatter-top-shelf","19":"product_tag-sunset-sherbert-shatter-top-shelf-for-sale","20":"product_tag-sunset-sherbert-shatter-top-shelf-legally","21":"product_tag-sunset-sherbert-shatter-top-shelf-online","22":"product_tag-sunset-sherbert-shatter-top-shelf-price","23":"product_tag-sunset-sherbert-shatter-top-shelf-store","24":"product_tag-sunset-sherbert-shatter-top-shelf-sunset-sherbert-shatter-top-shelf-supplier","25":"product_tag-sunset-sherbert-shatter-top-shelf-use","26":"product_tag-sunset-sherbert-shatter-top-shelf-wiki","27":"product_tag-sunset-sherbert-shatter-top-shelf-worldwide","28":"product_tag-sunset-sherbert-shatter-top-shelfs","29":"product_tag-top-quality","30":"product_tag-where-to-buy-sunset-sherbert-shatter-top-shelf","31":"product_tag-where-to-order-sunset-sherbert-shatter-top-shelf","32":"product_tag-wholesale-sunset-sherbert-shatter-top-shelf","33":"desktop-align-left","34":"tablet-align-left","35":"mobile-align-left","36":"ast-product-gallery-layout-horizontal","37":"ast-product-gallery-with-no-image","38":"ast-product-single-variable","39":"ast-product-tabs-layout-horizontal","40":"ast-qv-on-image","42":"first","43":"instock","44":"shipping-taxable","45":"purchasable","46":"product-type-variable"},"yoast_head":"<!-- This site is optimized with the Yoast SEO plugin v25.9 - https:\/\/yoast.com\/wordpress\/plugins\/seo\/ -->\n<title>Sunset Sherbert Shatter for Sale - Buy Sunset Sherbert Shatter<\/title>\n<meta name=\"description\" content=\"Looking for a reliable source to buy sunset sherbert shatter online? Your search ends here. Order sunset sherbert shatter online from our trusted store and enjoy a seamless buying process tailored for your research needs.\" \/>\n<meta name=\"robots\" content=\"index, follow, max-snippet:-1, max-image-preview:large, max-video-preview:-1\" \/>\n<link rel=\"canonical\" href=\"https:\/\/legitgrams.com\/fr\/produit\/sunset-sherbert-shatter-top-shelf\/\" \/>\n<meta property=\"og:locale\" content=\"fr_FR\" \/>\n<meta property=\"og:type\" content=\"article\" \/>\n<meta property=\"og:title\" content=\"Sunset Sherbert Shatter for Sale - Buy Sunset Sherbert Shatter\" \/>\n<meta property=\"og:description\" content=\"Looking for a reliable source to buy sunset sherbert shatter online? Your search ends here. Order sunset sherbert shatter online from our trusted store and enjoy a seamless buying process tailored for your research needs.\" \/>\n<meta property=\"og:url\" content=\"https:\/\/legitgrams.com\/fr\/produit\/sunset-sherbert-shatter-top-shelf\/\" \/>\n<meta property=\"og:site_name\" content=\"Legit Grams\" \/>\n<meta property=\"article:modified_time\" content=\"2025-01-15T05:43:09+00:00\" \/>\n<meta property=\"og:image\" content=\"https:\/\/legitgrams.com\/wp-content\/uploads\/2024\/09\/Buy-Sunset-Sherbert-Shatter.jpg\" \/>\n\t<meta property=\"og:image:width\" content=\"600\" \/>\n\t<meta property=\"og:image:height\" content=\"600\" \/>\n\t<meta property=\"og:image:type\" content=\"image\/jpeg\" \/>\n<meta name=\"twitter:card\" content=\"summary_large_image\" \/>\n<meta name=\"twitter:label1\" content=\"Dur\u00e9e de lecture est.\" \/>\n\t<meta name=\"twitter:data1\" content=\"2 minutes\" \/>\n<script type=\"application\/ld+json\" class=\"yoast-schema-graph\">{\"@context\":\"https:\/\/schema.org\",\"@graph\":[{\"@type\":\"WebPage\",\"@id\":\"https:\/\/legitgrams.com\/product\/sunset-sherbert-shatter-top-shelf\/\",\"url\":\"https:\/\/legitgrams.com\/product\/sunset-sherbert-shatter-top-shelf\/\",\"name\":\"Sunset Sherbert Shatter for Sale - Buy Sunset Sherbert Shatter\",\"isPartOf\":{\"@id\":\"https:\/\/legitgrams.com\/#website\"},\"primaryImageOfPage\":{\"@id\":\"https:\/\/legitgrams.com\/product\/sunset-sherbert-shatter-top-shelf\/#primaryimage\"},\"image\":{\"@id\":\"https:\/\/legitgrams.com\/product\/sunset-sherbert-shatter-top-shelf\/#primaryimage\"},\"thumbnailUrl\":\"https:\/\/legitgrams.com\/wp-content\/uploads\/2024\/09\/Buy-Sunset-Sherbert-Shatter.jpg\",\"datePublished\":\"2024-09-21T12:03:00+00:00\",\"dateModified\":\"2025-01-15T05:43:09+00:00\",\"description\":\"Looking for a reliable source to buy sunset sherbert shatter online? Your search ends here. Order sunset sherbert shatter online from our trusted store and enjoy a seamless buying process tailored for your research needs.\",\"breadcrumb\":{\"@id\":\"https:\/\/legitgrams.com\/product\/sunset-sherbert-shatter-top-shelf\/#breadcrumb\"},\"inLanguage\":\"fr-BE\",\"potentialAction\":[{\"@type\":\"ReadAction\",\"target\":[\"https:\/\/legitgrams.com\/product\/sunset-sherbert-shatter-top-shelf\/\"]}]},{\"@type\":\"ImageObject\",\"inLanguage\":\"fr-BE\",\"@id\":\"https:\/\/legitgrams.com\/product\/sunset-sherbert-shatter-top-shelf\/#primaryimage\",\"url\":\"https:\/\/legitgrams.com\/wp-content\/uploads\/2024\/09\/Buy-Sunset-Sherbert-Shatter.jpg\",\"contentUrl\":\"https:\/\/legitgrams.com\/wp-content\/uploads\/2024\/09\/Buy-Sunset-Sherbert-Shatter.jpg\",\"width\":600,\"height\":600,\"caption\":\"Sunset Sherbert Shatter for Sale\"},{\"@type\":\"BreadcrumbList\",\"@id\":\"https:\/\/legitgrams.com\/product\/sunset-sherbert-shatter-top-shelf\/#breadcrumb\",\"itemListElement\":[{\"@type\":\"ListItem\",\"position\":1,\"name\":\"Home\",\"item\":\"https:\/\/legitgrams.com\/\"},{\"@type\":\"ListItem\",\"position\":2,\"name\":\"Shop\",\"item\":\"https:\/\/legitgrams.com\/shop\/\"},{\"@type\":\"ListItem\",\"position\":3,\"name\":\"Sunset Sherbert Shatter \u2013 Top Shelf\"}]},{\"@type\":\"WebSite\",\"@id\":\"https:\/\/legitgrams.com\/#website\",\"url\":\"https:\/\/legitgrams.com\/\",\"name\":\"Legit Grams\",\"description\":\"My WordPress Blog\",\"publisher\":{\"@id\":\"https:\/\/legitgrams.com\/#organization\"},\"potentialAction\":[{\"@type\":\"SearchAction\",\"target\":{\"@type\":\"EntryPoint\",\"urlTemplate\":\"https:\/\/legitgrams.com\/?s={search_term_string}\"},\"query-input\":{\"@type\":\"PropertyValueSpecification\",\"valueRequired\":true,\"valueName\":\"search_term_string\"}}],\"inLanguage\":\"fr-BE\"},{\"@type\":\"Organization\",\"@id\":\"https:\/\/legitgrams.com\/#organization\",\"name\":\"Legit Grams\",\"url\":\"https:\/\/legitgrams.com\/\",\"logo\":{\"@type\":\"ImageObject\",\"inLanguage\":\"fr-BE\",\"@id\":\"https:\/\/legitgrams.com\/#\/schema\/logo\/image\/\",\"url\":\"https:\/\/legitgrams.com\/wp-content\/uploads\/2024\/09\/main-logo.png\",\"contentUrl\":\"https:\/\/legitgrams.com\/wp-content\/uploads\/2024\/09\/main-logo.png\",\"width\":270,\"height\":75,\"caption\":\"Legit Grams\"},\"image\":{\"@id\":\"https:\/\/legitgrams.com\/#\/schema\/logo\/image\/\"}}]}<\/script>\n<!-- \/ Yoast SEO plugin. -->","yoast_head_json":{"title":"Sunset Sherbert Shatter \u00e0 vendre - Acheter Sunset Sherbert Shatter","description":"Vous cherchez une source fiable pour acheter Sunset Sherbert Shatter en ligne ? Votre recherche s'arr\u00eate ici. Commandez Sunset Sherbert Shatter en ligne aupr\u00e8s de notre magasin de confiance et profitez d'un processus d'achat transparent adapt\u00e9 \u00e0 vos besoins de recherche.","robots":{"index":"index","follow":"follow","max-snippet":"max-snippet:-1","max-image-preview":"max-image-preview:large","max-video-preview":"max-video-preview:-1"},"canonical":"https:\/\/legitgrams.com\/fr\/produit\/sunset-sherbert-shatter-top-shelf\/","og_locale":"fr_FR","og_type":"article","og_title":"Sunset Sherbert Shatter for Sale - Buy Sunset Sherbert Shatter","og_description":"Looking for a reliable source to buy sunset sherbert shatter online? Your search ends here. Order sunset sherbert shatter online from our trusted store and enjoy a seamless buying process tailored for your research needs.","og_url":"https:\/\/legitgrams.com\/fr\/produit\/sunset-sherbert-shatter-top-shelf\/","og_site_name":"Legit Grams","article_modified_time":"2025-01-15T05:43:09+00:00","og_image":[{"width":600,"height":600,"url":"https:\/\/legitgrams.com\/wp-content\/uploads\/2024\/09\/Buy-Sunset-Sherbert-Shatter.jpg","type":"image\/jpeg"}],"twitter_card":"summary_large_image","twitter_misc":{"Dur\u00e9e de lecture est.":"2 minutes"},"schema":{"@context":"https:\/\/schema.org","@graph":[{"@type":"WebPage","@id":"https:\/\/legitgrams.com\/product\/sunset-sherbert-shatter-top-shelf\/","url":"https:\/\/legitgrams.com\/product\/sunset-sherbert-shatter-top-shelf\/","name":"Sunset Sherbert Shatter \u00e0 vendre - Acheter Sunset Sherbert Shatter","isPartOf":{"@id":"https:\/\/legitgrams.com\/#website"},"primaryImageOfPage":{"@id":"https:\/\/legitgrams.com\/product\/sunset-sherbert-shatter-top-shelf\/#primaryimage"},"image":{"@id":"https:\/\/legitgrams.com\/product\/sunset-sherbert-shatter-top-shelf\/#primaryimage"},"thumbnailUrl":"https:\/\/legitgrams.com\/wp-content\/uploads\/2024\/09\/Buy-Sunset-Sherbert-Shatter.jpg","datePublished":"2024-09-21T12:03:00+00:00","dateModified":"2025-01-15T05:43:09+00:00","description":"Vous cherchez une source fiable pour acheter Sunset Sherbert Shatter en ligne ? Votre recherche s'arr\u00eate ici. Commandez Sunset Sherbert Shatter en ligne aupr\u00e8s de notre magasin de confiance et profitez d'un processus d'achat transparent adapt\u00e9 \u00e0 vos besoins de recherche.","breadcrumb":{"@id":"https:\/\/legitgrams.com\/product\/sunset-sherbert-shatter-top-shelf\/#breadcrumb"},"inLanguage":"fr-BE","potentialAction":[{"@type":"ReadAction","target":["https:\/\/legitgrams.com\/product\/sunset-sherbert-shatter-top-shelf\/"]}]},{"@type":"ImageObject","inLanguage":"fr-BE","@id":"https:\/\/legitgrams.com\/product\/sunset-sherbert-shatter-top-shelf\/#primaryimage","url":"https:\/\/legitgrams.com\/wp-content\/uploads\/2024\/09\/Buy-Sunset-Sherbert-Shatter.jpg","contentUrl":"https:\/\/legitgrams.com\/wp-content\/uploads\/2024\/09\/Buy-Sunset-Sherbert-Shatter.jpg","width":600,"height":600,"caption":"Sunset Sherbert Shatter for Sale"},{"@type":"BreadcrumbList","@id":"https:\/\/legitgrams.com\/product\/sunset-sherbert-shatter-top-shelf\/#breadcrumb","itemListElement":[{"@type":"ListItem","position":1,"name":"Home","item":"https:\/\/legitgrams.com\/"},{"@type":"ListItem","position":2,"name":"Shop","item":"https:\/\/legitgrams.com\/shop\/"},{"@type":"ListItem","position":3,"name":"Sunset Sherbert Shatter \u2013 Top Shelf"}]},{"@type":"WebSite","@id":"https:\/\/legitgrams.com\/#website","url":"https:\/\/legitgrams.com\/","name":"Les grammes l\u00e9gitimes","description":"Mon blog WordPress","publisher":{"@id":"https:\/\/legitgrams.com\/#organization"},"potentialAction":[{"@type":"SearchAction","target":{"@type":"EntryPoint","urlTemplate":"https:\/\/legitgrams.com\/?s={search_term_string}"},"query-input":{"@type":"PropertyValueSpecification","valueRequired":true,"valueName":"search_term_string"}}],"inLanguage":"fr-BE"},{"@type":"Organization","@id":"https:\/\/legitgrams.com\/#organization","name":"Les grammes l\u00e9gitimes","url":"https:\/\/legitgrams.com\/","logo":{"@type":"ImageObject","inLanguage":"fr-BE","@id":"https:\/\/legitgrams.com\/#\/schema\/logo\/image\/","url":"https:\/\/legitgrams.com\/wp-content\/uploads\/2024\/09\/main-logo.png","contentUrl":"https:\/\/legitgrams.com\/wp-content\/uploads\/2024\/09\/main-logo.png","width":270,"height":75,"caption":"Legit Grams"},"image":{"@id":"https:\/\/legitgrams.com\/#\/schema\/logo\/image\/"}}]}},"uagb_featured_image_src":{"full":["https:\/\/legitgrams.com\/wp-content\/uploads\/2024\/09\/Buy-Sunset-Sherbert-Shatter.jpg",600,600,false],"thumbnail":["https:\/\/legitgrams.com\/wp-content\/uploads\/2024\/09\/Buy-Sunset-Sherbert-Shatter-150x150.jpg",150,150,true],"medium":["https:\/\/legitgrams.com\/wp-content\/uploads\/2024\/09\/Buy-Sunset-Sherbert-Shatter-300x300.jpg",300,300,true],"medium_large":["https:\/\/legitgrams.com\/wp-content\/uploads\/2024\/09\/Buy-Sunset-Sherbert-Shatter.jpg",600,600,false],"large":["https:\/\/legitgrams.com\/wp-content\/uploads\/2024\/09\/Buy-Sunset-Sherbert-Shatter.jpg",600,600,false],"1536x1536":["https:\/\/legitgrams.com\/wp-content\/uploads\/2024\/09\/Buy-Sunset-Sherbert-Shatter.jpg",600,600,false],"2048x2048":["https:\/\/legitgrams.com\/wp-content\/uploads\/2024\/09\/Buy-Sunset-Sherbert-Shatter.jpg",600,600,false],"trp-custom-language-flag":["https:\/\/legitgrams.com\/wp-content\/uploads\/2024\/09\/Buy-Sunset-Sherbert-Shatter-12x12.jpg",12,12,true],"woocommerce_thumbnail":["https:\/\/legitgrams.com\/wp-content\/uploads\/2024\/09\/Buy-Sunset-Sherbert-Shatter-300x300.jpg",300,300,true],"woocommerce_single":["https:\/\/legitgrams.com\/wp-content\/uploads\/2024\/09\/Buy-Sunset-Sherbert-Shatter.jpg",600,600,false],"woocommerce_gallery_thumbnail":["https:\/\/legitgrams.com\/wp-content\/uploads\/2024\/09\/Buy-Sunset-Sherbert-Shatter-100x100.jpg",100,100,true]},"uagb_author_info":{"display_name":"cokeblog18","author_link":"https:\/\/legitgrams.com\/fr\/author\/"},"uagb_comment_info":0,"uagb_excerpt":"Get Sunset Sherbert Shatter \u2013 Top Shelf Online Purchase Top Shelf Sunset Sherbert Shatter. The heir apparent to the Girl Scout Cookie throne is Sunset Sherbert, also known as Sherbet. Her parents, Girl Scout Cookies, whose genetic lineage includes OG Kush, Durban Poison, and Cherry Pie, gave Sunset Sherbert her genetic makeup. After that, these&hellip;","_links":{"self":[{"href":"https:\/\/legitgrams.com\/fr\/wp-json\/wp\/v2\/product\/4175","targetHints":{"allow":["GET"]}}],"collection":[{"href":"https:\/\/legitgrams.com\/fr\/wp-json\/wp\/v2\/product"}],"about":[{"href":"https:\/\/legitgrams.com\/fr\/wp-json\/wp\/v2\/types\/product"}],"replies":[{"embeddable":true,"href":"https:\/\/legitgrams.com\/fr\/wp-json\/wp\/v2\/comments?post=4175"}],"wp:featuredmedia":[{"embeddable":true,"href":"https:\/\/legitgrams.com\/fr\/wp-json\/wp\/v2\/media\/5349"}],"wp:attachment":[{"href":"https:\/\/legitgrams.com\/fr\/wp-json\/wp\/v2\/media?parent=4175"}],"wp:term":[{"taxonomy":"product_brand","embeddable":true,"href":"https:\/\/legitgrams.com\/fr\/wp-json\/wp\/v2\/product_brand?post=4175"},{"taxonomy":"product_cat","embeddable":true,"href":"https:\/\/legitgrams.com\/fr\/wp-json\/wp\/v2\/product_cat?post=4175"},{"taxonomy":"product_tag","embeddable":true,"href":"https:\/\/legitgrams.com\/fr\/wp-json\/wp\/v2\/product_tag?post=4175"}],"curies":[{"name":"wp","href":"https:\/\/api.w.org\/{rel}","templated":true}]}}