{"id":4177,"date":"2024-09-21T11:53:49","date_gmt":"2024-09-21T11:53:49","guid":{"rendered":"https:\/\/legitgrams.com\/?post_type=product&#038;p=4177"},"modified":"2025-01-15T05:44:16","modified_gmt":"2025-01-15T05:44:16","slug":"thc-live-diamonds-superior-extract-2","status":"publish","type":"product","link":"https:\/\/legitgrams.com\/fr\/produit\/thc-live-diamonds-superior-extract-2\/","title":{"rendered":"THC Live Diamonds - Extrait sup\u00e9rieur"},"content":{"rendered":"<h2 class=\"product_title entry-title wd-entities-title\"><strong>Achetez THC Live Diamonds \u2013 Extrait sup\u00e9rieur en ligne<\/strong><\/h2>\n<h3>THC Live Diamonds : Un excellent rem\u00e8de<a href=\"https:\/\/legitgrams.com\/fr\/categorie-de-produits-2\/marijuana-cannabis\/\">.<\/a><\/h3>\n<p>Comme les Superior THC Live Diamonds sont compos\u00e9s de r\u00e9sine vivante, qui aide \u00e0 pr\u00e9server les terp\u00e8nes, le concentr\u00e9 a une qualit\u00e9 plus sensuelle !<br \/>\nLa r\u00e9sine vivante visqueuse est enferm\u00e9e dans un r\u00e9cipient sous pression et laiss\u00e9e \u00e0 temp\u00e9rature ambiante. Dans ce m\u00e9lange, les cristaux de THCA commencent \u00e0 se former et tombent au fond du bocal. Les terp\u00e8nes r\u00e9siduels de la r\u00e9sine vivante remontent \u00e0 la surface et cr\u00e9ent une couche visqueuse. Le produit final est un concentr\u00e9 de THC 97-99% rehauss\u00e9 de saveurs et de bienfaits pour la sant\u00e9 gr\u00e2ce aux terp\u00e8nes propres \u00e0 une souche particuli\u00e8re.<\/p>\n<h3>Actuellement propos\u00e9 dans les vari\u00e9t\u00e9s suivantes :<\/h3>\n<p>Wedding cake (hybride \u00e0 dominance sativa)<br \/>\nGelato (hybride domin\u00e9 par l'indica)<br \/>\nSmart Mints (hybride d'\u00e9quilibre)<br \/>\nTom Ford Pink (Hybride Indica Dominant)<br \/>\nMaui Vaui (Sativa)<br \/>\nMimosa (hybride \u00e0 dominance sativa)<\/p>\n<p>Hyper Lemon Haze (Hybride \u00e0 pr\u00e9dominance Sativa)<br \/>\nWhite Castle (hybride \u00e0 dominante indica)<br \/>\nLa mort des col\u00e9opt\u00e8res (Indica)<br \/>\nLord Bud, un indica<br \/>\nTruffes tropicales principalement compos\u00e9es de Sativa<br \/>\nLemon Diesel : principalement une sativa<br \/>\nHerbal breath (hybride \u00e0 dominante indica)<br \/>\nPink Beetle (hybride \u00e0 dominante indica)<br \/>\nCake Crasher, un hybride \u00e0 dominance sativa<br \/>\nRockstar (hybride \u00e0 dominante indica)<br \/>\nTHC Live Diamonds : Superior Extract - achat THC, achat THC Live Diamonds, achat THC Live Diamonds en ligne, O\u00f9 acheter THC Live Diamonds : Superior Extract, THC Live Diamonds : Superior Extract \u00e0 vendre, acheter THC Live en ligne, o\u00f9 acheter THC Live Diamonds : Superior Extract en ligne, THC Live Diamonds : Superior Extract \u00e0 vendre aux Etats-Unis, au Canada, au Royaume-Uni, achat en ligne, fournisseurs, livraison s\u00e9curis\u00e9e, THC Live Diamonds : Superior Extract est toujours disponible. Est-ce que THC<\/p>\n<p>L'extrait THC Live Diamonds-Superior est-il l\u00e9gal au Canada ? L'extrait Live Diamonds-Superior est-il l\u00e9gal aux \u00c9tats-Unis ? Comment puis-je me procurer le THC Live Diamonds-Superior Extract ?<\/p>","protected":false},"excerpt":{"rendered":"<p>Purchase THC Live Diamonds- Superior Extract Online THC Live Diamonds: An Excellent Remedy. Because Superior THC Live Diamonds are made of live resin, which helps to preserve terpenes, the concentrate has a more sensual quality! The viscous living resin is enclosed in a pressure vessel and allowed to come to room temperature. In this mixture, &hellip;<\/p>\n<p class=\"read-more\"> <a class=\"\" href=\"https:\/\/legitgrams.com\/fr\/produit\/thc-live-diamonds-superior-extract-2\/\"> <span class=\"screen-reader-text\">THC Live Diamonds - Extrait sup\u00e9rieur<\/span> Lire la suite \"<\/a><\/p>","protected":false},"featured_media":5350,"comment_status":"open","ping_status":"closed","template":"","meta":{"_uag_custom_page_level_css":"","site-sidebar-layout":"default","site-content-layout":"default","ast-global-header-display":"","ast-main-header-display":"","ast-hfb-above-header-display":"","ast-hfb-below-header-display":"","ast-hfb-mobile-header-display":"","site-post-title":"","ast-breadcrumbs-content":"","ast-featured-img":"","footer-sml-layout":"","theme-transparent-header-meta":"default","adv-header-id-meta":"","stick-header-meta":"default","header-above-stick-meta":"","header-main-stick-meta":"","header-below-stick-meta":"","_joinchat":[]},"product_brand":[],"product_cat":[605,604],"product_tag":[2555,2545,617,2537,2552,2549,2544,2542,2554,2551,2536,2539,2547,2538,2548,2550,2540,2557,2558,2556,2553,625,2543,2546,2541],"class_list":{"0":"post-4177","1":"product","2":"type-product","3":"status-publish","4":"has-post-thumbnail","6":"product_cat-hash-hashish","7":"product_cat-shatter","8":"product_tag-best-cheap-price-thc-live-diamonds-superior-extract","9":"product_tag-best-place-to-buy-thc-live-diamonds-superior-extract","10":"product_tag-bulk-online","11":"product_tag-buy-thc-live-diamonds-superior-extract","12":"product_tag-cheap-thc-live-diamonds-superior-extract","13":"product_tag-high-quality-thc-live-diamonds-superior-extract","14":"product_tag-how-to-buy-thc-live-diamonds-superior-extract","15":"product_tag-order-thc-live-diamonds-superior-extract","16":"product_tag-purcharse-thc-live-diamonds-superior-extract","17":"product_tag-shop-thc-live-diamonds-superior-extract","18":"product_tag-thc-live-diamonds-superior-extract","19":"product_tag-thc-live-diamonds-superior-extract-for-sale","20":"product_tag-thc-live-diamonds-superior-extract-legally","21":"product_tag-thc-live-diamonds-superior-extract-online","22":"product_tag-thc-live-diamonds-superior-extract-price","23":"product_tag-thc-live-diamonds-superior-extract-store","24":"product_tag-thc-live-diamonds-superior-extract-thc-live-diamonds-superior-extract-supplier","25":"product_tag-thc-live-diamonds-superior-extract-use","26":"product_tag-thc-live-diamonds-superior-extract-wiki","27":"product_tag-thc-live-diamonds-superior-extract-worldwide","28":"product_tag-thc-live-diamonds-superior-extracts","29":"product_tag-top-quality","30":"product_tag-where-to-buy-thc-live-diamonds-superior-extract","31":"product_tag-where-to-order-thc-live-diamonds-superior-extract","32":"product_tag-wholesale-thc-live-diamonds-superior-extract","33":"desktop-align-left","34":"tablet-align-left","35":"mobile-align-left","36":"ast-product-gallery-layout-horizontal","37":"ast-product-gallery-with-no-image","38":"ast-product-single-variable","39":"ast-product-tabs-layout-horizontal","40":"ast-qv-on-image","42":"first","43":"instock","44":"shipping-taxable","45":"purchasable","46":"product-type-variable"},"yoast_head":"<!-- This site is optimized with the Yoast SEO plugin v25.9 - https:\/\/yoast.com\/wordpress\/plugins\/seo\/ -->\n<title>Buy THC Live Diamonds - Legit Grams<\/title>\n<meta name=\"description\" content=\"Buy THC Live Diamonds, 99% Pure THCa Diamonds, a testament to precision, potency, and uncompromising quality. Available in convenient 2g, indulgent 100g.\" \/>\n<meta name=\"robots\" content=\"index, follow, max-snippet:-1, max-image-preview:large, max-video-preview:-1\" \/>\n<link rel=\"canonical\" href=\"https:\/\/legitgrams.com\/fr\/produit\/thc-live-diamonds-superior-extract-2\/\" \/>\n<meta property=\"og:locale\" content=\"fr_FR\" \/>\n<meta property=\"og:type\" content=\"article\" \/>\n<meta property=\"og:title\" content=\"Buy THC Live Diamonds - Legit Grams\" \/>\n<meta property=\"og:description\" content=\"Buy THC Live Diamonds, 99% Pure THCa Diamonds, a testament to precision, potency, and uncompromising quality. Available in convenient 2g, indulgent 100g.\" \/>\n<meta property=\"og:url\" content=\"https:\/\/legitgrams.com\/fr\/produit\/thc-live-diamonds-superior-extract-2\/\" \/>\n<meta property=\"og:site_name\" content=\"Legit Grams\" \/>\n<meta property=\"article:modified_time\" content=\"2025-01-15T05:44:16+00:00\" \/>\n<meta property=\"og:image\" content=\"https:\/\/legitgrams.com\/wp-content\/uploads\/2024\/09\/Buy-THC-Live-Diamonds-Superior-Extract-1.jpg\" \/>\n\t<meta property=\"og:image:width\" content=\"600\" \/>\n\t<meta property=\"og:image:height\" content=\"600\" \/>\n\t<meta property=\"og:image:type\" content=\"image\/jpeg\" \/>\n<meta name=\"twitter:card\" content=\"summary_large_image\" \/>\n<meta name=\"twitter:label1\" content=\"Dur\u00e9e de lecture est.\" \/>\n\t<meta name=\"twitter:data1\" content=\"2 minutes\" \/>\n<script type=\"application\/ld+json\" class=\"yoast-schema-graph\">{\"@context\":\"https:\/\/schema.org\",\"@graph\":[{\"@type\":\"WebPage\",\"@id\":\"https:\/\/legitgrams.com\/product\/thc-live-diamonds-superior-extract-2\/\",\"url\":\"https:\/\/legitgrams.com\/product\/thc-live-diamonds-superior-extract-2\/\",\"name\":\"Buy THC Live Diamonds - Legit Grams\",\"isPartOf\":{\"@id\":\"https:\/\/legitgrams.com\/#website\"},\"primaryImageOfPage\":{\"@id\":\"https:\/\/legitgrams.com\/product\/thc-live-diamonds-superior-extract-2\/#primaryimage\"},\"image\":{\"@id\":\"https:\/\/legitgrams.com\/product\/thc-live-diamonds-superior-extract-2\/#primaryimage\"},\"thumbnailUrl\":\"https:\/\/legitgrams.com\/wp-content\/uploads\/2024\/09\/Buy-THC-Live-Diamonds-Superior-Extract-1.jpg\",\"datePublished\":\"2024-09-21T11:53:49+00:00\",\"dateModified\":\"2025-01-15T05:44:16+00:00\",\"description\":\"Buy THC Live Diamonds, 99% Pure THCa Diamonds, a testament to precision, potency, and uncompromising quality. Available in convenient 2g, indulgent 100g.\",\"breadcrumb\":{\"@id\":\"https:\/\/legitgrams.com\/product\/thc-live-diamonds-superior-extract-2\/#breadcrumb\"},\"inLanguage\":\"fr-BE\",\"potentialAction\":[{\"@type\":\"ReadAction\",\"target\":[\"https:\/\/legitgrams.com\/product\/thc-live-diamonds-superior-extract-2\/\"]}]},{\"@type\":\"ImageObject\",\"inLanguage\":\"fr-BE\",\"@id\":\"https:\/\/legitgrams.com\/product\/thc-live-diamonds-superior-extract-2\/#primaryimage\",\"url\":\"https:\/\/legitgrams.com\/wp-content\/uploads\/2024\/09\/Buy-THC-Live-Diamonds-Superior-Extract-1.jpg\",\"contentUrl\":\"https:\/\/legitgrams.com\/wp-content\/uploads\/2024\/09\/Buy-THC-Live-Diamonds-Superior-Extract-1.jpg\",\"width\":600,\"height\":600,\"caption\":\"Buy-THC-Live-Diamonds-Superior-Extract-1\"},{\"@type\":\"BreadcrumbList\",\"@id\":\"https:\/\/legitgrams.com\/product\/thc-live-diamonds-superior-extract-2\/#breadcrumb\",\"itemListElement\":[{\"@type\":\"ListItem\",\"position\":1,\"name\":\"Home\",\"item\":\"https:\/\/legitgrams.com\/\"},{\"@type\":\"ListItem\",\"position\":2,\"name\":\"Shop\",\"item\":\"https:\/\/legitgrams.com\/shop\/\"},{\"@type\":\"ListItem\",\"position\":3,\"name\":\"THC Live Diamonds- Superior Extract\"}]},{\"@type\":\"WebSite\",\"@id\":\"https:\/\/legitgrams.com\/#website\",\"url\":\"https:\/\/legitgrams.com\/\",\"name\":\"Legit Grams\",\"description\":\"My WordPress Blog\",\"publisher\":{\"@id\":\"https:\/\/legitgrams.com\/#organization\"},\"potentialAction\":[{\"@type\":\"SearchAction\",\"target\":{\"@type\":\"EntryPoint\",\"urlTemplate\":\"https:\/\/legitgrams.com\/?s={search_term_string}\"},\"query-input\":{\"@type\":\"PropertyValueSpecification\",\"valueRequired\":true,\"valueName\":\"search_term_string\"}}],\"inLanguage\":\"fr-BE\"},{\"@type\":\"Organization\",\"@id\":\"https:\/\/legitgrams.com\/#organization\",\"name\":\"Legit Grams\",\"url\":\"https:\/\/legitgrams.com\/\",\"logo\":{\"@type\":\"ImageObject\",\"inLanguage\":\"fr-BE\",\"@id\":\"https:\/\/legitgrams.com\/#\/schema\/logo\/image\/\",\"url\":\"https:\/\/legitgrams.com\/wp-content\/uploads\/2024\/09\/main-logo.png\",\"contentUrl\":\"https:\/\/legitgrams.com\/wp-content\/uploads\/2024\/09\/main-logo.png\",\"width\":270,\"height\":75,\"caption\":\"Legit Grams\"},\"image\":{\"@id\":\"https:\/\/legitgrams.com\/#\/schema\/logo\/image\/\"}}]}<\/script>\n<!-- \/ Yoast SEO plugin. -->","yoast_head_json":{"title":"Acheter THC Live Diamonds - Legit Grams","description":"Achetez THC Live Diamonds, 99% Pure THCa Diamonds, un testament de pr\u00e9cision, de puissance et de qualit\u00e9 sans compromis. Disponible en 2g et 100g.","robots":{"index":"index","follow":"follow","max-snippet":"max-snippet:-1","max-image-preview":"max-image-preview:large","max-video-preview":"max-video-preview:-1"},"canonical":"https:\/\/legitgrams.com\/fr\/produit\/thc-live-diamonds-superior-extract-2\/","og_locale":"fr_FR","og_type":"article","og_title":"Buy THC Live Diamonds - Legit Grams","og_description":"Buy THC Live Diamonds, 99% Pure THCa Diamonds, a testament to precision, potency, and uncompromising quality. Available in convenient 2g, indulgent 100g.","og_url":"https:\/\/legitgrams.com\/fr\/produit\/thc-live-diamonds-superior-extract-2\/","og_site_name":"Legit Grams","article_modified_time":"2025-01-15T05:44:16+00:00","og_image":[{"width":600,"height":600,"url":"https:\/\/legitgrams.com\/wp-content\/uploads\/2024\/09\/Buy-THC-Live-Diamonds-Superior-Extract-1.jpg","type":"image\/jpeg"}],"twitter_card":"summary_large_image","twitter_misc":{"Dur\u00e9e de lecture est.":"2 minutes"},"schema":{"@context":"https:\/\/schema.org","@graph":[{"@type":"WebPage","@id":"https:\/\/legitgrams.com\/product\/thc-live-diamonds-superior-extract-2\/","url":"https:\/\/legitgrams.com\/product\/thc-live-diamonds-superior-extract-2\/","name":"Acheter THC Live Diamonds - Legit Grams","isPartOf":{"@id":"https:\/\/legitgrams.com\/#website"},"primaryImageOfPage":{"@id":"https:\/\/legitgrams.com\/product\/thc-live-diamonds-superior-extract-2\/#primaryimage"},"image":{"@id":"https:\/\/legitgrams.com\/product\/thc-live-diamonds-superior-extract-2\/#primaryimage"},"thumbnailUrl":"https:\/\/legitgrams.com\/wp-content\/uploads\/2024\/09\/Buy-THC-Live-Diamonds-Superior-Extract-1.jpg","datePublished":"2024-09-21T11:53:49+00:00","dateModified":"2025-01-15T05:44:16+00:00","description":"Achetez THC Live Diamonds, 99% Pure THCa Diamonds, un testament de pr\u00e9cision, de puissance et de qualit\u00e9 sans compromis. Disponible en 2g et 100g.","breadcrumb":{"@id":"https:\/\/legitgrams.com\/product\/thc-live-diamonds-superior-extract-2\/#breadcrumb"},"inLanguage":"fr-BE","potentialAction":[{"@type":"ReadAction","target":["https:\/\/legitgrams.com\/product\/thc-live-diamonds-superior-extract-2\/"]}]},{"@type":"ImageObject","inLanguage":"fr-BE","@id":"https:\/\/legitgrams.com\/product\/thc-live-diamonds-superior-extract-2\/#primaryimage","url":"https:\/\/legitgrams.com\/wp-content\/uploads\/2024\/09\/Buy-THC-Live-Diamonds-Superior-Extract-1.jpg","contentUrl":"https:\/\/legitgrams.com\/wp-content\/uploads\/2024\/09\/Buy-THC-Live-Diamonds-Superior-Extract-1.jpg","width":600,"height":600,"caption":"Buy-THC-Live-Diamonds-Superior-Extract-1"},{"@type":"BreadcrumbList","@id":"https:\/\/legitgrams.com\/product\/thc-live-diamonds-superior-extract-2\/#breadcrumb","itemListElement":[{"@type":"ListItem","position":1,"name":"Home","item":"https:\/\/legitgrams.com\/"},{"@type":"ListItem","position":2,"name":"Shop","item":"https:\/\/legitgrams.com\/shop\/"},{"@type":"ListItem","position":3,"name":"THC Live Diamonds- Superior Extract"}]},{"@type":"WebSite","@id":"https:\/\/legitgrams.com\/#website","url":"https:\/\/legitgrams.com\/","name":"Les grammes l\u00e9gitimes","description":"Mon blog WordPress","publisher":{"@id":"https:\/\/legitgrams.com\/#organization"},"potentialAction":[{"@type":"SearchAction","target":{"@type":"EntryPoint","urlTemplate":"https:\/\/legitgrams.com\/?s={search_term_string}"},"query-input":{"@type":"PropertyValueSpecification","valueRequired":true,"valueName":"search_term_string"}}],"inLanguage":"fr-BE"},{"@type":"Organization","@id":"https:\/\/legitgrams.com\/#organization","name":"Les grammes l\u00e9gitimes","url":"https:\/\/legitgrams.com\/","logo":{"@type":"ImageObject","inLanguage":"fr-BE","@id":"https:\/\/legitgrams.com\/#\/schema\/logo\/image\/","url":"https:\/\/legitgrams.com\/wp-content\/uploads\/2024\/09\/main-logo.png","contentUrl":"https:\/\/legitgrams.com\/wp-content\/uploads\/2024\/09\/main-logo.png","width":270,"height":75,"caption":"Legit Grams"},"image":{"@id":"https:\/\/legitgrams.com\/#\/schema\/logo\/image\/"}}]}},"uagb_featured_image_src":{"full":["https:\/\/legitgrams.com\/wp-content\/uploads\/2024\/09\/Buy-THC-Live-Diamonds-Superior-Extract-1.jpg",600,600,false],"thumbnail":["https:\/\/legitgrams.com\/wp-content\/uploads\/2024\/09\/Buy-THC-Live-Diamonds-Superior-Extract-1-150x150.jpg",150,150,true],"medium":["https:\/\/legitgrams.com\/wp-content\/uploads\/2024\/09\/Buy-THC-Live-Diamonds-Superior-Extract-1-300x300.jpg",300,300,true],"medium_large":["https:\/\/legitgrams.com\/wp-content\/uploads\/2024\/09\/Buy-THC-Live-Diamonds-Superior-Extract-1.jpg",600,600,false],"large":["https:\/\/legitgrams.com\/wp-content\/uploads\/2024\/09\/Buy-THC-Live-Diamonds-Superior-Extract-1.jpg",600,600,false],"1536x1536":["https:\/\/legitgrams.com\/wp-content\/uploads\/2024\/09\/Buy-THC-Live-Diamonds-Superior-Extract-1.jpg",600,600,false],"2048x2048":["https:\/\/legitgrams.com\/wp-content\/uploads\/2024\/09\/Buy-THC-Live-Diamonds-Superior-Extract-1.jpg",600,600,false],"trp-custom-language-flag":["https:\/\/legitgrams.com\/wp-content\/uploads\/2024\/09\/Buy-THC-Live-Diamonds-Superior-Extract-1-12x12.jpg",12,12,true],"woocommerce_thumbnail":["https:\/\/legitgrams.com\/wp-content\/uploads\/2024\/09\/Buy-THC-Live-Diamonds-Superior-Extract-1-300x300.jpg",300,300,true],"woocommerce_single":["https:\/\/legitgrams.com\/wp-content\/uploads\/2024\/09\/Buy-THC-Live-Diamonds-Superior-Extract-1.jpg",600,600,false],"woocommerce_gallery_thumbnail":["https:\/\/legitgrams.com\/wp-content\/uploads\/2024\/09\/Buy-THC-Live-Diamonds-Superior-Extract-1-100x100.jpg",100,100,true]},"uagb_author_info":{"display_name":"cokeblog18","author_link":"https:\/\/legitgrams.com\/fr\/author\/"},"uagb_comment_info":0,"uagb_excerpt":"Purchase THC Live Diamonds- Superior Extract Online THC Live Diamonds: An Excellent Remedy. Because Superior THC Live Diamonds are made of live resin, which helps to preserve terpenes, the concentrate has a more sensual quality! The viscous living resin is enclosed in a pressure vessel and allowed to come to room temperature. In this mixture,&hellip;","_links":{"self":[{"href":"https:\/\/legitgrams.com\/fr\/wp-json\/wp\/v2\/product\/4177","targetHints":{"allow":["GET"]}}],"collection":[{"href":"https:\/\/legitgrams.com\/fr\/wp-json\/wp\/v2\/product"}],"about":[{"href":"https:\/\/legitgrams.com\/fr\/wp-json\/wp\/v2\/types\/product"}],"replies":[{"embeddable":true,"href":"https:\/\/legitgrams.com\/fr\/wp-json\/wp\/v2\/comments?post=4177"}],"wp:featuredmedia":[{"embeddable":true,"href":"https:\/\/legitgrams.com\/fr\/wp-json\/wp\/v2\/media\/5350"}],"wp:attachment":[{"href":"https:\/\/legitgrams.com\/fr\/wp-json\/wp\/v2\/media?parent=4177"}],"wp:term":[{"taxonomy":"product_brand","embeddable":true,"href":"https:\/\/legitgrams.com\/fr\/wp-json\/wp\/v2\/product_brand?post=4177"},{"taxonomy":"product_cat","embeddable":true,"href":"https:\/\/legitgrams.com\/fr\/wp-json\/wp\/v2\/product_cat?post=4177"},{"taxonomy":"product_tag","embeddable":true,"href":"https:\/\/legitgrams.com\/fr\/wp-json\/wp\/v2\/product_tag?post=4177"}],"curies":[{"name":"wp","href":"https:\/\/api.w.org\/{rel}","templated":true}]}}