{"id":4181,"date":"2024-09-21T12:13:22","date_gmt":"2024-09-21T12:13:22","guid":{"rendered":"https:\/\/legitgrams.com\/?post_type=product&#038;p=4181"},"modified":"2025-01-14T10:25:59","modified_gmt":"2025-01-14T10:25:59","slug":"nyc-diesel-budder","status":"publish","type":"product","link":"https:\/\/legitgrams.com\/fr\/produit\/nyc-diesel-budder\/","title":{"rendered":"NYC Diesel Budder (en anglais)"},"content":{"rendered":"<h2>Achetez NYC Diesel Budder en ligne chez Top Shelf<\/h2>\n<p><a href=\"https:\/\/legitgrams.com\/fr\/produit\/nyc-diesel-budder\/\">Diesel NYC<\/a> est un hybride \u00e0 dominante sativa 60% combinant l'ADN des landraces afghane et mexicaine. Elle sent fortement une combinaison d'agrumes aigres et de pamplemousses acidul\u00e9s. Gr\u00e2ce \u00e0 sa puissante stimulation c\u00e9r\u00e9brale qui favorise la vigilance et la clart\u00e9 mentale, NYC Diesel est une excellente vari\u00e9t\u00e9 \u00e0 utiliser pendant la journ\u00e9e. La NYC Diesel est une excellente vari\u00e9t\u00e9 pour traiter la tristesse car, en plus de ses effets stimulants, elle \u00e9l\u00e8ve l'humeur et stimule la cr\u00e9ativit\u00e9. Avec le temps, les effets de cette vari\u00e9t\u00e9 am\u00e8nent le corps \u00e0 un l\u00e9ger niveau de relaxation qui ne produit pas de fatigue, mais qui peut favoriser l'app\u00e9tit chez certains utilisateurs. La NYC Diesel est la plus efficace pour traiter la tristesse persistante, l'anxi\u00e9t\u00e9, les douleurs li\u00e9es \u00e0 l'anxi\u00e9t\u00e9 sociale, la diminution de l'app\u00e9tit et la d\u00e9pression. <a href=\"https:\/\/legitgrams.com\/fr\/\">LegitGrams<\/a><\/p>\n<p>Top Shelf : Acheter NYC Diesel Budder - Acheter NYC Diesel Budder, Acheter NYC Diesel Budder en ligne, O\u00f9 acheter NYC Diesel Budder, Acheter NYC Diesel Budder. <a href=\"https:\/\/en.wikipedia.org\/wiki\/Sour_Diesel\">Diesel NYC<\/a> Budder, Diesel Budder \u00e0 vendre, acheter NYC Diesel Budder en ligne, o\u00f9 acheter NYC Diesel Budder, acheter NYC Diesel Budder aux Etats-Unis, au Canada, au Royaume-Uni, acheter, en ligne, fournisseurs, livraison s\u00e9curis\u00e9e Il est encore possible d'obtenir NYC Diesel Budder. Vous pouvez \u00e9galement savoir s'il est l\u00e9gal aux \u00c9tats-Unis, comment le commander en ligne et s'il est l\u00e9gal au Canada.<\/p>","protected":false},"excerpt":{"rendered":"<p>Purchase NYC Diesel Budder Online at Top Shelf NYC Diesel is a 60% sativa-dominant hybrid combining Afghani and Mexican landrace DNA. It smells strongly of a combination of sour citrus fruits and tart grapefruits. Due to its potent cerebral stimulation that promotes alertness and mental clarity, NYC Diesel is an excellent strain to use during &hellip;<\/p>\n<p class=\"read-more\"> <a class=\"\" href=\"https:\/\/legitgrams.com\/fr\/produit\/nyc-diesel-budder\/\"> <span class=\"screen-reader-text\">NYC Diesel Budder (en anglais)<\/span> Lire la suite \"<\/a><\/p>","protected":false},"featured_media":5393,"comment_status":"open","ping_status":"closed","template":"","meta":{"_uag_custom_page_level_css":"","site-sidebar-layout":"default","site-content-layout":"default","ast-global-header-display":"","ast-main-header-display":"","ast-hfb-above-header-display":"","ast-hfb-below-header-display":"","ast-hfb-mobile-header-display":"","site-post-title":"","ast-breadcrumbs-content":"","ast-featured-img":"","footer-sml-layout":"","theme-transparent-header-meta":"default","adv-header-id-meta":"","stick-header-meta":"default","header-above-stick-meta":"","header-main-stick-meta":"","header-below-stick-meta":"","_joinchat":[]},"product_brand":[],"product_cat":[606],"product_tag":[2578,2568,617,2560,2575,2572,2567,2559,2562,2570,2563,2561,2571,2573,2580,2581,2579,2576,2565,2577,2574,625,2566,2569,2564],"class_list":{"0":"post-4181","1":"product","2":"type-product","3":"status-publish","4":"has-post-thumbnail","6":"product_cat-marijuana-wax","7":"product_tag-best-cheap-price-nyc-diesel-budder","8":"product_tag-best-place-to-buy-nyc-diesel-budder","9":"product_tag-bulk-online","10":"product_tag-buy-nyc-diesel-budder","11":"product_tag-cheap-nyc-diesel-budder","12":"product_tag-high-quality-nyc-diesel-budder","13":"product_tag-how-to-buy-nyc-diesel-budder","14":"product_tag-nyc-diesel-budder","15":"product_tag-nyc-diesel-budder-for-sale","16":"product_tag-nyc-diesel-budder-legally","17":"product_tag-nyc-diesel-budder-nyc-diesel-budder-supplier","18":"product_tag-nyc-diesel-budder-online","19":"product_tag-nyc-diesel-budder-price","20":"product_tag-nyc-diesel-budder-store","21":"product_tag-nyc-diesel-budder-use","22":"product_tag-nyc-diesel-budder-wiki","23":"product_tag-nyc-diesel-budder-worldwide","24":"product_tag-nyc-diesel-budders","25":"product_tag-order-nyc-diesel-budder","26":"product_tag-purcharse-nyc-diesel-budder","27":"product_tag-shop-nyc-diesel-budder","28":"product_tag-top-quality","29":"product_tag-where-to-buy-nyc-diesel-budder","30":"product_tag-where-to-order-nyc-diesel-budder","31":"product_tag-wholesale-nyc-diesel-budder","32":"desktop-align-left","33":"tablet-align-left","34":"mobile-align-left","35":"ast-product-gallery-layout-horizontal","36":"ast-product-gallery-with-no-image","37":"ast-product-single-variable","38":"ast-product-tabs-layout-horizontal","39":"ast-qv-on-image","41":"first","42":"instock","43":"shipping-taxable","44":"purchasable","45":"product-type-variable"},"yoast_head":"<!-- This site is optimized with the Yoast SEO plugin v25.9 - https:\/\/yoast.com\/wordpress\/plugins\/seo\/ -->\n<title>NYC Diesel Budder for Sale - Order NYC Diesel Budder Online<\/title>\n<meta name=\"description\" content=\"If you want to buy NYC Diesel Budder online and looking for a reliable online store, then buy here. We offer only high-quality NYC Diesel Budder for sale at an affordable price. Order NYC Diesel Budder Now!\" \/>\n<meta name=\"robots\" content=\"index, follow, max-snippet:-1, max-image-preview:large, max-video-preview:-1\" \/>\n<link rel=\"canonical\" href=\"https:\/\/legitgrams.com\/fr\/produit\/nyc-diesel-budder\/\" \/>\n<meta property=\"og:locale\" content=\"fr_FR\" \/>\n<meta property=\"og:type\" content=\"article\" \/>\n<meta property=\"og:title\" content=\"NYC Diesel Budder for Sale - Order NYC Diesel Budder Online\" \/>\n<meta property=\"og:description\" content=\"If you want to buy NYC Diesel Budder online and looking for a reliable online store, then buy here. We offer only high-quality NYC Diesel Budder for sale at an affordable price. Order NYC Diesel Budder Now!\" \/>\n<meta property=\"og:url\" content=\"https:\/\/legitgrams.com\/fr\/produit\/nyc-diesel-budder\/\" \/>\n<meta property=\"og:site_name\" content=\"Legit Grams\" \/>\n<meta property=\"article:modified_time\" content=\"2025-01-14T10:25:59+00:00\" \/>\n<meta property=\"og:image\" content=\"https:\/\/legitgrams.com\/wp-content\/uploads\/2024\/09\/Buy-NYC-Diesel-Budder.jpg\" \/>\n\t<meta property=\"og:image:width\" content=\"600\" \/>\n\t<meta property=\"og:image:height\" content=\"600\" \/>\n\t<meta property=\"og:image:type\" content=\"image\/jpeg\" \/>\n<meta name=\"twitter:card\" content=\"summary_large_image\" \/>\n<meta name=\"twitter:label1\" content=\"Dur\u00e9e de lecture est.\" \/>\n\t<meta name=\"twitter:data1\" content=\"2 minutes\" \/>\n<script type=\"application\/ld+json\" class=\"yoast-schema-graph\">{\"@context\":\"https:\/\/schema.org\",\"@graph\":[{\"@type\":\"WebPage\",\"@id\":\"https:\/\/legitgrams.com\/product\/nyc-diesel-budder\/\",\"url\":\"https:\/\/legitgrams.com\/product\/nyc-diesel-budder\/\",\"name\":\"NYC Diesel Budder for Sale - Order NYC Diesel Budder Online\",\"isPartOf\":{\"@id\":\"https:\/\/legitgrams.com\/#website\"},\"primaryImageOfPage\":{\"@id\":\"https:\/\/legitgrams.com\/product\/nyc-diesel-budder\/#primaryimage\"},\"image\":{\"@id\":\"https:\/\/legitgrams.com\/product\/nyc-diesel-budder\/#primaryimage\"},\"thumbnailUrl\":\"https:\/\/legitgrams.com\/wp-content\/uploads\/2024\/09\/Buy-NYC-Diesel-Budder.jpg\",\"datePublished\":\"2024-09-21T12:13:22+00:00\",\"dateModified\":\"2025-01-14T10:25:59+00:00\",\"description\":\"If you want to buy NYC Diesel Budder online and looking for a reliable online store, then buy here. We offer only high-quality NYC Diesel Budder for sale at an affordable price. Order NYC Diesel Budder Now!\",\"breadcrumb\":{\"@id\":\"https:\/\/legitgrams.com\/product\/nyc-diesel-budder\/#breadcrumb\"},\"inLanguage\":\"fr-BE\",\"potentialAction\":[{\"@type\":\"ReadAction\",\"target\":[\"https:\/\/legitgrams.com\/product\/nyc-diesel-budder\/\"]}]},{\"@type\":\"ImageObject\",\"inLanguage\":\"fr-BE\",\"@id\":\"https:\/\/legitgrams.com\/product\/nyc-diesel-budder\/#primaryimage\",\"url\":\"https:\/\/legitgrams.com\/wp-content\/uploads\/2024\/09\/Buy-NYC-Diesel-Budder.jpg\",\"contentUrl\":\"https:\/\/legitgrams.com\/wp-content\/uploads\/2024\/09\/Buy-NYC-Diesel-Budder.jpg\",\"width\":600,\"height\":600,\"caption\":\"NYC Diesel Budder for Sale\"},{\"@type\":\"BreadcrumbList\",\"@id\":\"https:\/\/legitgrams.com\/product\/nyc-diesel-budder\/#breadcrumb\",\"itemListElement\":[{\"@type\":\"ListItem\",\"position\":1,\"name\":\"Home\",\"item\":\"https:\/\/legitgrams.com\/\"},{\"@type\":\"ListItem\",\"position\":2,\"name\":\"Shop\",\"item\":\"https:\/\/legitgrams.com\/shop\/\"},{\"@type\":\"ListItem\",\"position\":3,\"name\":\"NYC Diesel Budder\"}]},{\"@type\":\"WebSite\",\"@id\":\"https:\/\/legitgrams.com\/#website\",\"url\":\"https:\/\/legitgrams.com\/\",\"name\":\"Legit Grams\",\"description\":\"My WordPress Blog\",\"publisher\":{\"@id\":\"https:\/\/legitgrams.com\/#organization\"},\"potentialAction\":[{\"@type\":\"SearchAction\",\"target\":{\"@type\":\"EntryPoint\",\"urlTemplate\":\"https:\/\/legitgrams.com\/?s={search_term_string}\"},\"query-input\":{\"@type\":\"PropertyValueSpecification\",\"valueRequired\":true,\"valueName\":\"search_term_string\"}}],\"inLanguage\":\"fr-BE\"},{\"@type\":\"Organization\",\"@id\":\"https:\/\/legitgrams.com\/#organization\",\"name\":\"Legit Grams\",\"url\":\"https:\/\/legitgrams.com\/\",\"logo\":{\"@type\":\"ImageObject\",\"inLanguage\":\"fr-BE\",\"@id\":\"https:\/\/legitgrams.com\/#\/schema\/logo\/image\/\",\"url\":\"https:\/\/legitgrams.com\/wp-content\/uploads\/2024\/09\/main-logo.png\",\"contentUrl\":\"https:\/\/legitgrams.com\/wp-content\/uploads\/2024\/09\/main-logo.png\",\"width\":270,\"height\":75,\"caption\":\"Legit Grams\"},\"image\":{\"@id\":\"https:\/\/legitgrams.com\/#\/schema\/logo\/image\/\"}}]}<\/script>\n<!-- \/ Yoast SEO plugin. -->","yoast_head_json":{"title":"NYC Diesel Budder \u00e0 vendre - Commander NYC Diesel Budder en ligne","description":"Si vous voulez acheter NYC Diesel Budder en ligne et que vous cherchez un magasin en ligne fiable, alors achetez ici. Nous proposons uniquement des NYC Diesel Budder de haute qualit\u00e9 \u00e0 la vente \u00e0 un prix abordable. Commandez NYC Diesel Budder maintenant !","robots":{"index":"index","follow":"follow","max-snippet":"max-snippet:-1","max-image-preview":"max-image-preview:large","max-video-preview":"max-video-preview:-1"},"canonical":"https:\/\/legitgrams.com\/fr\/produit\/nyc-diesel-budder\/","og_locale":"fr_FR","og_type":"article","og_title":"NYC Diesel Budder for Sale - Order NYC Diesel Budder Online","og_description":"If you want to buy NYC Diesel Budder online and looking for a reliable online store, then buy here. We offer only high-quality NYC Diesel Budder for sale at an affordable price. Order NYC Diesel Budder Now!","og_url":"https:\/\/legitgrams.com\/fr\/produit\/nyc-diesel-budder\/","og_site_name":"Legit Grams","article_modified_time":"2025-01-14T10:25:59+00:00","og_image":[{"width":600,"height":600,"url":"https:\/\/legitgrams.com\/wp-content\/uploads\/2024\/09\/Buy-NYC-Diesel-Budder.jpg","type":"image\/jpeg"}],"twitter_card":"summary_large_image","twitter_misc":{"Dur\u00e9e de lecture est.":"2 minutes"},"schema":{"@context":"https:\/\/schema.org","@graph":[{"@type":"WebPage","@id":"https:\/\/legitgrams.com\/product\/nyc-diesel-budder\/","url":"https:\/\/legitgrams.com\/product\/nyc-diesel-budder\/","name":"NYC Diesel Budder \u00e0 vendre - Commander NYC Diesel Budder en ligne","isPartOf":{"@id":"https:\/\/legitgrams.com\/#website"},"primaryImageOfPage":{"@id":"https:\/\/legitgrams.com\/product\/nyc-diesel-budder\/#primaryimage"},"image":{"@id":"https:\/\/legitgrams.com\/product\/nyc-diesel-budder\/#primaryimage"},"thumbnailUrl":"https:\/\/legitgrams.com\/wp-content\/uploads\/2024\/09\/Buy-NYC-Diesel-Budder.jpg","datePublished":"2024-09-21T12:13:22+00:00","dateModified":"2025-01-14T10:25:59+00:00","description":"Si vous voulez acheter NYC Diesel Budder en ligne et que vous cherchez un magasin en ligne fiable, alors achetez ici. Nous proposons uniquement des NYC Diesel Budder de haute qualit\u00e9 \u00e0 la vente \u00e0 un prix abordable. Commandez NYC Diesel Budder maintenant !","breadcrumb":{"@id":"https:\/\/legitgrams.com\/product\/nyc-diesel-budder\/#breadcrumb"},"inLanguage":"fr-BE","potentialAction":[{"@type":"ReadAction","target":["https:\/\/legitgrams.com\/product\/nyc-diesel-budder\/"]}]},{"@type":"ImageObject","inLanguage":"fr-BE","@id":"https:\/\/legitgrams.com\/product\/nyc-diesel-budder\/#primaryimage","url":"https:\/\/legitgrams.com\/wp-content\/uploads\/2024\/09\/Buy-NYC-Diesel-Budder.jpg","contentUrl":"https:\/\/legitgrams.com\/wp-content\/uploads\/2024\/09\/Buy-NYC-Diesel-Budder.jpg","width":600,"height":600,"caption":"NYC Diesel Budder for Sale"},{"@type":"BreadcrumbList","@id":"https:\/\/legitgrams.com\/product\/nyc-diesel-budder\/#breadcrumb","itemListElement":[{"@type":"ListItem","position":1,"name":"Home","item":"https:\/\/legitgrams.com\/"},{"@type":"ListItem","position":2,"name":"Shop","item":"https:\/\/legitgrams.com\/shop\/"},{"@type":"ListItem","position":3,"name":"NYC Diesel Budder"}]},{"@type":"WebSite","@id":"https:\/\/legitgrams.com\/#website","url":"https:\/\/legitgrams.com\/","name":"Les grammes l\u00e9gitimes","description":"Mon blog WordPress","publisher":{"@id":"https:\/\/legitgrams.com\/#organization"},"potentialAction":[{"@type":"SearchAction","target":{"@type":"EntryPoint","urlTemplate":"https:\/\/legitgrams.com\/?s={search_term_string}"},"query-input":{"@type":"PropertyValueSpecification","valueRequired":true,"valueName":"search_term_string"}}],"inLanguage":"fr-BE"},{"@type":"Organization","@id":"https:\/\/legitgrams.com\/#organization","name":"Les grammes l\u00e9gitimes","url":"https:\/\/legitgrams.com\/","logo":{"@type":"ImageObject","inLanguage":"fr-BE","@id":"https:\/\/legitgrams.com\/#\/schema\/logo\/image\/","url":"https:\/\/legitgrams.com\/wp-content\/uploads\/2024\/09\/main-logo.png","contentUrl":"https:\/\/legitgrams.com\/wp-content\/uploads\/2024\/09\/main-logo.png","width":270,"height":75,"caption":"Legit Grams"},"image":{"@id":"https:\/\/legitgrams.com\/#\/schema\/logo\/image\/"}}]}},"uagb_featured_image_src":{"full":["https:\/\/legitgrams.com\/wp-content\/uploads\/2024\/09\/Buy-NYC-Diesel-Budder.jpg",600,600,false],"thumbnail":["https:\/\/legitgrams.com\/wp-content\/uploads\/2024\/09\/Buy-NYC-Diesel-Budder-150x150.jpg",150,150,true],"medium":["https:\/\/legitgrams.com\/wp-content\/uploads\/2024\/09\/Buy-NYC-Diesel-Budder-300x300.jpg",300,300,true],"medium_large":["https:\/\/legitgrams.com\/wp-content\/uploads\/2024\/09\/Buy-NYC-Diesel-Budder.jpg",600,600,false],"large":["https:\/\/legitgrams.com\/wp-content\/uploads\/2024\/09\/Buy-NYC-Diesel-Budder.jpg",600,600,false],"1536x1536":["https:\/\/legitgrams.com\/wp-content\/uploads\/2024\/09\/Buy-NYC-Diesel-Budder.jpg",600,600,false],"2048x2048":["https:\/\/legitgrams.com\/wp-content\/uploads\/2024\/09\/Buy-NYC-Diesel-Budder.jpg",600,600,false],"trp-custom-language-flag":["https:\/\/legitgrams.com\/wp-content\/uploads\/2024\/09\/Buy-NYC-Diesel-Budder-12x12.jpg",12,12,true],"woocommerce_thumbnail":["https:\/\/legitgrams.com\/wp-content\/uploads\/2024\/09\/Buy-NYC-Diesel-Budder-300x300.jpg",300,300,true],"woocommerce_single":["https:\/\/legitgrams.com\/wp-content\/uploads\/2024\/09\/Buy-NYC-Diesel-Budder.jpg",600,600,false],"woocommerce_gallery_thumbnail":["https:\/\/legitgrams.com\/wp-content\/uploads\/2024\/09\/Buy-NYC-Diesel-Budder-100x100.jpg",100,100,true]},"uagb_author_info":{"display_name":"cokeblog18","author_link":"https:\/\/legitgrams.com\/fr\/author\/"},"uagb_comment_info":0,"uagb_excerpt":"Purchase NYC Diesel Budder Online at Top Shelf NYC Diesel is a 60% sativa-dominant hybrid combining Afghani and Mexican landrace DNA. It smells strongly of a combination of sour citrus fruits and tart grapefruits. Due to its potent cerebral stimulation that promotes alertness and mental clarity, NYC Diesel is an excellent strain to use during&hellip;","_links":{"self":[{"href":"https:\/\/legitgrams.com\/fr\/wp-json\/wp\/v2\/product\/4181","targetHints":{"allow":["GET"]}}],"collection":[{"href":"https:\/\/legitgrams.com\/fr\/wp-json\/wp\/v2\/product"}],"about":[{"href":"https:\/\/legitgrams.com\/fr\/wp-json\/wp\/v2\/types\/product"}],"replies":[{"embeddable":true,"href":"https:\/\/legitgrams.com\/fr\/wp-json\/wp\/v2\/comments?post=4181"}],"wp:featuredmedia":[{"embeddable":true,"href":"https:\/\/legitgrams.com\/fr\/wp-json\/wp\/v2\/media\/5393"}],"wp:attachment":[{"href":"https:\/\/legitgrams.com\/fr\/wp-json\/wp\/v2\/media?parent=4181"}],"wp:term":[{"taxonomy":"product_brand","embeddable":true,"href":"https:\/\/legitgrams.com\/fr\/wp-json\/wp\/v2\/product_brand?post=4181"},{"taxonomy":"product_cat","embeddable":true,"href":"https:\/\/legitgrams.com\/fr\/wp-json\/wp\/v2\/product_cat?post=4181"},{"taxonomy":"product_tag","embeddable":true,"href":"https:\/\/legitgrams.com\/fr\/wp-json\/wp\/v2\/product_tag?post=4181"}],"curies":[{"name":"wp","href":"https:\/\/api.w.org\/{rel}","templated":true}]}}