{"id":4189,"date":"2024-09-21T12:41:57","date_gmt":"2024-09-21T12:41:57","guid":{"rendered":"https:\/\/legitgrams.com\/?post_type=product&#038;p=4189"},"modified":"2025-04-03T19:20:46","modified_gmt":"2025-04-03T19:20:46","slug":"professeur-dor","status":"publish","type":"product","link":"https:\/\/legitgrams.com\/fr\/produit\/professeur-dor\/","title":{"rendered":"Acheter Golden Teacher en ligne"},"content":{"rendered":"<h2>Achetez Golden Teacher en ligne<\/h2>\n<p><a href=\"https:\/\/legitgrams.com\/fr\/produit\/professeur-dor\/\">Enseignants en or<\/a> croire que <a href=\"https:\/\/en.wikipedia.org\/wiki\/Psilocybe_cubensis\">psilocybe cubensis<\/a> est un type particulier de champignon, m\u00eame s'il n'est devenu populaire comme champignon magique que r\u00e9cemment, dans les ann\u00e9es 1980. <a href=\"https:\/\/www.bing.com\/search?q=Buy%20Golden%20Teacher%20Online&amp;qs=n&amp;form=QBRE&amp;sp=-1&amp;lq=0&amp;pq=buy%20golden%20teacher%20online&amp;sc=11-25&amp;sk=&amp;cvid=162DB480EB1D46FEA660EC0D3BA8E423&amp;ghsh=0&amp;ghacc=0&amp;ghpl=\">Enseignant en or<\/a> is often more potent than many other strains of psilocybin cubensis since it does not grow as quickly.<br \/>\nLes cultivateurs aiment cultiver des cultures de Golden Teachers car elles g\u00e9n\u00e8rent de grandes r\u00e9coltes et des rendements \u00e9lev\u00e9s. Malgr\u00e9 leur croissance lente, elles compensent largement par leurs r\u00e9coltes abondantes et leur coloration dor\u00e9e accrocheuse. Ce type de Psilocybe cubensis contient deux principes actifs : la psilocybine et la psilocine. <a href=\"https:\/\/legitgrams.com\/fr\/\">LegitGrams<\/a><\/p>\n<p>Ces champignons ont en fait des physiologies similaires.<\/p>\n<p>\u00e0 leurs cousins \u200b\u200bde la famille Cubensis. MMJDirect fournit des champignons s\u00e9ch\u00e9s qui ont une conservation \u00e0 long terme sup\u00e9rieure. Pour un flux constant d'exp\u00e9riences psych\u00e9d\u00e9liques, achetez Golden Teachers sur le site Web canadien ! <a href=\"https:\/\/www.google.com\/search?q=Achetez+Golden+Teacher+en+ligne&amp;sca_esv=eddefdb7b92e7545&amp;sxsrf=AHTn8zozg5SxuZWDK3mBWsU9uX3ysOJFYw1743708268332&amp;ei=bODuZ4v_E9bE0PEPyojjoQs&amp;ved=0ahUKEwiL5bO_y7yMAxVWIjQIHUrEOLQQ4dUDCBA&amp;uact=5&amp;oq=Achetez+Golden+Teacher+en+ligne&amp;gs_lp=Egxnd3Mtd2l6LXNlcnAiH0FjaGV0ZXogR29sZGVuIFRlYWNoZXIgZW4gbGlnbmVIzwdQAFgAcAB4AJABAJgB9wOgAfcDqgEDNS0xuAEDyAEA-AEC-AEBmAIAoAIAmAMAkgcAoAdTsgcAuAcA&amp;sclient=gws-wiz-serp\">buy Golden Teachers<\/a> du site Web canadien!<\/p>\n<h3>Les effets r\u00e9els des champignons Golden Teachers<\/h3>\n<p><a href=\"https:\/\/www.google.com\/search?q=Achetez+Golden+Teacher+en+ligne&amp;sca_esv=eddefdb7b92e7545&amp;sxsrf=AHTn8zozg5SxuZWDK3mBWsU9uX3ysOJFYw1743708268332&amp;ei=bODuZ4v_E9bE0PEPyojjoQs&amp;ved=0ahUKEwiL5bO_y7yMAxVWIjQIHUrEOLQQ4dUDCBA&amp;uact=5&amp;oq=Achetez+Golden+Teacher+en+ligne&amp;gs_lp=Egxnd3Mtd2l6LXNlcnAiH0FjaGV0ZXogR29sZGVuIFRlYWNoZXIgZW4gbGlnbmVIzwdQAFgAcAB4AJABAJgB9wOgAfcDqgEDNS0xuAEDyAEA-AEC-AEBmAIAoAIAmAMAkgcAoAdTsgcAuAcA&amp;sclient=gws-wiz-serp\">Enseignants en or<\/a> C'est une excellente option pour les personnes qui d\u00e9couvrent les psych\u00e9d\u00e9liques et les champignons. Son effet psychoactif, l\u00e9ger \u00e0 \u00e9lev\u00e9, est supportable par la plupart des gens, m\u00eame \u00e0 des doses \u00e9lev\u00e9es. \u00c0 l'inverse, les Golden Teachers sont enti\u00e8rement m\u00e9taphysiques et spirituels. On vous ouvre un portail menant aux profondeurs de votre spiritualit\u00e9 et un pont vous reliant aux r\u00e9gions les plus recul\u00e9es de l'Univers.`````<\/p>\n<p>La plupart des consommateurs affirment avoir ressenti un sentiment de connexion avec le monde naturel et l\u2019environnement. C\u2019est comparable \u00e0 un lien qui s\u2019\u00e9tablit entre le c\u0153ur du monde et votre conscience, augmentant ainsi votre sensibilit\u00e9 \u00e0 ses r\u00e9sonances et \u00e0 ses changements. Apr\u00e8s cela, vous devriez laisser ce sentiment de libert\u00e9 totale et d\u2019illumination int\u00e9rieure vous changer de l\u2019int\u00e9rieur. Pendant les trois \u00e0 six heures qui suivent, vous savourerez votre unit\u00e9 avec la nature et le monde.<\/p>\n<p>D\u2019autres effets incluent des impressions de distorsion temporelle, o\u00f9 vous avez l\u2019impression que le temps passe plus lentement que d\u2019habitude. Cela ne fait que vingt minutes, par exemple, alors que vous pourriez avoir l\u2019impression que deux heures se sont \u00e9coul\u00e9es depuis que vous avez pris le Golden Teachers Canada. D\u2019un autre c\u00f4t\u00e9, la psilocybine provoque g\u00e9n\u00e9ralement une dilatation du temps, ce qui entra\u00eene des sauts temporels futurs.<\/p>\n<h3>\u00c9l\u00e9ments \u00e0 prendre en compte avant d'utiliser Golden Teachers<\/h3>\n<p>Sans recommandations utiles <a href=\"https:\/\/duckduckgo.com\/?q=Achetez+Golden+Teacher+en+ligne&amp;t=h_&amp;ia=web\">Enseignants en or<\/a> Cet article ne serait pas complet sans quelques conseils pratiques pour bien se pr\u00e9parer avant de consommer. Avant tout, il est conseill\u00e9 de toujours se faire surveiller si c'est la premi\u00e8re fois que vous consommez des champignons psych\u00e9d\u00e9liques. De m\u00eame, si vous pr\u00e9voyez de prendre une dose plus importante, pr\u00e9voyez un gardien de voyage pour vous assurer que rien de grave ne se produise pendant votre exp\u00e9rience psych\u00e9d\u00e9lique. En cas d'urgence, le gardien de voyage sobre sera pr\u00eat \u00e0 intervenir rapidement.<\/p>\n<p>Si vous avez consomm\u00e9 trop de Golden Teachers, les suppresseurs psych\u00e9d\u00e9liques connus incluent la nourriture, l'eau et la vitamine C. Cependant, vous devriez consulter un professionnel avant de cr\u00e9er vos propres dosages. En guise d'alternative, vous pouvez vous d\u00e9brouiller seul et augmenter progressivement le dosage jusqu'\u00e0 ce que vous trouviez celui qui vous convient le mieux.<\/p>\n<h3>Pourquoi s'appelle-t-il Golden Teachers ?<\/h3>\n<p>Le mot \u00ab dor\u00e9 \u00bb d\u00e9crit la teinte jaune-or inh\u00e9rente au champignon. Vous pouvez \u00eatre s\u00fbr que le champignon est compl\u00e8tement d\u00e9velopp\u00e9 et comestible \u00e0 ce moment-l\u00e0. Les champignons s\u00e9ch\u00e9s auront toujours les tons dor\u00e9s de leur chapeau, ce qui signifie leur qualit\u00e9 et leur potentiel d\u2019effets psych\u00e9d\u00e9liques.<\/p>\n<p>En ce qui concerne les propri\u00e9t\u00e9s chamaniques et spirituelles de ce champignon sp\u00e9cifique, le terme \u00ab enseignant \u00bb a de multiples interpr\u00e9tations. En consommer davantage pourrait litt\u00e9ralement vous donner une toute nouvelle perspective sur le monde. Peut-\u00eatre acquerrez-vous une nouvelle compr\u00e9hension du cosmos et de vous-m\u00eame. Ce type d\u2019enseignement se concentre sur le sens profond de la nature et sur le fait qu\u2019il est totalement unique et irrempla\u00e7able pour chaque client.<\/p>\n<p>La transcendance et, \u00e0 l\u2019extr\u00eame, la mort de l\u2019ego sont les interpr\u00e9tations ultimes des Golden Teachers. Cela \u00e9veillera totalement vos tendances spirituelles sous-jacentes et vous fournira de nouvelles perspectives sur les myst\u00e8res de la nature. Ce champignon \u00e0 psilocybine est un guide chamanique qui vous aide \u00e0 comprendre votre place dans l\u2019univers \u00e0 un niveau beaucoup plus profond. D\u00e9couvrez-le par vous-m\u00eame en achetant Golden Teachers dans la boutique en ligne du Canada !<\/p>","protected":false},"excerpt":{"rendered":"<p>Purchase Golden Teacher Online Golden Teachers believe that psilocybe cubensis is a special kind of mushroom, even though it only recently became popular as a magical mushroom in the 1980s. The Golden Teacher is often more potent than many other strains of psilocybin cubensis since it does not grow as quickly. Growers love growing cultures &hellip;<\/p>\n<p class=\"read-more\"> <a class=\"\" href=\"https:\/\/legitgrams.com\/fr\/produit\/professeur-dor\/\"> <span class=\"screen-reader-text\">Acheter Golden Teacher en ligne<\/span> Lire la suite \"<\/a><\/p>","protected":false},"featured_media":5240,"comment_status":"open","ping_status":"closed","template":"","meta":{"_uag_custom_page_level_css":"","site-sidebar-layout":"default","site-content-layout":"default","ast-global-header-display":"","ast-main-header-display":"","ast-hfb-above-header-display":"","ast-hfb-below-header-display":"","ast-hfb-mobile-header-display":"","site-post-title":"","ast-breadcrumbs-content":"","ast-featured-img":"","footer-sml-layout":"","theme-transparent-header-meta":"default","adv-header-id-meta":"","stick-header-meta":"default","header-above-stick-meta":"","header-main-stick-meta":"","header-below-stick-meta":"","_joinchat":[]},"product_brand":[],"product_cat":[599],"product_tag":[2348,2338,617,2330,2345,2329,2332,2333,2340,2331,2343,2350,2351,2349,2341,2346,2342,2337,2335,2347,2344,625,2336,2339,2334],"class_list":{"0":"post-4189","1":"product","2":"type-product","3":"status-publish","4":"has-post-thumbnail","6":"product_cat-psilocybin-or-magic-mushrooms","7":"product_tag-best-cheap-price-golden-teacher","8":"product_tag-best-place-to-buy-golden-teacher","9":"product_tag-bulk-online","10":"product_tag-buy-golden-teacher","11":"product_tag-cheap-golden-teacher","12":"product_tag-golden-teacher","13":"product_tag-golden-teacher-for-sale","14":"product_tag-golden-teacher-golden-teacher-supplier","15":"product_tag-golden-teacher-legally","16":"product_tag-golden-teacher-online","17":"product_tag-golden-teacher-store","18":"product_tag-golden-teacher-use","19":"product_tag-golden-teacher-wiki","20":"product_tag-golden-teacher-worldwide","21":"product_tag-golden-teacherprice","22":"product_tag-golden-teachers","23":"product_tag-high-quality-golden-teacher","24":"product_tag-how-to-buy-golden-teacher","25":"product_tag-order-golden-teacher","26":"product_tag-purcharse-golden-teacher","27":"product_tag-shop-golden-teacher","28":"product_tag-top-quality","29":"product_tag-where-to-buy-golden-teacher","30":"product_tag-where-to-order-golden-teacher","31":"product_tag-wholesale-golden-teacher","32":"desktop-align-left","33":"tablet-align-left","34":"mobile-align-left","35":"ast-product-gallery-layout-horizontal","36":"ast-product-gallery-with-no-image","37":"ast-product-single-variable","38":"ast-product-tabs-layout-horizontal","39":"ast-qv-on-image","41":"first","42":"instock","43":"shipping-taxable","44":"purchasable","45":"product-type-variable"},"yoast_head":"<!-- This site is optimized with the Yoast SEO plugin v25.9 - https:\/\/yoast.com\/wordpress\/plugins\/seo\/ -->\n<title>Golden Teacher Psilocybin for Sale - Order Golden Teacher Online<\/title>\n<meta name=\"description\" content=\"At our Legitgrams, you can get Golden Teacher for sale at cheap rates. We deal with A-grade quality products only. Buy Golden Teacher online from our store now with fast &amp; secure shipping service.\" \/>\n<meta name=\"robots\" content=\"index, follow, max-snippet:-1, max-image-preview:large, max-video-preview:-1\" \/>\n<link rel=\"canonical\" href=\"https:\/\/legitgrams.com\/fr\/produit\/professeur-dor\/\" \/>\n<meta property=\"og:locale\" content=\"fr_FR\" \/>\n<meta property=\"og:type\" content=\"article\" \/>\n<meta property=\"og:title\" content=\"Golden Teacher Psilocybin for Sale - Order Golden Teacher Online\" \/>\n<meta property=\"og:description\" content=\"At our Legitgrams, you can get Golden Teacher for sale at cheap rates. We deal with A-grade quality products only. Buy Golden Teacher online from our store now with fast &amp; secure shipping service.\" \/>\n<meta property=\"og:url\" content=\"https:\/\/legitgrams.com\/fr\/produit\/professeur-dor\/\" \/>\n<meta property=\"og:site_name\" content=\"Legit Grams\" \/>\n<meta property=\"article:modified_time\" content=\"2025-04-03T19:20:46+00:00\" \/>\n<meta property=\"og:image\" content=\"https:\/\/legitgrams.com\/wp-content\/uploads\/2024\/09\/golden-teacherpsilocybin-or-magic-mushrooms.jpg\" \/>\n\t<meta property=\"og:image:width\" content=\"430\" \/>\n\t<meta property=\"og:image:height\" content=\"430\" \/>\n\t<meta property=\"og:image:type\" content=\"image\/jpeg\" \/>\n<meta name=\"twitter:card\" content=\"summary_large_image\" \/>\n<meta name=\"twitter:label1\" content=\"Dur\u00e9e de lecture est.\" \/>\n\t<meta name=\"twitter:data1\" content=\"4 minutes\" \/>\n<script type=\"application\/ld+json\" class=\"yoast-schema-graph\">{\"@context\":\"https:\/\/schema.org\",\"@graph\":[{\"@type\":\"WebPage\",\"@id\":\"https:\/\/legitgrams.com\/product\/golden-teacher\/\",\"url\":\"https:\/\/legitgrams.com\/product\/golden-teacher\/\",\"name\":\"Golden Teacher Psilocybin for Sale - Order Golden Teacher Online\",\"isPartOf\":{\"@id\":\"https:\/\/legitgrams.com\/#website\"},\"primaryImageOfPage\":{\"@id\":\"https:\/\/legitgrams.com\/product\/golden-teacher\/#primaryimage\"},\"image\":{\"@id\":\"https:\/\/legitgrams.com\/product\/golden-teacher\/#primaryimage\"},\"thumbnailUrl\":\"https:\/\/legitgrams.com\/wp-content\/uploads\/2024\/09\/golden-teacherpsilocybin-or-magic-mushrooms.jpg\",\"datePublished\":\"2024-09-21T12:41:57+00:00\",\"dateModified\":\"2025-04-03T19:20:46+00:00\",\"description\":\"At our Legitgrams, you can get Golden Teacher for sale at cheap rates. We deal with A-grade quality products only. Buy Golden Teacher online from our store now with fast & secure shipping service.\",\"breadcrumb\":{\"@id\":\"https:\/\/legitgrams.com\/product\/golden-teacher\/#breadcrumb\"},\"inLanguage\":\"fr-BE\",\"potentialAction\":[{\"@type\":\"ReadAction\",\"target\":[\"https:\/\/legitgrams.com\/product\/golden-teacher\/\"]}]},{\"@type\":\"ImageObject\",\"inLanguage\":\"fr-BE\",\"@id\":\"https:\/\/legitgrams.com\/product\/golden-teacher\/#primaryimage\",\"url\":\"https:\/\/legitgrams.com\/wp-content\/uploads\/2024\/09\/golden-teacherpsilocybin-or-magic-mushrooms.jpg\",\"contentUrl\":\"https:\/\/legitgrams.com\/wp-content\/uploads\/2024\/09\/golden-teacherpsilocybin-or-magic-mushrooms.jpg\",\"width\":430,\"height\":430,\"caption\":\"Golden Teacher Psilocybin for Sale\"},{\"@type\":\"BreadcrumbList\",\"@id\":\"https:\/\/legitgrams.com\/product\/golden-teacher\/#breadcrumb\",\"itemListElement\":[{\"@type\":\"ListItem\",\"position\":1,\"name\":\"Home\",\"item\":\"https:\/\/legitgrams.com\/\"},{\"@type\":\"ListItem\",\"position\":2,\"name\":\"Shop\",\"item\":\"https:\/\/legitgrams.com\/shop\/\"},{\"@type\":\"ListItem\",\"position\":3,\"name\":\"Buy Golden Teacher Online\"}]},{\"@type\":\"WebSite\",\"@id\":\"https:\/\/legitgrams.com\/#website\",\"url\":\"https:\/\/legitgrams.com\/\",\"name\":\"Legit Grams\",\"description\":\"My WordPress Blog\",\"publisher\":{\"@id\":\"https:\/\/legitgrams.com\/#organization\"},\"potentialAction\":[{\"@type\":\"SearchAction\",\"target\":{\"@type\":\"EntryPoint\",\"urlTemplate\":\"https:\/\/legitgrams.com\/?s={search_term_string}\"},\"query-input\":{\"@type\":\"PropertyValueSpecification\",\"valueRequired\":true,\"valueName\":\"search_term_string\"}}],\"inLanguage\":\"fr-BE\"},{\"@type\":\"Organization\",\"@id\":\"https:\/\/legitgrams.com\/#organization\",\"name\":\"Legit Grams\",\"url\":\"https:\/\/legitgrams.com\/\",\"logo\":{\"@type\":\"ImageObject\",\"inLanguage\":\"fr-BE\",\"@id\":\"https:\/\/legitgrams.com\/#\/schema\/logo\/image\/\",\"url\":\"https:\/\/legitgrams.com\/wp-content\/uploads\/2024\/09\/main-logo.png\",\"contentUrl\":\"https:\/\/legitgrams.com\/wp-content\/uploads\/2024\/09\/main-logo.png\",\"width\":270,\"height\":75,\"caption\":\"Legit Grams\"},\"image\":{\"@id\":\"https:\/\/legitgrams.com\/#\/schema\/logo\/image\/\"}}]}<\/script>\n<!-- \/ Yoast SEO plugin. -->","yoast_head_json":{"title":"Golden Teacher Psilocybin for Sale - Commander Golden Teacher en ligne","description":"Sur notre site Legitgrams, vous pouvez obtenir Golden Teacher en vente \u00e0 des prix avantageux. Nous ne vendons que des produits de qualit\u00e9 sup\u00e9rieure. Achetez Golden Teacher en ligne sur notre site d\u00e8s maintenant avec un service de livraison rapide et s\u00e9curis\u00e9.","robots":{"index":"index","follow":"follow","max-snippet":"max-snippet:-1","max-image-preview":"max-image-preview:large","max-video-preview":"max-video-preview:-1"},"canonical":"https:\/\/legitgrams.com\/fr\/produit\/professeur-dor\/","og_locale":"fr_FR","og_type":"article","og_title":"Golden Teacher Psilocybin for Sale - Order Golden Teacher Online","og_description":"At our Legitgrams, you can get Golden Teacher for sale at cheap rates. We deal with A-grade quality products only. Buy Golden Teacher online from our store now with fast & secure shipping service.","og_url":"https:\/\/legitgrams.com\/fr\/produit\/professeur-dor\/","og_site_name":"Legit Grams","article_modified_time":"2025-04-03T19:20:46+00:00","og_image":[{"width":430,"height":430,"url":"https:\/\/legitgrams.com\/wp-content\/uploads\/2024\/09\/golden-teacherpsilocybin-or-magic-mushrooms.jpg","type":"image\/jpeg"}],"twitter_card":"summary_large_image","twitter_misc":{"Dur\u00e9e de lecture est.":"4 minutes"},"schema":{"@context":"https:\/\/schema.org","@graph":[{"@type":"WebPage","@id":"https:\/\/legitgrams.com\/product\/golden-teacher\/","url":"https:\/\/legitgrams.com\/product\/golden-teacher\/","name":"Golden Teacher Psilocybin for Sale - Commander Golden Teacher en ligne","isPartOf":{"@id":"https:\/\/legitgrams.com\/#website"},"primaryImageOfPage":{"@id":"https:\/\/legitgrams.com\/product\/golden-teacher\/#primaryimage"},"image":{"@id":"https:\/\/legitgrams.com\/product\/golden-teacher\/#primaryimage"},"thumbnailUrl":"https:\/\/legitgrams.com\/wp-content\/uploads\/2024\/09\/golden-teacherpsilocybin-or-magic-mushrooms.jpg","datePublished":"2024-09-21T12:41:57+00:00","dateModified":"2025-04-03T19:20:46+00:00","description":"Sur notre site Legitgrams, vous pouvez obtenir Golden Teacher en vente \u00e0 des prix avantageux. Nous ne vendons que des produits de qualit\u00e9 sup\u00e9rieure. Achetez Golden Teacher en ligne sur notre site d\u00e8s maintenant avec un service de livraison rapide et s\u00e9curis\u00e9.","breadcrumb":{"@id":"https:\/\/legitgrams.com\/product\/golden-teacher\/#breadcrumb"},"inLanguage":"fr-BE","potentialAction":[{"@type":"ReadAction","target":["https:\/\/legitgrams.com\/product\/golden-teacher\/"]}]},{"@type":"ImageObject","inLanguage":"fr-BE","@id":"https:\/\/legitgrams.com\/product\/golden-teacher\/#primaryimage","url":"https:\/\/legitgrams.com\/wp-content\/uploads\/2024\/09\/golden-teacherpsilocybin-or-magic-mushrooms.jpg","contentUrl":"https:\/\/legitgrams.com\/wp-content\/uploads\/2024\/09\/golden-teacherpsilocybin-or-magic-mushrooms.jpg","width":430,"height":430,"caption":"Golden Teacher Psilocybin for Sale"},{"@type":"BreadcrumbList","@id":"https:\/\/legitgrams.com\/product\/golden-teacher\/#breadcrumb","itemListElement":[{"@type":"ListItem","position":1,"name":"Home","item":"https:\/\/legitgrams.com\/"},{"@type":"ListItem","position":2,"name":"Shop","item":"https:\/\/legitgrams.com\/shop\/"},{"@type":"ListItem","position":3,"name":"Buy Golden Teacher Online"}]},{"@type":"WebSite","@id":"https:\/\/legitgrams.com\/#website","url":"https:\/\/legitgrams.com\/","name":"Les grammes l\u00e9gitimes","description":"Mon blog WordPress","publisher":{"@id":"https:\/\/legitgrams.com\/#organization"},"potentialAction":[{"@type":"SearchAction","target":{"@type":"EntryPoint","urlTemplate":"https:\/\/legitgrams.com\/?s={search_term_string}"},"query-input":{"@type":"PropertyValueSpecification","valueRequired":true,"valueName":"search_term_string"}}],"inLanguage":"fr-BE"},{"@type":"Organization","@id":"https:\/\/legitgrams.com\/#organization","name":"Les grammes l\u00e9gitimes","url":"https:\/\/legitgrams.com\/","logo":{"@type":"ImageObject","inLanguage":"fr-BE","@id":"https:\/\/legitgrams.com\/#\/schema\/logo\/image\/","url":"https:\/\/legitgrams.com\/wp-content\/uploads\/2024\/09\/main-logo.png","contentUrl":"https:\/\/legitgrams.com\/wp-content\/uploads\/2024\/09\/main-logo.png","width":270,"height":75,"caption":"Legit Grams"},"image":{"@id":"https:\/\/legitgrams.com\/#\/schema\/logo\/image\/"}}]}},"uagb_featured_image_src":{"full":["https:\/\/legitgrams.com\/wp-content\/uploads\/2024\/09\/golden-teacherpsilocybin-or-magic-mushrooms.jpg",430,430,false],"thumbnail":["https:\/\/legitgrams.com\/wp-content\/uploads\/2024\/09\/golden-teacherpsilocybin-or-magic-mushrooms-150x150.jpg",150,150,true],"medium":["https:\/\/legitgrams.com\/wp-content\/uploads\/2024\/09\/golden-teacherpsilocybin-or-magic-mushrooms-300x300.jpg",300,300,true],"medium_large":["https:\/\/legitgrams.com\/wp-content\/uploads\/2024\/09\/golden-teacherpsilocybin-or-magic-mushrooms.jpg",430,430,false],"large":["https:\/\/legitgrams.com\/wp-content\/uploads\/2024\/09\/golden-teacherpsilocybin-or-magic-mushrooms.jpg",430,430,false],"1536x1536":["https:\/\/legitgrams.com\/wp-content\/uploads\/2024\/09\/golden-teacherpsilocybin-or-magic-mushrooms.jpg",430,430,false],"2048x2048":["https:\/\/legitgrams.com\/wp-content\/uploads\/2024\/09\/golden-teacherpsilocybin-or-magic-mushrooms.jpg",430,430,false],"trp-custom-language-flag":["https:\/\/legitgrams.com\/wp-content\/uploads\/2024\/09\/golden-teacherpsilocybin-or-magic-mushrooms-12x12.jpg",12,12,true],"woocommerce_thumbnail":["https:\/\/legitgrams.com\/wp-content\/uploads\/2024\/09\/golden-teacherpsilocybin-or-magic-mushrooms-300x300.jpg",300,300,true],"woocommerce_single":["https:\/\/legitgrams.com\/wp-content\/uploads\/2024\/09\/golden-teacherpsilocybin-or-magic-mushrooms.jpg",430,430,false],"woocommerce_gallery_thumbnail":["https:\/\/legitgrams.com\/wp-content\/uploads\/2024\/09\/golden-teacherpsilocybin-or-magic-mushrooms-100x100.jpg",100,100,true]},"uagb_author_info":{"display_name":"cokeblog18","author_link":"https:\/\/legitgrams.com\/fr\/author\/"},"uagb_comment_info":0,"uagb_excerpt":"Purchase Golden Teacher Online Golden Teachers believe that psilocybe cubensis is a special kind of mushroom, even though it only recently became popular as a magical mushroom in the 1980s. The Golden Teacher is often more potent than many other strains of psilocybin cubensis since it does not grow as quickly. Growers love growing cultures&hellip;","_links":{"self":[{"href":"https:\/\/legitgrams.com\/fr\/wp-json\/wp\/v2\/product\/4189","targetHints":{"allow":["GET"]}}],"collection":[{"href":"https:\/\/legitgrams.com\/fr\/wp-json\/wp\/v2\/product"}],"about":[{"href":"https:\/\/legitgrams.com\/fr\/wp-json\/wp\/v2\/types\/product"}],"replies":[{"embeddable":true,"href":"https:\/\/legitgrams.com\/fr\/wp-json\/wp\/v2\/comments?post=4189"}],"wp:featuredmedia":[{"embeddable":true,"href":"https:\/\/legitgrams.com\/fr\/wp-json\/wp\/v2\/media\/5240"}],"wp:attachment":[{"href":"https:\/\/legitgrams.com\/fr\/wp-json\/wp\/v2\/media?parent=4189"}],"wp:term":[{"taxonomy":"product_brand","embeddable":true,"href":"https:\/\/legitgrams.com\/fr\/wp-json\/wp\/v2\/product_brand?post=4189"},{"taxonomy":"product_cat","embeddable":true,"href":"https:\/\/legitgrams.com\/fr\/wp-json\/wp\/v2\/product_cat?post=4189"},{"taxonomy":"product_tag","embeddable":true,"href":"https:\/\/legitgrams.com\/fr\/wp-json\/wp\/v2\/product_tag?post=4189"}],"curies":[{"name":"wp","href":"https:\/\/api.w.org\/{rel}","templated":true}]}}