{"id":4191,"date":"2024-09-21T12:38:32","date_gmt":"2024-09-21T12:38:32","guid":{"rendered":"https:\/\/legitgrams.com\/?post_type=product&#038;p=4191"},"modified":"2025-01-14T06:46:39","modified_gmt":"2025-01-14T06:46:39","slug":"jesus-og-weed-marijuana-strain","status":"publish","type":"product","link":"https:\/\/legitgrams.com\/fr\/produit\/jesus-og-weed-marijuana-strain\/","title":{"rendered":"Jesus OG Weed Marijuana Strain"},"content":{"rendered":"<h2>Achetez la vari\u00e9t\u00e9 de cannabis Jesus OG Weed en ligne<\/h2>\n<p><a href=\"https:\/\/legitgrams.com\/fr\/produit\/jesus-og-weed-marijuana-strain\/\">J\u00e9sus OG<\/a> est une combinaison qui a la capacit\u00e9 sp\u00e9ciale d'\u00e9lever \u00e0 la fois le corps et l'esprit, que vous la consid\u00e9riez comme \u00e9sot\u00e9rique. Sous-refroidissements pour agr\u00e9gats utilis\u00e9s dans l'\u00e9levage productif The Dank nous a honor\u00e9 avec cet incroyable m\u00e9lange moiti\u00e9-moiti\u00e9 de Hell's Angel OG et de Jack the Ripper de TGA. Malgr\u00e9 le fait que certains agr\u00e9gats penchent davantage vers l'extr\u00e9mit\u00e9 sativa c\u00e9r\u00e9brale du spectre, Jesus OG offre un high qui \u00e9quilibre les avantages \u00e0 la fois intellectuels et physiques. Jesus OG a une concentration constante de 20 % de THC et a incontestablement le go\u00fbt du citron.<\/p>\n<p>La Jesus OG se caract\u00e9rise par des fleurs de taille petite \u00e0 moyenne qui se regroupent en formations compactes en forme de pique. G\u00e9n\u00e9ralement indica, les t\u00eates ont une forme serr\u00e9e avec des feuilles en boucle, ce qui rend plus difficile la s\u00e9paration des fleurs sans processeur et ajoute \u00e0 leur \u00e9paisseur. Les feuilles elles-m\u00eames sont d'un vert vif et brillant avec quelques pistils cuivr\u00e9s qui transparaissent. Une dispersion de trichomes donne \u00e0 cette vari\u00e9t\u00e9 un \u00e9clat brillant et une surface exceptionnellement collante. Le principal parfum \u00e9manant de ces fleurs est le citron avec une pointe d'alcali ; ce n'est pas l'ar\u00f4me habituel de certains nettoyants vaporis\u00e9s. Il y a aussi une odeur l\u00e9g\u00e8rement abrasive et humide qui persiste en dessous et devient plus forte lorsque les fleurs sont consomm\u00e9es ou d\u00e9chir\u00e9es. La Jesus OG frappe en douceur lorsqu'elle est fum\u00e9e. Elle laisse un fort go\u00fbt d'agrumes et d'\u00e9pices \u00e0 l'expiration, qui peut \u00eatre familier aux fans de Jack Herer, la vari\u00e9t\u00e9 grand-p\u00e8re de la Jesus OG. <a href=\"https:\/\/legitgrams.com\/fr\/\">LegitGrams<\/a><\/p>\n<p>Les clients de Jesus OG peuvent ressentir un bourdonnement dans la t\u00eate ou plisser accidentellement les yeux en raison des effets euphorisants rapides de Jesus OG. Ces effets sont rapidement suivis d'un sentiment nouvellement d\u00e9couvert d'int\u00e9r\u00eat central dans le cerveau. Il est possible que des articles ou des \u00e9l\u00e9ments al\u00e9atoires prennent une signification enti\u00e8rement diff\u00e9rente. Parce qu'elle est si intrigante, cette vari\u00e9t\u00e9 est id\u00e9ale comme guide pour les t\u00e2ches n\u00e9cessitant de la cr\u00e9ativit\u00e9 ou de l'\u00e9tude. De plus, il peut y avoir des effets mod\u00e9r\u00e9ment psych\u00e9d\u00e9liques ; les fumeurs peuvent percevoir les bruits, les couleurs ou m\u00eame les go\u00fbts plus fortement \u00e0 mesure que leurs sens deviennent plus conscients de leur environnement. Jesus OG a \u00e9galement de v\u00e9ritables exp\u00e9riences. Quoi qu'il en soit, des douleurs dans les muscles et la poitrine peuvent \u00eatre typiques. Lorsqu'elle est prise en plus grande quantit\u00e9, cette vari\u00e9t\u00e9 peut amener les clients du salon de manucure \u00e0 s'asseoir sur le si\u00e8ge le plus proche pour l'amour.<\/p>\n<p>Ces avantages complets sont \u00e9galement avantageux pour ceux qui utilisent <a href=\"https:\/\/en.wikipedia.org\/wiki\/Cannabis\">le cannabis<\/a> \u00c0 des fins m\u00e9dicales. Les propri\u00e9t\u00e9s narcotiques de Jesus OG peuvent aider \u00e0 soulager les douleurs lancinantes, g\u00eanantes et chroniques. Elle peut soulager \u00e0 la fois les douleurs c\u00e9r\u00e9brales mineures et les maux de t\u00eate plus graves. M\u00eame la pression intraoculaire douloureuse associ\u00e9e au glaucome peut \u00eatre efficacement r\u00e9duite par la capacit\u00e9 de cette souche \u00e0 d\u00e9tendre les yeux des patients. En attendant, toute personne aux prises avec le stress, l'anxi\u00e9t\u00e9, le d\u00e9couragement et le SSPT peut trouver que l'inspiration euphorique de Jesus OG est un rem\u00e8de temporaire \u00e9tonnant. Son centre perceptif pourrait aider les patients souffrant de probl\u00e8mes de d\u00e9ficit de consid\u00e9ration. N\u00e9anmoins, en raison de la tendance de cette souche actuelle \u00e0 atteindre un raisonnement affili\u00e9 sans inhibition, elle peut provoquer une fr\u00e9n\u00e9sie ou une n\u00e9vrose chez les personnes qui ne connaissent pas la \u00ab course de l'esprit \u00bb qui accompagne vraiment la sativa.<\/p>\n<h3>Effects<\/h3>\n<p>revitalisant, joyeux, optimiste, concentr\u00e9 et joyeux; peut r\u00e9duire la fatigue, les maux de t\u00eate, les migraines, les naus\u00e9es, le SSPT, le stress, le trouble bipolaire, la d\u00e9pression, le TDA\/TDAH et la douleur chronique.<br \/>\nSaveurs<br \/>\nParfums sucr\u00e9s, acidul\u00e9s, citronn\u00e9s et de pin<br \/>\nDoux, terreux, citronn\u00e9 et sensible<br \/>\nAcheter la vari\u00e9t\u00e9 de marijuana Jesus OG Weed en ligne : acheter la vari\u00e9t\u00e9 de marijuana Weed, acheter la vari\u00e9t\u00e9 de marijuana Jesus OG Weed, acheter la vari\u00e9t\u00e9 de marijuana OG Weed en ligne, o\u00f9 acheter la vari\u00e9t\u00e9 de marijuana Jesus OG Weed, la vari\u00e9t\u00e9 de marijuana Jesus OG Weed \u00e0 vendre, la vari\u00e9t\u00e9 de marijuana Weed \u00e0 vendre, acheter la vari\u00e9t\u00e9 de marijuana en ligne, o\u00f9 acheter la vari\u00e9t\u00e9 de marijuana Jesus OG Weed \u00e0 vendre aux \u00c9tats-Unis, au Canada et au Royaume-Uni, acheter en ligne, fournisseurs, livraison s\u00e9curis\u00e9e, la vari\u00e9t\u00e9 de marijuana Jesus OG Weed existe-t-elle toujours ? Est-elle accessible aux \u00c9tats-Unis ? Investissez dans J\u00e9sus<\/p>\n<p>Comment puis-je commander la vari\u00e9t\u00e9 de marijuana Jesus? OG Weed en ligne aux \u00c9tats-Unis Vari\u00e9t\u00e9 de cannabis connue sous le nom de Jesus OG Weed : est-elle l\u00e9gale au Canada ?<\/p>\n<h2><\/h2>\n<h2><\/h2>\n<p>&nbsp;<\/p>","protected":false},"excerpt":{"rendered":"<p>Purchase the Jesus OG Weed Cannabis Strain Online Jesus OG is a combination that has the special capacity to elevate both the body and the mind, whether you consider it esoteric. Subcools for aggregates used in productive rearing The Dank has honored us with this amazing half-and-half mashup of Hell&#8217;s Angel OG and TGA&#8217;s Jack &hellip;<\/p>\n<p class=\"read-more\"> <a class=\"\" href=\"https:\/\/legitgrams.com\/fr\/produit\/jesus-og-weed-marijuana-strain\/\"> <span class=\"screen-reader-text\">Jesus OG Weed Marijuana Strain<\/span> Lire la suite \"<\/a><\/p>","protected":false},"featured_media":5408,"comment_status":"open","ping_status":"closed","template":"","meta":{"_uag_custom_page_level_css":"","site-sidebar-layout":"default","site-content-layout":"default","ast-global-header-display":"","ast-main-header-display":"","ast-hfb-above-header-display":"","ast-hfb-below-header-display":"","ast-hfb-mobile-header-display":"","site-post-title":"","ast-breadcrumbs-content":"","ast-featured-img":"","footer-sml-layout":"","theme-transparent-header-meta":"default","adv-header-id-meta":"","stick-header-meta":"default","header-above-stick-meta":"","header-main-stick-meta":"","header-below-stick-meta":"","_joinchat":[]},"product_brand":[],"product_cat":[607],"product_tag":[2394,2384,617,2376,2391,2388,2383,2375,2378,2379,2386,2377,2389,2396,2397,2395,2387,2392,2381,2393,2390,625,2382,2385,2380],"class_list":{"0":"post-4191","1":"product","2":"type-product","3":"status-publish","4":"has-post-thumbnail","6":"product_cat-marijuana-cannabis","7":"product_tag-best-cheap-price-jesus-og-weed-marijuana-strain","8":"product_tag-best-place-to-buy-jesus-og-weed-marijuana-strain","9":"product_tag-bulk-online","10":"product_tag-buy-jesus-og-weed-marijuana-strain","11":"product_tag-cheap-jesus-og-weed-marijuana-strain","12":"product_tag-high-quality-jesus-og-weed-marijuana-strain","13":"product_tag-how-to-buy-jesus-og-weed-marijuana-strain","14":"product_tag-jesus-og-weed-marijuana-strain","15":"product_tag-jesus-og-weed-marijuana-strain-for-sale","16":"product_tag-jesus-og-weed-marijuana-strain-jesus-og-weed-marijuana-strain-supplier","17":"product_tag-jesus-og-weed-marijuana-strain-legally","18":"product_tag-jesus-og-weed-marijuana-strain-online","19":"product_tag-jesus-og-weed-marijuana-strain-store","20":"product_tag-jesus-og-weed-marijuana-strain-use","21":"product_tag-jesus-og-weed-marijuana-strain-wiki","22":"product_tag-jesus-og-weed-marijuana-strain-worldwide","23":"product_tag-jesus-og-weed-marijuana-strainprice","24":"product_tag-jesus-og-weed-marijuana-strains","25":"product_tag-order-jesus-og-weed-marijuana-strain","26":"product_tag-purcharse-jesus-og-weed-marijuana-strain","27":"product_tag-shop-jesus-og-weed-marijuana-strain","28":"product_tag-top-quality","29":"product_tag-where-to-buy-jesus-og-weed-marijuana-strain","30":"product_tag-where-to-order-jesus-og-weed-marijuana-strain","31":"product_tag-wholesale-jesus-og-weed-marijuana-strain","32":"desktop-align-left","33":"tablet-align-left","34":"mobile-align-left","35":"ast-product-gallery-layout-horizontal","36":"ast-product-gallery-with-no-image","37":"ast-product-single-variable","38":"ast-product-tabs-layout-horizontal","39":"ast-qv-on-image","41":"first","42":"instock","43":"shipping-taxable","44":"purchasable","45":"product-type-variable"},"yoast_head":"<!-- This site is optimized with the Yoast SEO plugin v25.9 - https:\/\/yoast.com\/wordpress\/plugins\/seo\/ -->\n<title>Jesus OG Weed Marijuana Strain for Sale - Buy Jesus OG Weed<\/title>\n<meta name=\"description\" content=\"Your requirement to buy Jesus OG Weed Marijuana Strain online can be fulfilled at our online Legitgrams store as we are having Jesus OG Weed Marijuana Strain for sale here. Place your order and get affordable deals every day.\" \/>\n<meta name=\"robots\" content=\"index, follow, max-snippet:-1, max-image-preview:large, max-video-preview:-1\" \/>\n<link rel=\"canonical\" href=\"https:\/\/legitgrams.com\/fr\/produit\/jesus-og-weed-marijuana-strain\/\" \/>\n<meta property=\"og:locale\" content=\"fr_FR\" \/>\n<meta property=\"og:type\" content=\"article\" \/>\n<meta property=\"og:title\" content=\"Jesus OG Weed Marijuana Strain for Sale - Buy Jesus OG Weed\" \/>\n<meta property=\"og:description\" content=\"Your requirement to buy Jesus OG Weed Marijuana Strain online can be fulfilled at our online Legitgrams store as we are having Jesus OG Weed Marijuana Strain for sale here. Place your order and get affordable deals every day.\" \/>\n<meta property=\"og:url\" content=\"https:\/\/legitgrams.com\/fr\/produit\/jesus-og-weed-marijuana-strain\/\" \/>\n<meta property=\"og:site_name\" content=\"Legit Grams\" \/>\n<meta property=\"article:modified_time\" content=\"2025-01-14T06:46:39+00:00\" \/>\n<meta property=\"og:image\" content=\"https:\/\/legitgrams.com\/wp-content\/uploads\/2024\/09\/Buy-Jesus-OG-Weed-Marijuana-Strain-Online.jpg\" \/>\n\t<meta property=\"og:image:width\" content=\"600\" \/>\n\t<meta property=\"og:image:height\" content=\"600\" \/>\n\t<meta property=\"og:image:type\" content=\"image\/jpeg\" \/>\n<meta name=\"twitter:card\" content=\"summary_large_image\" \/>\n<meta name=\"twitter:label1\" content=\"Dur\u00e9e de lecture est.\" \/>\n\t<meta name=\"twitter:data1\" content=\"6 minutes\" \/>\n<script type=\"application\/ld+json\" class=\"yoast-schema-graph\">{\"@context\":\"https:\/\/schema.org\",\"@graph\":[{\"@type\":\"WebPage\",\"@id\":\"https:\/\/legitgrams.com\/product\/jesus-og-weed-marijuana-strain\/\",\"url\":\"https:\/\/legitgrams.com\/product\/jesus-og-weed-marijuana-strain\/\",\"name\":\"Jesus OG Weed Marijuana Strain for Sale - Buy Jesus OG Weed\",\"isPartOf\":{\"@id\":\"https:\/\/legitgrams.com\/#website\"},\"primaryImageOfPage\":{\"@id\":\"https:\/\/legitgrams.com\/product\/jesus-og-weed-marijuana-strain\/#primaryimage\"},\"image\":{\"@id\":\"https:\/\/legitgrams.com\/product\/jesus-og-weed-marijuana-strain\/#primaryimage\"},\"thumbnailUrl\":\"https:\/\/legitgrams.com\/wp-content\/uploads\/2024\/09\/Buy-Jesus-OG-Weed-Marijuana-Strain-Online.jpg\",\"datePublished\":\"2024-09-21T12:38:32+00:00\",\"dateModified\":\"2025-01-14T06:46:39+00:00\",\"description\":\"Your requirement to buy Jesus OG Weed Marijuana Strain online can be fulfilled at our online Legitgrams store as we are having Jesus OG Weed Marijuana Strain for sale here. Place your order and get affordable deals every day.\",\"breadcrumb\":{\"@id\":\"https:\/\/legitgrams.com\/product\/jesus-og-weed-marijuana-strain\/#breadcrumb\"},\"inLanguage\":\"fr-BE\",\"potentialAction\":[{\"@type\":\"ReadAction\",\"target\":[\"https:\/\/legitgrams.com\/product\/jesus-og-weed-marijuana-strain\/\"]}]},{\"@type\":\"ImageObject\",\"inLanguage\":\"fr-BE\",\"@id\":\"https:\/\/legitgrams.com\/product\/jesus-og-weed-marijuana-strain\/#primaryimage\",\"url\":\"https:\/\/legitgrams.com\/wp-content\/uploads\/2024\/09\/Buy-Jesus-OG-Weed-Marijuana-Strain-Online.jpg\",\"contentUrl\":\"https:\/\/legitgrams.com\/wp-content\/uploads\/2024\/09\/Buy-Jesus-OG-Weed-Marijuana-Strain-Online.jpg\",\"width\":600,\"height\":600,\"caption\":\"Jesus OG Weed Marijuana Strain for Sale\"},{\"@type\":\"BreadcrumbList\",\"@id\":\"https:\/\/legitgrams.com\/product\/jesus-og-weed-marijuana-strain\/#breadcrumb\",\"itemListElement\":[{\"@type\":\"ListItem\",\"position\":1,\"name\":\"Home\",\"item\":\"https:\/\/legitgrams.com\/\"},{\"@type\":\"ListItem\",\"position\":2,\"name\":\"Shop\",\"item\":\"https:\/\/legitgrams.com\/shop\/\"},{\"@type\":\"ListItem\",\"position\":3,\"name\":\"Jesus OG Weed Marijuana Strain\"}]},{\"@type\":\"WebSite\",\"@id\":\"https:\/\/legitgrams.com\/#website\",\"url\":\"https:\/\/legitgrams.com\/\",\"name\":\"Legit Grams\",\"description\":\"My WordPress Blog\",\"publisher\":{\"@id\":\"https:\/\/legitgrams.com\/#organization\"},\"potentialAction\":[{\"@type\":\"SearchAction\",\"target\":{\"@type\":\"EntryPoint\",\"urlTemplate\":\"https:\/\/legitgrams.com\/?s={search_term_string}\"},\"query-input\":{\"@type\":\"PropertyValueSpecification\",\"valueRequired\":true,\"valueName\":\"search_term_string\"}}],\"inLanguage\":\"fr-BE\"},{\"@type\":\"Organization\",\"@id\":\"https:\/\/legitgrams.com\/#organization\",\"name\":\"Legit Grams\",\"url\":\"https:\/\/legitgrams.com\/\",\"logo\":{\"@type\":\"ImageObject\",\"inLanguage\":\"fr-BE\",\"@id\":\"https:\/\/legitgrams.com\/#\/schema\/logo\/image\/\",\"url\":\"https:\/\/legitgrams.com\/wp-content\/uploads\/2024\/09\/main-logo.png\",\"contentUrl\":\"https:\/\/legitgrams.com\/wp-content\/uploads\/2024\/09\/main-logo.png\",\"width\":270,\"height\":75,\"caption\":\"Legit Grams\"},\"image\":{\"@id\":\"https:\/\/legitgrams.com\/#\/schema\/logo\/image\/\"}}]}<\/script>\n<!-- \/ Yoast SEO plugin. -->","yoast_head_json":{"title":"Vari\u00e9t\u00e9 de marijuana Jesus OG Weed \u00e0 vendre - Acheter Jesus OG Weed","description":"Votre besoin d'acheter Jesus OG Weed Marijuana Strain en ligne peut \u00eatre satisfait dans notre magasin en ligne Legitgrams car nous avons Jesus OG Weed Marijuana Strain en vente ici. Passez votre commande et obtenez des offres abordables tous les jours.","robots":{"index":"index","follow":"follow","max-snippet":"max-snippet:-1","max-image-preview":"max-image-preview:large","max-video-preview":"max-video-preview:-1"},"canonical":"https:\/\/legitgrams.com\/fr\/produit\/jesus-og-weed-marijuana-strain\/","og_locale":"fr_FR","og_type":"article","og_title":"Jesus OG Weed Marijuana Strain for Sale - Buy Jesus OG Weed","og_description":"Your requirement to buy Jesus OG Weed Marijuana Strain online can be fulfilled at our online Legitgrams store as we are having Jesus OG Weed Marijuana Strain for sale here. Place your order and get affordable deals every day.","og_url":"https:\/\/legitgrams.com\/fr\/produit\/jesus-og-weed-marijuana-strain\/","og_site_name":"Legit Grams","article_modified_time":"2025-01-14T06:46:39+00:00","og_image":[{"width":600,"height":600,"url":"https:\/\/legitgrams.com\/wp-content\/uploads\/2024\/09\/Buy-Jesus-OG-Weed-Marijuana-Strain-Online.jpg","type":"image\/jpeg"}],"twitter_card":"summary_large_image","twitter_misc":{"Dur\u00e9e de lecture est.":"6 minutes"},"schema":{"@context":"https:\/\/schema.org","@graph":[{"@type":"WebPage","@id":"https:\/\/legitgrams.com\/product\/jesus-og-weed-marijuana-strain\/","url":"https:\/\/legitgrams.com\/product\/jesus-og-weed-marijuana-strain\/","name":"Vari\u00e9t\u00e9 de marijuana Jesus OG Weed \u00e0 vendre - Acheter Jesus OG Weed","isPartOf":{"@id":"https:\/\/legitgrams.com\/#website"},"primaryImageOfPage":{"@id":"https:\/\/legitgrams.com\/product\/jesus-og-weed-marijuana-strain\/#primaryimage"},"image":{"@id":"https:\/\/legitgrams.com\/product\/jesus-og-weed-marijuana-strain\/#primaryimage"},"thumbnailUrl":"https:\/\/legitgrams.com\/wp-content\/uploads\/2024\/09\/Buy-Jesus-OG-Weed-Marijuana-Strain-Online.jpg","datePublished":"2024-09-21T12:38:32+00:00","dateModified":"2025-01-14T06:46:39+00:00","description":"Votre besoin d'acheter Jesus OG Weed Marijuana Strain en ligne peut \u00eatre satisfait dans notre magasin en ligne Legitgrams car nous avons Jesus OG Weed Marijuana Strain en vente ici. Passez votre commande et obtenez des offres abordables tous les jours.","breadcrumb":{"@id":"https:\/\/legitgrams.com\/product\/jesus-og-weed-marijuana-strain\/#breadcrumb"},"inLanguage":"fr-BE","potentialAction":[{"@type":"ReadAction","target":["https:\/\/legitgrams.com\/product\/jesus-og-weed-marijuana-strain\/"]}]},{"@type":"ImageObject","inLanguage":"fr-BE","@id":"https:\/\/legitgrams.com\/product\/jesus-og-weed-marijuana-strain\/#primaryimage","url":"https:\/\/legitgrams.com\/wp-content\/uploads\/2024\/09\/Buy-Jesus-OG-Weed-Marijuana-Strain-Online.jpg","contentUrl":"https:\/\/legitgrams.com\/wp-content\/uploads\/2024\/09\/Buy-Jesus-OG-Weed-Marijuana-Strain-Online.jpg","width":600,"height":600,"caption":"Jesus OG Weed Marijuana Strain for Sale"},{"@type":"BreadcrumbList","@id":"https:\/\/legitgrams.com\/product\/jesus-og-weed-marijuana-strain\/#breadcrumb","itemListElement":[{"@type":"ListItem","position":1,"name":"Home","item":"https:\/\/legitgrams.com\/"},{"@type":"ListItem","position":2,"name":"Shop","item":"https:\/\/legitgrams.com\/shop\/"},{"@type":"ListItem","position":3,"name":"Jesus OG Weed Marijuana Strain"}]},{"@type":"WebSite","@id":"https:\/\/legitgrams.com\/#website","url":"https:\/\/legitgrams.com\/","name":"Les grammes l\u00e9gitimes","description":"Mon blog WordPress","publisher":{"@id":"https:\/\/legitgrams.com\/#organization"},"potentialAction":[{"@type":"SearchAction","target":{"@type":"EntryPoint","urlTemplate":"https:\/\/legitgrams.com\/?s={search_term_string}"},"query-input":{"@type":"PropertyValueSpecification","valueRequired":true,"valueName":"search_term_string"}}],"inLanguage":"fr-BE"},{"@type":"Organization","@id":"https:\/\/legitgrams.com\/#organization","name":"Les grammes l\u00e9gitimes","url":"https:\/\/legitgrams.com\/","logo":{"@type":"ImageObject","inLanguage":"fr-BE","@id":"https:\/\/legitgrams.com\/#\/schema\/logo\/image\/","url":"https:\/\/legitgrams.com\/wp-content\/uploads\/2024\/09\/main-logo.png","contentUrl":"https:\/\/legitgrams.com\/wp-content\/uploads\/2024\/09\/main-logo.png","width":270,"height":75,"caption":"Legit Grams"},"image":{"@id":"https:\/\/legitgrams.com\/#\/schema\/logo\/image\/"}}]}},"uagb_featured_image_src":{"full":["https:\/\/legitgrams.com\/wp-content\/uploads\/2024\/09\/Buy-Jesus-OG-Weed-Marijuana-Strain-Online.jpg",600,600,false],"thumbnail":["https:\/\/legitgrams.com\/wp-content\/uploads\/2024\/09\/Buy-Jesus-OG-Weed-Marijuana-Strain-Online-150x150.jpg",150,150,true],"medium":["https:\/\/legitgrams.com\/wp-content\/uploads\/2024\/09\/Buy-Jesus-OG-Weed-Marijuana-Strain-Online-300x300.jpg",300,300,true],"medium_large":["https:\/\/legitgrams.com\/wp-content\/uploads\/2024\/09\/Buy-Jesus-OG-Weed-Marijuana-Strain-Online.jpg",600,600,false],"large":["https:\/\/legitgrams.com\/wp-content\/uploads\/2024\/09\/Buy-Jesus-OG-Weed-Marijuana-Strain-Online.jpg",600,600,false],"1536x1536":["https:\/\/legitgrams.com\/wp-content\/uploads\/2024\/09\/Buy-Jesus-OG-Weed-Marijuana-Strain-Online.jpg",600,600,false],"2048x2048":["https:\/\/legitgrams.com\/wp-content\/uploads\/2024\/09\/Buy-Jesus-OG-Weed-Marijuana-Strain-Online.jpg",600,600,false],"trp-custom-language-flag":["https:\/\/legitgrams.com\/wp-content\/uploads\/2024\/09\/Buy-Jesus-OG-Weed-Marijuana-Strain-Online-12x12.jpg",12,12,true],"woocommerce_thumbnail":["https:\/\/legitgrams.com\/wp-content\/uploads\/2024\/09\/Buy-Jesus-OG-Weed-Marijuana-Strain-Online-300x300.jpg",300,300,true],"woocommerce_single":["https:\/\/legitgrams.com\/wp-content\/uploads\/2024\/09\/Buy-Jesus-OG-Weed-Marijuana-Strain-Online.jpg",600,600,false],"woocommerce_gallery_thumbnail":["https:\/\/legitgrams.com\/wp-content\/uploads\/2024\/09\/Buy-Jesus-OG-Weed-Marijuana-Strain-Online-100x100.jpg",100,100,true]},"uagb_author_info":{"display_name":"cokeblog18","author_link":"https:\/\/legitgrams.com\/fr\/author\/"},"uagb_comment_info":0,"uagb_excerpt":"Purchase the Jesus OG Weed Cannabis Strain Online Jesus OG is a combination that has the special capacity to elevate both the body and the mind, whether you consider it esoteric. Subcools for aggregates used in productive rearing The Dank has honored us with this amazing half-and-half mashup of Hell&#8217;s Angel OG and TGA&#8217;s Jack&hellip;","_links":{"self":[{"href":"https:\/\/legitgrams.com\/fr\/wp-json\/wp\/v2\/product\/4191","targetHints":{"allow":["GET"]}}],"collection":[{"href":"https:\/\/legitgrams.com\/fr\/wp-json\/wp\/v2\/product"}],"about":[{"href":"https:\/\/legitgrams.com\/fr\/wp-json\/wp\/v2\/types\/product"}],"replies":[{"embeddable":true,"href":"https:\/\/legitgrams.com\/fr\/wp-json\/wp\/v2\/comments?post=4191"}],"wp:featuredmedia":[{"embeddable":true,"href":"https:\/\/legitgrams.com\/fr\/wp-json\/wp\/v2\/media\/5408"}],"wp:attachment":[{"href":"https:\/\/legitgrams.com\/fr\/wp-json\/wp\/v2\/media?parent=4191"}],"wp:term":[{"taxonomy":"product_brand","embeddable":true,"href":"https:\/\/legitgrams.com\/fr\/wp-json\/wp\/v2\/product_brand?post=4191"},{"taxonomy":"product_cat","embeddable":true,"href":"https:\/\/legitgrams.com\/fr\/wp-json\/wp\/v2\/product_cat?post=4191"},{"taxonomy":"product_tag","embeddable":true,"href":"https:\/\/legitgrams.com\/fr\/wp-json\/wp\/v2\/product_tag?post=4191"}],"curies":[{"name":"wp","href":"https:\/\/api.w.org\/{rel}","templated":true}]}}