{"id":4192,"date":"2024-09-21T12:36:26","date_gmt":"2024-09-21T12:36:26","guid":{"rendered":"https:\/\/legitgrams.com\/?post_type=product&#038;p=4192"},"modified":"2025-01-07T06:47:21","modified_gmt":"2025-01-07T06:47:21","slug":"maui-wowie-budder-top-shelf","status":"publish","type":"product","link":"https:\/\/legitgrams.com\/fr\/produit\/maui-wowie-budder-top-shelf\/","title":{"rendered":"Maui Wowie Budder - Top Shelf"},"content":{"rendered":"<h2>Acheter Maui Wowie Budder - Top Shelf en ligne<\/h2>\n<h3>Procurez-vous le Maui Wowie Budder de Top Shelf ici.<\/h3>\n<p>Cultiv\u00e9 \u00e0 l'origine dans le sol volcanique luxuriant des \u00eeles hawa\u00efennes, <a href=\"https:\/\/legitgrams.com\/fr\/produit\/maui-wowie-budder-top-shelf\/\">Maui Wowie<\/a> est une vari\u00e9t\u00e9 \u00e0 dominante sativa. Une sativa douce qui vous fera r\u00eaver des plages sablonneuses et tropicales d'Hawa\u00ef et des ananas succulents et frais. Un favori parmi les experts en raison de ses parfums d'ananas puissamment sucr\u00e9s et de ses effets euphorisants et \u00e9nergiques. Cette vari\u00e9t\u00e9 est id\u00e9ale pour une utilisation le matin ou pendant la journ\u00e9e, car il a \u00e9t\u00e9 d\u00e9montr\u00e9 qu'elle am\u00e9liore le flux cr\u00e9atif et permet \u00e0 l'esprit de vagabonder paisiblement et facilement. Lorsqu'elle est associ\u00e9e \u00e0 une am\u00e9lioration de la concentration et de l'humeur en g\u00e9n\u00e9ral, la Maui Waui est un traitement tr\u00e8s efficace contre les maladies telles que la tristesse, l'anxi\u00e9t\u00e9 et le stress. <a href=\"https:\/\/legitgrams.com\/fr\/\">LegitGrams<\/a><\/p>\n<p>Top Shelf - Achat <a href=\"https:\/\/en.wiktionary.org\/wiki\/Maui_Wowie\">Bourgeon de Maui<\/a>Maui Wowie Budder, acheter Maui Wowie Budder, acheter Maui Wowie Budder en ligne, o\u00f9 acheter Maui Wowie Budder, Maui Wowie Budder \u00e0 vendre, Wowie Budder \u00e0 vendre, acheter Maui Budder en ligne, o\u00f9 acheter Maui Wowie Budder en ligne, Maui Wowie Budder \u00e0 vendre aux \u00c9tats-Unis, USA, Canada, Royaume-Uni, acheter, en ligne, fournisseurs, livraison s\u00e9curis\u00e9e, N\u00e9anmoins, Maui Wowie Budder est disponible. Comment se procurer Maui Wowie Budder, Maui Wowie Budder est-il l\u00e9gal au Canada, Puis-je acheter Maui Wowie Budder en ligne aux \u00c9tats-Unis ?<\/p>","protected":false},"excerpt":{"rendered":"<p>Buy Maui Wowie Budder \u2013 Top Shelf Online Get the Top Shelf Maui Wowie Budder here. Grown originally in the lush volcanic soil of the Hawaiian islands, Maui Wowie is a sativa dominant strain. A gentle sativa that will make you dream of Hawaii&#8217;s sandy, tropical beaches and succulent, fresh pineapple. A favorite among experts &hellip;<\/p>\n<p class=\"read-more\"> <a class=\"\" href=\"https:\/\/legitgrams.com\/fr\/produit\/maui-wowie-budder-top-shelf\/\"> <span class=\"screen-reader-text\">Maui Wowie Budder - Top Shelf<\/span> Lire la suite \"<\/a><\/p>","protected":false},"featured_media":5390,"comment_status":"open","ping_status":"closed","template":"","meta":{"_uag_custom_page_level_css":"","site-sidebar-layout":"default","site-content-layout":"default","ast-global-header-display":"","ast-main-header-display":"","ast-hfb-above-header-display":"","ast-hfb-below-header-display":"","ast-hfb-mobile-header-display":"","site-post-title":"","ast-breadcrumbs-content":"","ast-featured-img":"","footer-sml-layout":"","theme-transparent-header-meta":"default","adv-header-id-meta":"","stick-header-meta":"default","header-above-stick-meta":"","header-main-stick-meta":"","header-below-stick-meta":"","_joinchat":[]},"product_brand":[],"product_cat":[606],"product_tag":[2417,2407,617,2399,2414,2411,2406,2398,2401,2409,2402,2400,2412,2419,2420,2418,2410,2415,2404,2416,2413,625,2405,2408,2403],"class_list":{"0":"post-4192","1":"product","2":"type-product","3":"status-publish","4":"has-post-thumbnail","6":"product_cat-marijuana-wax","7":"product_tag-best-cheap-price-maui-wowie-budder-top-shelf","8":"product_tag-best-place-to-buy-maui-wowie-budder-top-shelf","9":"product_tag-bulk-online","10":"product_tag-buy-maui-wowie-budder-top-shelf","11":"product_tag-cheap-maui-wowie-budder-top-shelf","12":"product_tag-high-quality-maui-wowie-budder-top-shelf","13":"product_tag-how-to-buy-maui-wowie-budder-top-shelf","14":"product_tag-maui-wowie-budder-top-shelf","15":"product_tag-maui-wowie-budder-top-shelf-for-sale","16":"product_tag-maui-wowie-budder-top-shelf-legally","17":"product_tag-maui-wowie-budder-top-shelf-maui-wowie-budder-top-shelf-supplier","18":"product_tag-maui-wowie-budder-top-shelf-online","19":"product_tag-maui-wowie-budder-top-shelf-store","20":"product_tag-maui-wowie-budder-top-shelf-use","21":"product_tag-maui-wowie-budder-top-shelf-wiki","22":"product_tag-maui-wowie-budder-top-shelf-worldwide","23":"product_tag-maui-wowie-budder-top-shelfprice","24":"product_tag-maui-wowie-budder-top-shelfs","25":"product_tag-order-maui-wowie-budder-top-shelf","26":"product_tag-purcharse-maui-wowie-budder-top-shelf","27":"product_tag-shop-maui-wowie-budder-top-shelf","28":"product_tag-top-quality","29":"product_tag-where-to-buy-maui-wowie-budder-top-shelf","30":"product_tag-where-to-order-maui-wowie-budder-top-shelf","31":"product_tag-wholesale-maui-wowie-budder-top-shelf","32":"desktop-align-left","33":"tablet-align-left","34":"mobile-align-left","35":"ast-product-gallery-layout-horizontal","36":"ast-product-gallery-with-no-image","37":"ast-product-single-variable","38":"ast-product-tabs-layout-horizontal","39":"ast-qv-on-image","41":"first","42":"instock","43":"shipping-taxable","44":"purchasable","45":"product-type-variable"},"yoast_head":"<!-- This site is optimized with the Yoast SEO plugin v25.9 - https:\/\/yoast.com\/wordpress\/plugins\/seo\/ -->\n<title>Maui Wowie Budder for Sale - Buy Maui Wowie Budder Online<\/title>\n<meta name=\"description\" content=\"If you have not tried Maui Wowie Budder from our store, then you are missing a lot. We will help you buy Maui Wowie Budder online at cheap rates. Get Maui Wowie Budder for sale today!\" \/>\n<meta name=\"robots\" content=\"index, follow, max-snippet:-1, max-image-preview:large, max-video-preview:-1\" \/>\n<link rel=\"canonical\" href=\"https:\/\/legitgrams.com\/fr\/produit\/maui-wowie-budder-top-shelf\/\" \/>\n<meta property=\"og:locale\" content=\"fr_FR\" \/>\n<meta property=\"og:type\" content=\"article\" \/>\n<meta property=\"og:title\" content=\"Maui Wowie Budder for Sale - Buy Maui Wowie Budder Online\" \/>\n<meta property=\"og:description\" content=\"If you have not tried Maui Wowie Budder from our store, then you are missing a lot. We will help you buy Maui Wowie Budder online at cheap rates. Get Maui Wowie Budder for sale today!\" \/>\n<meta property=\"og:url\" content=\"https:\/\/legitgrams.com\/fr\/produit\/maui-wowie-budder-top-shelf\/\" \/>\n<meta property=\"og:site_name\" content=\"Legit Grams\" \/>\n<meta property=\"article:modified_time\" content=\"2025-01-07T06:47:21+00:00\" \/>\n<meta property=\"og:image\" content=\"https:\/\/legitgrams.com\/wp-content\/uploads\/2024\/09\/Buy-Maui-Wowie-Budder.jpg\" \/>\n\t<meta property=\"og:image:width\" content=\"600\" \/>\n\t<meta property=\"og:image:height\" content=\"600\" \/>\n\t<meta property=\"og:image:type\" content=\"image\/jpeg\" \/>\n<meta name=\"twitter:card\" content=\"summary_large_image\" \/>\n<meta name=\"twitter:label1\" content=\"Dur\u00e9e de lecture est.\" \/>\n\t<meta name=\"twitter:data1\" content=\"2 minutes\" \/>\n<script type=\"application\/ld+json\" class=\"yoast-schema-graph\">{\"@context\":\"https:\/\/schema.org\",\"@graph\":[{\"@type\":\"WebPage\",\"@id\":\"https:\/\/legitgrams.com\/product\/maui-wowie-budder-top-shelf\/\",\"url\":\"https:\/\/legitgrams.com\/product\/maui-wowie-budder-top-shelf\/\",\"name\":\"Maui Wowie Budder for Sale - Buy Maui Wowie Budder Online\",\"isPartOf\":{\"@id\":\"https:\/\/legitgrams.com\/#website\"},\"primaryImageOfPage\":{\"@id\":\"https:\/\/legitgrams.com\/product\/maui-wowie-budder-top-shelf\/#primaryimage\"},\"image\":{\"@id\":\"https:\/\/legitgrams.com\/product\/maui-wowie-budder-top-shelf\/#primaryimage\"},\"thumbnailUrl\":\"https:\/\/legitgrams.com\/wp-content\/uploads\/2024\/09\/Buy-Maui-Wowie-Budder.jpg\",\"datePublished\":\"2024-09-21T12:36:26+00:00\",\"dateModified\":\"2025-01-07T06:47:21+00:00\",\"description\":\"If you have not tried Maui Wowie Budder from our store, then you are missing a lot. We will help you buy Maui Wowie Budder online at cheap rates. Get Maui Wowie Budder for sale today!\",\"breadcrumb\":{\"@id\":\"https:\/\/legitgrams.com\/product\/maui-wowie-budder-top-shelf\/#breadcrumb\"},\"inLanguage\":\"fr-BE\",\"potentialAction\":[{\"@type\":\"ReadAction\",\"target\":[\"https:\/\/legitgrams.com\/product\/maui-wowie-budder-top-shelf\/\"]}]},{\"@type\":\"ImageObject\",\"inLanguage\":\"fr-BE\",\"@id\":\"https:\/\/legitgrams.com\/product\/maui-wowie-budder-top-shelf\/#primaryimage\",\"url\":\"https:\/\/legitgrams.com\/wp-content\/uploads\/2024\/09\/Buy-Maui-Wowie-Budder.jpg\",\"contentUrl\":\"https:\/\/legitgrams.com\/wp-content\/uploads\/2024\/09\/Buy-Maui-Wowie-Budder.jpg\",\"width\":600,\"height\":600,\"caption\":\"Maui Wowie Budder for Sale\"},{\"@type\":\"BreadcrumbList\",\"@id\":\"https:\/\/legitgrams.com\/product\/maui-wowie-budder-top-shelf\/#breadcrumb\",\"itemListElement\":[{\"@type\":\"ListItem\",\"position\":1,\"name\":\"Home\",\"item\":\"https:\/\/legitgrams.com\/\"},{\"@type\":\"ListItem\",\"position\":2,\"name\":\"Shop\",\"item\":\"https:\/\/legitgrams.com\/shop\/\"},{\"@type\":\"ListItem\",\"position\":3,\"name\":\"Maui Wowie Budder \u2013 Top Shelf\"}]},{\"@type\":\"WebSite\",\"@id\":\"https:\/\/legitgrams.com\/#website\",\"url\":\"https:\/\/legitgrams.com\/\",\"name\":\"Legit Grams\",\"description\":\"My WordPress Blog\",\"publisher\":{\"@id\":\"https:\/\/legitgrams.com\/#organization\"},\"potentialAction\":[{\"@type\":\"SearchAction\",\"target\":{\"@type\":\"EntryPoint\",\"urlTemplate\":\"https:\/\/legitgrams.com\/?s={search_term_string}\"},\"query-input\":{\"@type\":\"PropertyValueSpecification\",\"valueRequired\":true,\"valueName\":\"search_term_string\"}}],\"inLanguage\":\"fr-BE\"},{\"@type\":\"Organization\",\"@id\":\"https:\/\/legitgrams.com\/#organization\",\"name\":\"Legit Grams\",\"url\":\"https:\/\/legitgrams.com\/\",\"logo\":{\"@type\":\"ImageObject\",\"inLanguage\":\"fr-BE\",\"@id\":\"https:\/\/legitgrams.com\/#\/schema\/logo\/image\/\",\"url\":\"https:\/\/legitgrams.com\/wp-content\/uploads\/2024\/09\/main-logo.png\",\"contentUrl\":\"https:\/\/legitgrams.com\/wp-content\/uploads\/2024\/09\/main-logo.png\",\"width\":270,\"height\":75,\"caption\":\"Legit Grams\"},\"image\":{\"@id\":\"https:\/\/legitgrams.com\/#\/schema\/logo\/image\/\"}}]}<\/script>\n<!-- \/ Yoast SEO plugin. -->","yoast_head_json":{"title":"Maui Wowie Budder \u00e0 vendre - Achetez Maui Wowie Budder en ligne","description":"Si vous n'avez pas encore essay\u00e9 Maui Wowie Budder dans notre magasin, alors vous manquez quelque chose. Nous vous aiderons \u00e0 acheter Maui Wowie Budder en ligne \u00e0 des prix avantageux. Achetez Maui Wowie Budder d\u00e8s aujourd'hui !","robots":{"index":"index","follow":"follow","max-snippet":"max-snippet:-1","max-image-preview":"max-image-preview:large","max-video-preview":"max-video-preview:-1"},"canonical":"https:\/\/legitgrams.com\/fr\/produit\/maui-wowie-budder-top-shelf\/","og_locale":"fr_FR","og_type":"article","og_title":"Maui Wowie Budder for Sale - Buy Maui Wowie Budder Online","og_description":"If you have not tried Maui Wowie Budder from our store, then you are missing a lot. We will help you buy Maui Wowie Budder online at cheap rates. Get Maui Wowie Budder for sale today!","og_url":"https:\/\/legitgrams.com\/fr\/produit\/maui-wowie-budder-top-shelf\/","og_site_name":"Legit Grams","article_modified_time":"2025-01-07T06:47:21+00:00","og_image":[{"width":600,"height":600,"url":"https:\/\/legitgrams.com\/wp-content\/uploads\/2024\/09\/Buy-Maui-Wowie-Budder.jpg","type":"image\/jpeg"}],"twitter_card":"summary_large_image","twitter_misc":{"Dur\u00e9e de lecture est.":"2 minutes"},"schema":{"@context":"https:\/\/schema.org","@graph":[{"@type":"WebPage","@id":"https:\/\/legitgrams.com\/product\/maui-wowie-budder-top-shelf\/","url":"https:\/\/legitgrams.com\/product\/maui-wowie-budder-top-shelf\/","name":"Maui Wowie Budder \u00e0 vendre - Achetez Maui Wowie Budder en ligne","isPartOf":{"@id":"https:\/\/legitgrams.com\/#website"},"primaryImageOfPage":{"@id":"https:\/\/legitgrams.com\/product\/maui-wowie-budder-top-shelf\/#primaryimage"},"image":{"@id":"https:\/\/legitgrams.com\/product\/maui-wowie-budder-top-shelf\/#primaryimage"},"thumbnailUrl":"https:\/\/legitgrams.com\/wp-content\/uploads\/2024\/09\/Buy-Maui-Wowie-Budder.jpg","datePublished":"2024-09-21T12:36:26+00:00","dateModified":"2025-01-07T06:47:21+00:00","description":"Si vous n'avez pas encore essay\u00e9 Maui Wowie Budder dans notre magasin, alors vous manquez quelque chose. Nous vous aiderons \u00e0 acheter Maui Wowie Budder en ligne \u00e0 des prix avantageux. Achetez Maui Wowie Budder d\u00e8s aujourd'hui !","breadcrumb":{"@id":"https:\/\/legitgrams.com\/product\/maui-wowie-budder-top-shelf\/#breadcrumb"},"inLanguage":"fr-BE","potentialAction":[{"@type":"ReadAction","target":["https:\/\/legitgrams.com\/product\/maui-wowie-budder-top-shelf\/"]}]},{"@type":"ImageObject","inLanguage":"fr-BE","@id":"https:\/\/legitgrams.com\/product\/maui-wowie-budder-top-shelf\/#primaryimage","url":"https:\/\/legitgrams.com\/wp-content\/uploads\/2024\/09\/Buy-Maui-Wowie-Budder.jpg","contentUrl":"https:\/\/legitgrams.com\/wp-content\/uploads\/2024\/09\/Buy-Maui-Wowie-Budder.jpg","width":600,"height":600,"caption":"Maui Wowie Budder for Sale"},{"@type":"BreadcrumbList","@id":"https:\/\/legitgrams.com\/product\/maui-wowie-budder-top-shelf\/#breadcrumb","itemListElement":[{"@type":"ListItem","position":1,"name":"Home","item":"https:\/\/legitgrams.com\/"},{"@type":"ListItem","position":2,"name":"Shop","item":"https:\/\/legitgrams.com\/shop\/"},{"@type":"ListItem","position":3,"name":"Maui Wowie Budder \u2013 Top Shelf"}]},{"@type":"WebSite","@id":"https:\/\/legitgrams.com\/#website","url":"https:\/\/legitgrams.com\/","name":"Les grammes l\u00e9gitimes","description":"Mon blog WordPress","publisher":{"@id":"https:\/\/legitgrams.com\/#organization"},"potentialAction":[{"@type":"SearchAction","target":{"@type":"EntryPoint","urlTemplate":"https:\/\/legitgrams.com\/?s={search_term_string}"},"query-input":{"@type":"PropertyValueSpecification","valueRequired":true,"valueName":"search_term_string"}}],"inLanguage":"fr-BE"},{"@type":"Organization","@id":"https:\/\/legitgrams.com\/#organization","name":"Les grammes l\u00e9gitimes","url":"https:\/\/legitgrams.com\/","logo":{"@type":"ImageObject","inLanguage":"fr-BE","@id":"https:\/\/legitgrams.com\/#\/schema\/logo\/image\/","url":"https:\/\/legitgrams.com\/wp-content\/uploads\/2024\/09\/main-logo.png","contentUrl":"https:\/\/legitgrams.com\/wp-content\/uploads\/2024\/09\/main-logo.png","width":270,"height":75,"caption":"Legit Grams"},"image":{"@id":"https:\/\/legitgrams.com\/#\/schema\/logo\/image\/"}}]}},"uagb_featured_image_src":{"full":["https:\/\/legitgrams.com\/wp-content\/uploads\/2024\/09\/Buy-Maui-Wowie-Budder.jpg",600,600,false],"thumbnail":["https:\/\/legitgrams.com\/wp-content\/uploads\/2024\/09\/Buy-Maui-Wowie-Budder-150x150.jpg",150,150,true],"medium":["https:\/\/legitgrams.com\/wp-content\/uploads\/2024\/09\/Buy-Maui-Wowie-Budder-300x300.jpg",300,300,true],"medium_large":["https:\/\/legitgrams.com\/wp-content\/uploads\/2024\/09\/Buy-Maui-Wowie-Budder.jpg",600,600,false],"large":["https:\/\/legitgrams.com\/wp-content\/uploads\/2024\/09\/Buy-Maui-Wowie-Budder.jpg",600,600,false],"1536x1536":["https:\/\/legitgrams.com\/wp-content\/uploads\/2024\/09\/Buy-Maui-Wowie-Budder.jpg",600,600,false],"2048x2048":["https:\/\/legitgrams.com\/wp-content\/uploads\/2024\/09\/Buy-Maui-Wowie-Budder.jpg",600,600,false],"trp-custom-language-flag":["https:\/\/legitgrams.com\/wp-content\/uploads\/2024\/09\/Buy-Maui-Wowie-Budder-12x12.jpg",12,12,true],"woocommerce_thumbnail":["https:\/\/legitgrams.com\/wp-content\/uploads\/2024\/09\/Buy-Maui-Wowie-Budder-300x300.jpg",300,300,true],"woocommerce_single":["https:\/\/legitgrams.com\/wp-content\/uploads\/2024\/09\/Buy-Maui-Wowie-Budder.jpg",600,600,false],"woocommerce_gallery_thumbnail":["https:\/\/legitgrams.com\/wp-content\/uploads\/2024\/09\/Buy-Maui-Wowie-Budder-100x100.jpg",100,100,true]},"uagb_author_info":{"display_name":"cokeblog18","author_link":"https:\/\/legitgrams.com\/fr\/author\/"},"uagb_comment_info":0,"uagb_excerpt":"Buy Maui Wowie Budder \u2013 Top Shelf Online Get the Top Shelf Maui Wowie Budder here. Grown originally in the lush volcanic soil of the Hawaiian islands, Maui Wowie is a sativa dominant strain. A gentle sativa that will make you dream of Hawaii&#8217;s sandy, tropical beaches and succulent, fresh pineapple. A favorite among experts&hellip;","_links":{"self":[{"href":"https:\/\/legitgrams.com\/fr\/wp-json\/wp\/v2\/product\/4192","targetHints":{"allow":["GET"]}}],"collection":[{"href":"https:\/\/legitgrams.com\/fr\/wp-json\/wp\/v2\/product"}],"about":[{"href":"https:\/\/legitgrams.com\/fr\/wp-json\/wp\/v2\/types\/product"}],"replies":[{"embeddable":true,"href":"https:\/\/legitgrams.com\/fr\/wp-json\/wp\/v2\/comments?post=4192"}],"wp:featuredmedia":[{"embeddable":true,"href":"https:\/\/legitgrams.com\/fr\/wp-json\/wp\/v2\/media\/5390"}],"wp:attachment":[{"href":"https:\/\/legitgrams.com\/fr\/wp-json\/wp\/v2\/media?parent=4192"}],"wp:term":[{"taxonomy":"product_brand","embeddable":true,"href":"https:\/\/legitgrams.com\/fr\/wp-json\/wp\/v2\/product_brand?post=4192"},{"taxonomy":"product_cat","embeddable":true,"href":"https:\/\/legitgrams.com\/fr\/wp-json\/wp\/v2\/product_cat?post=4192"},{"taxonomy":"product_tag","embeddable":true,"href":"https:\/\/legitgrams.com\/fr\/wp-json\/wp\/v2\/product_tag?post=4192"}],"curies":[{"name":"wp","href":"https:\/\/api.w.org\/{rel}","templated":true}]}}