{"id":4193,"date":"2024-09-21T12:36:06","date_gmt":"2024-09-21T12:36:06","guid":{"rendered":"https:\/\/legitgrams.com\/?post_type=product&#038;p=4193"},"modified":"2025-01-14T06:26:21","modified_gmt":"2025-01-14T06:26:21","slug":"india-charas-black-hash","status":"publish","type":"product","link":"https:\/\/legitgrams.com\/fr\/produit\/india-charas-black-hash\/","title":{"rendered":"Inde Charas Black Hash"},"content":{"rendered":"<h2>Achat de haschisch indien Charas Black en ligne<\/h2>\n<p>Acheter <a href=\"https:\/\/legitgrams.com\/fr\/produit\/india-charas-black-hash\/\">Black Hash India Charas<\/a> Inde. g\u00e9n\u00e9r\u00e9 en caressant doucement les bourgeons femelles entre vos paumes. Avant le transport, le poix est comprim\u00e9 en morceaux typiques et distribu\u00e9 sous forme de boules de haschisch. Coloration : fonc\u00e9, noir \u00e0 l'ext\u00e9rieur ou vert clair \u00e0 l'int\u00e9rieur. Parfum : chaud \u00e0 tr\u00e8s acidul\u00e9. Un parfum unique. Go\u00fbt : contrairement \u00e0 l'Afghani, il est un peu rugueux pour la gorge et tr\u00e8s \u00e9pic\u00e9. Consistance : il est incroyablement doux et peut \u00eatre correctement mass\u00e9, un peu comme l'Afghani. Parfois tr\u00e8s fin, mais toujours \u00e9pais. Impact : joyeux et assez intense. connect\u00e9 au cerveau. Force : exceptionnellement puissant et fort. Le charas est souvent une excellente fum\u00e9e, un peu comme le n\u00e9palais. (10\u201326 % de THC) Disponibilit\u00e9 : extr\u00eamement rare ; seules de tr\u00e8s petites quantit\u00e9s sont p\u00e9riodiquement mises \u00e0 disposition. La plupart des voyageurs priv\u00e9s importent en Inde ce type de haschisch. Le co\u00fbt est \u00e9videmment \u00e9lev\u00e9 par rapport aux normes n\u00e9palaises. Le charas est g\u00e9n\u00e9ralement vendu sous forme de morceau de haschisch appel\u00e9 \u00ab doigt \u00bb, qui ressemble \u00e0 un hot-dog. <a href=\"https:\/\/legitgrams.com\/fr\/\">LegitGrams<\/a><\/p>\n<p>Acheter du haschisch Charas Black en Inde : acheter du haschisch Black, acheter du haschisch Charas Black, acheter du haschisch Charas Black en ligne en Inde, o\u00f9 acheter en Inde <a href=\"https:\/\/en.wikipedia.org\/wiki\/Charas\">Charas<\/a> Black Hash\uff0c\u5728\u54ea\u91cc\u53ef\u4ee5\u4e70\u5230\u5370\u5ea6 Charas Black Hash\uff0c\u5728\u54ea\u91cc\u53ef\u4ee5\u4e70\u5230\u5370\u5ea6 Charas Black Hash\uff0c\u5982\u4f55\u8d2d\u4e70\u5370\u5ea6 Charas Black Hash\uff0c\u5982\u4f55\u5728\u7ebf\u8d2d\u4e70\u5370\u5ea6 Charas Black Hash\uff0c\u5728\u7ebf\u8d2d\u4e70\u5370\u5ea6 Charas Black Hash\uff0c\u5728\u7ebf\u8d2d\u4e70\u5370\u5ea6 Charas Black Hash\uff0c\u5728\u7ebf\u8d2d\u4e70\u5370\u5ea6 Charas Black Hash\uff0c\u5728\u7ebf\u8d2d\u4e70\u5370\u5ea6 Charas Black Hash\uff0c\u5728\u7ebf\u8d2d\u4e70\u5370\u5ea6 Charas Black Hash\uff0c\u5728\u7ebf\u8d2d\u4e70\u5370\u5ea6 Charas Black Hash\uff0c\u5728\u7ebf\u8d2d\u4e70\u5370\u5ea6 Charas Black Hash\uff0c\u5728\u7ebf\u8d2d\u7269\uff0c\u4f9b\u5e94\u5546\uff0c\u5b89\u5168\u9001\u8d27\uff0c\u5370\u5ea6 Charas Black Hash \u4ecd\u53ef\u8d2d\u4e70\u3002\u6b64\u5916\uff0c\u60a8\u8fd8\u53ef\u4ee5\u4e86\u89e3\u5982\u4f55\u8ba2\u8d2d\uff0c\u5b83\u5728\u7f8e\u56fd\u662f\u5426\u5408\u6cd5\uff0c\u4ee5\u53ca\u662f\u5426\u53ef\u4ee5\u5728\u7ebf\u8d2d\u4e70<\/p>\n<h2><\/h2>\n<h2><\/h2>\n<p>&nbsp;<\/p>","protected":false},"excerpt":{"rendered":"<p>Purchase of India Charas Black Hash Online Buy Black Hash India Charas India. generated by gently stroking the female buds between your palms. Prior to transportation, the pitch is compressed into the typical pieces and distributed as hash balls. Shading: Dark, black on the outside, or light green inside. Scent: Hot to very tangy. A &hellip;<\/p>\n<p class=\"read-more\"> <a class=\"\" href=\"https:\/\/legitgrams.com\/fr\/produit\/india-charas-black-hash\/\"> <span class=\"screen-reader-text\">Inde Charas Black Hash<\/span> Lire la suite \"<\/a><\/p>","protected":false},"featured_media":5376,"comment_status":"open","ping_status":"closed","template":"","meta":{"_uag_custom_page_level_css":"","site-sidebar-layout":"default","site-content-layout":"default","ast-global-header-display":"","ast-main-header-display":"","ast-hfb-above-header-display":"","ast-hfb-below-header-display":"","ast-hfb-mobile-header-display":"","site-post-title":"","ast-breadcrumbs-content":"","ast-featured-img":"","footer-sml-layout":"","theme-transparent-header-meta":"default","adv-header-id-meta":"","stick-header-meta":"default","header-above-stick-meta":"","header-main-stick-meta":"","header-below-stick-meta":"","_joinchat":[]},"product_brand":[],"product_cat":[605],"product_tag":[2440,2430,617,2422,2437,2434,2429,2421,2424,2425,2432,2423,2435,2442,2443,2441,2433,2438,2427,2439,2436,625,2428,2431,2426],"class_list":{"0":"post-4193","1":"product","2":"type-product","3":"status-publish","4":"has-post-thumbnail","6":"product_cat-hash-hashish","7":"product_tag-best-cheap-price-india-charas-black-hash","8":"product_tag-best-place-to-buy-india-charas-black-hash","9":"product_tag-bulk-online","10":"product_tag-buy-india-charas-black-hash","11":"product_tag-cheap-india-charas-black-hash","12":"product_tag-high-quality-india-charas-black-hash","13":"product_tag-how-to-buy-india-charas-black-hash","14":"product_tag-india-charas-black-hash","15":"product_tag-india-charas-black-hash-for-sale","16":"product_tag-india-charas-black-hash-india-charas-black-hash-supplier","17":"product_tag-india-charas-black-hash-legally","18":"product_tag-india-charas-black-hash-online","19":"product_tag-india-charas-black-hash-store","20":"product_tag-india-charas-black-hash-use","21":"product_tag-india-charas-black-hash-wiki","22":"product_tag-india-charas-black-hash-worldwide","23":"product_tag-india-charas-black-hashprice","24":"product_tag-india-charas-black-hashs","25":"product_tag-order-india-charas-black-hash","26":"product_tag-purcharse-india-charas-black-hash","27":"product_tag-shop-india-charas-black-hash","28":"product_tag-top-quality","29":"product_tag-where-to-buy-india-charas-black-hash","30":"product_tag-where-to-order-india-charas-black-hash","31":"product_tag-wholesale-india-charas-black-hash","32":"desktop-align-left","33":"tablet-align-left","34":"mobile-align-left","35":"ast-product-gallery-layout-horizontal","36":"ast-product-gallery-with-no-image","37":"ast-product-single-variable","38":"ast-product-tabs-layout-horizontal","39":"ast-qv-on-image","41":"first","42":"instock","43":"shipping-taxable","44":"purchasable","45":"product-type-variable"},"yoast_head":"<!-- This site is optimized with the Yoast SEO plugin v25.9 - https:\/\/yoast.com\/wordpress\/plugins\/seo\/ -->\n<title>India Charas Black Hash for Sale - Buy India Charas Black Online<\/title>\n<meta name=\"description\" content=\"At our Legitgrams, you can get India Charas Black Hash for sale at cheap rates. We deal with A-grade quality products only. Buy India Charas Black Hash online from our store now with fast &amp; secure shipping service.\" \/>\n<meta name=\"robots\" content=\"index, follow, max-snippet:-1, max-image-preview:large, max-video-preview:-1\" \/>\n<link rel=\"canonical\" href=\"https:\/\/legitgrams.com\/fr\/produit\/india-charas-black-hash\/\" \/>\n<meta property=\"og:locale\" content=\"fr_FR\" \/>\n<meta property=\"og:type\" content=\"article\" \/>\n<meta property=\"og:title\" content=\"India Charas Black Hash for Sale - Buy India Charas Black Online\" \/>\n<meta property=\"og:description\" content=\"At our Legitgrams, you can get India Charas Black Hash for sale at cheap rates. We deal with A-grade quality products only. Buy India Charas Black Hash online from our store now with fast &amp; secure shipping service.\" \/>\n<meta property=\"og:url\" content=\"https:\/\/legitgrams.com\/fr\/produit\/india-charas-black-hash\/\" \/>\n<meta property=\"og:site_name\" content=\"Legit Grams\" \/>\n<meta property=\"article:modified_time\" content=\"2025-01-14T06:26:21+00:00\" \/>\n<meta property=\"og:image\" content=\"https:\/\/legitgrams.com\/wp-content\/uploads\/2024\/09\/Buy-India-Charas-Black-Hash.jpg\" \/>\n\t<meta property=\"og:image:width\" content=\"600\" \/>\n\t<meta property=\"og:image:height\" content=\"600\" \/>\n\t<meta property=\"og:image:type\" content=\"image\/jpeg\" \/>\n<meta name=\"twitter:card\" content=\"summary_large_image\" \/>\n<meta name=\"twitter:label1\" content=\"Dur\u00e9e de lecture est.\" \/>\n\t<meta name=\"twitter:data1\" content=\"2 minutes\" \/>\n<script type=\"application\/ld+json\" class=\"yoast-schema-graph\">{\"@context\":\"https:\/\/schema.org\",\"@graph\":[{\"@type\":\"WebPage\",\"@id\":\"https:\/\/legitgrams.com\/product\/india-charas-black-hash\/\",\"url\":\"https:\/\/legitgrams.com\/product\/india-charas-black-hash\/\",\"name\":\"India Charas Black Hash for Sale - Buy India Charas Black Online\",\"isPartOf\":{\"@id\":\"https:\/\/legitgrams.com\/#website\"},\"primaryImageOfPage\":{\"@id\":\"https:\/\/legitgrams.com\/product\/india-charas-black-hash\/#primaryimage\"},\"image\":{\"@id\":\"https:\/\/legitgrams.com\/product\/india-charas-black-hash\/#primaryimage\"},\"thumbnailUrl\":\"https:\/\/legitgrams.com\/wp-content\/uploads\/2024\/09\/Buy-India-Charas-Black-Hash.jpg\",\"datePublished\":\"2024-09-21T12:36:06+00:00\",\"dateModified\":\"2025-01-14T06:26:21+00:00\",\"description\":\"At our Legitgrams, you can get India Charas Black Hash for sale at cheap rates. We deal with A-grade quality products only. Buy India Charas Black Hash online from our store now with fast & secure shipping service.\",\"breadcrumb\":{\"@id\":\"https:\/\/legitgrams.com\/product\/india-charas-black-hash\/#breadcrumb\"},\"inLanguage\":\"fr-BE\",\"potentialAction\":[{\"@type\":\"ReadAction\",\"target\":[\"https:\/\/legitgrams.com\/product\/india-charas-black-hash\/\"]}]},{\"@type\":\"ImageObject\",\"inLanguage\":\"fr-BE\",\"@id\":\"https:\/\/legitgrams.com\/product\/india-charas-black-hash\/#primaryimage\",\"url\":\"https:\/\/legitgrams.com\/wp-content\/uploads\/2024\/09\/Buy-India-Charas-Black-Hash.jpg\",\"contentUrl\":\"https:\/\/legitgrams.com\/wp-content\/uploads\/2024\/09\/Buy-India-Charas-Black-Hash.jpg\",\"width\":600,\"height\":600,\"caption\":\"India Charas Black Hash for Sale\"},{\"@type\":\"BreadcrumbList\",\"@id\":\"https:\/\/legitgrams.com\/product\/india-charas-black-hash\/#breadcrumb\",\"itemListElement\":[{\"@type\":\"ListItem\",\"position\":1,\"name\":\"Home\",\"item\":\"https:\/\/legitgrams.com\/\"},{\"@type\":\"ListItem\",\"position\":2,\"name\":\"Shop\",\"item\":\"https:\/\/legitgrams.com\/shop\/\"},{\"@type\":\"ListItem\",\"position\":3,\"name\":\"India Charas Black Hash\"}]},{\"@type\":\"WebSite\",\"@id\":\"https:\/\/legitgrams.com\/#website\",\"url\":\"https:\/\/legitgrams.com\/\",\"name\":\"Legit Grams\",\"description\":\"My WordPress Blog\",\"publisher\":{\"@id\":\"https:\/\/legitgrams.com\/#organization\"},\"potentialAction\":[{\"@type\":\"SearchAction\",\"target\":{\"@type\":\"EntryPoint\",\"urlTemplate\":\"https:\/\/legitgrams.com\/?s={search_term_string}\"},\"query-input\":{\"@type\":\"PropertyValueSpecification\",\"valueRequired\":true,\"valueName\":\"search_term_string\"}}],\"inLanguage\":\"fr-BE\"},{\"@type\":\"Organization\",\"@id\":\"https:\/\/legitgrams.com\/#organization\",\"name\":\"Legit Grams\",\"url\":\"https:\/\/legitgrams.com\/\",\"logo\":{\"@type\":\"ImageObject\",\"inLanguage\":\"fr-BE\",\"@id\":\"https:\/\/legitgrams.com\/#\/schema\/logo\/image\/\",\"url\":\"https:\/\/legitgrams.com\/wp-content\/uploads\/2024\/09\/main-logo.png\",\"contentUrl\":\"https:\/\/legitgrams.com\/wp-content\/uploads\/2024\/09\/main-logo.png\",\"width\":270,\"height\":75,\"caption\":\"Legit Grams\"},\"image\":{\"@id\":\"https:\/\/legitgrams.com\/#\/schema\/logo\/image\/\"}}]}<\/script>\n<!-- \/ Yoast SEO plugin. -->","yoast_head_json":{"title":"Vente de haschisch indien Charas Black - Achetez du haschisch indien Charas Black en ligne","description":"Sur notre site Legitgrams, vous pouvez vous procurer India Charas Black Hash \u00e0 des prix avantageux. Nous ne vendons que des produits de qualit\u00e9 sup\u00e9rieure. Achetez India Charas Black Hash en ligne sur notre site avec un service de livraison rapide et s\u00e9curis\u00e9.","robots":{"index":"index","follow":"follow","max-snippet":"max-snippet:-1","max-image-preview":"max-image-preview:large","max-video-preview":"max-video-preview:-1"},"canonical":"https:\/\/legitgrams.com\/fr\/produit\/india-charas-black-hash\/","og_locale":"fr_FR","og_type":"article","og_title":"India Charas Black Hash for Sale - Buy India Charas Black Online","og_description":"At our Legitgrams, you can get India Charas Black Hash for sale at cheap rates. We deal with A-grade quality products only. Buy India Charas Black Hash online from our store now with fast & secure shipping service.","og_url":"https:\/\/legitgrams.com\/fr\/produit\/india-charas-black-hash\/","og_site_name":"Legit Grams","article_modified_time":"2025-01-14T06:26:21+00:00","og_image":[{"width":600,"height":600,"url":"https:\/\/legitgrams.com\/wp-content\/uploads\/2024\/09\/Buy-India-Charas-Black-Hash.jpg","type":"image\/jpeg"}],"twitter_card":"summary_large_image","twitter_misc":{"Dur\u00e9e de lecture est.":"2 minutes"},"schema":{"@context":"https:\/\/schema.org","@graph":[{"@type":"WebPage","@id":"https:\/\/legitgrams.com\/product\/india-charas-black-hash\/","url":"https:\/\/legitgrams.com\/product\/india-charas-black-hash\/","name":"Vente de haschisch indien Charas Black - Achetez du haschisch indien Charas Black en ligne","isPartOf":{"@id":"https:\/\/legitgrams.com\/#website"},"primaryImageOfPage":{"@id":"https:\/\/legitgrams.com\/product\/india-charas-black-hash\/#primaryimage"},"image":{"@id":"https:\/\/legitgrams.com\/product\/india-charas-black-hash\/#primaryimage"},"thumbnailUrl":"https:\/\/legitgrams.com\/wp-content\/uploads\/2024\/09\/Buy-India-Charas-Black-Hash.jpg","datePublished":"2024-09-21T12:36:06+00:00","dateModified":"2025-01-14T06:26:21+00:00","description":"Sur notre site Legitgrams, vous pouvez vous procurer India Charas Black Hash \u00e0 des prix avantageux. Nous ne vendons que des produits de qualit\u00e9 sup\u00e9rieure. Achetez India Charas Black Hash en ligne sur notre site avec un service de livraison rapide et s\u00e9curis\u00e9.","breadcrumb":{"@id":"https:\/\/legitgrams.com\/product\/india-charas-black-hash\/#breadcrumb"},"inLanguage":"fr-BE","potentialAction":[{"@type":"ReadAction","target":["https:\/\/legitgrams.com\/product\/india-charas-black-hash\/"]}]},{"@type":"ImageObject","inLanguage":"fr-BE","@id":"https:\/\/legitgrams.com\/product\/india-charas-black-hash\/#primaryimage","url":"https:\/\/legitgrams.com\/wp-content\/uploads\/2024\/09\/Buy-India-Charas-Black-Hash.jpg","contentUrl":"https:\/\/legitgrams.com\/wp-content\/uploads\/2024\/09\/Buy-India-Charas-Black-Hash.jpg","width":600,"height":600,"caption":"India Charas Black Hash for Sale"},{"@type":"BreadcrumbList","@id":"https:\/\/legitgrams.com\/product\/india-charas-black-hash\/#breadcrumb","itemListElement":[{"@type":"ListItem","position":1,"name":"Home","item":"https:\/\/legitgrams.com\/"},{"@type":"ListItem","position":2,"name":"Shop","item":"https:\/\/legitgrams.com\/shop\/"},{"@type":"ListItem","position":3,"name":"India Charas Black Hash"}]},{"@type":"WebSite","@id":"https:\/\/legitgrams.com\/#website","url":"https:\/\/legitgrams.com\/","name":"Les grammes l\u00e9gitimes","description":"Mon blog WordPress","publisher":{"@id":"https:\/\/legitgrams.com\/#organization"},"potentialAction":[{"@type":"SearchAction","target":{"@type":"EntryPoint","urlTemplate":"https:\/\/legitgrams.com\/?s={search_term_string}"},"query-input":{"@type":"PropertyValueSpecification","valueRequired":true,"valueName":"search_term_string"}}],"inLanguage":"fr-BE"},{"@type":"Organization","@id":"https:\/\/legitgrams.com\/#organization","name":"Les grammes l\u00e9gitimes","url":"https:\/\/legitgrams.com\/","logo":{"@type":"ImageObject","inLanguage":"fr-BE","@id":"https:\/\/legitgrams.com\/#\/schema\/logo\/image\/","url":"https:\/\/legitgrams.com\/wp-content\/uploads\/2024\/09\/main-logo.png","contentUrl":"https:\/\/legitgrams.com\/wp-content\/uploads\/2024\/09\/main-logo.png","width":270,"height":75,"caption":"Legit Grams"},"image":{"@id":"https:\/\/legitgrams.com\/#\/schema\/logo\/image\/"}}]}},"uagb_featured_image_src":{"full":["https:\/\/legitgrams.com\/wp-content\/uploads\/2024\/09\/Buy-India-Charas-Black-Hash.jpg",600,600,false],"thumbnail":["https:\/\/legitgrams.com\/wp-content\/uploads\/2024\/09\/Buy-India-Charas-Black-Hash-150x150.jpg",150,150,true],"medium":["https:\/\/legitgrams.com\/wp-content\/uploads\/2024\/09\/Buy-India-Charas-Black-Hash-300x300.jpg",300,300,true],"medium_large":["https:\/\/legitgrams.com\/wp-content\/uploads\/2024\/09\/Buy-India-Charas-Black-Hash.jpg",600,600,false],"large":["https:\/\/legitgrams.com\/wp-content\/uploads\/2024\/09\/Buy-India-Charas-Black-Hash.jpg",600,600,false],"1536x1536":["https:\/\/legitgrams.com\/wp-content\/uploads\/2024\/09\/Buy-India-Charas-Black-Hash.jpg",600,600,false],"2048x2048":["https:\/\/legitgrams.com\/wp-content\/uploads\/2024\/09\/Buy-India-Charas-Black-Hash.jpg",600,600,false],"trp-custom-language-flag":["https:\/\/legitgrams.com\/wp-content\/uploads\/2024\/09\/Buy-India-Charas-Black-Hash-12x12.jpg",12,12,true],"woocommerce_thumbnail":["https:\/\/legitgrams.com\/wp-content\/uploads\/2024\/09\/Buy-India-Charas-Black-Hash-300x300.jpg",300,300,true],"woocommerce_single":["https:\/\/legitgrams.com\/wp-content\/uploads\/2024\/09\/Buy-India-Charas-Black-Hash.jpg",600,600,false],"woocommerce_gallery_thumbnail":["https:\/\/legitgrams.com\/wp-content\/uploads\/2024\/09\/Buy-India-Charas-Black-Hash-100x100.jpg",100,100,true]},"uagb_author_info":{"display_name":"cokeblog18","author_link":"https:\/\/legitgrams.com\/fr\/author\/"},"uagb_comment_info":0,"uagb_excerpt":"Purchase of India Charas Black Hash Online Buy Black Hash India Charas India. generated by gently stroking the female buds between your palms. Prior to transportation, the pitch is compressed into the typical pieces and distributed as hash balls. Shading: Dark, black on the outside, or light green inside. Scent: Hot to very tangy. A&hellip;","_links":{"self":[{"href":"https:\/\/legitgrams.com\/fr\/wp-json\/wp\/v2\/product\/4193","targetHints":{"allow":["GET"]}}],"collection":[{"href":"https:\/\/legitgrams.com\/fr\/wp-json\/wp\/v2\/product"}],"about":[{"href":"https:\/\/legitgrams.com\/fr\/wp-json\/wp\/v2\/types\/product"}],"replies":[{"embeddable":true,"href":"https:\/\/legitgrams.com\/fr\/wp-json\/wp\/v2\/comments?post=4193"}],"wp:featuredmedia":[{"embeddable":true,"href":"https:\/\/legitgrams.com\/fr\/wp-json\/wp\/v2\/media\/5376"}],"wp:attachment":[{"href":"https:\/\/legitgrams.com\/fr\/wp-json\/wp\/v2\/media?parent=4193"}],"wp:term":[{"taxonomy":"product_brand","embeddable":true,"href":"https:\/\/legitgrams.com\/fr\/wp-json\/wp\/v2\/product_brand?post=4193"},{"taxonomy":"product_cat","embeddable":true,"href":"https:\/\/legitgrams.com\/fr\/wp-json\/wp\/v2\/product_cat?post=4193"},{"taxonomy":"product_tag","embeddable":true,"href":"https:\/\/legitgrams.com\/fr\/wp-json\/wp\/v2\/product_tag?post=4193"}],"curies":[{"name":"wp","href":"https:\/\/api.w.org\/{rel}","templated":true}]}}