{"id":4194,"date":"2024-09-21T12:35:32","date_gmt":"2024-09-21T12:35:32","guid":{"rendered":"https:\/\/legitgrams.com\/?post_type=product&#038;p=4194"},"modified":"2025-01-14T06:18:12","modified_gmt":"2025-01-14T06:18:12","slug":"batonnets-de-glace","status":"publish","type":"product","link":"https:\/\/legitgrams.com\/fr\/produit\/batonnets-de-glace\/","title":{"rendered":"B\u00e2tonnets de glace"},"content":{"rendered":"<h2>Achetez des b\u00e2tons de hachage de glace en ligne Obtenez des b\u00e2tons de hachage de glace<\/h2>\n<p><a href=\"https:\/\/legitgrams.com\/fr\/produit\/batonnets-de-glace\/\">Hachis de glace<\/a> est une technique de plus en plus populaire pour cr\u00e9er des haschisch de qualit\u00e9 sup\u00e9rieure. L'eau est m\u00e9lang\u00e9e \u00e0 de la marijuana puis filtr\u00e9e via un tissu. Une r\u00e9sine de haute qualit\u00e9 est produite. B\u00e2tonnets de haschisch \u00e0 base de glace. Il existe plusieurs m\u00e9thodes pour cr\u00e9er des gla\u00e7ons. Vous pouvez acheter des ice-o-lators en ligne pour cr\u00e9er des haschisch glac\u00e9s. <a href=\"https:\/\/legitgrams.com\/fr\/\">LegitGrams<\/a><\/p>\n<h3>Qu'est-ce que le haschisch ?<\/h3>\n<p>La s\u00e8ve des plantes de cannabis femelles (empil\u00e9es) est utilis\u00e9e pour produire du haschisch, une drogue psychoactive. [\u2026] Le but de la cr\u00e9ation d'un haschisch est d'isoler (et donc de concentrer) la r\u00e9sine qui contient du THC. cr\u00e8me glac\u00e9e comprenant des b\u00e2tonnets de haschisch<br \/>\nAchats en ligne de b\u00e2tons blonds, <a href=\"https:\/\/en.wikipedia.org\/wiki\/Hashish\">Hachures<\/a> Des b\u00e2tons de haschisch et des b\u00e2tons de haschisch glac\u00e9 sont disponibles. Vous pouvez \u00e9galement d\u00e9couvrir o\u00f9 acheter des b\u00e2tons de haschisch glac\u00e9 \u00e0 vendre, acheter des b\u00e2tons de haschisch glac\u00e9<\/p>\n<h2><\/h2>\n<h2><\/h2>\n<p>&nbsp;<\/p>","protected":false},"excerpt":{"rendered":"<p>Purchase Ice Hashing Sticks Online Get Ice Hashing Sticks Ice Hash is a technique that is becoming more and more well-liked for creating hashes of superior quality. The water is mixed with marijuana and then filtered via a cloth. High-quality resin is produced. Ice-based hash sticks. There are several methods for creating ice cubes. You &hellip;<\/p>\n<p class=\"read-more\"> <a class=\"\" href=\"https:\/\/legitgrams.com\/fr\/produit\/batonnets-de-glace\/\"> <span class=\"screen-reader-text\">B\u00e2tonnets de glace<\/span> Lire la suite \"<\/a><\/p>","protected":false},"featured_media":5375,"comment_status":"open","ping_status":"closed","template":"","meta":{"_uag_custom_page_level_css":"","site-sidebar-layout":"default","site-content-layout":"default","ast-global-header-display":"","ast-main-header-display":"","ast-hfb-above-header-display":"","ast-hfb-below-header-display":"","ast-hfb-mobile-header-display":"","site-post-title":"","ast-breadcrumbs-content":"","ast-featured-img":"","footer-sml-layout":"","theme-transparent-header-meta":"default","adv-header-id-meta":"","stick-header-meta":"default","header-above-stick-meta":"","header-main-stick-meta":"","header-below-stick-meta":"","_joinchat":[]},"product_brand":[],"product_cat":[605],"product_tag":[2463,2453,617,2445,2460,2457,2452,2444,2447,2448,2455,2446,2458,2465,2466,2464,2456,2461,2450,2462,2459,625,2451,2454,2449],"class_list":{"0":"post-4194","1":"product","2":"type-product","3":"status-publish","4":"has-post-thumbnail","6":"product_cat-hash-hashish","7":"product_tag-best-cheap-price-ice-hash-sticks","8":"product_tag-best-place-to-buy-ice-hash-sticks","9":"product_tag-bulk-online","10":"product_tag-buy-ice-hash-sticks","11":"product_tag-cheap-ice-hash-sticks","12":"product_tag-high-quality-ice-hash-sticks","13":"product_tag-how-to-buy-ice-hash-sticks","14":"product_tag-ice-hash-sticks","15":"product_tag-ice-hash-sticks-for-sale","16":"product_tag-ice-hash-sticks-ice-hash-sticks-supplier","17":"product_tag-ice-hash-sticks-legally","18":"product_tag-ice-hash-sticks-online","19":"product_tag-ice-hash-sticks-store","20":"product_tag-ice-hash-sticks-use","21":"product_tag-ice-hash-sticks-wiki","22":"product_tag-ice-hash-sticks-worldwide","23":"product_tag-ice-hash-sticksprice","24":"product_tag-ice-hash-stickss","25":"product_tag-order-ice-hash-sticks","26":"product_tag-purcharse-ice-hash-sticks","27":"product_tag-shop-ice-hash-sticks","28":"product_tag-top-quality","29":"product_tag-where-to-buy-ice-hash-sticks","30":"product_tag-where-to-order-ice-hash-sticks","31":"product_tag-wholesale-ice-hash-sticks","32":"desktop-align-left","33":"tablet-align-left","34":"mobile-align-left","35":"ast-product-gallery-layout-horizontal","36":"ast-product-gallery-with-no-image","37":"ast-product-single-variable","38":"ast-product-tabs-layout-horizontal","39":"ast-qv-on-image","41":"first","42":"instock","43":"shipping-taxable","44":"purchasable","45":"product-type-variable"},"yoast_head":"<!-- This site is optimized with the Yoast SEO plugin v25.9 - https:\/\/yoast.com\/wordpress\/plugins\/seo\/ -->\n<title>Ice Hash Sticks for Sale - Order Ice Hash Sticks Online | LG<\/title>\n<meta name=\"description\" content=\"Looking to buy Ice Hash Sticks online at a reasonable price? Visit our reputable Legitgrams online store and get Ice Hash Sticks for sale today. Place an order now!\" \/>\n<meta name=\"robots\" content=\"index, follow, max-snippet:-1, max-image-preview:large, max-video-preview:-1\" \/>\n<link rel=\"canonical\" href=\"https:\/\/legitgrams.com\/fr\/produit\/batonnets-de-glace\/\" \/>\n<meta property=\"og:locale\" content=\"fr_FR\" \/>\n<meta property=\"og:type\" content=\"article\" \/>\n<meta property=\"og:title\" content=\"Ice Hash Sticks for Sale - Order Ice Hash Sticks Online | LG\" \/>\n<meta property=\"og:description\" content=\"Looking to buy Ice Hash Sticks online at a reasonable price? Visit our reputable Legitgrams online store and get Ice Hash Sticks for sale today. Place an order now!\" \/>\n<meta property=\"og:url\" content=\"https:\/\/legitgrams.com\/fr\/produit\/batonnets-de-glace\/\" \/>\n<meta property=\"og:site_name\" content=\"Legit Grams\" \/>\n<meta property=\"article:modified_time\" content=\"2025-01-14T06:18:12+00:00\" \/>\n<meta property=\"og:image\" content=\"https:\/\/legitgrams.com\/wp-content\/uploads\/2024\/09\/Buy-Ice-Hash-Sticks.jpg\" \/>\n\t<meta property=\"og:image:width\" content=\"600\" \/>\n\t<meta property=\"og:image:height\" content=\"600\" \/>\n\t<meta property=\"og:image:type\" content=\"image\/jpeg\" \/>\n<meta name=\"twitter:card\" content=\"summary_large_image\" \/>\n<meta name=\"twitter:label1\" content=\"Dur\u00e9e de lecture est.\" \/>\n\t<meta name=\"twitter:data1\" content=\"2 minutes\" \/>\n<script type=\"application\/ld+json\" class=\"yoast-schema-graph\">{\"@context\":\"https:\/\/schema.org\",\"@graph\":[{\"@type\":\"WebPage\",\"@id\":\"https:\/\/legitgrams.com\/product\/ice-hash-sticks\/\",\"url\":\"https:\/\/legitgrams.com\/product\/ice-hash-sticks\/\",\"name\":\"Ice Hash Sticks for Sale - Order Ice Hash Sticks Online | LG\",\"isPartOf\":{\"@id\":\"https:\/\/legitgrams.com\/#website\"},\"primaryImageOfPage\":{\"@id\":\"https:\/\/legitgrams.com\/product\/ice-hash-sticks\/#primaryimage\"},\"image\":{\"@id\":\"https:\/\/legitgrams.com\/product\/ice-hash-sticks\/#primaryimage\"},\"thumbnailUrl\":\"https:\/\/legitgrams.com\/wp-content\/uploads\/2024\/09\/Buy-Ice-Hash-Sticks.jpg\",\"datePublished\":\"2024-09-21T12:35:32+00:00\",\"dateModified\":\"2025-01-14T06:18:12+00:00\",\"description\":\"Looking to buy Ice Hash Sticks online at a reasonable price? Visit our reputable Legitgrams online store and get Ice Hash Sticks for sale today. Place an order now!\",\"breadcrumb\":{\"@id\":\"https:\/\/legitgrams.com\/product\/ice-hash-sticks\/#breadcrumb\"},\"inLanguage\":\"fr-BE\",\"potentialAction\":[{\"@type\":\"ReadAction\",\"target\":[\"https:\/\/legitgrams.com\/product\/ice-hash-sticks\/\"]}]},{\"@type\":\"ImageObject\",\"inLanguage\":\"fr-BE\",\"@id\":\"https:\/\/legitgrams.com\/product\/ice-hash-sticks\/#primaryimage\",\"url\":\"https:\/\/legitgrams.com\/wp-content\/uploads\/2024\/09\/Buy-Ice-Hash-Sticks.jpg\",\"contentUrl\":\"https:\/\/legitgrams.com\/wp-content\/uploads\/2024\/09\/Buy-Ice-Hash-Sticks.jpg\",\"width\":600,\"height\":600,\"caption\":\"Ice Hash Sticks for Sale\"},{\"@type\":\"BreadcrumbList\",\"@id\":\"https:\/\/legitgrams.com\/product\/ice-hash-sticks\/#breadcrumb\",\"itemListElement\":[{\"@type\":\"ListItem\",\"position\":1,\"name\":\"Home\",\"item\":\"https:\/\/legitgrams.com\/\"},{\"@type\":\"ListItem\",\"position\":2,\"name\":\"Shop\",\"item\":\"https:\/\/legitgrams.com\/shop\/\"},{\"@type\":\"ListItem\",\"position\":3,\"name\":\"Ice Hash Sticks\"}]},{\"@type\":\"WebSite\",\"@id\":\"https:\/\/legitgrams.com\/#website\",\"url\":\"https:\/\/legitgrams.com\/\",\"name\":\"Legit Grams\",\"description\":\"My WordPress Blog\",\"publisher\":{\"@id\":\"https:\/\/legitgrams.com\/#organization\"},\"potentialAction\":[{\"@type\":\"SearchAction\",\"target\":{\"@type\":\"EntryPoint\",\"urlTemplate\":\"https:\/\/legitgrams.com\/?s={search_term_string}\"},\"query-input\":{\"@type\":\"PropertyValueSpecification\",\"valueRequired\":true,\"valueName\":\"search_term_string\"}}],\"inLanguage\":\"fr-BE\"},{\"@type\":\"Organization\",\"@id\":\"https:\/\/legitgrams.com\/#organization\",\"name\":\"Legit Grams\",\"url\":\"https:\/\/legitgrams.com\/\",\"logo\":{\"@type\":\"ImageObject\",\"inLanguage\":\"fr-BE\",\"@id\":\"https:\/\/legitgrams.com\/#\/schema\/logo\/image\/\",\"url\":\"https:\/\/legitgrams.com\/wp-content\/uploads\/2024\/09\/main-logo.png\",\"contentUrl\":\"https:\/\/legitgrams.com\/wp-content\/uploads\/2024\/09\/main-logo.png\",\"width\":270,\"height\":75,\"caption\":\"Legit Grams\"},\"image\":{\"@id\":\"https:\/\/legitgrams.com\/#\/schema\/logo\/image\/\"}}]}<\/script>\n<!-- \/ Yoast SEO plugin. -->","yoast_head_json":{"title":"Ice Hash Sticks for Sale - Commande de b\u00e2tonnets de glace en ligne LG","description":"Vous cherchez \u00e0 acheter Ice Hash Sticks en ligne \u00e0 un prix raisonnable ? Visitez notre boutique en ligne Legitgrams et obtenez Ice Hash Sticks \u00e0 vendre aujourd'hui. Passez votre commande d\u00e8s maintenant !","robots":{"index":"index","follow":"follow","max-snippet":"max-snippet:-1","max-image-preview":"max-image-preview:large","max-video-preview":"max-video-preview:-1"},"canonical":"https:\/\/legitgrams.com\/fr\/produit\/batonnets-de-glace\/","og_locale":"fr_FR","og_type":"article","og_title":"Ice Hash Sticks for Sale - Order Ice Hash Sticks Online | LG","og_description":"Looking to buy Ice Hash Sticks online at a reasonable price? Visit our reputable Legitgrams online store and get Ice Hash Sticks for sale today. Place an order now!","og_url":"https:\/\/legitgrams.com\/fr\/produit\/batonnets-de-glace\/","og_site_name":"Legit Grams","article_modified_time":"2025-01-14T06:18:12+00:00","og_image":[{"width":600,"height":600,"url":"https:\/\/legitgrams.com\/wp-content\/uploads\/2024\/09\/Buy-Ice-Hash-Sticks.jpg","type":"image\/jpeg"}],"twitter_card":"summary_large_image","twitter_misc":{"Dur\u00e9e de lecture est.":"2 minutes"},"schema":{"@context":"https:\/\/schema.org","@graph":[{"@type":"WebPage","@id":"https:\/\/legitgrams.com\/product\/ice-hash-sticks\/","url":"https:\/\/legitgrams.com\/product\/ice-hash-sticks\/","name":"Ice Hash Sticks for Sale - Commande de b\u00e2tonnets de glace en ligne LG","isPartOf":{"@id":"https:\/\/legitgrams.com\/#website"},"primaryImageOfPage":{"@id":"https:\/\/legitgrams.com\/product\/ice-hash-sticks\/#primaryimage"},"image":{"@id":"https:\/\/legitgrams.com\/product\/ice-hash-sticks\/#primaryimage"},"thumbnailUrl":"https:\/\/legitgrams.com\/wp-content\/uploads\/2024\/09\/Buy-Ice-Hash-Sticks.jpg","datePublished":"2024-09-21T12:35:32+00:00","dateModified":"2025-01-14T06:18:12+00:00","description":"Vous cherchez \u00e0 acheter Ice Hash Sticks en ligne \u00e0 un prix raisonnable ? Visitez notre boutique en ligne Legitgrams et obtenez Ice Hash Sticks \u00e0 vendre aujourd'hui. Passez votre commande d\u00e8s maintenant !","breadcrumb":{"@id":"https:\/\/legitgrams.com\/product\/ice-hash-sticks\/#breadcrumb"},"inLanguage":"fr-BE","potentialAction":[{"@type":"ReadAction","target":["https:\/\/legitgrams.com\/product\/ice-hash-sticks\/"]}]},{"@type":"ImageObject","inLanguage":"fr-BE","@id":"https:\/\/legitgrams.com\/product\/ice-hash-sticks\/#primaryimage","url":"https:\/\/legitgrams.com\/wp-content\/uploads\/2024\/09\/Buy-Ice-Hash-Sticks.jpg","contentUrl":"https:\/\/legitgrams.com\/wp-content\/uploads\/2024\/09\/Buy-Ice-Hash-Sticks.jpg","width":600,"height":600,"caption":"Ice Hash Sticks for Sale"},{"@type":"BreadcrumbList","@id":"https:\/\/legitgrams.com\/product\/ice-hash-sticks\/#breadcrumb","itemListElement":[{"@type":"ListItem","position":1,"name":"Home","item":"https:\/\/legitgrams.com\/"},{"@type":"ListItem","position":2,"name":"Shop","item":"https:\/\/legitgrams.com\/shop\/"},{"@type":"ListItem","position":3,"name":"Ice Hash Sticks"}]},{"@type":"WebSite","@id":"https:\/\/legitgrams.com\/#website","url":"https:\/\/legitgrams.com\/","name":"Les grammes l\u00e9gitimes","description":"Mon blog WordPress","publisher":{"@id":"https:\/\/legitgrams.com\/#organization"},"potentialAction":[{"@type":"SearchAction","target":{"@type":"EntryPoint","urlTemplate":"https:\/\/legitgrams.com\/?s={search_term_string}"},"query-input":{"@type":"PropertyValueSpecification","valueRequired":true,"valueName":"search_term_string"}}],"inLanguage":"fr-BE"},{"@type":"Organization","@id":"https:\/\/legitgrams.com\/#organization","name":"Les grammes l\u00e9gitimes","url":"https:\/\/legitgrams.com\/","logo":{"@type":"ImageObject","inLanguage":"fr-BE","@id":"https:\/\/legitgrams.com\/#\/schema\/logo\/image\/","url":"https:\/\/legitgrams.com\/wp-content\/uploads\/2024\/09\/main-logo.png","contentUrl":"https:\/\/legitgrams.com\/wp-content\/uploads\/2024\/09\/main-logo.png","width":270,"height":75,"caption":"Legit Grams"},"image":{"@id":"https:\/\/legitgrams.com\/#\/schema\/logo\/image\/"}}]}},"uagb_featured_image_src":{"full":["https:\/\/legitgrams.com\/wp-content\/uploads\/2024\/09\/Buy-Ice-Hash-Sticks.jpg",600,600,false],"thumbnail":["https:\/\/legitgrams.com\/wp-content\/uploads\/2024\/09\/Buy-Ice-Hash-Sticks-150x150.jpg",150,150,true],"medium":["https:\/\/legitgrams.com\/wp-content\/uploads\/2024\/09\/Buy-Ice-Hash-Sticks-300x300.jpg",300,300,true],"medium_large":["https:\/\/legitgrams.com\/wp-content\/uploads\/2024\/09\/Buy-Ice-Hash-Sticks.jpg",600,600,false],"large":["https:\/\/legitgrams.com\/wp-content\/uploads\/2024\/09\/Buy-Ice-Hash-Sticks.jpg",600,600,false],"1536x1536":["https:\/\/legitgrams.com\/wp-content\/uploads\/2024\/09\/Buy-Ice-Hash-Sticks.jpg",600,600,false],"2048x2048":["https:\/\/legitgrams.com\/wp-content\/uploads\/2024\/09\/Buy-Ice-Hash-Sticks.jpg",600,600,false],"trp-custom-language-flag":["https:\/\/legitgrams.com\/wp-content\/uploads\/2024\/09\/Buy-Ice-Hash-Sticks-12x12.jpg",12,12,true],"woocommerce_thumbnail":["https:\/\/legitgrams.com\/wp-content\/uploads\/2024\/09\/Buy-Ice-Hash-Sticks-300x300.jpg",300,300,true],"woocommerce_single":["https:\/\/legitgrams.com\/wp-content\/uploads\/2024\/09\/Buy-Ice-Hash-Sticks.jpg",600,600,false],"woocommerce_gallery_thumbnail":["https:\/\/legitgrams.com\/wp-content\/uploads\/2024\/09\/Buy-Ice-Hash-Sticks-100x100.jpg",100,100,true]},"uagb_author_info":{"display_name":"cokeblog18","author_link":"https:\/\/legitgrams.com\/fr\/author\/"},"uagb_comment_info":0,"uagb_excerpt":"Purchase Ice Hashing Sticks Online Get Ice Hashing Sticks Ice Hash is a technique that is becoming more and more well-liked for creating hashes of superior quality. The water is mixed with marijuana and then filtered via a cloth. High-quality resin is produced. Ice-based hash sticks. There are several methods for creating ice cubes. You&hellip;","_links":{"self":[{"href":"https:\/\/legitgrams.com\/fr\/wp-json\/wp\/v2\/product\/4194","targetHints":{"allow":["GET"]}}],"collection":[{"href":"https:\/\/legitgrams.com\/fr\/wp-json\/wp\/v2\/product"}],"about":[{"href":"https:\/\/legitgrams.com\/fr\/wp-json\/wp\/v2\/types\/product"}],"replies":[{"embeddable":true,"href":"https:\/\/legitgrams.com\/fr\/wp-json\/wp\/v2\/comments?post=4194"}],"wp:featuredmedia":[{"embeddable":true,"href":"https:\/\/legitgrams.com\/fr\/wp-json\/wp\/v2\/media\/5375"}],"wp:attachment":[{"href":"https:\/\/legitgrams.com\/fr\/wp-json\/wp\/v2\/media?parent=4194"}],"wp:term":[{"taxonomy":"product_brand","embeddable":true,"href":"https:\/\/legitgrams.com\/fr\/wp-json\/wp\/v2\/product_brand?post=4194"},{"taxonomy":"product_cat","embeddable":true,"href":"https:\/\/legitgrams.com\/fr\/wp-json\/wp\/v2\/product_cat?post=4194"},{"taxonomy":"product_tag","embeddable":true,"href":"https:\/\/legitgrams.com\/fr\/wp-json\/wp\/v2\/product_tag?post=4194"}],"curies":[{"name":"wp","href":"https:\/\/api.w.org\/{rel}","templated":true}]}}