{"id":4198,"date":"2024-09-22T06:00:25","date_gmt":"2024-09-22T06:00:25","guid":{"rendered":"https:\/\/legitgrams.com\/?post_type=product&#038;p=4198"},"modified":"2025-01-13T09:14:14","modified_gmt":"2025-01-13T09:14:14","slug":"al-lad-10-mg-poudre","status":"publish","type":"product","link":"https:\/\/legitgrams.com\/fr\/produit\/al-lad-10-mg-poudre\/","title":{"rendered":"AL-LAD 10 mg poudre"},"content":{"rendered":"<h2>Vente de 10 mg de poudre d'AL-LAD<br \/>\nProcurez-vous un bloqueur AL-LAD de 150 mg.<\/h2>\n<p>Achetez cent cinquante milligrammes de <a href=\"https:\/\/legitgrams.com\/fr\/produit\/al-lad-10-mg-poudre\/\">AL-LAD<\/a>Les premiers buvards ont \u00e9t\u00e9 con\u00e7us et produits par une \u00e9quipe de recherche japonaise dans les ann\u00e9es 1970.<\/p>\n<p>largement connu gr\u00e2ce au livre TiHKAL d'Alexander Shulgin. Depuis qu'AL-LAD a \u00e9t\u00e9 mis \u00e0 disposition pour la premi\u00e8re fois sur RC en 2013<\/p>\n<p>march\u00e9, il a consid\u00e9rablement gagn\u00e9 en popularit\u00e9 et est promu comme l'un des plus grands.<\/p>\n<h3>Qu'est-ce qu'un buvard AL-LAD 150 mg ?<\/h3>\n<p>Le buvard AL-LAD Di\u00e9thylamide (acide 6-allyl-6-nor-lysergique) est un agoniste puissant du 5-HT2A dont le dosage est de 150 mcg.<\/p>\n<p>Les r\u00e9cepteurs dan seraient actifs autour de 80 \u00e0 160 microgrammes. Notre buvard AL-LAD est particuli\u00e8rement remarquable<\/p>\n<p>150 g ont \u00e9t\u00e9 finement enrob\u00e9s avec 1,5 mg\/buvard de 2-hydroxypropyl-B-cyclodextrine (cyclodextrine).<\/p>\n<p>offre une meilleure protection contre l'oxyg\u00e8ne. <a href=\"https:\/\/legitgrams.com\/fr\/\">LegitGrams<\/a><\/p>\n<h3>O AL-LAD USA Blotter est\u00e1 dispon\u00edvel.<\/h3>\n<p>Achetez uniquement des produits de haute qualit\u00e9. Les achats en ligne sont la meilleure option pour acheter de la poudre AL-LAD 10 mg de qualit\u00e9 pure. Achetez 10 mg de qualit\u00e9 pure <a href=\"https:\/\/en.wikipedia.org\/wiki\/AL-LAD\">AL-LAD<\/a> Achat en ligne de poudre AL-LAD 10 mg aux \u00c9tats-Unis : O\u00f9 puis-je trouver de la poudre AL-LAD 10 mg pure et de qualit\u00e9 sup\u00e9rieure ? 10 milligrammes de poudre AL-LAD de qualit\u00e9 pure sont disponibles \u00e0 l'achat. Poudre AL-LAD 10 mg accessible localement ; acheter de la qualit\u00e9 sup\u00e9rieure Achetez de la poudre AL-LAD 10 mg pure en ligne dans votre r\u00e9gion. O\u00f9 puis-je trouver de la poudre AL-LAD 10 mg pure en ligne ? La poudre AL-LAD 10 mg de qualit\u00e9 pure est toujours disponible. Est-il l\u00e9gal d'acheter de la poudre AL-LAD 10 mg de qualit\u00e9 pure aux \u00c9tats-Unis ? En ligne, vous pouvez acheter de la poudre AL-LAD 10 mg de qualit\u00e9 authentique. Fournisseurs : Royaume-Uni, Canada et \u00c9tats-Unis.<\/p>","protected":false},"excerpt":{"rendered":"<p>Sale of 10 mg powder of AL-LAD Get a 150 mg blocker of AL-LAD. Buy one hundred and fifty milligrams of AL-LAD. The first blotters were conceived and produced by a Japanese research team in the 1970s. widely known as a result of the book TiHKAL by Alexander Shulgin. Ever since AL-LAD was first made &hellip;<\/p>\n<p class=\"read-more\"> <a class=\"\" href=\"https:\/\/legitgrams.com\/fr\/produit\/al-lad-10-mg-poudre\/\"> <span class=\"screen-reader-text\">AL-LAD 10 mg poudre<\/span> Lire la suite \"<\/a><\/p>","protected":false},"featured_media":5302,"comment_status":"open","ping_status":"closed","template":"","meta":{"_uag_custom_page_level_css":"","site-sidebar-layout":"default","site-content-layout":"default","ast-global-header-display":"","ast-main-header-display":"","ast-hfb-above-header-display":"","ast-hfb-below-header-display":"","ast-hfb-mobile-header-display":"","site-post-title":"","ast-breadcrumbs-content":"","ast-featured-img":"","footer-sml-layout":"","theme-transparent-header-meta":"default","adv-header-id-meta":"","stick-header-meta":"default","header-above-stick-meta":"","header-main-stick-meta":"","header-below-stick-meta":"","_joinchat":[]},"product_brand":[],"product_cat":[600],"product_tag":[2053,2057,2056,2064,2055,2067,2074,2075,2073,2065,2070,2072,2062,617,2054,2069,2066,2061,2059,2071,2068,625,2060,2063,2058],"class_list":{"0":"post-4198","1":"product","2":"type-product","3":"status-publish","4":"has-post-thumbnail","6":"product_cat-research-chemicals-and-bath-salt","7":"product_tag-al-lad-10-mg-powder","8":"product_tag-al-lad-10-mg-powder-al-lad-10-mg-powder-supplier","9":"product_tag-al-lad-10-mg-powder-for-sale","10":"product_tag-al-lad-10-mg-powder-legally","11":"product_tag-al-lad-10-mg-powder-online","12":"product_tag-al-lad-10-mg-powder-store","13":"product_tag-al-lad-10-mg-powder-use","14":"product_tag-al-lad-10-mg-powder-wiki","15":"product_tag-al-lad-10-mg-powder-worldwide","16":"product_tag-al-lad-10-mg-powderprice","17":"product_tag-al-lad-10-mg-powders","18":"product_tag-best-cheap-price-al-lad-10-mg-powder","19":"product_tag-best-place-to-buy-al-lad-10-mg-powder","20":"product_tag-bulk-online","21":"product_tag-buy-al-lad-10-mg-powder","22":"product_tag-cheap-al-lad-10-mg-powder","23":"product_tag-high-quality-al-lad-10-mg-powder","24":"product_tag-how-to-buy-al-lad-10-mg-powder","25":"product_tag-order-al-lad-10-mg-powder","26":"product_tag-purcharse-al-lad-10-mg-powder","27":"product_tag-shop-al-lad-10-mg-powder","28":"product_tag-top-quality","29":"product_tag-where-to-buy-al-lad-10-mg-powder","30":"product_tag-where-to-order-al-lad-10-mg-powder","31":"product_tag-wholesale-al-lad-10-mg-powder","32":"desktop-align-left","33":"tablet-align-left","34":"mobile-align-left","35":"ast-product-gallery-layout-horizontal","36":"ast-product-gallery-with-no-image","37":"ast-product-single-variable","38":"ast-product-tabs-layout-horizontal","39":"ast-qv-on-image","41":"first","42":"instock","43":"shipping-taxable","44":"purchasable","45":"product-type-variable"},"yoast_head":"<!-- This site is optimized with the Yoast SEO plugin v25.9 - https:\/\/yoast.com\/wordpress\/plugins\/seo\/ -->\n<title>AL-LAD 10mg for sale - Order AL-LAD 10mg Powder Online | LG<\/title>\n<meta name=\"description\" content=\"If you want to buy al-lad 10mg online, then visit our online store LegitGrams. We have high-quality products like al-lad 10mg for sale. Order Today with Best Deal on AL-LAD 10mg!\" \/>\n<meta name=\"robots\" content=\"index, follow, max-snippet:-1, max-image-preview:large, max-video-preview:-1\" \/>\n<link rel=\"canonical\" href=\"https:\/\/legitgrams.com\/fr\/produit\/al-lad-10-mg-poudre\/\" \/>\n<meta property=\"og:locale\" content=\"fr_FR\" \/>\n<meta property=\"og:type\" content=\"article\" \/>\n<meta property=\"og:title\" content=\"AL-LAD 10mg for sale - Order AL-LAD 10mg Powder Online | LG\" \/>\n<meta property=\"og:description\" content=\"If you want to buy al-lad 10mg online, then visit our online store LegitGrams. We have high-quality products like al-lad 10mg for sale. Order Today with Best Deal on AL-LAD 10mg!\" \/>\n<meta property=\"og:url\" content=\"https:\/\/legitgrams.com\/fr\/produit\/al-lad-10-mg-poudre\/\" \/>\n<meta property=\"og:site_name\" content=\"Legit Grams\" \/>\n<meta property=\"article:modified_time\" content=\"2025-01-13T09:14:14+00:00\" \/>\n<meta property=\"og:image\" content=\"https:\/\/legitgrams.com\/wp-content\/uploads\/2024\/09\/buy-pure-quality-al-lad-10-mg-powder-online.jpg\" \/>\n\t<meta property=\"og:image:width\" content=\"600\" \/>\n\t<meta property=\"og:image:height\" content=\"600\" \/>\n\t<meta property=\"og:image:type\" content=\"image\/jpeg\" \/>\n<meta name=\"twitter:card\" content=\"summary_large_image\" \/>\n<meta name=\"twitter:label1\" content=\"Dur\u00e9e de lecture est.\" \/>\n\t<meta name=\"twitter:data1\" content=\"2 minutes\" \/>\n<script type=\"application\/ld+json\" class=\"yoast-schema-graph\">{\"@context\":\"https:\/\/schema.org\",\"@graph\":[{\"@type\":\"WebPage\",\"@id\":\"https:\/\/legitgrams.com\/product\/al-lad-10-mg-powder\/\",\"url\":\"https:\/\/legitgrams.com\/product\/al-lad-10-mg-powder\/\",\"name\":\"AL-LAD 10mg for sale - Order AL-LAD 10mg Powder Online | LG\",\"isPartOf\":{\"@id\":\"https:\/\/legitgrams.com\/#website\"},\"primaryImageOfPage\":{\"@id\":\"https:\/\/legitgrams.com\/product\/al-lad-10-mg-powder\/#primaryimage\"},\"image\":{\"@id\":\"https:\/\/legitgrams.com\/product\/al-lad-10-mg-powder\/#primaryimage\"},\"thumbnailUrl\":\"https:\/\/legitgrams.com\/wp-content\/uploads\/2024\/09\/buy-pure-quality-al-lad-10-mg-powder-online.jpg\",\"datePublished\":\"2024-09-22T06:00:25+00:00\",\"dateModified\":\"2025-01-13T09:14:14+00:00\",\"description\":\"If you want to buy al-lad 10mg online, then visit our online store LegitGrams. We have high-quality products like al-lad 10mg for sale. Order Today with Best Deal on AL-LAD 10mg!\",\"breadcrumb\":{\"@id\":\"https:\/\/legitgrams.com\/product\/al-lad-10-mg-powder\/#breadcrumb\"},\"inLanguage\":\"fr-BE\",\"potentialAction\":[{\"@type\":\"ReadAction\",\"target\":[\"https:\/\/legitgrams.com\/product\/al-lad-10-mg-powder\/\"]}]},{\"@type\":\"ImageObject\",\"inLanguage\":\"fr-BE\",\"@id\":\"https:\/\/legitgrams.com\/product\/al-lad-10-mg-powder\/#primaryimage\",\"url\":\"https:\/\/legitgrams.com\/wp-content\/uploads\/2024\/09\/buy-pure-quality-al-lad-10-mg-powder-online.jpg\",\"contentUrl\":\"https:\/\/legitgrams.com\/wp-content\/uploads\/2024\/09\/buy-pure-quality-al-lad-10-mg-powder-online.jpg\",\"width\":600,\"height\":600,\"caption\":\"AL-LAD 10 mg powder for Sale\"},{\"@type\":\"BreadcrumbList\",\"@id\":\"https:\/\/legitgrams.com\/product\/al-lad-10-mg-powder\/#breadcrumb\",\"itemListElement\":[{\"@type\":\"ListItem\",\"position\":1,\"name\":\"Home\",\"item\":\"https:\/\/legitgrams.com\/\"},{\"@type\":\"ListItem\",\"position\":2,\"name\":\"Shop\",\"item\":\"https:\/\/legitgrams.com\/shop\/\"},{\"@type\":\"ListItem\",\"position\":3,\"name\":\"AL-LAD 10 mg powder\"}]},{\"@type\":\"WebSite\",\"@id\":\"https:\/\/legitgrams.com\/#website\",\"url\":\"https:\/\/legitgrams.com\/\",\"name\":\"Legit Grams\",\"description\":\"My WordPress Blog\",\"publisher\":{\"@id\":\"https:\/\/legitgrams.com\/#organization\"},\"potentialAction\":[{\"@type\":\"SearchAction\",\"target\":{\"@type\":\"EntryPoint\",\"urlTemplate\":\"https:\/\/legitgrams.com\/?s={search_term_string}\"},\"query-input\":{\"@type\":\"PropertyValueSpecification\",\"valueRequired\":true,\"valueName\":\"search_term_string\"}}],\"inLanguage\":\"fr-BE\"},{\"@type\":\"Organization\",\"@id\":\"https:\/\/legitgrams.com\/#organization\",\"name\":\"Legit Grams\",\"url\":\"https:\/\/legitgrams.com\/\",\"logo\":{\"@type\":\"ImageObject\",\"inLanguage\":\"fr-BE\",\"@id\":\"https:\/\/legitgrams.com\/#\/schema\/logo\/image\/\",\"url\":\"https:\/\/legitgrams.com\/wp-content\/uploads\/2024\/09\/main-logo.png\",\"contentUrl\":\"https:\/\/legitgrams.com\/wp-content\/uploads\/2024\/09\/main-logo.png\",\"width\":270,\"height\":75,\"caption\":\"Legit Grams\"},\"image\":{\"@id\":\"https:\/\/legitgrams.com\/#\/schema\/logo\/image\/\"}}]}<\/script>\n<!-- \/ Yoast SEO plugin. -->","yoast_head_json":{"title":"AL-LAD 10mg for sale - Order AL-LAD 10mg Powder Online | LG","description":"Si vous voulez acheter al-lad 10mg en ligne, visitez notre magasin en ligne LegitGrams. Nous avons des produits de haute qualit\u00e9 comme al-lad 10mg \u00e0 vendre. Commandez aujourd'hui avec la meilleure offre sur AL-LAD 10mg !","robots":{"index":"index","follow":"follow","max-snippet":"max-snippet:-1","max-image-preview":"max-image-preview:large","max-video-preview":"max-video-preview:-1"},"canonical":"https:\/\/legitgrams.com\/fr\/produit\/al-lad-10-mg-poudre\/","og_locale":"fr_FR","og_type":"article","og_title":"AL-LAD 10mg for sale - Order AL-LAD 10mg Powder Online | LG","og_description":"If you want to buy al-lad 10mg online, then visit our online store LegitGrams. We have high-quality products like al-lad 10mg for sale. Order Today with Best Deal on AL-LAD 10mg!","og_url":"https:\/\/legitgrams.com\/fr\/produit\/al-lad-10-mg-poudre\/","og_site_name":"Legit Grams","article_modified_time":"2025-01-13T09:14:14+00:00","og_image":[{"width":600,"height":600,"url":"https:\/\/legitgrams.com\/wp-content\/uploads\/2024\/09\/buy-pure-quality-al-lad-10-mg-powder-online.jpg","type":"image\/jpeg"}],"twitter_card":"summary_large_image","twitter_misc":{"Dur\u00e9e de lecture est.":"2 minutes"},"schema":{"@context":"https:\/\/schema.org","@graph":[{"@type":"WebPage","@id":"https:\/\/legitgrams.com\/product\/al-lad-10-mg-powder\/","url":"https:\/\/legitgrams.com\/product\/al-lad-10-mg-powder\/","name":"AL-LAD 10mg for sale - Order AL-LAD 10mg Powder Online | LG","isPartOf":{"@id":"https:\/\/legitgrams.com\/#website"},"primaryImageOfPage":{"@id":"https:\/\/legitgrams.com\/product\/al-lad-10-mg-powder\/#primaryimage"},"image":{"@id":"https:\/\/legitgrams.com\/product\/al-lad-10-mg-powder\/#primaryimage"},"thumbnailUrl":"https:\/\/legitgrams.com\/wp-content\/uploads\/2024\/09\/buy-pure-quality-al-lad-10-mg-powder-online.jpg","datePublished":"2024-09-22T06:00:25+00:00","dateModified":"2025-01-13T09:14:14+00:00","description":"Si vous voulez acheter al-lad 10mg en ligne, visitez notre magasin en ligne LegitGrams. Nous avons des produits de haute qualit\u00e9 comme al-lad 10mg \u00e0 vendre. Commandez aujourd'hui avec la meilleure offre sur AL-LAD 10mg !","breadcrumb":{"@id":"https:\/\/legitgrams.com\/product\/al-lad-10-mg-powder\/#breadcrumb"},"inLanguage":"fr-BE","potentialAction":[{"@type":"ReadAction","target":["https:\/\/legitgrams.com\/product\/al-lad-10-mg-powder\/"]}]},{"@type":"ImageObject","inLanguage":"fr-BE","@id":"https:\/\/legitgrams.com\/product\/al-lad-10-mg-powder\/#primaryimage","url":"https:\/\/legitgrams.com\/wp-content\/uploads\/2024\/09\/buy-pure-quality-al-lad-10-mg-powder-online.jpg","contentUrl":"https:\/\/legitgrams.com\/wp-content\/uploads\/2024\/09\/buy-pure-quality-al-lad-10-mg-powder-online.jpg","width":600,"height":600,"caption":"AL-LAD 10 mg powder for Sale"},{"@type":"BreadcrumbList","@id":"https:\/\/legitgrams.com\/product\/al-lad-10-mg-powder\/#breadcrumb","itemListElement":[{"@type":"ListItem","position":1,"name":"Home","item":"https:\/\/legitgrams.com\/"},{"@type":"ListItem","position":2,"name":"Shop","item":"https:\/\/legitgrams.com\/shop\/"},{"@type":"ListItem","position":3,"name":"AL-LAD 10 mg powder"}]},{"@type":"WebSite","@id":"https:\/\/legitgrams.com\/#website","url":"https:\/\/legitgrams.com\/","name":"Les grammes l\u00e9gitimes","description":"Mon blog WordPress","publisher":{"@id":"https:\/\/legitgrams.com\/#organization"},"potentialAction":[{"@type":"SearchAction","target":{"@type":"EntryPoint","urlTemplate":"https:\/\/legitgrams.com\/?s={search_term_string}"},"query-input":{"@type":"PropertyValueSpecification","valueRequired":true,"valueName":"search_term_string"}}],"inLanguage":"fr-BE"},{"@type":"Organization","@id":"https:\/\/legitgrams.com\/#organization","name":"Les grammes l\u00e9gitimes","url":"https:\/\/legitgrams.com\/","logo":{"@type":"ImageObject","inLanguage":"fr-BE","@id":"https:\/\/legitgrams.com\/#\/schema\/logo\/image\/","url":"https:\/\/legitgrams.com\/wp-content\/uploads\/2024\/09\/main-logo.png","contentUrl":"https:\/\/legitgrams.com\/wp-content\/uploads\/2024\/09\/main-logo.png","width":270,"height":75,"caption":"Legit Grams"},"image":{"@id":"https:\/\/legitgrams.com\/#\/schema\/logo\/image\/"}}]}},"uagb_featured_image_src":{"full":["https:\/\/legitgrams.com\/wp-content\/uploads\/2024\/09\/buy-pure-quality-al-lad-10-mg-powder-online.jpg",600,600,false],"thumbnail":["https:\/\/legitgrams.com\/wp-content\/uploads\/2024\/09\/buy-pure-quality-al-lad-10-mg-powder-online-150x150.jpg",150,150,true],"medium":["https:\/\/legitgrams.com\/wp-content\/uploads\/2024\/09\/buy-pure-quality-al-lad-10-mg-powder-online-300x300.jpg",300,300,true],"medium_large":["https:\/\/legitgrams.com\/wp-content\/uploads\/2024\/09\/buy-pure-quality-al-lad-10-mg-powder-online.jpg",600,600,false],"large":["https:\/\/legitgrams.com\/wp-content\/uploads\/2024\/09\/buy-pure-quality-al-lad-10-mg-powder-online.jpg",600,600,false],"1536x1536":["https:\/\/legitgrams.com\/wp-content\/uploads\/2024\/09\/buy-pure-quality-al-lad-10-mg-powder-online.jpg",600,600,false],"2048x2048":["https:\/\/legitgrams.com\/wp-content\/uploads\/2024\/09\/buy-pure-quality-al-lad-10-mg-powder-online.jpg",600,600,false],"trp-custom-language-flag":["https:\/\/legitgrams.com\/wp-content\/uploads\/2024\/09\/buy-pure-quality-al-lad-10-mg-powder-online-12x12.jpg",12,12,true],"woocommerce_thumbnail":["https:\/\/legitgrams.com\/wp-content\/uploads\/2024\/09\/buy-pure-quality-al-lad-10-mg-powder-online-300x300.jpg",300,300,true],"woocommerce_single":["https:\/\/legitgrams.com\/wp-content\/uploads\/2024\/09\/buy-pure-quality-al-lad-10-mg-powder-online.jpg",600,600,false],"woocommerce_gallery_thumbnail":["https:\/\/legitgrams.com\/wp-content\/uploads\/2024\/09\/buy-pure-quality-al-lad-10-mg-powder-online-100x100.jpg",100,100,true]},"uagb_author_info":{"display_name":"cokeblog18","author_link":"https:\/\/legitgrams.com\/fr\/author\/"},"uagb_comment_info":0,"uagb_excerpt":"Sale of 10 mg powder of AL-LAD Get a 150 mg blocker of AL-LAD. Buy one hundred and fifty milligrams of AL-LAD. The first blotters were conceived and produced by a Japanese research team in the 1970s. widely known as a result of the book TiHKAL by Alexander Shulgin. Ever since AL-LAD was first made&hellip;","_links":{"self":[{"href":"https:\/\/legitgrams.com\/fr\/wp-json\/wp\/v2\/product\/4198","targetHints":{"allow":["GET"]}}],"collection":[{"href":"https:\/\/legitgrams.com\/fr\/wp-json\/wp\/v2\/product"}],"about":[{"href":"https:\/\/legitgrams.com\/fr\/wp-json\/wp\/v2\/types\/product"}],"replies":[{"embeddable":true,"href":"https:\/\/legitgrams.com\/fr\/wp-json\/wp\/v2\/comments?post=4198"}],"wp:featuredmedia":[{"embeddable":true,"href":"https:\/\/legitgrams.com\/fr\/wp-json\/wp\/v2\/media\/5302"}],"wp:attachment":[{"href":"https:\/\/legitgrams.com\/fr\/wp-json\/wp\/v2\/media?parent=4198"}],"wp:term":[{"taxonomy":"product_brand","embeddable":true,"href":"https:\/\/legitgrams.com\/fr\/wp-json\/wp\/v2\/product_brand?post=4198"},{"taxonomy":"product_cat","embeddable":true,"href":"https:\/\/legitgrams.com\/fr\/wp-json\/wp\/v2\/product_cat?post=4198"},{"taxonomy":"product_tag","embeddable":true,"href":"https:\/\/legitgrams.com\/fr\/wp-json\/wp\/v2\/product_tag?post=4198"}],"curies":[{"name":"wp","href":"https:\/\/api.w.org\/{rel}","templated":true}]}}