{"id":4211,"date":"2024-09-22T05:22:44","date_gmt":"2024-09-22T05:22:44","guid":{"rendered":"https:\/\/legitgrams.com\/?post_type=product&#038;p=4211"},"modified":"2025-04-03T12:30:56","modified_gmt":"2025-04-03T12:30:56","slug":"les-listes-dalerte-de-lal-lad","status":"publish","type":"product","link":"https:\/\/legitgrams.com\/fr\/produit\/les-listes-dalerte-de-lal-lad\/","title":{"rendered":"Achetez des buvards AL Lad en ligne"},"content":{"rendered":"<h2>Buvards Al Ld pas chers \u00e0 vendre<\/h2>\n<p>Obtenez 150 mcg de qualit\u00e9 sup\u00e9rieure <a href=\"https:\/\/legitgrams.com\/fr\/produit\/les-listes-dalerte-de-lal-lad\/\">Buvards AL-LAD<\/a> en ligne \u00e0 un prix r\u00e9duit.<\/p>\n<h3>AL-LAD : Qu'est-ce que c'est ?<\/h3>\n<p>6-allyl-6-norLSD, \u00e9galement connu sous le nom <a href=\"https:\/\/en.wikipedia.org\/wiki\/AL-LAD\">AL-LAD<\/a>, est une drogue psych\u00e9d\u00e9lique similaire au di\u00e9thylamide de l'acide lysergique (LSD). Lors de sa premi\u00e8re synth\u00e8se en 1976, elle a gagn\u00e9 en popularit\u00e9 comme rem\u00e8de sur le march\u00e9 des \u00ab\u00a0nouvelles substances psychoactives\u00a0\u00bb et des \u00ab\u00a0produits chimiques de recherche\u00a0\u00bb. <a href=\"https:\/\/www.bing.com\/search?q=AchetezdesbuvardsALLadenligne&amp;qs=n&amp;form=QBRE&amp;sp=-1&amp;lq=0&amp;pq=achetezdesbuvardsalladenligne&amp;sc=12-35&amp;sk=&amp;cvid=594CDCEDECC34457B589CE020A47C60F&amp;ghsh=0&amp;ghacc=0&amp;ghpl=\">AL-LAD<\/a> produit un \u00ab voyage \u00bb psychoactif qui ressemble \u00e9trangement \u00e0 une exp\u00e9rience au LSD.<\/p>\n<p>L\u2019AL-LAD est devenu populaire pour son usage r\u00e9cr\u00e9atif au Royaume-Uni et en Irlande. Dans son livre TIHKAL (Tryptamines que j\u2019ai connues et aim\u00e9es) paru en 1997, Alexander Shulgin y fait r\u00e9f\u00e9rence. Par cons\u00e9quent, la r\u00e9putation de la drogue s\u2019est \u00e9tendue \u00e0 l\u2019\u00e9chelle internationale. Aujourd\u2019hui, elle est exp\u00e9riment\u00e9e dans le monde entier, y compris aux \u00c9tats-Unis.<\/p>\n<p>On ne sait pas exactement ce que <a href=\"https:\/\/www.google.com\/search?q=Buy+AL+Lad+Blotters+Online&amp;num=10&amp;sca_esv=1a2a07081c7891bb&amp;rlz=1C1RXQR_enIN1098IN1098&amp;sxsrf=AHTn8zrQ09rbT77U3-bBTxxLn2TehM5CkA%3A1741410493205&amp;ei=vdDLZ7KSDKadseMPzIXs4AI&amp;ved=0ahUKEwjy5OvO2_mLAxWmTmwGHcwCGywQ4dUDCBI&amp;uact=5&amp;oq=Buy+AL+Lad+Blotters+Online&amp;gs_lp=Egxnd3Mtd2l6LXNlcnAiGkJ1eSBBTCBMYWQgQmxvdHRlcnMgT25saW5lMgUQIRigATIFECEYoAEyBRAhGKABSLoHUJQDWJQDcAJ4AJABAJgBwwGgAcMBqgEDMC4xuAEDyAEA-AEC-AEBmAIDoALVAcICDhAAGIAEGLADGIYDGIoFmAMAiAYBkAYBkgcFMi4wLjGgB-0C&amp;sclient=gws-wiz-serp\">AL-LAD\u2019s<\/a> Statut l\u00e9gal\u00a0: le gouvernement f\u00e9d\u00e9ral des \u00c9tats-Unis n'a pas l'intention de le r\u00e9glementer. Cependant, \u00e9tant un analogue du LSD, vous pourriez \u00eatre poursuivi en vertu de la loi f\u00e9d\u00e9rale sur les analogues si vous le vendez ou le d\u00e9tenez dans l'intention de l'utiliser sur autrui. <a href=\"https:\/\/legitgrams.com\/fr\/\">LegitGrams<\/a><\/p>\n<p>Les exp\u00e9riences AL-LAD sont similaires aux trips au LSD \u00e0 bien des \u00e9gards. Les utilisateurs utilisent souvent des buvards pour prendre la drogue par voie orale. Par cons\u00e9quent, les effets apparaissent souvent 20 \u00e0 60 minutes apr\u00e8s la consommation. Les utilisateurs ressentiront :<\/p>\n<p>Vitalit\u00e9 accrue ou sensation d'excitation, d'euphorie, de picotements ou d'engourdissements dans les extr\u00e9mit\u00e9s, vigilance accrue et illusions de distorsions visuelles.<\/p>\n<p>The use of <a href=\"https:\/\/duckduckgo.com\/?q=Achetez+des+buvards+AL+Lad+en+ligne&amp;t=h_&amp;ia=web\">AL-LAD<\/a> peut entra\u00eener les effets ind\u00e9sirables suivants : incapacit\u00e9 \u00e0 se concentrer ou \u00e0 penser clairement, augmentation du rythme cardiaque, variations de la temp\u00e9rature corporelle dans les vomissements, sch\u00e9mas de pens\u00e9e n\u00e9gatifs et illusions, vasoconstriction ou resserrement des vaisseaux sanguins, convulsions.<\/p>\n<p>Le LSD fait partie des substances psych\u00e9d\u00e9liques qui ont fait l\u2019objet de la plus grande \u00e9tude. Pourtant, AL-LAD n\u2019a pas encore fait l\u2019objet de nombreuses recherches scientifiques approfondies, bien qu\u2019il soit qualifi\u00e9 de \u00ab m\u00e9dicament de recherche \u00bb. Cela sugg\u00e8re que la liste des effets \u00e0 court terme ne peut \u00eatre exhaustive. De plus, peu ou pas d\u2019\u00e9tudes ont \u00e9t\u00e9 men\u00e9es sur les cons\u00e9quences \u00e0 long terme du m\u00e9dicament.<\/p>\n<p>L'abus d'hallucinog\u00e8nes sur une longue p\u00e9riode peut avoir un certain nombre d'effets ind\u00e9sirables n\u00e9fastes. Le trouble de la perception persistante des hallucinog\u00e8nes (HPPD) est une maladie qui provoque des flashbacks soudains de distorsions visuelles ou d'hallucinations. Il a \u00e9t\u00e9 d\u00e9montr\u00e9 qu'un grand nombre de consommateurs d'hallucinog\u00e8nes, y compris ceux qui ont pris du DMT, du LSD et des champignons, souffrent de cette maladie chronique.<\/p>\n<h3>Achetez des buvards AL-LAD abordables et de haute qualit\u00e9 en ligne<\/h3>\n<p>Achetez des buvards AL-LAD de qualit\u00e9 sup\u00e9rieure en ligne \u00e0 prix r\u00e9duit \u2013 Achetez des buvards abordables, des buvards AL-LAD de qualit\u00e9 sup\u00e9rieure, des buvards AL-LAD en ligne, O\u00f9 puis-je acheter des buvards AL-LAD de haute qualit\u00e9 ? O\u00f9 puis-je trouver des buvards AL-LAD bon march\u00e9 \u00e0 vendre ? O\u00f9 puis-je acheter des buvards AL-LAD de haute qualit\u00e9 en ligne ? Fournisseurs, exp\u00e9dition s\u00e9curis\u00e9e et buvards AL-LAD de qualit\u00e9 sup\u00e9rieure \u00e0 prix raisonnable \u00e0 vendre aux \u00c9tats-Unis, au Canada et au Royaume-Uni Est-il l\u00e9gal d'acheter des buvards AL-LAD de qualit\u00e9 \u00e0 bas prix aux \u00c9tats-Unis ? Comment puis-je acheter des buvards AL-LAD de qualit\u00e9 \u00e0 bas prix ? Est-il autoris\u00e9 de les acheter au Canada ?<\/p>","protected":false},"excerpt":{"rendered":"<p>Cheap Al Ld Blotters for Sale Get 150mcg of premium AL-LAD blotters online at a discounted price. AL-LAD: What Is It? 6-allyl-6-norLSD, also known as AL-LAD, is a psychedelic drug that is similar to lysergic acid diethylamide (LSD). When it was first synthesized in 1976, it gained favor as a remedy in the markets for &hellip;<\/p>\n<p class=\"read-more\"> <a class=\"\" href=\"https:\/\/legitgrams.com\/fr\/produit\/les-listes-dalerte-de-lal-lad\/\"> <span class=\"screen-reader-text\">Achetez des buvards AL Lad en ligne<\/span> Lire la suite \"<\/a><\/p>","protected":false},"featured_media":5186,"comment_status":"open","ping_status":"closed","template":"","meta":{"_uag_custom_page_level_css":"","site-sidebar-layout":"default","site-content-layout":"default","ast-global-header-display":"","ast-main-header-display":"","ast-hfb-above-header-display":"","ast-hfb-below-header-display":"","ast-hfb-mobile-header-display":"","site-post-title":"","ast-breadcrumbs-content":"","ast-featured-img":"","footer-sml-layout":"","theme-transparent-header-meta":"default","adv-header-id-meta":"","stick-header-meta":"default","header-above-stick-meta":"","header-main-stick-meta":"","header-below-stick-meta":"","_joinchat":[]},"product_brand":[],"product_cat":[595],"product_tag":[2214,2218,2217,2225,2216,2228,2235,2236,2234,2226,2231,2233,2223,617,2215,2230,2227,2222,2220,2232,2229,625,2221,2224,2219],"class_list":{"0":"post-4211","1":"product","2":"type-product","3":"status-publish","4":"has-post-thumbnail","6":"product_cat-psychedelic-drugs","7":"product_tag-al-lad-blotters","8":"product_tag-al-lad-blotters-al-lad-blotters-supplier","9":"product_tag-al-lad-blotters-for-sale","10":"product_tag-al-lad-blotters-legally","11":"product_tag-al-lad-blotters-online","12":"product_tag-al-lad-blotters-store","13":"product_tag-al-lad-blotters-use","14":"product_tag-al-lad-blotters-wiki","15":"product_tag-al-lad-blotters-worldwide","16":"product_tag-al-lad-blottersprice","17":"product_tag-al-lad-blotterss","18":"product_tag-best-cheap-price-al-lad-blotters","19":"product_tag-best-place-to-buy-al-lad-blotters","20":"product_tag-bulk-online","21":"product_tag-buy-al-lad-blotters","22":"product_tag-cheap-al-lad-blotters","23":"product_tag-high-quality-al-lad-blotters","24":"product_tag-how-to-buy-al-lad-blotters","25":"product_tag-order-al-lad-blotters","26":"product_tag-purcharse-al-lad-blotters","27":"product_tag-shop-al-lad-blotters","28":"product_tag-top-quality","29":"product_tag-where-to-buy-al-lad-blotters","30":"product_tag-where-to-order-al-lad-blotters","31":"product_tag-wholesale-al-lad-blotters","32":"desktop-align-left","33":"tablet-align-left","34":"mobile-align-left","35":"ast-product-gallery-layout-horizontal","36":"ast-product-gallery-with-no-image","37":"ast-product-single-variable","38":"ast-product-tabs-layout-horizontal","39":"ast-qv-on-image","41":"first","42":"instock","43":"shipping-taxable","44":"purchasable","45":"product-type-variable"},"yoast_head":"<!-- This site is optimized with the Yoast SEO plugin v25.9 - https:\/\/yoast.com\/wordpress\/plugins\/seo\/ -->\n<title>AL Lad Blotters for Sale - Buy AL Lad Blotters Online | LegitGrams<\/title>\n<meta name=\"description\" content=\"At our LegitGrams online store, we have AL Lad Blotters for sale. You can easily buy AL Lad Blotters online of top quality from us available at the best prices. Order now!\" \/>\n<meta name=\"robots\" content=\"index, follow, max-snippet:-1, max-image-preview:large, max-video-preview:-1\" \/>\n<link rel=\"canonical\" href=\"https:\/\/legitgrams.com\/fr\/produit\/les-listes-dalerte-de-lal-lad\/\" \/>\n<meta property=\"og:locale\" content=\"fr_FR\" \/>\n<meta property=\"og:type\" content=\"article\" \/>\n<meta property=\"og:title\" content=\"AL Lad Blotters for Sale - Buy AL Lad Blotters Online | LegitGrams\" \/>\n<meta property=\"og:description\" content=\"At our LegitGrams online store, we have AL Lad Blotters for sale. You can easily buy AL Lad Blotters online of top quality from us available at the best prices. Order now!\" \/>\n<meta property=\"og:url\" content=\"https:\/\/legitgrams.com\/fr\/produit\/les-listes-dalerte-de-lal-lad\/\" \/>\n<meta property=\"og:site_name\" content=\"Legit Grams\" \/>\n<meta property=\"article:modified_time\" content=\"2025-04-03T12:30:56+00:00\" \/>\n<meta property=\"og:image\" content=\"https:\/\/legitgrams.com\/wp-content\/uploads\/2024\/09\/Buy-Quality-AL-LAD-blotters-Cheap-Online.jpg\" \/>\n\t<meta property=\"og:image:width\" content=\"600\" \/>\n\t<meta property=\"og:image:height\" content=\"600\" \/>\n\t<meta property=\"og:image:type\" content=\"image\/jpeg\" \/>\n<meta name=\"twitter:card\" content=\"summary_large_image\" \/>\n<meta name=\"twitter:label1\" content=\"Dur\u00e9e de lecture est.\" \/>\n\t<meta name=\"twitter:data1\" content=\"3 minutes\" \/>\n<script type=\"application\/ld+json\" class=\"yoast-schema-graph\">{\"@context\":\"https:\/\/schema.org\",\"@graph\":[{\"@type\":\"WebPage\",\"@id\":\"https:\/\/legitgrams.com\/product\/al-lad-blotters\/\",\"url\":\"https:\/\/legitgrams.com\/product\/al-lad-blotters\/\",\"name\":\"AL Lad Blotters for Sale - Buy AL Lad Blotters Online | LegitGrams\",\"isPartOf\":{\"@id\":\"https:\/\/legitgrams.com\/#website\"},\"primaryImageOfPage\":{\"@id\":\"https:\/\/legitgrams.com\/product\/al-lad-blotters\/#primaryimage\"},\"image\":{\"@id\":\"https:\/\/legitgrams.com\/product\/al-lad-blotters\/#primaryimage\"},\"thumbnailUrl\":\"https:\/\/legitgrams.com\/wp-content\/uploads\/2024\/09\/Buy-Quality-AL-LAD-blotters-Cheap-Online.jpg\",\"datePublished\":\"2024-09-22T05:22:44+00:00\",\"dateModified\":\"2025-04-03T12:30:56+00:00\",\"description\":\"At our LegitGrams online store, we have AL Lad Blotters for sale. You can easily buy AL Lad Blotters online of top quality from us available at the best prices. Order now!\",\"breadcrumb\":{\"@id\":\"https:\/\/legitgrams.com\/product\/al-lad-blotters\/#breadcrumb\"},\"inLanguage\":\"fr-BE\",\"potentialAction\":[{\"@type\":\"ReadAction\",\"target\":[\"https:\/\/legitgrams.com\/product\/al-lad-blotters\/\"]}]},{\"@type\":\"ImageObject\",\"inLanguage\":\"fr-BE\",\"@id\":\"https:\/\/legitgrams.com\/product\/al-lad-blotters\/#primaryimage\",\"url\":\"https:\/\/legitgrams.com\/wp-content\/uploads\/2024\/09\/Buy-Quality-AL-LAD-blotters-Cheap-Online.jpg\",\"contentUrl\":\"https:\/\/legitgrams.com\/wp-content\/uploads\/2024\/09\/Buy-Quality-AL-LAD-blotters-Cheap-Online.jpg\",\"width\":600,\"height\":600,\"caption\":\"Al Ld Blotters Cheap for Sale\"},{\"@type\":\"BreadcrumbList\",\"@id\":\"https:\/\/legitgrams.com\/product\/al-lad-blotters\/#breadcrumb\",\"itemListElement\":[{\"@type\":\"ListItem\",\"position\":1,\"name\":\"Home\",\"item\":\"https:\/\/legitgrams.com\/\"},{\"@type\":\"ListItem\",\"position\":2,\"name\":\"Shop\",\"item\":\"https:\/\/legitgrams.com\/shop\/\"},{\"@type\":\"ListItem\",\"position\":3,\"name\":\"Buy AL Lad Blotters Online\"}]},{\"@type\":\"WebSite\",\"@id\":\"https:\/\/legitgrams.com\/#website\",\"url\":\"https:\/\/legitgrams.com\/\",\"name\":\"Legit Grams\",\"description\":\"My WordPress Blog\",\"publisher\":{\"@id\":\"https:\/\/legitgrams.com\/#organization\"},\"potentialAction\":[{\"@type\":\"SearchAction\",\"target\":{\"@type\":\"EntryPoint\",\"urlTemplate\":\"https:\/\/legitgrams.com\/?s={search_term_string}\"},\"query-input\":{\"@type\":\"PropertyValueSpecification\",\"valueRequired\":true,\"valueName\":\"search_term_string\"}}],\"inLanguage\":\"fr-BE\"},{\"@type\":\"Organization\",\"@id\":\"https:\/\/legitgrams.com\/#organization\",\"name\":\"Legit Grams\",\"url\":\"https:\/\/legitgrams.com\/\",\"logo\":{\"@type\":\"ImageObject\",\"inLanguage\":\"fr-BE\",\"@id\":\"https:\/\/legitgrams.com\/#\/schema\/logo\/image\/\",\"url\":\"https:\/\/legitgrams.com\/wp-content\/uploads\/2024\/09\/main-logo.png\",\"contentUrl\":\"https:\/\/legitgrams.com\/wp-content\/uploads\/2024\/09\/main-logo.png\",\"width\":270,\"height\":75,\"caption\":\"Legit Grams\"},\"image\":{\"@id\":\"https:\/\/legitgrams.com\/#\/schema\/logo\/image\/\"}}]}<\/script>\n<!-- \/ Yoast SEO plugin. -->","yoast_head_json":{"title":"AL Lad Blotters for Sale - Acheter AL Lad Blotters en ligne | LegitGrams","description":"Dans notre magasin en ligne LegitGrams, nous avons des AL Lad Blotters \u00e0 vendre. Vous pouvez facilement acheter des AL Lad Blotters en ligne de la meilleure qualit\u00e9 disponible aux meilleurs prix. Commandez maintenant !","robots":{"index":"index","follow":"follow","max-snippet":"max-snippet:-1","max-image-preview":"max-image-preview:large","max-video-preview":"max-video-preview:-1"},"canonical":"https:\/\/legitgrams.com\/fr\/produit\/les-listes-dalerte-de-lal-lad\/","og_locale":"fr_FR","og_type":"article","og_title":"AL Lad Blotters for Sale - Buy AL Lad Blotters Online | LegitGrams","og_description":"At our LegitGrams online store, we have AL Lad Blotters for sale. You can easily buy AL Lad Blotters online of top quality from us available at the best prices. Order now!","og_url":"https:\/\/legitgrams.com\/fr\/produit\/les-listes-dalerte-de-lal-lad\/","og_site_name":"Legit Grams","article_modified_time":"2025-04-03T12:30:56+00:00","og_image":[{"width":600,"height":600,"url":"https:\/\/legitgrams.com\/wp-content\/uploads\/2024\/09\/Buy-Quality-AL-LAD-blotters-Cheap-Online.jpg","type":"image\/jpeg"}],"twitter_card":"summary_large_image","twitter_misc":{"Dur\u00e9e de lecture est.":"3 minutes"},"schema":{"@context":"https:\/\/schema.org","@graph":[{"@type":"WebPage","@id":"https:\/\/legitgrams.com\/product\/al-lad-blotters\/","url":"https:\/\/legitgrams.com\/product\/al-lad-blotters\/","name":"AL Lad Blotters for Sale - Acheter AL Lad Blotters en ligne | LegitGrams","isPartOf":{"@id":"https:\/\/legitgrams.com\/#website"},"primaryImageOfPage":{"@id":"https:\/\/legitgrams.com\/product\/al-lad-blotters\/#primaryimage"},"image":{"@id":"https:\/\/legitgrams.com\/product\/al-lad-blotters\/#primaryimage"},"thumbnailUrl":"https:\/\/legitgrams.com\/wp-content\/uploads\/2024\/09\/Buy-Quality-AL-LAD-blotters-Cheap-Online.jpg","datePublished":"2024-09-22T05:22:44+00:00","dateModified":"2025-04-03T12:30:56+00:00","description":"Dans notre magasin en ligne LegitGrams, nous avons des AL Lad Blotters \u00e0 vendre. Vous pouvez facilement acheter des AL Lad Blotters en ligne de la meilleure qualit\u00e9 disponible aux meilleurs prix. Commandez maintenant !","breadcrumb":{"@id":"https:\/\/legitgrams.com\/product\/al-lad-blotters\/#breadcrumb"},"inLanguage":"fr-BE","potentialAction":[{"@type":"ReadAction","target":["https:\/\/legitgrams.com\/product\/al-lad-blotters\/"]}]},{"@type":"ImageObject","inLanguage":"fr-BE","@id":"https:\/\/legitgrams.com\/product\/al-lad-blotters\/#primaryimage","url":"https:\/\/legitgrams.com\/wp-content\/uploads\/2024\/09\/Buy-Quality-AL-LAD-blotters-Cheap-Online.jpg","contentUrl":"https:\/\/legitgrams.com\/wp-content\/uploads\/2024\/09\/Buy-Quality-AL-LAD-blotters-Cheap-Online.jpg","width":600,"height":600,"caption":"Al Ld Blotters Cheap for Sale"},{"@type":"BreadcrumbList","@id":"https:\/\/legitgrams.com\/product\/al-lad-blotters\/#breadcrumb","itemListElement":[{"@type":"ListItem","position":1,"name":"Home","item":"https:\/\/legitgrams.com\/"},{"@type":"ListItem","position":2,"name":"Shop","item":"https:\/\/legitgrams.com\/shop\/"},{"@type":"ListItem","position":3,"name":"Buy AL Lad Blotters Online"}]},{"@type":"WebSite","@id":"https:\/\/legitgrams.com\/#website","url":"https:\/\/legitgrams.com\/","name":"Les grammes l\u00e9gitimes","description":"Mon blog WordPress","publisher":{"@id":"https:\/\/legitgrams.com\/#organization"},"potentialAction":[{"@type":"SearchAction","target":{"@type":"EntryPoint","urlTemplate":"https:\/\/legitgrams.com\/?s={search_term_string}"},"query-input":{"@type":"PropertyValueSpecification","valueRequired":true,"valueName":"search_term_string"}}],"inLanguage":"fr-BE"},{"@type":"Organization","@id":"https:\/\/legitgrams.com\/#organization","name":"Les grammes l\u00e9gitimes","url":"https:\/\/legitgrams.com\/","logo":{"@type":"ImageObject","inLanguage":"fr-BE","@id":"https:\/\/legitgrams.com\/#\/schema\/logo\/image\/","url":"https:\/\/legitgrams.com\/wp-content\/uploads\/2024\/09\/main-logo.png","contentUrl":"https:\/\/legitgrams.com\/wp-content\/uploads\/2024\/09\/main-logo.png","width":270,"height":75,"caption":"Legit Grams"},"image":{"@id":"https:\/\/legitgrams.com\/#\/schema\/logo\/image\/"}}]}},"uagb_featured_image_src":{"full":["https:\/\/legitgrams.com\/wp-content\/uploads\/2024\/09\/Buy-Quality-AL-LAD-blotters-Cheap-Online.jpg",600,600,false],"thumbnail":["https:\/\/legitgrams.com\/wp-content\/uploads\/2024\/09\/Buy-Quality-AL-LAD-blotters-Cheap-Online-150x150.jpg",150,150,true],"medium":["https:\/\/legitgrams.com\/wp-content\/uploads\/2024\/09\/Buy-Quality-AL-LAD-blotters-Cheap-Online-300x300.jpg",300,300,true],"medium_large":["https:\/\/legitgrams.com\/wp-content\/uploads\/2024\/09\/Buy-Quality-AL-LAD-blotters-Cheap-Online.jpg",600,600,false],"large":["https:\/\/legitgrams.com\/wp-content\/uploads\/2024\/09\/Buy-Quality-AL-LAD-blotters-Cheap-Online.jpg",600,600,false],"1536x1536":["https:\/\/legitgrams.com\/wp-content\/uploads\/2024\/09\/Buy-Quality-AL-LAD-blotters-Cheap-Online.jpg",600,600,false],"2048x2048":["https:\/\/legitgrams.com\/wp-content\/uploads\/2024\/09\/Buy-Quality-AL-LAD-blotters-Cheap-Online.jpg",600,600,false],"trp-custom-language-flag":["https:\/\/legitgrams.com\/wp-content\/uploads\/2024\/09\/Buy-Quality-AL-LAD-blotters-Cheap-Online-12x12.jpg",12,12,true],"woocommerce_thumbnail":["https:\/\/legitgrams.com\/wp-content\/uploads\/2024\/09\/Buy-Quality-AL-LAD-blotters-Cheap-Online-300x300.jpg",300,300,true],"woocommerce_single":["https:\/\/legitgrams.com\/wp-content\/uploads\/2024\/09\/Buy-Quality-AL-LAD-blotters-Cheap-Online.jpg",600,600,false],"woocommerce_gallery_thumbnail":["https:\/\/legitgrams.com\/wp-content\/uploads\/2024\/09\/Buy-Quality-AL-LAD-blotters-Cheap-Online-100x100.jpg",100,100,true]},"uagb_author_info":{"display_name":"cokeblog18","author_link":"https:\/\/legitgrams.com\/fr\/author\/"},"uagb_comment_info":0,"uagb_excerpt":"Cheap Al Ld Blotters for Sale Get 150mcg of premium AL-LAD blotters online at a discounted price. AL-LAD: What Is It? 6-allyl-6-norLSD, also known as AL-LAD, is a psychedelic drug that is similar to lysergic acid diethylamide (LSD). When it was first synthesized in 1976, it gained favor as a remedy in the markets for&hellip;","_links":{"self":[{"href":"https:\/\/legitgrams.com\/fr\/wp-json\/wp\/v2\/product\/4211","targetHints":{"allow":["GET"]}}],"collection":[{"href":"https:\/\/legitgrams.com\/fr\/wp-json\/wp\/v2\/product"}],"about":[{"href":"https:\/\/legitgrams.com\/fr\/wp-json\/wp\/v2\/types\/product"}],"replies":[{"embeddable":true,"href":"https:\/\/legitgrams.com\/fr\/wp-json\/wp\/v2\/comments?post=4211"}],"wp:featuredmedia":[{"embeddable":true,"href":"https:\/\/legitgrams.com\/fr\/wp-json\/wp\/v2\/media\/5186"}],"wp:attachment":[{"href":"https:\/\/legitgrams.com\/fr\/wp-json\/wp\/v2\/media?parent=4211"}],"wp:term":[{"taxonomy":"product_brand","embeddable":true,"href":"https:\/\/legitgrams.com\/fr\/wp-json\/wp\/v2\/product_brand?post=4211"},{"taxonomy":"product_cat","embeddable":true,"href":"https:\/\/legitgrams.com\/fr\/wp-json\/wp\/v2\/product_cat?post=4211"},{"taxonomy":"product_tag","embeddable":true,"href":"https:\/\/legitgrams.com\/fr\/wp-json\/wp\/v2\/product_tag?post=4211"}],"curies":[{"name":"wp","href":"https:\/\/api.w.org\/{rel}","templated":true}]}}