{"id":4214,"date":"2024-09-22T05:41:53","date_gmt":"2024-09-22T05:41:53","guid":{"rendered":"https:\/\/legitgrams.com\/?post_type=product&#038;p=4214"},"modified":"2025-04-03T11:28:24","modified_gmt":"2025-04-03T11:28:24","slug":"lsd-liquide-bon-marche","status":"publish","type":"product","link":"https:\/\/legitgrams.com\/fr\/produit\/lsd-liquide-bon-marche\/","title":{"rendered":"Achetez du LSD liquide \u00e0 bas prix en ligne"},"content":{"rendered":"<h2>LSD liquide \u00e0 bas prix \u00e0 acheter<\/h2>\n<p>L'acide est une vari\u00e9t\u00e9 nomm\u00e9e d'apr\u00e8s un narcotique un peu plus puissant, un peu comme <a href=\"https:\/\/www.bing.com\/search?q=AchetezduLSDliquidebasprixenligne&amp;qs=n&amp;form=QBRE&amp;sp=-1&amp;lq=0&amp;pq=kuptaniopynnelsdonline&amp;sc=1-27&amp;sk=&amp;cvid=D79ED5A2E8254440AA24572F1EB50112&amp;ghsh=0&amp;ghacc=0&amp;ghpl=\">Fissure verte<\/a> (which is not to be confused with <a href=\"https:\/\/en.wikipedia.org\/wiki\/LSD\">LSD<\/a>). Tout bien consid\u00e9r\u00e9, Acid est forte, offrant \u00e0 la fois une odeur d\u00e9routante et des effets contrebalanc\u00e9s. Acid est fabriqu\u00e9e \u00e0 partir de la g\u00e9n\u00e9tique de la New York Sour Diesel la plus populaire de la r\u00e9gion et est produite par Paradise Seeds, la m\u00eame entreprise qui nous a donn\u00e9 Delahaze et Sensi Star. En raison de son attrait, elle s'est class\u00e9e troisi\u00e8me pour la meilleure fleur cultiv\u00e9e en int\u00e9rieur lors de la Copa THC Valencia 2016 en Espagne. Selon les estimations, Corrosive contient entre 16 % et 23 % de THC.<\/p>\n<p>Corrosive \u00e9blouit par ses fleurs de taille moyenne \u00e0 \u00e9norme, dont la structure articul\u00e9e en forme de pique rappelle celle d'un sapin de No\u00ebl miniature, se resserrant \u00e0 partir d'une base large et arrondie, termin\u00e9e par une pointe. La structure dense et \u00e9paisse de ces t\u00eates indique clairement qu'elles sont principalement indica. Les feuilles sont entrelac\u00e9es de pistils couleur terre, d'un vert terne et envahissant, et \u00e9troitement tordues vers l'int\u00e9rieur, en direction de leurs tiges centrales. Enfin, les surfaces externes et internes des fleurs d'Acid sont recouvertes de trichomes blancs scintillants. L'effet puissant d'Acid est attribu\u00e9 \u00e0 ces trichomes, qui rendent d'ailleurs extr\u00eamement difficile la s\u00e9paration des t\u00eates sans processeur.<\/p>\n<p>Acid d\u00e9gage une odeur l\u00e9g\u00e8rement acide au bon moment, avec une saveur d'agrumes prononc\u00e9e. De plus, on y retrouve des notes musqu\u00e9es et terreuses rappelant la terre humide et l'encens. S\u00e9parer ou moudre ces p\u00e9pites lourdes pendant l'attente lib\u00e8re la souche parente bien connue et agressive\u00a0: les gaz d'\u00e9chappement du New York Tannic sont \u00e0 l'origine du diesel acide. <a href=\"https:\/\/www.google.com\/search?q=Buy+Cheap+Liquid+LSD+Online&amp;num=10&amp;sca_esv=1a2a07081c7891bb&amp;rlz=1C1RXQR_enIN1098IN1098&amp;sxsrf=AHTn8zqh1zJy4rS6yMm0-ReR-8i-f2LMGg%3A1741771896069&amp;ei=eFTRZ8r2A8zE4-EPhLbS6Ac&amp;ved=0ahUKEwjKkpT5nYSMAxVM4jgGHQSbFH0Q4dUDCBA&amp;uact=5&amp;oq=Buy+Cheap+Liquid+LSD+Online&amp;gs_lp=Egxnd3Mtd2l6LXNlcnAiG0J1eSBDaGVhcCBMaXF1aWQgTFNEIE9ubGluZUjyBVCJA1iJA3ACeACQAQCYAfkBoAH5AaoBAzItMbgBA8gBAPgBAvgBAZgCAKACAJgDAIgGAZIHAKAHTw&amp;sclient=gws-wiz-serp\">Acid<\/a> wytwarza przyjemny, g\u0142adki dym, kt\u00f3ry \u0142atwo si\u0119 wci\u0105ga, gdy zapala si\u0119 w linii lub jointzie. Ten ci\u0119\u017cki dym traci swoje nuty oleju nap\u0119dowego i cytryny, gdy jest wydychany.<\/p>\n<p>L\u2019impression que le fumeur a de ses effets ext\u00e9rieurs est d\u00e9form\u00e9e par l\u2019apparition progressive de l\u2019effet de Corrosive. Certains bruits, comme s\u2019ils \u00e9taient produits dans une chambre de r\u00e9verb\u00e9ration, peuvent \u00eatre amplifi\u00e9s. Un \u00e9clairage vibrant et des tons distinctifs peuvent \u00e9galement gagner en traction. Des merveilles psych\u00e9d\u00e9liques plus intenses, telles que des torsions internes du corps et une sensation tangible d\u2019extension du temps, commencent \u00e0 se manifester lorsque ces effets tangibles atteignent leur paroxysme. Finalement, les fumeurs peuvent d\u00e9tecter un poids d\u00e9lib\u00e9r\u00e9 entourant leurs organes lymphatiques et leurs tempes, ainsi qu\u2019une l\u00e9g\u00e8re augmentation de la salivation. Des vagues de d\u00e9m\u00ealage se forment \u00e0 partir de ces frissons, descendant le long du dos et sortant vers le milieu et les membres. Bien que ces effets calmants ne puissent pas compl\u00e8tement immobiliser les individus, ils peuvent les encourager \u00e0 se d\u00e9tendre dans l\u2019environnement le plus confortable possible.<\/p>\n<p>Un autre signe d\u2019un high corrosif est un \u00e9tat mental dans lequel le fumeur peut s\u2019attacher \u00e0 des id\u00e9es ou des pens\u00e9es \u00e9tranges, les trouvant plus fascinantes qu\u2019elles ne le sont en r\u00e9alit\u00e9. Une telle ouverture d\u2019esprit peut \u00eatre une strat\u00e9gie utile pour r\u00e9soudre certaines t\u00e2ches au travail ou pour d\u00e9velopper des r\u00e9ponses originales \u00e0 des probl\u00e8mes difficiles. Les effets psychologiques de l\u2019acide deviennent plus remarquables qu\u2019apparents avec le temps ou \u00e0 mesure que la dose est prolong\u00e9e, annulant toute efficacit\u00e9 ant\u00e9rieure et inutile. Cette vari\u00e9t\u00e9 est \u00e0 savourer de pr\u00e9f\u00e9rence en fin de soir\u00e9e ou la nuit en raison de sa lente diminution de puissance. <a href=\"https:\/\/legitgrams.com\/fr\/\">LegitGrams<\/a><\/p>\n<p>Achetez du LSD, de l'acide, du LSD liquide 200 ug\/goutte, de l'acide LSD liquide, un magasin de LSD liquide, du LSD liquide en ligne et des produits de LSD liquide en ligne.<\/p>\n<p><a href=\"https:\/\/legitgrams.com\/fr\/produit\/lsd-liquide-bon-marche\/\">Acheter du LSD liquide \u00e0 bas prix<\/a> En ligne\u00a0: Acheter du LSD, Acheter du LSD liquide \u00e0 bas prix, Acheter du LSD liquide en ligne, O\u00f9 acheter du LSD bon march\u00e9 en ligne, LSD bon march\u00e9 \u00e0 vendre, et LSD liquide bon march\u00e9. O\u00f9 acheter du LSD liquide \u00e0 bas prix, LSD liquide \u00e0 bas prix en vente aux \u00c9tats-Unis, au Canada et au Royaume-Uni, Acheter en ligne, Fournisseurs, Livraison s\u00e9curis\u00e9e, Comment commander du LSD liquide \u00e0 bas prix\u00a0? Le LSD liquide bon march\u00e9 est-il l\u00e9gal au Canada\u00a0? Le LSD est-il l\u00e9gal aux \u00c9tats-Unis\u00a0? <a href=\"https:\/\/duckduckgo.com\/?q=Achetez+du+LSD+liquide++bas+prix+en+ligne&amp;t=h_\">Achetez du LSD liquide \u00e0 bas prix en ligne<\/a> aux \u00c9tats-Unis.<\/p>","protected":false},"excerpt":{"rendered":"<p>Low-Cost Liquid LSD for Purchase Acid is a strain named after a little more potent narcotic, much like Green Crack (which is not to be confused with LSD). All things considered, Acid is strong, offering both a confusing smell and counterbalanced effects. Acid is made from the genetics of the most well-liked New York Sour &hellip;<\/p>\n<p class=\"read-more\"> <a class=\"\" href=\"https:\/\/legitgrams.com\/fr\/produit\/lsd-liquide-bon-marche\/\"> <span class=\"screen-reader-text\">Achetez du LSD liquide \u00e0 bas prix en ligne<\/span> Lire la suite \"<\/a><\/p>","protected":false},"featured_media":5179,"comment_status":"open","ping_status":"closed","template":"","meta":{"_uag_custom_page_level_css":"","site-sidebar-layout":"default","site-content-layout":"default","ast-global-header-display":"","ast-main-header-display":"","ast-hfb-above-header-display":"","ast-hfb-below-header-display":"","ast-hfb-mobile-header-display":"","site-post-title":"","ast-breadcrumbs-content":"","ast-featured-img":"","footer-sml-layout":"","theme-transparent-header-meta":"default","adv-header-id-meta":"","stick-header-meta":"default","header-above-stick-meta":"","header-main-stick-meta":"","header-below-stick-meta":"","_joinchat":[]},"product_brand":[],"product_cat":[595],"product_tag":[2164,2154,617,2146,2161,2145,2149,2148,2156,2147,2159,2166,2167,2165,2157,2162,2158,2153,2151,2163,2160,625,2152,2155,2150],"class_list":{"0":"post-4214","1":"product","2":"type-product","3":"status-publish","4":"has-post-thumbnail","6":"product_cat-psychedelic-drugs","7":"product_tag-best-cheap-price-cheap-liquid-lsd","8":"product_tag-best-place-to-buy-cheap-liquid-lsd","9":"product_tag-bulk-online","10":"product_tag-buy-cheap-liquid-lsd","11":"product_tag-cheap-cheap-liquid-lsd","12":"product_tag-cheap-liquid-lsd","13":"product_tag-cheap-liquid-lsd-cheap-liquid-lsd-supplier","14":"product_tag-cheap-liquid-lsd-for-sale","15":"product_tag-cheap-liquid-lsd-legally","16":"product_tag-cheap-liquid-lsd-online","17":"product_tag-cheap-liquid-lsd-store","18":"product_tag-cheap-liquid-lsd-use","19":"product_tag-cheap-liquid-lsd-wiki","20":"product_tag-cheap-liquid-lsd-worldwide","21":"product_tag-cheap-liquid-lsdprice","22":"product_tag-cheap-liquid-lsds","23":"product_tag-high-quality-cheap-liquid-lsd","24":"product_tag-how-to-buy-cheap-liquid-lsd","25":"product_tag-order-cheap-liquid-lsd","26":"product_tag-purcharse-cheap-liquid-lsd","27":"product_tag-shop-cheap-liquid-lsd","28":"product_tag-top-quality","29":"product_tag-where-to-buy-cheap-liquid-lsd","30":"product_tag-where-to-order-cheap-liquid-lsd","31":"product_tag-wholesale-cheap-liquid-lsd","32":"desktop-align-left","33":"tablet-align-left","34":"mobile-align-left","35":"ast-product-gallery-layout-horizontal","36":"ast-product-gallery-with-no-image","37":"ast-product-single-variable","38":"ast-product-tabs-layout-horizontal","39":"ast-qv-on-image","41":"first","42":"instock","43":"shipping-taxable","44":"purchasable","45":"product-type-variable"},"yoast_head":"<!-- This site is optimized with the Yoast SEO plugin v25.9 - https:\/\/yoast.com\/wordpress\/plugins\/seo\/ -->\n<title>Liquid LSD for Sale - Buy Liquid LSD Online at Best Price<\/title>\n<meta name=\"description\" content=\"Looking to Buy Liquid LSD Online? Discover a seamless platform at our online store where you can buy Liquid LSD , ensuring top-grade quality for your research needs.\" \/>\n<meta name=\"robots\" content=\"index, follow, max-snippet:-1, max-image-preview:large, max-video-preview:-1\" \/>\n<link rel=\"canonical\" href=\"https:\/\/legitgrams.com\/fr\/produit\/lsd-liquide-bon-marche\/\" \/>\n<meta property=\"og:locale\" content=\"fr_FR\" \/>\n<meta property=\"og:type\" content=\"article\" \/>\n<meta property=\"og:title\" content=\"Liquid LSD for Sale - Buy Liquid LSD Online at Best Price\" \/>\n<meta property=\"og:description\" content=\"Looking to Buy Liquid LSD Online? Discover a seamless platform at our online store where you can buy Liquid LSD , ensuring top-grade quality for your research needs.\" \/>\n<meta property=\"og:url\" content=\"https:\/\/legitgrams.com\/fr\/produit\/lsd-liquide-bon-marche\/\" \/>\n<meta property=\"og:site_name\" content=\"Legit Grams\" \/>\n<meta property=\"article:modified_time\" content=\"2025-04-03T11:28:24+00:00\" \/>\n<meta property=\"og:image\" content=\"https:\/\/legitgrams.com\/wp-content\/uploads\/2024\/09\/buy-cheap-liquid-lsd-online.jpg\" \/>\n\t<meta property=\"og:image:width\" content=\"600\" \/>\n\t<meta property=\"og:image:height\" content=\"600\" \/>\n\t<meta property=\"og:image:type\" content=\"image\/jpeg\" \/>\n<meta name=\"twitter:card\" content=\"summary_large_image\" \/>\n<meta name=\"twitter:label1\" content=\"Dur\u00e9e de lecture est.\" \/>\n\t<meta name=\"twitter:data1\" content=\"3 minutes\" \/>\n<script type=\"application\/ld+json\" class=\"yoast-schema-graph\">{\"@context\":\"https:\/\/schema.org\",\"@graph\":[{\"@type\":\"WebPage\",\"@id\":\"https:\/\/legitgrams.com\/product\/cheap-liquid-lsd\/\",\"url\":\"https:\/\/legitgrams.com\/product\/cheap-liquid-lsd\/\",\"name\":\"Liquid LSD for Sale - Buy Liquid LSD Online at Best Price\",\"isPartOf\":{\"@id\":\"https:\/\/legitgrams.com\/#website\"},\"primaryImageOfPage\":{\"@id\":\"https:\/\/legitgrams.com\/product\/cheap-liquid-lsd\/#primaryimage\"},\"image\":{\"@id\":\"https:\/\/legitgrams.com\/product\/cheap-liquid-lsd\/#primaryimage\"},\"thumbnailUrl\":\"https:\/\/legitgrams.com\/wp-content\/uploads\/2024\/09\/buy-cheap-liquid-lsd-online.jpg\",\"datePublished\":\"2024-09-22T05:41:53+00:00\",\"dateModified\":\"2025-04-03T11:28:24+00:00\",\"description\":\"Looking to Buy Liquid LSD Online? Discover a seamless platform at our online store where you can buy Liquid LSD , ensuring top-grade quality for your research needs.\",\"breadcrumb\":{\"@id\":\"https:\/\/legitgrams.com\/product\/cheap-liquid-lsd\/#breadcrumb\"},\"inLanguage\":\"fr-BE\",\"potentialAction\":[{\"@type\":\"ReadAction\",\"target\":[\"https:\/\/legitgrams.com\/product\/cheap-liquid-lsd\/\"]}]},{\"@type\":\"ImageObject\",\"inLanguage\":\"fr-BE\",\"@id\":\"https:\/\/legitgrams.com\/product\/cheap-liquid-lsd\/#primaryimage\",\"url\":\"https:\/\/legitgrams.com\/wp-content\/uploads\/2024\/09\/buy-cheap-liquid-lsd-online.jpg\",\"contentUrl\":\"https:\/\/legitgrams.com\/wp-content\/uploads\/2024\/09\/buy-cheap-liquid-lsd-online.jpg\",\"width\":600,\"height\":600,\"caption\":\"Cheap Liquid LSD for Sale\"},{\"@type\":\"BreadcrumbList\",\"@id\":\"https:\/\/legitgrams.com\/product\/cheap-liquid-lsd\/#breadcrumb\",\"itemListElement\":[{\"@type\":\"ListItem\",\"position\":1,\"name\":\"Home\",\"item\":\"https:\/\/legitgrams.com\/\"},{\"@type\":\"ListItem\",\"position\":2,\"name\":\"Shop\",\"item\":\"https:\/\/legitgrams.com\/shop\/\"},{\"@type\":\"ListItem\",\"position\":3,\"name\":\"Buy Cheap Liquid LSD Online\"}]},{\"@type\":\"WebSite\",\"@id\":\"https:\/\/legitgrams.com\/#website\",\"url\":\"https:\/\/legitgrams.com\/\",\"name\":\"Legit Grams\",\"description\":\"My WordPress Blog\",\"publisher\":{\"@id\":\"https:\/\/legitgrams.com\/#organization\"},\"potentialAction\":[{\"@type\":\"SearchAction\",\"target\":{\"@type\":\"EntryPoint\",\"urlTemplate\":\"https:\/\/legitgrams.com\/?s={search_term_string}\"},\"query-input\":{\"@type\":\"PropertyValueSpecification\",\"valueRequired\":true,\"valueName\":\"search_term_string\"}}],\"inLanguage\":\"fr-BE\"},{\"@type\":\"Organization\",\"@id\":\"https:\/\/legitgrams.com\/#organization\",\"name\":\"Legit Grams\",\"url\":\"https:\/\/legitgrams.com\/\",\"logo\":{\"@type\":\"ImageObject\",\"inLanguage\":\"fr-BE\",\"@id\":\"https:\/\/legitgrams.com\/#\/schema\/logo\/image\/\",\"url\":\"https:\/\/legitgrams.com\/wp-content\/uploads\/2024\/09\/main-logo.png\",\"contentUrl\":\"https:\/\/legitgrams.com\/wp-content\/uploads\/2024\/09\/main-logo.png\",\"width\":270,\"height\":75,\"caption\":\"Legit Grams\"},\"image\":{\"@id\":\"https:\/\/legitgrams.com\/#\/schema\/logo\/image\/\"}}]}<\/script>\n<!-- \/ Yoast SEO plugin. -->","yoast_head_json":{"title":"Liquid LSD for Sale - Acheter Liquid LSD en ligne au meilleur prix","description":"Vous cherchez \u00e0 acheter du LSD liquide en ligne ? D\u00e9couvrez une plateforme transparente dans notre magasin en ligne o\u00f9 vous pouvez acheter du LSD liquide, garantissant une qualit\u00e9 sup\u00e9rieure pour vos besoins de recherche.","robots":{"index":"index","follow":"follow","max-snippet":"max-snippet:-1","max-image-preview":"max-image-preview:large","max-video-preview":"max-video-preview:-1"},"canonical":"https:\/\/legitgrams.com\/fr\/produit\/lsd-liquide-bon-marche\/","og_locale":"fr_FR","og_type":"article","og_title":"Liquid LSD for Sale - Buy Liquid LSD Online at Best Price","og_description":"Looking to Buy Liquid LSD Online? Discover a seamless platform at our online store where you can buy Liquid LSD , ensuring top-grade quality for your research needs.","og_url":"https:\/\/legitgrams.com\/fr\/produit\/lsd-liquide-bon-marche\/","og_site_name":"Legit Grams","article_modified_time":"2025-04-03T11:28:24+00:00","og_image":[{"width":600,"height":600,"url":"https:\/\/legitgrams.com\/wp-content\/uploads\/2024\/09\/buy-cheap-liquid-lsd-online.jpg","type":"image\/jpeg"}],"twitter_card":"summary_large_image","twitter_misc":{"Dur\u00e9e de lecture est.":"3 minutes"},"schema":{"@context":"https:\/\/schema.org","@graph":[{"@type":"WebPage","@id":"https:\/\/legitgrams.com\/product\/cheap-liquid-lsd\/","url":"https:\/\/legitgrams.com\/product\/cheap-liquid-lsd\/","name":"Liquid LSD for Sale - Acheter Liquid LSD en ligne au meilleur prix","isPartOf":{"@id":"https:\/\/legitgrams.com\/#website"},"primaryImageOfPage":{"@id":"https:\/\/legitgrams.com\/product\/cheap-liquid-lsd\/#primaryimage"},"image":{"@id":"https:\/\/legitgrams.com\/product\/cheap-liquid-lsd\/#primaryimage"},"thumbnailUrl":"https:\/\/legitgrams.com\/wp-content\/uploads\/2024\/09\/buy-cheap-liquid-lsd-online.jpg","datePublished":"2024-09-22T05:41:53+00:00","dateModified":"2025-04-03T11:28:24+00:00","description":"Vous cherchez \u00e0 acheter du LSD liquide en ligne ? D\u00e9couvrez une plateforme transparente dans notre magasin en ligne o\u00f9 vous pouvez acheter du LSD liquide, garantissant une qualit\u00e9 sup\u00e9rieure pour vos besoins de recherche.","breadcrumb":{"@id":"https:\/\/legitgrams.com\/product\/cheap-liquid-lsd\/#breadcrumb"},"inLanguage":"fr-BE","potentialAction":[{"@type":"ReadAction","target":["https:\/\/legitgrams.com\/product\/cheap-liquid-lsd\/"]}]},{"@type":"ImageObject","inLanguage":"fr-BE","@id":"https:\/\/legitgrams.com\/product\/cheap-liquid-lsd\/#primaryimage","url":"https:\/\/legitgrams.com\/wp-content\/uploads\/2024\/09\/buy-cheap-liquid-lsd-online.jpg","contentUrl":"https:\/\/legitgrams.com\/wp-content\/uploads\/2024\/09\/buy-cheap-liquid-lsd-online.jpg","width":600,"height":600,"caption":"Cheap Liquid LSD for Sale"},{"@type":"BreadcrumbList","@id":"https:\/\/legitgrams.com\/product\/cheap-liquid-lsd\/#breadcrumb","itemListElement":[{"@type":"ListItem","position":1,"name":"Home","item":"https:\/\/legitgrams.com\/"},{"@type":"ListItem","position":2,"name":"Shop","item":"https:\/\/legitgrams.com\/shop\/"},{"@type":"ListItem","position":3,"name":"Buy Cheap Liquid LSD Online"}]},{"@type":"WebSite","@id":"https:\/\/legitgrams.com\/#website","url":"https:\/\/legitgrams.com\/","name":"Les grammes l\u00e9gitimes","description":"Mon blog WordPress","publisher":{"@id":"https:\/\/legitgrams.com\/#organization"},"potentialAction":[{"@type":"SearchAction","target":{"@type":"EntryPoint","urlTemplate":"https:\/\/legitgrams.com\/?s={search_term_string}"},"query-input":{"@type":"PropertyValueSpecification","valueRequired":true,"valueName":"search_term_string"}}],"inLanguage":"fr-BE"},{"@type":"Organization","@id":"https:\/\/legitgrams.com\/#organization","name":"Les grammes l\u00e9gitimes","url":"https:\/\/legitgrams.com\/","logo":{"@type":"ImageObject","inLanguage":"fr-BE","@id":"https:\/\/legitgrams.com\/#\/schema\/logo\/image\/","url":"https:\/\/legitgrams.com\/wp-content\/uploads\/2024\/09\/main-logo.png","contentUrl":"https:\/\/legitgrams.com\/wp-content\/uploads\/2024\/09\/main-logo.png","width":270,"height":75,"caption":"Legit Grams"},"image":{"@id":"https:\/\/legitgrams.com\/#\/schema\/logo\/image\/"}}]}},"uagb_featured_image_src":{"full":["https:\/\/legitgrams.com\/wp-content\/uploads\/2024\/09\/buy-cheap-liquid-lsd-online.jpg",600,600,false],"thumbnail":["https:\/\/legitgrams.com\/wp-content\/uploads\/2024\/09\/buy-cheap-liquid-lsd-online-150x150.jpg",150,150,true],"medium":["https:\/\/legitgrams.com\/wp-content\/uploads\/2024\/09\/buy-cheap-liquid-lsd-online-300x300.jpg",300,300,true],"medium_large":["https:\/\/legitgrams.com\/wp-content\/uploads\/2024\/09\/buy-cheap-liquid-lsd-online.jpg",600,600,false],"large":["https:\/\/legitgrams.com\/wp-content\/uploads\/2024\/09\/buy-cheap-liquid-lsd-online.jpg",600,600,false],"1536x1536":["https:\/\/legitgrams.com\/wp-content\/uploads\/2024\/09\/buy-cheap-liquid-lsd-online.jpg",600,600,false],"2048x2048":["https:\/\/legitgrams.com\/wp-content\/uploads\/2024\/09\/buy-cheap-liquid-lsd-online.jpg",600,600,false],"trp-custom-language-flag":["https:\/\/legitgrams.com\/wp-content\/uploads\/2024\/09\/buy-cheap-liquid-lsd-online-12x12.jpg",12,12,true],"woocommerce_thumbnail":["https:\/\/legitgrams.com\/wp-content\/uploads\/2024\/09\/buy-cheap-liquid-lsd-online-300x300.jpg",300,300,true],"woocommerce_single":["https:\/\/legitgrams.com\/wp-content\/uploads\/2024\/09\/buy-cheap-liquid-lsd-online.jpg",600,600,false],"woocommerce_gallery_thumbnail":["https:\/\/legitgrams.com\/wp-content\/uploads\/2024\/09\/buy-cheap-liquid-lsd-online-100x100.jpg",100,100,true]},"uagb_author_info":{"display_name":"cokeblog18","author_link":"https:\/\/legitgrams.com\/fr\/author\/"},"uagb_comment_info":0,"uagb_excerpt":"Low-Cost Liquid LSD for Purchase Acid is a strain named after a little more potent narcotic, much like Green Crack (which is not to be confused with LSD). All things considered, Acid is strong, offering both a confusing smell and counterbalanced effects. Acid is made from the genetics of the most well-liked New York Sour&hellip;","_links":{"self":[{"href":"https:\/\/legitgrams.com\/fr\/wp-json\/wp\/v2\/product\/4214","targetHints":{"allow":["GET"]}}],"collection":[{"href":"https:\/\/legitgrams.com\/fr\/wp-json\/wp\/v2\/product"}],"about":[{"href":"https:\/\/legitgrams.com\/fr\/wp-json\/wp\/v2\/types\/product"}],"replies":[{"embeddable":true,"href":"https:\/\/legitgrams.com\/fr\/wp-json\/wp\/v2\/comments?post=4214"}],"wp:featuredmedia":[{"embeddable":true,"href":"https:\/\/legitgrams.com\/fr\/wp-json\/wp\/v2\/media\/5179"}],"wp:attachment":[{"href":"https:\/\/legitgrams.com\/fr\/wp-json\/wp\/v2\/media?parent=4214"}],"wp:term":[{"taxonomy":"product_brand","embeddable":true,"href":"https:\/\/legitgrams.com\/fr\/wp-json\/wp\/v2\/product_brand?post=4214"},{"taxonomy":"product_cat","embeddable":true,"href":"https:\/\/legitgrams.com\/fr\/wp-json\/wp\/v2\/product_cat?post=4214"},{"taxonomy":"product_tag","embeddable":true,"href":"https:\/\/legitgrams.com\/fr\/wp-json\/wp\/v2\/product_tag?post=4214"}],"curies":[{"name":"wp","href":"https:\/\/api.w.org\/{rel}","templated":true}]}}