{"id":4221,"date":"2024-09-22T06:14:11","date_gmt":"2024-09-22T06:14:11","guid":{"rendered":"https:\/\/legitgrams.com\/?post_type=product&#038;p=4221"},"modified":"2025-04-03T10:22:11","modified_gmt":"2025-04-03T10:22:11","slug":"poudre-mdma","status":"publish","type":"product","link":"https:\/\/legitgrams.com\/fr\/produit\/poudre-mdma\/","title":{"rendered":"Acheter de la poudre de MDMA en ligne"},"content":{"rendered":"<h2>Achetez de la v\u00e9ritable poudre MDMA en ligne.<\/h2>\n<p>Achetez du v\u00e9ritable <a href=\"https:\/\/legitgrams.com\/fr\/produit\/poudre-mdma\/\">Poudre de MDMA<\/a> en ligne. Nous avons la poudre MDMA (Ecstasy\/Molly) de la plus haute qualit\u00e9 disponible \u00e0 l'achat ici.<\/p>\n<p><a href=\"https:\/\/www.bing.com\/search?q=Buy%20MDMA%20Powder%20Online&amp;qs=n&amp;form=QBRE&amp;sp=-1&amp;lq=0&amp;pq=buy%20mdma%20powder%20online&amp;sc=0-22&amp;sk=&amp;cvid=535EEE1EF66F471792227A1FFBB85945&amp;ghsh=0&amp;ghacc=0&amp;ghpl=\">Pure MDMA powder<\/a> Il est possible d'acheter de l'ecstasy\/de la poudre de molly en ligne.<\/p>\n<p>Une drogue psychoactive class\u00e9e comme un substitut d'amph\u00e9tamine et de m\u00e9thyl\u00e8nedioxyph\u00e9n\u00e9thylamine est <a href=\"https:\/\/www.google.com\/search?q=Acheter+de+la+poudre+de+MDMA+en+ligne&amp;sca_esv=eddefdb7b92e7545&amp;sxsrf=AHTn8zo5cZod0Ejos7npJvgCg1IuEIXhig1743675976952&amp;ei=SGLuZ4HwOajF0PEP_PeegQ8&amp;ved=0ahUKEwiBtNaZ07uMAxWoIjQIHfy7J_AQ4dUDCBA&amp;uact=5&amp;oq=Acheter+de+la+poudre+de+MDMA+en+ligne&amp;gs_lp=Egxnd3Mtd2l6LXNlcnAiJUFjaGV0ZXIgZGUgbGEgcG91ZHJlIGRlIE1ETUEgZW4gbGlnbmUyBRAhGKABMgUQIRigATIFECEYoAEyBRAhGKsCSKIEUABYAHAAeACQAQCYAboDoAG6A6oBAzQtMbgBA8gBAPgBAvgBAZgCAaACvwOYAwCSBwM0LTGgB-oDsgcDNC0xuAe_Aw&amp;sclient=gws-wiz-serp\">MDMA<\/a> (3,4-m\u00e9thyl\u00e8nedioxym\u00e9thamph\u00e9tamine n\u00e9goci\u00e9e), disponible en ligne. Elle est principalement utilis\u00e9e pour ses effets sympathiques et euphorisants. Pharmacie\u00a0: Achetez de la poudre de MDMA pure. La MDMA lib\u00e8re de la s\u00e9rotonine, de la noradr\u00e9naline et de la dopamine, en plus d'agir comme un inhibiteur de la recapture. <a href=\"https:\/\/legitgrams.com\/fr\/\">LegitGrams<\/a> propose de la poudre de MDMA \u00e0 la vente en ligne.<\/p>\n<p>Souvent utilis\u00e9 pour d\u00e9signer la MDMA vendue en ligne, le terme \u00ab Ecstasy \u00bb (abr\u00e9g\u00e9 en \u00ab E \u00bb, \u00ab X \u00bb ou \u00ab XTC \u00bb) fait g\u00e9n\u00e9ralement r\u00e9f\u00e9rence \u00e0 la forme de comprim\u00e9, mais il peut \u00e9galement faire allusion \u00e0 la possibilit\u00e9 d\u2019un suppl\u00e9ment frauduleux.<\/p>\n<p>L\u2019expression \u00ab \u00e0 vendre \u2013 Mandy \u00bb Aux \u00c9tats-Unis et au Royaume-Uni, \u00ab Molly \u00e0 vendre \u00bb d\u00e9crit la MDMA comme une poudre cristalline qui est en grande partie exempte d\u2019ingr\u00e9dients contrefaits. \u00c0 l\u2019occasion, Molly peut parler de m\u00e9dicaments similaires comme la m\u00e9ph\u00e9drone, la m\u00e9thylone, l\u2019achat de MDMA pure en poudre, l\u2019achat de MDPV en ligne ou toute autre classe de produits chimiques pharmacologiques appel\u00e9s sels de bain.<\/p>\n<p>Achat <a href=\"https:\/\/duckduckgo.com\/?q=Acheter+de+MDMA+en+ligne&amp;t=h_&amp;ia=web\">pure MDMA powder<\/a> en ligne, achat pur <a href=\"https:\/\/en.wikipedia.org\/wiki\/MDMA\">MDMA<\/a> Poudre de MDMA pure aux \u00c9tats-Unis, achat de poudre de MDMA pure en ligne aux \u00c9tats-Unis, O\u00f9 acheter de la poudre de MDMA pure, O\u00f9 acheter de la poudre de MDMA pure \u00e0 proximit\u00e9, O\u00f9 acheter de la poudre de MDMA pure, O\u00f9 acheter de la poudre de MDMA pure aux \u00c9tats-Unis, au Canada et au Royaume-Uni, O\u00f9 acheter de la poudre de MDMA pure en ligne, Fournisseurs, Exp\u00e9dition s\u00e9curis\u00e9e La poudre de MDMA pure peut toujours \u00eatre obtenue de certaines mani\u00e8res, notamment en d\u00e9terminant comment la commander ou s'il est l\u00e9gal de l'acheter en ligne aux \u00c9tats-Unis. Le Canada autorise-t-il l'utilisation de poudre de MDMA pure ?<\/p>\n<h2><\/h2>\n<h2><\/h2>\n<p>&nbsp;<\/p>","protected":false},"excerpt":{"rendered":"<p>Purchase genuine MDMA powder online. Buy genuine MDMA powder online. We have the highest grade MDMA (Ecstasy\/Molly) Powder available for purchase here. Pure MDMA powder can be purchased online. It is possible to buy Ecstasy\/Molly Powder online. A psychoactive drug categorized as an amphetamine and methylenedioxyphenethylamine substitute is MDMA (negotiated 3,4-methylenedioxy-methamphetamine), which may be purchased &hellip;<\/p>\n<p class=\"read-more\"> <a class=\"\" href=\"https:\/\/legitgrams.com\/fr\/produit\/poudre-mdma\/\"> <span class=\"screen-reader-text\">Acheter de la poudre de MDMA en ligne<\/span> Lire la suite \"<\/a><\/p>","protected":false},"featured_media":5301,"comment_status":"open","ping_status":"closed","template":"","meta":{"_uag_custom_page_level_css":"","site-sidebar-layout":"default","site-content-layout":"default","ast-global-header-display":"","ast-main-header-display":"","ast-hfb-above-header-display":"","ast-hfb-below-header-display":"","ast-hfb-mobile-header-display":"","site-post-title":"","ast-breadcrumbs-content":"","ast-featured-img":"","footer-sml-layout":"","theme-transparent-header-meta":"default","adv-header-id-meta":"","stick-header-meta":"default","header-above-stick-meta":"","header-main-stick-meta":"","header-below-stick-meta":"","_joinchat":[]},"product_brand":[],"product_cat":[600],"product_tag":[1980,1970,617,1962,1977,1974,1969,1961,1964,1972,1965,1963,1975,1982,1983,1981,1973,1978,1967,1979,1976,625,1968,1971,1966],"class_list":{"0":"post-4221","1":"product","2":"type-product","3":"status-publish","4":"has-post-thumbnail","6":"product_cat-research-chemicals-and-bath-salt","7":"product_tag-best-cheap-price-mdma-powder","8":"product_tag-best-place-to-buy-mdma-powder","9":"product_tag-bulk-online","10":"product_tag-buy-mdma-powder","11":"product_tag-cheap-mdma-powder","12":"product_tag-high-quality-mdma-powder","13":"product_tag-how-to-buy-mdma-powder","14":"product_tag-mdma-powder","15":"product_tag-mdma-powder-for-sale","16":"product_tag-mdma-powder-legally","17":"product_tag-mdma-powder-mdma-powder-supplier","18":"product_tag-mdma-powder-online","19":"product_tag-mdma-powder-store","20":"product_tag-mdma-powder-use","21":"product_tag-mdma-powder-wiki","22":"product_tag-mdma-powder-worldwide","23":"product_tag-mdma-powderprice","24":"product_tag-mdma-powders","25":"product_tag-order-mdma-powder","26":"product_tag-purcharse-mdma-powder","27":"product_tag-shop-mdma-powder","28":"product_tag-top-quality","29":"product_tag-where-to-buy-mdma-powder","30":"product_tag-where-to-order-mdma-powder","31":"product_tag-wholesale-mdma-powder","32":"desktop-align-left","33":"tablet-align-left","34":"mobile-align-left","35":"ast-product-gallery-layout-horizontal","36":"ast-product-gallery-with-no-image","37":"ast-product-single-variable","38":"ast-product-tabs-layout-horizontal","39":"ast-qv-on-image","41":"first","42":"instock","43":"shipping-taxable","44":"purchasable","45":"product-type-variable"},"yoast_head":"<!-- This site is optimized with the Yoast SEO plugin v25.9 - https:\/\/yoast.com\/wordpress\/plugins\/seo\/ -->\n<title>MDMA Powder for Sale - Buy MDMA Powder Online | LegitGrams<\/title>\n<meta name=\"description\" content=\"Looking to buy MDMA powder online at a reasonable price? Visit our reputable Legitgrams online store and get MDMA powder for sale today. Place an order now!\" \/>\n<meta name=\"robots\" content=\"index, follow, max-snippet:-1, max-image-preview:large, max-video-preview:-1\" \/>\n<link rel=\"canonical\" href=\"https:\/\/legitgrams.com\/fr\/produit\/poudre-mdma\/\" \/>\n<meta property=\"og:locale\" content=\"fr_FR\" \/>\n<meta property=\"og:type\" content=\"article\" \/>\n<meta property=\"og:title\" content=\"MDMA Powder for Sale - Buy MDMA Powder Online | LegitGrams\" \/>\n<meta property=\"og:description\" content=\"Looking to buy MDMA powder online at a reasonable price? Visit our reputable Legitgrams online store and get MDMA powder for sale today. Place an order now!\" \/>\n<meta property=\"og:url\" content=\"https:\/\/legitgrams.com\/fr\/produit\/poudre-mdma\/\" \/>\n<meta property=\"og:site_name\" content=\"Legit Grams\" \/>\n<meta property=\"article:modified_time\" content=\"2025-04-03T10:22:11+00:00\" \/>\n<meta property=\"og:image\" content=\"https:\/\/legitgrams.com\/wp-content\/uploads\/2024\/09\/Buy-pure-MDMA-powder-online.jpg\" \/>\n\t<meta property=\"og:image:width\" content=\"600\" \/>\n\t<meta property=\"og:image:height\" content=\"600\" \/>\n\t<meta property=\"og:image:type\" content=\"image\/jpeg\" \/>\n<meta name=\"twitter:card\" content=\"summary_large_image\" \/>\n<meta name=\"twitter:label1\" content=\"Dur\u00e9e de lecture est.\" \/>\n\t<meta name=\"twitter:data1\" content=\"2 minutes\" \/>\n<script type=\"application\/ld+json\" class=\"yoast-schema-graph\">{\"@context\":\"https:\/\/schema.org\",\"@graph\":[{\"@type\":\"WebPage\",\"@id\":\"https:\/\/legitgrams.com\/product\/mdma-powder\/\",\"url\":\"https:\/\/legitgrams.com\/product\/mdma-powder\/\",\"name\":\"MDMA Powder for Sale - Buy MDMA Powder Online | LegitGrams\",\"isPartOf\":{\"@id\":\"https:\/\/legitgrams.com\/#website\"},\"primaryImageOfPage\":{\"@id\":\"https:\/\/legitgrams.com\/product\/mdma-powder\/#primaryimage\"},\"image\":{\"@id\":\"https:\/\/legitgrams.com\/product\/mdma-powder\/#primaryimage\"},\"thumbnailUrl\":\"https:\/\/legitgrams.com\/wp-content\/uploads\/2024\/09\/Buy-pure-MDMA-powder-online.jpg\",\"datePublished\":\"2024-09-22T06:14:11+00:00\",\"dateModified\":\"2025-04-03T10:22:11+00:00\",\"description\":\"Looking to buy MDMA powder online at a reasonable price? Visit our reputable Legitgrams online store and get MDMA powder for sale today. Place an order now!\",\"breadcrumb\":{\"@id\":\"https:\/\/legitgrams.com\/product\/mdma-powder\/#breadcrumb\"},\"inLanguage\":\"fr-BE\",\"potentialAction\":[{\"@type\":\"ReadAction\",\"target\":[\"https:\/\/legitgrams.com\/product\/mdma-powder\/\"]}]},{\"@type\":\"ImageObject\",\"inLanguage\":\"fr-BE\",\"@id\":\"https:\/\/legitgrams.com\/product\/mdma-powder\/#primaryimage\",\"url\":\"https:\/\/legitgrams.com\/wp-content\/uploads\/2024\/09\/Buy-pure-MDMA-powder-online.jpg\",\"contentUrl\":\"https:\/\/legitgrams.com\/wp-content\/uploads\/2024\/09\/Buy-pure-MDMA-powder-online.jpg\",\"width\":600,\"height\":600,\"caption\":\"MDMA Powder for Sale\"},{\"@type\":\"BreadcrumbList\",\"@id\":\"https:\/\/legitgrams.com\/product\/mdma-powder\/#breadcrumb\",\"itemListElement\":[{\"@type\":\"ListItem\",\"position\":1,\"name\":\"Home\",\"item\":\"https:\/\/legitgrams.com\/\"},{\"@type\":\"ListItem\",\"position\":2,\"name\":\"Shop\",\"item\":\"https:\/\/legitgrams.com\/shop\/\"},{\"@type\":\"ListItem\",\"position\":3,\"name\":\"Buy MDMA Powder Online\"}]},{\"@type\":\"WebSite\",\"@id\":\"https:\/\/legitgrams.com\/#website\",\"url\":\"https:\/\/legitgrams.com\/\",\"name\":\"Legit Grams\",\"description\":\"My WordPress Blog\",\"publisher\":{\"@id\":\"https:\/\/legitgrams.com\/#organization\"},\"potentialAction\":[{\"@type\":\"SearchAction\",\"target\":{\"@type\":\"EntryPoint\",\"urlTemplate\":\"https:\/\/legitgrams.com\/?s={search_term_string}\"},\"query-input\":{\"@type\":\"PropertyValueSpecification\",\"valueRequired\":true,\"valueName\":\"search_term_string\"}}],\"inLanguage\":\"fr-BE\"},{\"@type\":\"Organization\",\"@id\":\"https:\/\/legitgrams.com\/#organization\",\"name\":\"Legit Grams\",\"url\":\"https:\/\/legitgrams.com\/\",\"logo\":{\"@type\":\"ImageObject\",\"inLanguage\":\"fr-BE\",\"@id\":\"https:\/\/legitgrams.com\/#\/schema\/logo\/image\/\",\"url\":\"https:\/\/legitgrams.com\/wp-content\/uploads\/2024\/09\/main-logo.png\",\"contentUrl\":\"https:\/\/legitgrams.com\/wp-content\/uploads\/2024\/09\/main-logo.png\",\"width\":270,\"height\":75,\"caption\":\"Legit Grams\"},\"image\":{\"@id\":\"https:\/\/legitgrams.com\/#\/schema\/logo\/image\/\"}}]}<\/script>\n<!-- \/ Yoast SEO plugin. -->","yoast_head_json":{"title":"Poudre de MDMA \u00e0 vendre \u2013 Acheter de la poudre de MDMA en ligne | LegitGrams","description":"Vous cherchez \u00e0 acheter de la poudre de MDMA en ligne \u00e0 un prix raisonnable ? Visitez notre magasin en ligne r\u00e9put\u00e9 Legitgrams et obtenez de la poudre de MDMA \u00e0 vendre aujourd'hui. Passez votre commande maintenant !","robots":{"index":"index","follow":"follow","max-snippet":"max-snippet:-1","max-image-preview":"max-image-preview:large","max-video-preview":"max-video-preview:-1"},"canonical":"https:\/\/legitgrams.com\/fr\/produit\/poudre-mdma\/","og_locale":"fr_FR","og_type":"article","og_title":"MDMA Powder for Sale - Buy MDMA Powder Online | LegitGrams","og_description":"Looking to buy MDMA powder online at a reasonable price? Visit our reputable Legitgrams online store and get MDMA powder for sale today. Place an order now!","og_url":"https:\/\/legitgrams.com\/fr\/produit\/poudre-mdma\/","og_site_name":"Legit Grams","article_modified_time":"2025-04-03T10:22:11+00:00","og_image":[{"width":600,"height":600,"url":"https:\/\/legitgrams.com\/wp-content\/uploads\/2024\/09\/Buy-pure-MDMA-powder-online.jpg","type":"image\/jpeg"}],"twitter_card":"summary_large_image","twitter_misc":{"Dur\u00e9e de lecture est.":"2 minutes"},"schema":{"@context":"https:\/\/schema.org","@graph":[{"@type":"WebPage","@id":"https:\/\/legitgrams.com\/product\/mdma-powder\/","url":"https:\/\/legitgrams.com\/product\/mdma-powder\/","name":"Poudre de MDMA \u00e0 vendre \u2013 Acheter de la poudre de MDMA en ligne | LegitGrams","isPartOf":{"@id":"https:\/\/legitgrams.com\/#website"},"primaryImageOfPage":{"@id":"https:\/\/legitgrams.com\/product\/mdma-powder\/#primaryimage"},"image":{"@id":"https:\/\/legitgrams.com\/product\/mdma-powder\/#primaryimage"},"thumbnailUrl":"https:\/\/legitgrams.com\/wp-content\/uploads\/2024\/09\/Buy-pure-MDMA-powder-online.jpg","datePublished":"2024-09-22T06:14:11+00:00","dateModified":"2025-04-03T10:22:11+00:00","description":"Vous cherchez \u00e0 acheter de la poudre de MDMA en ligne \u00e0 un prix raisonnable ? Visitez notre magasin en ligne r\u00e9put\u00e9 Legitgrams et obtenez de la poudre de MDMA \u00e0 vendre aujourd'hui. Passez votre commande maintenant !","breadcrumb":{"@id":"https:\/\/legitgrams.com\/product\/mdma-powder\/#breadcrumb"},"inLanguage":"fr-BE","potentialAction":[{"@type":"ReadAction","target":["https:\/\/legitgrams.com\/product\/mdma-powder\/"]}]},{"@type":"ImageObject","inLanguage":"fr-BE","@id":"https:\/\/legitgrams.com\/product\/mdma-powder\/#primaryimage","url":"https:\/\/legitgrams.com\/wp-content\/uploads\/2024\/09\/Buy-pure-MDMA-powder-online.jpg","contentUrl":"https:\/\/legitgrams.com\/wp-content\/uploads\/2024\/09\/Buy-pure-MDMA-powder-online.jpg","width":600,"height":600,"caption":"MDMA Powder for Sale"},{"@type":"BreadcrumbList","@id":"https:\/\/legitgrams.com\/product\/mdma-powder\/#breadcrumb","itemListElement":[{"@type":"ListItem","position":1,"name":"Home","item":"https:\/\/legitgrams.com\/"},{"@type":"ListItem","position":2,"name":"Shop","item":"https:\/\/legitgrams.com\/shop\/"},{"@type":"ListItem","position":3,"name":"Buy MDMA Powder Online"}]},{"@type":"WebSite","@id":"https:\/\/legitgrams.com\/#website","url":"https:\/\/legitgrams.com\/","name":"Les grammes l\u00e9gitimes","description":"Mon blog WordPress","publisher":{"@id":"https:\/\/legitgrams.com\/#organization"},"potentialAction":[{"@type":"SearchAction","target":{"@type":"EntryPoint","urlTemplate":"https:\/\/legitgrams.com\/?s={search_term_string}"},"query-input":{"@type":"PropertyValueSpecification","valueRequired":true,"valueName":"search_term_string"}}],"inLanguage":"fr-BE"},{"@type":"Organization","@id":"https:\/\/legitgrams.com\/#organization","name":"Les grammes l\u00e9gitimes","url":"https:\/\/legitgrams.com\/","logo":{"@type":"ImageObject","inLanguage":"fr-BE","@id":"https:\/\/legitgrams.com\/#\/schema\/logo\/image\/","url":"https:\/\/legitgrams.com\/wp-content\/uploads\/2024\/09\/main-logo.png","contentUrl":"https:\/\/legitgrams.com\/wp-content\/uploads\/2024\/09\/main-logo.png","width":270,"height":75,"caption":"Legit Grams"},"image":{"@id":"https:\/\/legitgrams.com\/#\/schema\/logo\/image\/"}}]}},"uagb_featured_image_src":{"full":["https:\/\/legitgrams.com\/wp-content\/uploads\/2024\/09\/Buy-pure-MDMA-powder-online.jpg",600,600,false],"thumbnail":["https:\/\/legitgrams.com\/wp-content\/uploads\/2024\/09\/Buy-pure-MDMA-powder-online-150x150.jpg",150,150,true],"medium":["https:\/\/legitgrams.com\/wp-content\/uploads\/2024\/09\/Buy-pure-MDMA-powder-online-300x300.jpg",300,300,true],"medium_large":["https:\/\/legitgrams.com\/wp-content\/uploads\/2024\/09\/Buy-pure-MDMA-powder-online.jpg",600,600,false],"large":["https:\/\/legitgrams.com\/wp-content\/uploads\/2024\/09\/Buy-pure-MDMA-powder-online.jpg",600,600,false],"1536x1536":["https:\/\/legitgrams.com\/wp-content\/uploads\/2024\/09\/Buy-pure-MDMA-powder-online.jpg",600,600,false],"2048x2048":["https:\/\/legitgrams.com\/wp-content\/uploads\/2024\/09\/Buy-pure-MDMA-powder-online.jpg",600,600,false],"trp-custom-language-flag":["https:\/\/legitgrams.com\/wp-content\/uploads\/2024\/09\/Buy-pure-MDMA-powder-online-12x12.jpg",12,12,true],"woocommerce_thumbnail":["https:\/\/legitgrams.com\/wp-content\/uploads\/2024\/09\/Buy-pure-MDMA-powder-online-300x300.jpg",300,300,true],"woocommerce_single":["https:\/\/legitgrams.com\/wp-content\/uploads\/2024\/09\/Buy-pure-MDMA-powder-online.jpg",600,600,false],"woocommerce_gallery_thumbnail":["https:\/\/legitgrams.com\/wp-content\/uploads\/2024\/09\/Buy-pure-MDMA-powder-online-100x100.jpg",100,100,true]},"uagb_author_info":{"display_name":"cokeblog18","author_link":"https:\/\/legitgrams.com\/fr\/author\/"},"uagb_comment_info":0,"uagb_excerpt":"Purchase genuine MDMA powder online. Buy genuine MDMA powder online. We have the highest grade MDMA (Ecstasy\/Molly) Powder available for purchase here. Pure MDMA powder can be purchased online. It is possible to buy Ecstasy\/Molly Powder online. A psychoactive drug categorized as an amphetamine and methylenedioxyphenethylamine substitute is MDMA (negotiated 3,4-methylenedioxy-methamphetamine), which may be purchased&hellip;","_links":{"self":[{"href":"https:\/\/legitgrams.com\/fr\/wp-json\/wp\/v2\/product\/4221","targetHints":{"allow":["GET"]}}],"collection":[{"href":"https:\/\/legitgrams.com\/fr\/wp-json\/wp\/v2\/product"}],"about":[{"href":"https:\/\/legitgrams.com\/fr\/wp-json\/wp\/v2\/types\/product"}],"replies":[{"embeddable":true,"href":"https:\/\/legitgrams.com\/fr\/wp-json\/wp\/v2\/comments?post=4221"}],"wp:featuredmedia":[{"embeddable":true,"href":"https:\/\/legitgrams.com\/fr\/wp-json\/wp\/v2\/media\/5301"}],"wp:attachment":[{"href":"https:\/\/legitgrams.com\/fr\/wp-json\/wp\/v2\/media?parent=4221"}],"wp:term":[{"taxonomy":"product_brand","embeddable":true,"href":"https:\/\/legitgrams.com\/fr\/wp-json\/wp\/v2\/product_brand?post=4221"},{"taxonomy":"product_cat","embeddable":true,"href":"https:\/\/legitgrams.com\/fr\/wp-json\/wp\/v2\/product_cat?post=4221"},{"taxonomy":"product_tag","embeddable":true,"href":"https:\/\/legitgrams.com\/fr\/wp-json\/wp\/v2\/product_tag?post=4221"}],"curies":[{"name":"wp","href":"https:\/\/api.w.org\/{rel}","templated":true}]}}